{"id":1211,"date":"2025-05-20T07:32:07","date_gmt":"2025-05-20T07:32:07","guid":{"rendered":"https:\/\/wisecnclaser.com\/product\/dark-brown-jeans\/"},"modified":"2025-11-25T06:11:41","modified_gmt":"2025-11-25T06:11:41","slug":"hot-wire-foam-cutting-machine","status":"publish","type":"product","link":"https:\/\/wisecnclaser.com\/fr\/produit\/hot-wire-foam-cutting-machine\/","title":{"rendered":"WS1330 Machine de d\u00e9coupe de mousse EPS \u00e0 fil chaud"},"content":{"rendered":"<p><strong>Caract\u00e9ristiques de la machine de d\u00e9coupe de mousse eps \u00e0 fil chaud :<\/strong><\/p>\n<p>1. Cette machine adopte des blocs \u00e0 billes \u00e0 orbite carr\u00e9e, \u00e0 double rang\u00e9e et \u00e0 quatre colonnes. Grande capacit\u00e9 de roulement, fonctionnement r\u00e9gulier, haute pr\u00e9cision et longue dur\u00e9e de vie. Vis \u00e0 billes de haute pr\u00e9cision import\u00e9e, coupe pr\u00e9cise.<\/p>\n<p>2. La structure du tube carr\u00e9 est \u00e9paisse et ne se d\u00e9forme pas, la structure en acier et le soudage scientifique ne se d\u00e9forment pas dans l'ensemble.<\/p>\n<p>3. Adopte un c\u00e2ble tr\u00e8s souple, r\u00e9sistant \u00e0 la flexion. Et des composants \u00e9lectroniques durables import\u00e9s. La conception \u00e9lectronique de l'ensemble de la machine est conforme \u00e0 la norme europ\u00e9enne CE, avec un bo\u00eetier de commande s\u00e9par\u00e9 dot\u00e9 d'un syst\u00e8me de protection fiable.<\/p>\n<p>4. Syst\u00e8me de contr\u00f4le dsp facile \u00e0 apprendre<\/p>\n<p>5. le potentiel du moteur permet de r\u00e9aliser un usinage \u00e0 vitesse constante, les courbes et la synchronisation lin\u00e9aire, et la courbe est plus parfaite.<\/p>\n<p>6. moteur pas \u00e0 pas \u00e0 haute vitesse et entra\u00eenements, pour un fonctionnement constant et stable<\/p>\n<p><strong>Application de la machine \u00e0 d\u00e9couper la mousse eps :<\/strong><\/p>\n<p>utilis\u00e9 pour couper la mousse eps (polystyr\u00e8ne expans\u00e9), peut \u00eatre utilis\u00e9 pour les formes architecturales, les moulures de couronnes, les colonnes, les maquettes, les piliers, les m\u00e9daillons. Panneaux sandwich EPS et XPS pour la toiture et la construction. Emballages et maquettes, surveillance, drones, RC, ailes, noyaux et profils. Parcs \u00e0 th\u00e8me. A\u00e9rospatiale, d\u00e9partements d'architecture et de m\u00e9canique dans les universit\u00e9s et les coll\u00e8ges, enseignes monumentales, enseignes en 3D, logos, lettres, accessoires, prototypage, expositions mus\u00e9ales, salons professionnels Bateaux, planches de surf, cano\u00ebs et planches \u00e0 pagaie<\/p>\n<p><strong>\u00a0Param\u00e8tres techniques de la machine de d\u00e9coupe de mousse \u00e0 fil chaud WS1330 :<\/strong><\/p>\n<table border=\"1\">\n<tbody>\n<tr class=\"firstRow\">\n<td colspan=\"2\" valign=\"center\" width=\"662\"><\/td>\n<\/tr>\n<tr>\n<td valign=\"top\" width=\"208\">Zone de coupe<\/td>\n<td valign=\"top\" width=\"454\">Longueur 3000mm*largeur 1300mm*hauteur 1300mm<\/td>\n<\/tr>\n<tr>\n<td valign=\"top\" width=\"208\">Surface de la table<\/td>\n<td valign=\"top\" width=\"454\">Table en PVC<\/td>\n<\/tr>\n<tr>\n<td valign=\"top\" width=\"208\">Pr\u00e9cision du positionnement des d\u00e9placements<\/td>\n<td valign=\"top\" width=\"454\">\u00b10,03 mm<\/td>\n<\/tr>\n<tr>\n<td valign=\"top\" width=\"208\">Repositionnement Pr\u00e9cision du positionnement<\/td>\n<td valign=\"top\" width=\"454\">\u00b10,02 mm<\/td>\n<\/tr>\n<tr>\n<td valign=\"top\" width=\"208\">Dpi de travail<\/td>\n<td valign=\"top\" width=\"454\">\u00b10,04 mm<\/td>\n<\/tr>\n<tr>\n<td valign=\"top\" width=\"208\">Vitesse de rotation<\/td>\n<td valign=\"top\" width=\"454\">0-6000mm\/min<\/td>\n<\/tr>\n<tr>\n<td valign=\"top\" width=\"208\">Structure de la machine<\/td>\n<td valign=\"top\" width=\"454\">Acier soud\u00e9 \u00e9pais<\/td>\n<\/tr>\n<tr>\n<td valign=\"top\" width=\"208\">Commandement<\/td>\n<td valign=\"top\" width=\"454\">G-code*.u00*.mmg*.plt<\/td>\n<\/tr>\n<tr>\n<td valign=\"top\" width=\"208\">Tension de fonctionnement<\/td>\n<td valign=\"top\" width=\"454\">AC220V\/20HZ<\/td>\n<\/tr>\n<tr>\n<td valign=\"top\" width=\"208\">Poids avec emballage<\/td>\n<td valign=\"top\" width=\"454\">850KGS<\/td>\n<\/tr>\n<tr>\n<td valign=\"top\" width=\"208\">Taille de l'emballage<\/td>\n<td valign=\"top\" width=\"454\">1.6*3.9*1.4M<\/td>\n<\/tr>\n<tr>\n<td valign=\"top\" width=\"208\">Syst\u00e8me de contr\u00f4le<\/td>\n<td valign=\"top\" width=\"454\">Dsp hors ligne ou Mach3<\/td>\n<\/tr>\n<tr>\n<td valign=\"top\" width=\"208\">Rail de guidage<\/td>\n<td valign=\"top\" width=\"454\">Guide carr\u00e9<\/td>\n<\/tr>\n<tr>\n<td valign=\"top\" width=\"208\">Humidit\u00e9<\/td>\n<td valign=\"top\" width=\"454\">10%-90%(sans condensation)<\/td>\n<\/tr>\n<tr>\n<td valign=\"top\" width=\"208\">Temp\u00e9rature<\/td>\n<td valign=\"top\" width=\"454\">10-50\u2103<\/td>\n<\/tr>\n<tr>\n<td valign=\"top\" width=\"208\">Bo\u00eete de vitesses<\/td>\n<td valign=\"top\" width=\"454\">Petite bo\u00eete de vitesses<\/td>\n<\/tr>\n<tr>\n<td valign=\"top\" width=\"208\">Transmission<\/td>\n<td valign=\"top\" width=\"454\">Vis \u00e0 bille<\/td>\n<\/tr>\n<tr>\n<td valign=\"top\" width=\"208\">Poids net<\/td>\n<td valign=\"top\" width=\"454\">600KGS<\/td>\n<\/tr>\n<tr>\n<td valign=\"top\" width=\"208\">R\u00e9gulateur<\/td>\n<td valign=\"top\" width=\"454\">1000W<\/td>\n<\/tr>\n<tr>\n<td valign=\"top\" width=\"208\">Remarque<\/td>\n<td valign=\"top\" width=\"454\">\u00c9conomique<\/td>\n<\/tr>\n<tr>\n<td valign=\"top\" width=\"208\">Roue synchrone x,y<\/td>\n<td valign=\"top\" width=\"454\">5M,1:5<\/td>\n<\/tr>\n<tr>\n<td valign=\"top\" width=\"208\">Courroie synchrone<\/td>\n<td valign=\"top\" width=\"454\">5M-285<\/td>\n<\/tr>\n<tr>\n<td valign=\"top\" width=\"208\">Roue synchrone Z<\/td>\n<td valign=\"top\" width=\"454\">5M 20 roue<\/td>\n<\/tr>\n<tr>\n<td valign=\"top\" width=\"208\">Roue dent\u00e9e<\/td>\n<td valign=\"top\" width=\"454\">YCAA670<\/td>\n<\/tr>\n<tr>\n<td valign=\"top\" width=\"208\">Arbre de transmission<\/td>\n<td valign=\"top\" width=\"454\">93<\/td>\n<\/tr>\n<tr>\n<td valign=\"top\" width=\"208\">Bo\u00eete de contr\u00f4le<\/td>\n<td valign=\"top\" width=\"454\">S\u00e9par\u00e9<\/td>\n<\/tr>\n<tr>\n<td valign=\"top\" width=\"208\">Logiciel<\/td>\n<td valign=\"top\" width=\"454\">CAXA CAD<\/td>\n<\/tr>\n<\/tbody>\n<\/table>\n<p><strong>Avantages de la machine de d\u00e9coupe de mousse par fil chaud de jinan wise cnc laser machinery co, ltd.<\/strong><\/p>\n<p>1,Le syst\u00e8me de contr\u00f4le a \u00e9t\u00e9 \u00e9tudi\u00e9 par notre propre entreprise, m\u00eame les personnes n'ayant pas de connaissances en informatique ou d'exp\u00e9rience en dessin CAO peuvent, apr\u00e8s un ou deux jours de formation, utiliser l'appareil par elles-m\u00eames.<br \/>\n2,Le logiciel de d\u00e9coupe est compatible avec les dessins CAXA et AUTOCAD. Il n'y a pas besoin de contre-dessin ni de programmation. Une fois le fichier saisi, la machine peut terminer la d\u00e9coupe facilement.<\/p>\n<p>3. le syst\u00e8me de transmission adopte une vis \u00e0 billes de Taiwan, qui fonctionne avec un faible bruit et un petit \u00e9cart. C'est beaucoup mieux que les autres entreprises qui utilisent des cha\u00eenes et des cr\u00e9maill\u00e8res ou des vis \u00e0 filetage commun.<\/p>\n<p>4. le dispositif anti-poussi\u00e8re et l'ensemble de la machine adoptent un grand dispositif de fraisage \u00e0 commande num\u00e9rique, ce qui permet de traiter les d\u00e9tails de la machine avec le plus grand soin.<\/p>\n<div class=\"ast-oembed-container\" style=\"height: 100%;\"><iframe title=\"Machine de d\u00e9coupe de mousse \u00e0 fil chaud 3d eps styrofoam foam cnc hot wire cutter jinan wise cnc #foamcutter\" width=\"500\" height=\"281\" src=\"https:\/\/www.youtube.com\/embed\/j0dbAMKw2Pw?feature=oembed\" frameborder=\"0\" allow=\"accelerometer; autoplay; clipboard-write; encrypted-media; gyroscope; picture-in-picture; web-share\" referrerpolicy=\"strict-origin-when-cross-origin\" allowfullscreen><\/iframe><\/div>\n<p>&nbsp;<\/p>","protected":false},"excerpt":{"rendered":"<p><strong>Caract\u00e9ristiques de la machine de d\u00e9coupe de mousse eps \u00e0 fil chaud :<\/strong><\/p>\n<p>1. Cette machine adopte des blocs \u00e0 billes \u00e0 orbite carr\u00e9e, \u00e0 double rang\u00e9e et \u00e0 quatre colonnes. Grande capacit\u00e9 de roulement, fonctionnement r\u00e9gulier, haute pr\u00e9cision et longue dur\u00e9e de vie. Vis \u00e0 billes de haute pr\u00e9cision import\u00e9e, coupe pr\u00e9cise.<\/p>\n<p>2. La structure du tube carr\u00e9 est \u00e9paisse et ne se d\u00e9forme pas, la structure en acier et le soudage scientifique ne se d\u00e9forment pas dans l'ensemble.<\/p>\n<p>3. Adopte un c\u00e2ble tr\u00e8s souple, r\u00e9sistant \u00e0 la flexion. Et des composants \u00e9lectroniques durables import\u00e9s. La conception \u00e9lectronique de l'ensemble de la machine est conforme \u00e0 la norme europ\u00e9enne CE, avec un bo\u00eetier de commande s\u00e9par\u00e9 dot\u00e9 d'un syst\u00e8me de protection fiable.<\/p>\n<p>4. Syst\u00e8me de contr\u00f4le dsp facile \u00e0 apprendre<\/p>\n<p>5. le potentiel du moteur permet de r\u00e9aliser un usinage \u00e0 vitesse constante, les courbes et la synchronisation lin\u00e9aire, et la courbe est plus parfaite.<\/p>\n<p>6. moteur pas \u00e0 pas \u00e0 haute vitesse et entra\u00eenements, pour un fonctionnement constant et stable<\/p>","protected":false},"featured_media":3446,"template":"","meta":{"_seopress_robots_primary_cat":"none","_seopress_titles_title":"","_seopress_titles_desc":"","_seopress_robots_index":"","_uag_custom_page_level_css":"","site-sidebar-layout":"default","site-content-layout":"default","ast-site-content-layout":"default","site-content-style":"default","site-sidebar-style":"default","ast-global-header-display":"","ast-banner-title-visibility":"","ast-main-header-display":"","ast-hfb-above-header-display":"","ast-hfb-below-header-display":"","ast-hfb-mobile-header-display":"","site-post-title":"","ast-breadcrumbs-content":"","ast-featured-img":"","footer-sml-layout":"","ast-disable-related-posts":"","theme-transparent-header-meta":"default","adv-header-id-meta":"","stick-header-meta":"default","header-above-stick-meta":"","header-main-stick-meta":"","header-below-stick-meta":"","astra-migrate-meta-layouts":"set","ast-page-background-enabled":"default","ast-page-background-meta":{"desktop":{"background-color":"","background-image":"","background-repeat":"repeat","background-position":"center center","background-size":"auto","background-attachment":"scroll","background-type":"","background-media":"","overlay-type":"","overlay-color":"","overlay-opacity":"","overlay-gradient":""},"tablet":{"background-color":"","background-image":"","background-repeat":"repeat","background-position":"center center","background-size":"auto","background-attachment":"scroll","background-type":"","background-media":"","overlay-type":"","overlay-color":"","overlay-opacity":"","overlay-gradient":""},"mobile":{"background-color":"","background-image":"","background-repeat":"repeat","background-position":"center center","background-size":"auto","background-attachment":"scroll","background-type":"","background-media":"","overlay-type":"","overlay-color":"","overlay-opacity":"","overlay-gradient":""}},"ast-content-background-meta":{"desktop":{"background-color":"var(--ast-global-color-5)","background-image":"","background-repeat":"repeat","background-position":"center center","background-size":"auto","background-attachment":"scroll","background-type":"","background-media":"","overlay-type":"","overlay-color":"","overlay-opacity":"","overlay-gradient":""},"tablet":{"background-color":"var(--ast-global-color-5)","background-image":"","background-repeat":"repeat","background-position":"center center","background-size":"auto","background-attachment":"scroll","background-type":"","background-media":"","overlay-type":"","overlay-color":"","overlay-opacity":"","overlay-gradient":""},"mobile":{"background-color":"var(--ast-global-color-5)","background-image":"","background-repeat":"repeat","background-position":"center center","background-size":"auto","background-attachment":"scroll","background-type":"","background-media":"","overlay-type":"","overlay-color":"","overlay-opacity":"","overlay-gradient":""}}},"product_brand":[],"product_cat":[43],"product_tag":[86,108,109,110,112,107,106,88,111],"class_list":{"0":"post-1211","1":"product","2":"type-product","3":"status-publish","4":"has-post-thumbnail","6":"product_cat-foam","7":"product_tag-3d-foam-cutting-machine","8":"product_tag-4-axis-hot-wire-foam-cutting-machine","9":"product_tag-5-axis-hot-wire-foam-cutter","10":"product_tag-eps-foam-cutting-machine","11":"product_tag-foam-cnc-machine","12":"product_tag-foam-cutting-machine","13":"product_tag-hot-wire-foam-cutter","14":"product_tag-hot-wire-foam-cutting-machine","15":"product_tag-styrofoam-cutting-machine","16":"desktop-align-left","17":"tablet-align-left","18":"mobile-align-left","19":"ast-product-gallery-layout-horizontal-slider","20":"ast-product-tabs-layout-horizontal","22":"first","23":"instock","24":"featured","25":"shipping-taxable","26":"purchasable","27":"product-type-simple"},"uagb_featured_image_src":{"full":["https:\/\/wisecnclaser.com\/wp-content\/uploads\/2025\/05\/3c0c618f161a1f0348350334476b28a9.jpg",800,800,false],"thumbnail":["https:\/\/wisecnclaser.com\/wp-content\/uploads\/2025\/05\/3c0c618f161a1f0348350334476b28a9-150x150.jpg",150,150,true],"medium":["https:\/\/wisecnclaser.com\/wp-content\/uploads\/2025\/05\/3c0c618f161a1f0348350334476b28a9-300x300.jpg",300,300,true],"medium_large":["https:\/\/wisecnclaser.com\/wp-content\/uploads\/2025\/05\/3c0c618f161a1f0348350334476b28a9-768x768.jpg",768,768,true],"large":["https:\/\/wisecnclaser.com\/wp-content\/uploads\/2025\/05\/3c0c618f161a1f0348350334476b28a9.jpg",800,800,false],"1536x1536":["https:\/\/wisecnclaser.com\/wp-content\/uploads\/2025\/05\/3c0c618f161a1f0348350334476b28a9.jpg",800,800,false],"2048x2048":["https:\/\/wisecnclaser.com\/wp-content\/uploads\/2025\/05\/3c0c618f161a1f0348350334476b28a9.jpg",800,800,false],"trp-custom-language-flag":["https:\/\/wisecnclaser.com\/wp-content\/uploads\/2025\/05\/3c0c618f161a1f0348350334476b28a9-12x12.jpg",12,12,true],"woocommerce_thumbnail":["https:\/\/wisecnclaser.com\/wp-content\/uploads\/2025\/05\/3c0c618f161a1f0348350334476b28a9-300x300.jpg",300,300,true],"woocommerce_single":["https:\/\/wisecnclaser.com\/wp-content\/uploads\/2025\/05\/3c0c618f161a1f0348350334476b28a9-600x600.jpg",600,600,true],"woocommerce_gallery_thumbnail":["https:\/\/wisecnclaser.com\/wp-content\/uploads\/2025\/05\/3c0c618f161a1f0348350334476b28a9-100x100.jpg",100,100,true]},"uagb_author_info":{"display_name":"jinxing6611@gmail.com","author_link":"https:\/\/wisecnclaser.com\/fr\/author\/"},"uagb_comment_info":0,"uagb_excerpt":"Features of hot wire eps foam cutting machine: 1. This machine adopts square orbit, double rows and four columns ball blocks. Large\u00a0bearing capacity, running smoothly, high precision and long life. Imported high precision\u00a0Ball screw, cutting accurate. 2. Whole thick Square tube structure and not deformation, Steel structure and scientific\u00a0welding, not deformation overall. 3. Adopts highly\u2026","_links":{"self":[{"href":"https:\/\/wisecnclaser.com\/fr\/wp-json\/wp\/v2\/product\/1211","targetHints":{"allow":["GET"]}}],"collection":[{"href":"https:\/\/wisecnclaser.com\/fr\/wp-json\/wp\/v2\/product"}],"about":[{"href":"https:\/\/wisecnclaser.com\/fr\/wp-json\/wp\/v2\/types\/product"}],"wp:featuredmedia":[{"embeddable":true,"href":"https:\/\/wisecnclaser.com\/fr\/wp-json\/wp\/v2\/media\/3446"}],"wp:attachment":[{"href":"https:\/\/wisecnclaser.com\/fr\/wp-json\/wp\/v2\/media?parent=1211"}],"wp:term":[{"taxonomy":"product_brand","embeddable":true,"href":"https:\/\/wisecnclaser.com\/fr\/wp-json\/wp\/v2\/product_brand?post=1211"},{"taxonomy":"product_cat","embeddable":true,"href":"https:\/\/wisecnclaser.com\/fr\/wp-json\/wp\/v2\/product_cat?post=1211"},{"taxonomy":"product_tag","embeddable":true,"href":"https:\/\/wisecnclaser.com\/fr\/wp-json\/wp\/v2\/product_tag?post=1211"}],"curies":[{"name":"wp","href":"https:\/\/api.w.org\/{rel}","templated":true}]}}