{"id":1215,"date":"2025-05-20T07:32:08","date_gmt":"2025-05-20T07:32:08","guid":{"rendered":"https:\/\/wisecnclaser.com\/product\/dnk-black-shoes\/"},"modified":"2025-05-23T02:51:16","modified_gmt":"2025-05-23T02:51:16","slug":"dnk-black-shoes","status":"publish","type":"product","link":"https:\/\/wisecnclaser.com\/fr\/produit\/dnk-black-shoes\/","title":{"rendered":"WS1625 Machine de coupe textile \u00e0 plat \u00e0 alimentation automatique"},"content":{"rendered":"<p><strong>Application de la machine de d\u00e9coupe textile \u00e0 plat :<\/strong><\/p>\n<p>Principalement pour la d\u00e9coupe de textiles domestiques tels que canap\u00e9s, rideaux, tapis, cuir, toile, v\u00eatements, pvc, peut d\u00e9couper des mat\u00e9riaux en rouleau.<\/p>\n<p><strong>Mat\u00e9riaux de coupe :<\/strong>\u00a0tissu, banni\u00e8re, textile tricot\u00e9, pvc gonflable, toile, polyester, tissu \u00e9lastique, rembourrage, v\u00eatement, cuir, flanelle de tonte de mouton, textile UV, fibre de carbone, aramide, fibre de verre, banni\u00e8re \u00e0 banderoles, tissus pour drapeaux, tissus r\u00e9sistants \u00e0 la lumi\u00e8re et autres types de textiles.<\/p>\n<table border=\"1\">\n<tbody>\n<tr class=\"firstRow\">\n<td colspan=\"2\" valign=\"center\" width=\"662\"><strong>Technique<\/strong><strong>\u00a0Param\u00e8tres de WS1625\u00a0<\/strong><strong>Auto<\/strong><strong>\u00a0Alimentation de la machine de d\u00e9coupe textile \u00e0 plat :<\/strong><\/td>\n<\/tr>\n<tr>\n<td valign=\"top\" width=\"158\">X taille de travail<\/td>\n<td valign=\"top\" width=\"504\">1600mm<\/td>\n<\/tr>\n<tr>\n<td valign=\"top\" width=\"158\">Y taille de travail<\/td>\n<td valign=\"top\" width=\"504\">2500mm<\/td>\n<\/tr>\n<tr>\n<td valign=\"top\" width=\"158\">Z taille de travail<\/td>\n<td valign=\"top\" width=\"504\">10 mm<\/td>\n<\/tr>\n<tr>\n<td valign=\"top\" width=\"158\">T\u00eate de coupe<\/td>\n<td valign=\"top\" width=\"504\">t\u00eate de coupe \u00e0 couteau rond cnc<\/td>\n<\/tr>\n<tr>\n<td valign=\"top\" width=\"158\">Chargement et d\u00e9chargement des mat\u00e9riaux<\/td>\n<td valign=\"top\" width=\"504\">Avec table de transport pour d\u00e9charger automatiquement les mat\u00e9riaux textiles, et dispositif d'alimentation automatique pour charger les rouleaux de tissu.<\/td>\n<\/tr>\n<tr>\n<td valign=\"top\" width=\"158\">Table de machine<\/td>\n<td valign=\"top\" width=\"504\">Table d'aspiration \u00e0 soufflet en aluminium avec 9 zones d'aspiration<\/td>\n<\/tr>\n<tr>\n<td valign=\"top\" width=\"158\">Mode de transfert des donn\u00e9es<\/td>\n<td valign=\"top\" width=\"504\">Intel<\/td>\n<\/tr>\n<tr>\n<td valign=\"top\" width=\"158\">Pompe \u00e0 vide<\/td>\n<td valign=\"top\" width=\"504\">Pompe \u00e0 vide pneumatique 9KW<\/td>\n<\/tr>\n<tr>\n<td valign=\"top\" width=\"158\">Syst\u00e8me de conduite<\/td>\n<td valign=\"top\" width=\"504\">Servomoteur et moteur delta de Ta\u00efwan<\/td>\n<\/tr>\n<tr>\n<td valign=\"top\" width=\"158\">Syst\u00e8me de contr\u00f4le<\/td>\n<td valign=\"top\" width=\"504\">Syst\u00e8me de contr\u00f4le RD<\/td>\n<\/tr>\n<tr>\n<td valign=\"top\" width=\"158\">Syst\u00e8me de guidage<\/td>\n<td valign=\"top\" width=\"504\">Rail carr\u00e9 TBI de Ta\u00efwan<\/td>\n<\/tr>\n<tr>\n<td valign=\"top\" width=\"158\">Capteur d'outil<\/td>\n<td valign=\"top\" width=\"504\">Avec, point rouge<\/td>\n<\/tr>\n<tr>\n<td valign=\"top\" width=\"158\">Transmission<\/td>\n<td valign=\"top\" width=\"504\">Pignon \u00e0 cr\u00e9maill\u00e8re Y, courroie en acier synchrone XZ<\/td>\n<\/tr>\n<tr>\n<td valign=\"top\" width=\"158\">Vitesse de coupe<\/td>\n<td valign=\"top\" width=\"504\">30m\/min<\/td>\n<\/tr>\n<tr>\n<td valign=\"top\" width=\"158\">Vitesse de d\u00e9placement<\/td>\n<td valign=\"top\" width=\"504\">50m\/min<\/td>\n<\/tr>\n<tr>\n<td valign=\"center\" width=\"158\">Poids<\/td>\n<td valign=\"top\" width=\"504\">Environ 1300 kg<\/td>\n<\/tr>\n<tr>\n<td valign=\"top\" width=\"158\">Taille<\/td>\n<td valign=\"top\" width=\"504\">2250*3300*1650mm<\/td>\n<\/tr>\n<tr>\n<td valign=\"top\" width=\"158\">Puissance<\/td>\n<td valign=\"top\" width=\"504\">380V 50HZ<\/td>\n<\/tr>\n<tr>\n<td valign=\"top\" width=\"158\">Logiciel<\/td>\n<td valign=\"top\" width=\"504\">vcutworks, la machine a ce logiciel, supporte les fichiers de format dxf, plt<\/td>\n<\/tr>\n<\/tbody>\n<\/table>\n<p><strong>\u00a0Caract\u00e9ristiques de la machine \u00e0 couper les couteaux vibrants CNC \u00e0 alimentation automatique avec table de transport<\/strong><\/p>\n<p>1. la machine de d\u00e9coupe \u00e0 couteau vibrant est utilis\u00e9e pour la d\u00e9coupe de textiles de canap\u00e9s et d'int\u00e9rieurs de voitures, de coussins de si\u00e8ges de voitures, d'emballages, d'appareils \u00e9lectroniques, de pr\u00e9sentoirs, etc. Les excellentes performances du produit et le service apr\u00e8s-vente ont \u00e9t\u00e9 v\u00e9rifi\u00e9s par des milliers de clients dans le pays et \u00e0 l'\u00e9tranger.<\/p>\n<p>2. la machine combine toutes les fonctions en une seule : mise en page automatique, cr\u00e9ation de lignes, dessin, rainage, poin\u00e7onnage, coupe \u00e0 mi-couteau, coupe \u00e0 plein couteau. R\u00e9duction des co\u00fbts de main-d'\u0153uvre et des co\u00fbts des mat\u00e9riaux ; am\u00e9lioration globale des capacit\u00e9s de production et de gestion.<\/p>\n<p>&nbsp;<\/p>\n<p>3.Int\u00e9grer le mode de fonctionnement manuel traditionnel dans la conception informatis\u00e9e efficace et pr\u00e9cise, qui r\u00e9alise la num\u00e9risation et la conception graphique, est facile \u00e0 apprendre et \u00e0 utiliser, et poss\u00e8de des fonctions riches et puissantes, qui peuvent am\u00e9liorer efficacement l'efficacit\u00e9 et la pr\u00e9cision de la conception et de la production.<\/p>","protected":false},"excerpt":{"rendered":"<p><strong>Application de la machine de d\u00e9coupe textile \u00e0 plat :<\/strong><\/p>\n<p>Principalement pour la d\u00e9coupe de textiles domestiques tels que canap\u00e9s, rideaux, tapis, cuir, toile, v\u00eatements, pvc, peut d\u00e9couper des mat\u00e9riaux en rouleau.<\/p>\n<p><strong>Mat\u00e9riaux de coupe :<\/strong>\u00a0tissu, banni\u00e8re, textile tricot\u00e9, pvc gonflable, toile, polyester, tissu \u00e9lastique, rembourrage, v\u00eatement, cuir, flanelle de tonte de mouton, textile UV, fibre de carbone, aramide, fibre de verre, banni\u00e8re \u00e0 banderoles, tissus pour drapeaux, tissus r\u00e9sistants \u00e0 la lumi\u00e8re et autres types de textiles.<\/p>","protected":false},"featured_media":3472,"template":"","meta":{"_seopress_robots_primary_cat":"none","_seopress_titles_title":"","_seopress_titles_desc":"","_seopress_robots_index":"","_uag_custom_page_level_css":"","site-sidebar-layout":"default","site-content-layout":"default","ast-site-content-layout":"default","site-content-style":"default","site-sidebar-style":"default","ast-global-header-display":"","ast-banner-title-visibility":"","ast-main-header-display":"","ast-hfb-above-header-display":"","ast-hfb-below-header-display":"","ast-hfb-mobile-header-display":"","site-post-title":"","ast-breadcrumbs-content":"","ast-featured-img":"","footer-sml-layout":"","ast-disable-related-posts":"","theme-transparent-header-meta":"default","adv-header-id-meta":"","stick-header-meta":"default","header-above-stick-meta":"","header-main-stick-meta":"","header-below-stick-meta":"","astra-migrate-meta-layouts":"set","ast-page-background-enabled":"default","ast-page-background-meta":{"desktop":{"background-color":"","background-image":"","background-repeat":"repeat","background-position":"center center","background-size":"auto","background-attachment":"scroll","background-type":"","background-media":"","overlay-type":"","overlay-color":"","overlay-opacity":"","overlay-gradient":""},"tablet":{"background-color":"","background-image":"","background-repeat":"repeat","background-position":"center center","background-size":"auto","background-attachment":"scroll","background-type":"","background-media":"","overlay-type":"","overlay-color":"","overlay-opacity":"","overlay-gradient":""},"mobile":{"background-color":"","background-image":"","background-repeat":"repeat","background-position":"center center","background-size":"auto","background-attachment":"scroll","background-type":"","background-media":"","overlay-type":"","overlay-color":"","overlay-opacity":"","overlay-gradient":""}},"ast-content-background-meta":{"desktop":{"background-color":"var(--ast-global-color-5)","background-image":"","background-repeat":"repeat","background-position":"center center","background-size":"auto","background-attachment":"scroll","background-type":"","background-media":"","overlay-type":"","overlay-color":"","overlay-opacity":"","overlay-gradient":""},"tablet":{"background-color":"var(--ast-global-color-5)","background-image":"","background-repeat":"repeat","background-position":"center center","background-size":"auto","background-attachment":"scroll","background-type":"","background-media":"","overlay-type":"","overlay-color":"","overlay-opacity":"","overlay-gradient":""},"mobile":{"background-color":"var(--ast-global-color-5)","background-image":"","background-repeat":"repeat","background-position":"center center","background-size":"auto","background-attachment":"scroll","background-type":"","background-media":"","overlay-type":"","overlay-color":"","overlay-opacity":"","overlay-gradient":""}}},"product_brand":[],"product_cat":[21],"product_tag":[],"class_list":{"0":"post-1215","1":"product","2":"type-product","3":"status-publish","4":"has-post-thumbnail","6":"product_cat-oscillating","7":"desktop-align-left","8":"tablet-align-left","9":"mobile-align-left","10":"ast-product-gallery-layout-horizontal-slider","11":"ast-product-tabs-layout-horizontal","13":"first","14":"instock","15":"featured","16":"shipping-taxable","17":"purchasable","18":"product-type-simple"},"uagb_featured_image_src":{"full":["https:\/\/wisecnclaser.com\/wp-content\/uploads\/2025\/05\/8b6d95ef34760ce91855ca1047664f3a.jpg",700,700,false],"thumbnail":["https:\/\/wisecnclaser.com\/wp-content\/uploads\/2025\/05\/8b6d95ef34760ce91855ca1047664f3a-150x150.jpg",150,150,true],"medium":["https:\/\/wisecnclaser.com\/wp-content\/uploads\/2025\/05\/8b6d95ef34760ce91855ca1047664f3a-300x300.jpg",300,300,true],"medium_large":["https:\/\/wisecnclaser.com\/wp-content\/uploads\/2025\/05\/8b6d95ef34760ce91855ca1047664f3a.jpg",700,700,false],"large":["https:\/\/wisecnclaser.com\/wp-content\/uploads\/2025\/05\/8b6d95ef34760ce91855ca1047664f3a.jpg",700,700,false],"1536x1536":["https:\/\/wisecnclaser.com\/wp-content\/uploads\/2025\/05\/8b6d95ef34760ce91855ca1047664f3a.jpg",700,700,false],"2048x2048":["https:\/\/wisecnclaser.com\/wp-content\/uploads\/2025\/05\/8b6d95ef34760ce91855ca1047664f3a.jpg",700,700,false],"trp-custom-language-flag":["https:\/\/wisecnclaser.com\/wp-content\/uploads\/2025\/05\/8b6d95ef34760ce91855ca1047664f3a-12x12.jpg",12,12,true],"woocommerce_thumbnail":["https:\/\/wisecnclaser.com\/wp-content\/uploads\/2025\/05\/8b6d95ef34760ce91855ca1047664f3a-300x300.jpg",300,300,true],"woocommerce_single":["https:\/\/wisecnclaser.com\/wp-content\/uploads\/2025\/05\/8b6d95ef34760ce91855ca1047664f3a-600x600.jpg",600,600,true],"woocommerce_gallery_thumbnail":["https:\/\/wisecnclaser.com\/wp-content\/uploads\/2025\/05\/8b6d95ef34760ce91855ca1047664f3a-100x100.jpg",100,100,true]},"uagb_author_info":{"display_name":"jinxing6611@gmail.com","author_link":"https:\/\/wisecnclaser.com\/fr\/author\/"},"uagb_comment_info":0,"uagb_excerpt":"Application of textile cutting flatbed machine: Mainly for home textile cutting such as sofa, curtain, carpet. leather, canvas, garment clothes, pvc cutting, can cut roll material Cutting Materials:\u00a0fabric, banner, woven knitted textile, inflatable pvc, canvas, polyester, elastic fabric, upholstery, garment, leather, sheep shearing flannel, UV textile, carbon fiber, aramid, glass fiber, streamer banner, flag fabrics,\u2026","_links":{"self":[{"href":"https:\/\/wisecnclaser.com\/fr\/wp-json\/wp\/v2\/product\/1215","targetHints":{"allow":["GET"]}}],"collection":[{"href":"https:\/\/wisecnclaser.com\/fr\/wp-json\/wp\/v2\/product"}],"about":[{"href":"https:\/\/wisecnclaser.com\/fr\/wp-json\/wp\/v2\/types\/product"}],"wp:featuredmedia":[{"embeddable":true,"href":"https:\/\/wisecnclaser.com\/fr\/wp-json\/wp\/v2\/media\/3472"}],"wp:attachment":[{"href":"https:\/\/wisecnclaser.com\/fr\/wp-json\/wp\/v2\/media?parent=1215"}],"wp:term":[{"taxonomy":"product_brand","embeddable":true,"href":"https:\/\/wisecnclaser.com\/fr\/wp-json\/wp\/v2\/product_brand?post=1215"},{"taxonomy":"product_cat","embeddable":true,"href":"https:\/\/wisecnclaser.com\/fr\/wp-json\/wp\/v2\/product_cat?post=1215"},{"taxonomy":"product_tag","embeddable":true,"href":"https:\/\/wisecnclaser.com\/fr\/wp-json\/wp\/v2\/product_tag?post=1215"}],"curies":[{"name":"wp","href":"https:\/\/api.w.org\/{rel}","templated":true}]}}