{"id":3477,"date":"2025-05-22T13:41:37","date_gmt":"2025-05-22T13:41:37","guid":{"rendered":"https:\/\/wisecnclaser.com\/?post_type=product&#038;p=3477"},"modified":"2025-05-23T02:51:31","modified_gmt":"2025-05-23T02:51:31","slug":"ws1625-cnc-flatbed-cutter-plotter-for-carton-box-sample-making","status":"publish","type":"product","link":"https:\/\/wisecnclaser.com\/fr\/produit\/ws1625-cnc-flatbed-cutter-plotter-for-carton-box-sample-making\/","title":{"rendered":"WS1625 CNC Flatbed Cutter Plotter pour la fabrication d'\u00e9chantillons de bo\u00eetes en carton"},"content":{"rendered":"<p><strong>Application de la machine de d\u00e9coupe de carton \u00e0 plat :<\/strong><\/p>\n<p>Principalement pour la fabrication de bo\u00eetes en carton, d'emballages en carton, pour le traitement du carton ondul\u00e9 \u00e0 double et triple paroi, appliqu\u00e9 \u00e0 la fabrication de bo\u00eetes en carton.<\/p>\n<p><strong>Mat\u00e9riaux de coupe :\u00a0<\/strong>carton ondul\u00e9, carton papier, carton ondul\u00e9 en plastique, carton alv\u00e9ol\u00e9, carte en papier<\/p>\n<p><strong>M\u00e9thode de travail :<\/strong><\/p>\n<p>Le fichier graphique est trait\u00e9 par un logiciel professionnel, le fichier graphique comprend le type de ligne d'indentation et le type de ligne de coupe (papier ondul\u00e9\/carton\/papier film) requis pour l'\u00e9chantillon de bo\u00eete r\u00e9el, et peut \u00e9galement inclure des dimensions, des annotations de documents, etc. (carton\/papier film) Etc.), selon les besoins r\u00e9els, installez diff\u00e9rents outils de coupe\/meules de grossissement\/outils de dessin, et envoyez-les \u00e0 la machine de tra\u00e7age \u00e0 plat dans un certain format via le r\u00e9seau ou la ligne de donn\u00e9es, et la machine reconna\u00eetra automatiquement les diff\u00e9rents types de lignes dans les graphiques et s\u00e9lectionnera les lignes correspondantes. L'outil (couteau vibrant\/meule \u00e0 d\u00e9couper\/stylo) est r\u00e9gl\u00e9 en fonction des param\u00e8tres correspondants, tels que la vitesse de travail, le type d'outil, la profondeur de coupe de la lame, la profondeur de l'empreinte, etc. pour r\u00e9aliser l'\u00e9chantillon ou le dessin de la bo\u00eete.<\/p>\n<p><strong>Outils n\u00e9cessaires :<\/strong><\/p>\n<p>&nbsp;<\/p>\n<p>T\u00eate de coupe vibrante : d\u00e9coupe du carton ondul\u00e9, de l'EVA, du coton perl\u00e9, du carton mousse, etc.<\/p>\n<p>T\u00eate plate : D\u00e9coupe du carton ondul\u00e9 E-pit, F-pit et du carton gris.<\/p>\n<p>Roue de sertissage : ligne de rainage du carton ondul\u00e9.<\/p>\n<p>Petite t\u00eate de coupe : d\u00e9coupe de papier cartonn\u00e9.<\/p>\n<p>Stylo : Dessinez une carte de d\u00e9.<\/p>\n<p>Certaines machines d'\u00e9tuvage de cartons sont \u00e9galement \u00e9quip\u00e9es de : t\u00eate de d\u00e9coupe du gabarit du couteau, t\u00eate de d\u00e9coupe du fond de moule, t\u00eate de d\u00e9coupe de la rainure en V.<\/p>\n<p>&nbsp;<\/p>\n<table border=\"1\">\n<tbody>\n<tr class=\"firstRow\">\n<td colspan=\"2\" valign=\"center\" width=\"662\"><strong>Technique<\/strong><strong>\u00a0<\/strong><strong>Param\u00e8tres de WS1625\u00a0<\/strong><strong>Plate-forme<\/strong><strong>\u00a0Traceur de d\u00e9coupe pour la fabrication de bo\u00eetes en carton :<\/strong><\/td>\n<\/tr>\n<tr>\n<td valign=\"top\" width=\"158\">X taille de travail<\/td>\n<td valign=\"top\" width=\"504\">1550mm<\/td>\n<\/tr>\n<tr>\n<td valign=\"top\" width=\"158\">Y taille de travail<\/td>\n<td valign=\"top\" width=\"504\">2500mm<\/td>\n<\/tr>\n<tr>\n<td valign=\"top\" width=\"158\">Z taille de travail<\/td>\n<td valign=\"top\" width=\"504\">10 mm<\/td>\n<\/tr>\n<tr>\n<td valign=\"top\" width=\"158\">T\u00eate de coupe<\/td>\n<td valign=\"top\" width=\"504\">T\u00eate de coupe \u00e0 couteau oscillant cnc+Molette de d\u00e9grossissage<\/td>\n<\/tr>\n<tr>\n<td valign=\"top\" width=\"158\">Mode d'affichage<\/td>\n<td valign=\"top\" width=\"504\">\u00c9cran tactile LED en anglais<\/td>\n<\/tr>\n<tr>\n<td valign=\"top\" width=\"158\">Table de machine<\/td>\n<td valign=\"top\" width=\"504\">Table d'aspiration \u00e0 soufflet en aluminium avec 9 zones d'aspiration<\/td>\n<\/tr>\n<tr>\n<td valign=\"top\" width=\"158\">Mode de transfert des donn\u00e9es<\/td>\n<td valign=\"top\" width=\"504\">Intel<\/td>\n<\/tr>\n<tr>\n<td valign=\"top\" width=\"158\">Pompe \u00e0 vide<\/td>\n<td valign=\"top\" width=\"504\">Pompe \u00e0 vide pneumatique 9KW<\/td>\n<\/tr>\n<tr>\n<td valign=\"top\" width=\"158\">Syst\u00e8me de conduite<\/td>\n<td valign=\"top\" width=\"504\">Servomoteur et moteur delta de Ta\u00efwan<\/td>\n<\/tr>\n<tr>\n<td valign=\"top\" width=\"158\">Syst\u00e8me de contr\u00f4le<\/td>\n<td valign=\"top\" width=\"504\">Syst\u00e8me de contr\u00f4le RD<\/td>\n<\/tr>\n<tr>\n<td valign=\"top\" width=\"158\">Syst\u00e8me de guidage<\/td>\n<td valign=\"top\" width=\"504\">Rail carr\u00e9 TBI de Ta\u00efwan<\/td>\n<\/tr>\n<tr>\n<td valign=\"top\" width=\"158\">Capteur d'outil<\/td>\n<td valign=\"top\" width=\"504\">Avec, point rouge<\/td>\n<\/tr>\n<tr>\n<td valign=\"top\" width=\"158\">Transmission<\/td>\n<td valign=\"top\" width=\"504\">Pignon \u00e0 cr\u00e9maill\u00e8re Y, courroie en acier synchrone XZ<\/td>\n<\/tr>\n<tr>\n<td valign=\"top\" width=\"158\">Vitesse de coupe<\/td>\n<td valign=\"top\" width=\"504\">30m\/min<\/td>\n<\/tr>\n<tr>\n<td valign=\"top\" width=\"158\">Vitesse de d\u00e9placement<\/td>\n<td valign=\"top\" width=\"504\">50m\/min<\/td>\n<\/tr>\n<tr>\n<td valign=\"center\" width=\"158\">Poids<\/td>\n<td valign=\"top\" width=\"504\">Environ 800 kg<\/td>\n<\/tr>\n<tr>\n<td valign=\"top\" width=\"158\">Taille<\/td>\n<td valign=\"top\" width=\"504\">2250*3300*1650mm<\/td>\n<\/tr>\n<tr>\n<td valign=\"top\" width=\"158\">Puissance<\/td>\n<td valign=\"top\" width=\"504\">380V 50HZ<\/td>\n<\/tr>\n<tr>\n<td valign=\"top\" width=\"158\">Logiciel<\/td>\n<td valign=\"top\" width=\"504\">vcutworks, la machine a ce logiciel, supporte les fichiers de format dxf, plt<\/td>\n<\/tr>\n<\/tbody>\n<\/table>\n<p>&nbsp;<\/p>\n<p><strong>Caract\u00e9ristiques de la machine de fabrication d'\u00e9chantillons de bo\u00eetes en carton :<\/strong><\/p>\n<p><strong>\u00a0<\/strong><\/p>\n<p>1,Le dispositif d'arr\u00eat d'urgence laser permet d'\u00e9viter que les personnes ne soient bless\u00e9es par les outils de travail ou le carton. Le c\u00e2ble de signalisation est plac\u00e9 dans le portique pour assurer la stabilit\u00e9 de la machine en fonctionnement.<\/p>\n<p>2. le rail de guidage lin\u00e9aire import\u00e9 de Taiwan et la transmission par cr\u00e9maill\u00e8re garantissent une efficacit\u00e9 de coupe stable, une vitesse \u00e9lev\u00e9e et une grande pr\u00e9cision.<\/p>\n<p>3. le ch\u00e2ssis de la machine est en acier haute densit\u00e9, ind\u00e9formable. La machine est \u00e9quip\u00e9e d'un syst\u00e8me de protection renforc\u00e9e pour assurer un fonctionnement stable et garantir une meilleure qualit\u00e9 de coupe.<\/p>\n<p>4.adopte un moteur delta et un pilote import\u00e9s de Ta\u00efwan<\/p>\n<p>5.Adopte un cylindre de travail de type module, poss\u00e8de une forte capacit\u00e9 d'adsorption.<\/p>\n<p>&nbsp;<\/p>","protected":false},"excerpt":{"rendered":"<p>The carton proofing machine is a machine used in carton factories to make carton samples.<\/p>\n<p>there are two kinds of cardboard cutting plotter machine, one is mainly for cutting coated paper, cardboard, kraft paper, PVC, stickers with a thickness of less than 1mm<\/p>\n<p>The other carton box sampling machine is to cut 8-30mm thick corrugated paper, honeycomb paperboard, grey board paper, KT board, Chevron board, EVA, etc.<\/p>\n<p>They both have creasing wheel, oscillating knife cutting function.<\/p>","protected":false},"featured_media":3480,"template":"","meta":{"_seopress_robots_primary_cat":"","_seopress_titles_title":"","_seopress_titles_desc":"","_seopress_robots_index":"","_uag_custom_page_level_css":"","site-sidebar-layout":"default","site-content-layout":"","ast-site-content-layout":"default","site-content-style":"default","site-sidebar-style":"default","ast-global-header-display":"","ast-banner-title-visibility":"","ast-main-header-display":"","ast-hfb-above-header-display":"","ast-hfb-below-header-display":"","ast-hfb-mobile-header-display":"","site-post-title":"","ast-breadcrumbs-content":"","ast-featured-img":"","footer-sml-layout":"","ast-disable-related-posts":"","theme-transparent-header-meta":"default","adv-header-id-meta":"","stick-header-meta":"default","header-above-stick-meta":"","header-main-stick-meta":"","header-below-stick-meta":"","astra-migrate-meta-layouts":"set","ast-page-background-enabled":"default","ast-page-background-meta":{"desktop":{"background-color":"","background-image":"","background-repeat":"repeat","background-position":"center center","background-size":"auto","background-attachment":"scroll","background-type":"","background-media":"","overlay-type":"","overlay-color":"","overlay-opacity":"","overlay-gradient":""},"tablet":{"background-color":"","background-image":"","background-repeat":"repeat","background-position":"center center","background-size":"auto","background-attachment":"scroll","background-type":"","background-media":"","overlay-type":"","overlay-color":"","overlay-opacity":"","overlay-gradient":""},"mobile":{"background-color":"","background-image":"","background-repeat":"repeat","background-position":"center center","background-size":"auto","background-attachment":"scroll","background-type":"","background-media":"","overlay-type":"","overlay-color":"","overlay-opacity":"","overlay-gradient":""}},"ast-content-background-meta":{"desktop":{"background-color":"var(--ast-global-color-5)","background-image":"","background-repeat":"repeat","background-position":"center center","background-size":"auto","background-attachment":"scroll","background-type":"","background-media":"","overlay-type":"","overlay-color":"","overlay-opacity":"","overlay-gradient":""},"tablet":{"background-color":"var(--ast-global-color-5)","background-image":"","background-repeat":"repeat","background-position":"center center","background-size":"auto","background-attachment":"scroll","background-type":"","background-media":"","overlay-type":"","overlay-color":"","overlay-opacity":"","overlay-gradient":""},"mobile":{"background-color":"var(--ast-global-color-5)","background-image":"","background-repeat":"repeat","background-position":"center center","background-size":"auto","background-attachment":"scroll","background-type":"","background-media":"","overlay-type":"","overlay-color":"","overlay-opacity":"","overlay-gradient":""}}},"product_brand":[],"product_cat":[21],"product_tag":[],"class_list":{"0":"post-3477","1":"product","2":"type-product","3":"status-publish","4":"has-post-thumbnail","6":"product_cat-oscillating","7":"desktop-align-left","8":"tablet-align-left","9":"mobile-align-left","10":"ast-product-gallery-layout-horizontal-slider","11":"ast-product-tabs-layout-horizontal","13":"first","14":"instock","15":"featured","16":"shipping-taxable","17":"product-type-simple"},"uagb_featured_image_src":{"full":["https:\/\/wisecnclaser.com\/wp-content\/uploads\/2025\/05\/44b850c9a77b70cab8e18c4549a9ca66.jpg",750,750,false],"thumbnail":["https:\/\/wisecnclaser.com\/wp-content\/uploads\/2025\/05\/44b850c9a77b70cab8e18c4549a9ca66-150x150.jpg",150,150,true],"medium":["https:\/\/wisecnclaser.com\/wp-content\/uploads\/2025\/05\/44b850c9a77b70cab8e18c4549a9ca66-300x300.jpg",300,300,true],"medium_large":["https:\/\/wisecnclaser.com\/wp-content\/uploads\/2025\/05\/44b850c9a77b70cab8e18c4549a9ca66.jpg",750,750,false],"large":["https:\/\/wisecnclaser.com\/wp-content\/uploads\/2025\/05\/44b850c9a77b70cab8e18c4549a9ca66.jpg",750,750,false],"1536x1536":["https:\/\/wisecnclaser.com\/wp-content\/uploads\/2025\/05\/44b850c9a77b70cab8e18c4549a9ca66.jpg",750,750,false],"2048x2048":["https:\/\/wisecnclaser.com\/wp-content\/uploads\/2025\/05\/44b850c9a77b70cab8e18c4549a9ca66.jpg",750,750,false],"trp-custom-language-flag":["https:\/\/wisecnclaser.com\/wp-content\/uploads\/2025\/05\/44b850c9a77b70cab8e18c4549a9ca66-12x12.jpg",12,12,true],"woocommerce_thumbnail":["https:\/\/wisecnclaser.com\/wp-content\/uploads\/2025\/05\/44b850c9a77b70cab8e18c4549a9ca66-300x300.jpg",300,300,true],"woocommerce_single":["https:\/\/wisecnclaser.com\/wp-content\/uploads\/2025\/05\/44b850c9a77b70cab8e18c4549a9ca66-600x600.jpg",600,600,true],"woocommerce_gallery_thumbnail":["https:\/\/wisecnclaser.com\/wp-content\/uploads\/2025\/05\/44b850c9a77b70cab8e18c4549a9ca66-100x100.jpg",100,100,true]},"uagb_author_info":{"display_name":"jinxing6611@gmail.com","author_link":"https:\/\/wisecnclaser.com\/fr\/author\/"},"uagb_comment_info":0,"uagb_excerpt":"The carton proofing machine is a machine used in carton factories to make carton samples. there are two kinds of cardboard cutting plotter machine, one is mainly for cutting coated paper, cardboard, kraft paper, PVC, stickers with a thickness of less than 1mm The other carton box sampling machine is to cut 8-30mm thick corrugated\u2026","_links":{"self":[{"href":"https:\/\/wisecnclaser.com\/fr\/wp-json\/wp\/v2\/product\/3477","targetHints":{"allow":["GET"]}}],"collection":[{"href":"https:\/\/wisecnclaser.com\/fr\/wp-json\/wp\/v2\/product"}],"about":[{"href":"https:\/\/wisecnclaser.com\/fr\/wp-json\/wp\/v2\/types\/product"}],"wp:featuredmedia":[{"embeddable":true,"href":"https:\/\/wisecnclaser.com\/fr\/wp-json\/wp\/v2\/media\/3480"}],"wp:attachment":[{"href":"https:\/\/wisecnclaser.com\/fr\/wp-json\/wp\/v2\/media?parent=3477"}],"wp:term":[{"taxonomy":"product_brand","embeddable":true,"href":"https:\/\/wisecnclaser.com\/fr\/wp-json\/wp\/v2\/product_brand?post=3477"},{"taxonomy":"product_cat","embeddable":true,"href":"https:\/\/wisecnclaser.com\/fr\/wp-json\/wp\/v2\/product_cat?post=3477"},{"taxonomy":"product_tag","embeddable":true,"href":"https:\/\/wisecnclaser.com\/fr\/wp-json\/wp\/v2\/product_tag?post=3477"}],"curies":[{"name":"wp","href":"https:\/\/api.w.org\/{rel}","templated":true}]}}