{"id":3485,"date":"2025-05-22T13:48:05","date_gmt":"2025-05-22T13:48:05","guid":{"rendered":"https:\/\/wisecnclaser.com\/?post_type=product&#038;p=3485"},"modified":"2025-05-23T02:51:50","modified_gmt":"2025-05-23T02:51:50","slug":"ws1625-cnc-oscillating-knife-cutting-machine","status":"publish","type":"product","link":"https:\/\/wisecnclaser.com\/fr\/produit\/ws1625-cnc-oscillating-knife-cutting-machine\/","title":{"rendered":"WS1625 Machine \u00e0 couper les couteaux oscillants CNC"},"content":{"rendered":"<p><strong>Application de la machine \u00e0 couper les couteaux oscillants cnc :<\/strong><\/p>\n<p>Principalement pour les tapis et accessoires de voiture, les housses de si\u00e8ge de voiture (PU), l'industrie de la publicit\u00e9 et de la signalisation.<\/p>\n<p><strong>Mat\u00e9riaux de coupe :\u00a0<\/strong>PU, cuir, fibre de verre, boucle de soie, cuir de plancher, coton insonorisant, coton anti-feu, coussin de bo\u00eete \u00e0 gants, coussin r\u00e9sistant \u00e0 la lumi\u00e8re, coussin de pied, PVC, FOAM, XPE<\/p>\n<p>&nbsp;<\/p>\n<table border=\"1\">\n<tbody>\n<tr class=\"firstRow\">\n<td colspan=\"2\" valign=\"center\" width=\"662\"><strong>Technique<\/strong><strong>\u00a0Param\u00e8tres de la machine \u00e0 couper les couteaux oscillants WS1625 CNC :<\/strong><\/td>\n<\/tr>\n<tr>\n<td valign=\"top\" width=\"158\">X taille de travail<\/td>\n<td valign=\"top\" width=\"504\">1600mm<\/td>\n<\/tr>\n<tr>\n<td valign=\"top\" width=\"158\">Y taille de travail<\/td>\n<td valign=\"top\" width=\"504\">2500mm<\/td>\n<\/tr>\n<tr>\n<td valign=\"top\" width=\"158\">Z taille de travail<\/td>\n<td valign=\"top\" width=\"504\">10 mm<\/td>\n<\/tr>\n<tr>\n<td valign=\"top\" width=\"158\">T\u00eate de coupe<\/td>\n<td valign=\"top\" width=\"504\">t\u00eate de coupe \u00e0 couteau oscillant cnc<\/td>\n<\/tr>\n<tr>\n<td valign=\"top\" width=\"158\">Mode d'affichage<\/td>\n<td valign=\"top\" width=\"504\">\u00c9cran tactile LED en anglais<\/td>\n<\/tr>\n<tr>\n<td valign=\"top\" width=\"158\">Table de machine<\/td>\n<td valign=\"top\" width=\"504\">Table d'aspiration \u00e0 soufflet en aluminium avec 9 zones d'aspiration<\/td>\n<\/tr>\n<tr>\n<td valign=\"top\" width=\"158\">Mode de transfert des donn\u00e9es<\/td>\n<td valign=\"top\" width=\"504\">Intel<\/td>\n<\/tr>\n<tr>\n<td valign=\"top\" width=\"158\">Pompe \u00e0 vide<\/td>\n<td valign=\"top\" width=\"504\">Pompe \u00e0 vide pneumatique 9KW<\/td>\n<\/tr>\n<tr>\n<td valign=\"top\" width=\"158\">Syst\u00e8me de conduite<\/td>\n<td valign=\"top\" width=\"504\">Servomoteur et moteur delta de Ta\u00efwan<\/td>\n<\/tr>\n<tr>\n<td valign=\"top\" width=\"158\">Syst\u00e8me de contr\u00f4le<\/td>\n<td valign=\"top\" width=\"504\">Syst\u00e8me de contr\u00f4le RD<\/td>\n<\/tr>\n<tr>\n<td valign=\"top\" width=\"158\">Syst\u00e8me de guidage<\/td>\n<td valign=\"top\" width=\"504\">Rail carr\u00e9 TBI de Ta\u00efwan<\/td>\n<\/tr>\n<tr>\n<td valign=\"top\" width=\"158\">Capteur d'outil<\/td>\n<td valign=\"top\" width=\"504\">Avec, point rouge<\/td>\n<\/tr>\n<tr>\n<td valign=\"top\" width=\"158\">Transmission<\/td>\n<td valign=\"top\" width=\"504\">Pignon \u00e0 cr\u00e9maill\u00e8re Y, courroie en acier synchrone XZ<\/td>\n<\/tr>\n<tr>\n<td valign=\"top\" width=\"158\">Vitesse de coupe<\/td>\n<td valign=\"top\" width=\"504\">30m\/min<\/td>\n<\/tr>\n<tr>\n<td valign=\"top\" width=\"158\">Vitesse de d\u00e9placement<\/td>\n<td valign=\"top\" width=\"504\">50m\/min<\/td>\n<\/tr>\n<tr>\n<td valign=\"center\" width=\"158\">Poids<\/td>\n<td valign=\"top\" width=\"504\">Environ 1300 kg<\/td>\n<\/tr>\n<tr>\n<td valign=\"top\" width=\"158\">Taille<\/td>\n<td valign=\"top\" width=\"504\">2250*3300*1650mm<\/td>\n<\/tr>\n<tr>\n<td valign=\"top\" width=\"158\">Puissance<\/td>\n<td valign=\"top\" width=\"504\">380V 50HZ<\/td>\n<\/tr>\n<tr>\n<td valign=\"top\" width=\"158\">Logiciel<\/td>\n<td valign=\"top\" width=\"504\">vcutworks, la machine a ce logiciel, supporte les fichiers de format dxf, plt<\/td>\n<\/tr>\n<\/tbody>\n<\/table>\n<p>&nbsp;<\/p>\n<p><strong>Caract\u00e9ristiques de la machine \u00e0 couper les couteaux oscillants WS1625 :<\/strong><\/p>\n<p><strong>\u00a0<\/strong><\/p>\n<p>1. permet de tracer des lignes, de dessiner, d'annoter du texte, d'indenter, de d\u00e9couper \u00e0 mi-couteau, de d\u00e9couper \u00e0 plein couteau en m\u00eame temps.<\/p>\n<p>2. interface \u00e0 \u00e9cran tactile LCD, tr\u00e8s pratique, simple et facile \u00e0 apprendre. La vitesse de transmission des donn\u00e9es du r\u00e9seau RJ45 standard est stable et fiable.<\/p>\n<p>3. la plate-forme en aluminium tout-en-un, qui utilise le principe de la structure en nid d'abeille, est solide, anticorrosion, durable, absorbe le bruit et isole de la chaleur.<\/p>\n<p>&nbsp;<\/p>\n<p>4. des dispositifs d'arr\u00eat d'urgence et des capteurs infrarouges de s\u00e9curit\u00e9 sont install\u00e9s dans les quatre directions de la machine afin de r\u00e9pondre aux exigences de s\u00e9curit\u00e9 des \u00e9quipements nationaux et internationaux.<\/p>\n<p>5. cr\u00e9maill\u00e8re et vis \u00e0 billes - le rail de guidage lin\u00e9aire de Ta\u00efwan est adopt\u00e9 comme voie de transmission pour assurer un fonctionnement r\u00e9gulier et pr\u00e9cis de la machine \u00e0 grande vitesse.<\/p>\n<p>6. les couteaux avanc\u00e9s et \u00e0 changement rapide pr\u00e9sentent une diversit\u00e9 in\u00e9gal\u00e9e, et diff\u00e9rentes t\u00eates de coupe peuvent \u00eatre configur\u00e9es en fonction des exigences des divers mat\u00e9riaux de traitement.<\/p>\n<p>7. largement utilis\u00e9 dans l'industrie de la chaussure, l'industrie de l'habillement, les mat\u00e9riaux composites, l'industrie de la bagagerie, l'industrie automobile, l'industrie de la publicit\u00e9 et de l'impression, l'industrie \u00e9lectronique, l'industrie de la d\u00e9coration, l'industrie de l'ameublement<\/p>\n<p>&nbsp;<\/p>\n<p><strong>Mat\u00e9riaux de coupe de la machine \u00e0 couper les couteaux oscillants CNC :<\/strong><\/p>\n<p>Papier ondul\u00e9, carton, carton blanc, carton gris, carton plastique PVC, carton KT, cuir, joint, pr\u00e9-impr\u00e9gn\u00e9, tissu, acrylique, carton de fibres, carton de r\u00e9sine \u00e9poxy,\u00a0<a>tapis de sol pour automobiles<\/a>les mat\u00e9riaux composites \u00e0 base de fibres et d'autres mat\u00e9riaux souples.<\/p>\n<p>&nbsp;<\/p>\n<p><strong>Application de la machine \u00e0 couper les couteaux oscillants 1625 cnc :<\/strong><\/p>\n<p>Canap\u00e9, si\u00e8ge, housse de si\u00e8ge de voiture, tapis de sol pour automobile, tapis pour automobile, bagages, sacs \u00e0 main, appliqu\u00e9s \u00e0 l'industrie de la chaussure, \u00e0 l'industrie de l'habillement, aux mat\u00e9riaux composites, \u00e0 l'industrie des bagages, \u00e0 l'industrie automobile, \u00e0 l'industrie de l'impression publicitaire, \u00e0 l'industrie \u00e9lectronique, \u00e0 l'industrie de la d\u00e9coration, \u00e0 l'industrie de l'ameublement et ainsi de suite.<\/p>\n<p><img alt=\"\" fetchpriority=\"high\" decoding=\"async\" class=\"alignnone size-full wp-image-3488\" src=\"https:\/\/wisecnclaser.com\/wp-content\/uploads\/2025\/05\/1669711072625102.png\" width=\"900\" height=\"768\" srcset=\"https:\/\/wisecnclaser.com\/wp-content\/uploads\/2025\/05\/1669711072625102.png 900w, https:\/\/wisecnclaser.com\/wp-content\/uploads\/2025\/05\/1669711072625102-300x256.png 300w, https:\/\/wisecnclaser.com\/wp-content\/uploads\/2025\/05\/1669711072625102-768x655.png 768w, https:\/\/wisecnclaser.com\/wp-content\/uploads\/2025\/05\/1669711072625102-14x12.png 14w, https:\/\/wisecnclaser.com\/wp-content\/uploads\/2025\/05\/1669711072625102-600x512.png 600w\" sizes=\"(max-width: 900px) 100vw, 900px\" \/><\/p>","protected":false},"excerpt":{"rendered":"<p><strong>Application de la machine \u00e0 couper les couteaux oscillants cnc :<\/strong><\/p>\n<p>Principalement pour les tapis et accessoires de voiture, les housses de si\u00e8ge de voiture (PU), l'industrie de la publicit\u00e9 et de la signalisation.<\/p>\n<p><strong>Mat\u00e9riaux de coupe :\u00a0<\/strong>PU, cuir, fibre de verre, boucle de soie, cuir de plancher, coton insonorisant, coton anti-feu, coussin de bo\u00eete \u00e0 gants, coussin r\u00e9sistant \u00e0 la lumi\u00e8re, coussin de pied, PVC, FOAM, XPE<\/p>","protected":false},"featured_media":3489,"template":"","meta":{"_seopress_robots_primary_cat":"","_seopress_titles_title":"","_seopress_titles_desc":"","_seopress_robots_index":"","_uag_custom_page_level_css":"","site-sidebar-layout":"default","site-content-layout":"","ast-site-content-layout":"default","site-content-style":"default","site-sidebar-style":"default","ast-global-header-display":"","ast-banner-title-visibility":"","ast-main-header-display":"","ast-hfb-above-header-display":"","ast-hfb-below-header-display":"","ast-hfb-mobile-header-display":"","site-post-title":"","ast-breadcrumbs-content":"","ast-featured-img":"","footer-sml-layout":"","ast-disable-related-posts":"","theme-transparent-header-meta":"default","adv-header-id-meta":"","stick-header-meta":"default","header-above-stick-meta":"","header-main-stick-meta":"","header-below-stick-meta":"","astra-migrate-meta-layouts":"set","ast-page-background-enabled":"default","ast-page-background-meta":{"desktop":{"background-color":"","background-image":"","background-repeat":"repeat","background-position":"center center","background-size":"auto","background-attachment":"scroll","background-type":"","background-media":"","overlay-type":"","overlay-color":"","overlay-opacity":"","overlay-gradient":""},"tablet":{"background-color":"","background-image":"","background-repeat":"repeat","background-position":"center center","background-size":"auto","background-attachment":"scroll","background-type":"","background-media":"","overlay-type":"","overlay-color":"","overlay-opacity":"","overlay-gradient":""},"mobile":{"background-color":"","background-image":"","background-repeat":"repeat","background-position":"center center","background-size":"auto","background-attachment":"scroll","background-type":"","background-media":"","overlay-type":"","overlay-color":"","overlay-opacity":"","overlay-gradient":""}},"ast-content-background-meta":{"desktop":{"background-color":"var(--ast-global-color-5)","background-image":"","background-repeat":"repeat","background-position":"center center","background-size":"auto","background-attachment":"scroll","background-type":"","background-media":"","overlay-type":"","overlay-color":"","overlay-opacity":"","overlay-gradient":""},"tablet":{"background-color":"var(--ast-global-color-5)","background-image":"","background-repeat":"repeat","background-position":"center center","background-size":"auto","background-attachment":"scroll","background-type":"","background-media":"","overlay-type":"","overlay-color":"","overlay-opacity":"","overlay-gradient":""},"mobile":{"background-color":"var(--ast-global-color-5)","background-image":"","background-repeat":"repeat","background-position":"center center","background-size":"auto","background-attachment":"scroll","background-type":"","background-media":"","overlay-type":"","overlay-color":"","overlay-opacity":"","overlay-gradient":""}}},"product_brand":[],"product_cat":[21],"product_tag":[],"class_list":{"0":"post-3485","1":"product","2":"type-product","3":"status-publish","4":"has-post-thumbnail","6":"product_cat-oscillating","7":"desktop-align-left","8":"tablet-align-left","9":"mobile-align-left","10":"ast-product-gallery-layout-horizontal-slider","11":"ast-product-tabs-layout-horizontal","13":"first","14":"instock","15":"featured","16":"shipping-taxable","17":"product-type-simple"},"uagb_featured_image_src":{"full":["https:\/\/wisecnclaser.com\/wp-content\/uploads\/2025\/05\/6bcd03b9d987da1f2345fcf99c9313f4.png",800,800,false],"thumbnail":["https:\/\/wisecnclaser.com\/wp-content\/uploads\/2025\/05\/6bcd03b9d987da1f2345fcf99c9313f4-150x150.png",150,150,true],"medium":["https:\/\/wisecnclaser.com\/wp-content\/uploads\/2025\/05\/6bcd03b9d987da1f2345fcf99c9313f4-300x300.png",300,300,true],"medium_large":["https:\/\/wisecnclaser.com\/wp-content\/uploads\/2025\/05\/6bcd03b9d987da1f2345fcf99c9313f4-768x768.png",768,768,true],"large":["https:\/\/wisecnclaser.com\/wp-content\/uploads\/2025\/05\/6bcd03b9d987da1f2345fcf99c9313f4.png",800,800,false],"1536x1536":["https:\/\/wisecnclaser.com\/wp-content\/uploads\/2025\/05\/6bcd03b9d987da1f2345fcf99c9313f4.png",800,800,false],"2048x2048":["https:\/\/wisecnclaser.com\/wp-content\/uploads\/2025\/05\/6bcd03b9d987da1f2345fcf99c9313f4.png",800,800,false],"trp-custom-language-flag":["https:\/\/wisecnclaser.com\/wp-content\/uploads\/2025\/05\/6bcd03b9d987da1f2345fcf99c9313f4-12x12.png",12,12,true],"woocommerce_thumbnail":["https:\/\/wisecnclaser.com\/wp-content\/uploads\/2025\/05\/6bcd03b9d987da1f2345fcf99c9313f4-300x300.png",300,300,true],"woocommerce_single":["https:\/\/wisecnclaser.com\/wp-content\/uploads\/2025\/05\/6bcd03b9d987da1f2345fcf99c9313f4-600x600.png",600,600,true],"woocommerce_gallery_thumbnail":["https:\/\/wisecnclaser.com\/wp-content\/uploads\/2025\/05\/6bcd03b9d987da1f2345fcf99c9313f4-100x100.png",100,100,true]},"uagb_author_info":{"display_name":"jinxing6611@gmail.com","author_link":"https:\/\/wisecnclaser.com\/fr\/author\/"},"uagb_comment_info":0,"uagb_excerpt":"Application of cnc oscillating knife cutting machine: Mainly for car mat and accessories, car seat cover (PU), Advertising and Sign industry Cutting Materials:\u00a0PU, Leather, Fiberglass, silkloop, floor leather, sound insulation cotton, fire cotton, tailbox pad, light-proof pad, footpad, PVC, FOAM, XPE","_links":{"self":[{"href":"https:\/\/wisecnclaser.com\/fr\/wp-json\/wp\/v2\/product\/3485","targetHints":{"allow":["GET"]}}],"collection":[{"href":"https:\/\/wisecnclaser.com\/fr\/wp-json\/wp\/v2\/product"}],"about":[{"href":"https:\/\/wisecnclaser.com\/fr\/wp-json\/wp\/v2\/types\/product"}],"wp:featuredmedia":[{"embeddable":true,"href":"https:\/\/wisecnclaser.com\/fr\/wp-json\/wp\/v2\/media\/3489"}],"wp:attachment":[{"href":"https:\/\/wisecnclaser.com\/fr\/wp-json\/wp\/v2\/media?parent=3485"}],"wp:term":[{"taxonomy":"product_brand","embeddable":true,"href":"https:\/\/wisecnclaser.com\/fr\/wp-json\/wp\/v2\/product_brand?post=3485"},{"taxonomy":"product_cat","embeddable":true,"href":"https:\/\/wisecnclaser.com\/fr\/wp-json\/wp\/v2\/product_cat?post=3485"},{"taxonomy":"product_tag","embeddable":true,"href":"https:\/\/wisecnclaser.com\/fr\/wp-json\/wp\/v2\/product_tag?post=3485"}],"curies":[{"name":"wp","href":"https:\/\/api.w.org\/{rel}","templated":true}]}}