{"id":3494,"date":"2025-05-22T13:50:01","date_gmt":"2025-05-22T13:50:01","guid":{"rendered":"https:\/\/wisecnclaser.com\/?post_type=product&#038;p=3494"},"modified":"2025-05-23T02:52:07","modified_gmt":"2025-05-23T02:52:07","slug":"ws1625-multi-heads-flatbed-cutter","status":"publish","type":"product","link":"https:\/\/wisecnclaser.com\/fr\/produit\/ws1625-multi-heads-flatbed-cutter\/","title":{"rendered":"WS1625 Coupeur \u00e0 plat multi-t\u00eates"},"content":{"rendered":"<p><strong>Application de la d\u00e9coupeuse \u00e0 plat :<\/strong><\/p>\n<p>La t\u00eate pneumatique permet de d\u00e9couper des mat\u00e9riaux \u00e9pais, la coupe en V permet de d\u00e9couper des motifs de 15 \u00e0 45 degr\u00e9s, la broche permet de d\u00e9couper des mat\u00e9riaux durs tels que la mousse P3 et l'acrylique de 5 mm.<\/p>\n<p><strong>Mat\u00e9riaux de coupe :<\/strong>\u00a0mat\u00e9riaux composites tels que fibre de carbone, fibre de verre, verre souple\/pvc, amiante, \u00e9ponge plastique, mat\u00e9riaux composites pour l'aviation, mousse insonorisante, caoutchouc, mousse P3\/mousse avec feuille d'aluminium, \u00e9va...<\/p>\n<p>&nbsp;<\/p>\n<table border=\"1\">\n<tbody>\n<tr class=\"firstRow\">\n<td colspan=\"2\" valign=\"center\" width=\"662\"><strong>Technique<\/strong><strong>\u00a0Param\u00e8tres de WS1625\u00a0<\/strong><strong>Mult<\/strong><strong>i T\u00eates de coupe \u00e0 plat :<\/strong><\/td>\n<\/tr>\n<tr>\n<td valign=\"top\" width=\"158\">X taille de travail<\/td>\n<td valign=\"top\" width=\"504\">1300mm<\/td>\n<\/tr>\n<tr>\n<td valign=\"top\" width=\"158\">Y taille de travail<\/td>\n<td valign=\"top\" width=\"504\">2500mm<\/td>\n<\/tr>\n<tr>\n<td valign=\"top\" width=\"158\">Z taille de travail<\/td>\n<td valign=\"top\" width=\"504\">10 mm<\/td>\n<\/tr>\n<tr>\n<td valign=\"top\" width=\"158\">T\u00eate de coupe<\/td>\n<td valign=\"top\" width=\"504\">T\u00eate de coupe \u00e0 couteau oscillant CNC + outils de coupe en V + broche de fraisage<\/td>\n<\/tr>\n<tr>\n<td valign=\"top\" width=\"158\">Mode d'affichage<\/td>\n<td valign=\"top\" width=\"504\">\u00c9cran tactile LED en anglais<\/td>\n<\/tr>\n<tr>\n<td valign=\"top\" width=\"158\">Table de machine<\/td>\n<td valign=\"top\" width=\"504\">Table d'aspiration \u00e0 soufflet en aluminium avec 9 zones d'aspiration<\/td>\n<\/tr>\n<tr>\n<td valign=\"top\" width=\"158\">Mode de transfert des donn\u00e9es<\/td>\n<td valign=\"top\" width=\"504\">Intel<\/td>\n<\/tr>\n<tr>\n<td valign=\"top\" width=\"158\">Pompe \u00e0 vide<\/td>\n<td valign=\"top\" width=\"504\">Pompe \u00e0 vide pneumatique 9KW<\/td>\n<\/tr>\n<tr>\n<td valign=\"top\" width=\"158\">Syst\u00e8me de conduite<\/td>\n<td valign=\"top\" width=\"504\">Servomoteur et moteur delta de Ta\u00efwan<\/td>\n<\/tr>\n<tr>\n<td valign=\"top\" width=\"158\">Syst\u00e8me de contr\u00f4le<\/td>\n<td valign=\"top\" width=\"504\">Syst\u00e8me de contr\u00f4le RD<\/td>\n<\/tr>\n<tr>\n<td valign=\"top\" width=\"158\">Syst\u00e8me de guidage<\/td>\n<td valign=\"top\" width=\"504\">Rail carr\u00e9 TBI de Ta\u00efwan<\/td>\n<\/tr>\n<tr>\n<td valign=\"top\" width=\"158\">Capteur d'outil<\/td>\n<td valign=\"top\" width=\"504\">Avec, point rouge<\/td>\n<\/tr>\n<tr>\n<td valign=\"top\" width=\"158\">Transmission<\/td>\n<td valign=\"top\" width=\"504\">Pignon \u00e0 cr\u00e9maill\u00e8re Y, courroie en acier synchrone XZ<\/td>\n<\/tr>\n<tr>\n<td valign=\"top\" width=\"158\">Vitesse de coupe<\/td>\n<td valign=\"top\" width=\"504\">30m\/min<\/td>\n<\/tr>\n<tr>\n<td valign=\"top\" width=\"158\">Vitesse de d\u00e9placement<\/td>\n<td valign=\"top\" width=\"504\">50m\/min<\/td>\n<\/tr>\n<tr>\n<td valign=\"center\" width=\"158\">Poids<\/td>\n<td valign=\"top\" width=\"504\">Environ 1300 kg<\/td>\n<\/tr>\n<tr>\n<td valign=\"top\" width=\"158\">Taille<\/td>\n<td valign=\"top\" width=\"504\">2250*3300*1650mm<\/td>\n<\/tr>\n<tr>\n<td valign=\"top\" width=\"158\">Puissance<\/td>\n<td valign=\"top\" width=\"504\">380V 50HZ<\/td>\n<\/tr>\n<tr>\n<td valign=\"top\" width=\"158\">Logiciel<\/td>\n<td valign=\"top\" width=\"504\">vcutworks, la machine a ce logiciel, supporte les fichiers de format dxf, plt<\/td>\n<\/tr>\n<\/tbody>\n<\/table>","protected":false},"excerpt":{"rendered":"<p><strong>Application de la d\u00e9coupeuse \u00e0 plat :<\/strong><\/p>\n<p>La t\u00eate pneumatique permet de d\u00e9couper des mat\u00e9riaux \u00e9pais, la coupe en V permet de d\u00e9couper des motifs de 15 \u00e0 45 degr\u00e9s, la broche permet de d\u00e9couper des mat\u00e9riaux durs tels que la mousse P3 et l'acrylique de 5 mm.<\/p>\n<p><strong>Mat\u00e9riaux de coupe :<\/strong>\u00a0mat\u00e9riaux composites tels que fibre de carbone, fibre de verre, verre souple\/pvc, amiante, \u00e9ponge plastique, mat\u00e9riaux composites pour l'aviation, mousse insonorisante, caoutchouc, mousse P3\/mousse avec feuille d'aluminium, \u00e9va...<\/p>","protected":false},"featured_media":3497,"template":"","meta":{"_seopress_robots_primary_cat":"","_seopress_titles_title":"","_seopress_titles_desc":"","_seopress_robots_index":"","_uag_custom_page_level_css":"","site-sidebar-layout":"default","site-content-layout":"","ast-site-content-layout":"default","site-content-style":"default","site-sidebar-style":"default","ast-global-header-display":"","ast-banner-title-visibility":"","ast-main-header-display":"","ast-hfb-above-header-display":"","ast-hfb-below-header-display":"","ast-hfb-mobile-header-display":"","site-post-title":"","ast-breadcrumbs-content":"","ast-featured-img":"","footer-sml-layout":"","ast-disable-related-posts":"","theme-transparent-header-meta":"default","adv-header-id-meta":"","stick-header-meta":"default","header-above-stick-meta":"","header-main-stick-meta":"","header-below-stick-meta":"","astra-migrate-meta-layouts":"set","ast-page-background-enabled":"default","ast-page-background-meta":{"desktop":{"background-color":"","background-image":"","background-repeat":"repeat","background-position":"center center","background-size":"auto","background-attachment":"scroll","background-type":"","background-media":"","overlay-type":"","overlay-color":"","overlay-opacity":"","overlay-gradient":""},"tablet":{"background-color":"","background-image":"","background-repeat":"repeat","background-position":"center center","background-size":"auto","background-attachment":"scroll","background-type":"","background-media":"","overlay-type":"","overlay-color":"","overlay-opacity":"","overlay-gradient":""},"mobile":{"background-color":"","background-image":"","background-repeat":"repeat","background-position":"center center","background-size":"auto","background-attachment":"scroll","background-type":"","background-media":"","overlay-type":"","overlay-color":"","overlay-opacity":"","overlay-gradient":""}},"ast-content-background-meta":{"desktop":{"background-color":"var(--ast-global-color-5)","background-image":"","background-repeat":"repeat","background-position":"center center","background-size":"auto","background-attachment":"scroll","background-type":"","background-media":"","overlay-type":"","overlay-color":"","overlay-opacity":"","overlay-gradient":""},"tablet":{"background-color":"var(--ast-global-color-5)","background-image":"","background-repeat":"repeat","background-position":"center center","background-size":"auto","background-attachment":"scroll","background-type":"","background-media":"","overlay-type":"","overlay-color":"","overlay-opacity":"","overlay-gradient":""},"mobile":{"background-color":"var(--ast-global-color-5)","background-image":"","background-repeat":"repeat","background-position":"center center","background-size":"auto","background-attachment":"scroll","background-type":"","background-media":"","overlay-type":"","overlay-color":"","overlay-opacity":"","overlay-gradient":""}}},"product_brand":[],"product_cat":[21],"product_tag":[],"class_list":{"0":"post-3494","1":"product","2":"type-product","3":"status-publish","4":"has-post-thumbnail","6":"product_cat-oscillating","7":"desktop-align-left","8":"tablet-align-left","9":"mobile-align-left","10":"ast-product-gallery-layout-horizontal-slider","11":"ast-product-gallery-with-no-image","12":"ast-product-tabs-layout-horizontal","14":"first","15":"instock","16":"featured","17":"shipping-taxable","18":"product-type-simple"},"uagb_featured_image_src":{"full":["https:\/\/wisecnclaser.com\/wp-content\/uploads\/2025\/05\/a1ae770beabe0fe869615dc9e382e1c8.jpg",800,800,false],"thumbnail":["https:\/\/wisecnclaser.com\/wp-content\/uploads\/2025\/05\/a1ae770beabe0fe869615dc9e382e1c8-150x150.jpg",150,150,true],"medium":["https:\/\/wisecnclaser.com\/wp-content\/uploads\/2025\/05\/a1ae770beabe0fe869615dc9e382e1c8-300x300.jpg",300,300,true],"medium_large":["https:\/\/wisecnclaser.com\/wp-content\/uploads\/2025\/05\/a1ae770beabe0fe869615dc9e382e1c8-768x768.jpg",768,768,true],"large":["https:\/\/wisecnclaser.com\/wp-content\/uploads\/2025\/05\/a1ae770beabe0fe869615dc9e382e1c8.jpg",800,800,false],"1536x1536":["https:\/\/wisecnclaser.com\/wp-content\/uploads\/2025\/05\/a1ae770beabe0fe869615dc9e382e1c8.jpg",800,800,false],"2048x2048":["https:\/\/wisecnclaser.com\/wp-content\/uploads\/2025\/05\/a1ae770beabe0fe869615dc9e382e1c8.jpg",800,800,false],"trp-custom-language-flag":["https:\/\/wisecnclaser.com\/wp-content\/uploads\/2025\/05\/a1ae770beabe0fe869615dc9e382e1c8-12x12.jpg",12,12,true],"woocommerce_thumbnail":["https:\/\/wisecnclaser.com\/wp-content\/uploads\/2025\/05\/a1ae770beabe0fe869615dc9e382e1c8-300x300.jpg",300,300,true],"woocommerce_single":["https:\/\/wisecnclaser.com\/wp-content\/uploads\/2025\/05\/a1ae770beabe0fe869615dc9e382e1c8-600x600.jpg",600,600,true],"woocommerce_gallery_thumbnail":["https:\/\/wisecnclaser.com\/wp-content\/uploads\/2025\/05\/a1ae770beabe0fe869615dc9e382e1c8-100x100.jpg",100,100,true]},"uagb_author_info":{"display_name":"jinxing6611@gmail.com","author_link":"https:\/\/wisecnclaser.com\/fr\/author\/"},"uagb_comment_info":0,"uagb_excerpt":"Application of flatbed cutter: Mainly for different material and design cuttings, such as pneumatic head cut thick material, v cut used to cut 15-45 degree pattern, spindle used to cut hard material such as P3 foam and 5mm acrylic Cutting Materials:\u00a0composite material such as carbon fiber, fiber glass, soft glass\/pvc, asbestos, plastic sponge, aviation composite\u2026","_links":{"self":[{"href":"https:\/\/wisecnclaser.com\/fr\/wp-json\/wp\/v2\/product\/3494","targetHints":{"allow":["GET"]}}],"collection":[{"href":"https:\/\/wisecnclaser.com\/fr\/wp-json\/wp\/v2\/product"}],"about":[{"href":"https:\/\/wisecnclaser.com\/fr\/wp-json\/wp\/v2\/types\/product"}],"wp:featuredmedia":[{"embeddable":true,"href":"https:\/\/wisecnclaser.com\/fr\/wp-json\/wp\/v2\/media\/3497"}],"wp:attachment":[{"href":"https:\/\/wisecnclaser.com\/fr\/wp-json\/wp\/v2\/media?parent=3494"}],"wp:term":[{"taxonomy":"product_brand","embeddable":true,"href":"https:\/\/wisecnclaser.com\/fr\/wp-json\/wp\/v2\/product_brand?post=3494"},{"taxonomy":"product_cat","embeddable":true,"href":"https:\/\/wisecnclaser.com\/fr\/wp-json\/wp\/v2\/product_cat?post=3494"},{"taxonomy":"product_tag","embeddable":true,"href":"https:\/\/wisecnclaser.com\/fr\/wp-json\/wp\/v2\/product_tag?post=3494"}],"curies":[{"name":"wp","href":"https:\/\/api.w.org\/{rel}","templated":true}]}}