{"id":3509,"date":"2025-05-22T22:39:45","date_gmt":"2025-05-22T22:39:45","guid":{"rendered":"https:\/\/wisecnclaser.com\/?post_type=product&#038;p=3509"},"modified":"2025-05-22T22:39:45","modified_gmt":"2025-05-22T22:39:45","slug":"fiber-laser-metal-cutting-machine","status":"publish","type":"product","link":"https:\/\/wisecnclaser.com\/fr\/produit\/fiber-laser-metal-cutting-machine\/","title":{"rendered":"Machine de d\u00e9coupe des m\u00e9taux par laser \u00e0 fibre"},"content":{"rendered":"<p><strong>Mat\u00e9riaux applicables et industrie<\/strong><strong>y<\/strong><strong>:<\/strong><\/p>\n<p>Convient \u00e0 la d\u00e9coupe pr\u00e9cise de l'acier inoxydable, de l'acier au carbone et d'autres mat\u00e9riaux m\u00e9talliques, applicable \u00e0 la technologie a\u00e9rospatiale, aux fus\u00e9es, aux avions, aux robots, aux ascenseurs, aux bateaux \u00e0 vapeur et \u00e0 la fabrication d'automobiles, ainsi qu'\u00e0 l'industrie de transformation des pi\u00e8ces m\u00e9talliques pour les plaques m\u00e9talliques, la publicit\u00e9, les ustensiles de cuisine, les outils \u00e0 embout, la quincaillerie, etc.<\/p>\n<p>&nbsp;<\/p>\n<table border=\"1\" width=\"662\">\n<tbody>\n<tr class=\"firstRow\">\n<td colspan=\"2\" valign=\"center\" width=\"662\"><strong>Description et sp\u00e9cifications de la d\u00e9coupeuse laser \u00e0 fibre :<\/strong><\/td>\n<\/tr>\n<tr>\n<td valign=\"top\" width=\"224\">Mod\u00e8le<\/td>\n<td valign=\"top\" width=\"438\">FB3015<\/td>\n<\/tr>\n<tr>\n<td valign=\"center\" width=\"224\">Zone de travail<\/td>\n<td valign=\"center\" width=\"438\">1500mm*3000MM<\/td>\n<\/tr>\n<tr>\n<td valign=\"center\" width=\"224\">Transmission<\/td>\n<td valign=\"center\" width=\"438\">Pignon cr\u00e9maill\u00e8re - marque GERMANY ATLANTA<\/td>\n<\/tr>\n<tr>\n<td valign=\"center\" width=\"224\">Syst\u00e8me de conduite<\/td>\n<td valign=\"center\" width=\"438\">Servo Japon<\/td>\n<\/tr>\n<tr>\n<td valign=\"center\" width=\"224\">Puissance du laser<\/td>\n<td valign=\"center\" width=\"438\">1kw 1.5kw 2kw 3kw 4kw 6kw raycus ou IPG fiber generator<\/td>\n<\/tr>\n<tr>\n<td valign=\"center\" width=\"224\">Syst\u00e8me de guidage<\/td>\n<td valign=\"center\" width=\"438\">Rail carr\u00e9 de Ta\u00efwan<\/td>\n<\/tr>\n<tr>\n<td valign=\"center\" width=\"224\">Vis \u00e0 bille<\/td>\n<td valign=\"center\" width=\"438\">Marque TBI Ta\u00efwan<\/td>\n<\/tr>\n<tr>\n<td valign=\"center\" width=\"224\">Syst\u00e8me de contr\u00f4le<\/td>\n<td valign=\"center\" width=\"438\">Contr\u00f4leur Cypcut<\/td>\n<\/tr>\n<tr>\n<td valign=\"center\" width=\"224\">R\u00e9ducteur<\/td>\n<td valign=\"center\" width=\"438\">Marque Motovario<\/td>\n<\/tr>\n<tr>\n<td valign=\"center\" width=\"224\">Vitesse de d\u00e9placement maximale<\/td>\n<td valign=\"center\" width=\"438\">100m\/min<\/td>\n<\/tr>\n<tr>\n<td valign=\"center\" width=\"224\">Vitesse de coupe maximale<\/td>\n<td valign=\"center\" width=\"438\">30-40m\/min<\/td>\n<\/tr>\n<tr>\n<td valign=\"center\" width=\"224\">Largeur minimale de la ligne de coupe<\/td>\n<td valign=\"center\" width=\"438\">0,02 mm<\/td>\n<\/tr>\n<tr>\n<td valign=\"center\" width=\"224\">Mat\u00e9riau applicable<\/td>\n<td valign=\"center\" width=\"438\">Acier inoxydable, acier au carbone, aluminium, cuivre, plaques de titane, fer, etc.<\/td>\n<\/tr>\n<tr>\n<td valign=\"center\" width=\"224\">Epaisseur de coupe<\/td>\n<td valign=\"center\" width=\"438\">Acier inoxydable 8 mm, acier au carbone 20 mm<\/td>\n<\/tr>\n<tr>\n<td valign=\"center\" width=\"224\">Surface totale de la machine<\/td>\n<td valign=\"center\" width=\"438\">7\u00d72.2\u00d71.9m<\/td>\n<\/tr>\n<tr>\n<td valign=\"center\" width=\"224\">Poids de la machine<\/td>\n<td valign=\"center\" width=\"438\">3000kg<\/td>\n<\/tr>\n<tr>\n<td valign=\"center\" width=\"224\">Puissance de travail<\/td>\n<td valign=\"center\" width=\"438\">AC380V 3 phases 50HZ<\/td>\n<\/tr>\n<tr>\n<td valign=\"center\" width=\"224\">Garantie<\/td>\n<td valign=\"center\" width=\"438\">2 ans<\/td>\n<\/tr>\n<\/tbody>\n<\/table>\n<p>&nbsp;<\/p>\n<p><strong>Application :<\/strong><\/p>\n<p>Il peut couper de nombreux types de t\u00f4les et de tuyaux (il est possible d'utiliser un dispositif de coupe de tuyaux et un dispositif de coupe de tuyaux). Il convient principalement \u00e0 la d\u00e9coupe rapide de l'acier inoxydable, de l'acier au carbone, de l'acier galvanis\u00e9, de la t\u00f4le \u00e9lectrolytique, de la t\u00f4le en laiton, de la t\u00f4le en aluminium, de l'acier au mangan\u00e8se, de diverses t\u00f4les d'alliage, de m\u00e9taux rares et d'autres mat\u00e9riaux.<\/p>\n<p>La machine de d\u00e9coupe laser \u00e0 fibre optique avec t\u00f4le et tube int\u00e9gr\u00e9s peut d\u00e9couper des t\u00f4les et des tubes m\u00e9talliques. Elle permet d'\u00e9conomiser plus de 50% d'espace et d'am\u00e9liorer l'efficacit\u00e9 de la production.<\/p>\n<p>&nbsp;<\/p>\n<p><strong>Avantages du laser \u00e0 fibre<\/strong><\/p>\n<p>1. Efficacit\u00e9 de conversion \u00e9lectro-optique \u00e9lev\u00e9e, 300% plus efficace que le laser CO2<\/p>\n<p>2. Faible co\u00fbt d'exploitation et de maintenance, seulement 6% de laser CO2<\/p>\n<p>3. Vitesse de coupe \u00e9lev\u00e9e, 600%~1000% plus rapide que le laser CO2.<\/p>\n<p>4. Petite taille, poids l\u00e9ger, position de travail mobile et encombrement minimal.<\/p>\n<p>&nbsp;<\/p>\n<p><strong>POURQUOI choisir notre machine de d\u00e9coupe laser \u00e0 fibre<\/strong><\/p>\n<p><strong><em>Axe Z stable et syst\u00e8me de mise au point automatique<\/em><\/strong><\/p>\n<p>La t\u00eate laser est \u00e9quip\u00e9e d'une t\u00eate de coupe Raytools, capable de r\u00e9gler automatiquement la longueur focale, de garantir la meilleure qualit\u00e9 de coupe, d'emp\u00eacher le rebut du mat\u00e9riau caus\u00e9 par le changement de longueur focale lorsque le m\u00e9tal n'est pas plat. Gr\u00e2ce au dispositif de d\u00e9tection sans contact, contr\u00f4l\u00e9 par le syst\u00e8me, il est possible d'obtenir une fonction flottante stable de l'axe Z, d'\u00e9liminer les effets n\u00e9gatifs caus\u00e9s par le mat\u00e9riau non plat.<\/p>\n<p>&nbsp;<\/p>\n<p><strong><em>Coque de la machine \/ Machine d'accueil<\/em><\/strong><\/p>\n<p>La machine de d\u00e9coupe \u00e0 grande \u00e9chelle p\u00e8se 3,7 tonnes. Nous tenons compte du co\u00fbt de production, de la stabilit\u00e9 et de la qualit\u00e9 de la machine. Apr\u00e8s de nombreux remaniements, nous avons adopt\u00e9 un design final simple mais solide. Ces machines sont produites par des \u00e9quipements professionnels de grande taille provenant de l'industrie militaire et ont subi un traitement de vieillissement, ce qui garantit leur durabilit\u00e9 pour une utilisation \u00e0 long terme.<\/p>\n<p><strong><em>\u00a0<\/em><\/strong><\/p>\n<p><strong><em>Transmission<\/em><\/strong><\/p>\n<p>La machine est \u00e9quip\u00e9e d'un syst\u00e8me de vis \u00e0 billes de haute pr\u00e9cision de marque r\u00e9put\u00e9e, d'un guide lin\u00e9aire et d'un syst\u00e8me d'entra\u00eenement motoris\u00e9, ce qui garantit la pr\u00e9cision du traitement. Le syst\u00e8me de transmission peut s'adapter sans probl\u00e8me au syst\u00e8me de contr\u00f4le CNC.<\/p>\n<p><strong><em>\u00a0<\/em><\/strong><\/p>\n<p><strong><em>Syst\u00e8me de contr\u00f4le<\/em><\/strong><\/p>\n<p>L'\u00e9cran tactile est facile \u00e0 utiliser. Le logiciel de d\u00e9coupe professionnel permet de concevoir toutes sortes de graphiques et de textes et prend en charge les logiciels CAD et CorelDraw.<\/p>\n<p>&nbsp;<\/p>","protected":false},"excerpt":{"rendered":"<p><strong>Mat\u00e9riaux applicables et industrie<\/strong><strong>y<\/strong><strong>:<\/strong><\/p>\n<p>Convient \u00e0 la d\u00e9coupe pr\u00e9cise de l'acier inoxydable, de l'acier au carbone et d'autres mat\u00e9riaux m\u00e9talliques, applicable \u00e0 la technologie a\u00e9rospatiale, aux fus\u00e9es, aux avions, aux robots, aux ascenseurs, aux bateaux \u00e0 vapeur et \u00e0 la fabrication d'automobiles, ainsi qu'\u00e0 l'industrie de transformation des pi\u00e8ces m\u00e9talliques pour les plaques m\u00e9talliques, la publicit\u00e9, les ustensiles de cuisine, les outils \u00e0 embout, la quincaillerie, etc.<\/p>","protected":false},"featured_media":3512,"template":"","meta":{"_seopress_robots_primary_cat":"","_seopress_titles_title":"","_seopress_titles_desc":"","_seopress_robots_index":"","_uag_custom_page_level_css":"","site-sidebar-layout":"default","site-content-layout":"","ast-site-content-layout":"default","site-content-style":"default","site-sidebar-style":"default","ast-global-header-display":"","ast-banner-title-visibility":"","ast-main-header-display":"","ast-hfb-above-header-display":"","ast-hfb-below-header-display":"","ast-hfb-mobile-header-display":"","site-post-title":"","ast-breadcrumbs-content":"","ast-featured-img":"","footer-sml-layout":"","ast-disable-related-posts":"","theme-transparent-header-meta":"default","adv-header-id-meta":"","stick-header-meta":"default","header-above-stick-meta":"","header-main-stick-meta":"","header-below-stick-meta":"","astra-migrate-meta-layouts":"set","ast-page-background-enabled":"default","ast-page-background-meta":{"desktop":{"background-color":"","background-image":"","background-repeat":"repeat","background-position":"center center","background-size":"auto","background-attachment":"scroll","background-type":"","background-media":"","overlay-type":"","overlay-color":"","overlay-opacity":"","overlay-gradient":""},"tablet":{"background-color":"","background-image":"","background-repeat":"repeat","background-position":"center center","background-size":"auto","background-attachment":"scroll","background-type":"","background-media":"","overlay-type":"","overlay-color":"","overlay-opacity":"","overlay-gradient":""},"mobile":{"background-color":"","background-image":"","background-repeat":"repeat","background-position":"center center","background-size":"auto","background-attachment":"scroll","background-type":"","background-media":"","overlay-type":"","overlay-color":"","overlay-opacity":"","overlay-gradient":""}},"ast-content-background-meta":{"desktop":{"background-color":"var(--ast-global-color-5)","background-image":"","background-repeat":"repeat","background-position":"center center","background-size":"auto","background-attachment":"scroll","background-type":"","background-media":"","overlay-type":"","overlay-color":"","overlay-opacity":"","overlay-gradient":""},"tablet":{"background-color":"var(--ast-global-color-5)","background-image":"","background-repeat":"repeat","background-position":"center center","background-size":"auto","background-attachment":"scroll","background-type":"","background-media":"","overlay-type":"","overlay-color":"","overlay-opacity":"","overlay-gradient":""},"mobile":{"background-color":"var(--ast-global-color-5)","background-image":"","background-repeat":"repeat","background-position":"center center","background-size":"auto","background-attachment":"scroll","background-type":"","background-media":"","overlay-type":"","overlay-color":"","overlay-opacity":"","overlay-gradient":""}}},"product_brand":[],"product_cat":[57],"product_tag":[],"class_list":{"0":"post-3509","1":"product","2":"type-product","3":"status-publish","4":"has-post-thumbnail","6":"product_cat-fiberlaser","7":"desktop-align-left","8":"tablet-align-left","9":"mobile-align-left","10":"ast-product-gallery-layout-horizontal-slider","11":"ast-product-gallery-with-no-image","12":"ast-product-tabs-layout-horizontal","14":"first","15":"instock","16":"shipping-taxable","17":"product-type-simple"},"uagb_featured_image_src":{"full":["https:\/\/wisecnclaser.com\/wp-content\/uploads\/2025\/05\/d52f9a22eccb0aae42b0c5f0abd2625c.png",600,600,false],"thumbnail":["https:\/\/wisecnclaser.com\/wp-content\/uploads\/2025\/05\/d52f9a22eccb0aae42b0c5f0abd2625c-150x150.png",150,150,true],"medium":["https:\/\/wisecnclaser.com\/wp-content\/uploads\/2025\/05\/d52f9a22eccb0aae42b0c5f0abd2625c-300x300.png",300,300,true],"medium_large":["https:\/\/wisecnclaser.com\/wp-content\/uploads\/2025\/05\/d52f9a22eccb0aae42b0c5f0abd2625c.png",600,600,false],"large":["https:\/\/wisecnclaser.com\/wp-content\/uploads\/2025\/05\/d52f9a22eccb0aae42b0c5f0abd2625c.png",600,600,false],"1536x1536":["https:\/\/wisecnclaser.com\/wp-content\/uploads\/2025\/05\/d52f9a22eccb0aae42b0c5f0abd2625c.png",600,600,false],"2048x2048":["https:\/\/wisecnclaser.com\/wp-content\/uploads\/2025\/05\/d52f9a22eccb0aae42b0c5f0abd2625c.png",600,600,false],"trp-custom-language-flag":["https:\/\/wisecnclaser.com\/wp-content\/uploads\/2025\/05\/d52f9a22eccb0aae42b0c5f0abd2625c-12x12.png",12,12,true],"woocommerce_thumbnail":["https:\/\/wisecnclaser.com\/wp-content\/uploads\/2025\/05\/d52f9a22eccb0aae42b0c5f0abd2625c-300x300.png",300,300,true],"woocommerce_single":["https:\/\/wisecnclaser.com\/wp-content\/uploads\/2025\/05\/d52f9a22eccb0aae42b0c5f0abd2625c.png",600,600,false],"woocommerce_gallery_thumbnail":["https:\/\/wisecnclaser.com\/wp-content\/uploads\/2025\/05\/d52f9a22eccb0aae42b0c5f0abd2625c-100x100.png",100,100,true]},"uagb_author_info":{"display_name":"jinxing6611@gmail.com","author_link":"https:\/\/wisecnclaser.com\/fr\/author\/"},"uagb_comment_info":0,"uagb_excerpt":"Applicable materials and industry: Suitable for stainless steel, carbon steel and some other metal materials precise cutting, applicable for aerospace technology, rocket, plane, robot, elevator, steamship and automobile manufacturing and metal parts processing industry for metal plate, advertisement, kitchen ware, bit tool, hardware etc","_links":{"self":[{"href":"https:\/\/wisecnclaser.com\/fr\/wp-json\/wp\/v2\/product\/3509","targetHints":{"allow":["GET"]}}],"collection":[{"href":"https:\/\/wisecnclaser.com\/fr\/wp-json\/wp\/v2\/product"}],"about":[{"href":"https:\/\/wisecnclaser.com\/fr\/wp-json\/wp\/v2\/types\/product"}],"wp:featuredmedia":[{"embeddable":true,"href":"https:\/\/wisecnclaser.com\/fr\/wp-json\/wp\/v2\/media\/3512"}],"wp:attachment":[{"href":"https:\/\/wisecnclaser.com\/fr\/wp-json\/wp\/v2\/media?parent=3509"}],"wp:term":[{"taxonomy":"product_brand","embeddable":true,"href":"https:\/\/wisecnclaser.com\/fr\/wp-json\/wp\/v2\/product_brand?post=3509"},{"taxonomy":"product_cat","embeddable":true,"href":"https:\/\/wisecnclaser.com\/fr\/wp-json\/wp\/v2\/product_cat?post=3509"},{"taxonomy":"product_tag","embeddable":true,"href":"https:\/\/wisecnclaser.com\/fr\/wp-json\/wp\/v2\/product_tag?post=3509"}],"curies":[{"name":"wp","href":"https:\/\/api.w.org\/{rel}","templated":true}]}}