{"id":3513,"date":"2025-05-22T22:41:30","date_gmt":"2025-05-22T22:41:30","guid":{"rendered":"https:\/\/wisecnclaser.com\/?post_type=product&#038;p=3513"},"modified":"2025-05-22T22:41:30","modified_gmt":"2025-05-22T22:41:30","slug":"desk-type-fiber-laser-marking-machine","status":"publish","type":"product","link":"https:\/\/wisecnclaser.com\/fr\/produit\/desk-type-fiber-laser-marking-machine\/","title":{"rendered":"Machine de marquage laser \u00e0 fibre de type bureau"},"content":{"rendered":"<p><strong>Description :<\/strong><\/p>\n<p>Application d'un module de fibre avanc\u00e9, faisceau de sortie de haute qualit\u00e9, adapt\u00e9 au marquage d\u00e9licat, peut contr\u00f4ler la taille, la profondeur et la forme avec pr\u00e9cision. Petite taille et vitesse de traitement rapide, faible consommation d'\u00e9nergie, longue dur\u00e9e de vie, peut graver toutes sortes de mat\u00e9riaux m\u00e9talliques et non m\u00e9talliques.<\/p>\n<p><strong>Caract\u00e9ristiques principales :<\/strong><\/p>\n<p>&nbsp;<\/p>\n<p>1. Trajectoire laser de haute qualit\u00e9 convenant au marquage d\u00e9licat. Se rapproche de la limite de diffraction. Exportation du TEMOO du mode transversal fondamental. M2 proche de 1. L'angle de divergence du faisceau n'est que le quart de celui d'un laser \u00e0 diode. Le diam\u00e8tre du point focal ne d\u00e9passe pas 20 um.<br \/>\n2. Le taux \u00e9lev\u00e9 de r\u00e9p\u00e9tition des impulsions et la puissance stable permettent un marquage laser \u00e0 grande vitesse. La surtension de la puissance d'impulsion de l'unit\u00e9 est inf\u00e9rieure \u00e0 celle de 1%. Contr\u00f4le facile de la taille, de l'\u00e9paisseur et de la forme des points laser.<br \/>\n3. Vitesse \u00e9lev\u00e9e 2 \u00e0 3 fois sup\u00e9rieure \u00e0 celle des machines de marquage traditionnelles \u00e0 pompe \u00e0 diode.<br \/>\n4. Taille de la machine intelligente \u00e0 refroidissement par air !<br \/>\n5. Longue dur\u00e9e de vie. Tr\u00e8s faible consommation d'\u00e9nergie de 0,5 kw. Efficacit\u00e9 de conversion sup\u00e9rieure \u00e0 30% (ne convient pas au marquage couleur de l'acier inoxydable).<\/p>\n<p>&nbsp;<\/p>\n<p>&nbsp;<\/p>\n<table border=\"1\" width=\"662\">\n<tbody>\n<tr class=\"firstRow\">\n<td colspan=\"2\" valign=\"center\" width=\"662\"><strong>Description et sp\u00e9cifications de la machine de marquage laser \u00e0 fibre de type bureau :<\/strong><\/td>\n<\/tr>\n<tr>\n<td valign=\"top\" width=\"224\">Num\u00e9ro d'article<\/td>\n<td valign=\"top\" width=\"438\">WS20 WS30 WS50<\/td>\n<\/tr>\n<tr>\n<td valign=\"top\" width=\"224\">Puissance du laser<\/td>\n<td valign=\"top\" width=\"438\">20W 30W 50W<\/td>\n<\/tr>\n<tr>\n<td valign=\"top\" width=\"224\">Longueur d'onde du laser<\/td>\n<td valign=\"top\" width=\"438\">1064nm<\/td>\n<\/tr>\n<tr>\n<td valign=\"top\" width=\"224\">Gamme de marquage<\/td>\n<td valign=\"top\" width=\"438\">110mm\u00d7110mm<\/td>\n<\/tr>\n<tr>\n<td valign=\"top\" width=\"224\">Vitesse de marquage<\/td>\n<td valign=\"top\" width=\"438\">\u22648000mm\/s<\/td>\n<\/tr>\n<tr>\n<td valign=\"top\" width=\"224\">Caract\u00e8re minimum<\/td>\n<td valign=\"top\" width=\"438\">0,2 mm<\/td>\n<\/tr>\n<tr>\n<td valign=\"top\" width=\"224\">Largeur minimale des lignes<\/td>\n<td valign=\"top\" width=\"438\">0,015 mm<\/td>\n<\/tr>\n<tr>\n<td valign=\"top\" width=\"224\">Pr\u00e9cision de la r\u00e9p\u00e9tition<\/td>\n<td valign=\"top\" width=\"438\">\u00b10,001 mm<\/td>\n<\/tr>\n<tr>\n<td valign=\"top\" width=\"224\">Stabilit\u00e9 de la puissance<\/td>\n<td valign=\"top\" width=\"438\">&lt;5%rms<\/td>\n<\/tr>\n<tr>\n<td valign=\"top\" width=\"224\">Profondeur de marquage<\/td>\n<td valign=\"top\" width=\"438\">0,3 mm<\/td>\n<\/tr>\n<tr>\n<td valign=\"top\" width=\"224\">Qualit\u00e9 du faisceau laser<\/td>\n<td valign=\"top\" width=\"438\">M2\uff1c1.2<\/td>\n<\/tr>\n<tr>\n<td valign=\"top\" width=\"224\">Fr\u00e9quence de r\u00e9p\u00e9tition<\/td>\n<td valign=\"top\" width=\"438\">20KHz-80KHz<\/td>\n<\/tr>\n<tr>\n<td valign=\"top\" width=\"224\">Syst\u00e8me de refroidissement<\/td>\n<td valign=\"top\" width=\"438\">Refroidissement par air<\/td>\n<\/tr>\n<tr>\n<td valign=\"top\" width=\"224\">Langage logiciel<\/td>\n<td valign=\"top\" width=\"438\">Anglais<\/td>\n<\/tr>\n<tr>\n<td valign=\"top\" width=\"224\">Alimentation \u00e9lectrique<\/td>\n<td valign=\"top\" width=\"438\">220V\/50Hz<\/td>\n<\/tr>\n<tr>\n<td valign=\"top\" width=\"224\">Format de support<\/td>\n<td valign=\"top\" width=\"438\">BMP, GIF, JPG, PCX, TGA, TIFF, PLT, CDR, DMG, DXF, etc.<\/td>\n<\/tr>\n<tr>\n<td valign=\"top\" width=\"224\">Puissance g\u00e9n\u00e9rale<\/td>\n<td valign=\"top\" width=\"438\">0,5KW<\/td>\n<\/tr>\n<tr>\n<td valign=\"top\" width=\"224\">Dimensions de la machine<\/td>\n<td valign=\"top\" width=\"438\">0,72*1*1,12 m\u00e8tre<\/td>\n<\/tr>\n<tr>\n<td valign=\"top\" width=\"224\">Poids net<\/td>\n<td valign=\"top\" width=\"438\">140KG<\/td>\n<\/tr>\n<\/tbody>\n<\/table>","protected":false},"excerpt":{"rendered":"<p>Description :<\/p>\n<p>Application d'un module de fibre avanc\u00e9, faisceau de sortie de haute qualit\u00e9, adapt\u00e9 au marquage d\u00e9licat, peut contr\u00f4ler la taille, la profondeur et la forme avec pr\u00e9cision. Petite taille et vitesse de traitement rapide, faible consommation d'\u00e9nergie, longue dur\u00e9e de vie, peut graver toutes sortes de mat\u00e9riaux m\u00e9talliques et non m\u00e9talliques.<\/p>","protected":false},"featured_media":3516,"template":"","meta":{"_seopress_robots_primary_cat":"","_seopress_titles_title":"","_seopress_titles_desc":"","_seopress_robots_index":"","_uag_custom_page_level_css":"","site-sidebar-layout":"default","site-content-layout":"","ast-site-content-layout":"default","site-content-style":"default","site-sidebar-style":"default","ast-global-header-display":"","ast-banner-title-visibility":"","ast-main-header-display":"","ast-hfb-above-header-display":"","ast-hfb-below-header-display":"","ast-hfb-mobile-header-display":"","site-post-title":"","ast-breadcrumbs-content":"","ast-featured-img":"","footer-sml-layout":"","ast-disable-related-posts":"","theme-transparent-header-meta":"default","adv-header-id-meta":"","stick-header-meta":"default","header-above-stick-meta":"","header-main-stick-meta":"","header-below-stick-meta":"","astra-migrate-meta-layouts":"set","ast-page-background-enabled":"default","ast-page-background-meta":{"desktop":{"background-color":"","background-image":"","background-repeat":"repeat","background-position":"center center","background-size":"auto","background-attachment":"scroll","background-type":"","background-media":"","overlay-type":"","overlay-color":"","overlay-opacity":"","overlay-gradient":""},"tablet":{"background-color":"","background-image":"","background-repeat":"repeat","background-position":"center center","background-size":"auto","background-attachment":"scroll","background-type":"","background-media":"","overlay-type":"","overlay-color":"","overlay-opacity":"","overlay-gradient":""},"mobile":{"background-color":"","background-image":"","background-repeat":"repeat","background-position":"center center","background-size":"auto","background-attachment":"scroll","background-type":"","background-media":"","overlay-type":"","overlay-color":"","overlay-opacity":"","overlay-gradient":""}},"ast-content-background-meta":{"desktop":{"background-color":"var(--ast-global-color-5)","background-image":"","background-repeat":"repeat","background-position":"center center","background-size":"auto","background-attachment":"scroll","background-type":"","background-media":"","overlay-type":"","overlay-color":"","overlay-opacity":"","overlay-gradient":""},"tablet":{"background-color":"var(--ast-global-color-5)","background-image":"","background-repeat":"repeat","background-position":"center center","background-size":"auto","background-attachment":"scroll","background-type":"","background-media":"","overlay-type":"","overlay-color":"","overlay-opacity":"","overlay-gradient":""},"mobile":{"background-color":"var(--ast-global-color-5)","background-image":"","background-repeat":"repeat","background-position":"center center","background-size":"auto","background-attachment":"scroll","background-type":"","background-media":"","overlay-type":"","overlay-color":"","overlay-opacity":"","overlay-gradient":""}}},"product_brand":[],"product_cat":[57],"product_tag":[],"class_list":{"0":"post-3513","1":"product","2":"type-product","3":"status-publish","4":"has-post-thumbnail","6":"product_cat-fiberlaser","7":"desktop-align-left","8":"tablet-align-left","9":"mobile-align-left","10":"ast-product-gallery-layout-horizontal-slider","11":"ast-product-gallery-with-no-image","12":"ast-product-tabs-layout-horizontal","14":"first","15":"instock","16":"shipping-taxable","17":"product-type-simple"},"uagb_featured_image_src":{"full":["https:\/\/wisecnclaser.com\/wp-content\/uploads\/2025\/05\/2b5f9acff84fc48d5cc5bae91639091b.jpg",800,800,false],"thumbnail":["https:\/\/wisecnclaser.com\/wp-content\/uploads\/2025\/05\/2b5f9acff84fc48d5cc5bae91639091b-150x150.jpg",150,150,true],"medium":["https:\/\/wisecnclaser.com\/wp-content\/uploads\/2025\/05\/2b5f9acff84fc48d5cc5bae91639091b-300x300.jpg",300,300,true],"medium_large":["https:\/\/wisecnclaser.com\/wp-content\/uploads\/2025\/05\/2b5f9acff84fc48d5cc5bae91639091b-768x768.jpg",768,768,true],"large":["https:\/\/wisecnclaser.com\/wp-content\/uploads\/2025\/05\/2b5f9acff84fc48d5cc5bae91639091b.jpg",800,800,false],"1536x1536":["https:\/\/wisecnclaser.com\/wp-content\/uploads\/2025\/05\/2b5f9acff84fc48d5cc5bae91639091b.jpg",800,800,false],"2048x2048":["https:\/\/wisecnclaser.com\/wp-content\/uploads\/2025\/05\/2b5f9acff84fc48d5cc5bae91639091b.jpg",800,800,false],"trp-custom-language-flag":["https:\/\/wisecnclaser.com\/wp-content\/uploads\/2025\/05\/2b5f9acff84fc48d5cc5bae91639091b-12x12.jpg",12,12,true],"woocommerce_thumbnail":["https:\/\/wisecnclaser.com\/wp-content\/uploads\/2025\/05\/2b5f9acff84fc48d5cc5bae91639091b-300x300.jpg",300,300,true],"woocommerce_single":["https:\/\/wisecnclaser.com\/wp-content\/uploads\/2025\/05\/2b5f9acff84fc48d5cc5bae91639091b-600x600.jpg",600,600,true],"woocommerce_gallery_thumbnail":["https:\/\/wisecnclaser.com\/wp-content\/uploads\/2025\/05\/2b5f9acff84fc48d5cc5bae91639091b-100x100.jpg",100,100,true]},"uagb_author_info":{"display_name":"jinxing6611@gmail.com","author_link":"https:\/\/wisecnclaser.com\/fr\/author\/"},"uagb_comment_info":0,"uagb_excerpt":"Description: Application of advanced fiber module, high quality output beam, suitable for delicate marking, can control size, depth, and shape accurately. Small size and fast processing speed, low energy consumption, long service life, can engrave all kinds of metal and nonmetal materials.","_links":{"self":[{"href":"https:\/\/wisecnclaser.com\/fr\/wp-json\/wp\/v2\/product\/3513","targetHints":{"allow":["GET"]}}],"collection":[{"href":"https:\/\/wisecnclaser.com\/fr\/wp-json\/wp\/v2\/product"}],"about":[{"href":"https:\/\/wisecnclaser.com\/fr\/wp-json\/wp\/v2\/types\/product"}],"wp:featuredmedia":[{"embeddable":true,"href":"https:\/\/wisecnclaser.com\/fr\/wp-json\/wp\/v2\/media\/3516"}],"wp:attachment":[{"href":"https:\/\/wisecnclaser.com\/fr\/wp-json\/wp\/v2\/media?parent=3513"}],"wp:term":[{"taxonomy":"product_brand","embeddable":true,"href":"https:\/\/wisecnclaser.com\/fr\/wp-json\/wp\/v2\/product_brand?post=3513"},{"taxonomy":"product_cat","embeddable":true,"href":"https:\/\/wisecnclaser.com\/fr\/wp-json\/wp\/v2\/product_cat?post=3513"},{"taxonomy":"product_tag","embeddable":true,"href":"https:\/\/wisecnclaser.com\/fr\/wp-json\/wp\/v2\/product_tag?post=3513"}],"curies":[{"name":"wp","href":"https:\/\/api.w.org\/{rel}","templated":true}]}}