{"id":3529,"date":"2025-05-22T22:53:30","date_gmt":"2025-05-22T22:53:30","guid":{"rendered":"https:\/\/wisecnclaser.com\/?post_type=product&#038;p=3529"},"modified":"2025-05-22T22:53:30","modified_gmt":"2025-05-22T22:53:30","slug":"professional-metal-tube-fiber-laser-cutting-machine","status":"publish","type":"product","link":"https:\/\/wisecnclaser.com\/fr\/produit\/professional-metal-tube-fiber-laser-cutting-machine\/","title":{"rendered":"Machine professionnelle de d\u00e9coupe laser de tubes m\u00e9talliques"},"content":{"rendered":"<p>La FB6016T est une machine de d\u00e9coupe de tubes au laser \u00e9conomique et pratique qui r\u00e9pond \u00e0 la demande du march\u00e9 et s'adresse aux utilisateurs finaux de traitement de tubes par lots. Ce type de machine est tr\u00e8s rentable. La machine de 6m peut couper 6,5m au maximum, et le mat\u00e9riau de queue est de 90mm au minimum. C'est un choix id\u00e9al pour les entreprises de traitement des tubes. La machine, de la s\u00e9lection de la configuration au processus d'assemblage, en passant par la formation et le service apr\u00e8s-vente, permet de cr\u00e9er une machine de d\u00e9coupe de tubes au laser abordable pour les clients !<\/p>\n<p><strong>Mat\u00e9riaux et industrie applicables :<\/strong><\/p>\n<p>Convient \u00e0 la d\u00e9coupe pr\u00e9cise de l'acier inoxydable, de l'acier au carbone et d'autres mat\u00e9riaux m\u00e9talliques, applicable \u00e0 la technologie a\u00e9rospatiale, aux fus\u00e9es, aux avions, aux robots, aux ascenseurs, aux bateaux \u00e0 vapeur et \u00e0 la fabrication d'automobiles, ainsi qu'\u00e0 l'industrie de transformation des pi\u00e8ces m\u00e9talliques pour les plaques m\u00e9talliques, la publicit\u00e9, les ustensiles de cuisine, les outils \u00e0 embout, la quincaillerie, etc.<\/p>\n<table border=\"1\" width=\"662\">\n<tbody>\n<tr class=\"firstRow\">\n<td colspan=\"2\" valign=\"center\" width=\"662\"><strong>Description et sp\u00e9cifications de la machine de d\u00e9coupe de tubes m\u00e9talliques par laser \u00e0 fibre :<\/strong><\/td>\n<\/tr>\n<tr>\n<td valign=\"top\" width=\"224\">Mod\u00e8le<\/td>\n<td valign=\"top\" width=\"438\">FB6016T<\/td>\n<\/tr>\n<tr>\n<td valign=\"center\" width=\"224\">Taille de travail<\/td>\n<td valign=\"center\" width=\"438\">Tube rond \u03c620-\u03c6160, tube carr\u00e9 longueur lat\u00e9rale \u2264 100<\/p>\n<p>Longueur lat\u00e9rale du tube carr\u00e9 \u2264 100, longueur du tube \u2264 6000<\/td>\n<\/tr>\n<tr>\n<td valign=\"center\" width=\"224\">Taille de travail de l'axe X<\/td>\n<td valign=\"center\" width=\"438\">160 mm<\/td>\n<\/tr>\n<tr>\n<td valign=\"center\" width=\"224\">Taille de travail de l'axe Y<\/td>\n<td valign=\"center\" width=\"438\">6000mm<\/td>\n<\/tr>\n<tr>\n<td valign=\"center\" width=\"224\">Taille de travail de l'axe Z<\/td>\n<td valign=\"center\" width=\"438\">120 mm<\/td>\n<\/tr>\n<tr>\n<td valign=\"center\" width=\"224\">Pr\u00e9cision du repositionnement<\/td>\n<td valign=\"center\" width=\"438\">+\/0,03 mm<\/td>\n<\/tr>\n<tr>\n<td valign=\"center\" width=\"224\">Pr\u00e9cision du positionnement<\/td>\n<td valign=\"center\" width=\"438\">+\/-0,05 mm<\/td>\n<\/tr>\n<tr>\n<td valign=\"center\" width=\"224\">Acc\u00e9l\u00e9ration<\/td>\n<td valign=\"center\" width=\"438\">1GB m\/s\u00b2<\/td>\n<\/tr>\n<tr>\n<td valign=\"center\" width=\"224\">Axe X Y Vitesse de marche maximale<\/td>\n<td valign=\"center\" width=\"438\">70 m\/min<\/td>\n<\/tr>\n<tr>\n<td valign=\"center\" width=\"224\">Vitesse maximale du mandrin<\/td>\n<td valign=\"center\" width=\"438\">100 r\/min<\/td>\n<\/tr>\n<tr>\n<td valign=\"center\" width=\"224\">Longueur du mat\u00e9riau de la queue<\/td>\n<td valign=\"center\" width=\"438\">\u226590mm \uff08slightly different according to the specific pipe)\uff09<\/td>\n<\/tr>\n<tr>\n<td valign=\"center\" width=\"224\">Taille totale de la machine<\/td>\n<td valign=\"center\" width=\"438\">8900\u00d71350\u00d71750mm mm<\/td>\n<\/tr>\n<tr>\n<td valign=\"center\" width=\"224\">Puissance du laser<\/td>\n<td valign=\"center\" width=\"438\">1kw 1,5kw 2kw 3kw 4kw 6kw<\/td>\n<\/tr>\n<tr>\n<td valign=\"center\" width=\"224\">Syst\u00e8me de contr\u00f4le<\/td>\n<td valign=\"center\" width=\"438\">Cyptube<\/td>\n<\/tr>\n<tr>\n<td valign=\"center\" width=\"224\">Puissance totale de la machine<\/td>\n<td valign=\"center\" width=\"438\">14kw<\/td>\n<\/tr>\n<tr>\n<td valign=\"center\" width=\"224\">Puissance de travail<\/td>\n<td valign=\"center\" width=\"438\">AC380V 3 phases 50HZ<\/td>\n<\/tr>\n<tr>\n<td valign=\"center\" width=\"224\">Garantie<\/td>\n<td valign=\"center\" width=\"438\">2 ans<\/td>\n<\/tr>\n<\/tbody>\n<\/table>\n<p><strong>Application :<\/strong><\/p>\n<p>Il peut couper de nombreux types de t\u00f4les et de tuyaux (il est possible d'utiliser un dispositif de coupe de tuyaux et un dispositif de coupe de tuyaux). Il convient principalement \u00e0 la d\u00e9coupe rapide de l'acier inoxydable, de l'acier au carbone, de l'acier galvanis\u00e9, de la t\u00f4le \u00e9lectrolytique, de la t\u00f4le en laiton, de la t\u00f4le en aluminium, de l'acier au mangan\u00e8se, de diverses t\u00f4les d'alliage, de m\u00e9taux rares et d'autres mat\u00e9riaux.<\/p>\n<p>La machine de d\u00e9coupe laser \u00e0 fibre optique avec t\u00f4le et tube int\u00e9gr\u00e9s peut d\u00e9couper des t\u00f4les et des tubes m\u00e9talliques. Elle permet d'\u00e9conomiser plus de 50% d'espace et d'am\u00e9liorer l'efficacit\u00e9 de la production.<\/p>\n<p>&nbsp;<\/p>","protected":false},"excerpt":{"rendered":"<p>La FB6016T est une machine de d\u00e9coupe de tubes au laser \u00e9conomique et pratique qui r\u00e9pond \u00e0 la demande du march\u00e9 et s'adresse aux utilisateurs finaux de traitement de tubes par lots. Ce type de machine est tr\u00e8s rentable. La machine de 6m peut couper 6,5m au maximum, et le mat\u00e9riau de queue est de 90mm au minimum. C'est un choix id\u00e9al pour les entreprises de traitement des tubes. La machine, de la s\u00e9lection de la configuration au processus d'assemblage, en passant par la formation et le service apr\u00e8s-vente, permet de cr\u00e9er une machine de d\u00e9coupe de tubes au laser abordable pour les clients !<\/p>","protected":false},"featured_media":3532,"template":"","meta":{"_seopress_robots_primary_cat":"","_seopress_titles_title":"","_seopress_titles_desc":"","_seopress_robots_index":"","_uag_custom_page_level_css":"","site-sidebar-layout":"default","site-content-layout":"","ast-site-content-layout":"default","site-content-style":"default","site-sidebar-style":"default","ast-global-header-display":"","ast-banner-title-visibility":"","ast-main-header-display":"","ast-hfb-above-header-display":"","ast-hfb-below-header-display":"","ast-hfb-mobile-header-display":"","site-post-title":"","ast-breadcrumbs-content":"","ast-featured-img":"","footer-sml-layout":"","ast-disable-related-posts":"","theme-transparent-header-meta":"default","adv-header-id-meta":"","stick-header-meta":"default","header-above-stick-meta":"","header-main-stick-meta":"","header-below-stick-meta":"","astra-migrate-meta-layouts":"set","ast-page-background-enabled":"default","ast-page-background-meta":{"desktop":{"background-color":"","background-image":"","background-repeat":"repeat","background-position":"center center","background-size":"auto","background-attachment":"scroll","background-type":"","background-media":"","overlay-type":"","overlay-color":"","overlay-opacity":"","overlay-gradient":""},"tablet":{"background-color":"","background-image":"","background-repeat":"repeat","background-position":"center center","background-size":"auto","background-attachment":"scroll","background-type":"","background-media":"","overlay-type":"","overlay-color":"","overlay-opacity":"","overlay-gradient":""},"mobile":{"background-color":"","background-image":"","background-repeat":"repeat","background-position":"center center","background-size":"auto","background-attachment":"scroll","background-type":"","background-media":"","overlay-type":"","overlay-color":"","overlay-opacity":"","overlay-gradient":""}},"ast-content-background-meta":{"desktop":{"background-color":"var(--ast-global-color-5)","background-image":"","background-repeat":"repeat","background-position":"center center","background-size":"auto","background-attachment":"scroll","background-type":"","background-media":"","overlay-type":"","overlay-color":"","overlay-opacity":"","overlay-gradient":""},"tablet":{"background-color":"var(--ast-global-color-5)","background-image":"","background-repeat":"repeat","background-position":"center center","background-size":"auto","background-attachment":"scroll","background-type":"","background-media":"","overlay-type":"","overlay-color":"","overlay-opacity":"","overlay-gradient":""},"mobile":{"background-color":"var(--ast-global-color-5)","background-image":"","background-repeat":"repeat","background-position":"center center","background-size":"auto","background-attachment":"scroll","background-type":"","background-media":"","overlay-type":"","overlay-color":"","overlay-opacity":"","overlay-gradient":""}}},"product_brand":[],"product_cat":[57],"product_tag":[],"class_list":{"0":"post-3529","1":"product","2":"type-product","3":"status-publish","4":"has-post-thumbnail","6":"product_cat-fiberlaser","7":"desktop-align-left","8":"tablet-align-left","9":"mobile-align-left","10":"ast-product-gallery-layout-horizontal-slider","11":"ast-product-gallery-with-no-image","12":"ast-product-tabs-layout-horizontal","14":"first","15":"instock","16":"shipping-taxable","17":"product-type-simple"},"uagb_featured_image_src":{"full":["https:\/\/wisecnclaser.com\/wp-content\/uploads\/2025\/05\/5562c8250b37843652e09f29cb34aaf2.jpg",800,800,false],"thumbnail":["https:\/\/wisecnclaser.com\/wp-content\/uploads\/2025\/05\/5562c8250b37843652e09f29cb34aaf2-150x150.jpg",150,150,true],"medium":["https:\/\/wisecnclaser.com\/wp-content\/uploads\/2025\/05\/5562c8250b37843652e09f29cb34aaf2-300x300.jpg",300,300,true],"medium_large":["https:\/\/wisecnclaser.com\/wp-content\/uploads\/2025\/05\/5562c8250b37843652e09f29cb34aaf2-768x768.jpg",768,768,true],"large":["https:\/\/wisecnclaser.com\/wp-content\/uploads\/2025\/05\/5562c8250b37843652e09f29cb34aaf2.jpg",800,800,false],"1536x1536":["https:\/\/wisecnclaser.com\/wp-content\/uploads\/2025\/05\/5562c8250b37843652e09f29cb34aaf2.jpg",800,800,false],"2048x2048":["https:\/\/wisecnclaser.com\/wp-content\/uploads\/2025\/05\/5562c8250b37843652e09f29cb34aaf2.jpg",800,800,false],"trp-custom-language-flag":["https:\/\/wisecnclaser.com\/wp-content\/uploads\/2025\/05\/5562c8250b37843652e09f29cb34aaf2-12x12.jpg",12,12,true],"woocommerce_thumbnail":["https:\/\/wisecnclaser.com\/wp-content\/uploads\/2025\/05\/5562c8250b37843652e09f29cb34aaf2-300x300.jpg",300,300,true],"woocommerce_single":["https:\/\/wisecnclaser.com\/wp-content\/uploads\/2025\/05\/5562c8250b37843652e09f29cb34aaf2-600x600.jpg",600,600,true],"woocommerce_gallery_thumbnail":["https:\/\/wisecnclaser.com\/wp-content\/uploads\/2025\/05\/5562c8250b37843652e09f29cb34aaf2-100x100.jpg",100,100,true]},"uagb_author_info":{"display_name":"jinxing6611@gmail.com","author_link":"https:\/\/wisecnclaser.com\/fr\/author\/"},"uagb_comment_info":0,"uagb_excerpt":"FB6016T is an economical and practical laser pipe cutting machine in combination with the market demand and aiming at the end users of batch pipe processing. This type of machine has high cost performance. The 6m machine can cut 6.5m at most, and the tail material is 90mm at least. It is an ideal choice\u2026","_links":{"self":[{"href":"https:\/\/wisecnclaser.com\/fr\/wp-json\/wp\/v2\/product\/3529","targetHints":{"allow":["GET"]}}],"collection":[{"href":"https:\/\/wisecnclaser.com\/fr\/wp-json\/wp\/v2\/product"}],"about":[{"href":"https:\/\/wisecnclaser.com\/fr\/wp-json\/wp\/v2\/types\/product"}],"wp:featuredmedia":[{"embeddable":true,"href":"https:\/\/wisecnclaser.com\/fr\/wp-json\/wp\/v2\/media\/3532"}],"wp:attachment":[{"href":"https:\/\/wisecnclaser.com\/fr\/wp-json\/wp\/v2\/media?parent=3529"}],"wp:term":[{"taxonomy":"product_brand","embeddable":true,"href":"https:\/\/wisecnclaser.com\/fr\/wp-json\/wp\/v2\/product_brand?post=3529"},{"taxonomy":"product_cat","embeddable":true,"href":"https:\/\/wisecnclaser.com\/fr\/wp-json\/wp\/v2\/product_cat?post=3529"},{"taxonomy":"product_tag","embeddable":true,"href":"https:\/\/wisecnclaser.com\/fr\/wp-json\/wp\/v2\/product_tag?post=3529"}],"curies":[{"name":"wp","href":"https:\/\/api.w.org\/{rel}","templated":true}]}}