{"id":3533,"date":"2025-05-22T22:57:07","date_gmt":"2025-05-22T22:57:07","guid":{"rendered":"https:\/\/wisecnclaser.com\/?post_type=product&#038;p=3533"},"modified":"2025-05-22T22:57:07","modified_gmt":"2025-05-22T22:57:07","slug":"ws1325-portable-plasma-metal-cutting-machine","status":"publish","type":"product","link":"https:\/\/wisecnclaser.com\/fr\/produit\/ws1325-portable-plasma-metal-cutting-machine\/","title":{"rendered":"WS1325 Machine portable de d\u00e9coupe plasma du m\u00e9tal"},"content":{"rendered":"<table border=\"1\">\n<tbody>\n<tr class=\"firstRow\" style=\"height: 38px;\">\n<td class=\"selectTdClass\" style=\"border-width: 1px; border-color: #9bbb59 #666666 #666666 #9bbb59; background: #ffffff; border-bottom-style: solid; border-right-style: solid; padding: 5px; word-break: break-all;\" colspan=\"2\" valign=\"center\" width=\"662\">\n<p style=\"line-height: 16px;\"><span style=\"font-family: arial, helvetica, sans-serif; font-size: 16px;\"><strong><span style=\"font-family: arial, helvetica, sans-serif; color: #008000;\">Description et sp\u00e9cifications de la machine de d\u00e9coupe plasma portable :<\/span><\/strong><\/span><\/p>\n<\/td>\n<\/tr>\n<tr>\n<td class=\"selectTdClass\" style=\"border-left-width: 1px; border-left-color: #9bbb59; border-top: none; background: #ffffff; border-bottom: 1px solid #666666; border-right: 1px solid #666666; padding: 5px; word-break: break-all;\" valign=\"top\" width=\"331\">\n<p style=\"line-height: 16px;\"><span style=\"font-family: arial, helvetica, sans-serif; font-size: 16px;\">Mod\u00e8le<\/span><\/p>\n<\/td>\n<td class=\"selectTdClass\" style=\"border-left: none; border-top-width: 1px; border-top-color: #9bbb59; background: #ffffff; border-bottom: 1px solid #666666; border-right: 1px solid #666666; padding: 5px;\" valign=\"top\" width=\"331\">\n<p style=\"line-height: 16px;\"><span style=\"font-family: arial, helvetica, sans-serif; font-size: 16px;\">WS1325<\/span><\/p>\n<\/td>\n<\/tr>\n<tr>\n<td class=\"selectTdClass\" style=\"border-left-width: 1px; border-left-color: #9bbb59; border-top: none; background: #ffffff; border-bottom: 1px solid #666666; border-right: 1px solid #666666; padding: 5px;\" valign=\"top\" width=\"331\">\n<p style=\"line-height: 16px;\"><span style=\"font-family: arial, helvetica, sans-serif; font-size: 16px;\">Taille de travail<\/span><\/p>\n<\/td>\n<td class=\"selectTdClass\" style=\"border-left: none; border-top: none; background: #ffffff; border-bottom: 1px solid #666666; border-right: 1px solid #666666; padding: 5px;\" valign=\"top\" width=\"331\">\n<p style=\"line-height: 16px;\"><span style=\"font-family: arial, helvetica, sans-serif; font-size: 16px;\">1300*2500mm<\/span><\/p>\n<\/td>\n<\/tr>\n<tr>\n<td class=\"selectTdClass\" style=\"border-left-width: 1px; border-left-color: #9bbb59; border-top: none; background: #ffffff; border-bottom: 1px solid #666666; border-right: 1px solid #666666; padding: 5px;\" valign=\"top\" width=\"331\">\n<p style=\"line-height: 16px;\"><span style=\"font-family: arial, helvetica, sans-serif; font-size: 16px;\">T\u00eate de coupe<\/span><\/p>\n<\/td>\n<td class=\"selectTdClass\" style=\"border-left: none; border-top: none; background: #ffffff; border-bottom: 1px solid #666666; border-right: 1px solid #666666; padding: 5px;\" valign=\"top\" width=\"331\">\n<p style=\"line-height: 16px;\"><span style=\"font-family: arial, helvetica, sans-serif; font-size: 16px;\">t\u00eate de d\u00e9coupe plasma<\/span><\/p>\n<\/td>\n<\/tr>\n<tr>\n<td class=\"selectTdClass\" style=\"border-left-width: 1px; border-left-color: #9bbb59; border-top: none; background: #ffffff; border-bottom: 1px solid #666666; border-right: 1px solid #666666; padding: 5px;\" valign=\"top\" width=\"331\">\n<p style=\"line-height: 16px;\"><span style=\"font-family: 'Arial Narrow'; font-size: 16px;\">Epaisseur de coupe<\/span><\/p>\n<\/td>\n<td class=\"selectTdClass\" style=\"border-left: none; border-top: none; background: #ffffff; border-bottom: 1px solid #666666; border-right: 1px solid #666666; padding: 5px;\" valign=\"top\" width=\"331\">\n<p style=\"line-height: 16px;\"><span style=\"font-family: arial, helvetica, sans-serif; font-size: 16px;\">40mm max. Si le m\u00e9tal coup\u00e9 est plus \u00e9pais, on peut utiliser une machine d'oxycoupage.<\/span><\/p>\n<\/td>\n<\/tr>\n<tr>\n<td class=\"selectTdClass\" style=\"border-left-width: 1px; border-left-color: #9bbb59; border-top: none; background: #ffffff; border-bottom: 1px solid #666666; border-right: 1px solid #666666; padding: 5px;\" valign=\"top\" width=\"331\">\n<p style=\"line-height: 16px;\"><span style=\"font-family: arial, helvetica, sans-serif; font-size: 16px;\">Pr\u00e9cision du repositionnement<\/span><\/p>\n<\/td>\n<td class=\"selectTdClass\" style=\"border-left: none; border-top: none; background: #ffffff; border-bottom: 1px solid #666666; border-right: 1px solid #666666; padding: 5px;\" valign=\"top\" width=\"331\">\n<p style=\"line-height: 16px;\"><span style=\"font-family: arial, helvetica, sans-serif; font-size: 16px;\">\u00b10,05 mm<\/span><\/p>\n<\/td>\n<\/tr>\n<tr>\n<td class=\"selectTdClass\" style=\"border-left-width: 1px; border-left-color: #9bbb59; border-top: none; background: #ffffff; border-bottom: 1px solid #666666; border-right: 1px solid #666666; padding: 5px;\" valign=\"top\" width=\"331\">\n<p style=\"line-height: 16px;\"><span style=\"font-family: arial, helvetica, sans-serif; font-size: 16px;\">Vitesse de d\u00e9placement<\/span><\/p>\n<\/td>\n<td class=\"selectTdClass\" style=\"border-left: none; border-top: none; background: #ffffff; border-bottom: 1px solid #666666; border-right: 1px solid #666666; padding: 5px;\" valign=\"top\" width=\"331\">\n<p style=\"line-height: 16px;\"><span style=\"font-family: arial, helvetica, sans-serif; font-size: 16px;\">15m\/min<\/span><\/p>\n<\/td>\n<\/tr>\n<tr>\n<td class=\"selectTdClass\" style=\"border-left-width: 1px; border-left-color: #9bbb59; border-top: none; background: #ffffff; border-bottom: 1px solid #666666; border-right: 1px solid #666666; padding: 5px;\" valign=\"top\" width=\"331\">\n<p style=\"line-height: 16px;\"><span style=\"font-family: arial, helvetica, sans-serif; font-size: 16px;\">vitesse de coupe <\/span><\/p>\n<\/td>\n<td class=\"selectTdClass\" style=\"border-left: none; border-top: none; background: #ffffff; border-bottom: 1px solid #666666; border-right: 1px solid #666666; padding: 5px;\" valign=\"top\" width=\"331\">\n<p style=\"line-height: 16px;\"><span style=\"font-family: arial, helvetica, sans-serif; font-size: 16px;\">8m\/min<\/span><\/p>\n<\/td>\n<\/tr>\n<tr>\n<td class=\"selectTdClass\" style=\"border-left-width: 1px; border-left-color: #9bbb59; border-top: none; background: #ffffff; border-bottom: 1px solid #666666; border-right: 1px solid #666666; padding: 5px;\" valign=\"top\" width=\"331\">\n<p style=\"line-height: 16px;\"><span style=\"font-size: 16px; font-family: arial, helvetica, sans-serif;\">Logiciel de contr\u00f4le<\/span><\/p>\n<\/td>\n<td class=\"selectTdClass\" style=\"border-left: none; border-top: none; background: #ffffff; border-bottom: 1px solid #666666; border-right: 1px solid #666666; padding: 5px;\" valign=\"top\" width=\"331\">\n<p style=\"line-height: 16px;\"><span style=\"font-size: 16px; font-family: arial, helvetica, sans-serif;\">starcam\u00a0<\/span><\/p>\n<\/td>\n<\/tr>\n<tr>\n<td class=\"selectTdClass\" style=\"border-left-width: 1px; border-left-color: #9bbb59; border-top: none; background: #ffffff; border-bottom: 1px solid #666666; border-right: 1px solid #666666; padding: 5px;\" valign=\"top\" width=\"331\">\n<p style=\"line-height: 16px;\"><span style=\"font-family: arial, helvetica, sans-serif; font-size: 16px;\">Machine Poids brut avec emballage<\/span><\/p>\n<\/td>\n<td class=\"selectTdClass\" style=\"border-left: none; border-top: none; background: #ffffff; border-bottom: 1px solid #666666; border-right: 1px solid #666666; padding: 5px;\" valign=\"top\" width=\"331\">\n<p style=\"line-height: 16px;\"><span style=\"font-family: arial, helvetica, sans-serif; font-size: 16px;\">130 kg<\/span><\/p>\n<\/td>\n<\/tr>\n<tr>\n<td class=\"selectTdClass\" style=\"border-left-width: 1px; border-left-color: #9bbb59; border-top: none; background: #ffffff; border-bottom: 1px solid #666666; border-right: 1px solid #666666; padding: 5px;\" valign=\"center\" width=\"331\">\n<p style=\"line-height: 16px;\"><span style=\"font-family: arial, helvetica, sans-serif; font-size: 16px;\">Mesure d'emballage<\/span><\/p>\n<\/td>\n<td class=\"selectTdClass\" style=\"border-left: none; border-top: none; background: #ffffff; border-bottom: 1px solid #666666; border-right: 1px solid #666666; padding: 5px;\" valign=\"top\" width=\"331\">\n<p style=\"line-height: 16px;\"><span style=\"font-family: arial, helvetica, sans-serif; font-size: 16px;\">machine-280mm de longueur, 280mm de largeur, 3600mm de hauteur.<\/span><\/p>\n<p style=\"line-height: 16px;\"><span style=\"font-family: arial, helvetica, sans-serif; font-size: 16px;\">Syst\u00e8me - 520 mm de longueur, 520 mm de largeur, 400 mm de hauteur<\/span><\/p>\n<\/td>\n<\/tr>\n<\/tbody>\n<\/table>\n<p>&nbsp;<\/p>","protected":false},"excerpt":{"rendered":"<table border=\"1\">\n<tbody>\n<tr class=\"firstRow\" style=\"height: 38px;\">\n<td class=\"selectTdClass\" style=\"border-width: 1px; border-color: #9bbb59 #666666 #666666 #9bbb59; background: #ffffff; border-bottom-style: solid; border-right-style: solid; padding: 5px; word-break: break-all;\" colspan=\"2\" valign=\"center\" width=\"662\">\n<p style=\"line-height: 16px;\"><span style=\"font-family: arial, helvetica, sans-serif; font-size: 16px;\"><strong><span style=\"font-family: arial, helvetica, sans-serif; color: #008000;\">Description et sp\u00e9cifications de la machine de d\u00e9coupe plasma portable :<\/span><\/strong><\/span><\/p>\n<\/td>\n<\/tr>\n<tr>\n<td class=\"selectTdClass\" style=\"border-left-width: 1px; border-left-color: #9bbb59; border-top: none; background: #ffffff; border-bottom: 1px solid #666666; border-right: 1px solid #666666; padding: 5px; word-break: break-all;\" valign=\"top\" width=\"331\">\n<p style=\"line-height: 16px;\"><span style=\"font-family: arial, helvetica, sans-serif; font-size: 16px;\">Mod\u00e8le<\/span><\/p>\n<\/td>\n<td class=\"selectTdClass\" style=\"border-left: none; border-top-width: 1px; border-top-color: #9bbb59; background: #ffffff; border-bottom: 1px solid #666666; border-right: 1px solid #666666; padding: 5px;\" valign=\"top\" width=\"331\">\n<p style=\"line-height: 16px;\"><span style=\"font-family: arial, helvetica, sans-serif; font-size: 16px;\">WS1325<\/span><\/p>\n<\/td>\n<\/tr>\n<tr>\n<td class=\"selectTdClass\" style=\"border-left-width: 1px; border-left-color: #9bbb59; border-top: none; background: #ffffff; border-bottom: 1px solid #666666; border-right: 1px solid #666666; padding: 5px;\" valign=\"top\" width=\"331\">\n<p style=\"line-height: 16px;\"><span style=\"font-family: arial, helvetica, sans-serif; font-size: 16px;\">Taille de travail<\/span><\/p>\n<\/td>\n<td class=\"selectTdClass\" style=\"border-left: none; border-top: none; background: #ffffff; border-bottom: 1px solid #666666; border-right: 1px solid #666666; padding: 5px;\" valign=\"top\" width=\"331\">\n<p style=\"line-height: 16px;\"><span style=\"font-family: arial, helvetica, sans-serif; font-size: 16px;\">1300*2500mm<\/span><\/p>\n<\/td>\n<\/tr>\n<tr>\n<td class=\"selectTdClass\" style=\"border-left-width: 1px; border-left-color: #9bbb59; border-top: none; background: #ffffff; border-bottom: 1px solid #666666; border-right: 1px solid #666666; padding: 5px;\" valign=\"top\" width=\"331\">\n<p style=\"line-height: 16px;\"><span style=\"font-family: arial, helvetica, sans-serif; font-size: 16px;\">T\u00eate de coupe<\/span><\/p>\n<\/td>\n<td class=\"selectTdClass\" style=\"border-left: none; border-top: none; background: #ffffff; border-bottom: 1px solid #666666; border-right: 1px solid #666666; padding: 5px;\" valign=\"top\" width=\"331\">\n<p style=\"line-height: 16px;\"><span style=\"font-family: arial, helvetica, sans-serif; font-size: 16px;\">t\u00eate de d\u00e9coupe plasma<\/span><\/p>\n<\/td>\n<\/tr>\n<tr>\n<td class=\"selectTdClass\" style=\"border-left-width: 1px; border-left-color: #9bbb59; border-top: none; background: #ffffff; border-bottom: 1px solid #666666; border-right: 1px solid #666666; padding: 5px;\" valign=\"top\" width=\"331\">\n<p style=\"line-height: 16px;\"><span style=\"font-family: 'Arial Narrow'; font-size: 16px;\">Epaisseur de coupe<\/span><\/p>\n<\/td>\n<td class=\"selectTdClass\" style=\"border-left: none; border-top: none; background: #ffffff; border-bottom: 1px solid #666666; border-right: 1px solid #666666; padding: 5px;\" valign=\"top\" width=\"331\">\n<p style=\"line-height: 16px;\"><span style=\"font-family: arial, helvetica, sans-serif; font-size: 16px;\">40mm max. Si le m\u00e9tal coup\u00e9 est plus \u00e9pais, on peut utiliser une machine d'oxycoupage.<\/span><\/p>\n<\/td>\n<\/tr>\n<tr>\n<td class=\"selectTdClass\" style=\"border-left-width: 1px; border-left-color: #9bbb59; border-top: none; background: #ffffff; border-bottom: 1px solid #666666; border-right: 1px solid #666666; padding: 5px;\" valign=\"top\" width=\"331\">\n<p style=\"line-height: 16px;\"><span style=\"font-family: arial, helvetica, sans-serif; font-size: 16px;\">Pr\u00e9cision du repositionnement<\/span><\/p>\n<\/td>\n<td class=\"selectTdClass\" style=\"border-left: none; border-top: none; background: #ffffff; border-bottom: 1px solid #666666; border-right: 1px solid #666666; padding: 5px;\" valign=\"top\" width=\"331\">\n<p style=\"line-height: 16px;\"><span style=\"font-family: arial, helvetica, sans-serif; font-size: 16px;\">\u00b10,05 mm<\/span><\/p>\n<\/td>\n<\/tr>\n<tr>\n<td class=\"selectTdClass\" style=\"border-left-width: 1px; border-left-color: #9bbb59; border-top: none; background: #ffffff; border-bottom: 1px solid #666666; border-right: 1px solid #666666; padding: 5px;\" valign=\"top\" width=\"331\">\n<p style=\"line-height: 16px;\"><span style=\"font-family: arial, helvetica, sans-serif; font-size: 16px;\">Vitesse de d\u00e9placement<\/span><\/p>\n<\/td>\n<td class=\"selectTdClass\" style=\"border-left: none; border-top: none; background: #ffffff; border-bottom: 1px solid #666666; border-right: 1px solid #666666; padding: 5px;\" valign=\"top\" width=\"331\">\n<p style=\"line-height: 16px;\"><span style=\"font-family: arial, helvetica, sans-serif; font-size: 16px;\">15m\/min<\/span><\/p>\n<\/td>\n<\/tr>\n<tr>\n<td class=\"selectTdClass\" style=\"border-left-width: 1px; border-left-color: #9bbb59; border-top: none; background: #ffffff; border-bottom: 1px solid #666666; border-right: 1px solid #666666; padding: 5px;\" valign=\"top\" width=\"331\">\n<p style=\"line-height: 16px;\"><span style=\"font-family: arial, helvetica, sans-serif; font-size: 16px;\">vitesse de coupe <\/span><\/p>\n<\/td>\n<td class=\"selectTdClass\" style=\"border-left: none; border-top: none; background: #ffffff; border-bottom: 1px solid #666666; border-right: 1px solid #666666; padding: 5px;\" valign=\"top\" width=\"331\">\n<p style=\"line-height: 16px;\"><span style=\"font-family: arial, helvetica, sans-serif; font-size: 16px;\">8m\/min<\/span><\/p>\n<\/td>\n<\/tr>\n<tr>\n<td class=\"selectTdClass\" style=\"border-left-width: 1px; border-left-color: #9bbb59; border-top: none; background: #ffffff; border-bottom: 1px solid #666666; border-right: 1px solid #666666; padding: 5px;\" valign=\"top\" width=\"331\">\n<p style=\"line-height: 16px;\"><span style=\"font-size: 16px; font-family: arial, helvetica, sans-serif;\">Logiciel de contr\u00f4le<\/span><\/p>\n<\/td>\n<td class=\"selectTdClass\" style=\"border-left: none; border-top: none; background: #ffffff; border-bottom: 1px solid #666666; border-right: 1px solid #666666; padding: 5px;\" valign=\"top\" width=\"331\">\n<p style=\"line-height: 16px;\"><span style=\"font-size: 16px; font-family: arial, helvetica, sans-serif;\">starcam\u00a0<\/span><\/p>\n<\/td>\n<\/tr>\n<tr>\n<td class=\"selectTdClass\" style=\"border-left-width: 1px; border-left-color: #9bbb59; border-top: none; background: #ffffff; border-bottom: 1px solid #666666; border-right: 1px solid #666666; padding: 5px;\" valign=\"top\" width=\"331\">\n<p style=\"line-height: 16px;\"><span style=\"font-family: arial, helvetica, sans-serif; font-size: 16px;\">Machine Poids brut avec emballage<\/span><\/p>\n<\/td>\n<td class=\"selectTdClass\" style=\"border-left: none; border-top: none; background: #ffffff; border-bottom: 1px solid #666666; border-right: 1px solid #666666; padding: 5px;\" valign=\"top\" width=\"331\">\n<p style=\"line-height: 16px;\"><span style=\"font-family: arial, helvetica, sans-serif; font-size: 16px;\">130 kg<\/span><\/p>\n<\/td>\n<\/tr>\n<tr>\n<td class=\"selectTdClass\" style=\"border-left-width: 1px; border-left-color: #9bbb59; border-top: none; background: #ffffff; border-bottom: 1px solid #666666; border-right: 1px solid #666666; padding: 5px;\" valign=\"center\" width=\"331\">\n<p style=\"line-height: 16px;\"><span style=\"font-family: arial, helvetica, sans-serif; font-size: 16px;\">Mesure d'emballage<\/span><\/p>\n<\/td>\n<td class=\"selectTdClass\" style=\"border-left: none; border-top: none; background: #ffffff; border-bottom: 1px solid #666666; border-right: 1px solid #666666; padding: 5px;\" valign=\"top\" width=\"331\">\n<p style=\"line-height: 16px;\"><span style=\"font-family: arial, helvetica, sans-serif; font-size: 16px;\">machine-280mm de longueur, 280mm de largeur, 3600mm de hauteur.<\/span><\/p>\n<p style=\"line-height: 16px;\"><span style=\"font-family: arial, helvetica, sans-serif; font-size: 16px;\">Syst\u00e8me - 520 mm de longueur, 520 mm de largeur, 400 mm de hauteur<\/span><\/p>\n<\/td>\n<\/tr>\n<\/tbody>\n<\/table>\n<p>&nbsp;<\/p>","protected":false},"featured_media":3536,"template":"","meta":{"_seopress_robots_primary_cat":"","_seopress_titles_title":"","_seopress_titles_desc":"","_seopress_robots_index":"","_uag_custom_page_level_css":"","site-sidebar-layout":"default","site-content-layout":"","ast-site-content-layout":"default","site-content-style":"default","site-sidebar-style":"default","ast-global-header-display":"","ast-banner-title-visibility":"","ast-main-header-display":"","ast-hfb-above-header-display":"","ast-hfb-below-header-display":"","ast-hfb-mobile-header-display":"","site-post-title":"","ast-breadcrumbs-content":"","ast-featured-img":"","footer-sml-layout":"","ast-disable-related-posts":"","theme-transparent-header-meta":"default","adv-header-id-meta":"","stick-header-meta":"default","header-above-stick-meta":"","header-main-stick-meta":"","header-below-stick-meta":"","astra-migrate-meta-layouts":"set","ast-page-background-enabled":"default","ast-page-background-meta":{"desktop":{"background-color":"","background-image":"","background-repeat":"repeat","background-position":"center center","background-size":"auto","background-attachment":"scroll","background-type":"","background-media":"","overlay-type":"","overlay-color":"","overlay-opacity":"","overlay-gradient":""},"tablet":{"background-color":"","background-image":"","background-repeat":"repeat","background-position":"center center","background-size":"auto","background-attachment":"scroll","background-type":"","background-media":"","overlay-type":"","overlay-color":"","overlay-opacity":"","overlay-gradient":""},"mobile":{"background-color":"","background-image":"","background-repeat":"repeat","background-position":"center center","background-size":"auto","background-attachment":"scroll","background-type":"","background-media":"","overlay-type":"","overlay-color":"","overlay-opacity":"","overlay-gradient":""}},"ast-content-background-meta":{"desktop":{"background-color":"var(--ast-global-color-5)","background-image":"","background-repeat":"repeat","background-position":"center center","background-size":"auto","background-attachment":"scroll","background-type":"","background-media":"","overlay-type":"","overlay-color":"","overlay-opacity":"","overlay-gradient":""},"tablet":{"background-color":"var(--ast-global-color-5)","background-image":"","background-repeat":"repeat","background-position":"center center","background-size":"auto","background-attachment":"scroll","background-type":"","background-media":"","overlay-type":"","overlay-color":"","overlay-opacity":"","overlay-gradient":""},"mobile":{"background-color":"var(--ast-global-color-5)","background-image":"","background-repeat":"repeat","background-position":"center center","background-size":"auto","background-attachment":"scroll","background-type":"","background-media":"","overlay-type":"","overlay-color":"","overlay-opacity":"","overlay-gradient":""}}},"product_brand":[],"product_cat":[59],"product_tag":[],"class_list":{"0":"post-3533","1":"product","2":"type-product","3":"status-publish","4":"has-post-thumbnail","6":"product_cat-plasma","7":"desktop-align-left","8":"tablet-align-left","9":"mobile-align-left","10":"ast-product-gallery-layout-horizontal-slider","11":"ast-product-gallery-with-no-image","12":"ast-product-tabs-layout-horizontal","14":"first","15":"instock","16":"shipping-taxable","17":"product-type-simple"},"uagb_featured_image_src":{"full":["https:\/\/wisecnclaser.com\/wp-content\/uploads\/2025\/05\/7c51b89cb4937b86a2bbdcf700630858.jpg",800,800,false],"thumbnail":["https:\/\/wisecnclaser.com\/wp-content\/uploads\/2025\/05\/7c51b89cb4937b86a2bbdcf700630858-150x150.jpg",150,150,true],"medium":["https:\/\/wisecnclaser.com\/wp-content\/uploads\/2025\/05\/7c51b89cb4937b86a2bbdcf700630858-300x300.jpg",300,300,true],"medium_large":["https:\/\/wisecnclaser.com\/wp-content\/uploads\/2025\/05\/7c51b89cb4937b86a2bbdcf700630858-768x768.jpg",768,768,true],"large":["https:\/\/wisecnclaser.com\/wp-content\/uploads\/2025\/05\/7c51b89cb4937b86a2bbdcf700630858.jpg",800,800,false],"1536x1536":["https:\/\/wisecnclaser.com\/wp-content\/uploads\/2025\/05\/7c51b89cb4937b86a2bbdcf700630858.jpg",800,800,false],"2048x2048":["https:\/\/wisecnclaser.com\/wp-content\/uploads\/2025\/05\/7c51b89cb4937b86a2bbdcf700630858.jpg",800,800,false],"trp-custom-language-flag":["https:\/\/wisecnclaser.com\/wp-content\/uploads\/2025\/05\/7c51b89cb4937b86a2bbdcf700630858-12x12.jpg",12,12,true],"woocommerce_thumbnail":["https:\/\/wisecnclaser.com\/wp-content\/uploads\/2025\/05\/7c51b89cb4937b86a2bbdcf700630858-300x300.jpg",300,300,true],"woocommerce_single":["https:\/\/wisecnclaser.com\/wp-content\/uploads\/2025\/05\/7c51b89cb4937b86a2bbdcf700630858-600x600.jpg",600,600,true],"woocommerce_gallery_thumbnail":["https:\/\/wisecnclaser.com\/wp-content\/uploads\/2025\/05\/7c51b89cb4937b86a2bbdcf700630858-100x100.jpg",100,100,true]},"uagb_author_info":{"display_name":"jinxing6611@gmail.com","author_link":"https:\/\/wisecnclaser.com\/fr\/author\/"},"uagb_comment_info":0,"uagb_excerpt":"Description &amp; Specifications of portable plasma cutting machine: Model WS1325 Working size 1300*2500mm Cutting head plasma\u00a0cutting head Cutting thickness 40mm max,\u00a0If cut thicker metal, can use flame cutting machine Repositioning accuracy \u00b10.05mm Traveling speed 15m\/min cutting speed 8m\/min Control software starcam\u00a0 Machine Gross weight\u00a0with package 130kg Packaging Measure machine--280mm length, 280mm width, 3600mm height. System--520mm\u2026","_links":{"self":[{"href":"https:\/\/wisecnclaser.com\/fr\/wp-json\/wp\/v2\/product\/3533","targetHints":{"allow":["GET"]}}],"collection":[{"href":"https:\/\/wisecnclaser.com\/fr\/wp-json\/wp\/v2\/product"}],"about":[{"href":"https:\/\/wisecnclaser.com\/fr\/wp-json\/wp\/v2\/types\/product"}],"wp:featuredmedia":[{"embeddable":true,"href":"https:\/\/wisecnclaser.com\/fr\/wp-json\/wp\/v2\/media\/3536"}],"wp:attachment":[{"href":"https:\/\/wisecnclaser.com\/fr\/wp-json\/wp\/v2\/media?parent=3533"}],"wp:term":[{"taxonomy":"product_brand","embeddable":true,"href":"https:\/\/wisecnclaser.com\/fr\/wp-json\/wp\/v2\/product_brand?post=3533"},{"taxonomy":"product_cat","embeddable":true,"href":"https:\/\/wisecnclaser.com\/fr\/wp-json\/wp\/v2\/product_cat?post=3533"},{"taxonomy":"product_tag","embeddable":true,"href":"https:\/\/wisecnclaser.com\/fr\/wp-json\/wp\/v2\/product_tag?post=3533"}],"curies":[{"name":"wp","href":"https:\/\/api.w.org\/{rel}","templated":true}]}}