{"id":3549,"date":"2025-05-22T23:04:11","date_gmt":"2025-05-22T23:04:11","guid":{"rendered":"https:\/\/wisecnclaser.com\/?post_type=product&#038;p=3549"},"modified":"2025-05-22T23:04:11","modified_gmt":"2025-05-22T23:04:11","slug":"four-heads-atc-nesting-cnc-router","status":"publish","type":"product","link":"https:\/\/wisecnclaser.com\/fr\/produit\/four-heads-atc-nesting-cnc-router\/","title":{"rendered":"Toupie CNC Nesting ATC \u00e0 quatre t\u00eates"},"content":{"rendered":"<p>La d\u00e9fonceuse \u00e0 quatre t\u00eates pour la d\u00e9coupe du bois convient pour : les meubles \u00e0 panneaux, les armoires, les meubles de bureau, les meubles sur mesure. Armoires, bureaux d'ordinateur, haut-parleurs en bois, ustensiles de cuisine en bois et autres meubles en bois : d\u00e9coupe plane, fraisage, biseautage, poin\u00e7onnage, sculpture et autres traitements auxiliaires, etc.<\/p>\n<p>La d\u00e9fonceuse \u00e0 quatre t\u00eates est une machine \u00e0 couper le bois qui peut changer activement d'outil automatiquement. Quatre broches sont install\u00e9es c\u00f4te \u00e0 c\u00f4te sur le portique de la machine. La vitesse de changement d'outil est rapide et le changement d'outil peut \u00eatre effectu\u00e9 en 8 secondes. La machine de d\u00e9coupe d'armoires \u00e0 quatre processus (machine de d\u00e9coupe d'armoires) est un \u00e9quipement \u00e0 double usage. Elle peut \u00eatre une fraiseuse \u00e0 commande num\u00e9rique \u00e0 imbrication pour les meubles personnalis\u00e9s, et elle peut \u00e9galement \u00eatre une fraiseuse \u00e0 commande num\u00e9rique pour la sculpture et le fraisage des portes d'armoires.<\/p>\n<p>Le prix de la machine \u00e0 d\u00e9couper le bois \u00e0 commande num\u00e9rique \u00e0 quatre t\u00eates est relativement \u00e9conomique par rapport \u00e0 d'autres mod\u00e8les, et c'est un tr\u00e8s bon choix pour certaines petites et moyennes entreprises de meubles \u00e0 panneaux qui ont un petit volume de production.<\/p>\n<p>&nbsp;<\/p>\n<table border=\"1\">\n<tbody>\n<tr class=\"firstRow\">\n<td colspan=\"2\" valign=\"center\" width=\"662\"><strong>Description et sp\u00e9cifications<\/strong><strong>\u00a0Routeur CNC \u00e0 changement d'outils pneumatique \u00e0 quatre t\u00eates\u00a0<\/strong><strong>:<\/strong><\/td>\n<\/tr>\n<tr>\n<td valign=\"top\" width=\"259\">X Zone de travail<\/td>\n<td valign=\"top\" width=\"403\">1300mm<\/td>\n<\/tr>\n<tr>\n<td valign=\"top\" width=\"259\">Y Zone de travail<\/td>\n<td valign=\"top\" width=\"403\">2500mm<\/td>\n<\/tr>\n<tr>\n<td valign=\"top\" width=\"259\">Z Zone de travail<\/td>\n<td valign=\"top\" width=\"403\">200mm<\/td>\n<\/tr>\n<tr>\n<td valign=\"top\" width=\"259\">Table de machine<\/td>\n<td valign=\"top\" width=\"403\">Table \u00e0 vide<\/td>\n<\/tr>\n<tr>\n<td valign=\"top\" width=\"259\">Pr\u00e9cision du positionnement des d\u00e9placements<\/td>\n<td valign=\"top\" width=\"403\">\u00b10,05 mm<\/td>\n<\/tr>\n<tr>\n<td valign=\"top\" width=\"259\">Repositionnement Pr\u00e9cision du positionnement<\/td>\n<td valign=\"top\" width=\"403\">\u00b10,05 mm<\/td>\n<\/tr>\n<tr>\n<td valign=\"top\" width=\"259\">X,Y ,Z Structure<\/td>\n<td valign=\"top\" width=\"403\">Roue dent\u00e9e XY, vis \u00e0 billes Z. Tous les axes utilisent des guides carr\u00e9s de marque TBI.<\/td>\n<\/tr>\n<tr>\n<td valign=\"top\" width=\"259\">Vitesse de travail max. Vitesse de travail<\/td>\n<td valign=\"top\" width=\"403\">25000mm\/min<\/td>\n<\/tr>\n<tr>\n<td valign=\"top\" width=\"259\">Broche<\/td>\n<td valign=\"top\" width=\"403\">Broche de refroidissement par air de 4,5 kW * 2+ broche de refroidissement par air de 6 kW *2<\/td>\n<\/tr>\n<tr>\n<td valign=\"top\" width=\"259\">Vitesse de la broche<\/td>\n<td valign=\"top\" width=\"403\">0-18000 tr\/min<\/td>\n<\/tr>\n<tr>\n<td valign=\"top\" width=\"259\">Moteur d'entra\u00eenement<\/td>\n<td valign=\"top\" width=\"403\">Servo Driver et moteur chinois<\/td>\n<\/tr>\n<tr>\n<td valign=\"top\" width=\"259\">Commandement<\/td>\n<td valign=\"top\" width=\"403\">G-code*.u00*.mmg*.plt<\/td>\n<\/tr>\n<tr>\n<td valign=\"top\" width=\"259\">Tension de fonctionnement<\/td>\n<td valign=\"top\" width=\"403\">3PH AC380V\/50Hz<\/td>\n<\/tr>\n<tr>\n<td valign=\"top\" width=\"259\">Syst\u00e8me de contr\u00f4le<\/td>\n<td valign=\"top\" width=\"403\">Syst\u00e8me de contr\u00f4le de Ta\u00efwan ou de Shanghai<\/td>\n<\/tr>\n<tr>\n<td valign=\"top\" width=\"259\">Rail de guidage<\/td>\n<td valign=\"top\" width=\"403\">Ta\u00efwan Rail carr\u00e9 25 dimensions<\/td>\n<\/tr>\n<tr>\n<td valign=\"top\" width=\"259\">Armoire de commande<\/td>\n<td valign=\"top\" width=\"403\">Cabinet ind\u00e9pendant<\/td>\n<\/tr>\n<tr>\n<td rowspan=\"6\" valign=\"center\" width=\"259\">Dispositif auxiliaire<\/td>\n<td valign=\"top\" width=\"403\">Capteur d'outil<\/td>\n<\/tr>\n<tr>\n<td valign=\"top\" width=\"403\">D\u00e9poussi\u00e9reur 5.5KW<\/td>\n<\/tr>\n<tr>\n<td valign=\"top\" width=\"403\">Goupilles pop up - dispositif de positionnement des cylindres<\/td>\n<\/tr>\n<tr>\n<td valign=\"top\" width=\"403\">Pompe \u00e0 vide \u00e0 eau de 7,5KW<\/td>\n<\/tr>\n<tr>\n<td valign=\"top\" width=\"403\">Dispositif d'alimentation en mat\u00e9riaux<\/td>\n<\/tr>\n<tr>\n<td valign=\"top\" width=\"403\">Roue de serrage pour presser le mat\u00e9riau<\/td>\n<\/tr>\n<\/tbody>\n<\/table>","protected":false},"excerpt":{"rendered":"<p>La d\u00e9fonceuse \u00e0 quatre t\u00eates pour la d\u00e9coupe du bois convient pour : les meubles \u00e0 panneaux, les armoires, les meubles de bureau, les meubles sur mesure. Armoires, bureaux d'ordinateur, haut-parleurs en bois, ustensiles de cuisine en bois et autres meubles en bois : d\u00e9coupe plane, fraisage, biseautage, poin\u00e7onnage, sculpture et autres traitements auxiliaires, etc.<\/p>\n<p>La d\u00e9fonceuse \u00e0 quatre t\u00eates est une machine \u00e0 couper le bois qui peut changer activement d'outil automatiquement. Quatre broches sont install\u00e9es c\u00f4te \u00e0 c\u00f4te sur le portique de la machine. La vitesse de changement d'outil est rapide et le changement d'outil peut \u00eatre effectu\u00e9 en 8 secondes. La machine de d\u00e9coupe d'armoires \u00e0 quatre processus (machine de d\u00e9coupe d'armoires) est un \u00e9quipement \u00e0 double usage. Elle peut \u00eatre une fraiseuse \u00e0 commande num\u00e9rique \u00e0 imbrication pour les meubles personnalis\u00e9s, et elle peut \u00e9galement \u00eatre une fraiseuse \u00e0 commande num\u00e9rique pour la sculpture et le fraisage des portes d'armoires.<\/p>\n<p>Le prix de la machine \u00e0 d\u00e9couper le bois \u00e0 commande num\u00e9rique \u00e0 quatre t\u00eates est relativement \u00e9conomique par rapport \u00e0 d'autres mod\u00e8les, et c'est un tr\u00e8s bon choix pour certaines petites et moyennes entreprises de meubles \u00e0 panneaux qui ont un petit volume de production.<\/p>","protected":false},"featured_media":3552,"template":"","meta":{"_seopress_robots_primary_cat":"","_seopress_titles_title":"","_seopress_titles_desc":"","_seopress_robots_index":"","_uag_custom_page_level_css":"","site-sidebar-layout":"default","site-content-layout":"","ast-site-content-layout":"default","site-content-style":"default","site-sidebar-style":"default","ast-global-header-display":"","ast-banner-title-visibility":"","ast-main-header-display":"","ast-hfb-above-header-display":"","ast-hfb-below-header-display":"","ast-hfb-mobile-header-display":"","site-post-title":"","ast-breadcrumbs-content":"","ast-featured-img":"","footer-sml-layout":"","ast-disable-related-posts":"","theme-transparent-header-meta":"default","adv-header-id-meta":"","stick-header-meta":"default","header-above-stick-meta":"","header-main-stick-meta":"","header-below-stick-meta":"","astra-migrate-meta-layouts":"set","ast-page-background-enabled":"default","ast-page-background-meta":{"desktop":{"background-color":"","background-image":"","background-repeat":"repeat","background-position":"center center","background-size":"auto","background-attachment":"scroll","background-type":"","background-media":"","overlay-type":"","overlay-color":"","overlay-opacity":"","overlay-gradient":""},"tablet":{"background-color":"","background-image":"","background-repeat":"repeat","background-position":"center center","background-size":"auto","background-attachment":"scroll","background-type":"","background-media":"","overlay-type":"","overlay-color":"","overlay-opacity":"","overlay-gradient":""},"mobile":{"background-color":"","background-image":"","background-repeat":"repeat","background-position":"center center","background-size":"auto","background-attachment":"scroll","background-type":"","background-media":"","overlay-type":"","overlay-color":"","overlay-opacity":"","overlay-gradient":""}},"ast-content-background-meta":{"desktop":{"background-color":"var(--ast-global-color-5)","background-image":"","background-repeat":"repeat","background-position":"center center","background-size":"auto","background-attachment":"scroll","background-type":"","background-media":"","overlay-type":"","overlay-color":"","overlay-opacity":"","overlay-gradient":""},"tablet":{"background-color":"var(--ast-global-color-5)","background-image":"","background-repeat":"repeat","background-position":"center center","background-size":"auto","background-attachment":"scroll","background-type":"","background-media":"","overlay-type":"","overlay-color":"","overlay-opacity":"","overlay-gradient":""},"mobile":{"background-color":"var(--ast-global-color-5)","background-image":"","background-repeat":"repeat","background-position":"center center","background-size":"auto","background-attachment":"scroll","background-type":"","background-media":"","overlay-type":"","overlay-color":"","overlay-opacity":"","overlay-gradient":""}}},"product_brand":[],"product_cat":[34],"product_tag":[],"class_list":{"0":"post-3549","1":"product","2":"type-product","3":"status-publish","4":"has-post-thumbnail","6":"product_cat-nesting","7":"desktop-align-left","8":"tablet-align-left","9":"mobile-align-left","10":"ast-product-gallery-layout-horizontal-slider","11":"ast-product-tabs-layout-horizontal","13":"first","14":"instock","15":"shipping-taxable","16":"product-type-simple"},"uagb_featured_image_src":{"full":["https:\/\/wisecnclaser.com\/wp-content\/uploads\/2025\/05\/dc9666ec36de9e9f1d816c309fb0cbe1.jpg",800,800,false],"thumbnail":["https:\/\/wisecnclaser.com\/wp-content\/uploads\/2025\/05\/dc9666ec36de9e9f1d816c309fb0cbe1-150x150.jpg",150,150,true],"medium":["https:\/\/wisecnclaser.com\/wp-content\/uploads\/2025\/05\/dc9666ec36de9e9f1d816c309fb0cbe1-300x300.jpg",300,300,true],"medium_large":["https:\/\/wisecnclaser.com\/wp-content\/uploads\/2025\/05\/dc9666ec36de9e9f1d816c309fb0cbe1-768x768.jpg",768,768,true],"large":["https:\/\/wisecnclaser.com\/wp-content\/uploads\/2025\/05\/dc9666ec36de9e9f1d816c309fb0cbe1.jpg",800,800,false],"1536x1536":["https:\/\/wisecnclaser.com\/wp-content\/uploads\/2025\/05\/dc9666ec36de9e9f1d816c309fb0cbe1.jpg",800,800,false],"2048x2048":["https:\/\/wisecnclaser.com\/wp-content\/uploads\/2025\/05\/dc9666ec36de9e9f1d816c309fb0cbe1.jpg",800,800,false],"trp-custom-language-flag":["https:\/\/wisecnclaser.com\/wp-content\/uploads\/2025\/05\/dc9666ec36de9e9f1d816c309fb0cbe1-12x12.jpg",12,12,true],"woocommerce_thumbnail":["https:\/\/wisecnclaser.com\/wp-content\/uploads\/2025\/05\/dc9666ec36de9e9f1d816c309fb0cbe1-300x300.jpg",300,300,true],"woocommerce_single":["https:\/\/wisecnclaser.com\/wp-content\/uploads\/2025\/05\/dc9666ec36de9e9f1d816c309fb0cbe1-600x600.jpg",600,600,true],"woocommerce_gallery_thumbnail":["https:\/\/wisecnclaser.com\/wp-content\/uploads\/2025\/05\/dc9666ec36de9e9f1d816c309fb0cbe1-100x100.jpg",100,100,true]},"uagb_author_info":{"display_name":"jinxing6611@gmail.com","author_link":"https:\/\/wisecnclaser.com\/fr\/author\/"},"uagb_comment_info":0,"uagb_excerpt":"The four heads wood cutting cnc router machine is suitable for: panel furniture, cabinet wardrobe, office furniture, custom furniture. Wardrobe cabinets, computer desks, wooden speakers, wooden kitchen utensils and other board furniture plane cutting, milling, beveling, punching, carving and other auxiliary processing, etc. Four heads nesting cnc router machine is a wood cutting machine that\u2026","_links":{"self":[{"href":"https:\/\/wisecnclaser.com\/fr\/wp-json\/wp\/v2\/product\/3549","targetHints":{"allow":["GET"]}}],"collection":[{"href":"https:\/\/wisecnclaser.com\/fr\/wp-json\/wp\/v2\/product"}],"about":[{"href":"https:\/\/wisecnclaser.com\/fr\/wp-json\/wp\/v2\/types\/product"}],"wp:featuredmedia":[{"embeddable":true,"href":"https:\/\/wisecnclaser.com\/fr\/wp-json\/wp\/v2\/media\/3552"}],"wp:attachment":[{"href":"https:\/\/wisecnclaser.com\/fr\/wp-json\/wp\/v2\/media?parent=3549"}],"wp:term":[{"taxonomy":"product_brand","embeddable":true,"href":"https:\/\/wisecnclaser.com\/fr\/wp-json\/wp\/v2\/product_brand?post=3549"},{"taxonomy":"product_cat","embeddable":true,"href":"https:\/\/wisecnclaser.com\/fr\/wp-json\/wp\/v2\/product_cat?post=3549"},{"taxonomy":"product_tag","embeddable":true,"href":"https:\/\/wisecnclaser.com\/fr\/wp-json\/wp\/v2\/product_tag?post=3549"}],"curies":[{"name":"wp","href":"https:\/\/api.w.org\/{rel}","templated":true}]}}