{"id":3556,"date":"2025-05-22T23:06:21","date_gmt":"2025-05-22T23:06:21","guid":{"rendered":"https:\/\/wisecnclaser.com\/?post_type=product&#038;p=3556"},"modified":"2025-05-22T23:06:21","modified_gmt":"2025-05-22T23:06:21","slug":"linear-atc-nesting-cnc-router","status":"publish","type":"product","link":"https:\/\/wisecnclaser.com\/fr\/produit\/linear-atc-nesting-cnc-router\/","title":{"rendered":"D\u00e9fonceuse lin\u00e9aire ATC Nesting CNC Router"},"content":{"rendered":"<p><strong>Caract\u00e9ristiques :<\/strong><\/p>\n<p>1. L'ensemble du corps de la machine est fabriqu\u00e9 en acier, sans soudure, avec un traitement de vieillissement par trempe et revenu, rigide, sans d\u00e9formation.<\/p>\n<p>2. Servomoteur, haute pr\u00e9cision et haute vitesse.<\/p>\n<p>3. Guide de rail carr\u00e9 Taiwan 25, fonctionnement souple, haute pr\u00e9cision, longue dur\u00e9e de vie.<\/p>\n<p>4. Broche HQD 9KW \u00e0 refroidissement par air, longue dur\u00e9e de vie, vitesse jusqu'\u00e0 18000 r \/ min, surface lisse sculpt\u00e9e.<\/p>\n<p>5. Largement \u00e9quip\u00e9 d'une armoire s\u00e9par\u00e9e, d'un clavier divis\u00e9, d'un clavier divis\u00e9, simple et pratique, facile \u00e0 apprendre.<\/p>\n<p>6. Avec syst\u00e8me d'aspiration, le syst\u00e8me d'aspiration peut \u00eatre aspir\u00e9 au cours du processus de traitement des copeaux de bois et des d\u00e9bris, afin de maintenir la table propre et d'assurer l'entretien indirect de l'\u00e9quipement.<\/p>\n<p><strong>\u00a0<\/strong><\/p>\n<p><strong>Application :<\/strong><\/p>\n<p>Convient pour la menuiserie, les portes en bois, les meubles, les armoires, les moules, les meubles \u00e0 panneaux, etc.<\/p>\n<p>&nbsp;<\/p>\n<table border=\"1\" width=\"662\">\n<tbody>\n<tr class=\"firstRow\">\n<td colspan=\"2\" valign=\"center\" width=\"662\"><strong>Description et sp\u00e9cifications de la d\u00e9fonceuse CNC ATC :<\/strong><\/td>\n<\/tr>\n<tr>\n<td valign=\"top\" width=\"331\">Mod\u00e8le<\/td>\n<td valign=\"top\" width=\"331\">WS1325H<\/td>\n<\/tr>\n<tr>\n<td valign=\"top\" width=\"331\">X Zone de travail<\/td>\n<td valign=\"top\" width=\"331\">1300mm<\/td>\n<\/tr>\n<tr>\n<td valign=\"top\" width=\"331\">Y Zone de travail<\/td>\n<td valign=\"top\" width=\"331\">2500mm<\/td>\n<\/tr>\n<tr>\n<td valign=\"top\" width=\"331\">Z Zone de travail<\/td>\n<td valign=\"top\" width=\"331\">200mm<\/td>\n<\/tr>\n<tr>\n<td valign=\"top\" width=\"331\">Table de machine<\/td>\n<td valign=\"top\" width=\"331\">table \u00e0 vide<\/td>\n<\/tr>\n<tr>\n<td valign=\"top\" width=\"331\">Pr\u00e9cision du positionnement des d\u00e9placements<\/td>\n<td valign=\"top\" width=\"331\">\u00b10,05 mm<\/td>\n<\/tr>\n<tr>\n<td valign=\"top\" width=\"331\">Repositionnement Pr\u00e9cision du positionnement<\/td>\n<td valign=\"top\" width=\"331\">\u00b10,05 mm<\/td>\n<\/tr>\n<tr>\n<td valign=\"top\" width=\"331\">X,Y ,Z Structure<\/td>\n<td valign=\"top\" width=\"331\">Roue dent\u00e9e XY, vis \u00e0 billes Z. Tous les axes utilisent un guide carr\u00e9<\/td>\n<\/tr>\n<tr>\n<td valign=\"top\" width=\"331\">ATC TOOLS<\/td>\n<td valign=\"top\" width=\"331\">12 OUTILS en ligne<\/td>\n<\/tr>\n<tr>\n<td valign=\"top\" width=\"331\">Max. Vitesse de d\u00e9placement rapide<\/td>\n<td valign=\"top\" width=\"331\">50000mm\/min<\/td>\n<\/tr>\n<tr>\n<td valign=\"top\" width=\"331\">Vitesse de travail max. Vitesse de travail<\/td>\n<td valign=\"top\" width=\"331\">25000mm\/min<\/td>\n<\/tr>\n<tr>\n<td valign=\"top\" width=\"331\">Broche<\/td>\n<td valign=\"top\" width=\"331\">Broche ATC 9KW HQD<\/td>\n<\/tr>\n<tr>\n<td valign=\"top\" width=\"331\">Vitesse de la broche<\/td>\n<td valign=\"top\" width=\"331\">0-18000 tr\/min<\/td>\n<\/tr>\n<tr>\n<td valign=\"top\" width=\"331\">Moteur d'entra\u00eenement<\/td>\n<td valign=\"top\" width=\"331\">Servo chinois<\/td>\n<\/tr>\n<tr>\n<td valign=\"top\" width=\"331\">Commandement<\/td>\n<td valign=\"top\" width=\"331\">G-code*.u00*.mmg*.plt<\/td>\n<\/tr>\n<tr>\n<td valign=\"top\" width=\"331\">Tension de fonctionnement<\/td>\n<td valign=\"top\" width=\"331\">3PH AC380V\/50Hz<\/td>\n<\/tr>\n<tr>\n<td valign=\"top\" width=\"331\">Syst\u00e8me de contr\u00f4le<\/td>\n<td valign=\"top\" width=\"331\">Taiwan ou Ncstudio Syst\u00e8me de contr\u00f4le<\/td>\n<\/tr>\n<tr>\n<td valign=\"top\" width=\"331\">Rail de guidage<\/td>\n<td valign=\"top\" width=\"331\">Ta\u00efwan 25 rail carr\u00e9<\/td>\n<\/tr>\n<tr>\n<td valign=\"top\" width=\"331\">Armoire de commande<\/td>\n<td valign=\"top\" width=\"331\">armoire tactile \u00e0 \u00e9cran<\/td>\n<\/tr>\n<tr>\n<td valign=\"top\" width=\"331\">Syst\u00e8me de lubrification<\/td>\n<td valign=\"top\" width=\"331\">Syst\u00e8me de lubrification automatique<\/td>\n<\/tr>\n<tr>\n<td valign=\"top\" width=\"331\">Dispositif auxiliaire<\/td>\n<td valign=\"top\" width=\"331\">Pointes escamotables - pour fixer le mat\u00e9riel au bon endroit, capteur d'outil pour calibrer la m\u00eame hauteur d'axe Z de chaque outil, d\u00e9poussi\u00e9reur 3kw, pompe \u00e0 vide<\/td>\n<\/tr>\n<\/tbody>\n<\/table>\n<p>&nbsp;<\/p>\n<div style=\"width: 960px;\" class=\"wp-video\"><video class=\"wp-video-shortcode\" id=\"video-3556-1\" width=\"960\" height=\"544\" preload=\"metadata\" controls=\"controls\"><source type=\"video\/mp4\" src=\"https:\/\/wisecnclaser.com\/wp-content\/uploads\/2025\/05\/1618799247906342.mp4?_=1\" \/><a href=\"https:\/\/wisecnclaser.com\/wp-content\/uploads\/2025\/05\/1618799247906342.mp4\">https:\/\/wisecnclaser.com\/wp-content\/uploads\/2025\/05\/1618799247906342.mp4<\/a><\/video><\/div>","protected":false},"excerpt":{"rendered":"<p>This wood cutting milling machine is specially developed for the door milling and panel furniture cutting.<\/p>\n<p>The automatic tool changer is equipped with a tool magazine. The tool magazine is generally 12 tools and can be loaded with 12 different tools. Any complex pattern can be completed, Especially the cabinet doors have more patterns, which need more than four tools. It is suitable for panel furniture, cabinet doors, office furniture, custom furniture, door industry and other industries.<\/p>\n<p>Applicable board: multi-layer board, particle board, ecological board, density board, wave board and other boards.<\/p>","protected":false},"featured_media":3559,"template":"","meta":{"_seopress_robots_primary_cat":"","_seopress_titles_title":"","_seopress_titles_desc":"","_seopress_robots_index":"","_uag_custom_page_level_css":"","site-sidebar-layout":"default","site-content-layout":"","ast-site-content-layout":"default","site-content-style":"default","site-sidebar-style":"default","ast-global-header-display":"","ast-banner-title-visibility":"","ast-main-header-display":"","ast-hfb-above-header-display":"","ast-hfb-below-header-display":"","ast-hfb-mobile-header-display":"","site-post-title":"","ast-breadcrumbs-content":"","ast-featured-img":"","footer-sml-layout":"","ast-disable-related-posts":"","theme-transparent-header-meta":"default","adv-header-id-meta":"","stick-header-meta":"default","header-above-stick-meta":"","header-main-stick-meta":"","header-below-stick-meta":"","astra-migrate-meta-layouts":"set","ast-page-background-enabled":"default","ast-page-background-meta":{"desktop":{"background-color":"","background-image":"","background-repeat":"repeat","background-position":"center center","background-size":"auto","background-attachment":"scroll","background-type":"","background-media":"","overlay-type":"","overlay-color":"","overlay-opacity":"","overlay-gradient":""},"tablet":{"background-color":"","background-image":"","background-repeat":"repeat","background-position":"center center","background-size":"auto","background-attachment":"scroll","background-type":"","background-media":"","overlay-type":"","overlay-color":"","overlay-opacity":"","overlay-gradient":""},"mobile":{"background-color":"","background-image":"","background-repeat":"repeat","background-position":"center center","background-size":"auto","background-attachment":"scroll","background-type":"","background-media":"","overlay-type":"","overlay-color":"","overlay-opacity":"","overlay-gradient":""}},"ast-content-background-meta":{"desktop":{"background-color":"var(--ast-global-color-5)","background-image":"","background-repeat":"repeat","background-position":"center center","background-size":"auto","background-attachment":"scroll","background-type":"","background-media":"","overlay-type":"","overlay-color":"","overlay-opacity":"","overlay-gradient":""},"tablet":{"background-color":"var(--ast-global-color-5)","background-image":"","background-repeat":"repeat","background-position":"center center","background-size":"auto","background-attachment":"scroll","background-type":"","background-media":"","overlay-type":"","overlay-color":"","overlay-opacity":"","overlay-gradient":""},"mobile":{"background-color":"var(--ast-global-color-5)","background-image":"","background-repeat":"repeat","background-position":"center center","background-size":"auto","background-attachment":"scroll","background-type":"","background-media":"","overlay-type":"","overlay-color":"","overlay-opacity":"","overlay-gradient":""}}},"product_brand":[],"product_cat":[34],"product_tag":[],"class_list":{"0":"post-3556","1":"product","2":"type-product","3":"status-publish","4":"has-post-thumbnail","6":"product_cat-nesting","7":"desktop-align-left","8":"tablet-align-left","9":"mobile-align-left","10":"ast-product-gallery-layout-horizontal-slider","11":"ast-product-gallery-with-no-image","12":"ast-product-tabs-layout-horizontal","14":"first","15":"instock","16":"shipping-taxable","17":"product-type-simple"},"uagb_featured_image_src":{"full":["https:\/\/wisecnclaser.com\/wp-content\/uploads\/2025\/05\/4161c18925d2e856cbb344b5afdaf8f9.jpg",800,800,false],"thumbnail":["https:\/\/wisecnclaser.com\/wp-content\/uploads\/2025\/05\/4161c18925d2e856cbb344b5afdaf8f9-150x150.jpg",150,150,true],"medium":["https:\/\/wisecnclaser.com\/wp-content\/uploads\/2025\/05\/4161c18925d2e856cbb344b5afdaf8f9-300x300.jpg",300,300,true],"medium_large":["https:\/\/wisecnclaser.com\/wp-content\/uploads\/2025\/05\/4161c18925d2e856cbb344b5afdaf8f9-768x768.jpg",768,768,true],"large":["https:\/\/wisecnclaser.com\/wp-content\/uploads\/2025\/05\/4161c18925d2e856cbb344b5afdaf8f9.jpg",800,800,false],"1536x1536":["https:\/\/wisecnclaser.com\/wp-content\/uploads\/2025\/05\/4161c18925d2e856cbb344b5afdaf8f9.jpg",800,800,false],"2048x2048":["https:\/\/wisecnclaser.com\/wp-content\/uploads\/2025\/05\/4161c18925d2e856cbb344b5afdaf8f9.jpg",800,800,false],"trp-custom-language-flag":["https:\/\/wisecnclaser.com\/wp-content\/uploads\/2025\/05\/4161c18925d2e856cbb344b5afdaf8f9-12x12.jpg",12,12,true],"woocommerce_thumbnail":["https:\/\/wisecnclaser.com\/wp-content\/uploads\/2025\/05\/4161c18925d2e856cbb344b5afdaf8f9-300x300.jpg",300,300,true],"woocommerce_single":["https:\/\/wisecnclaser.com\/wp-content\/uploads\/2025\/05\/4161c18925d2e856cbb344b5afdaf8f9-600x600.jpg",600,600,true],"woocommerce_gallery_thumbnail":["https:\/\/wisecnclaser.com\/wp-content\/uploads\/2025\/05\/4161c18925d2e856cbb344b5afdaf8f9-100x100.jpg",100,100,true]},"uagb_author_info":{"display_name":"jinxing6611@gmail.com","author_link":"https:\/\/wisecnclaser.com\/fr\/author\/"},"uagb_comment_info":0,"uagb_excerpt":"This wood cutting milling machine is specially developed for the door milling and panel furniture cutting. The automatic tool changer is equipped with a tool magazine. The tool magazine is generally 12 tools and can be loaded with 12 different tools. Any complex pattern can be completed, Especially the cabinet doors have more patterns, which\u2026","_links":{"self":[{"href":"https:\/\/wisecnclaser.com\/fr\/wp-json\/wp\/v2\/product\/3556","targetHints":{"allow":["GET"]}}],"collection":[{"href":"https:\/\/wisecnclaser.com\/fr\/wp-json\/wp\/v2\/product"}],"about":[{"href":"https:\/\/wisecnclaser.com\/fr\/wp-json\/wp\/v2\/types\/product"}],"wp:featuredmedia":[{"embeddable":true,"href":"https:\/\/wisecnclaser.com\/fr\/wp-json\/wp\/v2\/media\/3559"}],"wp:attachment":[{"href":"https:\/\/wisecnclaser.com\/fr\/wp-json\/wp\/v2\/media?parent=3556"}],"wp:term":[{"taxonomy":"product_brand","embeddable":true,"href":"https:\/\/wisecnclaser.com\/fr\/wp-json\/wp\/v2\/product_brand?post=3556"},{"taxonomy":"product_cat","embeddable":true,"href":"https:\/\/wisecnclaser.com\/fr\/wp-json\/wp\/v2\/product_cat?post=3556"},{"taxonomy":"product_tag","embeddable":true,"href":"https:\/\/wisecnclaser.com\/fr\/wp-json\/wp\/v2\/product_tag?post=3556"}],"curies":[{"name":"wp","href":"https:\/\/api.w.org\/{rel}","templated":true}]}}