{"id":3565,"date":"2025-05-22T23:09:47","date_gmt":"2025-05-22T23:09:47","guid":{"rendered":"https:\/\/wisecnclaser.com\/?post_type=product&#038;p=3565"},"modified":"2025-05-22T23:09:47","modified_gmt":"2025-05-22T23:09:47","slug":"45-degree-sliding-table-panel-saw","status":"publish","type":"product","link":"https:\/\/wisecnclaser.com\/fr\/produit\/45-degree-sliding-table-panel-saw\/","title":{"rendered":"Scie \u00e0 panneaux \u00e0 table coulissante \u00e0 45 degr\u00e9s"},"content":{"rendered":"<table border=\"1\">\n<tbody>\n<tr class=\"firstRow\" style=\"height: 16px;\">\n<td class=\"selectTdClass\" style=\"border-width: 1px; border-color: #595959 #666666 #666666 #595959; background: #ffffff; border-bottom-style: solid; border-right-style: solid; padding: 5px;\" valign=\"top\" width=\"280\">\n<p style=\"line-height: 17px;\"><span style=\";font-family: \u5b8b\u4f53; font-size: 14px;\">Dimension de la table coulissante<\/span><\/p>\n<\/td>\n<td class=\"selectTdClass\" style=\"border-left: none; border-top-width: 1px; border-top-color: #595959; background: #ffffff; border-bottom: 1px solid #666666; border-right: 1px solid #666666; padding: 5px;\" valign=\"top\" width=\"362\">\n<p style=\"line-height: 17px;\"><span style=\";font-family: \u5b8b\u4f53; font-size: 15px;\">2800*375<\/span><span style=\";font-family: Calibri; font-size: 15px;\">mm<\/span><span style=\";font-family: \u5b8b\u4f53; font-size: 15px;\">\u00a0&amp; 3000*375<\/span><span style=\";font-family: Calibri; font-size: 15px;\">mm<\/span><span style=\";font-family: \u5b8b\u4f53; font-size: 15px;\">\u00a0&amp; 3200*375<\/span><span style=\";font-family: Calibri; font-size: 15px;\">mm<\/span><\/p>\n<\/td>\n<\/tr>\n<tr style=\"height: 16px;\">\n<td class=\"selectTdClass\" style=\"border-left-width: 1px; border-left-color: #595959; border-top: none; background: #ffffff; border-bottom: 1px solid #666666; border-right: 1px solid #666666; padding: 5px;\" valign=\"top\" width=\"280\">\n<p style=\"line-height: 17px;\"><span style=\";font-family: \u5b8b\u4f53; font-size: 14px;\">Capacit\u00e9 de coupe maximale<\/span><\/p>\n<\/td>\n<td class=\"selectTdClass\" style=\"border-left: none; border-top: none; background: #ffffff; border-bottom: 1px solid #666666; border-right: 1px solid #666666; padding: 5px;\" valign=\"top\" width=\"362\">\n<p style=\"line-height: 17px;\"><span style=\";font-family: \u5b8b\u4f53; font-size: 15px;\">2800mm &amp; 3000mm &amp; 32<\/span><span style=\";font-family: Calibri; font-size: 15px;\">00mm<\/span><\/p>\n<\/td>\n<\/tr>\n<tr style=\"height: 19px;\">\n<td class=\"selectTdClass\" style=\"border-left-width: 1px; border-left-color: #595959; border-top: none; background: #ffffff; border-bottom: 1px solid #666666; border-right: 1px solid #666666; padding: 5px;\" valign=\"top\" width=\"280\">\n<p style=\"line-height: 17px;\"><span style=\";font-family: \u5b8b\u4f53; font-size: 14px;\">Largeur de coupe maximale (<\/span><span style=\"font-family: Calibri; font-size: 15px;\">W<\/span><span style=\";font-family: \u5b8b\u4f53; font-size: 15px;\">idit\u00e9 de coupe entre la lame de scie et le guide parall\u00e8le)<\/span><\/p>\n<\/td>\n<td class=\"selectTdClass\" style=\"border-left: none; border-top: none; background: #ffffff; border-bottom: 1px solid #666666; border-right: 1px solid #666666; padding: 5px;\" valign=\"top\" width=\"362\">\n<p style=\"line-height: 17px;\"><span style=\";font-family: \u5b8b\u4f53; font-size: 15px;\">1250mm<\/span><\/p>\n<\/td>\n<\/tr>\n<tr style=\"height: 19px;\">\n<td class=\"selectTdClass\" style=\"border-left-width: 1px; border-left-color: #595959; border-top: none; background: #ffffff; border-bottom: 1px solid #666666; border-right: 1px solid #666666; padding: 5px;\" valign=\"top\" width=\"280\">\n<p style=\"line-height: 17px;\"><span style=\";font-family: \u5b8b\u4f53; font-size: 14px;\">Diam\u00e8tre de la lame de scie<\/span><\/p>\n<\/td>\n<td class=\"selectTdClass\" style=\"border-left: none; border-top: none; background: #ffffff; border-bottom: 1px solid #666666; border-right: 1px solid #666666; padding: 5px;\" valign=\"top\" width=\"362\">\n<p style=\"line-height: 17px;\"><span style=\";font-family: \u5b8b\u4f53; font-size: 15px;\">300mm<\/span><\/p>\n<\/td>\n<\/tr>\n<tr style=\"height: 19px;\">\n<td class=\"selectTdClass\" style=\"border-left-width: 1px; border-left-color: #595959; border-top: none; background: #ffffff; border-bottom: 1px solid #666666; border-right: 1px solid #666666; padding: 5px;\" valign=\"top\" width=\"280\">\n<p style=\"line-height: 17px;\"><span style=\";font-family: \u5b8b\u4f53; font-size: 14px;\">\u00c9paisseur de coupe maximale<\/span><\/p>\n<\/td>\n<td class=\"selectTdClass\" style=\"border-left: none; border-top: none; background: #ffffff; border-bottom: 1px solid #666666; border-right: 1px solid #666666; padding: 5px;\" valign=\"top\" width=\"362\">\n<p style=\"line-height: 17px;\"><span style=\";font-family: \u5b8b\u4f53; font-size: 14px;\">75 mm<\/span><\/p>\n<\/td>\n<\/tr>\n<tr style=\"height: 19px;\">\n<td class=\"selectTdClass\" style=\"border-left-width: 1px; border-left-color: #595959; border-top: none; background: #ffffff; border-bottom: 1px solid #666666; border-right: 1px solid #666666; padding: 5px;\" valign=\"top\" width=\"280\">\n<p style=\"line-height: 17px;\"><span style=\";font-family: \u5b8b\u4f53; font-size: 14px;\">Vitesse de la broche de la scie principale <\/span><\/p>\n<\/td>\n<td class=\"selectTdClass\" style=\"border-left: none; border-top: none; background: #ffffff; border-bottom: 1px solid #666666; border-right: 1px solid #666666; padding: 5px;\" valign=\"top\" width=\"362\">\n<p style=\"line-height: 17px;\"><span style=\";font-family: \u5b8b\u4f53; font-size: 14px;\">4000\/6000\/min<\/span><\/p>\n<\/td>\n<\/tr>\n<tr style=\"height: 19px;\">\n<td class=\"selectTdClass\" style=\"border-left-width: 1px; border-left-color: #595959; border-top: none; background: #ffffff; border-bottom: 1px solid #666666; border-right: 1px solid #666666; padding: 5px;\" valign=\"top\" width=\"280\">\n<p style=\"line-height: 17px;\"><span style=\";font-family: \u5b8b\u4f53; font-size: 14px;\">Diam\u00e8tre de la broche de la scie principale<\/span><\/p>\n<\/td>\n<td class=\"selectTdClass\" style=\"border-left: none; border-top: none; background: #ffffff; border-bottom: 1px solid #666666; border-right: 1px solid #666666; padding: 5px;\" valign=\"top\" width=\"362\">\n<p style=\"line-height: 17px;\"><span style=\";font-family: \u5b8b\u4f53; font-size: 15px;\">30 mm<\/span><\/p>\n<\/td>\n<\/tr>\n<tr style=\"height: 19px;\">\n<td class=\"selectTdClass\" style=\"border-left-width: 1px; border-left-color: #595959; border-top: none; background: #ffffff; border-bottom: 1px solid #666666; border-right: 1px solid #666666; padding: 5px;\" valign=\"top\" width=\"280\">\n<p style=\"line-height: 17px;\"><strong><span style=\"font-family: \u5b8b\u4f53; font-size: 14px;\">Puissance de la scie principale<\/span><\/strong><\/p>\n<\/td>\n<td class=\"selectTdClass\" style=\"border-left: none; border-top: none; background: #ffffff; border-bottom: 1px solid #666666; border-right: 1px solid #666666; padding: 5px;\" valign=\"top\" width=\"362\">\n<p style=\"line-height: 17px;\"><strong><span style=\"font-family: \u5b8b\u4f53; font-size: 14px;\">4KW<\/span><\/strong><\/p>\n<\/td>\n<\/tr>\n<tr style=\"height: 19px;\">\n<td class=\"selectTdClass\" style=\"border-left-width: 1px; border-left-color: #595959; border-top: none; background: #ffffff; border-bottom: 1px solid #666666; border-right: 1px solid #666666; padding: 5px;\" valign=\"top\" width=\"280\">\n<p style=\"line-height: 17px;\"><span style=\";font-family: \u5b8b\u4f53; font-size: 14px;\">Lame de scie \u00e0 inciser dia <\/span><\/p>\n<\/td>\n<td class=\"selectTdClass\" style=\"border-left: none; border-top: none; background: #ffffff; border-bottom: 1px solid #666666; border-right: 1px solid #666666; padding: 5px;\" valign=\"top\" width=\"362\">\n<p style=\"line-height: 17px;\"><span style=\";font-family: \u5b8b\u4f53; font-size: 14px;\">120 mm<\/span><\/p>\n<\/td>\n<\/tr>\n<tr style=\"height: 19px;\">\n<td class=\"selectTdClass\" style=\"border-left-width: 1px; border-left-color: #595959; border-top: none; background: #ffffff; border-bottom: 1px solid #666666; border-right: 1px solid #666666; padding: 5px;\" valign=\"top\" width=\"280\">\n<p style=\"line-height: 17px;\"><span style=\";font-family: \u5b8b\u4f53; font-size: 14px;\">Vitesse de la lame de scie de l'inciseur <\/span><\/p>\n<\/td>\n<td class=\"selectTdClass\" style=\"border-left: none; border-top: none; background: #ffffff; border-bottom: 1px solid #666666; border-right: 1px solid #666666; padding: 5px;\" valign=\"top\" width=\"362\">\n<p style=\"line-height: 17px;\"><span style=\";font-family: \u5b8b\u4f53; font-size: 14px;\">8000<\/span><\/p>\n<\/td>\n<\/tr>\n<tr style=\"height: 19px;\">\n<td class=\"selectTdClass\" style=\"border-left-width: 1px; border-left-color: #595959; border-top: none; background: #ffffff; border-bottom: 1px solid #666666; border-right: 1px solid #666666; padding: 5px;\" valign=\"top\" width=\"280\">\n<p style=\"line-height: 17px;\"><span style=\";font-family: Calibri; font-size: 14px;\">Diam\u00e8tre de la scie secondaire<\/span><\/p>\n<\/td>\n<td class=\"selectTdClass\" style=\"border-left: none; border-top: none; background: #ffffff; border-bottom: 1px solid #666666; border-right: 1px solid #666666; padding: 5px;\" valign=\"top\" width=\"362\">\n<p style=\"line-height: 17px;\"><span style=\";font-family: \u5b8b\u4f53; font-size: 14px;\">120 mm<\/span><\/p>\n<\/td>\n<\/tr>\n<tr style=\"height: 26px;\">\n<td class=\"selectTdClass\" style=\"border-left-width: 1px; border-left-color: #595959; border-top: none; background: #ffffff; border-bottom: 1px solid #666666; border-right: 1px solid #666666; padding: 5px;\" valign=\"top\" width=\"280\">\n<p style=\"line-height: 17px;\"><span style=\";font-family: \u5b8b\u4f53; font-size: 14px;\">Vitesse de la broche de la scie secondaire <\/span><\/p>\n<\/td>\n<td class=\"selectTdClass\" style=\"border-left: none; border-top: none; background: #ffffff; border-bottom: 1px solid #666666; border-right: 1px solid #666666; padding: 5px;\" valign=\"top\" width=\"362\">\n<p style=\"line-height: 17px;\"><span style=\";font-family: \u5b8b\u4f53; font-size: 14px;\">8000\/min<\/span><\/p>\n<\/td>\n<\/tr>\n<tr style=\"height: 21px;\">\n<td class=\"selectTdClass\" style=\"border-left-width: 1px; border-left-color: #595959; border-top: none; background: #ffffff; border-bottom: 1px solid #666666; border-right: 1px solid #666666; padding: 5px;\" valign=\"top\" width=\"280\"><strong><span style=\"font-family: \u5b8b\u4f53; font-size: 14px;\">moteur de notation secondaire<\/span><\/strong><\/td>\n<td class=\"selectTdClass\" style=\"border-left: none; border-top: none; background: #ffffff; border-bottom: 1px solid #666666; border-right: 1px solid #666666; padding: 5px;\" valign=\"top\" width=\"362\"><strong><span style=\"font-family: \u5b8b\u4f53; font-size: 15px;\">0,75KW<\/span><\/strong><\/td>\n<\/tr>\n<tr style=\"height: 21px;\">\n<td class=\"selectTdClass\" style=\"border-left-width: 1px; border-left-color: #595959; border-top: none; background: #ffffff; border-bottom: 1px solid #666666; border-right: 1px solid #666666; padding: 5px;\" valign=\"top\" width=\"280\"><span style=\"font-family: Calibri; font-size: 15px;\">T<\/span><span style=\";font-family: \u5b8b\u4f53; font-size: 15px;\">Lame de scie \u00e0 d\u00e9couper<\/span><\/td>\n<td class=\"selectTdClass\" style=\"border-left: none; border-top: none; background: #ffffff; border-bottom: 1px solid #666666; border-right: 1px solid #666666; padding: 5px;\" valign=\"top\" width=\"362\"><span style=\";font-family: \u5b8b\u4f53; font-size: 15px;\">0-45 degr\u00e9s<\/span><\/td>\n<\/tr>\n<tr style=\"height: 19px;\">\n<td class=\"selectTdClass\" style=\"border-left-width: 1px; border-left-color: #595959; border-top: none; background: #ffffff; border-bottom: 1px solid #666666; border-right: 1px solid #666666; padding: 5px;\" valign=\"top\" width=\"280\"><span style=\";font-family: \u5b8b\u4f53; font-size: 15px;\">Poids net<\/span><\/td>\n<td class=\"selectTdClass\" style=\"border-left: none; border-top: none; background: #ffffff; border-bottom: 1px solid #666666; border-right: 1px solid #666666; padding: 5px;\" valign=\"top\" width=\"362\"><span style=\";font-family: \u5b8b\u4f53; font-size: 15px;\">650 kg<\/span><\/td>\n<\/tr>\n<tr style=\"height: 19px;\">\n<td class=\"selectTdClass\" style=\"border-left-width: 1px; border-left-color: #595959; border-top: none; background: #ffffff; border-bottom: 1px solid #666666; border-right: 1px solid #666666; padding: 5px;\" valign=\"top\" width=\"280\"><span style=\";font-family: \u5b8b\u4f53; font-size: 14px;\">Taille totale de la machine<\/span><\/td>\n<td class=\"selectTdClass\" style=\"border-left: none; border-top: none; background: #ffffff; border-bottom: 1px solid #666666; border-right: 1px solid #666666; padding: 5px;\" valign=\"top\" width=\"362\"><span style=\";font-family: \u5b8b\u4f53; font-size: 14px;\">2800*2600*950mm<\/span><\/td>\n<\/tr>\n<tr style=\"height: 19px;\">\n<td class=\"selectTdClass\" style=\"border-left-width: 1px; border-left-color: #595959; border-top: none; background: #ffffff; border-bottom: 1px solid #666666; border-right: 1px solid #666666; padding: 5px;\" valign=\"top\" width=\"280\"><span style=\";font-family: \u5b8b\u4f53; font-size: 14px;\">Taille de l'emballage de la machine<\/span><\/td>\n<td class=\"selectTdClass\" style=\"border-left: none; border-top: none; background: #ffffff; border-bottom: 1px solid #666666; border-right: 1px solid #666666; padding: 5px;\" valign=\"top\" width=\"362\"><span style=\";font-family: \u5b8b\u4f53; font-size: 14px;\">2800*1100*950mm<\/span><\/td>\n<\/tr>\n<tr style=\"height: 19px;\">\n<td class=\"selectTdClass\" style=\"border-left-width: 1px; border-left-color: #595959; border-top: none; background: #ffffff; border-bottom: 1px solid #666666; border-right: 1px solid #666666; padding: 5px;\" valign=\"top\" width=\"280\"><span style=\";font-family: \u5b8b\u4f53; font-size: 14px;\">Puissance<\/span><\/td>\n<td class=\"selectTdClass\" style=\"border-left: none; border-top: none; background: #ffffff; border-bottom: 1px solid #666666; border-right: 1px solid #666666; padding: 5px;\" valign=\"top\" width=\"362\"><span style=\";font-family: \u5b8b\u4f53; font-size: 15px;\">380V\/220V<\/span><\/td>\n<\/tr>\n<tr style=\"height: 19px;\">\n<td class=\"selectTdClass\" style=\"border-left-width: 1px; border-left-color: #595959; border-top: none; background: #ffffff; border-bottom: 1px solid #666666; border-right: 1px solid #666666; padding: 5px;\" valign=\"top\" width=\"280\"><span style=\";font-family: \u5b8b\u4f53; font-size: 14px;\">Pi\u00e8ces auxiliaires ou accessoires<\/span><\/td>\n<td class=\"selectTdClass\" style=\"border-left: none; border-top: none; background: #ffffff; border-bottom: 1px solid #666666; border-right: 1px solid #666666; padding: 5px;\" valign=\"top\" width=\"362\"><span style=\";font-family: \u5b8b\u4f53; font-size: 14px;\">Masque de s\u00e9curit\u00e9, r\u00e8gle d'angle, scie \u00e0 d\u00e9couper 1 jeu<\/span><\/td>\n<\/tr>\n<\/tbody>\n<\/table>\n<p>&nbsp;<\/p>","protected":false},"excerpt":{"rendered":"<p>Dimension of sliding table 2800*375mm\u00a0&amp; 3000*375mm\u00a0&amp; 3200*375mm Max cutting capacity 2800mm &amp; 3000mm &amp; 3200mm Max cutting width (Width of cut between saw blade and rip fence) 1250mm Saw blade diameter 300mm Max cutting thickness 75mm Speed of main saw spindle 4000\/6000\/min Main saw spindle diameter 30mm Main saw power 4KW Scoring saw blade dia [&hellip;]<\/p>\n","protected":false},"featured_media":3568,"template":"","meta":{"_seopress_robots_primary_cat":"","_seopress_titles_title":"","_seopress_titles_desc":"","_seopress_robots_index":"","_uag_custom_page_level_css":"","site-sidebar-layout":"default","site-content-layout":"","ast-site-content-layout":"default","site-content-style":"default","site-sidebar-style":"default","ast-global-header-display":"","ast-banner-title-visibility":"","ast-main-header-display":"","ast-hfb-above-header-display":"","ast-hfb-below-header-display":"","ast-hfb-mobile-header-display":"","site-post-title":"","ast-breadcrumbs-content":"","ast-featured-img":"","footer-sml-layout":"","ast-disable-related-posts":"","theme-transparent-header-meta":"default","adv-header-id-meta":"","stick-header-meta":"default","header-above-stick-meta":"","header-main-stick-meta":"","header-below-stick-meta":"","astra-migrate-meta-layouts":"set","ast-page-background-enabled":"default","ast-page-background-meta":{"desktop":{"background-color":"","background-image":"","background-repeat":"repeat","background-position":"center center","background-size":"auto","background-attachment":"scroll","background-type":"","background-media":"","overlay-type":"","overlay-color":"","overlay-opacity":"","overlay-gradient":""},"tablet":{"background-color":"","background-image":"","background-repeat":"repeat","background-position":"center center","background-size":"auto","background-attachment":"scroll","background-type":"","background-media":"","overlay-type":"","overlay-color":"","overlay-opacity":"","overlay-gradient":""},"mobile":{"background-color":"","background-image":"","background-repeat":"repeat","background-position":"center center","background-size":"auto","background-attachment":"scroll","background-type":"","background-media":"","overlay-type":"","overlay-color":"","overlay-opacity":"","overlay-gradient":""}},"ast-content-background-meta":{"desktop":{"background-color":"var(--ast-global-color-5)","background-image":"","background-repeat":"repeat","background-position":"center center","background-size":"auto","background-attachment":"scroll","background-type":"","background-media":"","overlay-type":"","overlay-color":"","overlay-opacity":"","overlay-gradient":""},"tablet":{"background-color":"var(--ast-global-color-5)","background-image":"","background-repeat":"repeat","background-position":"center center","background-size":"auto","background-attachment":"scroll","background-type":"","background-media":"","overlay-type":"","overlay-color":"","overlay-opacity":"","overlay-gradient":""},"mobile":{"background-color":"var(--ast-global-color-5)","background-image":"","background-repeat":"repeat","background-position":"center center","background-size":"auto","background-attachment":"scroll","background-type":"","background-media":"","overlay-type":"","overlay-color":"","overlay-opacity":"","overlay-gradient":""}}},"product_brand":[],"product_cat":[39],"product_tag":[],"class_list":{"0":"post-3565","1":"product","2":"type-product","3":"status-publish","4":"has-post-thumbnail","6":"product_cat-cuttingsaw","7":"desktop-align-left","8":"tablet-align-left","9":"mobile-align-left","10":"ast-product-gallery-layout-horizontal-slider","11":"ast-product-gallery-with-no-image","12":"ast-product-tabs-layout-horizontal","14":"first","15":"instock","16":"shipping-taxable","17":"product-type-simple"},"uagb_featured_image_src":{"full":["https:\/\/wisecnclaser.com\/wp-content\/uploads\/2025\/05\/113a136e73b7e79eec94dc30cb30f994.jpg",800,800,false],"thumbnail":["https:\/\/wisecnclaser.com\/wp-content\/uploads\/2025\/05\/113a136e73b7e79eec94dc30cb30f994-150x150.jpg",150,150,true],"medium":["https:\/\/wisecnclaser.com\/wp-content\/uploads\/2025\/05\/113a136e73b7e79eec94dc30cb30f994-300x300.jpg",300,300,true],"medium_large":["https:\/\/wisecnclaser.com\/wp-content\/uploads\/2025\/05\/113a136e73b7e79eec94dc30cb30f994-768x768.jpg",768,768,true],"large":["https:\/\/wisecnclaser.com\/wp-content\/uploads\/2025\/05\/113a136e73b7e79eec94dc30cb30f994.jpg",800,800,false],"1536x1536":["https:\/\/wisecnclaser.com\/wp-content\/uploads\/2025\/05\/113a136e73b7e79eec94dc30cb30f994.jpg",800,800,false],"2048x2048":["https:\/\/wisecnclaser.com\/wp-content\/uploads\/2025\/05\/113a136e73b7e79eec94dc30cb30f994.jpg",800,800,false],"trp-custom-language-flag":["https:\/\/wisecnclaser.com\/wp-content\/uploads\/2025\/05\/113a136e73b7e79eec94dc30cb30f994-12x12.jpg",12,12,true],"woocommerce_thumbnail":["https:\/\/wisecnclaser.com\/wp-content\/uploads\/2025\/05\/113a136e73b7e79eec94dc30cb30f994-300x300.jpg",300,300,true],"woocommerce_single":["https:\/\/wisecnclaser.com\/wp-content\/uploads\/2025\/05\/113a136e73b7e79eec94dc30cb30f994-600x600.jpg",600,600,true],"woocommerce_gallery_thumbnail":["https:\/\/wisecnclaser.com\/wp-content\/uploads\/2025\/05\/113a136e73b7e79eec94dc30cb30f994-100x100.jpg",100,100,true]},"uagb_author_info":{"display_name":"jinxing6611@gmail.com","author_link":"https:\/\/wisecnclaser.com\/fr\/author\/"},"uagb_comment_info":0,"uagb_excerpt":"Dimension of sliding table 2800*375mm\u00a0&amp; 3000*375mm\u00a0&amp; 3200*375mm Max cutting capacity 2800mm &amp; 3000mm &amp; 3200mm Max cutting width (Width of cut between saw blade and rip fence) 1250mm Saw blade diameter 300mm Max cutting thickness 75mm Speed of main saw spindle 4000\/6000\/min Main saw spindle diameter 30mm Main saw power 4KW Scoring saw blade dia\u2026","_links":{"self":[{"href":"https:\/\/wisecnclaser.com\/fr\/wp-json\/wp\/v2\/product\/3565","targetHints":{"allow":["GET"]}}],"collection":[{"href":"https:\/\/wisecnclaser.com\/fr\/wp-json\/wp\/v2\/product"}],"about":[{"href":"https:\/\/wisecnclaser.com\/fr\/wp-json\/wp\/v2\/types\/product"}],"wp:featuredmedia":[{"embeddable":true,"href":"https:\/\/wisecnclaser.com\/fr\/wp-json\/wp\/v2\/media\/3568"}],"wp:attachment":[{"href":"https:\/\/wisecnclaser.com\/fr\/wp-json\/wp\/v2\/media?parent=3565"}],"wp:term":[{"taxonomy":"product_brand","embeddable":true,"href":"https:\/\/wisecnclaser.com\/fr\/wp-json\/wp\/v2\/product_brand?post=3565"},{"taxonomy":"product_cat","embeddable":true,"href":"https:\/\/wisecnclaser.com\/fr\/wp-json\/wp\/v2\/product_cat?post=3565"},{"taxonomy":"product_tag","embeddable":true,"href":"https:\/\/wisecnclaser.com\/fr\/wp-json\/wp\/v2\/product_tag?post=3565"}],"curies":[{"name":"wp","href":"https:\/\/api.w.org\/{rel}","templated":true}]}}