{"id":3569,"date":"2025-05-22T23:11:23","date_gmt":"2025-05-22T23:11:23","guid":{"rendered":"https:\/\/wisecnclaser.com\/?post_type=product&#038;p=3569"},"modified":"2025-05-22T23:11:23","modified_gmt":"2025-05-22T23:11:23","slug":"advanced-sliding-table-saw-with-auto-lifting","status":"publish","type":"product","link":"https:\/\/wisecnclaser.com\/fr\/produit\/advanced-sliding-table-saw-with-auto-lifting\/","title":{"rendered":"Scie \u00e0 table coulissante avanc\u00e9e avec levage automatique"},"content":{"rendered":"<p><strong>Caract\u00e9ristiques de la scie \u00e0 panneaux avanc\u00e9e :<\/strong><\/p>\n<p>1. verrouillage europ\u00e9en pas \u00e0 pas, rail de guidage chrom\u00e9 \u00e0 double couche de barres rondes \u00e9paisses, palier \u00e0 haute pression, plaque de coupe plus pr\u00e9cise, am\u00e9liorant la dur\u00e9e de vie et la pr\u00e9cision de l'ensemble de la machine. La structure de guidage de la barre ronde int\u00e9rieure \u00e9largie \u00e0 double couche par extrusion push-pull \u00e0 haute r\u00e9sistance am\u00e9liore la stabilit\u00e9 et la pr\u00e9cision de l'ensemble de la machine.<\/p>\n<p>2. La grande Europe d\u00e9pend de la r\u00e8gle, elle est stable et ne se d\u00e9place pas.<\/p>\n<p>Moteur haute puissance en cuivre pur, puissance de la scie principale 5,5KW, petite scie 1,1KW, puissance \u00e9lev\u00e9e et longue dur\u00e9e de vie.<\/p>\n<p>3. Structure \u00e0 double lame de scie, r\u00e9partition claire du travail, petit sciage et tra\u00e7age, grand sciage et ouverture, \u00e9limination des plaques, des bavures et des copeaux.<\/p>\n<p>4. Comptoir en fonte ind\u00e9formable.<\/p>\n<p>5. Huileur \u00e0 chargement automatique, remplissage manuel d'huile, lubrification de la structure interne de la machine, facile \u00e0 entretenir.<\/p>\n<p><strong>Param\u00e8tres techniques :<\/strong><\/p>\n<table border=\"1\">\n<tbody>\n<tr class=\"firstRow\">\n<td valign=\"top\" width=\"280\">Dimension de la table coulissante<\/td>\n<td valign=\"top\" width=\"362\">2800*375mm &amp; 3000*375mm &amp; 3200*375mm<\/td>\n<\/tr>\n<tr>\n<td valign=\"top\" width=\"280\">Capacit\u00e9 de coupe maximale<\/td>\n<td valign=\"top\" width=\"362\">2800mm &amp; 3000mm &amp; 3200mm<\/td>\n<\/tr>\n<tr>\n<td valign=\"top\" width=\"280\">Largeur de coupe maximale (largeur de coupe entre la lame de scie et le guide parall\u00e8le)<\/td>\n<td valign=\"top\" width=\"362\">1250mm<\/td>\n<\/tr>\n<tr>\n<td valign=\"top\" width=\"280\">Diam\u00e8tre de la lame de scie<\/td>\n<td valign=\"top\" width=\"362\">300mm<\/td>\n<\/tr>\n<tr>\n<td valign=\"top\" width=\"280\">\u00c9paisseur de coupe maximale<\/td>\n<td valign=\"top\" width=\"362\">75 mm<\/td>\n<\/tr>\n<tr>\n<td valign=\"top\" width=\"280\">Vitesse de la broche de la scie principale<\/td>\n<td valign=\"top\" width=\"362\">4000\/6000\/min<\/td>\n<\/tr>\n<tr>\n<td valign=\"top\" width=\"280\">Diam\u00e8tre de la broche de la scie principale<\/td>\n<td valign=\"top\" width=\"362\">30 mm<\/td>\n<\/tr>\n<tr>\n<td valign=\"top\" width=\"280\"><strong>Puissance de la scie principale<\/strong><\/td>\n<td valign=\"top\" width=\"362\"><strong>5.5KW<\/strong><\/td>\n<\/tr>\n<tr>\n<td valign=\"top\" width=\"280\">Lame de scie \u00e0 inciser dia<\/td>\n<td valign=\"top\" width=\"362\">120 mm<\/td>\n<\/tr>\n<tr>\n<td valign=\"top\" width=\"280\">Vitesse de la lame de scie de l'inciseur<\/td>\n<td valign=\"top\" width=\"362\">8000<\/td>\n<\/tr>\n<tr>\n<td valign=\"top\" width=\"280\">Diam\u00e8tre de la scie secondaire<\/td>\n<td valign=\"top\" width=\"362\">120 mm<\/td>\n<\/tr>\n<tr>\n<td valign=\"top\" width=\"280\">Vitesse de la broche de la scie secondaire<\/td>\n<td valign=\"top\" width=\"362\">8000\/min<\/td>\n<\/tr>\n<tr>\n<td valign=\"top\" width=\"280\"><strong>moteur de notation secondaire<\/strong><\/td>\n<td valign=\"top\" width=\"362\"><strong>1,1KW<\/strong><\/td>\n<\/tr>\n<tr>\n<td valign=\"top\" width=\"280\">Lame de scie inclinable<\/td>\n<td valign=\"top\" width=\"362\">0-45 degr\u00e9s<\/td>\n<\/tr>\n<tr>\n<td valign=\"top\" width=\"280\">Poids net<\/td>\n<td valign=\"top\" width=\"362\">650 kg<\/td>\n<\/tr>\n<tr>\n<td valign=\"top\" width=\"280\">Taille totale de la machine<\/td>\n<td valign=\"top\" width=\"362\">2800*2600*950mm<\/td>\n<\/tr>\n<tr>\n<td valign=\"top\" width=\"280\">Taille de l'emballage de la machine<\/td>\n<td valign=\"top\" width=\"362\">2800*1100*950mm<\/td>\n<\/tr>\n<tr>\n<td valign=\"top\" width=\"280\">Puissance<\/td>\n<td valign=\"top\" width=\"362\">380V\/220V<\/td>\n<\/tr>\n<tr>\n<td valign=\"top\" width=\"280\">Pi\u00e8ces auxiliaires ou accessoires<\/td>\n<td valign=\"top\" width=\"362\">Masque de s\u00e9curit\u00e9, r\u00e8gle d'angle, scie \u00e0 d\u00e9couper 1 jeu<\/td>\n<\/tr>\n<\/tbody>\n<\/table>\n<p>&nbsp;<\/p>","protected":false},"excerpt":{"rendered":"<p>Caract\u00e9ristiques de la scie \u00e0 panneaux avanc\u00e9e :\u00a0<\/p>\n<p>1. verrouillage europ\u00e9en pas \u00e0 pas, rail de guidage chrom\u00e9 \u00e0 double couche de barres rondes \u00e9paisses, palier \u00e0 haute pression, plaque de coupe plus pr\u00e9cise, am\u00e9liorant la dur\u00e9e de vie et la pr\u00e9cision de l'ensemble de la machine. La structure de guidage de la barre ronde int\u00e9rieure \u00e9largie \u00e0 double couche par extrusion push-pull \u00e0 haute r\u00e9sistance am\u00e9liore la stabilit\u00e9 et la pr\u00e9cision de l'ensemble de la machine.<\/p>\n<p>2. La grande Europe d\u00e9pend de la r\u00e8gle, elle est stable et ne se d\u00e9place pas.<\/p>\n<p>Moteur haute puissance en cuivre pur, puissance de la scie principale 5,5KW, petite scie 1,1KW, puissance \u00e9lev\u00e9e et longue dur\u00e9e de vie.<\/p>\n<p>3. Structure \u00e0 double lame de scie, r\u00e9partition claire du travail, petit sciage et tra\u00e7age, grand sciage et ouverture, \u00e9limination des plaques, des bavures et des copeaux.<\/p>\n<p>4. Comptoir en fonte ind\u00e9formable.<\/p>\n<p>5. Huileur \u00e0 chargement automatique, remplissage manuel d'huile, lubrification de la structure interne de la machine, facile \u00e0 entretenir.<\/p>","protected":false},"featured_media":3572,"template":"","meta":{"_seopress_robots_primary_cat":"","_seopress_titles_title":"","_seopress_titles_desc":"","_seopress_robots_index":"","_uag_custom_page_level_css":"","site-sidebar-layout":"default","site-content-layout":"","ast-site-content-layout":"default","site-content-style":"default","site-sidebar-style":"default","ast-global-header-display":"","ast-banner-title-visibility":"","ast-main-header-display":"","ast-hfb-above-header-display":"","ast-hfb-below-header-display":"","ast-hfb-mobile-header-display":"","site-post-title":"","ast-breadcrumbs-content":"","ast-featured-img":"","footer-sml-layout":"","ast-disable-related-posts":"","theme-transparent-header-meta":"default","adv-header-id-meta":"","stick-header-meta":"default","header-above-stick-meta":"","header-main-stick-meta":"","header-below-stick-meta":"","astra-migrate-meta-layouts":"set","ast-page-background-enabled":"default","ast-page-background-meta":{"desktop":{"background-color":"","background-image":"","background-repeat":"repeat","background-position":"center center","background-size":"auto","background-attachment":"scroll","background-type":"","background-media":"","overlay-type":"","overlay-color":"","overlay-opacity":"","overlay-gradient":""},"tablet":{"background-color":"","background-image":"","background-repeat":"repeat","background-position":"center center","background-size":"auto","background-attachment":"scroll","background-type":"","background-media":"","overlay-type":"","overlay-color":"","overlay-opacity":"","overlay-gradient":""},"mobile":{"background-color":"","background-image":"","background-repeat":"repeat","background-position":"center center","background-size":"auto","background-attachment":"scroll","background-type":"","background-media":"","overlay-type":"","overlay-color":"","overlay-opacity":"","overlay-gradient":""}},"ast-content-background-meta":{"desktop":{"background-color":"var(--ast-global-color-5)","background-image":"","background-repeat":"repeat","background-position":"center center","background-size":"auto","background-attachment":"scroll","background-type":"","background-media":"","overlay-type":"","overlay-color":"","overlay-opacity":"","overlay-gradient":""},"tablet":{"background-color":"var(--ast-global-color-5)","background-image":"","background-repeat":"repeat","background-position":"center center","background-size":"auto","background-attachment":"scroll","background-type":"","background-media":"","overlay-type":"","overlay-color":"","overlay-opacity":"","overlay-gradient":""},"mobile":{"background-color":"var(--ast-global-color-5)","background-image":"","background-repeat":"repeat","background-position":"center center","background-size":"auto","background-attachment":"scroll","background-type":"","background-media":"","overlay-type":"","overlay-color":"","overlay-opacity":"","overlay-gradient":""}}},"product_brand":[],"product_cat":[39],"product_tag":[],"class_list":{"0":"post-3569","1":"product","2":"type-product","3":"status-publish","4":"has-post-thumbnail","6":"product_cat-cuttingsaw","7":"desktop-align-left","8":"tablet-align-left","9":"mobile-align-left","10":"ast-product-gallery-layout-horizontal-slider","11":"ast-product-gallery-with-no-image","12":"ast-product-tabs-layout-horizontal","14":"first","15":"instock","16":"shipping-taxable","17":"product-type-simple"},"uagb_featured_image_src":{"full":["https:\/\/wisecnclaser.com\/wp-content\/uploads\/2025\/05\/132c266c1f4e680efd22400ee3f1f6db.jpg",800,800,false],"thumbnail":["https:\/\/wisecnclaser.com\/wp-content\/uploads\/2025\/05\/132c266c1f4e680efd22400ee3f1f6db-150x150.jpg",150,150,true],"medium":["https:\/\/wisecnclaser.com\/wp-content\/uploads\/2025\/05\/132c266c1f4e680efd22400ee3f1f6db-300x300.jpg",300,300,true],"medium_large":["https:\/\/wisecnclaser.com\/wp-content\/uploads\/2025\/05\/132c266c1f4e680efd22400ee3f1f6db-768x768.jpg",768,768,true],"large":["https:\/\/wisecnclaser.com\/wp-content\/uploads\/2025\/05\/132c266c1f4e680efd22400ee3f1f6db.jpg",800,800,false],"1536x1536":["https:\/\/wisecnclaser.com\/wp-content\/uploads\/2025\/05\/132c266c1f4e680efd22400ee3f1f6db.jpg",800,800,false],"2048x2048":["https:\/\/wisecnclaser.com\/wp-content\/uploads\/2025\/05\/132c266c1f4e680efd22400ee3f1f6db.jpg",800,800,false],"trp-custom-language-flag":["https:\/\/wisecnclaser.com\/wp-content\/uploads\/2025\/05\/132c266c1f4e680efd22400ee3f1f6db-12x12.jpg",12,12,true],"woocommerce_thumbnail":["https:\/\/wisecnclaser.com\/wp-content\/uploads\/2025\/05\/132c266c1f4e680efd22400ee3f1f6db-300x300.jpg",300,300,true],"woocommerce_single":["https:\/\/wisecnclaser.com\/wp-content\/uploads\/2025\/05\/132c266c1f4e680efd22400ee3f1f6db-600x600.jpg",600,600,true],"woocommerce_gallery_thumbnail":["https:\/\/wisecnclaser.com\/wp-content\/uploads\/2025\/05\/132c266c1f4e680efd22400ee3f1f6db-100x100.jpg",100,100,true]},"uagb_author_info":{"display_name":"jinxing6611@gmail.com","author_link":"https:\/\/wisecnclaser.com\/fr\/author\/"},"uagb_comment_info":0,"uagb_excerpt":"Features of advanced panel saw:\u00a0 1.European step-by-step lock, double-layer thickened round bar chrome-plated guide rail, high pressure bearing, more accurate cutting plate, improve the life and accuracy of the whole machine. The high-strength extrusion push-pull double-layer widened inner round bar guide structure improves the stability and precision of the whole machine. 2. Big Europe depends\u2026","_links":{"self":[{"href":"https:\/\/wisecnclaser.com\/fr\/wp-json\/wp\/v2\/product\/3569","targetHints":{"allow":["GET"]}}],"collection":[{"href":"https:\/\/wisecnclaser.com\/fr\/wp-json\/wp\/v2\/product"}],"about":[{"href":"https:\/\/wisecnclaser.com\/fr\/wp-json\/wp\/v2\/types\/product"}],"wp:featuredmedia":[{"embeddable":true,"href":"https:\/\/wisecnclaser.com\/fr\/wp-json\/wp\/v2\/media\/3572"}],"wp:attachment":[{"href":"https:\/\/wisecnclaser.com\/fr\/wp-json\/wp\/v2\/media?parent=3569"}],"wp:term":[{"taxonomy":"product_brand","embeddable":true,"href":"https:\/\/wisecnclaser.com\/fr\/wp-json\/wp\/v2\/product_brand?post=3569"},{"taxonomy":"product_cat","embeddable":true,"href":"https:\/\/wisecnclaser.com\/fr\/wp-json\/wp\/v2\/product_cat?post=3569"},{"taxonomy":"product_tag","embeddable":true,"href":"https:\/\/wisecnclaser.com\/fr\/wp-json\/wp\/v2\/product_tag?post=3569"}],"curies":[{"name":"wp","href":"https:\/\/api.w.org\/{rel}","templated":true}]}}