{"id":3577,"date":"2025-05-22T23:16:10","date_gmt":"2025-05-22T23:16:10","guid":{"rendered":"https:\/\/wisecnclaser.com\/?post_type=product&#038;p=3577"},"modified":"2025-05-22T23:16:10","modified_gmt":"2025-05-22T23:16:10","slug":"hot-selling-1325-cnc-router","status":"publish","type":"product","link":"https:\/\/wisecnclaser.com\/fr\/produit\/hot-selling-1325-cnc-router\/","title":{"rendered":"Vente de la d\u00e9fonceuse CNC 1325"},"content":{"rendered":"<table border=\"1\" width=\"662\">\n<tbody>\n<tr class=\"firstRow\">\n<td colspan=\"2\" valign=\"center\" width=\"662\"><strong>Description et sp\u00e9cifications :<\/strong><\/td>\n<\/tr>\n<tr>\n<td valign=\"top\" width=\"331\">X Zone de travail<\/td>\n<td valign=\"top\" width=\"331\">1300mm<\/td>\n<\/tr>\n<tr>\n<td valign=\"top\" width=\"331\">Y Zone de travail<\/td>\n<td valign=\"top\" width=\"331\">2500mm<\/td>\n<\/tr>\n<tr>\n<td valign=\"top\" width=\"331\">Z Zone de travail<\/td>\n<td valign=\"top\" width=\"331\">200mm<\/td>\n<\/tr>\n<tr>\n<td valign=\"top\" width=\"331\">Table de machine<\/td>\n<td valign=\"top\" width=\"331\">Fente en T<\/td>\n<\/tr>\n<tr>\n<td valign=\"top\" width=\"331\">Pr\u00e9cision du positionnement des d\u00e9placements<\/td>\n<td valign=\"top\" width=\"331\">\u00b10,05 mm<\/td>\n<\/tr>\n<tr>\n<td valign=\"top\" width=\"331\">Repositionnement Pr\u00e9cision du positionnement<\/td>\n<td valign=\"top\" width=\"331\">\u00b10,02 mm<\/td>\n<\/tr>\n<tr>\n<td valign=\"top\" width=\"331\">X,Y ,Z Structure<\/td>\n<td valign=\"top\" width=\"331\">Roue dent\u00e9e XY Vis \u00e0 billes Z<\/td>\n<\/tr>\n<tr>\n<td valign=\"top\" width=\"331\">Consommation max. Consommation \u00e9lectrique (sans broche)<\/td>\n<td valign=\"top\" width=\"331\">0,8KW<\/td>\n<\/tr>\n<tr>\n<td valign=\"top\" width=\"331\">Max. Vitesse de d\u00e9placement rapide<\/td>\n<td valign=\"top\" width=\"331\">25000mm\/min<\/td>\n<\/tr>\n<tr>\n<td valign=\"top\" width=\"331\">Vitesse de travail max. Vitesse de travail<\/td>\n<td valign=\"top\" width=\"331\">15000mm\/min<\/td>\n<\/tr>\n<tr>\n<td valign=\"top\" width=\"331\">Broche<\/td>\n<td valign=\"top\" width=\"331\">Broche refroidie \u00e0 l'eau 3kw<\/td>\n<\/tr>\n<tr>\n<td valign=\"top\" width=\"331\">Vitesse de la broche<\/td>\n<td valign=\"top\" width=\"331\">0-24000 tr\/min<\/td>\n<\/tr>\n<tr>\n<td valign=\"top\" width=\"331\">Moteur d'entra\u00eenement<\/td>\n<td valign=\"top\" width=\"331\">Pas \u00e0 pas<\/td>\n<\/tr>\n<tr>\n<td valign=\"top\" width=\"331\">Commandement<\/td>\n<td valign=\"top\" width=\"331\">G-code*.u00*.mmg*.plt<\/td>\n<\/tr>\n<tr>\n<td valign=\"top\" width=\"331\">Tension de fonctionnement<\/td>\n<td valign=\"top\" width=\"331\">AC220V\/50HZ ou AC380V\/50HZ<\/td>\n<\/tr>\n<tr>\n<td valign=\"top\" width=\"331\">Syst\u00e8me de contr\u00f4le<\/td>\n<td valign=\"top\" width=\"331\">Dsp hors ligne<\/td>\n<\/tr>\n<tr>\n<td valign=\"top\" width=\"331\">Armoire de commande<\/td>\n<td valign=\"top\" width=\"331\">Bo\u00eetier de commande ind\u00e9pendant<\/td>\n<\/tr>\n<\/tbody>\n<\/table>\n<p>Description de la machine  Vente de machine \u00e0 graver le bois \u00e0 une t\u00eate 1325 machine \u00e0 router cnc<\/p>\n<p>Nom du produit : routeur \u00e0 commande num\u00e9rique<\/p>\n<p>Syst\u00e8me d'entra\u00eenement : Pas \u00e0 pas\/Servo<\/p>\n<p>Moteur de puissance de broche : 3.0KW, 4.5KW, 6KW<\/p>\n<p>Langage de commande Code G<\/p>\n<p>Transmission : engrenage et roue, cr\u00e9maill\u00e8re<\/p>\n<p>Syst\u00e8me de contr\u00f4le : ncstudio\/dsp<\/p>\n<p>Table de machine : rainure en T\/table \u00e0 vide<\/p>\n<p>Ch\u00e2ssis de la machine : structure en acier robuste<\/p>\n<p>Garantie : 1 an<\/p>\n<p>Couleur : bleu et blanc\/personnalis\u00e9<\/p>\n<p>Mode de refroidissement de la broche : refroidissement par eau\/air<\/p>\n<p>Collet : ER11, ER16, ER20, ER25<\/p>\n<p>Application :<\/p>\n<p>Principalement utilis\u00e9 dans l'industrie du meuble en bois, pour le traitement des portes en bois, des portes d'armoires, des portes d'art et d'artisanat, la d\u00e9coupe de MDF, la d\u00e9coupe de panneaux de bois, la gravure de colonnes de bois et le traitement d'autres mat\u00e9riaux non m\u00e9talliques, etc.<\/p>\n<p>Fonctionnalit\u00e9 :<\/p>\n<p>1. Rail de guidage import\u00e9 de type rectiligne, bloc de glissement \u00e0 double rang\u00e9e de billes \u00e0 quatre rang\u00e9es de billes, chargement et d\u00e9chargement de l'\u00e9quipement.<\/p>\n<p>Capacit\u00e9, fonctionnement en douceur, haute pr\u00e9cision, longue dur\u00e9e de vie.<\/p>\n<p>2. Le choix des roulements NSK import\u00e9s du moteur japonais \u00e0 grande vitesse refroidi \u00e0 l'eau. Broche refroidie par air 6KW Broche principale 3.0 KW Grande puissance, performances stables.<\/p>\n<p>3. Syst\u00e8me de macro-contr\u00f4le par ordinateur en ligne, adoptant des r\u00e8gles budg\u00e9taires intelligentes uniques, permettant d'exploiter pleinement le potentiel du moteur et d'atteindre une vitesse de traitement \u00e9lev\u00e9e, une synchronisation lin\u00e9aire de la chanson, une courbe plus parfaite.<\/p>\n<p>4. Compatibilit\u00e9 logicielle et compatibilit\u00e9 avec les logiciels de conception CAO\/FAO de type 3 \/ Actcam \/Castmate \/Wentai, etc.<\/p>\n<p>5. Le syst\u00e8me d'adsorption sous vide \u00e0 six cloisons peut \u00eatre efficace pour les mat\u00e9riaux d'adsorption de diff\u00e9rentes tailles.<\/p>\n<p>6. Gr\u00e2ce \u00e0 l'utilisation d'un moteur pas \u00e0 pas et d'un entra\u00eenement \u00e0 grande vitesse, l'axe Y adopte un double entra\u00eenement motoris\u00e9, ce qui permet d'atteindre une vitesse de 25 m\/point sup\u00e9rieure \u00e0 la vitesse de la ligne vide, avec une broche de coupe puissante qui am\u00e9liore la vitesse de sculpture.<\/p>","protected":false},"excerpt":{"rendered":"<p>Description de la machine  Vente de machine \u00e0 graver le bois \u00e0 une t\u00eate 1325 machine \u00e0 router cnc<\/p>\n<p>Nom du produit : routeur \u00e0 commande num\u00e9rique<\/p>\n<p>Syst\u00e8me d'entra\u00eenement : Pas \u00e0 pas\/Servo<\/p>\n<p>Moteur de puissance de broche : 3.0KW, 4.5KW, 6KW<\/p>\n<p>Langage de commande Code G<\/p>\n<p>Transmission : engrenage et roue, cr\u00e9maill\u00e8re<\/p>\n<p>Syst\u00e8me de contr\u00f4le : ncstudio\/dsp<\/p>\n<p>Table de machine : rainure en T\/table \u00e0 vide<\/p>\n<p>Ch\u00e2ssis de la machine : structure en acier robuste<\/p>\n<p>Garantie : 1 an<\/p>\n<p>Couleur : bleu et blanc\/personnalis\u00e9<\/p>\n<p>Mode de refroidissement de la broche : refroidissement par eau\/air<\/p>\n<p>Collet : ER11, ER16, ER20, ER25<\/p>","protected":false},"featured_media":3580,"template":"","meta":{"_seopress_robots_primary_cat":"","_seopress_titles_title":"","_seopress_titles_desc":"","_seopress_robots_index":"","_uag_custom_page_level_css":"","site-sidebar-layout":"default","site-content-layout":"","ast-site-content-layout":"default","site-content-style":"default","site-sidebar-style":"default","ast-global-header-display":"","ast-banner-title-visibility":"","ast-main-header-display":"","ast-hfb-above-header-display":"","ast-hfb-below-header-display":"","ast-hfb-mobile-header-display":"","site-post-title":"","ast-breadcrumbs-content":"","ast-featured-img":"","footer-sml-layout":"","ast-disable-related-posts":"","theme-transparent-header-meta":"default","adv-header-id-meta":"","stick-header-meta":"default","header-above-stick-meta":"","header-main-stick-meta":"","header-below-stick-meta":"","astra-migrate-meta-layouts":"set","ast-page-background-enabled":"default","ast-page-background-meta":{"desktop":{"background-color":"","background-image":"","background-repeat":"repeat","background-position":"center center","background-size":"auto","background-attachment":"scroll","background-type":"","background-media":"","overlay-type":"","overlay-color":"","overlay-opacity":"","overlay-gradient":""},"tablet":{"background-color":"","background-image":"","background-repeat":"repeat","background-position":"center center","background-size":"auto","background-attachment":"scroll","background-type":"","background-media":"","overlay-type":"","overlay-color":"","overlay-opacity":"","overlay-gradient":""},"mobile":{"background-color":"","background-image":"","background-repeat":"repeat","background-position":"center center","background-size":"auto","background-attachment":"scroll","background-type":"","background-media":"","overlay-type":"","overlay-color":"","overlay-opacity":"","overlay-gradient":""}},"ast-content-background-meta":{"desktop":{"background-color":"var(--ast-global-color-5)","background-image":"","background-repeat":"repeat","background-position":"center center","background-size":"auto","background-attachment":"scroll","background-type":"","background-media":"","overlay-type":"","overlay-color":"","overlay-opacity":"","overlay-gradient":""},"tablet":{"background-color":"var(--ast-global-color-5)","background-image":"","background-repeat":"repeat","background-position":"center center","background-size":"auto","background-attachment":"scroll","background-type":"","background-media":"","overlay-type":"","overlay-color":"","overlay-opacity":"","overlay-gradient":""},"mobile":{"background-color":"var(--ast-global-color-5)","background-image":"","background-repeat":"repeat","background-position":"center center","background-size":"auto","background-attachment":"scroll","background-type":"","background-media":"","overlay-type":"","overlay-color":"","overlay-opacity":"","overlay-gradient":""}}},"product_brand":[],"product_cat":[42],"product_tag":[],"class_list":{"0":"post-3577","1":"product","2":"type-product","3":"status-publish","4":"has-post-thumbnail","6":"product_cat-normal","7":"desktop-align-left","8":"tablet-align-left","9":"mobile-align-left","10":"ast-product-gallery-layout-horizontal-slider","11":"ast-product-gallery-with-no-image","12":"ast-product-tabs-layout-horizontal","14":"first","15":"instock","16":"shipping-taxable","17":"product-type-simple"},"uagb_featured_image_src":{"full":["https:\/\/wisecnclaser.com\/wp-content\/uploads\/2025\/05\/01cab26fb6b0fa27ea006a60b821cacb.png",800,800,false],"thumbnail":["https:\/\/wisecnclaser.com\/wp-content\/uploads\/2025\/05\/01cab26fb6b0fa27ea006a60b821cacb-150x150.png",150,150,true],"medium":["https:\/\/wisecnclaser.com\/wp-content\/uploads\/2025\/05\/01cab26fb6b0fa27ea006a60b821cacb-300x300.png",300,300,true],"medium_large":["https:\/\/wisecnclaser.com\/wp-content\/uploads\/2025\/05\/01cab26fb6b0fa27ea006a60b821cacb-768x768.png",768,768,true],"large":["https:\/\/wisecnclaser.com\/wp-content\/uploads\/2025\/05\/01cab26fb6b0fa27ea006a60b821cacb.png",800,800,false],"1536x1536":["https:\/\/wisecnclaser.com\/wp-content\/uploads\/2025\/05\/01cab26fb6b0fa27ea006a60b821cacb.png",800,800,false],"2048x2048":["https:\/\/wisecnclaser.com\/wp-content\/uploads\/2025\/05\/01cab26fb6b0fa27ea006a60b821cacb.png",800,800,false],"trp-custom-language-flag":["https:\/\/wisecnclaser.com\/wp-content\/uploads\/2025\/05\/01cab26fb6b0fa27ea006a60b821cacb-12x12.png",12,12,true],"woocommerce_thumbnail":["https:\/\/wisecnclaser.com\/wp-content\/uploads\/2025\/05\/01cab26fb6b0fa27ea006a60b821cacb-300x300.png",300,300,true],"woocommerce_single":["https:\/\/wisecnclaser.com\/wp-content\/uploads\/2025\/05\/01cab26fb6b0fa27ea006a60b821cacb-600x600.png",600,600,true],"woocommerce_gallery_thumbnail":["https:\/\/wisecnclaser.com\/wp-content\/uploads\/2025\/05\/01cab26fb6b0fa27ea006a60b821cacb-100x100.png",100,100,true]},"uagb_author_info":{"display_name":"jinxing6611@gmail.com","author_link":"https:\/\/wisecnclaser.com\/fr\/author\/"},"uagb_comment_info":0,"uagb_excerpt":"Description:\u00a0 Hot sales Single head wood engraving machine 1325 cnc router machine Product Name:\u00a0 cnc router Driving system:\u00a0Stepper\/Servo Spindle Power Motor: 3.0KW,4.5KW,6KW Command Language\u00a0 G-code Transmission:gear and wheel, rack pinion Control system:ncstudio\/dsp Machine table:T-slot\/Vacuum table Machine frame: heavy duty steel structure Warranty: 1 year Color: blue and white\/customized Spindle cooling mode: water cooling\/air cooling Collet:\u2026","_links":{"self":[{"href":"https:\/\/wisecnclaser.com\/fr\/wp-json\/wp\/v2\/product\/3577","targetHints":{"allow":["GET"]}}],"collection":[{"href":"https:\/\/wisecnclaser.com\/fr\/wp-json\/wp\/v2\/product"}],"about":[{"href":"https:\/\/wisecnclaser.com\/fr\/wp-json\/wp\/v2\/types\/product"}],"wp:featuredmedia":[{"embeddable":true,"href":"https:\/\/wisecnclaser.com\/fr\/wp-json\/wp\/v2\/media\/3580"}],"wp:attachment":[{"href":"https:\/\/wisecnclaser.com\/fr\/wp-json\/wp\/v2\/media?parent=3577"}],"wp:term":[{"taxonomy":"product_brand","embeddable":true,"href":"https:\/\/wisecnclaser.com\/fr\/wp-json\/wp\/v2\/product_brand?post=3577"},{"taxonomy":"product_cat","embeddable":true,"href":"https:\/\/wisecnclaser.com\/fr\/wp-json\/wp\/v2\/product_cat?post=3577"},{"taxonomy":"product_tag","embeddable":true,"href":"https:\/\/wisecnclaser.com\/fr\/wp-json\/wp\/v2\/product_tag?post=3577"}],"curies":[{"name":"wp","href":"https:\/\/api.w.org\/{rel}","templated":true}]}}