{"id":3594,"date":"2025-05-22T23:25:24","date_gmt":"2025-05-22T23:25:24","guid":{"rendered":"https:\/\/wisecnclaser.com\/?post_type=product&#038;p=3594"},"modified":"2025-05-23T02:49:52","modified_gmt":"2025-05-23T02:49:52","slug":"mfz360d-automatic-edge-banding-machine","status":"publish","type":"product","link":"https:\/\/wisecnclaser.com\/fr\/produit\/mfz360d-automatic-edge-banding-machine\/","title":{"rendered":"Plaqueuse de chants automatique MFZ360D"},"content":{"rendered":"<p><strong>Caract\u00e9ristiques de la plaqueuse de chants automatique MFZ360D :<\/strong><\/p>\n<p>La plaqueuse de chants automatique est un \u00e9quipement de traitement pour le placage automatique de chants de meubles en panneaux, qui permet d'\u00e9conomiser du temps et de la main-d'\u0153uvre, d'obtenir un placage de chants parfait et d'\u00eatre \u00e0 la pointe de la technologie.<\/p>\n<p>La configuration et la conception raisonnable r\u00e9duisent la difficult\u00e9 du travail, la d\u00e9pendance \u00e0 l'\u00e9gard des travailleurs qualifi\u00e9s et am\u00e9liorent consid\u00e9rablement la qualit\u00e9 du produit.<\/p>\n<p>Cette machine est largement utilis\u00e9e dans les armoires, les penderies, les meubles \u00e0 panneaux personnalis\u00e9s et d'autres industries.<\/p>\n<p><strong>\u00a0<\/strong><\/p>\n<p><strong>Param\u00e8tres techniques :<\/strong><\/p>\n<table border=\"1\" width=\"662\">\n<tbody>\n<tr class=\"firstRow\">\n<td colspan=\"2\" valign=\"center\" width=\"662\"><strong>Description et sp\u00e9cifications de la plaqueuse de chants automatique :<\/strong><\/td>\n<\/tr>\n<tr>\n<td valign=\"top\" width=\"331\">Mod\u00e8le<\/td>\n<td valign=\"top\" width=\"331\">MFZ360D<\/td>\n<\/tr>\n<tr>\n<td valign=\"top\" width=\"331\">Puissance du moteur<\/td>\n<td valign=\"top\" width=\"331\">10.44kw<\/td>\n<\/tr>\n<tr>\n<td valign=\"top\" width=\"331\">Taille totale<\/td>\n<td valign=\"top\" width=\"331\">4700\u00d71100\u00d71600mm<\/td>\n<\/tr>\n<tr>\n<td valign=\"top\" width=\"331\">Vitesse d'alimentation<\/td>\n<td valign=\"top\" width=\"331\">12-20m\/min<\/td>\n<\/tr>\n<tr>\n<td valign=\"top\" width=\"331\">Epaisseur du panneau<\/td>\n<td valign=\"top\" width=\"331\">9-60mm<\/td>\n<\/tr>\n<tr>\n<td valign=\"top\" width=\"331\">\u00c9paisseur du bord<\/td>\n<td valign=\"top\" width=\"331\">0,4-3 mm<\/td>\n<\/tr>\n<tr>\n<td valign=\"top\" width=\"331\">Largeur du panneau<\/td>\n<td valign=\"top\" width=\"331\">\u226540mm<\/td>\n<\/tr>\n<tr>\n<td valign=\"top\" width=\"331\">Pression de service<\/td>\n<td valign=\"top\" width=\"331\">6kg<\/td>\n<\/tr>\n<tr>\n<td valign=\"top\" width=\"331\">Poids<\/td>\n<td valign=\"top\" width=\"331\">1900kg<\/td>\n<\/tr>\n<tr>\n<td valign=\"top\" width=\"331\"><strong>Dispositif de la machine<\/strong><\/td>\n<td valign=\"top\" width=\"331\">&nbsp;<\/p>\n<p>PLC TAIWAN DELTA<\/p>\n<p>INVERSEUR AISET<\/p>\n<p>PI\u00c8CES \u00c9LECTRIQUES FRANCESCHNEIDER<\/p>\n<p>COMPTEUR DE CONTR\u00d4LE DE LA TEMP\u00c9RATURE : KOREA AUTONICS<\/p>\n<p>INTERRUPTEUR DE FIN DE COURSE COR\u00c9E HONEYWELL<\/p>\n<p>MOTEUR DE CONVOYEUR HAOLI<\/p>\n<p>MOTEUR DE COUPE CC<\/p>\n<p>CONVERTISSEUR WANXIN<\/p>\n<p>VALVE MAGN\u00c9TIQUE \u00c9LECTRONIQUE AIRTAC<\/p>\n<p>Guide de roulage CSK<\/p>\n<p>CYLINDRE GEASUN<\/p>\n<p>&nbsp;<\/td>\n<\/tr>\n<\/tbody>\n<\/table>\n<p>&nbsp;<\/p>\n<p><strong>Fonctions :<\/strong><\/p>\n<table border=\"1\">\n<tbody>\n<tr class=\"firstRow\">\n<td valign=\"top\" width=\"278\">Pr\u00e9-fraisage<\/td>\n<td valign=\"top\" width=\"509\">\/<\/td>\n<\/tr>\n<tr>\n<td valign=\"top\" width=\"278\">Collage<\/td>\n<td valign=\"top\" width=\"519\">\u25cf<\/td>\n<\/tr>\n<tr>\n<td valign=\"top\" width=\"278\">Coupe de l'extr\u00e9mit\u00e9<\/td>\n<td valign=\"top\" width=\"519\">\u25cf<\/td>\n<\/tr>\n<tr>\n<td valign=\"top\" width=\"278\">Coupe grossi\u00e8re<\/td>\n<td valign=\"top\" width=\"519\">\u25cf<\/td>\n<\/tr>\n<tr>\n<td valign=\"top\" width=\"278\">Parage fin<\/td>\n<td valign=\"top\" width=\"519\">\u25cf<\/td>\n<\/tr>\n<tr>\n<td valign=\"top\" width=\"278\">Unit\u00e9 de profilage<\/td>\n<td valign=\"top\" width=\"519\">\/<\/td>\n<\/tr>\n<tr>\n<td valign=\"top\" width=\"278\">Grattage<\/td>\n<td valign=\"top\" width=\"519\">\u25cf<\/td>\n<\/tr>\n<tr>\n<td valign=\"top\" width=\"278\">Buffer<\/td>\n<td valign=\"top\" width=\"519\">\u25cf<\/td>\n<\/tr>\n<tr>\n<td valign=\"top\" width=\"278\">Rainurage<\/td>\n<td valign=\"top\" width=\"519\">\/<\/td>\n<\/tr>\n<\/tbody>\n<\/table>\n<p>&nbsp;<\/p>","protected":false},"excerpt":{"rendered":"<p>Caract\u00e9ristiques de la plaqueuse de chants automatique MFZ360D :<\/p>\n<p>La plaqueuse de chants automatique est un \u00e9quipement de traitement pour le placage automatique de chants de meubles en panneaux, qui permet d'\u00e9conomiser du temps et de la main-d'\u0153uvre, d'obtenir un placage de chants parfait et d'\u00eatre \u00e0 la pointe de la technologie.<\/p>\n<p>La configuration et la conception raisonnable r\u00e9duisent la difficult\u00e9 du travail, la d\u00e9pendance \u00e0 l'\u00e9gard des travailleurs qualifi\u00e9s et am\u00e9liorent consid\u00e9rablement la qualit\u00e9 du produit.<\/p>\n<p>Cette machine est largement utilis\u00e9e dans les armoires, les penderies, les meubles \u00e0 panneaux personnalis\u00e9s et d'autres industries.<\/p>","protected":false},"featured_media":3597,"template":"","meta":{"_seopress_robots_primary_cat":"","_seopress_titles_title":"","_seopress_titles_desc":"","_seopress_robots_index":"","_uag_custom_page_level_css":"","site-sidebar-layout":"default","site-content-layout":"","ast-site-content-layout":"default","site-content-style":"default","site-sidebar-style":"default","ast-global-header-display":"","ast-banner-title-visibility":"","ast-main-header-display":"","ast-hfb-above-header-display":"","ast-hfb-below-header-display":"","ast-hfb-mobile-header-display":"","site-post-title":"","ast-breadcrumbs-content":"","ast-featured-img":"","footer-sml-layout":"","ast-disable-related-posts":"","theme-transparent-header-meta":"default","adv-header-id-meta":"","stick-header-meta":"default","header-above-stick-meta":"","header-main-stick-meta":"","header-below-stick-meta":"","astra-migrate-meta-layouts":"set","ast-page-background-enabled":"default","ast-page-background-meta":{"desktop":{"background-color":"","background-image":"","background-repeat":"repeat","background-position":"center center","background-size":"auto","background-attachment":"scroll","background-type":"","background-media":"","overlay-type":"","overlay-color":"","overlay-opacity":"","overlay-gradient":""},"tablet":{"background-color":"","background-image":"","background-repeat":"repeat","background-position":"center center","background-size":"auto","background-attachment":"scroll","background-type":"","background-media":"","overlay-type":"","overlay-color":"","overlay-opacity":"","overlay-gradient":""},"mobile":{"background-color":"","background-image":"","background-repeat":"repeat","background-position":"center center","background-size":"auto","background-attachment":"scroll","background-type":"","background-media":"","overlay-type":"","overlay-color":"","overlay-opacity":"","overlay-gradient":""}},"ast-content-background-meta":{"desktop":{"background-color":"var(--ast-global-color-5)","background-image":"","background-repeat":"repeat","background-position":"center center","background-size":"auto","background-attachment":"scroll","background-type":"","background-media":"","overlay-type":"","overlay-color":"","overlay-opacity":"","overlay-gradient":""},"tablet":{"background-color":"var(--ast-global-color-5)","background-image":"","background-repeat":"repeat","background-position":"center center","background-size":"auto","background-attachment":"scroll","background-type":"","background-media":"","overlay-type":"","overlay-color":"","overlay-opacity":"","overlay-gradient":""},"mobile":{"background-color":"var(--ast-global-color-5)","background-image":"","background-repeat":"repeat","background-position":"center center","background-size":"auto","background-attachment":"scroll","background-type":"","background-media":"","overlay-type":"","overlay-color":"","overlay-opacity":"","overlay-gradient":""}}},"product_brand":[],"product_cat":[35],"product_tag":[],"class_list":{"0":"post-3594","1":"product","2":"type-product","3":"status-publish","4":"has-post-thumbnail","6":"product_cat-banding","7":"desktop-align-left","8":"tablet-align-left","9":"mobile-align-left","10":"ast-product-gallery-layout-horizontal-slider","11":"ast-product-gallery-with-no-image","12":"ast-product-tabs-layout-horizontal","14":"first","15":"instock","16":"featured","17":"shipping-taxable","18":"product-type-simple"},"uagb_featured_image_src":{"full":["https:\/\/wisecnclaser.com\/wp-content\/uploads\/2025\/05\/0c516e517e6729a6066d62453b6d07dd.jpg",800,800,false],"thumbnail":["https:\/\/wisecnclaser.com\/wp-content\/uploads\/2025\/05\/0c516e517e6729a6066d62453b6d07dd-150x150.jpg",150,150,true],"medium":["https:\/\/wisecnclaser.com\/wp-content\/uploads\/2025\/05\/0c516e517e6729a6066d62453b6d07dd-300x300.jpg",300,300,true],"medium_large":["https:\/\/wisecnclaser.com\/wp-content\/uploads\/2025\/05\/0c516e517e6729a6066d62453b6d07dd-768x768.jpg",768,768,true],"large":["https:\/\/wisecnclaser.com\/wp-content\/uploads\/2025\/05\/0c516e517e6729a6066d62453b6d07dd.jpg",800,800,false],"1536x1536":["https:\/\/wisecnclaser.com\/wp-content\/uploads\/2025\/05\/0c516e517e6729a6066d62453b6d07dd.jpg",800,800,false],"2048x2048":["https:\/\/wisecnclaser.com\/wp-content\/uploads\/2025\/05\/0c516e517e6729a6066d62453b6d07dd.jpg",800,800,false],"trp-custom-language-flag":["https:\/\/wisecnclaser.com\/wp-content\/uploads\/2025\/05\/0c516e517e6729a6066d62453b6d07dd-12x12.jpg",12,12,true],"woocommerce_thumbnail":["https:\/\/wisecnclaser.com\/wp-content\/uploads\/2025\/05\/0c516e517e6729a6066d62453b6d07dd-300x300.jpg",300,300,true],"woocommerce_single":["https:\/\/wisecnclaser.com\/wp-content\/uploads\/2025\/05\/0c516e517e6729a6066d62453b6d07dd-600x600.jpg",600,600,true],"woocommerce_gallery_thumbnail":["https:\/\/wisecnclaser.com\/wp-content\/uploads\/2025\/05\/0c516e517e6729a6066d62453b6d07dd-100x100.jpg",100,100,true]},"uagb_author_info":{"display_name":"jinxing6611@gmail.com","author_link":"https:\/\/wisecnclaser.com\/fr\/author\/"},"uagb_comment_info":0,"uagb_excerpt":"Features of MFZ360D Automatic Edge Banding Machine: The automatic edge banding machine is a processing equipment for automatic edge banding of panel furniture, saving labor and time, perfect edge banding, and advanced The configuration and reasonable design reduce the difficulty of work, reduce the dependence on skilled workers, and greatly improve the quality of the\u2026","_links":{"self":[{"href":"https:\/\/wisecnclaser.com\/fr\/wp-json\/wp\/v2\/product\/3594","targetHints":{"allow":["GET"]}}],"collection":[{"href":"https:\/\/wisecnclaser.com\/fr\/wp-json\/wp\/v2\/product"}],"about":[{"href":"https:\/\/wisecnclaser.com\/fr\/wp-json\/wp\/v2\/types\/product"}],"wp:featuredmedia":[{"embeddable":true,"href":"https:\/\/wisecnclaser.com\/fr\/wp-json\/wp\/v2\/media\/3597"}],"wp:attachment":[{"href":"https:\/\/wisecnclaser.com\/fr\/wp-json\/wp\/v2\/media?parent=3594"}],"wp:term":[{"taxonomy":"product_brand","embeddable":true,"href":"https:\/\/wisecnclaser.com\/fr\/wp-json\/wp\/v2\/product_brand?post=3594"},{"taxonomy":"product_cat","embeddable":true,"href":"https:\/\/wisecnclaser.com\/fr\/wp-json\/wp\/v2\/product_cat?post=3594"},{"taxonomy":"product_tag","embeddable":true,"href":"https:\/\/wisecnclaser.com\/fr\/wp-json\/wp\/v2\/product_tag?post=3594"}],"curies":[{"name":"wp","href":"https:\/\/api.w.org\/{rel}","templated":true}]}}