{"id":3609,"date":"2025-05-22T23:31:08","date_gmt":"2025-05-22T23:31:08","guid":{"rendered":"https:\/\/wisecnclaser.com\/?post_type=product&#038;p=3609"},"modified":"2025-05-22T23:31:08","modified_gmt":"2025-05-22T23:31:08","slug":"mf505-automatic-edge-bander","status":"publish","type":"product","link":"https:\/\/wisecnclaser.com\/fr\/produit\/mf505-automatic-edge-bander\/","title":{"rendered":"Plaqueuse de chants automatique MF505"},"content":{"rendered":"<p><strong>Caract\u00e9ristiques de la plaqueuse de chants automatique MF505 :<\/strong><\/p>\n<p>1. Cette machine convient au scellement lin\u00e9aire des bords de panneaux de particules en bois massif, de panneaux multicouches en bois massif, de panneaux de densit\u00e9, de bois massif et d'autres pi\u00e8ces en t\u00f4le.<\/p>\n<p>2. Le mat\u00e9riau de la bande de chant peut \u00eatre utilis\u00e9 comme une bande de placage en PVC, etc.<\/p>\n<p>3. Les fonctions comprennent le pr\u00e9chauffage, le collage, la coupe en bout, l'\u00e9barbage fin, le raclage et le lustrage.<\/p>\n<p><strong>\u00a0<\/strong><\/p>\n<p><strong>Param\u00e8tres techniques :<\/strong><\/p>\n<table border=\"1\" width=\"662\">\n<tbody>\n<tr class=\"firstRow\">\n<td colspan=\"2\" valign=\"center\" width=\"662\"><strong>Description et sp\u00e9cifications de la plaqueuse de chants automatique :<\/strong><\/td>\n<\/tr>\n<tr>\n<td valign=\"top\" width=\"331\">Mod\u00e8le<\/td>\n<td valign=\"top\" width=\"331\">MF505<\/td>\n<\/tr>\n<tr>\n<td valign=\"top\" width=\"331\">Puissance du moteur<\/td>\n<td valign=\"top\" width=\"331\">7,1 kW<\/td>\n<\/tr>\n<tr>\n<td valign=\"top\" width=\"331\">Taille totale<\/td>\n<td valign=\"top\" width=\"331\">3800\u00d71100\u00d71600mm<\/td>\n<\/tr>\n<tr>\n<td valign=\"top\" width=\"331\">Vitesse d'alimentation<\/td>\n<td valign=\"top\" width=\"331\">12\/min<\/td>\n<\/tr>\n<tr>\n<td valign=\"top\" width=\"331\">Epaisseur du panneau<\/td>\n<td valign=\"top\" width=\"331\">10-60mm<\/td>\n<\/tr>\n<tr>\n<td valign=\"top\" width=\"331\">\u00c9paisseur du bord<\/td>\n<td valign=\"top\" width=\"331\">0,4-3 mm<\/td>\n<\/tr>\n<tr>\n<td valign=\"top\" width=\"331\">Largeur du panneau<\/td>\n<td valign=\"top\" width=\"331\">\u226580mm<\/td>\n<\/tr>\n<tr>\n<td valign=\"top\" width=\"331\">Pression de service<\/td>\n<td valign=\"top\" width=\"331\">6kg<\/td>\n<\/tr>\n<tr>\n<td valign=\"top\" width=\"331\">Poids<\/td>\n<td valign=\"top\" width=\"331\">1350kg<\/td>\n<\/tr>\n<\/tbody>\n<\/table>\n<p><strong>Fonction :<\/strong><\/p>\n<table border=\"1\">\n<tbody>\n<tr class=\"firstRow\">\n<td valign=\"top\" width=\"111\">Pr\u00e9-fraisage<\/td>\n<td valign=\"top\" width=\"153\">\/<\/td>\n<\/tr>\n<tr>\n<td valign=\"top\" width=\"111\">Collage<\/td>\n<td valign=\"top\" width=\"153\">\u25cf<\/td>\n<\/tr>\n<tr>\n<td valign=\"top\" width=\"111\">Coupe en bout<\/td>\n<td valign=\"top\" width=\"153\">\u25cf<\/td>\n<\/tr>\n<tr>\n<td valign=\"top\" width=\"111\">Coupe grossi\u00e8re<\/td>\n<td valign=\"top\" width=\"153\">\/<\/td>\n<\/tr>\n<tr>\n<td valign=\"top\" width=\"111\">Parage fin<\/td>\n<td valign=\"top\" width=\"153\">\u25cf<\/td>\n<\/tr>\n<tr>\n<td valign=\"top\" width=\"111\">Unit\u00e9 de profilage<\/td>\n<td valign=\"top\" width=\"153\">\/<\/td>\n<\/tr>\n<tr>\n<td valign=\"top\" width=\"111\">Grattage<\/td>\n<td valign=\"top\" width=\"153\">\u25cf<\/td>\n<\/tr>\n<tr>\n<td valign=\"top\" width=\"111\">Buffer<\/td>\n<td valign=\"top\" width=\"153\">\u25cf<\/td>\n<\/tr>\n<tr>\n<td valign=\"top\" width=\"111\">Rainurage<\/td>\n<td valign=\"top\" width=\"153\">\/<\/td>\n<\/tr>\n<\/tbody>\n<\/table>","protected":false},"excerpt":{"rendered":"<p>Caract\u00e9ristiques de la plaqueuse de chants automatique MF505 :<\/p>\n<p>1. Cette machine convient au scellement lin\u00e9aire des bords de panneaux de particules en bois massif, de panneaux multicouches en bois massif, de panneaux de densit\u00e9, de bois massif et d'autres pi\u00e8ces en t\u00f4le.<\/p>\n<p>2. Le mat\u00e9riau de la bande de chant peut \u00eatre utilis\u00e9 comme une bande de placage en PVC, etc.<\/p>\n<p>3. Les fonctions comprennent le pr\u00e9chauffage, le collage, la coupe en bout, l'\u00e9barbage fin, le raclage et le lustrage.<\/p>","protected":false},"featured_media":3611,"template":"","meta":{"_seopress_robots_primary_cat":"","_seopress_titles_title":"","_seopress_titles_desc":"","_seopress_robots_index":"","_uag_custom_page_level_css":"","site-sidebar-layout":"default","site-content-layout":"","ast-site-content-layout":"default","site-content-style":"default","site-sidebar-style":"default","ast-global-header-display":"","ast-banner-title-visibility":"","ast-main-header-display":"","ast-hfb-above-header-display":"","ast-hfb-below-header-display":"","ast-hfb-mobile-header-display":"","site-post-title":"","ast-breadcrumbs-content":"","ast-featured-img":"","footer-sml-layout":"","ast-disable-related-posts":"","theme-transparent-header-meta":"default","adv-header-id-meta":"","stick-header-meta":"default","header-above-stick-meta":"","header-main-stick-meta":"","header-below-stick-meta":"","astra-migrate-meta-layouts":"set","ast-page-background-enabled":"default","ast-page-background-meta":{"desktop":{"background-color":"","background-image":"","background-repeat":"repeat","background-position":"center center","background-size":"auto","background-attachment":"scroll","background-type":"","background-media":"","overlay-type":"","overlay-color":"","overlay-opacity":"","overlay-gradient":""},"tablet":{"background-color":"","background-image":"","background-repeat":"repeat","background-position":"center center","background-size":"auto","background-attachment":"scroll","background-type":"","background-media":"","overlay-type":"","overlay-color":"","overlay-opacity":"","overlay-gradient":""},"mobile":{"background-color":"","background-image":"","background-repeat":"repeat","background-position":"center center","background-size":"auto","background-attachment":"scroll","background-type":"","background-media":"","overlay-type":"","overlay-color":"","overlay-opacity":"","overlay-gradient":""}},"ast-content-background-meta":{"desktop":{"background-color":"var(--ast-global-color-5)","background-image":"","background-repeat":"repeat","background-position":"center center","background-size":"auto","background-attachment":"scroll","background-type":"","background-media":"","overlay-type":"","overlay-color":"","overlay-opacity":"","overlay-gradient":""},"tablet":{"background-color":"var(--ast-global-color-5)","background-image":"","background-repeat":"repeat","background-position":"center center","background-size":"auto","background-attachment":"scroll","background-type":"","background-media":"","overlay-type":"","overlay-color":"","overlay-opacity":"","overlay-gradient":""},"mobile":{"background-color":"var(--ast-global-color-5)","background-image":"","background-repeat":"repeat","background-position":"center center","background-size":"auto","background-attachment":"scroll","background-type":"","background-media":"","overlay-type":"","overlay-color":"","overlay-opacity":"","overlay-gradient":""}}},"product_brand":[],"product_cat":[35],"product_tag":[],"class_list":{"0":"post-3609","1":"product","2":"type-product","3":"status-publish","4":"has-post-thumbnail","6":"product_cat-banding","7":"desktop-align-left","8":"tablet-align-left","9":"mobile-align-left","10":"ast-product-gallery-layout-horizontal-slider","11":"ast-product-gallery-with-no-image","12":"ast-product-tabs-layout-horizontal","14":"first","15":"instock","16":"shipping-taxable","17":"product-type-simple"},"uagb_featured_image_src":{"full":["https:\/\/wisecnclaser.com\/wp-content\/uploads\/2025\/05\/3a486afe8204fe817a9683b996691c8c.jpg",800,800,false],"thumbnail":["https:\/\/wisecnclaser.com\/wp-content\/uploads\/2025\/05\/3a486afe8204fe817a9683b996691c8c-150x150.jpg",150,150,true],"medium":["https:\/\/wisecnclaser.com\/wp-content\/uploads\/2025\/05\/3a486afe8204fe817a9683b996691c8c-300x300.jpg",300,300,true],"medium_large":["https:\/\/wisecnclaser.com\/wp-content\/uploads\/2025\/05\/3a486afe8204fe817a9683b996691c8c-768x768.jpg",768,768,true],"large":["https:\/\/wisecnclaser.com\/wp-content\/uploads\/2025\/05\/3a486afe8204fe817a9683b996691c8c.jpg",800,800,false],"1536x1536":["https:\/\/wisecnclaser.com\/wp-content\/uploads\/2025\/05\/3a486afe8204fe817a9683b996691c8c.jpg",800,800,false],"2048x2048":["https:\/\/wisecnclaser.com\/wp-content\/uploads\/2025\/05\/3a486afe8204fe817a9683b996691c8c.jpg",800,800,false],"trp-custom-language-flag":["https:\/\/wisecnclaser.com\/wp-content\/uploads\/2025\/05\/3a486afe8204fe817a9683b996691c8c-12x12.jpg",12,12,true],"woocommerce_thumbnail":["https:\/\/wisecnclaser.com\/wp-content\/uploads\/2025\/05\/3a486afe8204fe817a9683b996691c8c-300x300.jpg",300,300,true],"woocommerce_single":["https:\/\/wisecnclaser.com\/wp-content\/uploads\/2025\/05\/3a486afe8204fe817a9683b996691c8c-600x600.jpg",600,600,true],"woocommerce_gallery_thumbnail":["https:\/\/wisecnclaser.com\/wp-content\/uploads\/2025\/05\/3a486afe8204fe817a9683b996691c8c-100x100.jpg",100,100,true]},"uagb_author_info":{"display_name":"jinxing6611@gmail.com","author_link":"https:\/\/wisecnclaser.com\/fr\/author\/"},"uagb_comment_info":0,"uagb_excerpt":"Features of MF505 Automatic Edge Banding Machine: 1. This machine is suitable for linear edge sealing of solid wood particle board, solid wood multilayer board, density board, solid wood and other plate work pieces. 2. The material of edge band can be used as PVC veneer strip, etc. 3. Functions including Pre-heating, Gluing, End Cutting,\u2026","_links":{"self":[{"href":"https:\/\/wisecnclaser.com\/fr\/wp-json\/wp\/v2\/product\/3609","targetHints":{"allow":["GET"]}}],"collection":[{"href":"https:\/\/wisecnclaser.com\/fr\/wp-json\/wp\/v2\/product"}],"about":[{"href":"https:\/\/wisecnclaser.com\/fr\/wp-json\/wp\/v2\/types\/product"}],"wp:featuredmedia":[{"embeddable":true,"href":"https:\/\/wisecnclaser.com\/fr\/wp-json\/wp\/v2\/media\/3611"}],"wp:attachment":[{"href":"https:\/\/wisecnclaser.com\/fr\/wp-json\/wp\/v2\/media?parent=3609"}],"wp:term":[{"taxonomy":"product_brand","embeddable":true,"href":"https:\/\/wisecnclaser.com\/fr\/wp-json\/wp\/v2\/product_brand?post=3609"},{"taxonomy":"product_cat","embeddable":true,"href":"https:\/\/wisecnclaser.com\/fr\/wp-json\/wp\/v2\/product_cat?post=3609"},{"taxonomy":"product_tag","embeddable":true,"href":"https:\/\/wisecnclaser.com\/fr\/wp-json\/wp\/v2\/product_tag?post=3609"}],"curies":[{"name":"wp","href":"https:\/\/api.w.org\/{rel}","templated":true}]}}