{"id":3618,"date":"2025-05-23T00:22:21","date_gmt":"2025-05-23T00:22:21","guid":{"rendered":"https:\/\/wisecnclaser.com\/?post_type=product&#038;p=3618"},"modified":"2025-05-23T00:22:22","modified_gmt":"2025-05-23T00:22:22","slug":"nesting-software","status":"publish","type":"product","link":"https:\/\/wisecnclaser.com\/fr\/produit\/nesting-software\/","title":{"rendered":"Logiciel d'imbrication"},"content":{"rendered":"<p>Logiciel de conception de meubles enti\u00e8rement en anglais - Version 4.0 \u00e0 grande vitesse<\/p>\n<p>1. Alien dessin\u00e9 \u00e0 la main Le dessin de formes sp\u00e9ciales \u00e0 la main peut \u00eatre effectu\u00e9 \u00e0 la discr\u00e9tion de l'op\u00e9rateur sans avoir recours \u00e0 des \u00e9diteurs de formes sp\u00e9ciales complexes ou \u00e0 des formules de code. Les formes sp\u00e9ciales dessin\u00e9es par l'op\u00e9rateur \u00e0 sa guise peuvent \u00eatre enregistr\u00e9es en tant que module param\u00e9tr\u00e9 dans la base de donn\u00e9es locale, et les param\u00e8tres de la plaque peuvent \u00eatre calcul\u00e9s automatiquement et peuvent \u00eatre appel\u00e9s directement, commod\u00e9ment et instantan\u00e9ment la prochaine fois.<\/p>\n<p>2. Mod\u00e9lisation invers\u00e9e La mod\u00e9lisation invers\u00e9e permet l'enregistrement en un clic et l'appel direct. L'armoire construite avec des plaques peut \u00eatre sauvegard\u00e9e en tant que module dans la base de donn\u00e9es \u00e0 l'aide d'une seule touche, ce qui permet de r\u00e9aliser le processus du module de rien \u00e0 l'existence et de la complexit\u00e9 \u00e0 la simplicit\u00e9. Lors de l'appel suivant, la taille, l'\u00e9paisseur de la plaque, l'\u00e9chelle, etc. peuvent \u00eatre modifi\u00e9es \u00e0 l'aide d'une seule touche et le dessin peut \u00eatre achev\u00e9 rapidement.<\/p>\n<p>3. Fonction d'installation du code QR Il est possible de g\u00e9n\u00e9rer une vue explosive de l'armoire dans laquelle les assemblages et les structures internes sont clairs d'un coup d'\u0153il, ce qui peut r\u00e9duire le taux d'erreur et est pratique pour l'installation. Le code bidimensionnel g\u00e9n\u00e9r\u00e9 peut \u00eatre scann\u00e9 par le t\u00e9l\u00e9phone portable pour g\u00e9n\u00e9rer la vue explosive. Le sch\u00e9ma d'installation du t\u00e9l\u00e9phone portable correspond \u00e0 l'\u00e9tiquette du code-barres une par une, ce qui permet de r\u00e9aliser le concept \"sans diagramme\"<\/p>\n<p>4. Dessin \u00e0 six c\u00f4t\u00e9s l'initiative v\u00e9ritable graphique tridimensionnelle \u00e0 six c\u00f4t\u00e9s et le dessin \u00e0 plusieurs c\u00f4t\u00e9s peuvent \u00eatre utilis\u00e9s pour dessiner des vestiaires en forme de L et des armoires en forme de U. Diff\u00e9rentes vues peuvent \u00eatre s\u00e9lectionn\u00e9es et les plaques et \u00e9l\u00e9ments de tiroirs peuvent \u00eatre ajout\u00e9s \u00e0 volont\u00e9. Diff\u00e9rentes vues peuvent \u00eatre s\u00e9lectionn\u00e9es et les plaques, les composants des tiroirs, etc. peuvent \u00eatre ajout\u00e9s \u00e0 volont\u00e9. Diff\u00e9rentes vues peuvent \u00eatre converties en dessins formels, ce qui permet de r\u00e9soudre un probl\u00e8me majeur dans l'industrie et de personnaliser l'ensemble de la maison.<\/p>\n<p>5. Mise \u00e0 jour en temps r\u00e9el de la base de donn\u00e9es double c\u0153ur les bases de donn\u00e9es double c\u0153ur locale et dans le nuage sont constamment d\u00e9velopp\u00e9es, et la base de donn\u00e9es dans le nuage est mise \u00e0 jour en temps r\u00e9el tandis que la base de donn\u00e9es locale est sauvegard\u00e9e en permanence. Votre base de donn\u00e9es devient ainsi de plus en plus grande, ce qui permet aux concepteurs de trouver toutes les armoires et de mettre en \u0153uvre toutes les techniques artisanales.<\/p>\n<p>6. Importation et exportation de CAO Il est possible d'importer des composants CAO et de les adapter automatiquement \u00e0 l'espace. Les composants import\u00e9s peuvent \u00eatre enregistr\u00e9s en tant que module et t\u00e9l\u00e9charg\u00e9s dans la base de donn\u00e9es locale, et la taille, l'\u00e9chelle, etc. peuvent \u00eatre modifi\u00e9es automatiquement lors de l'appel suivant. Il est \u00e9galement possible d'importer des plaques CAO de forme sp\u00e9ciale, d'importer et d'exporter des plans CAO, des dessins tridimensionnels, etc. \u00e0 l'aide d'une seule touche.<\/p>\n<p>7. La combinaison des dimensions de l'armoire peut \u00eatre appel\u00e9e, l'emplacement des plaques peut \u00eatre d\u00e9plac\u00e9 et les plaques dans l'espace peuvent \u00eatre agrandies ou r\u00e9duites automatiquement. Apr\u00e8s le dessin, la taille de l'espace peut \u00eatre modifi\u00e9e arbitrairement. Cela permet d'\u00e9viter les suppressions, modifications et calculs fr\u00e9quents lors de la conception et de rendre votre conception plus flexible<\/p>\n<p>8. Biseautage \u00e0 une cl\u00e9 Le biseautage \u00e0 une cl\u00e9 de l'armoire standard est disponible. Le biseau et l'armoire en forme d'escalier peuvent \u00eatre form\u00e9s en m\u00eame temps. L'armoire, l'emplacement des trous et l'angle de biseau peuvent \u00eatre g\u00e9n\u00e9r\u00e9s automatiquement, et les plaques de biseau peuvent \u00eatre calcul\u00e9es automatiquement.<\/p>\n<p>9. Coupe d'angle combin\u00e9e Les armoires conventionnelles peuvent \u00eatre appel\u00e9es directement pour un biseautage automatique, le type et la profondeur du biseautage peuvent \u00eatre s\u00e9lectionn\u00e9s librement, le biseautage horizontal et vertical peut \u00eatre combin\u00e9 librement et plusieurs processus de biseautage peuvent \u00eatre s\u00e9lectionn\u00e9s librement. Il est plus facile \u00e0 utiliser et s'adapte \u00e0 diff\u00e9rents types de maisons. La combinaison arbitraire du biseautage sup\u00e9rieur et inf\u00e9rieur ou gauche et droit vous \u00e9vitera les probl\u00e8mes de biseautage de l'armoire.<\/p>\n<p>10. G\u00e9n\u00e9ration de caisses \u00e0 vin \u00e0 l'aide d'une seule touche Lors de la g\u00e9n\u00e9ration de caisses \u00e0 vin \u00e0 l'aide d'une seule touche, quatre types de caisses \u00e0 vin (telles que les caisses horizontales-verticales, \u00e0 demi-angle et \u00e0 angle complet) peuvent \u00eatre g\u00e9n\u00e9r\u00e9es \u00e0 l'aide d'une seule touche dans la zone s\u00e9lectionn\u00e9e. La bande de chant, la marge d'encoche, la taille, etc. de la caisse \u00e0 vin peuvent \u00eatre r\u00e9gl\u00e9es librement, et le jeu de la caisse \u00e0 vin peut \u00eatre calcul\u00e9 en temps r\u00e9el.<\/p>\n<p>11. R\u00e9glage des param\u00e8tres Une vari\u00e9t\u00e9 d'accessoires tels que le rail coulissant, la poign\u00e9e, la charni\u00e8re et le tube de la barre de maintien peuvent \u00eatre ajout\u00e9s automatiquement \u00e0 l'aide d'une seule touche. La position des trous sur les accessoires peut \u00eatre g\u00e9n\u00e9r\u00e9e automatiquement et ajust\u00e9e selon les besoins.<\/p>\n<p>12. Exportation des rapports en un seul clic Le logiciel peut g\u00e9n\u00e9rer\u2460des informations sur les dimensions et les trous de la planche\u2461une nomenclature de la planche\u2462une liste de pi\u00e8ces\u2463une liste de mat\u00e9riel\u2464une liste de sciage \u00e9lectronique\u2465un devis\u2466des dessins d'installation\u2467des dessins CAO.<\/p>\n<p>13. Super rendu Le super rendu 3D, le type de maison personnalis\u00e9, le d\u00e9placement panoramique et multidirectionnel de la sc\u00e8ne int\u00e9rieure \u00e0 720 degr\u00e9s et l'effet d'\u00e9clairage ajout\u00e9 restaurent v\u00e9ritablement la couleur des meubles et am\u00e9liorent la force de vente des magasins terminaux.<\/p>\n<p>&nbsp;<\/p>\n<p>Logiciel d'imbrication de meubles pour la fabrication de meubles en bois (Production)<\/p>\n<p>1. Connecteur invisible Supportant une vari\u00e9t\u00e9 de connecteurs invisibles, cr\u00e9ez une armoire int\u00e9gr\u00e9e exclusive pour vous, remplacez le mat\u00e9riel traditionnel, invisible sur tous les c\u00f4t\u00e9s, patchwork sans couture, robuste et durable, installation simple. 1 Lamello\u2461U connecteur\u2462Mod-eez<\/p>\n<p>2. Taux d'utilisation \u00e9lev\u00e9 des mat\u00e9riaux Calcul automatique de la composition, composition s\u00e9par\u00e9e en fonction des diff\u00e9rentes \u00e9paisseurs et des diff\u00e9rentes couleurs des panneaux, la production multi-commandes est pratique et rapide, le taux d'utilisation peut atteindre 95%. Il peut \u00eatre ajust\u00e9 manuellement apr\u00e8s le calcul automatique, afin d'assurer l'utilisation maximale des mat\u00e9riaux. De meilleures m\u00e9thodes de traitement, un processus de calcul plus fluide, des \u00e9conomies de mat\u00e9riaux et de temps.<\/p>\n<p>3. L'imbrication des planches en forme optimise intelligemment l'effet de la mise en page, ce qui est raisonnable et efficace. D\u00e9coupe optimale et trajectoire de per\u00e7age, les ar\u00eates communes peuvent \u00eatre r\u00e9gl\u00e9es pour acc\u00e9l\u00e9rer la coupe, \u00e9viter les passes r\u00e9p\u00e9t\u00e9es et les programmes vides, doubler l'efficacit\u00e9 de la coupe. L'espace vide des coins chanfrein\u00e9s et la composition en arc permettent d'\u00e9conomiser de l'espace, de r\u00e9duire la plaque de tournage, de raccourcir le temps de traitement et d'am\u00e9liorer consid\u00e9rablement le taux d'utilisation de la plaque.<\/p>\n<p>4. La grande planche est automatiquement dispos\u00e9e dans le coin sup\u00e9rieur gauche S\u00e9quence de traitement correspondante, calcul automatique de la disposition, traitement intelligent, \u00e9vitant les planches en cours d'ex\u00e9cution.<\/p>\n<p>5. G\u00e9n\u00e9rer le code G Apr\u00e8s optimisation, il peut directement g\u00e9n\u00e9rer divers types de documents n\u00e9cessaires \u00e0 l'usinage de l'\u00e9quipement et \u00e0 la connexion transparente de divers types d'\u00e9quipement, tels que la scie \u00e9lectronique, l'\u00e9tiqueteuse automatique, le centre d'usinage, la PTP et la perceuse \u00e0 cinq faces, etc.<\/p>\n<p>6. Impression d'\u00e9tiquettes Les \u00e9tiquettes peuvent afficher visuellement les informations n\u00e9cessaires \u00e0 la production et \u00e0 l'usinage, telles que les informations d\u00e9taill\u00e9es de la commande, le plan d'implantation, les informations sur les plaques et la direction des trous lat\u00e9raux, etc.<\/p>\n<p>7. Pr\u00e9d\u00e9marrage de l'outil, le nombre de lignes peut \u00eatre d\u00e9fini \u00e0 l'avance pour le pr\u00e9-d\u00e9marrage, atteindre la vitesse \u00e0 l'avance, am\u00e9liorer l'efficacit\u00e9 de la production.<\/p>\n<p>8. D\u00e9tection des collisions de plaques La d\u00e9tection des collisions permet de d\u00e9tecter le chevauchement des plaques et le faible espacement entre les plaques, etc. afin d'\u00e9viter les erreurs de traitement.<\/p>\n<p>9. Gestion du mat\u00e9riel de r\u00e9serve, gestion de l'entrep\u00f4t \u2460Gestion unifi\u00e9e du mat\u00e9riel de r\u00e9serve, utilisation prioritaire, pr\u00e9vention du gaspillage et r\u00e9duction des co\u00fbts. \u2461Gestion intelligente du mat\u00e9riel, mise \u00e0 jour des stocks en temps r\u00e9el.<\/p>","protected":false},"excerpt":{"rendered":"<p>Logiciel de conception de meubles enti\u00e8rement en anglais - Version 4.0 \u00e0 grande vitesse<\/p>\n<p>1. Alien dessin\u00e9 \u00e0 la main Le dessin de formes sp\u00e9ciales \u00e0 la main peut \u00eatre effectu\u00e9 \u00e0 la discr\u00e9tion de l'op\u00e9rateur sans avoir recours \u00e0 des \u00e9diteurs de formes sp\u00e9ciales complexes ou \u00e0 des formules de code. Les formes sp\u00e9ciales dessin\u00e9es par l'op\u00e9rateur \u00e0 sa guise peuvent \u00eatre enregistr\u00e9es en tant que module param\u00e9tr\u00e9 dans la base de donn\u00e9es locale, et les param\u00e8tres de la plaque peuvent \u00eatre calcul\u00e9s automatiquement et peuvent \u00eatre appel\u00e9s directement, commod\u00e9ment et instantan\u00e9ment la prochaine fois.<\/p>\n<p>2. Mod\u00e9lisation invers\u00e9e La mod\u00e9lisation invers\u00e9e permet l'enregistrement en un clic et l'appel direct. L'armoire construite avec des plaques peut \u00eatre sauvegard\u00e9e en tant que module dans la base de donn\u00e9es \u00e0 l'aide d'une seule touche, ce qui permet de r\u00e9aliser le processus du module de rien \u00e0 l'existence et de la complexit\u00e9 \u00e0 la simplicit\u00e9. Lors de l'appel suivant, la taille, l'\u00e9paisseur de la plaque, l'\u00e9chelle, etc. peuvent \u00eatre modifi\u00e9es \u00e0 l'aide d'une seule touche et le dessin peut \u00eatre achev\u00e9 rapidement.<\/p>\n<p>3. Fonction d'installation du code QR Il est possible de g\u00e9n\u00e9rer une vue explosive de l'armoire dans laquelle les assemblages et les structures internes sont clairs d'un coup d'\u0153il, ce qui peut r\u00e9duire le taux d'erreur et est pratique pour l'installation. Le code bidimensionnel g\u00e9n\u00e9r\u00e9 peut \u00eatre scann\u00e9 par le t\u00e9l\u00e9phone portable pour g\u00e9n\u00e9rer la vue explosive. Le sch\u00e9ma d'installation du t\u00e9l\u00e9phone portable correspond \u00e0 l'\u00e9tiquette du code-barres une par une, ce qui permet de r\u00e9aliser le concept \"sans diagramme\"<\/p>\n<p>4. Dessin \u00e0 six c\u00f4t\u00e9s l'initiative v\u00e9ritable graphique tridimensionnelle \u00e0 six c\u00f4t\u00e9s et le dessin \u00e0 plusieurs c\u00f4t\u00e9s peuvent \u00eatre utilis\u00e9s pour dessiner des vestiaires en forme de L et des armoires en forme de U. Diff\u00e9rentes vues peuvent \u00eatre s\u00e9lectionn\u00e9es et les plaques et \u00e9l\u00e9ments de tiroirs peuvent \u00eatre ajout\u00e9s \u00e0 volont\u00e9. Diff\u00e9rentes vues peuvent \u00eatre s\u00e9lectionn\u00e9es et les plaques, les composants des tiroirs, etc. peuvent \u00eatre ajout\u00e9s \u00e0 volont\u00e9. Diff\u00e9rentes vues peuvent \u00eatre converties en dessins formels, ce qui permet de r\u00e9soudre un probl\u00e8me majeur dans l'industrie et de personnaliser l'ensemble de la maison.<\/p>\n<p>5. Mise \u00e0 jour en temps r\u00e9el de la base de donn\u00e9es double c\u0153ur les bases de donn\u00e9es double c\u0153ur locale et dans le nuage sont constamment d\u00e9velopp\u00e9es, et la base de donn\u00e9es dans le nuage est mise \u00e0 jour en temps r\u00e9el tandis que la base de donn\u00e9es locale est sauvegard\u00e9e en permanence. Votre base de donn\u00e9es devient ainsi de plus en plus grande, ce qui permet aux concepteurs de trouver toutes les armoires et de mettre en \u0153uvre toutes les techniques artisanales.<\/p>\n<p>6. Importation et exportation de CAO Il est possible d'importer des composants CAO et de les adapter automatiquement \u00e0 l'espace. Les composants import\u00e9s peuvent \u00eatre enregistr\u00e9s en tant que module et t\u00e9l\u00e9charg\u00e9s dans la base de donn\u00e9es locale, et la taille, l'\u00e9chelle, etc. peuvent \u00eatre modifi\u00e9es automatiquement lors de l'appel suivant. Il est \u00e9galement possible d'importer des plaques CAO de forme sp\u00e9ciale, d'importer et d'exporter des plans CAO, des dessins tridimensionnels, etc. \u00e0 l'aide d'une seule touche.<\/p>","protected":false},"featured_media":3621,"template":"","meta":{"_seopress_robots_primary_cat":"","_seopress_titles_title":"","_seopress_titles_desc":"","_seopress_robots_index":"","_uag_custom_page_level_css":"","site-sidebar-layout":"default","site-content-layout":"","ast-site-content-layout":"default","site-content-style":"default","site-sidebar-style":"default","ast-global-header-display":"","ast-banner-title-visibility":"","ast-main-header-display":"","ast-hfb-above-header-display":"","ast-hfb-below-header-display":"","ast-hfb-mobile-header-display":"","site-post-title":"","ast-breadcrumbs-content":"","ast-featured-img":"","footer-sml-layout":"","ast-disable-related-posts":"","theme-transparent-header-meta":"default","adv-header-id-meta":"","stick-header-meta":"default","header-above-stick-meta":"","header-main-stick-meta":"","header-below-stick-meta":"","astra-migrate-meta-layouts":"set","ast-page-background-enabled":"default","ast-page-background-meta":{"desktop":{"background-color":"","background-image":"","background-repeat":"repeat","background-position":"center center","background-size":"auto","background-attachment":"scroll","background-type":"","background-media":"","overlay-type":"","overlay-color":"","overlay-opacity":"","overlay-gradient":""},"tablet":{"background-color":"","background-image":"","background-repeat":"repeat","background-position":"center center","background-size":"auto","background-attachment":"scroll","background-type":"","background-media":"","overlay-type":"","overlay-color":"","overlay-opacity":"","overlay-gradient":""},"mobile":{"background-color":"","background-image":"","background-repeat":"repeat","background-position":"center center","background-size":"auto","background-attachment":"scroll","background-type":"","background-media":"","overlay-type":"","overlay-color":"","overlay-opacity":"","overlay-gradient":""}},"ast-content-background-meta":{"desktop":{"background-color":"var(--ast-global-color-5)","background-image":"","background-repeat":"repeat","background-position":"center center","background-size":"auto","background-attachment":"scroll","background-type":"","background-media":"","overlay-type":"","overlay-color":"","overlay-opacity":"","overlay-gradient":""},"tablet":{"background-color":"var(--ast-global-color-5)","background-image":"","background-repeat":"repeat","background-position":"center center","background-size":"auto","background-attachment":"scroll","background-type":"","background-media":"","overlay-type":"","overlay-color":"","overlay-opacity":"","overlay-gradient":""},"mobile":{"background-color":"var(--ast-global-color-5)","background-image":"","background-repeat":"repeat","background-position":"center center","background-size":"auto","background-attachment":"scroll","background-type":"","background-media":"","overlay-type":"","overlay-color":"","overlay-opacity":"","overlay-gradient":""}}},"product_brand":[],"product_cat":[56],"product_tag":[],"class_list":{"0":"post-3618","1":"product","2":"type-product","3":"status-publish","4":"has-post-thumbnail","6":"product_cat-nestings","7":"desktop-align-left","8":"tablet-align-left","9":"mobile-align-left","10":"ast-product-gallery-layout-horizontal-slider","11":"ast-product-gallery-with-no-image","12":"ast-product-tabs-layout-horizontal","14":"first","15":"instock","16":"shipping-taxable","17":"product-type-simple"},"uagb_featured_image_src":{"full":["https:\/\/wisecnclaser.com\/wp-content\/uploads\/2025\/05\/5c334ffccd4741cd55d803fd1f1f8abf.png",800,800,false],"thumbnail":["https:\/\/wisecnclaser.com\/wp-content\/uploads\/2025\/05\/5c334ffccd4741cd55d803fd1f1f8abf-150x150.png",150,150,true],"medium":["https:\/\/wisecnclaser.com\/wp-content\/uploads\/2025\/05\/5c334ffccd4741cd55d803fd1f1f8abf-300x300.png",300,300,true],"medium_large":["https:\/\/wisecnclaser.com\/wp-content\/uploads\/2025\/05\/5c334ffccd4741cd55d803fd1f1f8abf-768x768.png",768,768,true],"large":["https:\/\/wisecnclaser.com\/wp-content\/uploads\/2025\/05\/5c334ffccd4741cd55d803fd1f1f8abf.png",800,800,false],"1536x1536":["https:\/\/wisecnclaser.com\/wp-content\/uploads\/2025\/05\/5c334ffccd4741cd55d803fd1f1f8abf.png",800,800,false],"2048x2048":["https:\/\/wisecnclaser.com\/wp-content\/uploads\/2025\/05\/5c334ffccd4741cd55d803fd1f1f8abf.png",800,800,false],"trp-custom-language-flag":["https:\/\/wisecnclaser.com\/wp-content\/uploads\/2025\/05\/5c334ffccd4741cd55d803fd1f1f8abf-12x12.png",12,12,true],"woocommerce_thumbnail":["https:\/\/wisecnclaser.com\/wp-content\/uploads\/2025\/05\/5c334ffccd4741cd55d803fd1f1f8abf-300x300.png",300,300,true],"woocommerce_single":["https:\/\/wisecnclaser.com\/wp-content\/uploads\/2025\/05\/5c334ffccd4741cd55d803fd1f1f8abf-600x600.png",600,600,true],"woocommerce_gallery_thumbnail":["https:\/\/wisecnclaser.com\/wp-content\/uploads\/2025\/05\/5c334ffccd4741cd55d803fd1f1f8abf-100x100.png",100,100,true]},"uagb_author_info":{"display_name":"jinxing6611@gmail.com","author_link":"https:\/\/wisecnclaser.com\/fr\/author\/"},"uagb_comment_info":0,"uagb_excerpt":"Fully English language Furniture\u00a0Design Software\u2014High Speed 4.0 Version 1.\u00a0Alien drawn by hand drawing special shapes by hand can be done at discretion without use of any complex special shape editors or code formulas. The special shapes that are drawn by the operator at his own discretion can be saved as a parameterized module to the\u2026","_links":{"self":[{"href":"https:\/\/wisecnclaser.com\/fr\/wp-json\/wp\/v2\/product\/3618","targetHints":{"allow":["GET"]}}],"collection":[{"href":"https:\/\/wisecnclaser.com\/fr\/wp-json\/wp\/v2\/product"}],"about":[{"href":"https:\/\/wisecnclaser.com\/fr\/wp-json\/wp\/v2\/types\/product"}],"wp:featuredmedia":[{"embeddable":true,"href":"https:\/\/wisecnclaser.com\/fr\/wp-json\/wp\/v2\/media\/3621"}],"wp:attachment":[{"href":"https:\/\/wisecnclaser.com\/fr\/wp-json\/wp\/v2\/media?parent=3618"}],"wp:term":[{"taxonomy":"product_brand","embeddable":true,"href":"https:\/\/wisecnclaser.com\/fr\/wp-json\/wp\/v2\/product_brand?post=3618"},{"taxonomy":"product_cat","embeddable":true,"href":"https:\/\/wisecnclaser.com\/fr\/wp-json\/wp\/v2\/product_cat?post=3618"},{"taxonomy":"product_tag","embeddable":true,"href":"https:\/\/wisecnclaser.com\/fr\/wp-json\/wp\/v2\/product_tag?post=3618"}],"curies":[{"name":"wp","href":"https:\/\/api.w.org\/{rel}","templated":true}]}}