{"id":3623,"date":"2025-05-23T00:24:24","date_gmt":"2025-05-23T00:24:24","guid":{"rendered":"https:\/\/wisecnclaser.com\/?post_type=product&#038;p=3623"},"modified":"2025-05-23T00:24:24","modified_gmt":"2025-05-23T00:24:24","slug":"side-drilling-machine","status":"publish","type":"product","link":"https:\/\/wisecnclaser.com\/fr\/produit\/side-drilling-machine\/","title":{"rendered":"Machine de per\u00e7age lat\u00e9ral"},"content":{"rendered":"<p><strong>Sp\u00e9cification de la machine de forage horizontal lat\u00e9ral :<\/strong><\/p>\n<table border=\"1\" width=\"662\">\n<tbody>\n<tr class=\"firstRow\">\n<td valign=\"top\" width=\"245\">table de travail<\/td>\n<td valign=\"top\" width=\"417\">280*500MM<\/td>\n<\/tr>\n<tr>\n<td valign=\"top\" width=\"245\">Broche<\/td>\n<td valign=\"top\" width=\"417\">Broche pneumatique 2,2KW<\/td>\n<\/tr>\n<tr>\n<td valign=\"top\" width=\"245\">Syst\u00e8me de conduite<\/td>\n<td valign=\"top\" width=\"417\">Chine Servocommande et moteur<\/td>\n<\/tr>\n<tr>\n<td rowspan=\"3\" valign=\"top\" width=\"245\">Dispositif auxiliaire<\/td>\n<td valign=\"top\" width=\"417\">Syst\u00e8me de capteur \u00e0 point rouge<\/td>\n<\/tr>\n<tr>\n<td valign=\"top\" width=\"417\">Presseur de mat\u00e9riaux en plastique et en bois<\/td>\n<\/tr>\n<tr>\n<td valign=\"top\" width=\"417\">Allemagne point rouge<\/td>\n<\/tr>\n<tr>\n<td valign=\"top\" width=\"245\">Table de machine<\/td>\n<td valign=\"top\" width=\"417\">Table de machine \u00e0 3 zones, pouvant \u00eatre command\u00e9e s\u00e9par\u00e9ment<\/td>\n<\/tr>\n<tr>\n<td valign=\"top\" width=\"245\">Application :<\/td>\n<td valign=\"top\" width=\"417\">meubles en panneaux per\u00e7age lat\u00e9ral, d\u00e9coration<\/td>\n<\/tr>\n<\/tbody>\n<\/table>\n<p><strong>Application<\/strong><\/p>\n<p>Convient au per\u00e7age de trous horizontaux dans les meubles \u00e0 panneaux et les meubles de bureau.<\/p>\n<p><strong>Caract\u00e9ristiques :<\/strong><\/p>\n<p>1. Elle est combin\u00e9e \u00e0 une d\u00e9fonceuse cnc \u00e0 embo\u00eetement pour former une ligne de production de meubles \u00e0 panneaux, qui remplace parfaitement la scie \u00e0 table poussante et la perceuse \u00e0 colonne traditionnelles.<\/p>\n<p>2. La production peut \u00eatre r\u00e9alis\u00e9e en scannant le code, et il n'est pas n\u00e9cessaire de trouver un foreur sp\u00e9cial. Le co\u00fbt de la main-d'\u0153uvre est consid\u00e9rablement r\u00e9duit. Ce syst\u00e8me convient aux petites et moyennes usines de transformation de meubles en panneaux.<\/p>\n<p>3. Combinaison parfaite avec un logiciel sp\u00e9cial de conception de meubles intelligents pour r\u00e9aliser une production intelligente. Haute pr\u00e9cision et grande vitesse.<\/p>\n<p>4. Machine de d\u00e9coupe machine de placage de chants laser infrarouge per\u00e7age horizontal en une seule fois, le processus est ininterrompu, afin de maximiser l'efficacit\u00e9 et le rendement.<\/p>\n<p>5. La conception de l'interface de commande de la machine est humanis\u00e9e, le fonctionnement est simple et facile \u00e0 apprendre, et l'op\u00e9rateur peut travailler apr\u00e8s une formation simple, sans personnel technique. La vitesse d'action de la machine, la haute efficacit\u00e9, vous aident \u00e0 r\u00e9aliser un saut de qualit\u00e9.<\/p>\n<p>6. Les composants import\u00e9s tels que la broche refroidie par air haute puissance, le syst\u00e8me d'entra\u00eenement servo et le servomoteur sont adopt\u00e9s pour rendre les performances de la machine plus stables.<\/p>\n<p>7. La table est une table \u00e0 trois zones, qui peut \u00eatre command\u00e9e par une seule commande.<\/p>\n<p><strong>PROCESSUS TECHNOLOGIQUE :<\/strong><\/p>\n<p>1. Plaque d'acier pour le soudage du fuselage du cadre a\u00e9rien int\u00e9gral<\/p>\n<p>2. Usinage grossier de la raboteuse<\/p>\n<p>3. Traitement interne de soulagement du stress :<\/p>\n<p>1) Traitement thermique de revenu (braisage) de la poutre du portique et du bras lat\u00e9ral<\/p>\n<p>2) Traitement du vieillissement par vibration du lit<\/p>\n<p>4. Usinage de pr\u00e9cision :<\/p>\n<p>1) Le centre d'usinage penta\u00e9drique import\u00e9 (machine ma\u00eetresse) est utilis\u00e9 pour fixer le fuselage en une seule fois ;<\/p>\n<p>2) Fraisage de pr\u00e9cision global x, y, Z, rail de guidage \u00e0 trois voies, point de r\u00e9f\u00e9rence pour l'installation de la cr\u00e9maill\u00e8re ;<\/p>\n<p>5. Transfert vers le processus d'assemblage et l'assemblage<\/p>\n<p>6. Processus d'inspection de la qualit\u00e9<\/p>\n<p>1) R\u00e8gle de pr\u00e9cision et comparateur : v\u00e9rification de la rectitude des axes X, y et Z<\/p>\n<p>2) Le parall\u00e9lisme entre les rails de guidage X, y et Z est d\u00e9tect\u00e9 par un niveau de pr\u00e9cision, un indicateur \u00e0 cadran, un niveau et un interf\u00e9rom\u00e8tre laser.<\/p>\n<p>3) R\u00e8gle angulaire de pr\u00e9cision, indicateur \u00e0 cadran, outil d'inspection sp\u00e9cial, instrument \u00e0 barre sph\u00e9rique : contr\u00f4le de la verticalit\u00e9 du rail de guidage \u00e0 trois axes X, Y, Z.<\/p>\n<p>4) Indicateur \u00e0 cadran et outil d'inspection sp\u00e9cial : contr\u00f4le de la verticalit\u00e9 de la broche<\/p>\n<p>5) Outil d'inspection sp\u00e9cial, comparateur et r\u00e8gle angulaire de pr\u00e9cision : v\u00e9rification du parall\u00e9lisme et de la perpendicularit\u00e9 de la cr\u00e9maill\u00e8re X, y, Z et de la tige de vis avec l'axe lin\u00e9aire correspondant (rail de guidage).<\/p>\n<p>7. Essai, emballage et livraison<\/p>\n<p>&nbsp;<\/p>","protected":false},"excerpt":{"rendered":"<p>Caract\u00e9ristiques :<\/p>\n<p>1. Elle est combin\u00e9e \u00e0 une d\u00e9fonceuse cnc \u00e0 embo\u00eetement pour former une ligne de production de meubles \u00e0 panneaux, qui remplace parfaitement la scie \u00e0 table poussante et la perceuse \u00e0 colonne traditionnelles.<\/p>\n<p>2. La production peut \u00eatre r\u00e9alis\u00e9e en scannant le code, et il n'est pas n\u00e9cessaire de trouver un foreur sp\u00e9cial. Le co\u00fbt de la main-d'\u0153uvre est consid\u00e9rablement r\u00e9duit. Ce syst\u00e8me convient aux petites et moyennes usines de transformation de meubles en panneaux.<\/p>\n<p>3. Combinaison parfaite avec un logiciel sp\u00e9cial de conception de meubles intelligents pour r\u00e9aliser une production intelligente. Haute pr\u00e9cision et grande vitesse.<\/p>\n<p>4. Machine de d\u00e9coupe machine de placage de chants laser infrarouge per\u00e7age horizontal en une seule fois, le processus est ininterrompu, afin de maximiser l'efficacit\u00e9 et le rendement.<\/p>\n<p>5. La conception de l'interface de commande de la machine est humanis\u00e9e, le fonctionnement est simple et facile \u00e0 apprendre, et l'op\u00e9rateur peut travailler apr\u00e8s une formation simple, sans personnel technique. La vitesse d'action de la machine, la haute efficacit\u00e9, vous aident \u00e0 r\u00e9aliser un saut de qualit\u00e9.<\/p>\n<p>6. Les composants import\u00e9s tels que la broche refroidie par air haute puissance, le syst\u00e8me d'entra\u00eenement servo et le servomoteur sont adopt\u00e9s pour rendre les performances de la machine plus stables.<\/p>\n<p>7. La table est une table \u00e0 trois zones, qui peut \u00eatre command\u00e9e par une seule commande.<\/p>","protected":false},"featured_media":3626,"template":"","meta":{"_seopress_robots_primary_cat":"","_seopress_titles_title":"","_seopress_titles_desc":"","_seopress_robots_index":"","_uag_custom_page_level_css":"","site-sidebar-layout":"default","site-content-layout":"","ast-site-content-layout":"default","site-content-style":"default","site-sidebar-style":"default","ast-global-header-display":"","ast-banner-title-visibility":"","ast-main-header-display":"","ast-hfb-above-header-display":"","ast-hfb-below-header-display":"","ast-hfb-mobile-header-display":"","site-post-title":"","ast-breadcrumbs-content":"","ast-featured-img":"","footer-sml-layout":"","ast-disable-related-posts":"","theme-transparent-header-meta":"default","adv-header-id-meta":"","stick-header-meta":"default","header-above-stick-meta":"","header-main-stick-meta":"","header-below-stick-meta":"","astra-migrate-meta-layouts":"set","ast-page-background-enabled":"default","ast-page-background-meta":{"desktop":{"background-color":"","background-image":"","background-repeat":"repeat","background-position":"center center","background-size":"auto","background-attachment":"scroll","background-type":"","background-media":"","overlay-type":"","overlay-color":"","overlay-opacity":"","overlay-gradient":""},"tablet":{"background-color":"","background-image":"","background-repeat":"repeat","background-position":"center center","background-size":"auto","background-attachment":"scroll","background-type":"","background-media":"","overlay-type":"","overlay-color":"","overlay-opacity":"","overlay-gradient":""},"mobile":{"background-color":"","background-image":"","background-repeat":"repeat","background-position":"center center","background-size":"auto","background-attachment":"scroll","background-type":"","background-media":"","overlay-type":"","overlay-color":"","overlay-opacity":"","overlay-gradient":""}},"ast-content-background-meta":{"desktop":{"background-color":"var(--ast-global-color-5)","background-image":"","background-repeat":"repeat","background-position":"center center","background-size":"auto","background-attachment":"scroll","background-type":"","background-media":"","overlay-type":"","overlay-color":"","overlay-opacity":"","overlay-gradient":""},"tablet":{"background-color":"var(--ast-global-color-5)","background-image":"","background-repeat":"repeat","background-position":"center center","background-size":"auto","background-attachment":"scroll","background-type":"","background-media":"","overlay-type":"","overlay-color":"","overlay-opacity":"","overlay-gradient":""},"mobile":{"background-color":"var(--ast-global-color-5)","background-image":"","background-repeat":"repeat","background-position":"center center","background-size":"auto","background-attachment":"scroll","background-type":"","background-media":"","overlay-type":"","overlay-color":"","overlay-opacity":"","overlay-gradient":""}}},"product_brand":[],"product_cat":[55],"product_tag":[],"class_list":{"0":"post-3623","1":"product","2":"type-product","3":"status-publish","4":"has-post-thumbnail","6":"product_cat-other","7":"desktop-align-left","8":"tablet-align-left","9":"mobile-align-left","10":"ast-product-gallery-layout-horizontal-slider","11":"ast-product-gallery-with-no-image","12":"ast-product-tabs-layout-horizontal","14":"first","15":"instock","16":"shipping-taxable","17":"product-type-simple"},"uagb_featured_image_src":{"full":["https:\/\/wisecnclaser.com\/wp-content\/uploads\/2025\/05\/68e1d65c075ebc75eff2e998a9f4b94a.jpg",800,800,false],"thumbnail":["https:\/\/wisecnclaser.com\/wp-content\/uploads\/2025\/05\/68e1d65c075ebc75eff2e998a9f4b94a-150x150.jpg",150,150,true],"medium":["https:\/\/wisecnclaser.com\/wp-content\/uploads\/2025\/05\/68e1d65c075ebc75eff2e998a9f4b94a-300x300.jpg",300,300,true],"medium_large":["https:\/\/wisecnclaser.com\/wp-content\/uploads\/2025\/05\/68e1d65c075ebc75eff2e998a9f4b94a-768x768.jpg",768,768,true],"large":["https:\/\/wisecnclaser.com\/wp-content\/uploads\/2025\/05\/68e1d65c075ebc75eff2e998a9f4b94a.jpg",800,800,false],"1536x1536":["https:\/\/wisecnclaser.com\/wp-content\/uploads\/2025\/05\/68e1d65c075ebc75eff2e998a9f4b94a.jpg",800,800,false],"2048x2048":["https:\/\/wisecnclaser.com\/wp-content\/uploads\/2025\/05\/68e1d65c075ebc75eff2e998a9f4b94a.jpg",800,800,false],"trp-custom-language-flag":["https:\/\/wisecnclaser.com\/wp-content\/uploads\/2025\/05\/68e1d65c075ebc75eff2e998a9f4b94a-12x12.jpg",12,12,true],"woocommerce_thumbnail":["https:\/\/wisecnclaser.com\/wp-content\/uploads\/2025\/05\/68e1d65c075ebc75eff2e998a9f4b94a-300x300.jpg",300,300,true],"woocommerce_single":["https:\/\/wisecnclaser.com\/wp-content\/uploads\/2025\/05\/68e1d65c075ebc75eff2e998a9f4b94a-600x600.jpg",600,600,true],"woocommerce_gallery_thumbnail":["https:\/\/wisecnclaser.com\/wp-content\/uploads\/2025\/05\/68e1d65c075ebc75eff2e998a9f4b94a-100x100.jpg",100,100,true]},"uagb_author_info":{"display_name":"jinxing6611@gmail.com","author_link":"https:\/\/wisecnclaser.com\/fr\/author\/"},"uagb_comment_info":0,"uagb_excerpt":"Features: 1. It is combined with nesting cnc router machine to form panel furniture production line, which perfectly replaces the traditional push table saw and row drill. 2. The production can be completed by scanning the code, and there is no need to find a special driller. The labor cost is greatly saved. The scheme\u2026","_links":{"self":[{"href":"https:\/\/wisecnclaser.com\/fr\/wp-json\/wp\/v2\/product\/3623","targetHints":{"allow":["GET"]}}],"collection":[{"href":"https:\/\/wisecnclaser.com\/fr\/wp-json\/wp\/v2\/product"}],"about":[{"href":"https:\/\/wisecnclaser.com\/fr\/wp-json\/wp\/v2\/types\/product"}],"wp:featuredmedia":[{"embeddable":true,"href":"https:\/\/wisecnclaser.com\/fr\/wp-json\/wp\/v2\/media\/3626"}],"wp:attachment":[{"href":"https:\/\/wisecnclaser.com\/fr\/wp-json\/wp\/v2\/media?parent=3623"}],"wp:term":[{"taxonomy":"product_brand","embeddable":true,"href":"https:\/\/wisecnclaser.com\/fr\/wp-json\/wp\/v2\/product_brand?post=3623"},{"taxonomy":"product_cat","embeddable":true,"href":"https:\/\/wisecnclaser.com\/fr\/wp-json\/wp\/v2\/product_cat?post=3623"},{"taxonomy":"product_tag","embeddable":true,"href":"https:\/\/wisecnclaser.com\/fr\/wp-json\/wp\/v2\/product_tag?post=3623"}],"curies":[{"name":"wp","href":"https:\/\/api.w.org\/{rel}","templated":true}]}}