{"id":3627,"date":"2025-05-23T00:27:13","date_gmt":"2025-05-23T00:27:13","guid":{"rendered":"https:\/\/wisecnclaser.com\/?post_type=product&#038;p=3627"},"modified":"2025-05-23T00:27:13","modified_gmt":"2025-05-23T00:27:13","slug":"metal-channel-letter-bending-machine","status":"publish","type":"product","link":"https:\/\/wisecnclaser.com\/fr\/produit\/metal-channel-letter-bending-machine\/","title":{"rendered":"Machine \u00e0 plier les lettres en m\u00e9tal"},"content":{"rendered":"<p>Machine \u00e0 plier les lettres Avantages :<\/p>\n<p>1. syst\u00e8me ind\u00e9pendant de double fente, permettant de traiter librement diff\u00e9rents types de mat\u00e9riaux.<\/p>\n<p>2. r\u00e9glage automatique de la profondeur de coupe pour la raboteuse et la fraise \u00e0 rainurer, facile \u00e0 utiliser<\/p>\n<p>3. le rabot est fabriqu\u00e9 en alliage dur, la coupe est stable et lisse, le grain de la lame avec un certain nombre de pointes peut \u00eatre utilis\u00e9 s\u00e9par\u00e9ment, sans entretien et sans meulage, \u00e0 faible co\u00fbt. R\u00e9glage automatique de la lame de rabot, r\u00e9glage libre de la profondeur de rainurage.<\/p>\n<p>4. la fraise de pr\u00e9cision peut pivoter sur tout le pourtour, identifier l'angle automatiquement, traiter une vari\u00e9t\u00e9 de profil\u00e9s en aluminium.<\/p>\n<p>5. Syst\u00e8me de commutation en une \u00e9tape pour le cintrage alternatif \u00e0 deux p\u00f4les pour les bobines de m\u00e9tal, et syst\u00e8me brevet\u00e9 de cintrage par extrusion pour les profil\u00e9s en aluminium, commutation libre, pas besoin d'ajuster \u00e0 nouveau lorsque l'on change de mat\u00e9riau.<\/p>\n<p>6. syst\u00e8me de contr\u00f4le servo de haute puissance, haute pr\u00e9cision, vitesse rapide, couple \u00e9lev\u00e9, am\u00e9lioration de l'efficacit\u00e9 du travail.<\/p>\n<p>7. avec un syst\u00e8me de contr\u00f4le de la longueur en boucle ferm\u00e9e, un contr\u00f4le logiciel de la pr\u00e9cision de la longueur, une erreur\u22640,1mm.<\/p>\n<p>8. support de mat\u00e9riel ind\u00e9pendant, pour assurer la stabilit\u00e9 de l'alimentation de l'\u00e9quipement.<\/p>\n<p>9. chromage int\u00e9gral de la machine, r\u00e9sistant \u00e0 l'usure et \u00e0 la corrosion.<\/p>\n<p>10. le logiciel peut passer librement d'un syst\u00e8me de fente \u00e0 l'autre, l'interface est simple, facile \u00e0 apprendre et \u00e0 utiliser.<\/p>\n<p>&nbsp;<\/p>\n<p>Param\u00e8tres techniques :<\/p>\n<table border=\"0\">\n<tbody>\n<tr class=\"firstRow\">\n<td width=\"232\">\u00a0 Hauteur du mat\u00e9riau<\/td>\n<td width=\"419\">10-130mm<\/td>\n<\/tr>\n<tr>\n<td width=\"232\">Mat\u00e9riaux applicables<\/td>\n<td width=\"419\">Acier inoxydable, t\u00f4le galvanis\u00e9e, fer, aluminium, cuivre et autres<\/p>\n<p>Bobine de m\u00e9tal ;<\/p>\n<p>bord en aluminium, profil\u00e9 en aluminium ou autre profil\u00e9 de forme sp\u00e9ciale<\/td>\n<\/tr>\n<tr>\n<td width=\"232\">Format de fichier pris en charge<\/td>\n<td width=\"419\">dxf\u3001ai\u3001plt<\/td>\n<\/tr>\n<tr>\n<td width=\"232\">Rayon de courbure minimal<\/td>\n<td width=\"419\">R=3 MM<\/td>\n<\/tr>\n<tr>\n<td width=\"232\">Epaisseur du mat\u00e9riau<\/td>\n<td width=\"419\">0,3-1,2 mm<\/td>\n<\/tr>\n<tr>\n<td width=\"232\">Puissance de cr\u00eate<\/td>\n<td width=\"419\">2000W<\/td>\n<\/tr>\n<tr>\n<td width=\"232\">Longueur Pr\u00e9cision<\/td>\n<td width=\"419\">0,1 mm\/m\u00e8tre<\/td>\n<\/tr>\n<tr>\n<td width=\"232\">Couple d'alimentation<\/td>\n<td width=\"419\">&gt;45Nm<\/td>\n<\/tr>\n<tr>\n<td width=\"232\">Rabot \u00e0 fentes Pic de couple<\/td>\n<td width=\"419\">&gt;100Nm<\/td>\n<\/tr>\n<tr>\n<td width=\"232\">\u00a0Couple de flexion de l'arc Pic<\/td>\n<td width=\"419\">&gt;100Nm<\/td>\n<\/tr>\n<tr>\n<td width=\"232\">Dimensions<\/td>\n<td width=\"419\">1900*900*1600<\/td>\n<\/tr>\n<tr>\n<td width=\"232\">Traitement de surface de la pi\u00e8ce<\/td>\n<td width=\"419\">chromage int\u00e9gral<\/td>\n<\/tr>\n<tr>\n<td width=\"232\">N.Poids<\/td>\n<td width=\"419\">530 kg<\/td>\n<\/tr>\n<tr>\n<td width=\"232\">Puissance<\/td>\n<td width=\"419\">AC220V<\/td>\n<\/tr>\n<tr>\n<td width=\"232\">Pression de service<\/td>\n<td width=\"419\">0,3-0,6mpa<\/td>\n<\/tr>\n<\/tbody>\n<\/table>","protected":false},"excerpt":{"rendered":"<p>Machine \u00e0 plier les lettres Avantages :<\/p>\n<p>1. syst\u00e8me ind\u00e9pendant de double fente, permettant de traiter librement diff\u00e9rents types de mat\u00e9riaux.<\/p>\n<p>2. r\u00e9glage automatique de la profondeur de coupe pour la raboteuse et la fraise \u00e0 rainurer, facile \u00e0 utiliser<\/p>\n<p>3. le rabot est fabriqu\u00e9 en alliage dur, la coupe est stable et lisse, le grain de la lame avec un certain nombre de pointes peut \u00eatre utilis\u00e9 s\u00e9par\u00e9ment, sans entretien et sans meulage, \u00e0 faible co\u00fbt. R\u00e9glage automatique de la lame de rabot, r\u00e9glage libre de la profondeur de rainurage.<\/p>\n<p>4. la fraise de pr\u00e9cision peut pivoter sur tout le pourtour, identifier l'angle automatiquement, traiter une vari\u00e9t\u00e9 de profil\u00e9s en aluminium.<\/p>\n<p>5. Syst\u00e8me de commutation en une \u00e9tape pour le cintrage alternatif \u00e0 deux p\u00f4les pour les bobines de m\u00e9tal, et syst\u00e8me brevet\u00e9 de cintrage par extrusion pour les profil\u00e9s en aluminium, commutation libre, pas besoin d'ajuster \u00e0 nouveau lorsque l'on change de mat\u00e9riau.<\/p>\n<p>6. syst\u00e8me de contr\u00f4le servo de haute puissance, haute pr\u00e9cision, vitesse rapide, couple \u00e9lev\u00e9, am\u00e9lioration de l'efficacit\u00e9 du travail.<\/p>\n<p>7. avec un syst\u00e8me de contr\u00f4le de la longueur en boucle ferm\u00e9e, un contr\u00f4le logiciel de la pr\u00e9cision de la longueur, une erreur\u22640,1mm.<\/p>\n<p>8. support de mat\u00e9riel ind\u00e9pendant, pour assurer la stabilit\u00e9 de l'alimentation de l'\u00e9quipement.<\/p>\n<p>9. chromage int\u00e9gral de la machine, r\u00e9sistant \u00e0 l'usure et \u00e0 la corrosion.<\/p>\n<p>10. le logiciel peut passer librement d'un syst\u00e8me de fente \u00e0 l'autre, l'interface est simple, facile \u00e0 apprendre et \u00e0 utiliser.<\/p>","protected":false},"featured_media":3630,"template":"","meta":{"_seopress_robots_primary_cat":"","_seopress_titles_title":"","_seopress_titles_desc":"","_seopress_robots_index":"","_uag_custom_page_level_css":"","site-sidebar-layout":"default","site-content-layout":"","ast-site-content-layout":"default","site-content-style":"default","site-sidebar-style":"default","ast-global-header-display":"","ast-banner-title-visibility":"","ast-main-header-display":"","ast-hfb-above-header-display":"","ast-hfb-below-header-display":"","ast-hfb-mobile-header-display":"","site-post-title":"","ast-breadcrumbs-content":"","ast-featured-img":"","footer-sml-layout":"","ast-disable-related-posts":"","theme-transparent-header-meta":"default","adv-header-id-meta":"","stick-header-meta":"default","header-above-stick-meta":"","header-main-stick-meta":"","header-below-stick-meta":"","astra-migrate-meta-layouts":"set","ast-page-background-enabled":"default","ast-page-background-meta":{"desktop":{"background-color":"","background-image":"","background-repeat":"repeat","background-position":"center center","background-size":"auto","background-attachment":"scroll","background-type":"","background-media":"","overlay-type":"","overlay-color":"","overlay-opacity":"","overlay-gradient":""},"tablet":{"background-color":"","background-image":"","background-repeat":"repeat","background-position":"center center","background-size":"auto","background-attachment":"scroll","background-type":"","background-media":"","overlay-type":"","overlay-color":"","overlay-opacity":"","overlay-gradient":""},"mobile":{"background-color":"","background-image":"","background-repeat":"repeat","background-position":"center center","background-size":"auto","background-attachment":"scroll","background-type":"","background-media":"","overlay-type":"","overlay-color":"","overlay-opacity":"","overlay-gradient":""}},"ast-content-background-meta":{"desktop":{"background-color":"var(--ast-global-color-5)","background-image":"","background-repeat":"repeat","background-position":"center center","background-size":"auto","background-attachment":"scroll","background-type":"","background-media":"","overlay-type":"","overlay-color":"","overlay-opacity":"","overlay-gradient":""},"tablet":{"background-color":"var(--ast-global-color-5)","background-image":"","background-repeat":"repeat","background-position":"center center","background-size":"auto","background-attachment":"scroll","background-type":"","background-media":"","overlay-type":"","overlay-color":"","overlay-opacity":"","overlay-gradient":""},"mobile":{"background-color":"var(--ast-global-color-5)","background-image":"","background-repeat":"repeat","background-position":"center center","background-size":"auto","background-attachment":"scroll","background-type":"","background-media":"","overlay-type":"","overlay-color":"","overlay-opacity":"","overlay-gradient":""}}},"product_brand":[],"product_cat":[62],"product_tag":[],"class_list":{"0":"post-3627","1":"product","2":"type-product","3":"status-publish","4":"has-post-thumbnail","6":"product_cat-letter","7":"desktop-align-left","8":"tablet-align-left","9":"mobile-align-left","10":"ast-product-gallery-layout-horizontal-slider","11":"ast-product-gallery-with-no-image","12":"ast-product-tabs-layout-horizontal","14":"first","15":"instock","16":"shipping-taxable","17":"product-type-simple"},"uagb_featured_image_src":{"full":["https:\/\/wisecnclaser.com\/wp-content\/uploads\/2025\/05\/5f8de839b037ccdc38dd83d6cf5e39f9.jpg",800,533,false],"thumbnail":["https:\/\/wisecnclaser.com\/wp-content\/uploads\/2025\/05\/5f8de839b037ccdc38dd83d6cf5e39f9-150x150.jpg",150,150,true],"medium":["https:\/\/wisecnclaser.com\/wp-content\/uploads\/2025\/05\/5f8de839b037ccdc38dd83d6cf5e39f9-300x200.jpg",300,200,true],"medium_large":["https:\/\/wisecnclaser.com\/wp-content\/uploads\/2025\/05\/5f8de839b037ccdc38dd83d6cf5e39f9-768x512.jpg",768,512,true],"large":["https:\/\/wisecnclaser.com\/wp-content\/uploads\/2025\/05\/5f8de839b037ccdc38dd83d6cf5e39f9.jpg",800,533,false],"1536x1536":["https:\/\/wisecnclaser.com\/wp-content\/uploads\/2025\/05\/5f8de839b037ccdc38dd83d6cf5e39f9.jpg",800,533,false],"2048x2048":["https:\/\/wisecnclaser.com\/wp-content\/uploads\/2025\/05\/5f8de839b037ccdc38dd83d6cf5e39f9.jpg",800,533,false],"trp-custom-language-flag":["https:\/\/wisecnclaser.com\/wp-content\/uploads\/2025\/05\/5f8de839b037ccdc38dd83d6cf5e39f9-18x12.jpg",18,12,true],"woocommerce_thumbnail":["https:\/\/wisecnclaser.com\/wp-content\/uploads\/2025\/05\/5f8de839b037ccdc38dd83d6cf5e39f9-300x300.jpg",300,300,true],"woocommerce_single":["https:\/\/wisecnclaser.com\/wp-content\/uploads\/2025\/05\/5f8de839b037ccdc38dd83d6cf5e39f9-600x400.jpg",600,400,true],"woocommerce_gallery_thumbnail":["https:\/\/wisecnclaser.com\/wp-content\/uploads\/2025\/05\/5f8de839b037ccdc38dd83d6cf5e39f9-100x100.jpg",100,100,true]},"uagb_author_info":{"display_name":"jinxing6611@gmail.com","author_link":"https:\/\/wisecnclaser.com\/fr\/author\/"},"uagb_comment_info":0,"uagb_excerpt":"Letter Bending Machine Advantages: 1.Independent double slotting system, the real realization of different types of materials freely processing. 2.Automatic adjustment of cutting depth for both planer and milling cutter slotting, easy to operate 3.The planer is made with hard alloy finished , cutting stable and smooth , blade grain with a number of tips can\u2026","_links":{"self":[{"href":"https:\/\/wisecnclaser.com\/fr\/wp-json\/wp\/v2\/product\/3627","targetHints":{"allow":["GET"]}}],"collection":[{"href":"https:\/\/wisecnclaser.com\/fr\/wp-json\/wp\/v2\/product"}],"about":[{"href":"https:\/\/wisecnclaser.com\/fr\/wp-json\/wp\/v2\/types\/product"}],"wp:featuredmedia":[{"embeddable":true,"href":"https:\/\/wisecnclaser.com\/fr\/wp-json\/wp\/v2\/media\/3630"}],"wp:attachment":[{"href":"https:\/\/wisecnclaser.com\/fr\/wp-json\/wp\/v2\/media?parent=3627"}],"wp:term":[{"taxonomy":"product_brand","embeddable":true,"href":"https:\/\/wisecnclaser.com\/fr\/wp-json\/wp\/v2\/product_brand?post=3627"},{"taxonomy":"product_cat","embeddable":true,"href":"https:\/\/wisecnclaser.com\/fr\/wp-json\/wp\/v2\/product_cat?post=3627"},{"taxonomy":"product_tag","embeddable":true,"href":"https:\/\/wisecnclaser.com\/fr\/wp-json\/wp\/v2\/product_tag?post=3627"}],"curies":[{"name":"wp","href":"https:\/\/api.w.org\/{rel}","templated":true}]}}