{"id":3631,"date":"2025-05-23T00:31:03","date_gmt":"2025-05-23T00:31:03","guid":{"rendered":"https:\/\/wisecnclaser.com\/?post_type=product&#038;p=3631"},"modified":"2025-05-23T00:31:03","modified_gmt":"2025-05-23T00:31:03","slug":"wise48-heavy-duty-atc-cnc-router","status":"publish","type":"product","link":"https:\/\/wisecnclaser.com\/fr\/produit\/wise48-heavy-duty-atc-cnc-router\/","title":{"rendered":"WISE48 Toupie CNC ATC \u00e0 usage intensif"},"content":{"rendered":"<p>Caract\u00e9ristiques :<\/p>\n<p>1) L'ensemble du corps de la machine est fabriqu\u00e9 en acier 8MM sans soudure, avec un traitement de vieillissement par trempe et revenu, rigide, sans d\u00e9formation.<\/p>\n<p>2. servomoteur, haute pr\u00e9cision et haute vitesse.<\/p>\n<p>3. Guide de rail carr\u00e9 Taiwan 30, fonctionnement en douceur, haute pr\u00e9cision plus stable, longue dur\u00e9e de vie.<\/p>\n<p>4. Broche ATC \u00e0 refroidissement par air de 9KW, longue dur\u00e9e de vie, vitesse jusqu'\u00e0 18000 r \/ min, surface lisse sculpt\u00e9e.<\/p>\n<p>5. Largement \u00e9quip\u00e9 d'une armoire s\u00e9par\u00e9e, fonctionnement par \u00e9cran tactile, simple et pratique, facile \u00e0 apprendre.<\/p>\n<p>6. Le syst\u00e8me d'aspiration peut \u00eatre aspir\u00e9 au cours du processus de traitement des copeaux de bois et des d\u00e9bris, afin de maintenir la table propre et d'assurer la maintenance indirecte de l'\u00e9quipement.<\/p>\n<p>7.12 outils ATC lin\u00e9aires, servocommande<\/p>\n<p>8. utilis\u00e9 pour la d\u00e9coupe du bois, la gravure, le fraisage, la d\u00e9coupe de trous, appliqu\u00e9 dans la fabrication de meubles \u00e0 panneaux, d'armoires \u00e0 v\u00eatements et de portes d'armoires avanc\u00e9es.<\/p>\n<p>&nbsp;<\/p>\n<p>Application :<\/p>\n<p>Convient pour la menuiserie, les portes en bois, les meubles, les armoires, les moules, les meubles \u00e0 panneaux, etc.<\/p>\n<p>&nbsp;<\/p>\n<table border=\"1\" width=\"666\">\n<tbody>\n<tr class=\"firstRow\">\n<td colspan=\"2\" width=\"662\">Description et sp\u00e9cifications de la d\u00e9fonceuse CNC ATC \u00e0 usage intensif :<\/td>\n<\/tr>\n<tr>\n<td valign=\"top\" width=\"217\">Mod\u00e8le<\/td>\n<td valign=\"top\" width=\"446\">WISE48<\/td>\n<\/tr>\n<tr>\n<td valign=\"top\" width=\"217\">X Zone de travail<\/td>\n<td valign=\"top\" width=\"446\">1300mm<\/td>\n<\/tr>\n<tr>\n<td valign=\"top\" width=\"217\">Y Zone de travail<\/td>\n<td valign=\"top\" width=\"446\">2500mm<\/td>\n<\/tr>\n<tr>\n<td valign=\"top\" width=\"217\">Z Zone de travail<\/td>\n<td valign=\"top\" width=\"446\">300mm<\/td>\n<\/tr>\n<tr>\n<td valign=\"top\" width=\"217\">Table de machine<\/td>\n<td valign=\"top\" width=\"446\">Table \u00e0 vide \u00e0 double couche<\/td>\n<\/tr>\n<tr>\n<td valign=\"top\" width=\"217\">Pr\u00e9cision du positionnement des d\u00e9placements<\/td>\n<td valign=\"top\" width=\"446\">\u00b10,05 mm<\/td>\n<\/tr>\n<tr>\n<td valign=\"top\" width=\"217\">Repositionnement Pr\u00e9cision du positionnement<\/td>\n<td valign=\"top\" width=\"446\">\u00b10,05 mm<\/td>\n<\/tr>\n<tr>\n<td valign=\"top\" width=\"217\">X,Y ,Z Structure<\/td>\n<td valign=\"top\" width=\"446\">Roue dent\u00e9e XY Taiwan 2.0M, Z Vis \u00e0 billes Taiwan. Tous les axes utilisent un guide carr\u00e9<\/td>\n<\/tr>\n<tr>\n<td valign=\"top\" width=\"217\">ATC TOOLS<\/td>\n<td valign=\"top\" width=\"446\">12 OUTILS en ligne<\/td>\n<\/tr>\n<tr>\n<td valign=\"top\" width=\"217\">Max. Vitesse de d\u00e9placement rapide<\/td>\n<td valign=\"top\" width=\"446\">50000mm\/min<\/td>\n<\/tr>\n<tr>\n<td valign=\"top\" width=\"217\">Vitesse de travail max. Vitesse de travail<\/td>\n<td valign=\"top\" width=\"446\">25000mm\/min<\/td>\n<\/tr>\n<tr>\n<td valign=\"top\" width=\"217\">Broche<\/td>\n<td valign=\"top\" width=\"446\">Broche ATC 9KW<\/td>\n<\/tr>\n<tr>\n<td valign=\"top\" width=\"217\">Vitesse de la broche<\/td>\n<td valign=\"top\" width=\"446\">0-18000 tr\/min<\/td>\n<\/tr>\n<tr>\n<td valign=\"top\" width=\"217\">Moteur d'entra\u00eenement<\/td>\n<td valign=\"top\" width=\"446\">Servo chinois<\/td>\n<\/tr>\n<tr>\n<td valign=\"top\" width=\"217\">Commandement<\/td>\n<td valign=\"top\" width=\"446\">G-code*.u00*.mmg*.plt<\/td>\n<\/tr>\n<tr>\n<td valign=\"top\" width=\"217\">Tension de fonctionnement<\/td>\n<td valign=\"top\" width=\"446\">3PH AC380V\/50Hz<\/td>\n<\/tr>\n<tr>\n<td valign=\"top\" width=\"217\">Syst\u00e8me de contr\u00f4le<\/td>\n<td valign=\"top\" width=\"446\">Taiwan LNC Syst\u00e8me de contr\u00f4le<\/td>\n<\/tr>\n<tr>\n<td valign=\"top\" width=\"217\">Rail de guidage<\/td>\n<td valign=\"top\" width=\"446\">Ta\u00efwan 30 rail carr\u00e9<\/td>\n<\/tr>\n<tr>\n<td valign=\"top\" width=\"217\">Armoire de commande<\/td>\n<td valign=\"top\" width=\"446\">armoire tactile \u00e0 \u00e9cran<\/td>\n<\/tr>\n<tr>\n<td valign=\"top\" width=\"217\">Syst\u00e8me de lubrification<\/td>\n<td valign=\"top\" width=\"446\">Syst\u00e8me de lubrification automatique<\/td>\n<\/tr>\n<tr>\n<td valign=\"top\" width=\"217\">Dispositif auxiliaire<\/td>\n<td valign=\"top\" width=\"446\">Pointes escamotables - pour fixer le mat\u00e9riel au bon endroit, capteur d'outil pour calibrer la hauteur de l'axe Z de chaque outil, d\u00e9poussi\u00e9reur 5,5 kW, pompe \u00e0 vide 7,5 kW.<\/td>\n<\/tr>\n<\/tbody>\n<\/table>","protected":false},"excerpt":{"rendered":"<p>tool magazine of 12 tools linear atc cnc router\u00a0can move with the gantry, which can not only change different tool heads at any time according to the processing requirements, but also has a fast tool change speed and high processing efficiency.<\/p>\n<p>One machine can basically cut 70-90 sheets wood panel a day, and the processing efficiency is very high. The board utilization rate is as high as 98%, which greatly reduces the cost of raw materials.<\/p>\n<p>Application:Panel furniture, cabinet wardrobe, office furniture, custom furniture, computer desks,\u00a0 wooden speakers, wooden kitchen utensils and other board furniture flat cutting, milling, beveling, punching, carving and other auxiliary processing<\/p>","protected":false},"featured_media":3634,"template":"","meta":{"_seopress_robots_primary_cat":"","_seopress_titles_title":"","_seopress_titles_desc":"","_seopress_robots_index":"","_uag_custom_page_level_css":"","site-sidebar-layout":"default","site-content-layout":"","ast-site-content-layout":"default","site-content-style":"default","site-sidebar-style":"default","ast-global-header-display":"","ast-banner-title-visibility":"","ast-main-header-display":"","ast-hfb-above-header-display":"","ast-hfb-below-header-display":"","ast-hfb-mobile-header-display":"","site-post-title":"","ast-breadcrumbs-content":"","ast-featured-img":"","footer-sml-layout":"","ast-disable-related-posts":"","theme-transparent-header-meta":"default","adv-header-id-meta":"","stick-header-meta":"default","header-above-stick-meta":"","header-main-stick-meta":"","header-below-stick-meta":"","astra-migrate-meta-layouts":"set","ast-page-background-enabled":"default","ast-page-background-meta":{"desktop":{"background-color":"","background-image":"","background-repeat":"repeat","background-position":"center center","background-size":"auto","background-attachment":"scroll","background-type":"","background-media":"","overlay-type":"","overlay-color":"","overlay-opacity":"","overlay-gradient":""},"tablet":{"background-color":"","background-image":"","background-repeat":"repeat","background-position":"center center","background-size":"auto","background-attachment":"scroll","background-type":"","background-media":"","overlay-type":"","overlay-color":"","overlay-opacity":"","overlay-gradient":""},"mobile":{"background-color":"","background-image":"","background-repeat":"repeat","background-position":"center center","background-size":"auto","background-attachment":"scroll","background-type":"","background-media":"","overlay-type":"","overlay-color":"","overlay-opacity":"","overlay-gradient":""}},"ast-content-background-meta":{"desktop":{"background-color":"var(--ast-global-color-5)","background-image":"","background-repeat":"repeat","background-position":"center center","background-size":"auto","background-attachment":"scroll","background-type":"","background-media":"","overlay-type":"","overlay-color":"","overlay-opacity":"","overlay-gradient":""},"tablet":{"background-color":"var(--ast-global-color-5)","background-image":"","background-repeat":"repeat","background-position":"center center","background-size":"auto","background-attachment":"scroll","background-type":"","background-media":"","overlay-type":"","overlay-color":"","overlay-opacity":"","overlay-gradient":""},"mobile":{"background-color":"var(--ast-global-color-5)","background-image":"","background-repeat":"repeat","background-position":"center center","background-size":"auto","background-attachment":"scroll","background-type":"","background-media":"","overlay-type":"","overlay-color":"","overlay-opacity":"","overlay-gradient":""}}},"product_brand":[],"product_cat":[34],"product_tag":[],"class_list":{"0":"post-3631","1":"product","2":"type-product","3":"status-publish","4":"has-post-thumbnail","6":"product_cat-nesting","7":"desktop-align-left","8":"tablet-align-left","9":"mobile-align-left","10":"ast-product-gallery-layout-horizontal-slider","11":"ast-product-tabs-layout-horizontal","13":"first","14":"instock","15":"shipping-taxable","16":"product-type-simple"},"uagb_featured_image_src":{"full":["https:\/\/wisecnclaser.com\/wp-content\/uploads\/2025\/05\/36752d094c7c1891c401876f4adde1b7.png",800,800,false],"thumbnail":["https:\/\/wisecnclaser.com\/wp-content\/uploads\/2025\/05\/36752d094c7c1891c401876f4adde1b7-150x150.png",150,150,true],"medium":["https:\/\/wisecnclaser.com\/wp-content\/uploads\/2025\/05\/36752d094c7c1891c401876f4adde1b7-300x300.png",300,300,true],"medium_large":["https:\/\/wisecnclaser.com\/wp-content\/uploads\/2025\/05\/36752d094c7c1891c401876f4adde1b7-768x768.png",768,768,true],"large":["https:\/\/wisecnclaser.com\/wp-content\/uploads\/2025\/05\/36752d094c7c1891c401876f4adde1b7.png",800,800,false],"1536x1536":["https:\/\/wisecnclaser.com\/wp-content\/uploads\/2025\/05\/36752d094c7c1891c401876f4adde1b7.png",800,800,false],"2048x2048":["https:\/\/wisecnclaser.com\/wp-content\/uploads\/2025\/05\/36752d094c7c1891c401876f4adde1b7.png",800,800,false],"trp-custom-language-flag":["https:\/\/wisecnclaser.com\/wp-content\/uploads\/2025\/05\/36752d094c7c1891c401876f4adde1b7-12x12.png",12,12,true],"woocommerce_thumbnail":["https:\/\/wisecnclaser.com\/wp-content\/uploads\/2025\/05\/36752d094c7c1891c401876f4adde1b7-300x300.png",300,300,true],"woocommerce_single":["https:\/\/wisecnclaser.com\/wp-content\/uploads\/2025\/05\/36752d094c7c1891c401876f4adde1b7-600x600.png",600,600,true],"woocommerce_gallery_thumbnail":["https:\/\/wisecnclaser.com\/wp-content\/uploads\/2025\/05\/36752d094c7c1891c401876f4adde1b7-100x100.png",100,100,true]},"uagb_author_info":{"display_name":"jinxing6611@gmail.com","author_link":"https:\/\/wisecnclaser.com\/fr\/author\/"},"uagb_comment_info":0,"uagb_excerpt":"tool magazine of 12 tools linear atc cnc router\u00a0can move with the gantry, which can not only change different tool heads at any time according to the processing requirements, but also has a fast tool change speed and high processing efficiency. One machine can basically cut 70-90 sheets wood panel a day, and the processing\u2026","_links":{"self":[{"href":"https:\/\/wisecnclaser.com\/fr\/wp-json\/wp\/v2\/product\/3631","targetHints":{"allow":["GET"]}}],"collection":[{"href":"https:\/\/wisecnclaser.com\/fr\/wp-json\/wp\/v2\/product"}],"about":[{"href":"https:\/\/wisecnclaser.com\/fr\/wp-json\/wp\/v2\/types\/product"}],"wp:featuredmedia":[{"embeddable":true,"href":"https:\/\/wisecnclaser.com\/fr\/wp-json\/wp\/v2\/media\/3634"}],"wp:attachment":[{"href":"https:\/\/wisecnclaser.com\/fr\/wp-json\/wp\/v2\/media?parent=3631"}],"wp:term":[{"taxonomy":"product_brand","embeddable":true,"href":"https:\/\/wisecnclaser.com\/fr\/wp-json\/wp\/v2\/product_brand?post=3631"},{"taxonomy":"product_cat","embeddable":true,"href":"https:\/\/wisecnclaser.com\/fr\/wp-json\/wp\/v2\/product_cat?post=3631"},{"taxonomy":"product_tag","embeddable":true,"href":"https:\/\/wisecnclaser.com\/fr\/wp-json\/wp\/v2\/product_tag?post=3631"}],"curies":[{"name":"wp","href":"https:\/\/api.w.org\/{rel}","templated":true}]}}