{"id":3682,"date":"2025-05-23T01:18:10","date_gmt":"2025-05-23T01:18:10","guid":{"rendered":"https:\/\/wisecnclaser.com\/?post_type=product&#038;p=3682"},"modified":"2025-05-23T01:18:10","modified_gmt":"2025-05-23T01:18:10","slug":"genuine-leather-cutting-machine-for-leather-shoe-bags","status":"publish","type":"product","link":"https:\/\/wisecnclaser.com\/fr\/produit\/genuine-leather-cutting-machine-for-leather-shoe-bags\/","title":{"rendered":"Machine \u00e0 d\u00e9couper le cuir v\u00e9ritable pour les sacs de chaussures en cuir"},"content":{"rendered":"<div class=\"magic-3\">Couteau oscillant en cuir v\u00e9ritable Machine \u00e0 d\u00e9couper le cuir pour la production de chaussures et de sacs en cuir<\/div>\n<div class=\"magic-5\">\n<div class=\"magic-6\">\n<div class=\"magic-7\">Application :<br \/>\nLe plotter de d\u00e9coupe \u00e0 plat est principalement destin\u00e9 \u00e0 la d\u00e9coupe de textiles domestiques tels que les canap\u00e9s, les rideaux, les tapis, le cuir, la toile et les v\u00eatements.<br \/>\nv\u00eatements, coupe de pvc, peut couper des rouleaux, \u00e0 l'exception du textile, il peut \u00e9galement couper le pvc, le carton, le tissu polyester, la mousse, le pvc, le cuir, etc.<br \/>\nmat\u00e9riel<\/p>\n<div>La machine \u00e0 couper le cuir \u00e0 couteau oscillant cnc peut couper le cuir artificiel et le cuir v\u00e9ritable, utilis\u00e9 pour la fabrication de chaussures et de sacs en cuir, elle est \u00e9quip\u00e9e d'un logiciel d'imbrication et d'instruments de projection et permet au taux d'utilisation du cuir d'atteindre 80%.<\/p>\n<div>\n<div>Cette machine de d\u00e9coupe \u00e0 plat permet de d\u00e9couper des mousses EPE, EVA et EPP (jusqu'\u00e0 50 mm) et des bo\u00eetes en carton ondul\u00e9 (jusqu'\u00e0 trois parois) avec une zone de d\u00e9coupe de 2500*1600 mm. La capacit\u00e9 de perforation et de rainage du mat\u00e9riau ondul\u00e9 est \u00e9galement requise.<\/div>\n<div>\nMachine de d\u00e9coupe \u00e0 plat \u00e0 couteau oscillant Cnc Application :<\/p>\n<p>Canap\u00e9, si\u00e8ge, housse de si\u00e8ge de voiture, tapis de sol de voiture, tapis de voiture, bagages, sacs \u00e0 main, appliqu\u00e9s \u00e0 l'industrie de la chaussure,<br \/>\nIndustrie de l'habillement, mat\u00e9riaux composites, industrie de la bagagerie, industrie automobile, industrie de l'impression publicitaire, \u00e9lectronique<br \/>\nindustrie, industrie de la d\u00e9coration, industrie du meuble, etc.<\/p>\n<p>Possibilit\u00e9 de choisir diff\u00e9rents outils pour diff\u00e9rents secteurs d'activit\u00e9 :<br \/>\n1.  Couteau rond - textile, habillement, industrie de la d\u00e9coration int\u00e9rieure, coupe de tissu, fibre de verre, fibre de carbone, vivet, tapis, etc.<br \/>\n2, Couteau oscillant + molette de rainage - industrie de la fabrication de bo\u00eetes en carton, d\u00e9coupe et rainage du carton ondul\u00e9, du carton alv\u00e9ol\u00e9,<br \/>\ncarton, etc.<br \/>\n3, Couteau \u00e0 glissi\u00e8re+Coupure de baiser+Coupure de V - industrie de la publicit\u00e9, d\u00e9coupe de vinyle adh\u00e9sif, d\u00e9coupe de mousse<br \/>\n4. Alimentation automatique : chargement et d\u00e9chargement automatique du mat\u00e9riau, principalement utilis\u00e9 pour la coupe du cuir et du textile.<br \/>\n5. Outil de coupe pneumatique - utilis\u00e9 pour la coupe de mat\u00e9riaux \u00e9pais d'une \u00e9paisseur inf\u00e9rieure \u00e0 120 mm.<br \/>\n6, cam\u00e9ra ccd-utilis\u00e9e pour le d\u00e9coupage de l'image imprim\u00e9e<\/p>\n<table class=\"has-title hight-light-first-column all magic-27\" width=\"NaN\">\n<tbody>\n<tr class=\"firstRow\">\n<td colspan=\"5\" rowspan=\"1\">\n<div class=\"magic-28\">Param\u00e8tres techniques de la machine de d\u00e9coupe \u00e0 plat \u00e0 couteau oscillant<\/div>\n<\/td>\n<\/tr>\n<tr>\n<td colspan=\"1\" rowspan=\"1\">\n<div class=\"magic-32\">X taille de travail<\/div>\n<\/td>\n<td colspan=\"4\" rowspan=\"1\">\n<div class=\"magic-33\">1600mm<\/div>\n<\/td>\n<\/tr>\n<tr>\n<td colspan=\"1\" rowspan=\"1\">\n<div class=\"magic-32\">Y taille de travail<\/div>\n<\/td>\n<td colspan=\"4\" rowspan=\"1\">\n<div class=\"magic-33\">2500mm<\/div>\n<\/td>\n<\/tr>\n<tr>\n<td colspan=\"1\" rowspan=\"1\">\n<div class=\"magic-32\">Z taille de travail<\/div>\n<\/td>\n<td colspan=\"4\" rowspan=\"1\">\n<div class=\"magic-33\">10 mm<\/div>\n<\/td>\n<\/tr>\n<tr>\n<td colspan=\"1\" rowspan=\"1\">\n<div class=\"magic-32\">T\u00eate\/outil de coupe (utiliser un outil diff\u00e9rent en fonction du mat\u00e9riau \u00e0 couper)<\/div>\n<\/td>\n<td colspan=\"4\" rowspan=\"1\">\n<div class=\"magic-33\">T\u00eate de coupe \u00e0 couteau oscillant pour la coupe de mat\u00e9riaux de densit\u00e9 moyenne tels que la mousse, l'eva, le carton kt, le pvc, l'amianteT\u00eate en option<br \/>\nOutils :<br \/>\nCouteau vibrant + Roue de rainage + Coupe en V + Cam\u00e9ra CCD pour la d\u00e9coupe du carton<br \/>\nCouteau rond + outil de poin\u00e7onnage + alimentation automatique pour la coupe et le poin\u00e7onnage du textile et du cuir<br \/>\nCouteau oscillant + outil de coupe pour la d\u00e9coupe de panneaux en vinyle<br \/>\nBroche : pour la d\u00e9coupe de mat\u00e9riaux durs tels que l'acrylique, la mousse expans\u00e9e<\/div>\n<\/td>\n<\/tr>\n<tr>\n<td colspan=\"1\" rowspan=\"1\">\n<div class=\"magic-32\">Mode d'affichage<\/div>\n<\/td>\n<td colspan=\"4\" rowspan=\"1\">\n<div class=\"magic-33\">\u00c9cran tactile LED en anglais<\/div>\n<\/td>\n<\/tr>\n<tr>\n<td colspan=\"1\" rowspan=\"1\">\n<div class=\"magic-32\">Lit de la machine<\/div>\n<\/td>\n<td colspan=\"4\" rowspan=\"1\">\n<div class=\"magic-33\">Soufflet en aluminium \u00e9pais pour une meilleure aspiration<\/div>\n<\/td>\n<\/tr>\n<tr>\n<td colspan=\"1\" rowspan=\"1\">\n<div class=\"magic-32\">Table de machine<\/div>\n<\/td>\n<td colspan=\"4\" rowspan=\"1\">\n<div class=\"magic-33\">table de convoyage<\/div>\n<\/td>\n<\/tr>\n<tr>\n<td colspan=\"1\" rowspan=\"1\">\n<div class=\"magic-32\">Dispositif d'alimentation automatique et dispositif de reconnaissance des \u00e9carts<\/div>\n<\/td>\n<td colspan=\"4\" rowspan=\"1\">\n<div class=\"magic-33\">Inclure<\/div>\n<\/td>\n<\/tr>\n<tr>\n<td colspan=\"1\" rowspan=\"1\">\n<div class=\"magic-32\">Mode de transfert des donn\u00e9es<\/div>\n<\/td>\n<td colspan=\"4\" rowspan=\"1\">\n<div class=\"magic-33\">Intel<\/div>\n<\/td>\n<\/tr>\n<tr>\n<td colspan=\"1\" rowspan=\"1\">\n<div class=\"magic-32\">Pompe \u00e0 vide<\/div>\n<\/td>\n<td colspan=\"4\" rowspan=\"1\">\n<div class=\"magic-33\">Pompe \u00e0 vide pneumatique 9KW<\/div>\n<\/td>\n<\/tr>\n<tr>\n<td colspan=\"1\" rowspan=\"1\">\n<div class=\"magic-32\">Syst\u00e8me de conduite<\/div>\n<\/td>\n<td colspan=\"4\" rowspan=\"1\">\n<div class=\"magic-33\">Servomoteur et moteur delta de Ta\u00efwan<\/div>\n<\/td>\n<\/tr>\n<tr>\n<td colspan=\"1\" rowspan=\"1\">\n<div class=\"magic-32\">Syst\u00e8me de contr\u00f4le<\/div>\n<\/td>\n<td colspan=\"4\" rowspan=\"1\">\n<div class=\"magic-33\">Syst\u00e8me de contr\u00f4le RD\/Rhino<\/div>\n<\/td>\n<\/tr>\n<tr>\n<td colspan=\"1\" rowspan=\"1\">\n<div class=\"magic-32\">Syst\u00e8me de guidage<\/div>\n<\/td>\n<td colspan=\"4\" rowspan=\"1\">\n<div class=\"magic-33\">Rail carr\u00e9 TBI de Ta\u00efwan<\/div>\n<\/td>\n<\/tr>\n<tr>\n<td colspan=\"1\" rowspan=\"1\">\n<div class=\"magic-32\">Capteur d'outil<\/div>\n<\/td>\n<td colspan=\"4\" rowspan=\"1\">\n<div class=\"magic-33\">Avec, point rouge<\/div>\n<\/td>\n<\/tr>\n<tr>\n<td colspan=\"1\" rowspan=\"1\">\n<div class=\"magic-32\">Transmission<\/div>\n<\/td>\n<td colspan=\"4\" rowspan=\"1\">\n<div class=\"magic-33\">Pignon \u00e0 cr\u00e9maill\u00e8re Y, courroie en acier synchrone XZ<\/div>\n<\/td>\n<\/tr>\n<tr>\n<td colspan=\"1\" rowspan=\"1\">\n<div class=\"magic-32\">Vitesse de coupe<\/div>\n<\/td>\n<td colspan=\"4\" rowspan=\"1\">\n<div class=\"magic-33\">30m\/min<\/div>\n<\/td>\n<\/tr>\n<tr>\n<td colspan=\"1\" rowspan=\"1\">\n<div class=\"magic-32\">Vitesse de d\u00e9placement<\/div>\n<\/td>\n<td colspan=\"4\" rowspan=\"1\">\n<div class=\"magic-33\">50m\/min<\/div>\n<\/td>\n<\/tr>\n<tr>\n<td colspan=\"1\" rowspan=\"1\">\n<div class=\"magic-32\">Poids<\/div>\n<\/td>\n<td colspan=\"4\" rowspan=\"1\">\n<div class=\"magic-33\">Environ 800 kg<\/div>\n<\/td>\n<\/tr>\n<tr>\n<td colspan=\"1\" rowspan=\"1\">\n<div class=\"magic-32\">Taille de la machine<\/div>\n<\/td>\n<td colspan=\"4\" rowspan=\"1\">\n<div class=\"magic-33\">2200*3500*1600mm<\/div>\n<\/td>\n<\/tr>\n<tr>\n<td colspan=\"1\" rowspan=\"1\">\n<div class=\"magic-32\">Situation du paquet<\/div>\n<\/td>\n<td colspan=\"4\" rowspan=\"1\">\n<div class=\"magic-33\">caisse en contreplaqu\u00e9 pour machine de d\u00e9coupe d'autocollants vinyles \u00e0 plat<\/div>\n<\/td>\n<\/tr>\n<tr>\n<td colspan=\"1\" rowspan=\"1\">\n<div class=\"magic-32\">Puissance<\/div>\n<\/td>\n<td colspan=\"4\" rowspan=\"1\">\n<div class=\"magic-33\">380V 3 phases 50HZ<\/div>\n<\/td>\n<\/tr>\n<tr>\n<td colspan=\"1\" rowspan=\"1\">\n<div class=\"magic-32\">Logiciel<\/div>\n<\/td>\n<td colspan=\"4\" rowspan=\"1\">\n<div class=\"magic-34\">Logiciel Vcutworks<\/div>\n<\/td>\n<\/tr>\n<\/tbody>\n<\/table>\n<div style=\"width: 640px;\" class=\"wp-video\"><video class=\"wp-video-shortcode\" id=\"video-3682-1\" width=\"640\" height=\"352\" preload=\"metadata\" controls=\"controls\"><source type=\"video\/mp4\" src=\"https:\/\/wisecnclaser.com\/wp-content\/uploads\/2025\/05\/1625192203930644.mp4?_=1\" \/><a href=\"https:\/\/wisecnclaser.com\/wp-content\/uploads\/2025\/05\/1625192203930644.mp4\">https:\/\/wisecnclaser.com\/wp-content\/uploads\/2025\/05\/1625192203930644.mp4<\/a><\/video><\/div>\n<\/div>\n<\/div>\n<\/div>\n<\/div>\n<\/div>\n<\/div>","protected":false},"excerpt":{"rendered":"<div class=\"text-title\">cnc oscillating knife genuine leather cutting machine table plotter machine<\/div>\n<div class=\"text-content\">\n<div>used for genuine leather cutting, can detect defects on real leather material, utility of leather material can reach 80%<\/div>\n<p>1,Equipped with TV screen and computer, Screen connect with computer<\/p>\n<div>2, equipped with high dpi camera, can take photo clearly<\/div>\n<div>3, with scanning projector, can take photos of different shape leather materials firstly, then cut one by one<\/div>\n<div>4,with nesting software, can optimize the design automatically<\/div>\n<\/div>","protected":false},"featured_media":3685,"template":"","meta":{"_seopress_robots_primary_cat":"","_seopress_titles_title":"","_seopress_titles_desc":"","_seopress_robots_index":"","_uag_custom_page_level_css":"","site-sidebar-layout":"default","site-content-layout":"","ast-site-content-layout":"default","site-content-style":"default","site-sidebar-style":"default","ast-global-header-display":"","ast-banner-title-visibility":"","ast-main-header-display":"","ast-hfb-above-header-display":"","ast-hfb-below-header-display":"","ast-hfb-mobile-header-display":"","site-post-title":"","ast-breadcrumbs-content":"","ast-featured-img":"","footer-sml-layout":"","ast-disable-related-posts":"","theme-transparent-header-meta":"default","adv-header-id-meta":"","stick-header-meta":"default","header-above-stick-meta":"","header-main-stick-meta":"","header-below-stick-meta":"","astra-migrate-meta-layouts":"set","ast-page-background-enabled":"default","ast-page-background-meta":{"desktop":{"background-color":"","background-image":"","background-repeat":"repeat","background-position":"center center","background-size":"auto","background-attachment":"scroll","background-type":"","background-media":"","overlay-type":"","overlay-color":"","overlay-opacity":"","overlay-gradient":""},"tablet":{"background-color":"","background-image":"","background-repeat":"repeat","background-position":"center center","background-size":"auto","background-attachment":"scroll","background-type":"","background-media":"","overlay-type":"","overlay-color":"","overlay-opacity":"","overlay-gradient":""},"mobile":{"background-color":"","background-image":"","background-repeat":"repeat","background-position":"center center","background-size":"auto","background-attachment":"scroll","background-type":"","background-media":"","overlay-type":"","overlay-color":"","overlay-opacity":"","overlay-gradient":""}},"ast-content-background-meta":{"desktop":{"background-color":"var(--ast-global-color-5)","background-image":"","background-repeat":"repeat","background-position":"center center","background-size":"auto","background-attachment":"scroll","background-type":"","background-media":"","overlay-type":"","overlay-color":"","overlay-opacity":"","overlay-gradient":""},"tablet":{"background-color":"var(--ast-global-color-5)","background-image":"","background-repeat":"repeat","background-position":"center center","background-size":"auto","background-attachment":"scroll","background-type":"","background-media":"","overlay-type":"","overlay-color":"","overlay-opacity":"","overlay-gradient":""},"mobile":{"background-color":"var(--ast-global-color-5)","background-image":"","background-repeat":"repeat","background-position":"center center","background-size":"auto","background-attachment":"scroll","background-type":"","background-media":"","overlay-type":"","overlay-color":"","overlay-opacity":"","overlay-gradient":""}}},"product_brand":[],"product_cat":[21],"product_tag":[],"class_list":{"0":"post-3682","1":"product","2":"type-product","3":"status-publish","4":"has-post-thumbnail","6":"product_cat-oscillating","7":"desktop-align-left","8":"tablet-align-left","9":"mobile-align-left","10":"ast-product-gallery-layout-horizontal-slider","11":"ast-product-gallery-with-no-image","12":"ast-product-tabs-layout-horizontal","14":"first","15":"instock","16":"shipping-taxable","17":"product-type-simple"},"uagb_featured_image_src":{"full":["https:\/\/wisecnclaser.com\/wp-content\/uploads\/2025\/05\/6d2e84a97269fc781f66f13a4ff0518b.jpg",750,750,false],"thumbnail":["https:\/\/wisecnclaser.com\/wp-content\/uploads\/2025\/05\/6d2e84a97269fc781f66f13a4ff0518b-150x150.jpg",150,150,true],"medium":["https:\/\/wisecnclaser.com\/wp-content\/uploads\/2025\/05\/6d2e84a97269fc781f66f13a4ff0518b-300x300.jpg",300,300,true],"medium_large":["https:\/\/wisecnclaser.com\/wp-content\/uploads\/2025\/05\/6d2e84a97269fc781f66f13a4ff0518b.jpg",750,750,false],"large":["https:\/\/wisecnclaser.com\/wp-content\/uploads\/2025\/05\/6d2e84a97269fc781f66f13a4ff0518b.jpg",750,750,false],"1536x1536":["https:\/\/wisecnclaser.com\/wp-content\/uploads\/2025\/05\/6d2e84a97269fc781f66f13a4ff0518b.jpg",750,750,false],"2048x2048":["https:\/\/wisecnclaser.com\/wp-content\/uploads\/2025\/05\/6d2e84a97269fc781f66f13a4ff0518b.jpg",750,750,false],"trp-custom-language-flag":["https:\/\/wisecnclaser.com\/wp-content\/uploads\/2025\/05\/6d2e84a97269fc781f66f13a4ff0518b-12x12.jpg",12,12,true],"woocommerce_thumbnail":["https:\/\/wisecnclaser.com\/wp-content\/uploads\/2025\/05\/6d2e84a97269fc781f66f13a4ff0518b-300x300.jpg",300,300,true],"woocommerce_single":["https:\/\/wisecnclaser.com\/wp-content\/uploads\/2025\/05\/6d2e84a97269fc781f66f13a4ff0518b-600x600.jpg",600,600,true],"woocommerce_gallery_thumbnail":["https:\/\/wisecnclaser.com\/wp-content\/uploads\/2025\/05\/6d2e84a97269fc781f66f13a4ff0518b-100x100.jpg",100,100,true]},"uagb_author_info":{"display_name":"jinxing6611@gmail.com","author_link":"https:\/\/wisecnclaser.com\/fr\/author\/"},"uagb_comment_info":0,"uagb_excerpt":"cnc oscillating knife genuine leather cutting machine table plotter machine used for genuine leather cutting, can detect defects on real leather material, utility of leather material can reach 80% 1,Equipped with TV screen and computer, Screen connect with computer 2, equipped with high dpi camera, can take photo clearly 3, with scanning projector, can take\u2026","_links":{"self":[{"href":"https:\/\/wisecnclaser.com\/fr\/wp-json\/wp\/v2\/product\/3682","targetHints":{"allow":["GET"]}}],"collection":[{"href":"https:\/\/wisecnclaser.com\/fr\/wp-json\/wp\/v2\/product"}],"about":[{"href":"https:\/\/wisecnclaser.com\/fr\/wp-json\/wp\/v2\/types\/product"}],"wp:featuredmedia":[{"embeddable":true,"href":"https:\/\/wisecnclaser.com\/fr\/wp-json\/wp\/v2\/media\/3685"}],"wp:attachment":[{"href":"https:\/\/wisecnclaser.com\/fr\/wp-json\/wp\/v2\/media?parent=3682"}],"wp:term":[{"taxonomy":"product_brand","embeddable":true,"href":"https:\/\/wisecnclaser.com\/fr\/wp-json\/wp\/v2\/product_brand?post=3682"},{"taxonomy":"product_cat","embeddable":true,"href":"https:\/\/wisecnclaser.com\/fr\/wp-json\/wp\/v2\/product_cat?post=3682"},{"taxonomy":"product_tag","embeddable":true,"href":"https:\/\/wisecnclaser.com\/fr\/wp-json\/wp\/v2\/product_tag?post=3682"}],"curies":[{"name":"wp","href":"https:\/\/api.w.org\/{rel}","templated":true}]}}