{"id":3687,"date":"2025-05-23T01:20:07","date_gmt":"2025-05-23T01:20:07","guid":{"rendered":"https:\/\/wisecnclaser.com\/?post_type=product&#038;p=3687"},"modified":"2025-05-23T01:20:07","modified_gmt":"2025-05-23T01:20:07","slug":"ws1325-ccd-cnc-router-with-vibrating-knife-tool","status":"publish","type":"product","link":"https:\/\/wisecnclaser.com\/fr\/produit\/ws1325-ccd-cnc-router-with-vibrating-knife-tool\/","title":{"rendered":"WS1325 CCD CNC Router avec outil couteau vibrant"},"content":{"rendered":"<table border=\"1\">\n<tbody>\n<tr class=\"firstRow\" style=\";height: 38px;\">\n<td style=\"border-width: 1px; border-style: solid; border-color: #9bbb59 #666666 #666666 #9bbb59; border-image: initial; background: white; padding: 5px; word-break: break-all;\" colspan=\"2\" width=\"662\">\n<p style=\"line-height: 16px;\"><span style=\"font-family: arial, helvetica, sans-serif; font-size: 16px;\"><strong><span style=\"font-family: arial, helvetica, sans-serif; color: green;\">Description et sp\u00e9cifications de la d\u00e9fonceuse WS1325 CCD avec couteau vibrant :<\/span><\/strong><\/span><\/p>\n<\/td>\n<\/tr>\n<tr>\n<td style=\"border-left: 1px solid #9bbb59; border-image: initial; border-top: none; background: #d7e3bc; border-bottom: 1px solid #666666; border-right: 1px solid #666666; padding: 5px;\" valign=\"top\" width=\"287\">\n<p style=\"line-height: 16px;\"><span style=\"color: black; font-family: arial, helvetica, sans-serif; font-size: 16px;\">X Zone de travail<\/span><\/p>\n<\/td>\n<td style=\"border-top: none; border-left: none; background: #d7e3bc; border-bottom: 1px solid #666666; border-right: 1px solid #666666; padding: 5px;\" valign=\"top\" width=\"375\">\n<p style=\"line-height: 16px;\"><span style=\"color: black; font-family: arial, helvetica, sans-serif; font-size: 16px;\">1300mm<\/span><\/p>\n<\/td>\n<\/tr>\n<tr>\n<td style=\"border-left: 1px solid #9bbb59; border-image: initial; border-top: none; background: white; border-bottom: 1px solid #666666; border-right: 1px solid #666666; padding: 5px;\" valign=\"top\" width=\"287\">\n<p style=\"line-height: 16px;\"><span style=\"color: black; font-family: arial, helvetica, sans-serif; font-size: 16px;\">Y Zone de travail<\/span><\/p>\n<\/td>\n<td style=\"border-top: none; border-left: none; background: white; border-bottom: 1px solid #666666; border-right: 1px solid #666666; padding: 5px;\" valign=\"top\" width=\"375\">\n<p style=\"line-height: 16px;\"><span style=\"color: black; font-family: arial, helvetica, sans-serif; font-size: 16px;\">2500mm <\/span><\/p>\n<\/td>\n<\/tr>\n<tr>\n<td style=\"border-left: 1px solid #9bbb59; border-image: initial; border-top: none; background: #d7e3bc; border-bottom: 1px solid #666666; border-right: 1px solid #666666; padding: 5px;\" valign=\"top\" width=\"287\">\n<p style=\"line-height: 16px;\"><span style=\"color: black; font-family: arial, helvetica, sans-serif; font-size: 16px;\">Z Zone de travail<\/span><\/p>\n<\/td>\n<td style=\"border-top: none; border-left: none; background: #d7e3bc; border-bottom: 1px solid #666666; border-right: 1px solid #666666; padding: 5px;\" valign=\"top\" width=\"375\">\n<p style=\"line-height: 16px;\"><span style=\"color: black; font-family: arial, helvetica, sans-serif; font-size: 16px;\">200mm <\/span><\/p>\n<\/td>\n<\/tr>\n<tr>\n<td style=\"border-left: 1px solid #9bbb59; border-image: initial; border-top: none; background: white; border-bottom: 1px solid #666666; border-right: 1px solid #666666; padding: 5px;\" valign=\"top\" width=\"287\">\n<p style=\"line-height: 16px;\"><span style=\"font-family: arial, helvetica, sans-serif; font-size: 16px;\">Table de machine<\/span><\/p>\n<\/td>\n<td style=\"border-top: none; border-left: none; background: white; border-bottom: 1px solid #666666; border-right: 1px solid #666666; padding: 5px;\" valign=\"top\" width=\"375\">\n<p style=\"line-height: 16px;\"><span style=\"font-family: arial, helvetica, sans-serif; font-size: 16px;\">Table \u00e0 vide+fente T<\/span><\/p>\n<\/td>\n<\/tr>\n<tr>\n<td style=\"border-left: 1px solid #9bbb59; border-image: initial; border-top: none; background: #d7e3bc; border-bottom: 1px solid #666666; border-right: 1px solid #666666; padding: 5px;\" valign=\"top\" width=\"287\">\n<p style=\"line-height: 16px;\"><span style=\"color: black; font-family: arial, helvetica, sans-serif; font-size: 16px;\">Pr\u00e9cision du positionnement des d\u00e9placements<\/span><\/p>\n<\/td>\n<td style=\"border-top: none; border-left: none; background: #d7e3bc; border-bottom: 1px solid #666666; border-right: 1px solid #666666; padding: 5px;\" valign=\"top\" width=\"375\">\n<p style=\"line-height: 16px;\"><span style=\"color: black; font-family: arial, helvetica, sans-serif; font-size: 16px;\">\u00b10,05 mm<\/span><\/p>\n<\/td>\n<\/tr>\n<tr>\n<td style=\"border-left: 1px solid #9bbb59; border-image: initial; border-top: none; background: white; border-bottom: 1px solid #666666; border-right: 1px solid #666666; padding: 5px;\" valign=\"top\" width=\"287\">\n<p style=\"line-height: 16px;\"><span style=\"color: black; font-family: arial, helvetica, sans-serif; font-size: 16px;\">Repositionnement Pr\u00e9cision du positionnement<\/span><\/p>\n<\/td>\n<td style=\"border-top: none; border-left: none; background: white; border-bottom: 1px solid #666666; border-right: 1px solid #666666; padding: 5px;\" valign=\"top\" width=\"375\">\n<p style=\"line-height: 16px;\"><span style=\"color: black; font-family: arial, helvetica, sans-serif; font-size: 16px;\">\u00b10,02 mm<\/span><\/p>\n<\/td>\n<\/tr>\n<tr>\n<td style=\"border-left: 1px solid #9bbb59; border-image: initial; border-top: none; background: white; border-bottom: 1px solid #666666; border-right: 1px solid #666666; padding: 5px;\" valign=\"top\" width=\"287\">\n<p style=\"line-height: 16px;\"><span style=\"color: black; font-family: arial, helvetica, sans-serif; font-size: 16px;\">X,Y ,Z Structure<\/span><\/p>\n<\/td>\n<td style=\"border-top: none; border-left: none; background: white; border-bottom: 1px solid #666666; border-right: 1px solid #666666; padding: 5px;\" valign=\"top\" width=\"375\">\n<p style=\"line-height: 16px;\"><span style=\"color: black; font-family: arial, helvetica, sans-serif; font-size: 16px;\">Roue dent\u00e9e XY Vis \u00e0 billes Z<\/span><\/p>\n<\/td>\n<\/tr>\n<tr>\n<td style=\"border-left: 1px solid #9bbb59; border-image: initial; border-top: none; background: #d7e3bc; border-bottom: 1px solid #666666; border-right: 1px solid #666666; padding: 5px;\" valign=\"top\" width=\"287\">\n<p style=\"line-height: 16px;\"><span style=\"color: black; font-family: arial, helvetica, sans-serif; font-size: 16px;\">Consommation max. Consommation \u00e9lectrique (sans broche)<\/span><\/p>\n<\/td>\n<td style=\"border-top: none; border-left: none; background: #d7e3bc; border-bottom: 1px solid #666666; border-right: 1px solid #666666; padding: 5px;\" valign=\"top\" width=\"375\">\n<p style=\"line-height: 16px;\"><span style=\"color: black; font-family: arial, helvetica, sans-serif; font-size: 16px;\">0,8KW<\/span><\/p>\n<\/td>\n<\/tr>\n<tr>\n<td style=\"border-left: 1px solid #9bbb59; border-image: initial; border-top: none; background: white; border-bottom: 1px solid #666666; border-right: 1px solid #666666; padding: 5px;\" valign=\"top\" width=\"287\">\n<p style=\"line-height: 16px;\"><span style=\"color: black; font-family: arial, helvetica, sans-serif; font-size: 16px;\">Max. Vitesse de d\u00e9placement rapide<\/span><\/p>\n<\/td>\n<td style=\"border-top: none; border-left: none; background: white; border-bottom: 1px solid #666666; border-right: 1px solid #666666; padding: 5px;\" valign=\"top\" width=\"375\">\n<p style=\"line-height: 16px;\"><span style=\"color: black; font-family: arial, helvetica, sans-serif; font-size: 16px;\">20000mm\/min<\/span><\/p>\n<\/td>\n<\/tr>\n<tr>\n<td style=\"border-left: 1px solid #9bbb59; border-image: initial; border-top: none; background: #d7e3bc; border-bottom: 1px solid #666666; border-right: 1px solid #666666; padding: 5px;\" valign=\"top\" width=\"287\">\n<p style=\"line-height: 16px;\"><span style=\"font-family: arial, helvetica, sans-serif; font-size: 16px;\">Vitesse de travail max. Vitesse de travail<\/span><\/p>\n<\/td>\n<td style=\"border-top: none; border-left: none; background: #d7e3bc; border-bottom: 1px solid #666666; border-right: 1px solid #666666; padding: 5px;\" valign=\"top\" width=\"375\"><span style=\"font-family: arial, helvetica, sans-serif; font-size: 16px;\">15000mm\/min<\/span><\/td>\n<\/tr>\n<tr>\n<td style=\"border-left: 1px solid #9bbb59; border-image: initial; border-top: none; background: white; border-bottom: 1px solid #666666; border-right: 1px solid #666666; padding: 5px;\" valign=\"top\" width=\"287\">\n<p style=\"line-height: 16px;\"><span style=\"font-family: arial, helvetica, sans-serif; font-size: 16px;\">T\u00eate de machine<\/span><\/p>\n<\/td>\n<td style=\"border-top: none; border-left: none; background: white; border-bottom: 1px solid #666666; border-right: 1px solid #666666; padding: 5px;\" valign=\"top\" width=\"375\">\n<p style=\"line-height: 16px;\"><span style=\"font-family: arial, helvetica, sans-serif; font-size: 16px;\">Broche+couteau oscillant+cam\u00e9ra CCD<\/span><\/p>\n<\/td>\n<\/tr>\n<tr>\n<td style=\"border-left: 1px solid #9bbb59; border-image: initial; border-top: none; background: white; border-bottom: 1px solid #666666; border-right: 1px solid #666666; padding: 5px;\" valign=\"top\" width=\"287\">\n<p style=\"line-height: 16px;\"><span style=\"font-family: arial, helvetica, sans-serif; font-size: 16px;\">Broche<\/span><\/p>\n<\/td>\n<td style=\"border-top: none; border-left: none; background: white; border-bottom: 1px solid #666666; border-right: 1px solid #666666; padding: 5px;\" valign=\"top\" width=\"375\">\n<p style=\"line-height: 16px;\"><span style=\"font-family: arial, helvetica, sans-serif; font-size: 16px;\">Broche refroidie \u00e0 l'eau 3KW<\/span><\/p>\n<\/td>\n<\/tr>\n<tr>\n<td style=\"border-left: 1px solid #9bbb59; border-image: initial; border-top: none; background: #d7e3bc; border-bottom: 1px solid #666666; border-right: 1px solid #666666; padding: 5px;\" valign=\"top\" width=\"287\">\n<p style=\"line-height: 16px;\"><span style=\"color: black; font-family: arial, helvetica, sans-serif; font-size: 16px;\">Vitesse de la broche<\/span><\/p>\n<\/td>\n<td style=\"border-top: none; border-left: none; background: #d7e3bc; border-bottom: 1px solid #666666; border-right: 1px solid #666666; padding: 5px;\" valign=\"top\" width=\"375\">\n<p style=\"line-height: 16px;\"><span style=\"color: black; font-family: arial, helvetica, sans-serif; font-size: 16px;\">0-24000 tr\/min<\/span><\/p>\n<\/td>\n<\/tr>\n<tr>\n<td style=\"border-left: 1px solid #9bbb59; border-image: initial; border-top: none; background: white; border-bottom: 1px solid #666666; border-right: 1px solid #666666; padding: 5px;\" valign=\"top\" width=\"287\">\n<p style=\"line-height: 16px;\"><span style=\"font-family: arial, helvetica, sans-serif; font-size: 16px;\">Moteur d'entra\u00eenement<\/span><\/p>\n<\/td>\n<td style=\"border-top: none; border-left: none; background: white; border-bottom: 1px solid #666666; border-right: 1px solid #666666; padding: 5px;\" valign=\"top\" width=\"375\">\n<p style=\"line-height: 16px;\"><span style=\"font-family: arial, helvetica, sans-serif; font-size: 16px;\">Servo chinois en boucle ferm\u00e9e - servo hybride de la marque LEADSHINE mod\u00e8le 2206<\/span><\/p>\n<\/td>\n<\/tr>\n<tr>\n<td style=\"border-left: 1px solid #9bbb59; border-image: initial; border-top: none; background: #d7e3bc; border-bottom: 1px solid #666666; border-right: 1px solid #666666; padding: 5px;\" valign=\"top\" width=\"287\">\n<p style=\"text-align: left; line-height: 16px;\"><span style=\"color: black; font-family: arial, helvetica, sans-serif; font-size: 16px;\">Rail de guidage<\/span><\/p>\n<\/td>\n<td style=\"border-top: none; border-left: none; background: #d7e3bc; border-bottom: 1px solid #666666; border-right: 1px solid #666666; padding: 5px;\" valign=\"top\" width=\"375\">\n<p style=\"text-align: left; line-height: 16px;\"><span style=\"color: black; font-family: arial, helvetica, sans-serif; font-size: 16px;\">Hiwin 20 square rail<\/span><\/p>\n<\/td>\n<\/tr>\n<tr>\n<td style=\"border-left: 1px solid #9bbb59; border-image: initial; border-top: none; background: white; border-bottom: 1px solid #666666; border-right: 1px solid #666666; padding: 5px;\" valign=\"top\" width=\"287\">\n<p style=\"text-align: left; line-height: 16px;\"><span style=\"color: black; font-family: arial, helvetica, sans-serif; font-size: 16px;\">Tension de fonctionnement<\/span><\/p>\n<\/td>\n<td style=\"border-top: none; border-left: none; background: white; border-bottom: 1px solid #666666; border-right: 1px solid #666666; padding: 5px;\" valign=\"top\" width=\"375\">\n<p style=\"text-align: left; line-height: 16px;\"><span style=\"color: black; font-family: arial, helvetica, sans-serif; font-size: 16px;\">A380V\/50Hz-60HZ triphas\u00e9<\/span><\/p>\n<\/td>\n<\/tr>\n<tr>\n<td style=\"border-left: 1px solid #9bbb59; border-image: initial; border-top: none; background: #d7e3bc; border-bottom: 1px solid #666666; border-right: 1px solid #666666; padding: 5px;\" valign=\"top\" width=\"287\">\n<p style=\"text-align: left; line-height: 16px;\"><span style=\"font-family: arial, helvetica, sans-serif; font-size: 16px;\">Syst\u00e8me de contr\u00f4le<\/span><\/p>\n<\/td>\n<td style=\"border-top: none; border-left: none; background: #d7e3bc; border-bottom: 1px solid #666666; border-right: 1px solid #666666; padding: 5px;\" valign=\"top\" width=\"375\">\n<p style=\"text-align: left; line-height: 16px;\"><span style=\"font-family: arial, helvetica, sans-serif; font-size: 16px;\">Contr\u00f4leur Xingduowei avec cam\u00e9ra CCD<\/span><\/p>\n<\/td>\n<\/tr>\n<tr>\n<td style=\"border-left: 1px solid #9bbb59; border-image: initial; border-top: none; background: white; border-bottom: 1px solid #666666; border-right: 1px solid #666666; padding: 5px;\" valign=\"top\" width=\"287\">\n<p style=\"text-align: left; line-height: 16px;\"><span style=\"color: black; font-family: arial, helvetica, sans-serif; font-size: 16px;\">Armoire de commande<\/span><\/p>\n<\/td>\n<td style=\"border-top: none; border-left: none; background: white; border-bottom: 1px solid #666666; border-right: 1px solid #666666; padding: 5px;\" valign=\"top\" width=\"375\">\n<p style=\"text-align: left; line-height: 16px;\"><span style=\"color: black; font-family: arial, helvetica, sans-serif; font-size: 16px;\">Bo\u00eetier de commande ind\u00e9pendant<\/span><\/p>\n<\/td>\n<\/tr>\n<tr>\n<td style=\"border-left: 1px solid #9bbb59; border-image: initial; border-top: none; background: #d7e3bc; border-bottom: 1px solid #666666; border-right: 1px solid #666666; padding: 5px;\" valign=\"top\" width=\"287\">\n<p style=\"text-align: left; line-height: 16px;\"><span style=\"color: black; font-family: arial, helvetica, sans-serif; font-size: 16px;\">Dispositif auxiliaire<\/span><\/p>\n<\/td>\n<td style=\"border-top: none; border-left: none; background: #d7e3bc; border-bottom: 1px solid #666666; border-right: 1px solid #666666; padding: 5px;\" valign=\"top\" width=\"375\">\n<p style=\"text-align: left; line-height: 16px;\"><span style=\"color: black; font-family: arial, helvetica, sans-serif; font-size: 16px;\">5.5KW Pompe \u00e0 vide 380V, syst\u00e8me de lubrification<\/span><\/p>\n<p style=\"text-align: left; line-height: 16px;\"><span style=\"color: black; font-family: arial, helvetica, sans-serif; font-size: 16px;\">Tapis utilis\u00e9 pour la d\u00e9coupe au couteau oscillant<\/span><\/p>\n<p style=\"text-align: left; line-height: 16px;\"><span style=\"color: black; font-family: arial, helvetica, sans-serif; font-size: 16px;\">D\u00e9poussi\u00e9reur double sacs 3kw<\/span><\/p>\n<p style=\"text-align: left; line-height: 16px;\"><span style=\"color: black; font-family: arial, helvetica, sans-serif; font-size: 16px;\">Pompe \u00e0 eau<\/span><\/p>\n<p style=\"text-align: left; line-height: 16px;\"><span style=\"color: black; font-family: arial, helvetica, sans-serif; font-size: 16px;\">Onduleur Fuling<\/span><\/p>\n<\/td>\n<\/tr>\n<\/tbody>\n<\/table>\n<p style=\"text-align: left; line-height: 36px; background: #F8F9FA;\"><span style=\"font-family: Arial, sans-serif; color: #202124; font-size: 16px;\">Caract\u00e9ristiques de performance :<\/span><\/p>\n<p style=\"text-align: left; line-height: 36px; background: #F8F9FA;\"><span style=\"font-family: Arial, sans-serif; color: #202124; font-size: 16px;\">1. La machine de d\u00e9coupe intelligente de patrouille adopte le mode de contr\u00f4le du contr\u00f4leur de mouvement Xingduowei, qui a non seulement les fonctions de d\u00e9coupe plane traditionnelle, de gaufrage 3D, etc., mais convient \u00e9galement \u00e0 la machine de d\u00e9coupe de patrouille des signes d'identification et du contour de l'image \u00e0 jet d'encre ; elle peut traiter les plaques KT et le PVC. L'acrylique et d'autres plaques de duret\u00e9 moyenne, la d\u00e9coupe par couteau vibrant des plaques KT, pvc, r\u00e9solvent le probl\u00e8me des bavures de d\u00e9coupe de la broche m\u00e9canique.<\/span><\/p>\n<p style=\"text-align: left; line-height: 36px; background: #F8F9FA;\"><span style=\"font-family: Arial, sans-serif; color: #202124; font-size: 16px;\">2. La machine de patrouille lat\u00e9rale intelligente poss\u00e8de une forte capacit\u00e9 anti-interf\u00e9rence, une vitesse de reconnaissance rapide et une grande efficacit\u00e9. Elle convient aux marques, aux images et \u00e0 d'autres occasions qui n\u00e9cessitent une reconnaissance et une d\u00e9coupe intelligentes. La vitesse de reconnaissance et de d\u00e9coupe est rapide, et le fonctionnement est simple et pratique. R\u00e9soudre le probl\u00e8me des d\u00e9chets de produits caus\u00e9 par le positionnement manuel traditionnel, qui prend beaucoup de temps et de travail et qui est d\u00fb \u00e0 la d\u00e9viation du panneau ;<\/span><\/p>\n<p style=\"text-align: left; line-height: 36px; background: #F8F9FA;\"><span style=\"font-family: Arial, sans-serif; color: #202124; font-size: 16px;\">3. Il peut reconna\u00eetre et d\u00e9couper des graphiques de grande surface, et une personne peut s'occuper de plusieurs appareils en m\u00eame temps, ce qui permet d'\u00e9conomiser beaucoup de main-d'\u0153uvre, d'\u00e9lectricit\u00e9 et d'espace, et pr\u00e9sente un excellent rapport co\u00fbt-efficacit\u00e9 ;<\/span><\/p>\n<p style=\"text-align: left; line-height: 36px; background: #F8F9FA;\"><span style=\"font-family: Arial, sans-serif; color: #202124; font-size: 16px;\">4. Reconnaissance automatique des ar\u00eates, pas besoin de sortir la trajectoire de gravure, d\u00e9coupe de gabarit, d\u00e9coupe de puzzle, forte capacit\u00e9 de reconnaissance, vitesse de positionnement rapide et grande pr\u00e9cision de positionnement ;<\/span><\/p>\n<p style=\"text-align: left; line-height: 36px; background: #F8F9FA;\"><span style=\"font-family: Arial, sans-serif; color: #202124; font-size: 16px;\">5. Prise en charge de plusieurs m\u00e9thodes de positionnement, telles que la correspondance des caract\u00e9ristiques, le positionnement en deux points, le positionnement multi-mod\u00e8le et l'extraction des contours ;<\/span><\/p>\n<p style=\"text-align: left; line-height: 36px; background: #F8F9FA;\"><span style=\"font-family: Arial, sans-serif; color: #202124; font-size: 16px;\">6. L'\u00e9dition graphique, la composition, le contr\u00f4le et la sortie sont r\u00e9alis\u00e9s en une seule \u00e9tape ;<\/span><\/p>\n<p style=\"text-align: left; line-height: 36px; background: #F8F9FA;\"><span style=\"font-family: Arial, sans-serif; color: #202124; font-size: 16px;\">7. Prise en charge des formats de donn\u00e9es multi-sources : BMP, AL, PLT, DXF, DST, etc.<\/span><\/p>\n<p>&nbsp;<\/p>","protected":false},"excerpt":{"rendered":"<p>Fonctions multiples de la d\u00e9fonceuse ccd avec couteau oscillant :<\/p>\n<ol class=\"list-paddingleft-2\">\n<li>La cam\u00e9ra ccd permet de num\u00e9riser rapidement des images imprim\u00e9es. La feuille de mat\u00e9riau doit \u00eatre marqu\u00e9e par des points de marquage.<\/li>\n<li>broche utilis\u00e9e pour couper des mat\u00e9riaux \u00e9pais et durs tels que le bois, l'acrylique, les feuilles \u00e9paisses de PVC expans\u00e9, les feuilles de MDF, etc.<\/li>\n<li>Le couteau oscillant peut couper des mat\u00e9riaux fins et souples tels que les autocollants de voiture en vinyle, les panneaux de kt minces et les feuilles de pvc expans\u00e9es, etc.<\/li>\n<\/ol>","protected":false},"featured_media":3690,"template":"","meta":{"_seopress_robots_primary_cat":"","_seopress_titles_title":"","_seopress_titles_desc":"","_seopress_robots_index":"","_uag_custom_page_level_css":"","site-sidebar-layout":"default","site-content-layout":"","ast-site-content-layout":"default","site-content-style":"default","site-sidebar-style":"default","ast-global-header-display":"","ast-banner-title-visibility":"","ast-main-header-display":"","ast-hfb-above-header-display":"","ast-hfb-below-header-display":"","ast-hfb-mobile-header-display":"","site-post-title":"","ast-breadcrumbs-content":"","ast-featured-img":"","footer-sml-layout":"","ast-disable-related-posts":"","theme-transparent-header-meta":"default","adv-header-id-meta":"","stick-header-meta":"default","header-above-stick-meta":"","header-main-stick-meta":"","header-below-stick-meta":"","astra-migrate-meta-layouts":"set","ast-page-background-enabled":"default","ast-page-background-meta":{"desktop":{"background-color":"","background-image":"","background-repeat":"repeat","background-position":"center center","background-size":"auto","background-attachment":"scroll","background-type":"","background-media":"","overlay-type":"","overlay-color":"","overlay-opacity":"","overlay-gradient":""},"tablet":{"background-color":"","background-image":"","background-repeat":"repeat","background-position":"center center","background-size":"auto","background-attachment":"scroll","background-type":"","background-media":"","overlay-type":"","overlay-color":"","overlay-opacity":"","overlay-gradient":""},"mobile":{"background-color":"","background-image":"","background-repeat":"repeat","background-position":"center center","background-size":"auto","background-attachment":"scroll","background-type":"","background-media":"","overlay-type":"","overlay-color":"","overlay-opacity":"","overlay-gradient":""}},"ast-content-background-meta":{"desktop":{"background-color":"var(--ast-global-color-5)","background-image":"","background-repeat":"repeat","background-position":"center center","background-size":"auto","background-attachment":"scroll","background-type":"","background-media":"","overlay-type":"","overlay-color":"","overlay-opacity":"","overlay-gradient":""},"tablet":{"background-color":"var(--ast-global-color-5)","background-image":"","background-repeat":"repeat","background-position":"center center","background-size":"auto","background-attachment":"scroll","background-type":"","background-media":"","overlay-type":"","overlay-color":"","overlay-opacity":"","overlay-gradient":""},"mobile":{"background-color":"var(--ast-global-color-5)","background-image":"","background-repeat":"repeat","background-position":"center center","background-size":"auto","background-attachment":"scroll","background-type":"","background-media":"","overlay-type":"","overlay-color":"","overlay-opacity":"","overlay-gradient":""}}},"product_brand":[],"product_cat":[42],"product_tag":[],"class_list":{"0":"post-3687","1":"product","2":"type-product","3":"status-publish","4":"has-post-thumbnail","6":"product_cat-normal","7":"desktop-align-left","8":"tablet-align-left","9":"mobile-align-left","10":"ast-product-gallery-layout-horizontal-slider","11":"ast-product-gallery-with-no-image","12":"ast-product-tabs-layout-horizontal","14":"first","15":"instock","16":"shipping-taxable","17":"product-type-simple"},"uagb_featured_image_src":{"full":["https:\/\/wisecnclaser.com\/wp-content\/uploads\/2025\/05\/c387fa03be9db1de9a00a7ee3d459962.jpg",800,600,false],"thumbnail":["https:\/\/wisecnclaser.com\/wp-content\/uploads\/2025\/05\/c387fa03be9db1de9a00a7ee3d459962-150x150.jpg",150,150,true],"medium":["https:\/\/wisecnclaser.com\/wp-content\/uploads\/2025\/05\/c387fa03be9db1de9a00a7ee3d459962-300x225.jpg",300,225,true],"medium_large":["https:\/\/wisecnclaser.com\/wp-content\/uploads\/2025\/05\/c387fa03be9db1de9a00a7ee3d459962-768x576.jpg",768,576,true],"large":["https:\/\/wisecnclaser.com\/wp-content\/uploads\/2025\/05\/c387fa03be9db1de9a00a7ee3d459962.jpg",800,600,false],"1536x1536":["https:\/\/wisecnclaser.com\/wp-content\/uploads\/2025\/05\/c387fa03be9db1de9a00a7ee3d459962.jpg",800,600,false],"2048x2048":["https:\/\/wisecnclaser.com\/wp-content\/uploads\/2025\/05\/c387fa03be9db1de9a00a7ee3d459962.jpg",800,600,false],"trp-custom-language-flag":["https:\/\/wisecnclaser.com\/wp-content\/uploads\/2025\/05\/c387fa03be9db1de9a00a7ee3d459962-16x12.jpg",16,12,true],"woocommerce_thumbnail":["https:\/\/wisecnclaser.com\/wp-content\/uploads\/2025\/05\/c387fa03be9db1de9a00a7ee3d459962-300x300.jpg",300,300,true],"woocommerce_single":["https:\/\/wisecnclaser.com\/wp-content\/uploads\/2025\/05\/c387fa03be9db1de9a00a7ee3d459962-600x450.jpg",600,450,true],"woocommerce_gallery_thumbnail":["https:\/\/wisecnclaser.com\/wp-content\/uploads\/2025\/05\/c387fa03be9db1de9a00a7ee3d459962-100x100.jpg",100,100,true]},"uagb_author_info":{"display_name":"jinxing6611@gmail.com","author_link":"https:\/\/wisecnclaser.com\/fr\/author\/"},"uagb_comment_info":0,"uagb_excerpt":"Multi Functions of ccd cnc router with oscillating knife: ccd camera, can scan printed image layout with fast speed. The material sheet should be marked by marking dots spindle used to cut thick and hard material such as wood, acrylic, thick PVC expanded sheet, MDF sheet etc. Oscillating Knife can cut thin and soft material\u2026","_links":{"self":[{"href":"https:\/\/wisecnclaser.com\/fr\/wp-json\/wp\/v2\/product\/3687","targetHints":{"allow":["GET"]}}],"collection":[{"href":"https:\/\/wisecnclaser.com\/fr\/wp-json\/wp\/v2\/product"}],"about":[{"href":"https:\/\/wisecnclaser.com\/fr\/wp-json\/wp\/v2\/types\/product"}],"wp:featuredmedia":[{"embeddable":true,"href":"https:\/\/wisecnclaser.com\/fr\/wp-json\/wp\/v2\/media\/3690"}],"wp:attachment":[{"href":"https:\/\/wisecnclaser.com\/fr\/wp-json\/wp\/v2\/media?parent=3687"}],"wp:term":[{"taxonomy":"product_brand","embeddable":true,"href":"https:\/\/wisecnclaser.com\/fr\/wp-json\/wp\/v2\/product_brand?post=3687"},{"taxonomy":"product_cat","embeddable":true,"href":"https:\/\/wisecnclaser.com\/fr\/wp-json\/wp\/v2\/product_cat?post=3687"},{"taxonomy":"product_tag","embeddable":true,"href":"https:\/\/wisecnclaser.com\/fr\/wp-json\/wp\/v2\/product_tag?post=3687"}],"curies":[{"name":"wp","href":"https:\/\/api.w.org\/{rel}","templated":true}]}}