{"id":3691,"date":"2025-05-23T01:31:12","date_gmt":"2025-05-23T01:31:12","guid":{"rendered":"https:\/\/wisecnclaser.com\/?post_type=product&#038;p=3691"},"modified":"2026-01-26T08:08:23","modified_gmt":"2026-01-26T08:08:23","slug":"ws3300-standard-cnc-beam-saw","status":"publish","type":"product","link":"https:\/\/wisecnclaser.com\/fr\/produit\/ws3300-standard-cnc-beam-saw\/","title":{"rendered":"WS3300 Standard CNC Beam Saw"},"content":{"rendered":"<p><strong>Caract\u00e9ristiques :<\/strong><\/p>\n<p>La scie \u00e9lectronique \u00e0 chargement frontal convient \u00e0 la d\u00e9coupe de pr\u00e9cision de panneaux tels que les panneaux \u00e0 base de bois, les panneaux d'aluminium, le plexiglas, les panneaux de fibre de verre de taille moyenne, le MDF, les panneaux de particules, les panneaux ABS, les panneaux PVC, le bois massif, etc. qui sont largement utilis\u00e9s dans les usines de produits m\u00e9nagers, les usines d'appareils \u00e9lectriques, les usines de v\u00eatements, les usines de jouets, les usines de quincaillerie, etc.<\/p>\n<p>1. Les comptoirs \u00e0 circulation d'air peuvent r\u00e9duire l'intensit\u00e9 du travail des ouvriers et \u00e9viter les rayures sur le panneau inf\u00e9rieur.<\/p>\n<p>2. Le syst\u00e8me de transmission \u00e0 pignon et cr\u00e9maill\u00e8re de haute qualit\u00e9 assure un traitement rapide et des mouvements fluides. 3. Le moteur de la scie principale est entra\u00een\u00e9 par une courroie \u00e0 nervures multiples pour assurer la pr\u00e9cision et la stabilit\u00e9 du sciage. 4. La course de sciage peut \u00eatre r\u00e9gl\u00e9e automatiquement en fonction des diff\u00e9rentes longueurs de sciage afin de r\u00e9duire le temps de d\u00e9placement et d'am\u00e9liorer l'efficacit\u00e9 du travail.<\/p>\n<p>5. La lame de scie est facile \u00e0 installer et \u00e0 d\u00e9sinstaller.<\/p>\n<p>6. La scie principale et la scie \u00e0 fente sont lev\u00e9es et abaiss\u00e9es ind\u00e9pendamment l'une de l'autre, \u00e0 l'aide de guides lin\u00e9aires. Le syst\u00e8me garantit la pr\u00e9cision du traitement et la solidit\u00e9 de la structure, et permet d'obtenir une qualit\u00e9 de coupe \u00e9lev\u00e9e.<\/p>\n<p>&nbsp;<\/p>\n<p><strong>Param\u00e8tres techniques :<\/strong><\/p>\n<table border=\"1\">\n<tbody>\n<tr class=\"firstRow\">\n<td colspan=\"2\" width=\"662\"><strong>Description et sp\u00e9cifications :<\/strong><\/td>\n<\/tr>\n<tr>\n<td valign=\"top\" width=\"331\">Longueur de coupe maximale<\/td>\n<td valign=\"top\" width=\"331\">3300mm<\/td>\n<\/tr>\n<tr>\n<td valign=\"top\" width=\"331\">Largeur de coupe maximale<\/td>\n<td valign=\"top\" width=\"331\">3300mm<\/td>\n<\/tr>\n<tr>\n<td valign=\"top\" width=\"331\">Hauteur de coupe maximale<\/td>\n<td valign=\"top\" width=\"331\">120 mm<\/td>\n<\/tr>\n<tr>\n<td valign=\"top\" width=\"331\">Hauteur maximale de la scie<\/td>\n<td valign=\"top\" width=\"331\">125 mm<\/td>\n<\/tr>\n<tr>\n<td valign=\"top\" width=\"331\">Taille minimale de d\u00e9coupe des panneaux<\/td>\n<td valign=\"top\" width=\"331\">50*50mm<\/td>\n<\/tr>\n<tr>\n<td valign=\"top\" width=\"331\">Puissance du moteur de la scie principale<\/td>\n<td valign=\"top\" width=\"331\">15kw<\/td>\n<\/tr>\n<tr>\n<td valign=\"top\" width=\"331\">Diam\u00e8tre de la scie principale<\/td>\n<td valign=\"top\" width=\"331\">450mm<\/td>\n<\/tr>\n<tr>\n<td valign=\"top\" width=\"331\">Diam\u00e8tre de l'arbre de sciage<\/td>\n<td valign=\"top\" width=\"331\">75 mm<\/td>\n<\/tr>\n<tr>\n<td valign=\"top\" width=\"331\">Vitesse de rotation de la broche<\/td>\n<td valign=\"top\" width=\"331\">4000 tr\/min<\/td>\n<\/tr>\n<tr>\n<td valign=\"top\" width=\"331\">Puissance du moteur de la petite scie<\/td>\n<td valign=\"top\" width=\"331\">2,2 kW<\/td>\n<\/tr>\n<tr>\n<td valign=\"top\" width=\"331\">Diam\u00e8tre de la petite scie<\/td>\n<td valign=\"top\" width=\"331\">200mm<\/td>\n<\/tr>\n<tr>\n<td valign=\"top\" width=\"331\">Diam\u00e8tre de l'arbre de scie mineur<\/td>\n<td valign=\"top\" width=\"331\">50 mm<\/td>\n<\/tr>\n<tr>\n<td valign=\"top\" width=\"331\">Vitesse de rotation de l'arbre de la scie mineure<\/td>\n<td valign=\"top\" width=\"331\">6000 tr\/min<\/td>\n<\/tr>\n<tr>\n<td valign=\"top\" width=\"331\">Mat\u00e9riau Moteur d'entra\u00eenement du syst\u00e8me de pouss\u00e9e<\/td>\n<td valign=\"top\" width=\"331\">1,8 kW<\/td>\n<\/tr>\n<tr>\n<td valign=\"top\" width=\"331\">Mat\u00e9riau Syst\u00e8me de pouss\u00e9e Vitesse de pouss\u00e9e<\/td>\n<td valign=\"top\" width=\"331\">5-100m\/min<\/td>\n<\/tr>\n<tr>\n<td valign=\"top\" width=\"331\">Vitesse de traction du syst\u00e8me de pouss\u00e9e des mat\u00e9riaux<\/td>\n<td valign=\"top\" width=\"331\">5-100m\/min<\/td>\n<\/tr>\n<tr>\n<td valign=\"top\" width=\"331\">Moteur de la soufflerie \u00e0 haute pression<\/td>\n<td valign=\"top\" width=\"331\">5HP\/3KW<\/td>\n<\/tr>\n<tr>\n<td valign=\"top\" width=\"331\">Moteur de d\u00e9placement lat\u00e9ral<\/td>\n<td valign=\"top\" width=\"331\">90w<\/td>\n<\/tr>\n<tr>\n<td valign=\"top\" width=\"331\">Moteur d'entra\u00eenement de la base de la scie<\/td>\n<td valign=\"top\" width=\"331\">3,4 kW<\/td>\n<\/tr>\n<tr>\n<td valign=\"top\" width=\"331\">Vitesse d'avancement<\/td>\n<td valign=\"top\" width=\"331\">0-120m\/min<\/td>\n<\/tr>\n<tr>\n<td valign=\"top\" width=\"331\">Vitesse de retour<\/td>\n<td valign=\"top\" width=\"331\">120m\/min<\/td>\n<\/tr>\n<tr>\n<td valign=\"top\" width=\"331\">Hauteur de la table de la machine au-dessus du sol<\/td>\n<td valign=\"top\" width=\"331\">970mm<\/td>\n<\/tr>\n<tr>\n<td valign=\"top\" width=\"331\">Pince<\/td>\n<td valign=\"top\" width=\"331\">8 groupes<\/td>\n<\/tr>\n<tr>\n<td valign=\"top\" width=\"331\">Dimensions de la machine<\/td>\n<td valign=\"top\" width=\"331\">6950*7400*2000mm<\/td>\n<\/tr>\n<tr>\n<td valign=\"top\" width=\"331\">Poids de la machine<\/td>\n<td valign=\"top\" width=\"331\">5800 kg<\/td>\n<\/tr>\n<tr>\n<td valign=\"top\" width=\"331\">Logiciel<\/td>\n<td valign=\"top\" width=\"331\">Scie automatique<\/td>\n<\/tr>\n<\/tbody>\n<\/table>\n<div style=\"width: 654px;\" class=\"wp-video\"><video class=\"wp-video-shortcode\" id=\"video-3691-1\" width=\"654\" height=\"368\" preload=\"metadata\" controls=\"controls\"><source type=\"video\/mp4\" src=\"https:\/\/wisecnclaser.com\/wp-content\/uploads\/2025\/05\/1643180959780656.mp4?_=1\" \/><a href=\"https:\/\/wisecnclaser.com\/wp-content\/uploads\/2025\/05\/1643180959780656.mp4\">https:\/\/wisecnclaser.com\/wp-content\/uploads\/2025\/05\/1643180959780656.mp4<\/a><\/video><\/div>","protected":false},"excerpt":{"rendered":"<p>Electronic sizing saw (CNC Beam Saw), also known as computer panel saw, is an upgraded product of hand-push sliding table panel saw and reciprocating saw. It only needs 1-2 operators. The electronic cutting saw has high cutting accuracy, efficient panel cutting, novice operation, labor-saving, fool-type cutting, man-machine integrated operation, input the data to be cut on the touch screen or PC, and start the board by itself. Precision machining.<\/p>","protected":false},"featured_media":4377,"template":"","meta":{"_seopress_robots_primary_cat":"none","_seopress_titles_title":"","_seopress_titles_desc":"","_seopress_robots_index":"","_uag_custom_page_level_css":"","site-sidebar-layout":"default","site-content-layout":"","ast-site-content-layout":"default","site-content-style":"default","site-sidebar-style":"default","ast-global-header-display":"","ast-banner-title-visibility":"","ast-main-header-display":"","ast-hfb-above-header-display":"","ast-hfb-below-header-display":"","ast-hfb-mobile-header-display":"","site-post-title":"","ast-breadcrumbs-content":"","ast-featured-img":"","footer-sml-layout":"","ast-disable-related-posts":"","theme-transparent-header-meta":"default","adv-header-id-meta":"","stick-header-meta":"default","header-above-stick-meta":"","header-main-stick-meta":"","header-below-stick-meta":"","astra-migrate-meta-layouts":"set","ast-page-background-enabled":"default","ast-page-background-meta":{"desktop":{"background-color":"","background-image":"","background-repeat":"repeat","background-position":"center center","background-size":"auto","background-attachment":"scroll","background-type":"","background-media":"","overlay-type":"","overlay-color":"","overlay-opacity":"","overlay-gradient":""},"tablet":{"background-color":"","background-image":"","background-repeat":"repeat","background-position":"center center","background-size":"auto","background-attachment":"scroll","background-type":"","background-media":"","overlay-type":"","overlay-color":"","overlay-opacity":"","overlay-gradient":""},"mobile":{"background-color":"","background-image":"","background-repeat":"repeat","background-position":"center center","background-size":"auto","background-attachment":"scroll","background-type":"","background-media":"","overlay-type":"","overlay-color":"","overlay-opacity":"","overlay-gradient":""}},"ast-content-background-meta":{"desktop":{"background-color":"var(--ast-global-color-5)","background-image":"","background-repeat":"repeat","background-position":"center center","background-size":"auto","background-attachment":"scroll","background-type":"","background-media":"","overlay-type":"","overlay-color":"","overlay-opacity":"","overlay-gradient":""},"tablet":{"background-color":"var(--ast-global-color-5)","background-image":"","background-repeat":"repeat","background-position":"center center","background-size":"auto","background-attachment":"scroll","background-type":"","background-media":"","overlay-type":"","overlay-color":"","overlay-opacity":"","overlay-gradient":""},"mobile":{"background-color":"var(--ast-global-color-5)","background-image":"","background-repeat":"repeat","background-position":"center center","background-size":"auto","background-attachment":"scroll","background-type":"","background-media":"","overlay-type":"","overlay-color":"","overlay-opacity":"","overlay-gradient":""}}},"product_brand":[],"product_cat":[39],"product_tag":[95,93,178],"class_list":{"0":"post-3691","1":"product","2":"type-product","3":"status-publish","4":"has-post-thumbnail","6":"product_cat-cuttingsaw","7":"product_tag-beam-saw-machine","8":"product_tag-cnc-beam-saw","9":"product_tag-computer-panel-saw","10":"desktop-align-left","11":"tablet-align-left","12":"mobile-align-left","13":"ast-product-gallery-layout-horizontal-slider","14":"ast-product-gallery-with-no-image","15":"ast-product-tabs-layout-horizontal","17":"first","18":"instock","19":"featured","20":"shipping-taxable","21":"product-type-simple"},"uagb_featured_image_src":{"full":["https:\/\/wisecnclaser.com\/wp-content\/uploads\/2025\/05\/3300\u6807\u914d-\u524d\u4e0a\u6599-\u4e0d\u542b\u4fa7\u9760.png",800,800,false],"thumbnail":["https:\/\/wisecnclaser.com\/wp-content\/uploads\/2025\/05\/3300\u6807\u914d-\u524d\u4e0a\u6599-\u4e0d\u542b\u4fa7\u9760-150x150.png",150,150,true],"medium":["https:\/\/wisecnclaser.com\/wp-content\/uploads\/2025\/05\/3300\u6807\u914d-\u524d\u4e0a\u6599-\u4e0d\u542b\u4fa7\u9760-300x300.png",300,300,true],"medium_large":["https:\/\/wisecnclaser.com\/wp-content\/uploads\/2025\/05\/3300\u6807\u914d-\u524d\u4e0a\u6599-\u4e0d\u542b\u4fa7\u9760-768x768.png",768,768,true],"large":["https:\/\/wisecnclaser.com\/wp-content\/uploads\/2025\/05\/3300\u6807\u914d-\u524d\u4e0a\u6599-\u4e0d\u542b\u4fa7\u9760.png",800,800,false],"1536x1536":["https:\/\/wisecnclaser.com\/wp-content\/uploads\/2025\/05\/3300\u6807\u914d-\u524d\u4e0a\u6599-\u4e0d\u542b\u4fa7\u9760.png",800,800,false],"2048x2048":["https:\/\/wisecnclaser.com\/wp-content\/uploads\/2025\/05\/3300\u6807\u914d-\u524d\u4e0a\u6599-\u4e0d\u542b\u4fa7\u9760.png",800,800,false],"trp-custom-language-flag":["https:\/\/wisecnclaser.com\/wp-content\/uploads\/2025\/05\/3300\u6807\u914d-\u524d\u4e0a\u6599-\u4e0d\u542b\u4fa7\u9760-12x12.png",12,12,true],"woocommerce_thumbnail":["https:\/\/wisecnclaser.com\/wp-content\/uploads\/2025\/05\/3300\u6807\u914d-\u524d\u4e0a\u6599-\u4e0d\u542b\u4fa7\u9760-300x300.png",300,300,true],"woocommerce_single":["https:\/\/wisecnclaser.com\/wp-content\/uploads\/2025\/05\/3300\u6807\u914d-\u524d\u4e0a\u6599-\u4e0d\u542b\u4fa7\u9760-600x600.png",600,600,true],"woocommerce_gallery_thumbnail":["https:\/\/wisecnclaser.com\/wp-content\/uploads\/2025\/05\/3300\u6807\u914d-\u524d\u4e0a\u6599-\u4e0d\u542b\u4fa7\u9760-100x100.png",100,100,true]},"uagb_author_info":{"display_name":"jinxing6611@gmail.com","author_link":"https:\/\/wisecnclaser.com\/fr\/author\/"},"uagb_comment_info":0,"uagb_excerpt":"Electronic sizing saw (CNC Beam Saw), also known as computer panel saw, is an upgraded product of hand-push sliding table panel saw and reciprocating saw. It only needs 1-2 operators. The electronic cutting saw has high cutting accuracy, efficient panel cutting, novice operation, labor-saving, fool-type cutting, man-machine integrated operation, input the data to be cut\u2026","_links":{"self":[{"href":"https:\/\/wisecnclaser.com\/fr\/wp-json\/wp\/v2\/product\/3691","targetHints":{"allow":["GET"]}}],"collection":[{"href":"https:\/\/wisecnclaser.com\/fr\/wp-json\/wp\/v2\/product"}],"about":[{"href":"https:\/\/wisecnclaser.com\/fr\/wp-json\/wp\/v2\/types\/product"}],"wp:featuredmedia":[{"embeddable":true,"href":"https:\/\/wisecnclaser.com\/fr\/wp-json\/wp\/v2\/media\/4377"}],"wp:attachment":[{"href":"https:\/\/wisecnclaser.com\/fr\/wp-json\/wp\/v2\/media?parent=3691"}],"wp:term":[{"taxonomy":"product_brand","embeddable":true,"href":"https:\/\/wisecnclaser.com\/fr\/wp-json\/wp\/v2\/product_brand?post=3691"},{"taxonomy":"product_cat","embeddable":true,"href":"https:\/\/wisecnclaser.com\/fr\/wp-json\/wp\/v2\/product_cat?post=3691"},{"taxonomy":"product_tag","embeddable":true,"href":"https:\/\/wisecnclaser.com\/fr\/wp-json\/wp\/v2\/product_tag?post=3691"}],"curies":[{"name":"wp","href":"https:\/\/api.w.org\/{rel}","templated":true}]}}