{"id":3696,"date":"2025-05-23T01:33:40","date_gmt":"2025-05-23T01:33:40","guid":{"rendered":"https:\/\/wisecnclaser.com\/?post_type=product&#038;p=3696"},"modified":"2026-03-11T03:42:51","modified_gmt":"2026-03-11T03:42:51","slug":"5-axis-cnc-foam-carving-machine","status":"publish","type":"product","link":"https:\/\/wisecnclaser.com\/fr\/produit\/5-axis-cnc-foam-carving-machine\/","title":{"rendered":"Machine de d\u00e9coupe de mousse 3D \u00e0 commande num\u00e9rique \u00e0 5 axes"},"content":{"rendered":"<p><strong>PRINCIPALES PI\u00c8CES DE LA MACHINE \u00c0 SCULPTER LA MOUSSE 3D \u00c0 COMMANDE NUM\u00c9RIQUE \u00c0 5 AXES<\/strong><\/p>\n<p>1. Syst\u00e8me de contr\u00f4le : Syst\u00e8me de contr\u00f4le \u00e0 cinq axes de Taiyuan<\/p>\n<p>2. Syst\u00e8me d'entra\u00eenement : servomoteur chinois et entra\u00eenement auxiliaire<\/p>\n<p>3. R\u00e9ducteur d'entra\u00eenement : r\u00e9ducteur plan\u00e9taire de pr\u00e9cision<\/p>\n<p>4. Rail de support : Rail carr\u00e9 30# de haute pr\u00e9cision de Ta\u00efwan<\/p>\n<p>5. Vis de l'axe Z : Structure \u00e0 billes TBI de Ta\u00efwan<\/p>\n<p>6. Cr\u00e9maill\u00e8re de transmission : cr\u00e9maill\u00e8re h\u00e9lico\u00efdale de haute pr\u00e9cision de 1,5 m<\/p>\n<p>7. Convertisseur de fr\u00e9quence : Convertisseur de fr\u00e9quence Fuling 7,5KW<\/p>\n<p>8. Moteur de broche : Broche CHINA 6KW refroidie par air<\/p>\n<p>9. Armoire \u00e9lectrique : armoire ind\u00e9pendante classique verticale<\/p>\n<p>10. Ligne de moteur : ligne de codage du moteur servo original<\/p>\n<p>11. C\u00e2ble de transmission : C\u00e2ble blind\u00e9 CNC sp\u00e9cial \u00e0 haute flexibilit\u00e9<\/p>\n<p>12. Protection : Axe XYZ \u00e9tanche \u00e0 la poussi\u00e8re<\/p>\n<p>13. Syst\u00e8me d'injection d'huile : injection d'huile de type distribution quantitative \u00e9lectrique<\/p>\n<p>14. Principaux appareils \u00e9lectriques : marques domestiques bien connues<\/p>\n<p>15. Accessoires : outils sp\u00e9ciaux pour la sculpture sur mousse<\/p>\n<p>&nbsp;<\/p>\n<p><strong>APPLICATION de la machine \u00e0 sculpter la mousse \u00e0 commande num\u00e9rique \u00e0 5 axes<\/strong><\/p>\n<p>Statue en mousse 3d ou sculpture en mousse<\/p>\n<table border=\"1\">\n<tbody>\n<tr class=\"firstRow\">\n<td width=\"195\">Nom<\/td>\n<td width=\"435\">Machine \u00e0 sculpter la mousse \u00e0 5 axes<\/td>\n<\/tr>\n<tr>\n<td width=\"195\">Hauteur de travail (axe x)<\/td>\n<td width=\"435\">2500mm<\/td>\n<\/tr>\n<tr>\n<td width=\"195\">Diam\u00e8tre de travail (axe y)<\/td>\n<td width=\"435\">1500mm<\/td>\n<\/tr>\n<tr>\n<td width=\"195\">Tableau en mouvement<\/td>\n<td width=\"435\">1500mm<\/td>\n<\/tr>\n<tr>\n<td width=\"195\">Diam\u00e8tre de rotation<\/td>\n<td width=\"435\">1500mm<\/td>\n<\/tr>\n<tr>\n<td width=\"195\">Vitesse de rotation<\/td>\n<td width=\"435\">3000-18000 tr\/min<\/td>\n<\/tr>\n<tr>\n<td width=\"195\">Vitesse d'alimentation<\/td>\n<td width=\"435\">1-6000mm\/min<\/td>\n<\/tr>\n<tr>\n<td width=\"195\">Vitesse d'avance rapide \uff08XYZ\uff09<\/td>\n<td width=\"435\">6000mm\/min<\/td>\n<\/tr>\n<tr>\n<td width=\"195\">Syst\u00e8me dpi<\/td>\n<td width=\"435\">\u00b10.001<\/td>\n<\/tr>\n<tr>\n<td width=\"195\">Commande prise en charge<\/td>\n<td width=\"435\">Code G<\/td>\n<\/tr>\n<tr>\n<td width=\"195\">Syst\u00e8me de conduite<\/td>\n<td width=\"435\">Servo driver et moteur<\/td>\n<\/tr>\n<tr>\n<td width=\"195\">Cadre de la machine<\/td>\n<td width=\"435\">Cadre en acier soud\u00e9 tr\u00e8s r\u00e9sistant<\/td>\n<\/tr>\n<tr>\n<td width=\"195\">Puissance de travail<\/td>\n<td width=\"435\">AC380V 3 phases 50HZ<\/td>\n<\/tr>\n<\/tbody>\n<\/table>\n<p>Vid\u00e9os de fonctionnement de la machine de sculpture en mousse 3d \u00e0 5 axes :<\/p>\n<div class=\"ast-oembed-container\" style=\"height: 100%;\"><iframe title=\"Machine \u00e0 sculpter la mousse 3d \u00e0 5 axes, machine \u00e0 fraiser les statues en mousse \u00e0 5 axes, machine \u00e0 fraiser la mousse 3d \u00e0 commande num\u00e9rique\" width=\"500\" height=\"281\" src=\"https:\/\/www.youtube.com\/embed\/Uj26JZEQQCY?feature=oembed\" frameborder=\"0\" allow=\"accelerometer; autoplay; clipboard-write; encrypted-media; gyroscope; picture-in-picture; web-share\" referrerpolicy=\"strict-origin-when-cross-origin\" allowfullscreen><\/iframe><\/div>","protected":false},"excerpt":{"rendered":"<p>MAIN PARTS OF 5 AXIS CNC 3D FOAM CARVING MACHINE 1. Control system: Taiyuan five-axis control system 2. Drive system: china servo motor and supporting drive 3. Drive reducer: precision planetary reducer 4. Support rail: Taiwan high precision 30# square rail 5. Z-axis screw: Taiwan TBI ball structure 6. Transmission rack: high precision 1.5m helical [&hellip;]<\/p>\n","protected":false},"featured_media":3699,"template":"","meta":{"_seopress_robots_primary_cat":"none","_seopress_titles_title":"","_seopress_titles_desc":"","_seopress_robots_index":"","_uag_custom_page_level_css":"","site-sidebar-layout":"default","site-content-layout":"","ast-site-content-layout":"default","site-content-style":"default","site-sidebar-style":"default","ast-global-header-display":"","ast-banner-title-visibility":"","ast-main-header-display":"","ast-hfb-above-header-display":"","ast-hfb-below-header-display":"","ast-hfb-mobile-header-display":"","site-post-title":"","ast-breadcrumbs-content":"","ast-featured-img":"","footer-sml-layout":"","ast-disable-related-posts":"","theme-transparent-header-meta":"default","adv-header-id-meta":"","stick-header-meta":"default","header-above-stick-meta":"","header-main-stick-meta":"","header-below-stick-meta":"","astra-migrate-meta-layouts":"set","ast-page-background-enabled":"default","ast-page-background-meta":{"desktop":{"background-color":"","background-image":"","background-repeat":"repeat","background-position":"center center","background-size":"auto","background-attachment":"scroll","background-type":"","background-media":"","overlay-type":"","overlay-color":"","overlay-opacity":"","overlay-gradient":""},"tablet":{"background-color":"","background-image":"","background-repeat":"repeat","background-position":"center center","background-size":"auto","background-attachment":"scroll","background-type":"","background-media":"","overlay-type":"","overlay-color":"","overlay-opacity":"","overlay-gradient":""},"mobile":{"background-color":"","background-image":"","background-repeat":"repeat","background-position":"center center","background-size":"auto","background-attachment":"scroll","background-type":"","background-media":"","overlay-type":"","overlay-color":"","overlay-opacity":"","overlay-gradient":""}},"ast-content-background-meta":{"desktop":{"background-color":"var(--ast-global-color-5)","background-image":"","background-repeat":"repeat","background-position":"center center","background-size":"auto","background-attachment":"scroll","background-type":"","background-media":"","overlay-type":"","overlay-color":"","overlay-opacity":"","overlay-gradient":""},"tablet":{"background-color":"var(--ast-global-color-5)","background-image":"","background-repeat":"repeat","background-position":"center center","background-size":"auto","background-attachment":"scroll","background-type":"","background-media":"","overlay-type":"","overlay-color":"","overlay-opacity":"","overlay-gradient":""},"mobile":{"background-color":"var(--ast-global-color-5)","background-image":"","background-repeat":"repeat","background-position":"center center","background-size":"auto","background-attachment":"scroll","background-type":"","background-media":"","overlay-type":"","overlay-color":"","overlay-opacity":"","overlay-gradient":""}}},"product_brand":[],"product_cat":[43],"product_tag":[],"class_list":{"0":"post-3696","1":"product","2":"type-product","3":"status-publish","4":"has-post-thumbnail","6":"product_cat-foam","7":"desktop-align-left","8":"tablet-align-left","9":"mobile-align-left","10":"ast-product-gallery-layout-horizontal-slider","11":"ast-product-gallery-with-no-image","12":"ast-product-tabs-layout-horizontal","14":"first","15":"instock","16":"featured","17":"shipping-taxable","18":"product-type-simple"},"uagb_featured_image_src":{"full":["https:\/\/wisecnclaser.com\/wp-content\/uploads\/2025\/05\/3f43e563345327845a650b685be9bca0.png",571,800,false],"thumbnail":["https:\/\/wisecnclaser.com\/wp-content\/uploads\/2025\/05\/3f43e563345327845a650b685be9bca0-150x150.png",150,150,true],"medium":["https:\/\/wisecnclaser.com\/wp-content\/uploads\/2025\/05\/3f43e563345327845a650b685be9bca0-214x300.png",214,300,true],"medium_large":["https:\/\/wisecnclaser.com\/wp-content\/uploads\/2025\/05\/3f43e563345327845a650b685be9bca0.png",571,800,false],"large":["https:\/\/wisecnclaser.com\/wp-content\/uploads\/2025\/05\/3f43e563345327845a650b685be9bca0.png",571,800,false],"1536x1536":["https:\/\/wisecnclaser.com\/wp-content\/uploads\/2025\/05\/3f43e563345327845a650b685be9bca0.png",571,800,false],"2048x2048":["https:\/\/wisecnclaser.com\/wp-content\/uploads\/2025\/05\/3f43e563345327845a650b685be9bca0.png",571,800,false],"trp-custom-language-flag":["https:\/\/wisecnclaser.com\/wp-content\/uploads\/2025\/05\/3f43e563345327845a650b685be9bca0-9x12.png",9,12,true],"woocommerce_thumbnail":["https:\/\/wisecnclaser.com\/wp-content\/uploads\/2025\/05\/3f43e563345327845a650b685be9bca0-300x300.png",300,300,true],"woocommerce_single":["https:\/\/wisecnclaser.com\/wp-content\/uploads\/2025\/05\/3f43e563345327845a650b685be9bca0.png",571,800,false],"woocommerce_gallery_thumbnail":["https:\/\/wisecnclaser.com\/wp-content\/uploads\/2025\/05\/3f43e563345327845a650b685be9bca0-100x100.png",100,100,true]},"uagb_author_info":{"display_name":"jinxing6611@gmail.com","author_link":"https:\/\/wisecnclaser.com\/fr\/author\/"},"uagb_comment_info":0,"uagb_excerpt":"MAIN PARTS OF 5 AXIS CNC 3D FOAM CARVING MACHINE 1. Control system: Taiyuan five-axis control system 2. Drive system: china servo motor and supporting drive 3. Drive reducer: precision planetary reducer 4. Support rail: Taiwan high precision 30# square rail 5. Z-axis screw: Taiwan TBI ball structure 6. Transmission rack: high precision 1.5m helical\u2026","_links":{"self":[{"href":"https:\/\/wisecnclaser.com\/fr\/wp-json\/wp\/v2\/product\/3696","targetHints":{"allow":["GET"]}}],"collection":[{"href":"https:\/\/wisecnclaser.com\/fr\/wp-json\/wp\/v2\/product"}],"about":[{"href":"https:\/\/wisecnclaser.com\/fr\/wp-json\/wp\/v2\/types\/product"}],"wp:featuredmedia":[{"embeddable":true,"href":"https:\/\/wisecnclaser.com\/fr\/wp-json\/wp\/v2\/media\/3699"}],"wp:attachment":[{"href":"https:\/\/wisecnclaser.com\/fr\/wp-json\/wp\/v2\/media?parent=3696"}],"wp:term":[{"taxonomy":"product_brand","embeddable":true,"href":"https:\/\/wisecnclaser.com\/fr\/wp-json\/wp\/v2\/product_brand?post=3696"},{"taxonomy":"product_cat","embeddable":true,"href":"https:\/\/wisecnclaser.com\/fr\/wp-json\/wp\/v2\/product_cat?post=3696"},{"taxonomy":"product_tag","embeddable":true,"href":"https:\/\/wisecnclaser.com\/fr\/wp-json\/wp\/v2\/product_tag?post=3696"}],"curies":[{"name":"wp","href":"https:\/\/api.w.org\/{rel}","templated":true}]}}