{"id":3704,"date":"2025-05-23T01:36:43","date_gmt":"2025-05-23T01:36:43","guid":{"rendered":"https:\/\/wisecnclaser.com\/?post_type=product&#038;p=3704"},"modified":"2025-05-23T01:36:43","modified_gmt":"2025-05-23T01:36:43","slug":"ws1390b-mixed-co2-laser-metal-nonmetal-cutting-machine","status":"publish","type":"product","link":"https:\/\/wisecnclaser.com\/fr\/produit\/ws1390b-mixed-co2-laser-metal-nonmetal-cutting-machine\/","title":{"rendered":"WS1390B Machine de d\u00e9coupe laser Co2 mixte pour m\u00e9taux et non-m\u00e9taux"},"content":{"rendered":"<table border=\"1\">\n<tbody>\n<tr class=\"firstRow\">\n<td colspan=\"8\" width=\"663\"><strong>Mat\u00e9riau applicable<\/strong><\/td>\n<\/tr>\n<tr>\n<td colspan=\"4\" width=\"346\"><strong>Puissance du laser<\/strong><\/td>\n<td colspan=\"4\" width=\"317\"><strong>150W<\/strong><\/td>\n<\/tr>\n<tr>\n<td width=\"138\">Mat\u00e9riau<\/td>\n<td colspan=\"2\" width=\"138\">Acrylique<\/td>\n<td colspan=\"2\" width=\"138\">MDF<\/td>\n<td colspan=\"2\" width=\"138\">Acier inoxydable<\/td>\n<td width=\"109\">Acier au carbone<\/td>\n<\/tr>\n<tr>\n<td width=\"138\">\u00c9paisseur de coupe<\/td>\n<td colspan=\"2\" width=\"138\">30 mm<\/td>\n<td colspan=\"2\" width=\"138\">10 mm<\/td>\n<td colspan=\"2\" width=\"138\">1,5 mm<\/td>\n<td width=\"109\">1,5 mm<\/td>\n<\/tr>\n<tr>\n<td colspan=\"8\" width=\"663\"><strong>150W Vitesse de coupe :<\/strong><\/td>\n<\/tr>\n<tr>\n<td colspan=\"2\" width=\"231\">Mat\u00e9riau<\/td>\n<td colspan=\"4\" width=\"231\">\u00c9paisseur de coupe<\/td>\n<td colspan=\"2\" width=\"202\">Vitesse de coupe (mm\/min)<\/td>\n<\/tr>\n<tr>\n<td colspan=\"2\" width=\"231\">Acier inoxydable<\/td>\n<td colspan=\"4\" width=\"231\">0,5 mm<\/td>\n<td colspan=\"2\" width=\"202\">2700<\/td>\n<\/tr>\n<tr>\n<td colspan=\"2\" width=\"231\"><\/td>\n<td colspan=\"4\" width=\"231\">1mm<\/td>\n<td colspan=\"2\" width=\"202\">1800<\/td>\n<\/tr>\n<tr>\n<td colspan=\"2\" width=\"231\"><\/td>\n<td colspan=\"4\" width=\"231\">1,5 mm<\/td>\n<td colspan=\"2\" width=\"202\">1000-1200<\/td>\n<\/tr>\n<tr>\n<td colspan=\"2\" width=\"231\">Acier au carbone<\/td>\n<td colspan=\"4\" width=\"231\">0,5 mm<\/td>\n<td colspan=\"2\" width=\"202\">3000<\/td>\n<\/tr>\n<tr>\n<td colspan=\"2\" width=\"231\"><\/td>\n<td colspan=\"4\" width=\"231\">1mm<\/td>\n<td colspan=\"2\" width=\"202\">1800<\/td>\n<\/tr>\n<tr>\n<td colspan=\"2\" width=\"231\"><\/td>\n<td colspan=\"4\" width=\"231\">1,5 mm<\/td>\n<td colspan=\"2\" width=\"202\">1000-1200<\/td>\n<\/tr>\n<tr>\n<td colspan=\"2\" width=\"231\">Acrylique<\/td>\n<td colspan=\"4\" width=\"231\">10 mm<\/td>\n<td colspan=\"2\" width=\"202\">300<\/td>\n<\/tr>\n<tr>\n<td colspan=\"2\" width=\"231\"><\/td>\n<td colspan=\"4\" width=\"231\">20 mm<\/td>\n<td colspan=\"2\" width=\"202\">90-120<\/td>\n<\/tr>\n<tr>\n<td colspan=\"2\" valign=\"top\" width=\"231\">MDF<\/td>\n<td colspan=\"4\" valign=\"top\" width=\"231\">10 mm<\/td>\n<td colspan=\"2\" valign=\"top\" width=\"202\">300-400<\/td>\n<\/tr>\n<\/tbody>\n<\/table>\n<table border=\"1\">\n<tbody>\n<tr class=\"firstRow\">\n<td colspan=\"2\" width=\"662\">Description et sp\u00e9cifications de la machine de d\u00e9coupe laser co2 pour m\u00e9taux et non-m\u00e9taux :<\/td>\n<\/tr>\n<tr>\n<td valign=\"top\" width=\"331\">Type de laser<\/td>\n<td valign=\"top\" width=\"331\">Tube laser CO2 scell\u00e9 - marque Reci<\/td>\n<\/tr>\n<tr>\n<td valign=\"top\" width=\"331\">Puissance du laser<\/td>\n<td valign=\"top\" width=\"331\">150W reci laser tube W6<\/td>\n<\/tr>\n<tr>\n<td valign=\"top\" width=\"331\">Zone de coupe<\/td>\n<td valign=\"top\" width=\"331\">1300*900mm<\/td>\n<\/tr>\n<tr>\n<td valign=\"top\" width=\"331\">R\u00e9initialisation de la pr\u00e9cision de la position<\/td>\n<td valign=\"top\" width=\"331\">+\/-0,05 mm<\/td>\n<\/tr>\n<tr>\n<td valign=\"top\" width=\"331\">Tension de fonctionnement<\/td>\n<td valign=\"top\" width=\"331\">AC110-220V +\/-10%.50-60HZ, 40A<\/td>\n<\/tr>\n<tr>\n<td valign=\"top\" width=\"331\">Puissance<\/td>\n<td valign=\"top\" width=\"331\">2 000 W max<\/td>\n<\/tr>\n<tr>\n<td valign=\"top\" width=\"331\">Temp\u00e9rature de fonctionnement<\/td>\n<td valign=\"top\" width=\"331\">0-45 degr\u00e9s<\/td>\n<\/tr>\n<tr>\n<td valign=\"top\" width=\"331\">Humidit\u00e9 de fonctionnement<\/td>\n<td valign=\"top\" width=\"331\">5-95%<\/td>\n<\/tr>\n<tr>\n<td valign=\"top\" width=\"331\">Caract\u00e8re minimal de la mise en forme<\/td>\n<td valign=\"top\" width=\"331\">Anglais 5*5mm<\/td>\n<\/tr>\n<tr>\n<td valign=\"top\" width=\"331\">Format graphique support\u00e9<\/td>\n<td valign=\"top\" width=\"331\">BMP, PLT, DST, DXF et AI<\/td>\n<\/tr>\n<tr>\n<td valign=\"top\" width=\"331\">Syst\u00e8me de conduite<\/td>\n<td valign=\"top\" width=\"331\">Pas \u00e0 pas<\/td>\n<\/tr>\n<tr>\n<td valign=\"top\" width=\"331\">Mat\u00e9riau de coupe<\/td>\n<td valign=\"top\" width=\"331\">M\u00e9tal et non-m\u00e9tal<\/td>\n<\/tr>\n<tr>\n<td valign=\"top\" width=\"331\">Epaisseur de coupe<\/td>\n<td valign=\"top\" width=\"331\">Acrylique de 20 mm, acier au carbone de 1,5 mm maximum, acier inoxydable de 1,2 mm maximum<\/td>\n<\/tr>\n<tr>\n<td valign=\"top\" width=\"331\">Lentille et miroir<\/td>\n<td valign=\"top\" width=\"331\">Avec 3 lentilles install\u00e9es dans la machine<\/td>\n<\/tr>\n<tr>\n<td valign=\"top\" width=\"331\">Mode de refroidissement<\/td>\n<td valign=\"top\" width=\"331\">Syst\u00e8me de refroidissement et de protection par eau<\/td>\n<\/tr>\n<tr>\n<td valign=\"top\" width=\"331\">\u00c9quipements auxiliaires<\/td>\n<td valign=\"top\" width=\"331\">Ventilateur d'\u00e9chappement, tuyau d'\u00e9chappement d'air, compresseur d'air<\/td>\n<\/tr>\n<tr>\n<td valign=\"top\" width=\"331\">Syst\u00e8me de contr\u00f4le<\/td>\n<td valign=\"top\" width=\"331\">Leetro 6595<\/td>\n<\/tr>\n<tr>\n<td valign=\"top\" width=\"331\">Logiciel compatible<\/td>\n<td valign=\"top\" width=\"331\">Coreldraw auto CAD photoshop<\/td>\n<\/tr>\n<tr>\n<td valign=\"top\" width=\"331\">Taille de l'ensemble de la machine<\/td>\n<td valign=\"top\" width=\"331\">2120*1715*1250mm<\/td>\n<\/tr>\n<tr>\n<td valign=\"top\" width=\"331\">Poids de la machine<\/td>\n<td valign=\"top\" width=\"331\">500Kgs<\/td>\n<\/tr>\n<\/tbody>\n<\/table>\n<p>Application :<\/p>\n<p>Principalement utilis\u00e9 dans l'industrie de la publicit\u00e9, l'industrie de la d\u00e9coupe des m\u00e9taux, l'industrie des arts et de l'artisanat, etc.<\/p>\n<p>Mat\u00e9riau applicable : Acrylique, bois, verre organique, cuir, cristal, bambou, \u00e9lectronique, acier inoxydable, acier au carbone, etc.<\/p>","protected":false},"excerpt":{"rendered":"<p>Mixed co2 laser cutting machine for metal and nonmetal<\/p>\n<p>THC Auto height controlling cutting head for metal cutting<\/p>\n<p>CW5000 water chiller<\/p>\n<p>Stepper driver<\/p>\n<p>Belt transmission<\/p>\n<p>Leetro6595 controller<\/p>","protected":false},"featured_media":3707,"template":"","meta":{"_seopress_robots_primary_cat":"","_seopress_titles_title":"","_seopress_titles_desc":"","_seopress_robots_index":"","_uag_custom_page_level_css":"","site-sidebar-layout":"default","site-content-layout":"","ast-site-content-layout":"default","site-content-style":"default","site-sidebar-style":"default","ast-global-header-display":"","ast-banner-title-visibility":"","ast-main-header-display":"","ast-hfb-above-header-display":"","ast-hfb-below-header-display":"","ast-hfb-mobile-header-display":"","site-post-title":"","ast-breadcrumbs-content":"","ast-featured-img":"","footer-sml-layout":"","ast-disable-related-posts":"","theme-transparent-header-meta":"default","adv-header-id-meta":"","stick-header-meta":"default","header-above-stick-meta":"","header-main-stick-meta":"","header-below-stick-meta":"","astra-migrate-meta-layouts":"set","ast-page-background-enabled":"default","ast-page-background-meta":{"desktop":{"background-color":"","background-image":"","background-repeat":"repeat","background-position":"center center","background-size":"auto","background-attachment":"scroll","background-type":"","background-media":"","overlay-type":"","overlay-color":"","overlay-opacity":"","overlay-gradient":""},"tablet":{"background-color":"","background-image":"","background-repeat":"repeat","background-position":"center center","background-size":"auto","background-attachment":"scroll","background-type":"","background-media":"","overlay-type":"","overlay-color":"","overlay-opacity":"","overlay-gradient":""},"mobile":{"background-color":"","background-image":"","background-repeat":"repeat","background-position":"center center","background-size":"auto","background-attachment":"scroll","background-type":"","background-media":"","overlay-type":"","overlay-color":"","overlay-opacity":"","overlay-gradient":""}},"ast-content-background-meta":{"desktop":{"background-color":"var(--ast-global-color-5)","background-image":"","background-repeat":"repeat","background-position":"center center","background-size":"auto","background-attachment":"scroll","background-type":"","background-media":"","overlay-type":"","overlay-color":"","overlay-opacity":"","overlay-gradient":""},"tablet":{"background-color":"var(--ast-global-color-5)","background-image":"","background-repeat":"repeat","background-position":"center center","background-size":"auto","background-attachment":"scroll","background-type":"","background-media":"","overlay-type":"","overlay-color":"","overlay-opacity":"","overlay-gradient":""},"mobile":{"background-color":"var(--ast-global-color-5)","background-image":"","background-repeat":"repeat","background-position":"center center","background-size":"auto","background-attachment":"scroll","background-type":"","background-media":"","overlay-type":"","overlay-color":"","overlay-opacity":"","overlay-gradient":""}}},"product_brand":[],"product_cat":[32],"product_tag":[],"class_list":{"0":"post-3704","1":"product","2":"type-product","3":"status-publish","4":"has-post-thumbnail","6":"product_cat-lasercutting","7":"desktop-align-left","8":"tablet-align-left","9":"mobile-align-left","10":"ast-product-gallery-layout-horizontal-slider","11":"ast-product-gallery-with-no-image","12":"ast-product-tabs-layout-horizontal","14":"first","15":"instock","16":"shipping-taxable","17":"product-type-simple"},"uagb_featured_image_src":{"full":["https:\/\/wisecnclaser.com\/wp-content\/uploads\/2025\/05\/90cf752667b85fdad3ba0548d1e3c883.jpg",500,500,false],"thumbnail":["https:\/\/wisecnclaser.com\/wp-content\/uploads\/2025\/05\/90cf752667b85fdad3ba0548d1e3c883-150x150.jpg",150,150,true],"medium":["https:\/\/wisecnclaser.com\/wp-content\/uploads\/2025\/05\/90cf752667b85fdad3ba0548d1e3c883-300x300.jpg",300,300,true],"medium_large":["https:\/\/wisecnclaser.com\/wp-content\/uploads\/2025\/05\/90cf752667b85fdad3ba0548d1e3c883.jpg",500,500,false],"large":["https:\/\/wisecnclaser.com\/wp-content\/uploads\/2025\/05\/90cf752667b85fdad3ba0548d1e3c883.jpg",500,500,false],"1536x1536":["https:\/\/wisecnclaser.com\/wp-content\/uploads\/2025\/05\/90cf752667b85fdad3ba0548d1e3c883.jpg",500,500,false],"2048x2048":["https:\/\/wisecnclaser.com\/wp-content\/uploads\/2025\/05\/90cf752667b85fdad3ba0548d1e3c883.jpg",500,500,false],"trp-custom-language-flag":["https:\/\/wisecnclaser.com\/wp-content\/uploads\/2025\/05\/90cf752667b85fdad3ba0548d1e3c883-12x12.jpg",12,12,true],"woocommerce_thumbnail":["https:\/\/wisecnclaser.com\/wp-content\/uploads\/2025\/05\/90cf752667b85fdad3ba0548d1e3c883-300x300.jpg",300,300,true],"woocommerce_single":["https:\/\/wisecnclaser.com\/wp-content\/uploads\/2025\/05\/90cf752667b85fdad3ba0548d1e3c883.jpg",500,500,false],"woocommerce_gallery_thumbnail":["https:\/\/wisecnclaser.com\/wp-content\/uploads\/2025\/05\/90cf752667b85fdad3ba0548d1e3c883-100x100.jpg",100,100,true]},"uagb_author_info":{"display_name":"jinxing6611@gmail.com","author_link":"https:\/\/wisecnclaser.com\/fr\/author\/"},"uagb_comment_info":0,"uagb_excerpt":"Mixed co2 laser cutting machine for metal and nonmetal THC Auto height controlling cutting head for metal cutting CW5000 water chiller Stepper driver Belt transmission Leetro6595 controller","_links":{"self":[{"href":"https:\/\/wisecnclaser.com\/fr\/wp-json\/wp\/v2\/product\/3704","targetHints":{"allow":["GET"]}}],"collection":[{"href":"https:\/\/wisecnclaser.com\/fr\/wp-json\/wp\/v2\/product"}],"about":[{"href":"https:\/\/wisecnclaser.com\/fr\/wp-json\/wp\/v2\/types\/product"}],"wp:featuredmedia":[{"embeddable":true,"href":"https:\/\/wisecnclaser.com\/fr\/wp-json\/wp\/v2\/media\/3707"}],"wp:attachment":[{"href":"https:\/\/wisecnclaser.com\/fr\/wp-json\/wp\/v2\/media?parent=3704"}],"wp:term":[{"taxonomy":"product_brand","embeddable":true,"href":"https:\/\/wisecnclaser.com\/fr\/wp-json\/wp\/v2\/product_brand?post=3704"},{"taxonomy":"product_cat","embeddable":true,"href":"https:\/\/wisecnclaser.com\/fr\/wp-json\/wp\/v2\/product_cat?post=3704"},{"taxonomy":"product_tag","embeddable":true,"href":"https:\/\/wisecnclaser.com\/fr\/wp-json\/wp\/v2\/product_tag?post=3704"}],"curies":[{"name":"wp","href":"https:\/\/api.w.org\/{rel}","templated":true}]}}