{"id":3727,"date":"2025-05-23T02:34:49","date_gmt":"2025-05-23T02:34:49","guid":{"rendered":"https:\/\/wisecnclaser.com\/?post_type=product&#038;p=3727"},"modified":"2026-01-26T08:12:02","modified_gmt":"2026-01-26T08:12:02","slug":"ws3300-cnc-beam-saw-with-side-aligner","status":"publish","type":"product","link":"https:\/\/wisecnclaser.com\/fr\/produit\/ws3300-cnc-beam-saw-with-side-aligner\/","title":{"rendered":"WS3300 CNC Beam Saw avec alignement lat\u00e9ral"},"content":{"rendered":"<p>L'\u00e9quipement est contr\u00f4l\u00e9 par un ordinateur industriel, avec une interface de dialogue homme-machine conviviale et un fonctionnement facile. Si le logiciel d'optimisation est install\u00e9, la liste des mat\u00e9riaux peut \u00eatre directement import\u00e9e pour optimiser la coupe des mat\u00e9riaux. Il est \u00e9quip\u00e9 d'un dispositif d'alarme qui arr\u00eate automatiquement la machine en cas de d\u00e9faillance et d'une fonction de d\u00e9tection automatique des d\u00e9faillances qui permet de v\u00e9rifier facilement la cause de la d\u00e9faillance.<\/p>\n<p>La scie principale de la structure de transmission utilise des courroies stri\u00e9es Samsung de Ta\u00efwan, et les courroies trap\u00e9zo\u00efdales de la petite scie utilisent des courroies import\u00e9es. Elle utilise une transmission combin\u00e9e allemande\/SLM et \u00e0 cr\u00e9maill\u00e8re de haute pr\u00e9cision ; les appareils \u00e9lectriques, les composants \u00e0 genouill\u00e8re et les composants cl\u00e9s utilis\u00e9s sont tous des produits de marque internationale pour garantir la pr\u00e9cision et la fiabilit\u00e9 des produits ; la machine principale a une vitesse de sciage rapide, et peut effectuer un r\u00e9glage en continu en fonction de l'\u00e9paisseur de la planche \u00e0 d\u00e9couper.<\/p>\n<p>La description du logiciel optimis\u00e9 (en option) conserve la flexibilit\u00e9 de l'arrangement manuel al\u00e9atoire des donn\u00e9es de coupe des scies \u00e9lectroniques traditionnelles, et \u00e9tend les caract\u00e9ristiques de l'importation intelligente de donn\u00e9es, du d\u00e9marrage et de l'arr\u00eat de la commande \u00e0 distance sans fil, de la surveillance \u00e0 distance, etc., et ajoute des fonctions pratiques telles que la conception des commandes, l'optimisation du fractionnement des commandes, la gestion des mat\u00e9riaux r\u00e9siduels, l'optimisation de la disposition, l'impression de codes-barres, etc. Parall\u00e8lement, il est ouvert \u00e0 tous les ports logiciels, tels que Yuan Fang, Hua Guang, CV, 1010, Wei Lun, Hai Xun, Sanweijia, Yunxi, Shangchuan et d'autres logiciels de conception, et prend en charge la liste des mat\u00e9riaux faite \u00e0 la main dans Microsoft Excel, avec une puissante fonction de programmation de la mise en page optimis\u00e9e, et peut construire des op\u00e9rations r\u00e9elles pour simuler des probl\u00e8mes r\u00e9els. Lorsque les travailleurs utilisent l'\u00e9quipement, ils n'ont qu'\u00e0 placer la pi\u00e8ce \u00e0 usiner en fonction des invites sur l'interface de l'ordinateur, et les donn\u00e9es de taille de coupe sont rafra\u00eechies par l'ordinateur de mani\u00e8re intelligente (en scannant le code), r\u00e9alisant ainsi une op\u00e9ration en un seul clic. En g\u00e9n\u00e9ral, deux heures de formation suffisent pour commencer \u00e0 travailler.<\/p>\n<p>&nbsp;<\/p>\n<table border=\"1\">\n<tbody>\n<tr class=\"firstRow\">\n<td colspan=\"2\" valign=\"top\" width=\"622\"><strong>WS3300<\/strong><strong>\u00a0Scie \u00e0 poutre CNC avec aligneur lat\u00e9ral<\/strong><\/td>\n<\/tr>\n<tr>\n<td valign=\"top\" width=\"311\">Ordinateur<\/td>\n<td valign=\"top\" width=\"311\">\u00a0 \u00a0 \u00a0 \u00a0 \u00a0 \u00a0 \u00a0 \u00a0 \u00a0Inclus<\/td>\n<\/tr>\n<tr>\n<td valign=\"top\" width=\"311\">Longueur\/largeur de coupe<\/td>\n<td valign=\"top\" width=\"311\">3300mm<\/td>\n<\/tr>\n<tr>\n<td valign=\"top\" width=\"311\">Epaisseur de coupe<\/td>\n<td valign=\"top\" width=\"311\">100mm<\/td>\n<\/tr>\n<tr>\n<td valign=\"top\" width=\"311\">Diam\u00e8tre de la scie principale<\/td>\n<td valign=\"top\" width=\"311\">\u0424400mm<\/td>\n<\/tr>\n<tr>\n<td valign=\"top\" width=\"311\">Diam\u00e8tre de l'arbre de scie principal<\/td>\n<td valign=\"top\" width=\"311\">\u042480mm<\/td>\n<\/tr>\n<tr>\n<td valign=\"top\" width=\"311\">Vitesse de l'arbre de la scie principale<\/td>\n<td valign=\"top\" width=\"311\">4800 tr\/min<\/td>\n<\/tr>\n<tr>\n<td valign=\"top\" width=\"311\">Diam\u00e8tre de la lame de scie \u00e0 fente<\/td>\n<td valign=\"top\" width=\"311\">\u0424180mm<\/td>\n<\/tr>\n<tr>\n<td valign=\"top\" width=\"311\">Diam\u00e8tre de l'arbre de la scie \u00e0 fente<\/td>\n<td valign=\"top\" width=\"311\">\u042445mm<\/td>\n<\/tr>\n<tr>\n<td valign=\"top\" width=\"311\">Vitesse de l'arbre de la scie \u00e0 fente<\/td>\n<td valign=\"top\" width=\"311\">6900 tr\/min<\/td>\n<\/tr>\n<tr>\n<td valign=\"top\" width=\"311\">Vitesse d'avancement de la base de sciage<\/td>\n<td valign=\"top\" width=\"311\">100m\/min<\/td>\n<\/tr>\n<tr>\n<td valign=\"top\" width=\"311\">Vitesse de recul de la base de la scie<\/td>\n<td valign=\"top\" width=\"311\">120m\/min<\/td>\n<\/tr>\n<tr>\n<td valign=\"top\" width=\"311\">Moteur principal de la scie \u00e0 d\u00e9couper<\/td>\n<td valign=\"top\" width=\"311\">16,5 kW<\/td>\n<\/tr>\n<tr>\n<td valign=\"top\" width=\"311\">Moteur de scie \u00e0 fente<\/td>\n<td valign=\"top\" width=\"311\">2,2 kW<\/td>\n<\/tr>\n<tr>\n<td valign=\"top\" width=\"311\">Moteur d'entra\u00eenement de la base de la scie<\/td>\n<td valign=\"top\" width=\"311\">1.8kw( servo )<\/td>\n<\/tr>\n<tr>\n<td valign=\"top\" width=\"311\">Moteur d'alimentation automatique<\/td>\n<td valign=\"top\" width=\"311\">1.8kw(servo\uff09<\/td>\n<\/tr>\n<tr>\n<td valign=\"top\" width=\"311\">Moteur d'alignement lat\u00e9ral<\/td>\n<td valign=\"top\" width=\"311\">0,55kw<\/td>\n<\/tr>\n<tr>\n<td valign=\"top\" width=\"311\">Moteur de la pompe \u00e0 vide<\/td>\n<td valign=\"top\" width=\"311\">4kw<\/td>\n<\/tr>\n<tr>\n<td valign=\"top\" width=\"311\">Puissance totale<\/td>\n<td valign=\"top\" width=\"311\">26,5 kW<\/td>\n<\/tr>\n<tr>\n<td valign=\"top\" width=\"311\">Vitesse d'alimentation automatique<\/td>\n<td valign=\"top\" width=\"311\">100m\/min<\/td>\n<\/tr>\n<tr>\n<td valign=\"top\" width=\"311\">Pression atmosph\u00e9rique<\/td>\n<td valign=\"top\" width=\"311\">5-7kg\/cm\u00b2<\/td>\n<\/tr>\n<tr>\n<td valign=\"top\" width=\"311\">Hauteur de la table flottante<\/td>\n<td valign=\"top\" width=\"311\">950 mm<\/td>\n<\/tr>\n<tr>\n<td valign=\"top\" width=\"311\">Taille totale de la machine\uff08L*W*H\uff09<\/td>\n<td valign=\"top\" width=\"311\">5900*5800*1850mm<\/td>\n<\/tr>\n<\/tbody>\n<\/table>\n<div style=\"width: 1280px;\" class=\"wp-video\"><video class=\"wp-video-shortcode\" id=\"video-3727-1\" width=\"1280\" height=\"720\" preload=\"metadata\" controls=\"controls\"><source type=\"video\/mp4\" src=\"https:\/\/wisecnclaser.com\/wp-content\/uploads\/2025\/05\/1722321154464007.mp4?_=1\" \/><a href=\"https:\/\/wisecnclaser.com\/wp-content\/uploads\/2025\/05\/1722321154464007.mp4\">https:\/\/wisecnclaser.com\/wp-content\/uploads\/2025\/05\/1722321154464007.mp4<\/a><\/video><\/div>","protected":false},"excerpt":{"rendered":"<p>L'\u00e9quipement est contr\u00f4l\u00e9 par un ordinateur industriel, avec une interface de dialogue homme-machine conviviale et un fonctionnement facile. Si le logiciel d'optimisation est install\u00e9, la liste des mat\u00e9riaux peut \u00eatre directement import\u00e9e pour optimiser la coupe des mat\u00e9riaux. Il est \u00e9quip\u00e9 d'un dispositif d'alarme qui arr\u00eate automatiquement la machine en cas de d\u00e9faillance et d'une fonction de d\u00e9tection automatique des d\u00e9faillances qui permet de v\u00e9rifier facilement la cause de la d\u00e9faillance.<\/p>","protected":false},"featured_media":4378,"template":"","meta":{"_seopress_robots_primary_cat":"none","_seopress_titles_title":"","_seopress_titles_desc":"","_seopress_robots_index":"","_uag_custom_page_level_css":"","site-sidebar-layout":"default","site-content-layout":"","ast-site-content-layout":"default","site-content-style":"default","site-sidebar-style":"default","ast-global-header-display":"","ast-banner-title-visibility":"","ast-main-header-display":"","ast-hfb-above-header-display":"","ast-hfb-below-header-display":"","ast-hfb-mobile-header-display":"","site-post-title":"","ast-breadcrumbs-content":"","ast-featured-img":"","footer-sml-layout":"","ast-disable-related-posts":"","theme-transparent-header-meta":"default","adv-header-id-meta":"","stick-header-meta":"default","header-above-stick-meta":"","header-main-stick-meta":"","header-below-stick-meta":"","astra-migrate-meta-layouts":"set","ast-page-background-enabled":"default","ast-page-background-meta":{"desktop":{"background-color":"","background-image":"","background-repeat":"repeat","background-position":"center center","background-size":"auto","background-attachment":"scroll","background-type":"","background-media":"","overlay-type":"","overlay-color":"","overlay-opacity":"","overlay-gradient":""},"tablet":{"background-color":"","background-image":"","background-repeat":"repeat","background-position":"center center","background-size":"auto","background-attachment":"scroll","background-type":"","background-media":"","overlay-type":"","overlay-color":"","overlay-opacity":"","overlay-gradient":""},"mobile":{"background-color":"","background-image":"","background-repeat":"repeat","background-position":"center center","background-size":"auto","background-attachment":"scroll","background-type":"","background-media":"","overlay-type":"","overlay-color":"","overlay-opacity":"","overlay-gradient":""}},"ast-content-background-meta":{"desktop":{"background-color":"var(--ast-global-color-5)","background-image":"","background-repeat":"repeat","background-position":"center center","background-size":"auto","background-attachment":"scroll","background-type":"","background-media":"","overlay-type":"","overlay-color":"","overlay-opacity":"","overlay-gradient":""},"tablet":{"background-color":"var(--ast-global-color-5)","background-image":"","background-repeat":"repeat","background-position":"center center","background-size":"auto","background-attachment":"scroll","background-type":"","background-media":"","overlay-type":"","overlay-color":"","overlay-opacity":"","overlay-gradient":""},"mobile":{"background-color":"var(--ast-global-color-5)","background-image":"","background-repeat":"repeat","background-position":"center center","background-size":"auto","background-attachment":"scroll","background-type":"","background-media":"","overlay-type":"","overlay-color":"","overlay-opacity":"","overlay-gradient":""}}},"product_brand":[],"product_cat":[39],"product_tag":[],"class_list":{"0":"post-3727","1":"product","2":"type-product","3":"status-publish","4":"has-post-thumbnail","6":"product_cat-cuttingsaw","7":"desktop-align-left","8":"tablet-align-left","9":"mobile-align-left","10":"ast-product-gallery-layout-horizontal-slider","11":"ast-product-gallery-with-no-image","12":"ast-product-tabs-layout-horizontal","14":"first","15":"instock","16":"shipping-taxable","17":"product-type-simple"},"uagb_featured_image_src":{"full":["https:\/\/wisecnclaser.com\/wp-content\/uploads\/2025\/05\/3300\u6807\u914d-\u524d\u4e0a\u6599\u542b\u4fa7\u9760.png",1082,1086,false],"thumbnail":["https:\/\/wisecnclaser.com\/wp-content\/uploads\/2025\/05\/3300\u6807\u914d-\u524d\u4e0a\u6599\u542b\u4fa7\u9760-150x150.png",150,150,true],"medium":["https:\/\/wisecnclaser.com\/wp-content\/uploads\/2025\/05\/3300\u6807\u914d-\u524d\u4e0a\u6599\u542b\u4fa7\u9760-300x300.png",300,300,true],"medium_large":["https:\/\/wisecnclaser.com\/wp-content\/uploads\/2025\/05\/3300\u6807\u914d-\u524d\u4e0a\u6599\u542b\u4fa7\u9760-768x771.png",768,771,true],"large":["https:\/\/wisecnclaser.com\/wp-content\/uploads\/2025\/05\/3300\u6807\u914d-\u524d\u4e0a\u6599\u542b\u4fa7\u9760-1020x1024.png",1020,1024,true],"1536x1536":["https:\/\/wisecnclaser.com\/wp-content\/uploads\/2025\/05\/3300\u6807\u914d-\u524d\u4e0a\u6599\u542b\u4fa7\u9760.png",1082,1086,false],"2048x2048":["https:\/\/wisecnclaser.com\/wp-content\/uploads\/2025\/05\/3300\u6807\u914d-\u524d\u4e0a\u6599\u542b\u4fa7\u9760.png",1082,1086,false],"trp-custom-language-flag":["https:\/\/wisecnclaser.com\/wp-content\/uploads\/2025\/05\/3300\u6807\u914d-\u524d\u4e0a\u6599\u542b\u4fa7\u9760-12x12.png",12,12,true],"woocommerce_thumbnail":["https:\/\/wisecnclaser.com\/wp-content\/uploads\/2025\/05\/3300\u6807\u914d-\u524d\u4e0a\u6599\u542b\u4fa7\u9760-300x300.png",300,300,true],"woocommerce_single":["https:\/\/wisecnclaser.com\/wp-content\/uploads\/2025\/05\/3300\u6807\u914d-\u524d\u4e0a\u6599\u542b\u4fa7\u9760-600x602.png",600,602,true],"woocommerce_gallery_thumbnail":["https:\/\/wisecnclaser.com\/wp-content\/uploads\/2025\/05\/3300\u6807\u914d-\u524d\u4e0a\u6599\u542b\u4fa7\u9760-100x100.png",100,100,true]},"uagb_author_info":{"display_name":"jinxing6611@gmail.com","author_link":"https:\/\/wisecnclaser.com\/fr\/author\/"},"uagb_comment_info":0,"uagb_excerpt":"The equipment is controlled by an industrial computer, with a friendly human-computer dialogue interface and easy operation. If the optimization software is installed, the material list can be directly imported to optimize the material cutting. It is equipped with a fault alarm device, which automatically stops the machine when a fault occurs, and has an\u2026","_links":{"self":[{"href":"https:\/\/wisecnclaser.com\/fr\/wp-json\/wp\/v2\/product\/3727","targetHints":{"allow":["GET"]}}],"collection":[{"href":"https:\/\/wisecnclaser.com\/fr\/wp-json\/wp\/v2\/product"}],"about":[{"href":"https:\/\/wisecnclaser.com\/fr\/wp-json\/wp\/v2\/types\/product"}],"wp:featuredmedia":[{"embeddable":true,"href":"https:\/\/wisecnclaser.com\/fr\/wp-json\/wp\/v2\/media\/4378"}],"wp:attachment":[{"href":"https:\/\/wisecnclaser.com\/fr\/wp-json\/wp\/v2\/media?parent=3727"}],"wp:term":[{"taxonomy":"product_brand","embeddable":true,"href":"https:\/\/wisecnclaser.com\/fr\/wp-json\/wp\/v2\/product_brand?post=3727"},{"taxonomy":"product_cat","embeddable":true,"href":"https:\/\/wisecnclaser.com\/fr\/wp-json\/wp\/v2\/product_cat?post=3727"},{"taxonomy":"product_tag","embeddable":true,"href":"https:\/\/wisecnclaser.com\/fr\/wp-json\/wp\/v2\/product_tag?post=3727"}],"curies":[{"name":"wp","href":"https:\/\/api.w.org\/{rel}","templated":true}]}}