{"id":3745,"date":"2025-05-23T02:41:40","date_gmt":"2025-05-23T02:41:40","guid":{"rendered":"https:\/\/wisecnclaser.com\/?post_type=product&#038;p=3745"},"modified":"2025-07-16T02:17:35","modified_gmt":"2025-07-16T02:17:35","slug":"ws3300-back-feeding-cnc-beam-saw","status":"publish","type":"product","link":"https:\/\/wisecnclaser.com\/fr\/produit\/ws3300-back-feeding-cnc-beam-saw\/","title":{"rendered":"WS3300 Back Feeding Automatic Wood Panel Cutting Computer CNC Beam Saw (en anglais)"},"content":{"rendered":"<p>La scie principale de la structure de transmission utilise des courroies stri\u00e9es Samsung de Ta\u00efwan, et les courroies trap\u00e9zo\u00efdales de la petite scie utilisent des courroies import\u00e9es. Elle utilise une transmission combin\u00e9e allemande\/SLM et \u00e0 cr\u00e9maill\u00e8re de haute pr\u00e9cision ; les appareils \u00e9lectriques, les composants \u00e0 genouill\u00e8re et les composants cl\u00e9s utilis\u00e9s sont tous des produits de marque internationale pour garantir la pr\u00e9cision et la fiabilit\u00e9 des produits ; la machine principale a une vitesse de sciage rapide, et peut effectuer un r\u00e9glage en continu en fonction de l'\u00e9paisseur de la planche \u00e0 d\u00e9couper.<\/p>\n<p>La description du logiciel optimis\u00e9 (en option) conserve la flexibilit\u00e9 de l'arrangement manuel al\u00e9atoire des donn\u00e9es de coupe des scies \u00e9lectroniques traditionnelles, et \u00e9tend les caract\u00e9ristiques de l'importation intelligente de donn\u00e9es, du d\u00e9marrage et de l'arr\u00eat de la commande \u00e0 distance sans fil, de la surveillance \u00e0 distance, etc., et ajoute des fonctions pratiques telles que la conception des commandes, l'optimisation du fractionnement des commandes, la gestion des mat\u00e9riaux r\u00e9siduels, l'optimisation de la disposition, l'impression de codes-barres, etc. Parall\u00e8lement, il est ouvert \u00e0 tous les ports logiciels, tels que Yuan Fang, Hua Guang, CV, 1010, Wei Lun, Hai Xun, Sanweijia, Yunxi, Shangchuan et d'autres logiciels de conception, et prend en charge la liste des mat\u00e9riaux faite \u00e0 la main dans Microsoft Excel, avec une puissante fonction de programmation de la mise en page optimis\u00e9e, et peut construire des op\u00e9rations r\u00e9elles pour simuler des probl\u00e8mes r\u00e9els. Lorsque les travailleurs utilisent l'\u00e9quipement, ils n'ont qu'\u00e0 placer la pi\u00e8ce \u00e0 usiner en fonction des invites sur l'interface de l'ordinateur, et les donn\u00e9es de taille de coupe sont rafra\u00eechies par l'ordinateur de mani\u00e8re intelligente (en scannant le code), r\u00e9alisant ainsi une op\u00e9ration en un seul clic. En g\u00e9n\u00e9ral, deux heures de formation suffisent pour commencer \u00e0 travailler.<\/p>\n<p>&nbsp;<\/p>\n<table border=\"1\">\n<tbody>\n<tr class=\"firstRow\">\n<td colspan=\"2\" valign=\"top\" width=\"622\">WS3300 Back Feeding CNC Beam Saw (scie \u00e0 poutre CNC \u00e0 alimentation par l'arri\u00e8re)<\/td>\n<\/tr>\n<tr>\n<td valign=\"top\" width=\"311\">Ordinateur<\/td>\n<td valign=\"top\" width=\"311\">\u00a0 \u00a0 \u00a0 \u00a0 \u00a0 \u00a0 \u00a0 \u00a0 \u00a0Inclus<\/td>\n<\/tr>\n<tr>\n<td valign=\"top\" width=\"311\">Longueur\/largeur de coupe<\/td>\n<td valign=\"top\" width=\"311\">3300mm<\/td>\n<\/tr>\n<tr>\n<td valign=\"top\" width=\"311\">Epaisseur de coupe<\/td>\n<td valign=\"top\" width=\"311\">100mm<\/td>\n<\/tr>\n<tr>\n<td valign=\"top\" width=\"311\">Diam\u00e8tre de la scie principale<\/td>\n<td valign=\"top\" width=\"311\">\u0424400mm<\/td>\n<\/tr>\n<tr>\n<td valign=\"top\" width=\"311\">Diam\u00e8tre de l'arbre de scie principal<\/td>\n<td valign=\"top\" width=\"311\">\u042480mm<\/td>\n<\/tr>\n<tr>\n<td valign=\"top\" width=\"311\">Vitesse de l'arbre de la scie principale<\/td>\n<td valign=\"top\" width=\"311\">4800 tr\/min<\/td>\n<\/tr>\n<tr>\n<td valign=\"top\" width=\"311\">Diam\u00e8tre de la lame de scie \u00e0 fente<\/td>\n<td valign=\"top\" width=\"311\">\u0424180mm<\/td>\n<\/tr>\n<tr>\n<td valign=\"top\" width=\"311\">Diam\u00e8tre de l'arbre de la scie \u00e0 fente<\/td>\n<td valign=\"top\" width=\"311\">\u042445mm<\/td>\n<\/tr>\n<tr>\n<td valign=\"top\" width=\"311\">Vitesse de l'arbre de la scie \u00e0 fente<\/td>\n<td valign=\"top\" width=\"311\">6900 tr\/min<\/td>\n<\/tr>\n<tr>\n<td valign=\"top\" width=\"311\">Vitesse d'avancement de la base de sciage<\/td>\n<td valign=\"top\" width=\"311\">100m\/min<\/td>\n<\/tr>\n<tr>\n<td valign=\"top\" width=\"311\">Vitesse de recul de la base de la scie<\/td>\n<td valign=\"top\" width=\"311\">120m\/min<\/td>\n<\/tr>\n<tr>\n<td valign=\"top\" width=\"311\">Moteur principal de la scie \u00e0 d\u00e9couper<\/td>\n<td valign=\"top\" width=\"311\">16,5 kW<\/td>\n<\/tr>\n<tr>\n<td valign=\"top\" width=\"311\">Moteur de scie \u00e0 fente<\/td>\n<td valign=\"top\" width=\"311\">2,2 kW<\/td>\n<\/tr>\n<tr>\n<td valign=\"top\" width=\"311\">Moteur d'entra\u00eenement de la base de la scie<\/td>\n<td valign=\"top\" width=\"311\">1.8kw( servo )<\/td>\n<\/tr>\n<tr>\n<td valign=\"top\" width=\"311\">Moteur d'alimentation automatique<\/td>\n<td valign=\"top\" width=\"311\">1.8kw(servo\uff09<\/td>\n<\/tr>\n<tr>\n<td valign=\"top\" width=\"311\">Type d'alimentation<\/td>\n<td valign=\"top\" width=\"311\">r\u00e9troalimentation<\/td>\n<\/tr>\n<tr>\n<td valign=\"top\" width=\"311\">Moteur de la pompe \u00e0 vide<\/td>\n<td valign=\"top\" width=\"311\">4kw<\/td>\n<\/tr>\n<tr>\n<td valign=\"top\" width=\"311\">Puissance totale<\/td>\n<td valign=\"top\" width=\"311\">26,5 kW<\/td>\n<\/tr>\n<tr>\n<td valign=\"top\" width=\"311\">Vitesse d'alimentation automatique<\/td>\n<td valign=\"top\" width=\"311\">100m\/min<\/td>\n<\/tr>\n<tr>\n<td valign=\"top\" width=\"311\">Pression atmosph\u00e9rique<\/td>\n<td valign=\"top\" width=\"311\">5-7kg\/cm\u00b2<\/td>\n<\/tr>\n<tr>\n<td valign=\"top\" width=\"311\">Hauteur de la table flottante<\/td>\n<td valign=\"top\" width=\"311\">950 mm<\/td>\n<\/tr>\n<tr>\n<td valign=\"top\" width=\"311\">Taille totale de la machine\uff08L*W*H\uff09<\/td>\n<td valign=\"top\" width=\"311\">5900*5800*1850m<\/td>\n<\/tr>\n<\/tbody>\n<\/table>\n<p>Scie \u00e0 poutre CNC automatique : r\u00e9volutionner la pr\u00e9cision et l'efficacit\u00e9 de la d\u00e9coupe des panneaux de bois<\/p>\n<p>Dans le monde exigeant de la fabrication de meubles, de l'\u00e9b\u00e9nisterie et du travail du bois architectural, le traitement efficace et pr\u00e9cis des grands panneaux de bois (comme le MDF, les panneaux de particules, le contreplaqu\u00e9 et les dalles de bois massif) est primordial. C'est l\u00e0 qu'intervient la scie \u00e0 poutre automatique \u00e0 commande num\u00e9rique, v\u00e9ritable centrale de transformation de la manipulation, de la d\u00e9coupe et de l'optimisation des panneaux. Cette machine industrielle sophistiqu\u00e9e de d\u00e9coupe du bois est devenue l'\u00e9pine dorsale des lignes de production modernes, \u00e9tablissant de nouvelles normes en mati\u00e8re de vitesse, de pr\u00e9cision et d'utilisation des mat\u00e9riaux.<\/p>\n<p>&nbsp;<\/p>\n<p>Qu'est-ce qu'une scie \u00e0 ruban automatique \u00e0 commande num\u00e9rique ?<\/p>\n<p>\u00c0 la base, une machine de sciage \u00e0 poutre se compose d'une poutre de coupe robuste, mont\u00e9e horizontalement (souvent appel\u00e9e \"pont\"), qui se d\u00e9place sur toute la longueur de la machine. Sur cette poutre sont mont\u00e9es une ou plusieurs scies circulaires tr\u00e8s puissantes, capables de r\u00e9aliser des coupes verticales sur toute l'\u00e9paisseur d'un panneau. Les aspects automatiques et CNC am\u00e9liorent ce concept de base :<\/p>\n<ol>\n<li>\u00a0Commande CNC : Guid\u00e9e par un logiciel informatique avanc\u00e9, la scie \u00e0 poutre CNC interpr\u00e8te les plans de coupe (souvent g\u00e9n\u00e9r\u00e9s par un logiciel d'imbrication). Elle contr\u00f4le avec pr\u00e9cision le mouvement de la poutre (axe X), le positionnement du chariot de la scie le long de la poutre (axe Y), la course de coupe verticale (axe Z) et, souvent, la rotation des lames d'incision. Cela permet d'obtenir des performances de scie \u00e0 poutre de haute pr\u00e9cision, avec des coupes de quelques fractions de millim\u00e8tre.<\/li>\n<li>\u00a0Automatisation : Les syst\u00e8mes de scie \u00e0 poutre v\u00e9ritablement automatiques int\u00e8grent la manutention. Cela comprend g\u00e9n\u00e9ralement<\/li>\n<\/ol>\n<p>* Chargement automatique : Des \u00e9l\u00e9vateurs \u00e0 vide, des bandes transporteuses ou des bras robotis\u00e9s am\u00e8nent les panneaux sur la table de d\u00e9coupe de la machine.<\/p>\n<p>* Positionnement automatique : des broches de positionnement, des poussoirs ou des courroies servo-motoris\u00e9es positionnent avec pr\u00e9cision le panneau en fonction du programme.<\/p>\n<p>* D\u00e9coupe automatique : La CNC ex\u00e9cute l'ensemble de la s\u00e9quence de coupe, y compris le rainurage optionnel pour des coupes sans copeaux (particuli\u00e8rement critique sur les panneaux m\u00e9lamin\u00e9s et plaqu\u00e9s).<\/p>\n<p>* D\u00e9chargement automatique : Les pi\u00e8ces coup\u00e9es sont automatiquement tri\u00e9es et empil\u00e9es, souvent \u00e0 l'aide de bandes, de bras ou de syst\u00e8mes de navettes, ce qui permet de s\u00e9parer les pi\u00e8ces utilisables du squelette.<\/p>\n<p>&nbsp;<\/p>\n<p>Principaux avantages de la machine moderne de d\u00e9coupe de panneaux :<\/p>\n<p>* Pr\u00e9cision et qualit\u00e9 in\u00e9gal\u00e9es : la technologie de scie \u00e0 poutre de haute pr\u00e9cision garantit des coupes r\u00e9guli\u00e8res, d'\u00e9querre et nettes, essentielles pour une menuiserie parfaite et un assemblage sans faille. Les lames d'incision int\u00e9gr\u00e9es \u00e9liminent pratiquement tout risque d'\u00e9caillage sur les deux faces des mat\u00e9riaux stratifi\u00e9s.<\/p>\n<p>* Efficacit\u00e9 et rapidit\u00e9 exceptionnelles : L'automatisation r\u00e9duit consid\u00e9rablement le temps de manipulation manuelle. La scie \u00e0 poutre automatique peut traiter plusieurs panneaux cons\u00e9cutivement avec une intervention minimale de l'op\u00e9rateur, ce qui augmente consid\u00e9rablement le rendement par rapport aux scies manuelles ou aux machines semi-automatiques.<\/p>\n<p>* Utilisation optimale des mat\u00e9riaux : Le logiciel d'imbrication int\u00e9gr\u00e9 maximise le rendement en disposant intelligemment les pi\u00e8ces sur chaque panneau afin de minimiser les pertes. La pr\u00e9cision de la scie \u00e0 poutre CNC garantit l'exactitude de chaque coupe, ce qui r\u00e9duit encore les pertes de mat\u00e9riau dues aux erreurs.<\/p>\n<p>* R\u00e9duction des co\u00fbts de main-d'\u0153uvre et de la fatigue des op\u00e9rateurs : L'automatisation prend en charge les t\u00e2ches lourdes et r\u00e9p\u00e9titives. Les op\u00e9rateurs s'occupent principalement de la gestion des logiciels, du suivi du processus et des contr\u00f4les de qualit\u00e9, ce qui rend l'environnement de travail plus s\u00fbr et moins exigeant sur le plan physique.<\/p>\n<p>* S\u00e9curit\u00e9 accrue : les zones de coupe ferm\u00e9es, le serrage automatique et la r\u00e9duction de la manipulation manuelle des panneaux r\u00e9duisent consid\u00e9rablement le risque d'accident associ\u00e9 aux panneaux lourds et de grande taille et aux lames de scie puissantes.<\/p>\n<p>* Flexibilit\u00e9 de la production : il est facile de passer d'un type de panneau \u00e0 l'autre, d'une \u00e9paisseur \u00e0 l'autre et d'un travail de d\u00e9coupe \u00e0 l'autre en changeant rapidement de programme, ce qui rend la machine id\u00e9ale \u00e0 la fois pour les gros volumes de production par lots et pour les petites commandes personnalis\u00e9es.<\/p>\n<p>&nbsp;<\/p>\n<p>Le meilleur de la boutique : Puissance et durabilit\u00e9<\/p>\n<p>L'expression \"meilleure scie \u00e0 poutre\" n'est pas un simple effet de mode. Elle refl\u00e8te les caract\u00e9ristiques inh\u00e9rentes \u00e0 ces machines :<\/p>\n<p>&nbsp;<\/p>\n<p>* Construction robuste : Construit avec des cadres et des composants en acier robuste pour r\u00e9sister \u00e0 une utilisation industrielle constante et aux forces impliqu\u00e9es dans la coupe de mat\u00e9riaux denses.<\/p>\n<p>* D\u00e9coupe haute puissance : \u00c9quip\u00e9 de puissants moteurs principaux (souvent plus de 20 CV) et de moteurs d'incision \u00e0 couple \u00e9lev\u00e9 capables de couper facilement les bois durs les plus durs et les panneaux d'ing\u00e9nierie les plus \u00e9pais.<\/p>\n<p>* Capacit\u00e9 massive : Con\u00e7ues pour traiter des panneaux de grande taille (2800*2800mm, 3300*3300mm, 3800*3800mm ou plus) sans effort, ce qui en fait de v\u00e9ritables machines industrielles \u00e0 couper le bois.<\/p>\n<p>* Une performance sans faille : Con\u00e7ue pour fonctionner en continu dans des environnements de production exigeants, elle maximise le temps de fonctionnement et la productivit\u00e9.<\/p>\n<p>&nbsp;<\/p>\n<p>Conclusion<\/p>\n<p>La scie \u00e0 poutre CNC automatique est bien plus qu'une simple machine \u00e0 d\u00e9couper les panneaux ; c'est une solution compl\u00e8te pour le traitement moderne des panneaux de bois. En combinant la haute pr\u00e9cision de la scie \u00e0 ruban avec une automatisation avanc\u00e9e et la puissance brute d'une meilleure scie \u00e0 ruban, cette machine industrielle de d\u00e9coupe du bois offre des niveaux in\u00e9gal\u00e9s de productivit\u00e9, d'\u00e9conomie de mat\u00e9riaux, de qualit\u00e9 et de s\u00e9curit\u00e9. Pour toute entreprise de menuiserie s\u00e9rieuse ax\u00e9e sur la transformation de panneaux, l'investissement dans une scie \u00e0 ruban automatique n'est pas seulement une mise \u00e0 niveau - c'est un imp\u00e9ratif strat\u00e9gique pour rester comp\u00e9titif, efficace et rentable sur le march\u00e9 d'aujourd'hui. Elle repr\u00e9sente l'\u00e9volution intelligente de la scie \u00e0 poutre, consolidant sa place en tant que pierre angulaire d'un d\u00e9coupage efficace des panneaux.<\/p>\n<div style=\"width: 1280px;\" class=\"wp-video\"><video class=\"wp-video-shortcode\" id=\"video-3745-1\" width=\"1280\" height=\"720\" preload=\"metadata\" controls=\"controls\"><source type=\"video\/mp4\" src=\"https:\/\/wisecnclaser.com\/wp-content\/uploads\/2025\/05\/1722322237481315.mp4?_=1\" \/><a href=\"https:\/\/wisecnclaser.com\/wp-content\/uploads\/2025\/05\/1722322237481315.mp4\">https:\/\/wisecnclaser.com\/wp-content\/uploads\/2025\/05\/1722322237481315.mp4<\/a><\/video><\/div>","protected":false},"excerpt":{"rendered":"<p>L'\u00e9quipement est contr\u00f4l\u00e9 par un ordinateur industriel, avec une interface de dialogue homme-machine conviviale et un fonctionnement facile. Si le logiciel d'optimisation est install\u00e9, la liste des mat\u00e9riaux peut \u00eatre directement import\u00e9e pour optimiser la coupe des mat\u00e9riaux. Il est \u00e9quip\u00e9 d'un dispositif d'alarme qui arr\u00eate automatiquement la machine en cas de d\u00e9faillance et d'une fonction de d\u00e9tection automatique des d\u00e9faillances qui permet de v\u00e9rifier facilement la cause de la d\u00e9faillance.<\/p>","protected":false},"featured_media":3748,"template":"","meta":{"_seopress_robots_primary_cat":"none","_seopress_titles_title":"","_seopress_titles_desc":"","_seopress_robots_index":"","_uag_custom_page_level_css":"","site-sidebar-layout":"default","site-content-layout":"","ast-site-content-layout":"default","site-content-style":"default","site-sidebar-style":"default","ast-global-header-display":"","ast-banner-title-visibility":"","ast-main-header-display":"","ast-hfb-above-header-display":"","ast-hfb-below-header-display":"","ast-hfb-mobile-header-display":"","site-post-title":"","ast-breadcrumbs-content":"","ast-featured-img":"","footer-sml-layout":"","ast-disable-related-posts":"","theme-transparent-header-meta":"default","adv-header-id-meta":"","stick-header-meta":"default","header-above-stick-meta":"","header-main-stick-meta":"","header-below-stick-meta":"","astra-migrate-meta-layouts":"set","ast-page-background-enabled":"default","ast-page-background-meta":{"desktop":{"background-color":"","background-image":"","background-repeat":"repeat","background-position":"center center","background-size":"auto","background-attachment":"scroll","background-type":"","background-media":"","overlay-type":"","overlay-color":"","overlay-opacity":"","overlay-gradient":""},"tablet":{"background-color":"","background-image":"","background-repeat":"repeat","background-position":"center center","background-size":"auto","background-attachment":"scroll","background-type":"","background-media":"","overlay-type":"","overlay-color":"","overlay-opacity":"","overlay-gradient":""},"mobile":{"background-color":"","background-image":"","background-repeat":"repeat","background-position":"center center","background-size":"auto","background-attachment":"scroll","background-type":"","background-media":"","overlay-type":"","overlay-color":"","overlay-opacity":"","overlay-gradient":""}},"ast-content-background-meta":{"desktop":{"background-color":"var(--ast-global-color-5)","background-image":"","background-repeat":"repeat","background-position":"center center","background-size":"auto","background-attachment":"scroll","background-type":"","background-media":"","overlay-type":"","overlay-color":"","overlay-opacity":"","overlay-gradient":""},"tablet":{"background-color":"var(--ast-global-color-5)","background-image":"","background-repeat":"repeat","background-position":"center center","background-size":"auto","background-attachment":"scroll","background-type":"","background-media":"","overlay-type":"","overlay-color":"","overlay-opacity":"","overlay-gradient":""},"mobile":{"background-color":"var(--ast-global-color-5)","background-image":"","background-repeat":"repeat","background-position":"center center","background-size":"auto","background-attachment":"scroll","background-type":"","background-media":"","overlay-type":"","overlay-color":"","overlay-opacity":"","overlay-gradient":""}}},"product_brand":[],"product_cat":[39],"product_tag":[93,100,101,91,99,102,97],"class_list":{"0":"post-3745","1":"product","2":"type-product","3":"status-publish","4":"has-post-thumbnail","6":"product_cat-cuttingsaw","7":"product_tag-cnc-beam-saw","8":"product_tag-computer-beam-saw","9":"product_tag-electric-cutting-saw","10":"product_tag-wood-cutting-saw","11":"product_tag-wood-panel-cutting-machine","12":"product_tag-wood-saw","13":"product_tag-woodworking-beam-saw","14":"desktop-align-left","15":"tablet-align-left","16":"mobile-align-left","17":"ast-product-gallery-layout-horizontal-slider","18":"ast-product-gallery-with-no-image","19":"ast-product-tabs-layout-horizontal","21":"first","22":"instock","23":"shipping-taxable","24":"product-type-simple"},"uagb_featured_image_src":{"full":["https:\/\/wisecnclaser.com\/wp-content\/uploads\/2025\/05\/d7fd0b00f508266910b70f28170c15c1.jpg",1648,1080,false],"thumbnail":["https:\/\/wisecnclaser.com\/wp-content\/uploads\/2025\/05\/d7fd0b00f508266910b70f28170c15c1-150x150.jpg",150,150,true],"medium":["https:\/\/wisecnclaser.com\/wp-content\/uploads\/2025\/05\/d7fd0b00f508266910b70f28170c15c1-300x197.jpg",300,197,true],"medium_large":["https:\/\/wisecnclaser.com\/wp-content\/uploads\/2025\/05\/d7fd0b00f508266910b70f28170c15c1-768x503.jpg",768,503,true],"large":["https:\/\/wisecnclaser.com\/wp-content\/uploads\/2025\/05\/d7fd0b00f508266910b70f28170c15c1-1024x671.jpg",1024,671,true],"1536x1536":["https:\/\/wisecnclaser.com\/wp-content\/uploads\/2025\/05\/d7fd0b00f508266910b70f28170c15c1-1536x1007.jpg",1536,1007,true],"2048x2048":["https:\/\/wisecnclaser.com\/wp-content\/uploads\/2025\/05\/d7fd0b00f508266910b70f28170c15c1.jpg",1648,1080,false],"trp-custom-language-flag":["https:\/\/wisecnclaser.com\/wp-content\/uploads\/2025\/05\/d7fd0b00f508266910b70f28170c15c1-18x12.jpg",18,12,true],"woocommerce_thumbnail":["https:\/\/wisecnclaser.com\/wp-content\/uploads\/2025\/05\/d7fd0b00f508266910b70f28170c15c1-300x300.jpg",300,300,true],"woocommerce_single":["https:\/\/wisecnclaser.com\/wp-content\/uploads\/2025\/05\/d7fd0b00f508266910b70f28170c15c1-600x393.jpg",600,393,true],"woocommerce_gallery_thumbnail":["https:\/\/wisecnclaser.com\/wp-content\/uploads\/2025\/05\/d7fd0b00f508266910b70f28170c15c1-100x100.jpg",100,100,true]},"uagb_author_info":{"display_name":"jinxing6611@gmail.com","author_link":"https:\/\/wisecnclaser.com\/fr\/author\/"},"uagb_comment_info":0,"uagb_excerpt":"The equipment is controlled by an industrial computer, with a friendly human-computer dialogue interface and easy operation. If the optimization software is installed, the material list can be directly imported to optimize the material cutting. It is equipped with a fault alarm device, which automatically stops the machine when a fault occurs, and has an\u2026","_links":{"self":[{"href":"https:\/\/wisecnclaser.com\/fr\/wp-json\/wp\/v2\/product\/3745","targetHints":{"allow":["GET"]}}],"collection":[{"href":"https:\/\/wisecnclaser.com\/fr\/wp-json\/wp\/v2\/product"}],"about":[{"href":"https:\/\/wisecnclaser.com\/fr\/wp-json\/wp\/v2\/types\/product"}],"wp:featuredmedia":[{"embeddable":true,"href":"https:\/\/wisecnclaser.com\/fr\/wp-json\/wp\/v2\/media\/3748"}],"wp:attachment":[{"href":"https:\/\/wisecnclaser.com\/fr\/wp-json\/wp\/v2\/media?parent=3745"}],"wp:term":[{"taxonomy":"product_brand","embeddable":true,"href":"https:\/\/wisecnclaser.com\/fr\/wp-json\/wp\/v2\/product_brand?post=3745"},{"taxonomy":"product_cat","embeddable":true,"href":"https:\/\/wisecnclaser.com\/fr\/wp-json\/wp\/v2\/product_cat?post=3745"},{"taxonomy":"product_tag","embeddable":true,"href":"https:\/\/wisecnclaser.com\/fr\/wp-json\/wp\/v2\/product_tag?post=3745"}],"curies":[{"name":"wp","href":"https:\/\/api.w.org\/{rel}","templated":true}]}}