{"id":3754,"date":"2025-05-23T02:44:16","date_gmt":"2025-05-23T02:44:16","guid":{"rendered":"https:\/\/wisecnclaser.com\/?post_type=product&#038;p=3754"},"modified":"2025-05-23T02:44:16","modified_gmt":"2025-05-23T02:44:16","slug":"ws1530-4-ax-atc-cnc-router-with-180-degree-rotating-spindle","status":"publish","type":"product","link":"https:\/\/wisecnclaser.com\/fr\/produit\/ws1530-4-ax-atc-cnc-router-with-180-degree-rotating-spindle\/","title":{"rendered":"WS1530-4 Ax ATC CNC Router avec broche rotative \u00e0 180 degr\u00e9s"},"content":{"rendered":"<table>\n<tbody>\n<tr class=\"firstRow\">\n<td colspan=\"2\" valign=\"center\" width=\"662\"><strong>Description et sp\u00e9cifications de la d\u00e9fonceuse CNC WS1530-4 Ax ATC (wisecnclaser) :<\/strong><\/td>\n<\/tr>\n<tr>\n<td valign=\"top\" width=\"310\">X Zone de travail<\/td>\n<td valign=\"top\" width=\"353\">1500mm<\/td>\n<\/tr>\n<tr>\n<td valign=\"top\" width=\"310\">Y Zone de travail<\/td>\n<td valign=\"top\" width=\"353\">3000mm<\/td>\n<\/tr>\n<tr>\n<td valign=\"top\" width=\"310\">Z Zone de travail<\/td>\n<td valign=\"top\" width=\"353\">450mm<\/td>\n<\/tr>\n<tr>\n<td valign=\"top\" width=\"310\">Table de machine<\/td>\n<td valign=\"top\" width=\"353\">Vide + fente T<\/td>\n<\/tr>\n<tr>\n<td valign=\"top\" width=\"310\">Pr\u00e9cision du positionnement des d\u00e9placements<\/td>\n<td valign=\"top\" width=\"353\">\u00b10,05 mm<\/td>\n<\/tr>\n<tr>\n<td valign=\"top\" width=\"310\">Repositionnement Pr\u00e9cision du positionnement<\/td>\n<td valign=\"top\" width=\"353\">\u00b10,05 mm<\/td>\n<\/tr>\n<tr>\n<td valign=\"top\" width=\"310\">X,Y ,Z Structure<\/td>\n<td valign=\"top\" width=\"353\">Roue dent\u00e9e XY, vis \u00e0 billes Z. Tous les axes utilisent un guide carr\u00e9<\/td>\n<\/tr>\n<tr>\n<td valign=\"top\" width=\"310\">Consommation max. Consommation \u00e9lectrique (sans broche)<\/td>\n<td valign=\"top\" width=\"353\">1,84KW<\/td>\n<\/tr>\n<tr>\n<td valign=\"top\" width=\"310\">Max. Vitesse de d\u00e9placement rapide<\/td>\n<td valign=\"top\" width=\"353\">50000mm\/min<\/td>\n<\/tr>\n<tr>\n<td valign=\"top\" width=\"310\">Vitesse de travail max. Vitesse de travail<\/td>\n<td valign=\"top\" width=\"353\">30000mm\/min<\/td>\n<\/tr>\n<tr>\n<td colspan=\"1\" rowspan=\"2\" valign=\"top\" width=\"310\">Broche<\/td>\n<td valign=\"top\" width=\"353\">Broche ATC refroidie par air 9kw<\/td>\n<\/tr>\n<tr>\n<td valign=\"top\" width=\"353\">La broche peut onduler\/basculer de +\/- 90 degr\u00e9s<\/td>\n<\/tr>\n<tr>\n<td valign=\"top\" width=\"310\">Vitesse de la broche<\/td>\n<td valign=\"top\" width=\"353\">0-18000 tr\/min<\/td>\n<\/tr>\n<tr>\n<td valign=\"top\" width=\"310\">Moteur d'entra\u00eenement<\/td>\n<td valign=\"top\" width=\"353\">Syst\u00e8me Delta Servo 850W de Ta\u00efwan<\/td>\n<\/tr>\n<tr>\n<td valign=\"top\" width=\"310\">Convertisseur de fr\u00e9quence<\/td>\n<td valign=\"top\" width=\"353\">Onduleur 11KW de marque Fuling<\/td>\n<\/tr>\n<tr>\n<td valign=\"top\" width=\"310\">Commandement<\/td>\n<td valign=\"top\" width=\"353\">G-code*.u00*.mmg*.plt<\/td>\n<\/tr>\n<tr>\n<td valign=\"top\" width=\"310\">Tension de fonctionnement<\/td>\n<td valign=\"top\" width=\"353\">3PH AC380V\/50Hz\/220V 1PHASE 60HZ<\/td>\n<\/tr>\n<tr>\n<td valign=\"top\" width=\"310\">Syst\u00e8me de contr\u00f4le<\/td>\n<td valign=\"top\" width=\"353\">Contr\u00f4leur LNC avec volant<\/td>\n<\/tr>\n<tr>\n<td valign=\"top\" width=\"310\">Rail de guidage<\/td>\n<td valign=\"top\" width=\"353\">Rail carr\u00e9 (marque TAIWAN)<\/td>\n<\/tr>\n<tr>\n<td valign=\"top\" width=\"310\">Armoire de commande<\/td>\n<td valign=\"top\" width=\"353\">Cabinet ind\u00e9pendant<\/td>\n<\/tr>\n<tr>\n<td valign=\"top\" width=\"310\">N.W.\/G.W.<\/td>\n<td valign=\"top\" width=\"353\">1600\/1800KGS<\/td>\n<\/tr>\n<tr>\n<td valign=\"top\" width=\"310\">Taille de l'emballage<\/td>\n<td valign=\"top\" width=\"353\">3700 X 2100X 1800MM<\/td>\n<\/tr>\n<tr>\n<td valign=\"top\" width=\"310\">Dispositif auxiliaire<\/td>\n<td valign=\"top\" width=\"353\">Pompe \u00e0 vide de 7,5KW<\/p>\n<p>D\u00e9poussi\u00e9reur 3KW<\/p>\n<p>8 Outils ATC lin\u00e9aires<\/p>\n<p>Syst\u00e8me de lubrification automatique<\/p>\n<p>coussin d'aspiration*6 pi\u00e8ces<\/td>\n<\/tr>\n<\/tbody>\n<\/table>","protected":false},"excerpt":{"rendered":"<p>Description &amp; Specifications of WS1530-4 Ax ATC CNC Router (wisecnclaser): X Working Area 1500mm Y Working Area 3000mm Z Working Area 450mm Machine table Vacuum + T slot Traveling Positioning Accuracy \u00b10.05mm Repositioning Positioning Accuracy \u00b10.05mm X,Y ,Z Structure XY gear wheel, Z ball screw. All Axis use Square Guide Max. Power Consumption(Without spindle) 1.84KW [&hellip;]<\/p>\n","protected":false},"featured_media":3757,"template":"","meta":{"_seopress_robots_primary_cat":"","_seopress_titles_title":"","_seopress_titles_desc":"","_seopress_robots_index":"","_uag_custom_page_level_css":"","site-sidebar-layout":"default","site-content-layout":"","ast-site-content-layout":"default","site-content-style":"default","site-sidebar-style":"default","ast-global-header-display":"","ast-banner-title-visibility":"","ast-main-header-display":"","ast-hfb-above-header-display":"","ast-hfb-below-header-display":"","ast-hfb-mobile-header-display":"","site-post-title":"","ast-breadcrumbs-content":"","ast-featured-img":"","footer-sml-layout":"","ast-disable-related-posts":"","theme-transparent-header-meta":"default","adv-header-id-meta":"","stick-header-meta":"default","header-above-stick-meta":"","header-main-stick-meta":"","header-below-stick-meta":"","astra-migrate-meta-layouts":"set","ast-page-background-enabled":"default","ast-page-background-meta":{"desktop":{"background-color":"","background-image":"","background-repeat":"repeat","background-position":"center center","background-size":"auto","background-attachment":"scroll","background-type":"","background-media":"","overlay-type":"","overlay-color":"","overlay-opacity":"","overlay-gradient":""},"tablet":{"background-color":"","background-image":"","background-repeat":"repeat","background-position":"center center","background-size":"auto","background-attachment":"scroll","background-type":"","background-media":"","overlay-type":"","overlay-color":"","overlay-opacity":"","overlay-gradient":""},"mobile":{"background-color":"","background-image":"","background-repeat":"repeat","background-position":"center center","background-size":"auto","background-attachment":"scroll","background-type":"","background-media":"","overlay-type":"","overlay-color":"","overlay-opacity":"","overlay-gradient":""}},"ast-content-background-meta":{"desktop":{"background-color":"var(--ast-global-color-5)","background-image":"","background-repeat":"repeat","background-position":"center center","background-size":"auto","background-attachment":"scroll","background-type":"","background-media":"","overlay-type":"","overlay-color":"","overlay-opacity":"","overlay-gradient":""},"tablet":{"background-color":"var(--ast-global-color-5)","background-image":"","background-repeat":"repeat","background-position":"center center","background-size":"auto","background-attachment":"scroll","background-type":"","background-media":"","overlay-type":"","overlay-color":"","overlay-opacity":"","overlay-gradient":""},"mobile":{"background-color":"var(--ast-global-color-5)","background-image":"","background-repeat":"repeat","background-position":"center center","background-size":"auto","background-attachment":"scroll","background-type":"","background-media":"","overlay-type":"","overlay-color":"","overlay-opacity":"","overlay-gradient":""}}},"product_brand":[],"product_cat":[34],"product_tag":[],"class_list":{"0":"post-3754","1":"product","2":"type-product","3":"status-publish","4":"has-post-thumbnail","6":"product_cat-nesting","7":"desktop-align-left","8":"tablet-align-left","9":"mobile-align-left","10":"ast-product-gallery-layout-horizontal-slider","11":"ast-product-gallery-with-no-image","12":"ast-product-tabs-layout-horizontal","14":"first","15":"instock","16":"shipping-taxable","17":"product-type-simple"},"uagb_featured_image_src":{"full":["https:\/\/wisecnclaser.com\/wp-content\/uploads\/2025\/05\/cc1e03430a7bc451cfe47d3cc51dab9f.png",1082,1076,false],"thumbnail":["https:\/\/wisecnclaser.com\/wp-content\/uploads\/2025\/05\/cc1e03430a7bc451cfe47d3cc51dab9f-150x150.png",150,150,true],"medium":["https:\/\/wisecnclaser.com\/wp-content\/uploads\/2025\/05\/cc1e03430a7bc451cfe47d3cc51dab9f-300x298.png",300,298,true],"medium_large":["https:\/\/wisecnclaser.com\/wp-content\/uploads\/2025\/05\/cc1e03430a7bc451cfe47d3cc51dab9f-768x764.png",768,764,true],"large":["https:\/\/wisecnclaser.com\/wp-content\/uploads\/2025\/05\/cc1e03430a7bc451cfe47d3cc51dab9f-1024x1018.png",1024,1018,true],"1536x1536":["https:\/\/wisecnclaser.com\/wp-content\/uploads\/2025\/05\/cc1e03430a7bc451cfe47d3cc51dab9f.png",1082,1076,false],"2048x2048":["https:\/\/wisecnclaser.com\/wp-content\/uploads\/2025\/05\/cc1e03430a7bc451cfe47d3cc51dab9f.png",1082,1076,false],"trp-custom-language-flag":["https:\/\/wisecnclaser.com\/wp-content\/uploads\/2025\/05\/cc1e03430a7bc451cfe47d3cc51dab9f-12x12.png",12,12,true],"woocommerce_thumbnail":["https:\/\/wisecnclaser.com\/wp-content\/uploads\/2025\/05\/cc1e03430a7bc451cfe47d3cc51dab9f-300x300.png",300,300,true],"woocommerce_single":["https:\/\/wisecnclaser.com\/wp-content\/uploads\/2025\/05\/cc1e03430a7bc451cfe47d3cc51dab9f-600x597.png",600,597,true],"woocommerce_gallery_thumbnail":["https:\/\/wisecnclaser.com\/wp-content\/uploads\/2025\/05\/cc1e03430a7bc451cfe47d3cc51dab9f-100x100.png",100,100,true]},"uagb_author_info":{"display_name":"jinxing6611@gmail.com","author_link":"https:\/\/wisecnclaser.com\/fr\/author\/"},"uagb_comment_info":0,"uagb_excerpt":"Description &amp; Specifications of WS1530-4 Ax ATC CNC Router (wisecnclaser): X Working Area 1500mm Y Working Area 3000mm Z Working Area 450mm Machine table Vacuum + T slot Traveling Positioning Accuracy \u00b10.05mm Repositioning Positioning Accuracy \u00b10.05mm X,Y ,Z Structure XY gear wheel, Z ball screw. All Axis use Square Guide Max. Power Consumption(Without spindle) 1.84KW\u2026","_links":{"self":[{"href":"https:\/\/wisecnclaser.com\/fr\/wp-json\/wp\/v2\/product\/3754","targetHints":{"allow":["GET"]}}],"collection":[{"href":"https:\/\/wisecnclaser.com\/fr\/wp-json\/wp\/v2\/product"}],"about":[{"href":"https:\/\/wisecnclaser.com\/fr\/wp-json\/wp\/v2\/types\/product"}],"wp:featuredmedia":[{"embeddable":true,"href":"https:\/\/wisecnclaser.com\/fr\/wp-json\/wp\/v2\/media\/3757"}],"wp:attachment":[{"href":"https:\/\/wisecnclaser.com\/fr\/wp-json\/wp\/v2\/media?parent=3754"}],"wp:term":[{"taxonomy":"product_brand","embeddable":true,"href":"https:\/\/wisecnclaser.com\/fr\/wp-json\/wp\/v2\/product_brand?post=3754"},{"taxonomy":"product_cat","embeddable":true,"href":"https:\/\/wisecnclaser.com\/fr\/wp-json\/wp\/v2\/product_cat?post=3754"},{"taxonomy":"product_tag","embeddable":true,"href":"https:\/\/wisecnclaser.com\/fr\/wp-json\/wp\/v2\/product_tag?post=3754"}],"curies":[{"name":"wp","href":"https:\/\/api.w.org\/{rel}","templated":true}]}}