{"id":3759,"date":"2025-05-23T02:45:14","date_gmt":"2025-05-23T02:45:14","guid":{"rendered":"https:\/\/wisecnclaser.com\/?post_type=product&#038;p=3759"},"modified":"2025-06-23T07:03:32","modified_gmt":"2025-06-23T07:03:32","slug":"economic-linear-atc-cnc-router","status":"publish","type":"product","link":"https:\/\/wisecnclaser.com\/fr\/produit\/economic-linear-atc-cnc-router\/","title":{"rendered":"Changeur d'outils lin\u00e9aire automatique \u00e9conomique Routeur CNC"},"content":{"rendered":"<h2>R\u00e9volutionnez votre d\u00e9tourage CNC<\/h2>\n<p>Nous vous pr\u00e9sentons le changeur d'outils automatique lin\u00e9aire Economic CNC Router, une solution de pointe con\u00e7ue pour rationaliser vos processus de fraisage. Gr\u00e2ce \u00e0 ses capacit\u00e9s d'automatisation avanc\u00e9es, ce changeur d'outils am\u00e9liore l'efficacit\u00e9 et la pr\u00e9cision dans diverses applications, ce qui en fait un choix id\u00e9al pour les amateurs comme pour les professionnels.<\/p>\n<h2>Efficacit\u00e9 et pr\u00e9cision in\u00e9gal\u00e9es<\/h2>\n<p>Le changeur d'outils automatique Economic Linear r\u00e9duit les temps d'arr\u00eat gr\u00e2ce \u00e0 ses changements d'outils rapides, ce qui vous permet d'accomplir plusieurs t\u00e2ches sans intervention manuelle constante. Cette fonction permet non seulement de gagner du temps, mais aussi de minimiser le risque d'erreur, en garantissant la pr\u00e9cision de chaque coupe. Con\u00e7ue avec des mat\u00e9riaux de haute qualit\u00e9, notre d\u00e9fonceuse CNC promet durabilit\u00e9 et fiabilit\u00e9, pr\u00eate \u00e0 r\u00e9pondre aux exigences de n'importe quel projet.<\/p>\n<h2>Conception flexible et interface conviviale<\/h2>\n<p>Notre routeur CNC a \u00e9t\u00e9 con\u00e7u dans un souci de polyvalence. Elle est compatible avec divers types d'outils, ce qui permet de passer en douceur d'une t\u00e2che de d\u00e9coupe \u00e0 une autre. L'interface conviviale facilite la programmation et l'utilisation, m\u00eame pour les novices en mati\u00e8re de fraisage CNC. De plus, sa conception compacte lui permet de s'int\u00e9grer confortablement dans n'importe quel espace de travail, maximisant ainsi votre zone de production sans sacrifier les performances.<\/p>\n<p>Que vous travailliez sur des conceptions complexes, des projets personnalis\u00e9s ou une production \u00e0 grande \u00e9chelle, la d\u00e9fonceuse \u00e0 commande num\u00e9rique Economic Linear Automatic Tool Changer est la solution qu'il vous faut. D\u00e9couvrez un nouveau niveau d'efficacit\u00e9 et de cr\u00e9ativit\u00e9 dans vos processus d'usinage d\u00e8s aujourd'hui !<\/p>\n<table>\n<tbody>\n<tr>\n<td colspan=\"2\" width=\"1343\"><strong><b>Caract\u00e9ristiques : <\/b><\/strong><\/p>\n<p>1) L'ensemble du corps de la machine est fabriqu\u00e9 en acier, sans soudure, avec un traitement de vieillissement par trempe et revenu, rigide, sans d\u00e9formation.<\/p>\n<p>2. servomoteur, haute pr\u00e9cision et haute vitesse.<\/p>\n<p>3. Guide de rail carr\u00e9 Taiwan 25, fonctionnement en douceur, haute pr\u00e9cision plus stable, longue dur\u00e9e de vie.<\/p>\n<p>4. Broche ATC \u00e0 refroidissement par air de 9KW, longue dur\u00e9e de vie, vitesse jusqu'\u00e0 24000 r \/ min, surface lisse sculpt\u00e9e.<\/p>\n<p>5. Largement \u00e9quip\u00e9 d'une armoire s\u00e9par\u00e9e,<\/p>\n<p>6. 8 outils ATC lin\u00e9aires, servocommande<\/p>\n<p>7. utilis\u00e9 pour la d\u00e9coupe du bois, la gravure, le fraisage, la d\u00e9coupe de trous, appliqu\u00e9 dans la fabrication de meubles \u00e0 panneaux, d'armoires \u00e0 v\u00eatements et de portes d'armoires avanc\u00e9es.<\/p>\n<p>&nbsp;<\/p>\n<p>Toupie CNC ATC pour le travail du bois Application :<\/p>\n<p>Convient pour la menuiserie, les portes en bois, les meubles, les armoires, les moules, etc.<\/td>\n<\/tr>\n<tr>\n<td width=\"414\">X ZONE DE TRAVAIL<\/td>\n<td width=\"929\">1300mm<\/td>\n<\/tr>\n<tr>\n<td width=\"414\">Y ZONE DE TRAVAIL<\/td>\n<td width=\"929\">2500mm<\/td>\n<\/tr>\n<tr>\n<td width=\"414\">Z ZONE DE TRAVAIL<\/td>\n<td width=\"929\">200mm<\/td>\n<\/tr>\n<tr>\n<td width=\"414\">TABLE DE LA MACHINE<\/td>\n<td width=\"929\">Table d'adsorption sous vide<\/td>\n<\/tr>\n<tr>\n<td width=\"414\">CODE DE COMMANDE<\/td>\n<td width=\"929\">Code G<\/td>\n<\/tr>\n<tr>\n<td width=\"414\">STRUCTURE DE L'AXE XYZ<\/td>\n<td width=\"929\">X\/Y Taiwan Rack rail\uff0cmake machine work more stable ; Z Screw rail<\/td>\n<\/tr>\n<tr>\n<td width=\"414\">PUISSANCE DU D\u00c9POUSSI\u00c9REUR<\/td>\n<td width=\"929\">Sacs doubles 3KW<\/td>\n<\/tr>\n<tr>\n<td width=\"414\">PUISSANCE<\/td>\n<td width=\"929\">AC380V triphas\u00e9 \/ 50Hz<\/td>\n<\/tr>\n<tr>\n<td width=\"414\">FOUET<\/td>\n<td width=\"929\">Broche ATC \u00e0 refroidissement par air 9kw, marque chinoise<\/td>\n<\/tr>\n<tr>\n<td width=\"414\">PUISSANCE TOTALE DE TRAVAIL<\/td>\n<td width=\"929\">26KW<\/td>\n<\/tr>\n<tr>\n<td width=\"414\">VITESSE DE ROTATION DE LA BROCHE<\/td>\n<td width=\"929\">18000rpm \/ min<\/td>\n<\/tr>\n<tr>\n<td width=\"414\">INVERSEUR<\/td>\n<td width=\"929\">Onduleur 11KW<\/td>\n<\/tr>\n<tr>\n<td width=\"414\">MOTEUR D'ENTRA\u00ceNEMENT<\/td>\n<td width=\"929\">Servomoteur hybride chinois<\/td>\n<\/tr>\n<tr>\n<td width=\"414\">SYST\u00c8ME D'EXPLOITATION<\/td>\n<td width=\"929\">Contr\u00f4leur NK105 G3<\/td>\n<\/tr>\n<tr>\n<td width=\"414\">PUISSANCE DE LA POMPE \u00c0 VIDE<\/td>\n<td width=\"929\">Pompe \u00e0 vide \u00e0 eau de 7,5KW<\/td>\n<\/tr>\n<tr>\n<td width=\"414\">RAIL LIN\u00c9AIRE<\/td>\n<td width=\"929\">Rail carr\u00e9 de marque ta\u00efwanaise, plus stable<\/td>\n<\/tr>\n<tr>\n<td width=\"414\">REDUCTEUR<\/td>\n<td width=\"929\">Marque Japon shimpoo<\/td>\n<\/tr>\n<tr>\n<td width=\"414\">VIS \u00c0 BILLE<\/td>\n<td width=\"929\">Marque Ta\u00efwan<\/td>\n<\/tr>\n<tr>\n<td width=\"414\">POIDS<\/td>\n<td width=\"929\">2000KGS<\/td>\n<\/tr>\n<tr>\n<td width=\"414\">AUTRES PI\u00c8CES AUXILIAIRES<\/td>\n<td width=\"929\">3+4 goupilles de remont\u00e9e\/position du cylindre,<\/p>\n<p>Syst\u00e8me de lubrification automatique<\/p>\n<p>Capteur d'outil<\/p>\n<p>Logiciel<\/p>\n<p>Bo\u00eete \u00e0 outils 1<\/p>\n<p>Mandrin \u00e0 outils 8 pi\u00e8ces<\/p>\n<p>Collectionner 8 pi\u00e8ces<\/p>\n<p>Cl\u00e9s \u00e0 molette 4<\/td>\n<\/tr>\n<\/tbody>\n<\/table>","protected":false},"excerpt":{"rendered":"<p>Revolutionize Your CNC Routing Introducing the Economic Linear Automatic Tool Changer CNC Router \u2013 a cutting-edge solution designed to streamline your routing processes. With its advanced automation capabilities, this tool changer enhances efficiency and precision in various applications, making it an ideal choice for both hobbyists and professionals alike. Unmatched Efficiency and Precision The Economic [&hellip;]<\/p>\n","protected":false},"featured_media":3762,"template":"","meta":{"_seopress_robots_primary_cat":"none","_seopress_titles_title":"","_seopress_titles_desc":"","_seopress_robots_index":"","_uag_custom_page_level_css":"","site-sidebar-layout":"default","site-content-layout":"","ast-site-content-layout":"default","site-content-style":"default","site-sidebar-style":"default","ast-global-header-display":"","ast-banner-title-visibility":"","ast-main-header-display":"","ast-hfb-above-header-display":"","ast-hfb-below-header-display":"","ast-hfb-mobile-header-display":"","site-post-title":"","ast-breadcrumbs-content":"","ast-featured-img":"","footer-sml-layout":"","ast-disable-related-posts":"","theme-transparent-header-meta":"default","adv-header-id-meta":"","stick-header-meta":"default","header-above-stick-meta":"","header-main-stick-meta":"","header-below-stick-meta":"","astra-migrate-meta-layouts":"set","ast-page-background-enabled":"default","ast-page-background-meta":{"desktop":{"background-color":"","background-image":"","background-repeat":"repeat","background-position":"center center","background-size":"auto","background-attachment":"scroll","background-type":"","background-media":"","overlay-type":"","overlay-color":"","overlay-opacity":"","overlay-gradient":""},"tablet":{"background-color":"","background-image":"","background-repeat":"repeat","background-position":"center center","background-size":"auto","background-attachment":"scroll","background-type":"","background-media":"","overlay-type":"","overlay-color":"","overlay-opacity":"","overlay-gradient":""},"mobile":{"background-color":"","background-image":"","background-repeat":"repeat","background-position":"center center","background-size":"auto","background-attachment":"scroll","background-type":"","background-media":"","overlay-type":"","overlay-color":"","overlay-opacity":"","overlay-gradient":""}},"ast-content-background-meta":{"desktop":{"background-color":"var(--ast-global-color-5)","background-image":"","background-repeat":"repeat","background-position":"center center","background-size":"auto","background-attachment":"scroll","background-type":"","background-media":"","overlay-type":"","overlay-color":"","overlay-opacity":"","overlay-gradient":""},"tablet":{"background-color":"var(--ast-global-color-5)","background-image":"","background-repeat":"repeat","background-position":"center center","background-size":"auto","background-attachment":"scroll","background-type":"","background-media":"","overlay-type":"","overlay-color":"","overlay-opacity":"","overlay-gradient":""},"mobile":{"background-color":"var(--ast-global-color-5)","background-image":"","background-repeat":"repeat","background-position":"center center","background-size":"auto","background-attachment":"scroll","background-type":"","background-media":"","overlay-type":"","overlay-color":"","overlay-opacity":"","overlay-gradient":""}}},"product_brand":[],"product_cat":[34],"product_tag":[],"class_list":{"0":"post-3759","1":"product","2":"type-product","3":"status-publish","4":"has-post-thumbnail","6":"product_cat-nesting","7":"desktop-align-left","8":"tablet-align-left","9":"mobile-align-left","10":"ast-product-gallery-layout-horizontal-slider","11":"ast-product-gallery-with-no-image","12":"ast-product-tabs-layout-horizontal","14":"first","15":"instock","16":"featured","17":"shipping-taxable","18":"product-type-simple"},"uagb_featured_image_src":{"full":["https:\/\/wisecnclaser.com\/wp-content\/uploads\/2025\/05\/8d23397dcfe1e2b053ea7e237579653c.png",1084,1080,false],"thumbnail":["https:\/\/wisecnclaser.com\/wp-content\/uploads\/2025\/05\/8d23397dcfe1e2b053ea7e237579653c-150x150.png",150,150,true],"medium":["https:\/\/wisecnclaser.com\/wp-content\/uploads\/2025\/05\/8d23397dcfe1e2b053ea7e237579653c-300x300.png",300,300,true],"medium_large":["https:\/\/wisecnclaser.com\/wp-content\/uploads\/2025\/05\/8d23397dcfe1e2b053ea7e237579653c-768x765.png",768,765,true],"large":["https:\/\/wisecnclaser.com\/wp-content\/uploads\/2025\/05\/8d23397dcfe1e2b053ea7e237579653c-1024x1020.png",1024,1020,true],"1536x1536":["https:\/\/wisecnclaser.com\/wp-content\/uploads\/2025\/05\/8d23397dcfe1e2b053ea7e237579653c.png",1084,1080,false],"2048x2048":["https:\/\/wisecnclaser.com\/wp-content\/uploads\/2025\/05\/8d23397dcfe1e2b053ea7e237579653c.png",1084,1080,false],"trp-custom-language-flag":["https:\/\/wisecnclaser.com\/wp-content\/uploads\/2025\/05\/8d23397dcfe1e2b053ea7e237579653c-12x12.png",12,12,true],"woocommerce_thumbnail":["https:\/\/wisecnclaser.com\/wp-content\/uploads\/2025\/05\/8d23397dcfe1e2b053ea7e237579653c-300x300.png",300,300,true],"woocommerce_single":["https:\/\/wisecnclaser.com\/wp-content\/uploads\/2025\/05\/8d23397dcfe1e2b053ea7e237579653c-600x598.png",600,598,true],"woocommerce_gallery_thumbnail":["https:\/\/wisecnclaser.com\/wp-content\/uploads\/2025\/05\/8d23397dcfe1e2b053ea7e237579653c-100x100.png",100,100,true]},"uagb_author_info":{"display_name":"jinxing6611@gmail.com","author_link":"https:\/\/wisecnclaser.com\/fr\/author\/"},"uagb_comment_info":0,"uagb_excerpt":"Revolutionize Your CNC Routing Introducing the Economic Linear Automatic Tool Changer CNC Router \u2013 a cutting-edge solution designed to streamline your routing processes. With its advanced automation capabilities, this tool changer enhances efficiency and precision in various applications, making it an ideal choice for both hobbyists and professionals alike. Unmatched Efficiency and Precision The Economic\u2026","_links":{"self":[{"href":"https:\/\/wisecnclaser.com\/fr\/wp-json\/wp\/v2\/product\/3759","targetHints":{"allow":["GET"]}}],"collection":[{"href":"https:\/\/wisecnclaser.com\/fr\/wp-json\/wp\/v2\/product"}],"about":[{"href":"https:\/\/wisecnclaser.com\/fr\/wp-json\/wp\/v2\/types\/product"}],"wp:featuredmedia":[{"embeddable":true,"href":"https:\/\/wisecnclaser.com\/fr\/wp-json\/wp\/v2\/media\/3762"}],"wp:attachment":[{"href":"https:\/\/wisecnclaser.com\/fr\/wp-json\/wp\/v2\/media?parent=3759"}],"wp:term":[{"taxonomy":"product_brand","embeddable":true,"href":"https:\/\/wisecnclaser.com\/fr\/wp-json\/wp\/v2\/product_brand?post=3759"},{"taxonomy":"product_cat","embeddable":true,"href":"https:\/\/wisecnclaser.com\/fr\/wp-json\/wp\/v2\/product_cat?post=3759"},{"taxonomy":"product_tag","embeddable":true,"href":"https:\/\/wisecnclaser.com\/fr\/wp-json\/wp\/v2\/product_tag?post=3759"}],"curies":[{"name":"wp","href":"https:\/\/api.w.org\/{rel}","templated":true}]}}