{"id":3763,"date":"2025-05-23T02:46:17","date_gmt":"2025-05-23T02:46:17","guid":{"rendered":"https:\/\/wisecnclaser.com\/?post_type=product&#038;p=3763"},"modified":"2025-07-07T07:00:23","modified_gmt":"2025-07-07T07:00:23","slug":"linear-atc-woodworking-cnc-router","status":"publish","type":"product","link":"https:\/\/wisecnclaser.com\/fr\/produit\/linear-atc-woodworking-cnc-router\/","title":{"rendered":"D\u00e9fonceuse lin\u00e9aire ATC pour le travail du bois"},"content":{"rendered":"<table>\n<tbody>\n<tr class=\"firstRow\">\n<td colspan=\"2\" valign=\"center\" width=\"672\"><strong>Caract\u00e9ristiques :<\/strong><\/p>\n<p>1) L'ensemble du corps de la machine est fabriqu\u00e9 en acier 8MM sans soudure, avec un traitement de vieillissement par trempe et revenu, rigide, sans d\u00e9formation.<\/p>\n<p>2. servomoteur, haute pr\u00e9cision et haute vitesse.<\/p>\n<p>3. Guide de rail carr\u00e9 de Ta\u00efwan, fonctionnement r\u00e9gulier, haute pr\u00e9cision plus stable, longue dur\u00e9e de vie.<\/p>\n<p>4. Broche ATC \u00e0 refroidissement par air de 9KW, longue dur\u00e9e de vie, vitesse jusqu'\u00e0 18000 r \/ min, surface lisse sculpt\u00e9e.<\/p>\n<p>5. Largement \u00e9quip\u00e9 d'une armoire s\u00e9par\u00e9e, fonctionnement par \u00e9cran tactile, simple et pratique, facile \u00e0 apprendre.<\/p>\n<p>6. Le syst\u00e8me d'aspiration peut \u00eatre aspir\u00e9 au cours du processus de traitement des copeaux de bois et des d\u00e9bris, afin de maintenir la table propre et d'assurer l'entretien indirect de l'\u00e9quipement.<\/p>\n<p>7.8 outils ATC lin\u00e9aires<\/p>\n<p>8. utilis\u00e9 pour la d\u00e9coupe du bois, la gravure, le fraisage, la d\u00e9coupe de trous, appliqu\u00e9 dans la fabrication de meubles \u00e0 panneaux, d'armoires \u00e0 v\u00eatements et de portes d'armoires avanc\u00e9es.<\/p>\n<p>&nbsp;<\/p>\n<p>Application :<\/p>\n<p>Convient pour la menuiserie, les portes en bois, les meubles, les armoires, les moules, etc.<\/td>\n<\/tr>\n<tr>\n<td valign=\"top\" width=\"207\">X ZONE DE TRAVAIL<\/td>\n<td valign=\"top\" width=\"465\">1300mm 1500MM<\/td>\n<\/tr>\n<tr>\n<td valign=\"top\" width=\"207\">Y ZONE DE TRAVAIL<\/td>\n<td valign=\"top\" width=\"465\">2500mm 3000MM<\/td>\n<\/tr>\n<tr>\n<td valign=\"top\" width=\"207\">Z ZONE DE TRAVAIL<\/td>\n<td valign=\"top\" width=\"465\">200mm<\/td>\n<\/tr>\n<tr>\n<td valign=\"top\" width=\"207\">TABLE DE LA MACHINE<\/td>\n<td valign=\"top\" width=\"465\">Table d'adsorption \u00e0 vide - table \u00e0 vide \u00e0 double couche avec croix, meilleur effet d'aspiration que la table \u00e0 vide normale<\/td>\n<\/tr>\n<tr>\n<td valign=\"top\" width=\"207\">CODE DE COMMANDE<\/td>\n<td valign=\"top\" width=\"465\">Code G<\/td>\n<\/tr>\n<tr>\n<td valign=\"top\" width=\"207\">STRUCTURE DE L'AXE XYZ<\/td>\n<td valign=\"top\" width=\"465\">X\/Y Taiwan Rack rail\uff0cmake machine work more stable ; Z Screw rail<\/td>\n<\/tr>\n<tr>\n<td valign=\"top\" width=\"207\">PUISSANCE DU D\u00c9POUSSI\u00c9REUR<\/td>\n<td valign=\"top\" width=\"465\">3 sacs doubles<\/td>\n<\/tr>\n<tr>\n<td valign=\"top\" width=\"207\">PUISSANCE<\/td>\n<td valign=\"top\" width=\"465\">AC220V 1PHASE \/ 50Hz<\/td>\n<\/tr>\n<tr>\n<td valign=\"top\" width=\"207\">FOUET<\/td>\n<td valign=\"top\" width=\"465\">Broche ATC \u00e0 refroidissement par air de 9 kW<\/td>\n<\/tr>\n<tr>\n<td valign=\"top\" width=\"207\">PUISSANCE TOTALE DE TRAVAIL<\/td>\n<td valign=\"top\" width=\"465\">26KW<\/td>\n<\/tr>\n<tr>\n<td valign=\"top\" width=\"207\">VITESSE DE ROTATION DE LA BROCHE<\/td>\n<td valign=\"top\" width=\"465\">18000rpm \/ min<\/td>\n<\/tr>\n<tr>\n<td valign=\"top\" width=\"207\">INVERSEUR<\/td>\n<td valign=\"top\" width=\"465\">Onduleur 11KW<\/td>\n<\/tr>\n<tr>\n<td valign=\"top\" width=\"207\">MOTEUR D'ENTRA\u00ceNEMENT<\/td>\n<td valign=\"top\" width=\"465\">Servomoteur chinois<\/td>\n<\/tr>\n<tr>\n<td valign=\"top\" width=\"207\">SYST\u00c8ME D'EXPLOITATION<\/td>\n<td valign=\"top\" width=\"465\">Syst\u00e8me de commande \u00e0 \u00e9cran tactile LNC de Ta\u00efwan<\/td>\n<\/tr>\n<tr>\n<td valign=\"top\" width=\"207\">PUISSANCE DE LA POMPE \u00c0 VIDE<\/td>\n<td valign=\"top\" width=\"465\">Pompe \u00e0 vide pneumatique 2,2KW *2 pi\u00e8ces 220v monophas\u00e9 60hz<\/td>\n<\/tr>\n<tr>\n<td valign=\"center\" width=\"207\">RAIL LIN\u00c9AIRE<\/td>\n<td valign=\"top\" width=\"465\">Rail carr\u00e9 de Ta\u00efwan, plus stable<\/td>\n<\/tr>\n<tr>\n<td valign=\"center\" width=\"207\">REDUCTEUR<\/td>\n<td valign=\"top\" width=\"465\">Marque Japon shimpoo<\/td>\n<\/tr>\n<tr>\n<td valign=\"center\" width=\"207\">VIS \u00c0 BILLE<\/td>\n<td valign=\"top\" width=\"465\">TBI Ta\u00efwan<\/td>\n<\/tr>\n<tr>\n<td valign=\"center\" width=\"207\">POIDS<\/td>\n<td valign=\"top\" width=\"465\">2900KGS<\/td>\n<\/tr>\n<tr>\n<td valign=\"center\" width=\"207\">AUTRES PI\u00c8CES AUXILIAIRES<\/td>\n<td valign=\"top\" width=\"465\">les goupilles de remont\u00e9e\/la position du cylindre,<\/p>\n<p>Syst\u00e8me de lubrification automatique<\/p>\n<p>Capteur d'outil<\/p>\n<p>Logiciel<\/p>\n<p>Bo\u00eete \u00e0 outils 1<\/p>\n<p>Mandrin \u00e0 outils 8 pi\u00e8ces<\/p>\n<p>Collectionner 8 pi\u00e8ces<\/p>\n<p>Cl\u00e9s \u00e0 molette 4<\/td>\n<\/tr>\n<\/tbody>\n<\/table>","protected":false},"excerpt":{"rendered":"<p>Features: 1.The whole machine body is made from 8MM steel seamless welding tempering aging treatment, rigid, no deformation. 2.Servo motor, high precision and high speed. 3. Taiwan square rail guide, smooth operation,\u00a0more\u00a0stable high precision, long life. 4.\u00a09KW air cooling\u00a0ATC spindle, long power life, speed up to\u00a018000 r \/ min, carved smooth surface. 5. Large equipped [&hellip;]<\/p>\n","protected":false},"featured_media":3766,"template":"","meta":{"_seopress_robots_primary_cat":"none","_seopress_titles_title":"","_seopress_titles_desc":"","_seopress_robots_index":"","_uag_custom_page_level_css":"","site-sidebar-layout":"default","site-content-layout":"","ast-site-content-layout":"default","site-content-style":"default","site-sidebar-style":"default","ast-global-header-display":"","ast-banner-title-visibility":"","ast-main-header-display":"","ast-hfb-above-header-display":"","ast-hfb-below-header-display":"","ast-hfb-mobile-header-display":"","site-post-title":"","ast-breadcrumbs-content":"","ast-featured-img":"","footer-sml-layout":"","ast-disable-related-posts":"","theme-transparent-header-meta":"default","adv-header-id-meta":"","stick-header-meta":"default","header-above-stick-meta":"","header-main-stick-meta":"","header-below-stick-meta":"","astra-migrate-meta-layouts":"set","ast-page-background-enabled":"default","ast-page-background-meta":{"desktop":{"background-color":"","background-image":"","background-repeat":"repeat","background-position":"center center","background-size":"auto","background-attachment":"scroll","background-type":"","background-media":"","overlay-type":"","overlay-color":"","overlay-opacity":"","overlay-gradient":""},"tablet":{"background-color":"","background-image":"","background-repeat":"repeat","background-position":"center center","background-size":"auto","background-attachment":"scroll","background-type":"","background-media":"","overlay-type":"","overlay-color":"","overlay-opacity":"","overlay-gradient":""},"mobile":{"background-color":"","background-image":"","background-repeat":"repeat","background-position":"center center","background-size":"auto","background-attachment":"scroll","background-type":"","background-media":"","overlay-type":"","overlay-color":"","overlay-opacity":"","overlay-gradient":""}},"ast-content-background-meta":{"desktop":{"background-color":"var(--ast-global-color-5)","background-image":"","background-repeat":"repeat","background-position":"center center","background-size":"auto","background-attachment":"scroll","background-type":"","background-media":"","overlay-type":"","overlay-color":"","overlay-opacity":"","overlay-gradient":""},"tablet":{"background-color":"var(--ast-global-color-5)","background-image":"","background-repeat":"repeat","background-position":"center center","background-size":"auto","background-attachment":"scroll","background-type":"","background-media":"","overlay-type":"","overlay-color":"","overlay-opacity":"","overlay-gradient":""},"mobile":{"background-color":"var(--ast-global-color-5)","background-image":"","background-repeat":"repeat","background-position":"center center","background-size":"auto","background-attachment":"scroll","background-type":"","background-media":"","overlay-type":"","overlay-color":"","overlay-opacity":"","overlay-gradient":""}}},"product_brand":[],"product_cat":[34],"product_tag":[84,72,85,73,83],"class_list":{"0":"post-3763","1":"product","2":"type-product","3":"status-publish","4":"has-post-thumbnail","6":"product_cat-nesting","7":"product_tag-3-axis-atc-cnc-router","8":"product_tag-48-atc-cnc-router","9":"product_tag-high-quality-atc-wood-router","10":"product_tag-linear-atc-cnc-router","11":"product_tag-woodworking-atc-cnc-router","12":"desktop-align-left","13":"tablet-align-left","14":"mobile-align-left","15":"ast-product-gallery-layout-horizontal-slider","16":"ast-product-gallery-with-no-image","17":"ast-product-tabs-layout-horizontal","19":"first","20":"instock","21":"shipping-taxable","22":"product-type-simple"},"uagb_featured_image_src":{"full":["https:\/\/wisecnclaser.com\/wp-content\/uploads\/2025\/05\/05253cedd86ab52701d4ff6a6fa46c26.png",1078,1076,false],"thumbnail":["https:\/\/wisecnclaser.com\/wp-content\/uploads\/2025\/05\/05253cedd86ab52701d4ff6a6fa46c26-150x150.png",150,150,true],"medium":["https:\/\/wisecnclaser.com\/wp-content\/uploads\/2025\/05\/05253cedd86ab52701d4ff6a6fa46c26-300x300.png",300,300,true],"medium_large":["https:\/\/wisecnclaser.com\/wp-content\/uploads\/2025\/05\/05253cedd86ab52701d4ff6a6fa46c26-768x767.png",768,767,true],"large":["https:\/\/wisecnclaser.com\/wp-content\/uploads\/2025\/05\/05253cedd86ab52701d4ff6a6fa46c26-1024x1022.png",1024,1022,true],"1536x1536":["https:\/\/wisecnclaser.com\/wp-content\/uploads\/2025\/05\/05253cedd86ab52701d4ff6a6fa46c26.png",1078,1076,false],"2048x2048":["https:\/\/wisecnclaser.com\/wp-content\/uploads\/2025\/05\/05253cedd86ab52701d4ff6a6fa46c26.png",1078,1076,false],"trp-custom-language-flag":["https:\/\/wisecnclaser.com\/wp-content\/uploads\/2025\/05\/05253cedd86ab52701d4ff6a6fa46c26-12x12.png",12,12,true],"woocommerce_thumbnail":["https:\/\/wisecnclaser.com\/wp-content\/uploads\/2025\/05\/05253cedd86ab52701d4ff6a6fa46c26-300x300.png",300,300,true],"woocommerce_single":["https:\/\/wisecnclaser.com\/wp-content\/uploads\/2025\/05\/05253cedd86ab52701d4ff6a6fa46c26-600x599.png",600,599,true],"woocommerce_gallery_thumbnail":["https:\/\/wisecnclaser.com\/wp-content\/uploads\/2025\/05\/05253cedd86ab52701d4ff6a6fa46c26-100x100.png",100,100,true]},"uagb_author_info":{"display_name":"jinxing6611@gmail.com","author_link":"https:\/\/wisecnclaser.com\/fr\/author\/"},"uagb_comment_info":0,"uagb_excerpt":"Features: 1.The whole machine body is made from 8MM steel seamless welding tempering aging treatment, rigid, no deformation. 2.Servo motor, high precision and high speed. 3. Taiwan square rail guide, smooth operation,\u00a0more\u00a0stable high precision, long life. 4.\u00a09KW air cooling\u00a0ATC spindle, long power life, speed up to\u00a018000 r \/ min, carved smooth surface. 5. Large equipped\u2026","_links":{"self":[{"href":"https:\/\/wisecnclaser.com\/fr\/wp-json\/wp\/v2\/product\/3763","targetHints":{"allow":["GET"]}}],"collection":[{"href":"https:\/\/wisecnclaser.com\/fr\/wp-json\/wp\/v2\/product"}],"about":[{"href":"https:\/\/wisecnclaser.com\/fr\/wp-json\/wp\/v2\/types\/product"}],"wp:featuredmedia":[{"embeddable":true,"href":"https:\/\/wisecnclaser.com\/fr\/wp-json\/wp\/v2\/media\/3766"}],"wp:attachment":[{"href":"https:\/\/wisecnclaser.com\/fr\/wp-json\/wp\/v2\/media?parent=3763"}],"wp:term":[{"taxonomy":"product_brand","embeddable":true,"href":"https:\/\/wisecnclaser.com\/fr\/wp-json\/wp\/v2\/product_brand?post=3763"},{"taxonomy":"product_cat","embeddable":true,"href":"https:\/\/wisecnclaser.com\/fr\/wp-json\/wp\/v2\/product_cat?post=3763"},{"taxonomy":"product_tag","embeddable":true,"href":"https:\/\/wisecnclaser.com\/fr\/wp-json\/wp\/v2\/product_tag?post=3763"}],"curies":[{"name":"wp","href":"https:\/\/api.w.org\/{rel}","templated":true}]}}