{"id":4051,"date":"2025-06-25T02:02:27","date_gmt":"2025-06-25T02:02:27","guid":{"rendered":"https:\/\/wisecnclaser.com\/?post_type=product&#038;p=4051"},"modified":"2025-06-25T02:02:27","modified_gmt":"2025-06-25T02:02:27","slug":"high-precision-atc-cnc-router-for-complex-designs","status":"publish","type":"product","link":"https:\/\/wisecnclaser.com\/fr\/produit\/high-precision-atc-cnc-router-for-complex-designs\/","title":{"rendered":"Toupie CNC ATC de haute pr\u00e9cision pour les conceptions complexes"},"content":{"rendered":"<p><strong>Une capacit\u00e9 in\u00e9gal\u00e9e pour le travail du bois complexe et la fabrication industrielle<\/strong><\/p>\n<p>D\u00e9couvrez la nouvelle g\u00e9n\u00e9ration de toupie CNC ATC, con\u00e7ue pour atteindre la perfection dans les conceptions 3D complexes. Notre syst\u00e8me de qualit\u00e9 industrielle associe une pr\u00e9cision de l'ordre du micron \u00e0 une technologie de changement d'outil automatis\u00e9, ce qui permet d'obtenir des r\u00e9sultats irr\u00e9prochables sur le bois, les mat\u00e9riaux composites et les m\u00e9taux.<\/p>\n<p>&nbsp;<\/p>\n<p><strong>Principaux avantages :<\/strong><\/p>\n<p>Une v\u00e9ritable centrale de fabrication : En tant que fraiseuse CNC ATC d\u00e9di\u00e9e \u00e0 la fabrication, elle traite l'aluminium, les plastiques et les composites \u00e0 des vitesses de production (r\u00e9p\u00e9tabilit\u00e9 de 0,01 mm).<\/p>\n<p>Travail du bois : une ing\u00e9nierie de pr\u00e9cision : Le nec plus ultra des toupies CNC ATC pour le travail du bois, pour les sculptures complexes, la menuiserie et les \u00e9l\u00e9ments architecturaux, avec une broche de 24K tours par minute.<\/p>\n<p>Ma\u00eetrise de la conception complexe : Ex\u00e9cutez des projets en plusieurs \u00e9tapes sans surveillance avec des changements d'outils automatiques (12+ outils) ; id\u00e9al pour les moules, les prototypes et les g\u00e9om\u00e9tries artistiques.<\/p>\n<p>Performance sans compromis : Ch\u00e2ssis en acier robuste ; pr\u00eat pour 5 axes ; \u00e9talonnage des outils embarqu\u00e9 ;<\/p>\n<p>70% Production plus rapide : \u00c9limine les changements d'outils manuels et les op\u00e9rations \u00e0 l'arr\u00eat<\/p>\n<p>&nbsp;<\/p>\n<p><strong>Sp\u00e9cifications \u00e0 la pointe de l'industrie :<\/strong><\/p>\n<p>+\/-0,01mm Pr\u00e9cision du positionnement<\/p>\n<p>Changeur d'outils automatique (ATC) \u00e0 12 stations<\/p>\n<p>Broche HSD de 9 kW (24 000 tr\/min) ou broche HQD<\/p>\n<p>Table aspirante rigide + contr\u00f4le avanc\u00e9 des poussi\u00e8res<\/p>\n<p>1300x2500mm Zone de travail standard<\/p>\n<p>&nbsp;<\/p>\n<p><strong>Id\u00e9al pour :<\/strong><\/p>\n<p>- Fabricants d'armoires et de meubles haut de gamme (travail du bois ATC CNC router)<\/p>\n<p>- Production de composants pour l'a\u00e9rospatiale et l'automobile (fabrication de routeurs CNC ATC)<\/p>\n<p>- Ateliers de signalisation | Laboratoires de prototypage | Fabricants de produits m\u00e9talliques sur mesure<\/p>\n<p>&nbsp;<\/p>\n<p><strong>Param\u00e8tres techniques de la d\u00e9fonceuse CNC 4*8 ATC :<\/strong><\/p>\n<table>\n<tbody>\n<tr>\n<td width=\"414\">X Y Z ZONE DE TRAVAIL<\/td>\n<td width=\"941\">1300mm*2500mm*200mm<\/td>\n<\/tr>\n<tr>\n<td width=\"414\">STRUCTURE DU COMPTOIR<\/td>\n<td width=\"941\">Table d'adsorption sous vide<\/td>\n<\/tr>\n<tr>\n<td width=\"414\">CODE DE COMMANDE<\/td>\n<td width=\"941\">Code G<\/td>\n<\/tr>\n<tr>\n<td width=\"414\">STRUCTURE DE L'AXE XYZ<\/td>\n<td width=\"941\">Rail \u00e0 cr\u00e9maill\u00e8re X\/Y ; rail \u00e0 vis Z<\/td>\n<\/tr>\n<tr>\n<td width=\"414\">PUISSANCE D'ENTR\u00c9E<\/td>\n<td width=\"941\">11KW<\/td>\n<\/tr>\n<tr>\n<td width=\"414\">PUISSANCE<\/td>\n<td width=\"941\">AC380V \/ 50Hz<\/td>\n<\/tr>\n<tr>\n<td width=\"414\">FOUET<\/td>\n<td width=\"941\">Broche de refroidissement par air HQD 9kw\/Broche de refroidissement par air HSD 9kw<\/td>\n<\/tr>\n<tr>\n<td width=\"414\">VITESSE DE ROTATION DE LA BROCHE<\/td>\n<td width=\"941\">18000 tr\/min \/ 24000 tr\/min<\/td>\n<\/tr>\n<tr>\n<td width=\"414\">INVERSEUR<\/td>\n<td width=\"941\">Onduleur 11KW<\/td>\n<\/tr>\n<tr>\n<td width=\"414\">MOTEUR D'ENTRA\u00ceNEMENT<\/td>\n<td width=\"941\">Servomoteur 750W<\/td>\n<\/tr>\n<tr>\n<td width=\"414\">SYST\u00c8ME DE CONTR\u00d4LE<\/td>\n<td width=\"941\">Taiwan LNC<\/td>\n<\/tr>\n<tr>\n<td width=\"414\">POMPE D'ASPIRATION<\/td>\n<td width=\"941\">Pompe \u00e0 air 7,5KW<\/td>\n<\/tr>\n<tr>\n<td width=\"414\">RAIL LIN\u00c9AIRE<\/td>\n<td width=\"941\">Ta\u00efwan 25<\/td>\n<\/tr>\n<tr>\n<td width=\"414\">POIDS<\/td>\n<td width=\"941\">2500KGS<\/td>\n<\/tr>\n<tr>\n<td width=\"414\">TAILLE<\/td>\n<td width=\"941\">L3500mm*L2200*H2100<\/td>\n<\/tr>\n<\/tbody>\n<\/table>","protected":false},"excerpt":{"rendered":"<p>Unlock Unmatched Capability for Intricate Woodworking &amp; Industrial Manufacturing Meet the next generation ATC CNC Router engineered for perfection in complex 3D designs. Our industrial-grade system combines micron-level accuracy with automated tool-changing technology ; delivering flawless results across wood, composites, and metals. &nbsp; Key Advantages: True Manufacturing Powerhouse: As a dedicated manufacturing ATC CNC router, [&hellip;]<\/p>\n","protected":false},"featured_media":4054,"template":"","meta":{"_seopress_robots_primary_cat":"none","_seopress_titles_title":"%%post_title%% %%sitetitle%%","_seopress_titles_desc":"","_seopress_robots_index":"","_uag_custom_page_level_css":"","site-sidebar-layout":"default","site-content-layout":"","ast-site-content-layout":"default","site-content-style":"default","site-sidebar-style":"default","ast-global-header-display":"","ast-banner-title-visibility":"","ast-main-header-display":"","ast-hfb-above-header-display":"","ast-hfb-below-header-display":"","ast-hfb-mobile-header-display":"","site-post-title":"","ast-breadcrumbs-content":"","ast-featured-img":"","footer-sml-layout":"","ast-disable-related-posts":"","theme-transparent-header-meta":"default","adv-header-id-meta":"","stick-header-meta":"default","header-above-stick-meta":"","header-main-stick-meta":"","header-below-stick-meta":"","astra-migrate-meta-layouts":"set","ast-page-background-enabled":"default","ast-page-background-meta":{"desktop":{"background-color":"","background-image":"","background-repeat":"repeat","background-position":"center center","background-size":"auto","background-attachment":"scroll","background-type":"","background-media":"","overlay-type":"","overlay-color":"","overlay-opacity":"","overlay-gradient":""},"tablet":{"background-color":"","background-image":"","background-repeat":"repeat","background-position":"center center","background-size":"auto","background-attachment":"scroll","background-type":"","background-media":"","overlay-type":"","overlay-color":"","overlay-opacity":"","overlay-gradient":""},"mobile":{"background-color":"","background-image":"","background-repeat":"repeat","background-position":"center center","background-size":"auto","background-attachment":"scroll","background-type":"","background-media":"","overlay-type":"","overlay-color":"","overlay-opacity":"","overlay-gradient":""}},"ast-content-background-meta":{"desktop":{"background-color":"var(--ast-global-color-5)","background-image":"","background-repeat":"repeat","background-position":"center center","background-size":"auto","background-attachment":"scroll","background-type":"","background-media":"","overlay-type":"","overlay-color":"","overlay-opacity":"","overlay-gradient":""},"tablet":{"background-color":"var(--ast-global-color-5)","background-image":"","background-repeat":"repeat","background-position":"center center","background-size":"auto","background-attachment":"scroll","background-type":"","background-media":"","overlay-type":"","overlay-color":"","overlay-opacity":"","overlay-gradient":""},"mobile":{"background-color":"var(--ast-global-color-5)","background-image":"","background-repeat":"repeat","background-position":"center center","background-size":"auto","background-attachment":"scroll","background-type":"","background-media":"","overlay-type":"","overlay-color":"","overlay-opacity":"","overlay-gradient":""}}},"product_brand":[],"product_cat":[65],"product_tag":[72,71,70,73],"class_list":{"0":"post-4051","1":"product","2":"type-product","3":"status-publish","4":"has-post-thumbnail","6":"product_cat-atccnc","7":"product_tag-48-atc-cnc-router","8":"product_tag-atc-cnc-router","9":"product_tag-cnc-router","10":"product_tag-linear-atc-cnc-router","11":"desktop-align-left","12":"tablet-align-left","13":"mobile-align-left","14":"ast-product-gallery-layout-horizontal-slider","15":"ast-product-gallery-with-no-image","16":"ast-product-tabs-layout-horizontal","18":"first","19":"instock","20":"shipping-taxable","21":"product-type-simple"},"uagb_featured_image_src":{"full":["https:\/\/wisecnclaser.com\/wp-content\/uploads\/2025\/06\/\u5fae\u4fe1\u56fe\u7247_20240626151355.jpg",1706,1280,false],"thumbnail":["https:\/\/wisecnclaser.com\/wp-content\/uploads\/2025\/06\/\u5fae\u4fe1\u56fe\u7247_20240626151355-150x150.jpg",150,150,true],"medium":["https:\/\/wisecnclaser.com\/wp-content\/uploads\/2025\/06\/\u5fae\u4fe1\u56fe\u7247_20240626151355-300x225.jpg",300,225,true],"medium_large":["https:\/\/wisecnclaser.com\/wp-content\/uploads\/2025\/06\/\u5fae\u4fe1\u56fe\u7247_20240626151355-768x576.jpg",768,576,true],"large":["https:\/\/wisecnclaser.com\/wp-content\/uploads\/2025\/06\/\u5fae\u4fe1\u56fe\u7247_20240626151355-1024x768.jpg",1024,768,true],"1536x1536":["https:\/\/wisecnclaser.com\/wp-content\/uploads\/2025\/06\/\u5fae\u4fe1\u56fe\u7247_20240626151355-1536x1152.jpg",1536,1152,true],"2048x2048":["https:\/\/wisecnclaser.com\/wp-content\/uploads\/2025\/06\/\u5fae\u4fe1\u56fe\u7247_20240626151355.jpg",1706,1280,false],"trp-custom-language-flag":["https:\/\/wisecnclaser.com\/wp-content\/uploads\/2025\/06\/\u5fae\u4fe1\u56fe\u7247_20240626151355-16x12.jpg",16,12,true],"woocommerce_thumbnail":["https:\/\/wisecnclaser.com\/wp-content\/uploads\/2025\/06\/\u5fae\u4fe1\u56fe\u7247_20240626151355-300x300.jpg",300,300,true],"woocommerce_single":["https:\/\/wisecnclaser.com\/wp-content\/uploads\/2025\/06\/\u5fae\u4fe1\u56fe\u7247_20240626151355-600x450.jpg",600,450,true],"woocommerce_gallery_thumbnail":["https:\/\/wisecnclaser.com\/wp-content\/uploads\/2025\/06\/\u5fae\u4fe1\u56fe\u7247_20240626151355-100x100.jpg",100,100,true]},"uagb_author_info":{"display_name":"jinxing6611@gmail.com","author_link":"https:\/\/wisecnclaser.com\/fr\/author\/"},"uagb_comment_info":0,"uagb_excerpt":"Unlock Unmatched Capability for Intricate Woodworking &amp; Industrial Manufacturing Meet the next generation ATC CNC Router engineered for perfection in complex 3D designs. Our industrial-grade system combines micron-level accuracy with automated tool-changing technology ; delivering flawless results across wood, composites, and metals. &nbsp; Key Advantages: True Manufacturing Powerhouse: As a dedicated manufacturing ATC CNC router,\u2026","_links":{"self":[{"href":"https:\/\/wisecnclaser.com\/fr\/wp-json\/wp\/v2\/product\/4051","targetHints":{"allow":["GET"]}}],"collection":[{"href":"https:\/\/wisecnclaser.com\/fr\/wp-json\/wp\/v2\/product"}],"about":[{"href":"https:\/\/wisecnclaser.com\/fr\/wp-json\/wp\/v2\/types\/product"}],"wp:featuredmedia":[{"embeddable":true,"href":"https:\/\/wisecnclaser.com\/fr\/wp-json\/wp\/v2\/media\/4054"}],"wp:attachment":[{"href":"https:\/\/wisecnclaser.com\/fr\/wp-json\/wp\/v2\/media?parent=4051"}],"wp:term":[{"taxonomy":"product_brand","embeddable":true,"href":"https:\/\/wisecnclaser.com\/fr\/wp-json\/wp\/v2\/product_brand?post=4051"},{"taxonomy":"product_cat","embeddable":true,"href":"https:\/\/wisecnclaser.com\/fr\/wp-json\/wp\/v2\/product_cat?post=4051"},{"taxonomy":"product_tag","embeddable":true,"href":"https:\/\/wisecnclaser.com\/fr\/wp-json\/wp\/v2\/product_tag?post=4051"}],"curies":[{"name":"wp","href":"https:\/\/api.w.org\/{rel}","templated":true}]}}