{"id":4078,"date":"2025-07-10T03:24:45","date_gmt":"2025-07-10T03:24:45","guid":{"rendered":"https:\/\/wisecnclaser.com\/?post_type=product&#038;p=4078"},"modified":"2025-11-19T01:46:01","modified_gmt":"2025-11-19T01:46:01","slug":"ws1322-low-cost-cnc-foam-cutter-for-startups","status":"publish","type":"product","link":"https:\/\/wisecnclaser.com\/fr\/produit\/ws1322-low-cost-cnc-foam-cutter-for-startups\/","title":{"rendered":"WS1322 D\u00e9coupeur de mousse CNC \u00e0 bas prix pour les startups"},"content":{"rendered":"<p>D\u00e9coupe de mousse CNC \u00e0 prix abordable pour les entreprises en phase de d\u00e9marrage<\/p>\n<p>&nbsp;<\/p>\n<p>Vous en avez assez de sous-traiter vos prototypes ? Faites entrer la d\u00e9coupe de pr\u00e9cision de la mousse dans votre entreprise sans les prix industriels. La d\u00e9coupeuse de mousse de polystyr\u00e8ne \u00e0 fil chaud WS1322 offre des capacit\u00e9s CNC professionnelles \u00e0 un prix abordable.<\/p>\n<p>&nbsp;<\/p>\n<p>Pourquoi les startups aiment la pince coupante WS1322 ?<\/p>\n<p>&nbsp;<\/p>\n<p>Radicalement abordable:\u2153 du co\u00fbt des syst\u00e8mes industriels. Le retour sur investissement se fait en quelques semaines, pas en quelques ann\u00e9es.<\/p>\n<p>Conception intelligente de l'espace : Convient aux garages, aux petits ateliers ou aux espaces de bricolage (zone de travail de 1300*2200 mm).<\/p>\n<p>Prototypage rapide : Transformez les fichiers CAO (DXF, SVG) en pi\u00e8ces physiques en EPS\/XPS\/mousse de polyur\u00e9thane en quelques heures.<\/p>\n<p>Simplicit\u00e9 Plug-&amp;-Cut : Logiciel intuitif + \u00e9talonnage automatique - aucune expertise en CNC n'est n\u00e9cessaire.<\/p>\n<p>Pr\u00e9cision du fil chaud : Cr\u00e9ez des formes lisses et complexes pour les avions RC, les emballages, les mod\u00e8les architecturaux et les pr\u00e9sentoirs.<\/p>\n<p>Une assistance pr\u00eate \u00e0 l'emploi : Tutoriels d\u00e9di\u00e9s, chat en direct et mises \u00e0 jour modulaires.<\/p>\n<p>&nbsp;<\/p>\n<p>Parfait pour :<\/p>\n<p>\u2713 Prototypage de produits<\/p>\n<p>\u2713 Mod\u00e8les architecturaux<\/p>\n<p>\u2713 Drone et composants RC<\/p>\n<p>\u2713 Inserts d'emballage personnalis\u00e9s<\/p>\n<p>\u2713 Fabrication d'expositions et de pr\u00e9sentoirs<\/p>\n<p>Lettre en mousse et support en mousse<\/p>\n<p>&nbsp;<\/p>\n<p>Param\u00e8tres techniques de la machine de d\u00e9coupe de mousse 3D \u00e0 fil chaud WS1322 5 axes :<\/p>\n<table>\n<tbody>\n<tr>\n<td colspan=\"2\" width=\"1182\">Machine de d\u00e9coupe de mousse \u00e0 fil chaud \u00e0 5 axes<\/td>\n<\/tr>\n<tr>\n<td width=\"218\">Objet<\/td>\n<td width=\"963\">Param\u00e8tres techniques<\/td>\n<\/tr>\n<tr>\n<td width=\"218\">Logiciel<\/td>\n<td width=\"963\">Logiciel professionnel de CAO<\/td>\n<\/tr>\n<tr>\n<td width=\"218\">Syst\u00e8me de conduite<\/td>\n<td width=\"963\">86 mod\u00e8le de moteur pas \u00e0 pas+860H driver<\/td>\n<\/tr>\n<tr>\n<td width=\"218\">Puissance de travail<\/td>\n<td width=\"963\">220V\/380V<\/td>\n<\/tr>\n<tr>\n<td width=\"218\">Conducteur<\/td>\n<td width=\"963\">Marque chinoise\/kailida<\/td>\n<\/tr>\n<tr>\n<td width=\"218\">Contacteur CA<\/td>\n<td width=\"963\">Delixi\/Chint<\/td>\n<\/tr>\n<tr>\n<td width=\"218\">Relais<\/td>\n<td width=\"963\">Delixi\/Chint<\/td>\n<\/tr>\n<tr>\n<td width=\"218\">Interrupteurs<\/td>\n<td width=\"963\">Delixi\/Chint<\/td>\n<\/tr>\n<tr>\n<td width=\"218\">C\u00e2ble \u00e9lectrique<\/td>\n<td width=\"963\">Adopter un c\u00e2ble blind\u00e9 tr\u00e8s flexible et une cha\u00eene de tra\u00eenage tr\u00e8s r\u00e9sistante de qualit\u00e9 industrielle.<\/td>\n<\/tr>\n<tr>\n<td width=\"218\">Portique<\/td>\n<td width=\"963\">Une paire de portiques verticaux sans couverture verticale pour la coupe de fils simples<\/td>\n<\/tr>\n<tr>\n<td width=\"218\">Table tournante<\/td>\n<td width=\"963\">pour la d\u00e9coupe 3D<\/td>\n<\/tr>\n<tr>\n<td width=\"218\">Contr\u00f4leur<\/td>\n<td width=\"963\">\u00a0contr\u00f4leur cnc usb<\/td>\n<\/tr>\n<tr>\n<td width=\"218\">Contr\u00f4le<\/td>\n<td width=\"963\">Contr\u00f4le \u00e9lectrique d\u00e9pendant<\/td>\n<\/tr>\n<tr>\n<td width=\"218\">Transmission<\/td>\n<td width=\"963\">Transmission par vis \u00e0 billes<\/td>\n<\/tr>\n<tr>\n<td width=\"218\">Cadre de la machine<\/td>\n<td width=\"963\">Cadre en acier soud\u00e9<\/td>\n<\/tr>\n<\/tbody>\n<\/table>\n<p>&nbsp;<\/p>\n<table>\n<tbody>\n<tr>\n<td width=\"218\">Transformateur de machine<\/td>\n<td width=\"963\">Transformateur professionnel pour coupeur de mousse \u00e0 fil chaud<\/td>\n<\/tr>\n<tr>\n<td width=\"218\">Corps du cadre<\/td>\n<td width=\"963\">Cadre en acier soud\u00e9<\/td>\n<\/tr>\n<\/tbody>\n<\/table>\n<p>N'attendez plus. Commencez \u00e0 cr\u00e9er.<\/p>\n<p>WS1322 coupeur de mousse styro \u00e0 fil chaud : Votre raccourci du concept au prototype physique.<\/p>\n<p>&nbsp;<\/p>\n<p><strong><b>5<\/b><\/strong><strong><b>\u00a0Param\u00e8tres de la machine \u00e0 d\u00e9couper la mousse \u00e0 fil chaud Axis<\/b><\/strong><\/p>\n<p>Taille de coupe effective : 22ppmm*1300*1250mm (longueur*largeur*hauteur)<\/p>\n<p>Taille de travail de l'axe X : 1300 mm<\/p>\n<p>Taille de travail de l'axe Y : 2200 mm<\/p>\n<p>Pr\u00e9cision de coupe : +\/-0,2 mm (en fonction du mat\u00e9riau du fil chaud, de l'environnement et de l'humidit\u00e9 de la mousse, etc.)<\/p>\n<p>Structure de la table de travail : tube d'acier \u00e9pais soud\u00e9 (\u22652.0mm)<\/p>\n<p>Puissance de fonctionnement : AC220 50HZ\/ AC380V<\/p>\n<p>Portique : aluminium plus large et plus \u00e9pais \uff08\u22652.0mm\uff09<\/p>\n<p>&nbsp;<\/p>\n<p><strong><b>Principal<\/b><\/strong><strong><b> Pi\u00e8ces d\u00e9tach\u00e9es d'un coupeur de mousse d'entr\u00e9e de gamme :<\/b><\/strong><\/p>\n<p>Syst\u00e8me de guidage : Rail rond lin\u00e9aire SBR<\/p>\n<p>Transmission par vis \u00e0 billes : vis \u00e0 billes TBI de haute pr\u00e9cision<\/p>\n<p>Moteur d'entra\u00eenement : moteur pas \u00e0 pas \u00e0 haute vitesse<\/p>\n<p>Armoire de commande : nouvelle armoire adapt\u00e9e \u00e0 l'exportation<\/p>\n<p>Table de travail : MDF haute densit\u00e9 de 18 mm<\/p>\n<p>Contr\u00f4leur : nouveau contr\u00f4leur industriel<\/p>\n<p>Syst\u00e8me de chauffage : Puissance de 3kw<\/p>\n<p>C\u00e2bles : c\u00e2ble blind\u00e9 tr\u00e8s flexible et durable<\/p>\n<div class=\"ast-oembed-container\" style=\"height: 100%;\"><iframe title=\"Machine de d\u00e9coupe de mousse \u00e0 fil chaud, machine de d\u00e9coupe de mousse 2d 3d 4d eps, machine de d\u00e9coupe de mousse \u00e0 fil chaud, machine de d\u00e9coupe de mousse \u00e0 5 axes\" width=\"500\" height=\"281\" src=\"https:\/\/www.youtube.com\/embed\/9-fhBUUosA8?feature=oembed\" frameborder=\"0\" allow=\"accelerometer; autoplay; clipboard-write; encrypted-media; gyroscope; picture-in-picture; web-share\" referrerpolicy=\"strict-origin-when-cross-origin\" allowfullscreen><\/iframe><\/div>","protected":false},"excerpt":{"rendered":"<p>Affordable CNC Foam Cutting for Lean Startups &nbsp; Tired of outsourcing prototypes? Bring precision foam cutting in-house without industrial price tags. The WS1322 hot wire polystyrene foam cutter delivers professional CNC capabilities at a startup-friendly price. &nbsp; Why Startups Love WS1322 hot wire cutter? &nbsp; Radically Affordable:\u2153 the cost of industrial systems. ROI in weeks, [&hellip;]<\/p>\n","protected":false},"featured_media":4010,"template":"","meta":{"_seopress_robots_primary_cat":"none","_seopress_titles_title":"%%post_title%% %%sitetitle%%","_seopress_titles_desc":"","_seopress_robots_index":"","_uag_custom_page_level_css":"","site-sidebar-layout":"default","site-content-layout":"","ast-site-content-layout":"default","site-content-style":"default","site-sidebar-style":"default","ast-global-header-display":"","ast-banner-title-visibility":"","ast-main-header-display":"","ast-hfb-above-header-display":"","ast-hfb-below-header-display":"","ast-hfb-mobile-header-display":"","site-post-title":"","ast-breadcrumbs-content":"","ast-featured-img":"","footer-sml-layout":"","ast-disable-related-posts":"","theme-transparent-header-meta":"default","adv-header-id-meta":"","stick-header-meta":"default","header-above-stick-meta":"","header-main-stick-meta":"","header-below-stick-meta":"","astra-migrate-meta-layouts":"set","ast-page-background-enabled":"default","ast-page-background-meta":{"desktop":{"background-color":"","background-image":"","background-repeat":"repeat","background-position":"center center","background-size":"auto","background-attachment":"scroll","background-type":"","background-media":"","overlay-type":"","overlay-color":"","overlay-opacity":"","overlay-gradient":""},"tablet":{"background-color":"","background-image":"","background-repeat":"repeat","background-position":"center center","background-size":"auto","background-attachment":"scroll","background-type":"","background-media":"","overlay-type":"","overlay-color":"","overlay-opacity":"","overlay-gradient":""},"mobile":{"background-color":"","background-image":"","background-repeat":"repeat","background-position":"center center","background-size":"auto","background-attachment":"scroll","background-type":"","background-media":"","overlay-type":"","overlay-color":"","overlay-opacity":"","overlay-gradient":""}},"ast-content-background-meta":{"desktop":{"background-color":"var(--ast-global-color-5)","background-image":"","background-repeat":"repeat","background-position":"center center","background-size":"auto","background-attachment":"scroll","background-type":"","background-media":"","overlay-type":"","overlay-color":"","overlay-opacity":"","overlay-gradient":""},"tablet":{"background-color":"var(--ast-global-color-5)","background-image":"","background-repeat":"repeat","background-position":"center center","background-size":"auto","background-attachment":"scroll","background-type":"","background-media":"","overlay-type":"","overlay-color":"","overlay-opacity":"","overlay-gradient":""},"mobile":{"background-color":"var(--ast-global-color-5)","background-image":"","background-repeat":"repeat","background-position":"center center","background-size":"auto","background-attachment":"scroll","background-type":"","background-media":"","overlay-type":"","overlay-color":"","overlay-opacity":"","overlay-gradient":""}}},"product_brand":[],"product_cat":[43],"product_tag":[90,86,89,87,88],"class_list":{"0":"post-4078","1":"product","2":"type-product","3":"status-publish","4":"has-post-thumbnail","6":"product_cat-foam","7":"product_tag-3d-cnc-foam-cutter","8":"product_tag-3d-foam-cutting-machine","9":"product_tag-3d-hot-wire-foam-cutter","10":"product_tag-5-axis-foam-cutting-machine","11":"product_tag-hot-wire-foam-cutting-machine","12":"desktop-align-left","13":"tablet-align-left","14":"mobile-align-left","15":"ast-product-gallery-layout-horizontal-slider","16":"ast-product-gallery-with-no-image","17":"ast-product-tabs-layout-horizontal","19":"first","20":"instock","21":"featured","22":"shipping-taxable","23":"product-type-simple"},"uagb_featured_image_src":{"full":["https:\/\/wisecnclaser.com\/wp-content\/uploads\/2025\/05\/5-axis-foam-cutter.png",1080,1080,false],"thumbnail":["https:\/\/wisecnclaser.com\/wp-content\/uploads\/2025\/05\/5-axis-foam-cutter-150x150.png",150,150,true],"medium":["https:\/\/wisecnclaser.com\/wp-content\/uploads\/2025\/05\/5-axis-foam-cutter-300x300.png",300,300,true],"medium_large":["https:\/\/wisecnclaser.com\/wp-content\/uploads\/2025\/05\/5-axis-foam-cutter-768x768.png",768,768,true],"large":["https:\/\/wisecnclaser.com\/wp-content\/uploads\/2025\/05\/5-axis-foam-cutter-1024x1024.png",1024,1024,true],"1536x1536":["https:\/\/wisecnclaser.com\/wp-content\/uploads\/2025\/05\/5-axis-foam-cutter.png",1080,1080,false],"2048x2048":["https:\/\/wisecnclaser.com\/wp-content\/uploads\/2025\/05\/5-axis-foam-cutter.png",1080,1080,false],"trp-custom-language-flag":["https:\/\/wisecnclaser.com\/wp-content\/uploads\/2025\/05\/5-axis-foam-cutter-12x12.png",12,12,true],"woocommerce_thumbnail":["https:\/\/wisecnclaser.com\/wp-content\/uploads\/2025\/05\/5-axis-foam-cutter-300x300.png",300,300,true],"woocommerce_single":["https:\/\/wisecnclaser.com\/wp-content\/uploads\/2025\/05\/5-axis-foam-cutter-600x600.png",600,600,true],"woocommerce_gallery_thumbnail":["https:\/\/wisecnclaser.com\/wp-content\/uploads\/2025\/05\/5-axis-foam-cutter-100x100.png",100,100,true]},"uagb_author_info":{"display_name":"jinxing6611@gmail.com","author_link":"https:\/\/wisecnclaser.com\/fr\/author\/"},"uagb_comment_info":0,"uagb_excerpt":"Affordable CNC Foam Cutting for Lean Startups &nbsp; Tired of outsourcing prototypes? Bring precision foam cutting in-house without industrial price tags. The WS1322 hot wire polystyrene foam cutter delivers professional CNC capabilities at a startup-friendly price. &nbsp; Why Startups Love WS1322 hot wire cutter? &nbsp; Radically Affordable:\u2153 the cost of industrial systems. ROI in weeks,\u2026","_links":{"self":[{"href":"https:\/\/wisecnclaser.com\/fr\/wp-json\/wp\/v2\/product\/4078","targetHints":{"allow":["GET"]}}],"collection":[{"href":"https:\/\/wisecnclaser.com\/fr\/wp-json\/wp\/v2\/product"}],"about":[{"href":"https:\/\/wisecnclaser.com\/fr\/wp-json\/wp\/v2\/types\/product"}],"wp:featuredmedia":[{"embeddable":true,"href":"https:\/\/wisecnclaser.com\/fr\/wp-json\/wp\/v2\/media\/4010"}],"wp:attachment":[{"href":"https:\/\/wisecnclaser.com\/fr\/wp-json\/wp\/v2\/media?parent=4078"}],"wp:term":[{"taxonomy":"product_brand","embeddable":true,"href":"https:\/\/wisecnclaser.com\/fr\/wp-json\/wp\/v2\/product_brand?post=4078"},{"taxonomy":"product_cat","embeddable":true,"href":"https:\/\/wisecnclaser.com\/fr\/wp-json\/wp\/v2\/product_cat?post=4078"},{"taxonomy":"product_tag","embeddable":true,"href":"https:\/\/wisecnclaser.com\/fr\/wp-json\/wp\/v2\/product_tag?post=4078"}],"curies":[{"name":"wp","href":"https:\/\/api.w.org\/{rel}","templated":true}]}}