{"id":4158,"date":"2025-09-05T01:00:22","date_gmt":"2025-09-05T01:00:22","guid":{"rendered":"https:\/\/wisecnclaser.com\/?post_type=product&#038;p=4158"},"modified":"2025-09-05T01:00:23","modified_gmt":"2025-09-05T01:00:23","slug":"plasma-cutting-machine","status":"publish","type":"product","link":"https:\/\/wisecnclaser.com\/fr\/produit\/plasma-cutting-machine\/","title":{"rendered":"Machine de d\u00e9coupe plasma \u00e0 portique pour la d\u00e9coupe d'acier en m\u00e9tal \u00e9pais"},"content":{"rendered":"<h2>Solution de coupe de m\u00e9tal haute performance<\/h2>\n<p>Faites l'exp\u00e9rience d'une pr\u00e9cision et d'une efficacit\u00e9 in\u00e9gal\u00e9es avec notre machine de d\u00e9coupe plasma de type portique, con\u00e7ue pour les besoins de d\u00e9coupe de m\u00e9taux \u00e9pais et de fabrication d'acier. Qu'il s'agisse de projets industriels ou de travaux sp\u00e9cialis\u00e9s, cette machine est \u00e9quip\u00e9e pour fournir des r\u00e9sultats de qualit\u00e9 sup\u00e9rieure.<\/p>\n<p>Dot\u00e9 d'une t\u00eate de d\u00e9coupe plasma de 200 A, il assure une d\u00e9coupe pr\u00e9cise des m\u00e9taux jusqu'\u00e0 20 mm d'\u00e9paisseur. Pour les travaux plus lourds, la t\u00eate d'oxycoupage int\u00e9gr\u00e9e d\u00e9coupe sans effort des m\u00e9taux jusqu'\u00e0 300 mm, ce qui en fait un outil essentiel pour diverses applications dans les secteurs de la fabrication et du traitement des m\u00e9taux.<\/p>\n<h2>Caract\u00e9ristiques avanc\u00e9es pour une efficacit\u00e9 maximale<\/h2>\n<p>Cette machine de d\u00e9coupe plasma \u00e0 portique se distingue par sa construction robuste et ses fonctionnalit\u00e9s avanc\u00e9es. La conception du portique assure la stabilit\u00e9 et la pr\u00e9cision, permettant des coupes pr\u00e9cises m\u00eame sur les t\u00f4les les plus \u00e9paisses. Gr\u00e2ce aux deux options de d\u00e9coupe - une t\u00eate plasma puissante et des outils d'oxycoupage r\u00e9glables - vous pouvez personnaliser le processus en fonction de vos mat\u00e9riaux et des sp\u00e9cifications de votre projet.<\/p>\n<p>Son interface facile \u00e0 utiliser rationalise les op\u00e9rations, r\u00e9duisant le temps de pr\u00e9paration et am\u00e9liorant la productivit\u00e9. La machine est con\u00e7ue pour r\u00e9pondre \u00e0 des normes de fabrication rigoureuses tout en conservant des commandes conviviales, ce qui garantit des performances optimales tant pour les professionnels exp\u00e9riment\u00e9s que pour les nouveaux venus.<\/p>\n<h2>Id\u00e9al pour les applications industrielles et lourdes<\/h2>\n<p>Que ce soit dans les ateliers de fabrication d'acier ou dans les grandes installations industrielles, cette machine \u00e0 d\u00e9couper offre polyvalence et fiabilit\u00e9. C'est un excellent choix pour la cr\u00e9ation de composants, l'\u00e9laboration de structures et la r\u00e9alisation de projets exigeant pr\u00e9cision et durabilit\u00e9.<\/p>\n<p>Investissez dans une solution con\u00e7ue pour traiter facilement les mat\u00e9riaux les plus difficiles. Avec des capacit\u00e9s de coupe allant de 20 mm \u00e0 300 mm, cette machine est con\u00e7ue pour \u00e9conomiser du temps et des ressources tout en fournissant des r\u00e9sultats pr\u00e9cis.<\/p>\n<p>Am\u00e9liorez d\u00e8s aujourd'hui vos op\u00e9rations de d\u00e9coupe des m\u00e9taux avec la machine de d\u00e9coupe plasma de type portique, le choix ultime pour la d\u00e9coupe des m\u00e9taux \u00e9pais et l'excellence de la fabrication de l'acier.<\/p>\n<p>Param\u00e8tres techniques de la machine de d\u00e9coupe plasma \u00e0 portique de grande taille :<\/p>\n<table>\n<tbody>\n<tr>\n<td colspan=\"2\" width=\"1324\"><strong>Description et sp\u00e9cifications :<\/strong><\/td>\n<\/tr>\n<tr>\n<td width=\"662\">Mod\u00e8le<\/td>\n<td width=\"662\">WS2060<\/td>\n<\/tr>\n<tr>\n<td width=\"662\">Taille de travail<\/td>\n<td width=\"662\">2000*6000mm<\/td>\n<\/tr>\n<tr>\n<td width=\"662\">Corps de la machine<\/td>\n<td width=\"662\">Structure robuste Tube carr\u00e9 avec r\u00e9servoir d'eau<\/td>\n<\/tr>\n<tr>\n<td width=\"662\">Alimentation \u00e9lectrique<\/td>\n<td width=\"662\">Puissance 200A (m\u00e9tal coup\u00e9 inf\u00e9rieur \u00e0 20mm), Flamme m\u00e9tal coup\u00e9 inf\u00e9rieur \u00e0 300mm<\/td>\n<\/tr>\n<tr>\n<td width=\"662\">Epaisseur de coupe<\/td>\n<td width=\"662\">300mm max<\/td>\n<\/tr>\n<tr>\n<td width=\"662\">Pr\u00e9cision de coupe<\/td>\n<td width=\"662\">\u00b10,5 mm<\/td>\n<\/tr>\n<tr>\n<td width=\"662\">Pr\u00e9cision du repositionnement<\/td>\n<td width=\"662\">\u00b10,05 mm<\/td>\n<\/tr>\n<tr>\n<td width=\"662\">Vitesse de d\u00e9placement<\/td>\n<td width=\"662\">15m\/min<\/td>\n<\/tr>\n<tr>\n<td width=\"662\">vitesse de coupe<\/td>\n<td width=\"662\">8m\/min<\/td>\n<\/tr>\n<tr>\n<td width=\"662\">Contr\u00f4leur de hauteur de la torche<\/td>\n<td width=\"662\">Contr\u00f4le de la marque de d\u00e9marrage - Contr\u00f4le de la tension de l'arc<\/td>\n<\/tr>\n<tr>\n<td width=\"662\">Puissance brute<\/td>\n<td width=\"662\">8,5-10,5KW<\/td>\n<\/tr>\n<tr>\n<td width=\"662\">Syst\u00e8me de contr\u00f4le<\/td>\n<td width=\"662\">Syst\u00e8me de contr\u00f4le de d\u00e9marrage sp\u00e9cialement con\u00e7u pour le plasma<\/td>\n<\/tr>\n<tr>\n<td width=\"662\">Moteur<\/td>\n<td width=\"662\">Pas \u00e0 pas<\/td>\n<\/tr>\n<tr>\n<td width=\"662\"><a href=\"app:ds:consumable\">Consommable<\/a>\u00a0<a href=\"app:ds:items\">articles<\/a><\/td>\n<td width=\"662\">Meilleure marque chinoise (polaire et jet) 20 ensembles<\/td>\n<\/tr>\n<tr>\n<td width=\"662\">Mode de transmission<\/td>\n<td width=\"662\">TBI rail de guidage carr\u00e9 et roue dent\u00e9e pour axe XY<\/td>\n<\/tr>\n<tr>\n<td width=\"662\">Mode d'entr\u00e9e des fichiers<\/td>\n<td width=\"662\">USB<\/td>\n<\/tr>\n<tr>\n<td width=\"662\">Logiciel<\/td>\n<td width=\"662\">Ucancam V9<\/td>\n<\/tr>\n<\/tbody>\n<\/table>\n<p>Photos de la machine :<\/p>\n<p><img alt=\"\" fetchpriority=\"high\" decoding=\"async\" class=\"alignnone size-full wp-image-4162\" src=\"https:\/\/wisecnclaser.com\/wp-content\/uploads\/2025\/09\/0.jpg\" width=\"800\" height=\"800\" srcset=\"https:\/\/wisecnclaser.com\/wp-content\/uploads\/2025\/09\/0.jpg 800w, https:\/\/wisecnclaser.com\/wp-content\/uploads\/2025\/09\/0-300x300.jpg 300w, https:\/\/wisecnclaser.com\/wp-content\/uploads\/2025\/09\/0-150x150.jpg 150w, https:\/\/wisecnclaser.com\/wp-content\/uploads\/2025\/09\/0-768x768.jpg 768w, https:\/\/wisecnclaser.com\/wp-content\/uploads\/2025\/09\/0-12x12.jpg 12w, https:\/\/wisecnclaser.com\/wp-content\/uploads\/2025\/09\/0-600x600.jpg 600w, https:\/\/wisecnclaser.com\/wp-content\/uploads\/2025\/09\/0-100x100.jpg 100w\" sizes=\"(max-width: 800px) 100vw, 800px\" \/><\/p>\n<p>\u00c9chantillons de coupe :<\/p>\n<p><img alt=\"\" decoding=\"async\" class=\"alignnone size-full wp-image-4163\" src=\"https:\/\/wisecnclaser.com\/wp-content\/uploads\/2025\/09\/\u672a\u547d\u540d.jpg\" width=\"800\" height=\"800\" srcset=\"https:\/\/wisecnclaser.com\/wp-content\/uploads\/2025\/09\/\u672a\u547d\u540d.jpg 800w, https:\/\/wisecnclaser.com\/wp-content\/uploads\/2025\/09\/\u672a\u547d\u540d-300x300.jpg 300w, https:\/\/wisecnclaser.com\/wp-content\/uploads\/2025\/09\/\u672a\u547d\u540d-150x150.jpg 150w, https:\/\/wisecnclaser.com\/wp-content\/uploads\/2025\/09\/\u672a\u547d\u540d-768x768.jpg 768w, https:\/\/wisecnclaser.com\/wp-content\/uploads\/2025\/09\/\u672a\u547d\u540d-12x12.jpg 12w, https:\/\/wisecnclaser.com\/wp-content\/uploads\/2025\/09\/\u672a\u547d\u540d-600x600.jpg 600w, https:\/\/wisecnclaser.com\/wp-content\/uploads\/2025\/09\/\u672a\u547d\u540d-100x100.jpg 100w\" sizes=\"(max-width: 800px) 100vw, 800px\" \/><\/p>","protected":false},"excerpt":{"rendered":"<p>Machine de d\u00e9coupe plasma de type portique pour la d\u00e9coupe de m\u00e9taux \u00e9pais, avec une t\u00eate de d\u00e9coupe plasma 200A et une t\u00eate d'oxycoupage, 200A peut couper du m\u00e9tal de 20 mm maximum, la t\u00eate d'oxycoupage peut couper du m\u00e9tal de 300 mm maximum, cette machine est principalement utilis\u00e9e pour la d\u00e9coupe de m\u00e9taux \u00e9pais et la fabrication d'acier m\u00e9tallique.<\/p>","protected":false},"featured_media":4161,"template":"","meta":{"_seopress_robots_primary_cat":"","_seopress_titles_title":"%%post_title%%","_seopress_titles_desc":"","_seopress_robots_index":"","_uag_custom_page_level_css":"","site-sidebar-layout":"default","site-content-layout":"","ast-site-content-layout":"default","site-content-style":"default","site-sidebar-style":"default","ast-global-header-display":"","ast-banner-title-visibility":"","ast-main-header-display":"","ast-hfb-above-header-display":"","ast-hfb-below-header-display":"","ast-hfb-mobile-header-display":"","site-post-title":"","ast-breadcrumbs-content":"","ast-featured-img":"","footer-sml-layout":"","ast-disable-related-posts":"","theme-transparent-header-meta":"default","adv-header-id-meta":"","stick-header-meta":"default","header-above-stick-meta":"","header-main-stick-meta":"","header-below-stick-meta":"","astra-migrate-meta-layouts":"set","ast-page-background-enabled":"default","ast-page-background-meta":{"desktop":{"background-color":"","background-image":"","background-repeat":"repeat","background-position":"center center","background-size":"auto","background-attachment":"scroll","background-type":"","background-media":"","overlay-type":"","overlay-color":"","overlay-opacity":"","overlay-gradient":""},"tablet":{"background-color":"","background-image":"","background-repeat":"repeat","background-position":"center center","background-size":"auto","background-attachment":"scroll","background-type":"","background-media":"","overlay-type":"","overlay-color":"","overlay-opacity":"","overlay-gradient":""},"mobile":{"background-color":"","background-image":"","background-repeat":"repeat","background-position":"center center","background-size":"auto","background-attachment":"scroll","background-type":"","background-media":"","overlay-type":"","overlay-color":"","overlay-opacity":"","overlay-gradient":""}},"ast-content-background-meta":{"desktop":{"background-color":"var(--ast-global-color-5)","background-image":"","background-repeat":"repeat","background-position":"center center","background-size":"auto","background-attachment":"scroll","background-type":"","background-media":"","overlay-type":"","overlay-color":"","overlay-opacity":"","overlay-gradient":""},"tablet":{"background-color":"var(--ast-global-color-5)","background-image":"","background-repeat":"repeat","background-position":"center center","background-size":"auto","background-attachment":"scroll","background-type":"","background-media":"","overlay-type":"","overlay-color":"","overlay-opacity":"","overlay-gradient":""},"mobile":{"background-color":"var(--ast-global-color-5)","background-image":"","background-repeat":"repeat","background-position":"center center","background-size":"auto","background-attachment":"scroll","background-type":"","background-media":"","overlay-type":"","overlay-color":"","overlay-opacity":"","overlay-gradient":""}}},"product_brand":[],"product_cat":[59],"product_tag":[133,128,131,126,130,136,124,123,122,132,129,135,127,134,125],"class_list":{"0":"post-4158","1":"product","2":"type-product","3":"status-publish","4":"has-post-thumbnail","6":"product_cat-plasma","7":"product_tag-2060-plasma-cutting-machine","8":"product_tag-carbon-steel-cutting-machine","9":"product_tag-china-plasma-cutting-machine","10":"product_tag-metal-cutting-machine","11":"product_tag-metal-machine-factory","12":"product_tag-metal-plasma-cutter","13":"product_tag-metal-plasma-cutting-machine","14":"product_tag-plasma-cutter","15":"product_tag-plasma-cutting-machine","16":"product_tag-plasma-cutting-machine-factory","17":"product_tag-stainless-steel-cutting-machine","18":"product_tag-steel-cutter","19":"product_tag-steel-cutting-machine","20":"product_tag-steel-fabrication-machine","21":"product_tag-steel-plasma-cutting-machine","22":"desktop-align-left","23":"tablet-align-left","24":"mobile-align-left","25":"ast-product-gallery-layout-horizontal-slider","26":"ast-product-gallery-with-no-image","27":"ast-product-tabs-layout-horizontal","29":"first","30":"instock","31":"shipping-taxable","32":"product-type-simple"},"uagb_featured_image_src":{"full":["https:\/\/wisecnclaser.com\/wp-content\/uploads\/2025\/09\/\u5fae\u4fe1\u56fe\u7247_20250904094659_11_155.png",751,492,false],"thumbnail":["https:\/\/wisecnclaser.com\/wp-content\/uploads\/2025\/09\/\u5fae\u4fe1\u56fe\u7247_20250904094659_11_155-150x150.png",150,150,true],"medium":["https:\/\/wisecnclaser.com\/wp-content\/uploads\/2025\/09\/\u5fae\u4fe1\u56fe\u7247_20250904094659_11_155-300x197.png",300,197,true],"medium_large":["https:\/\/wisecnclaser.com\/wp-content\/uploads\/2025\/09\/\u5fae\u4fe1\u56fe\u7247_20250904094659_11_155.png",751,492,false],"large":["https:\/\/wisecnclaser.com\/wp-content\/uploads\/2025\/09\/\u5fae\u4fe1\u56fe\u7247_20250904094659_11_155.png",751,492,false],"1536x1536":["https:\/\/wisecnclaser.com\/wp-content\/uploads\/2025\/09\/\u5fae\u4fe1\u56fe\u7247_20250904094659_11_155.png",751,492,false],"2048x2048":["https:\/\/wisecnclaser.com\/wp-content\/uploads\/2025\/09\/\u5fae\u4fe1\u56fe\u7247_20250904094659_11_155.png",751,492,false],"trp-custom-language-flag":["https:\/\/wisecnclaser.com\/wp-content\/uploads\/2025\/09\/\u5fae\u4fe1\u56fe\u7247_20250904094659_11_155-18x12.png",18,12,true],"woocommerce_thumbnail":["https:\/\/wisecnclaser.com\/wp-content\/uploads\/2025\/09\/\u5fae\u4fe1\u56fe\u7247_20250904094659_11_155-300x300.png",300,300,true],"woocommerce_single":["https:\/\/wisecnclaser.com\/wp-content\/uploads\/2025\/09\/\u5fae\u4fe1\u56fe\u7247_20250904094659_11_155-600x393.png",600,393,true],"woocommerce_gallery_thumbnail":["https:\/\/wisecnclaser.com\/wp-content\/uploads\/2025\/09\/\u5fae\u4fe1\u56fe\u7247_20250904094659_11_155-100x100.png",100,100,true]},"uagb_author_info":{"display_name":"jinxing6611@gmail.com","author_link":"https:\/\/wisecnclaser.com\/fr\/author\/"},"uagb_comment_info":0,"uagb_excerpt":"Gantry Type Plasma Cutting Machine for Thick Metal Cutting, with 200A plasma cutting head and one flame cutting head, 200A can cut 20mm max metal, flame cutting head can cut 300mm max, this machine is mainly used for thick metal cutting and metal steel fabrication.","_links":{"self":[{"href":"https:\/\/wisecnclaser.com\/fr\/wp-json\/wp\/v2\/product\/4158","targetHints":{"allow":["GET"]}}],"collection":[{"href":"https:\/\/wisecnclaser.com\/fr\/wp-json\/wp\/v2\/product"}],"about":[{"href":"https:\/\/wisecnclaser.com\/fr\/wp-json\/wp\/v2\/types\/product"}],"wp:featuredmedia":[{"embeddable":true,"href":"https:\/\/wisecnclaser.com\/fr\/wp-json\/wp\/v2\/media\/4161"}],"wp:attachment":[{"href":"https:\/\/wisecnclaser.com\/fr\/wp-json\/wp\/v2\/media?parent=4158"}],"wp:term":[{"taxonomy":"product_brand","embeddable":true,"href":"https:\/\/wisecnclaser.com\/fr\/wp-json\/wp\/v2\/product_brand?post=4158"},{"taxonomy":"product_cat","embeddable":true,"href":"https:\/\/wisecnclaser.com\/fr\/wp-json\/wp\/v2\/product_cat?post=4158"},{"taxonomy":"product_tag","embeddable":true,"href":"https:\/\/wisecnclaser.com\/fr\/wp-json\/wp\/v2\/product_tag?post=4158"}],"curies":[{"name":"wp","href":"https:\/\/api.w.org\/{rel}","templated":true}]}}