{"id":4165,"date":"2025-09-09T01:43:27","date_gmt":"2025-09-09T01:43:27","guid":{"rendered":"https:\/\/wisecnclaser.com\/?post_type=product&#038;p=4165"},"modified":"2025-09-09T01:43:27","modified_gmt":"2025-09-09T01:43:27","slug":"ws48-atc-cnc-router-solution-for-sign-making-industry","status":"publish","type":"product","link":"https:\/\/wisecnclaser.com\/fr\/produit\/ws48-atc-cnc-router-solution-for-sign-making-industry\/","title":{"rendered":"WS48 ATC CNC Router Solution pour l'industrie de la signal\u00e9tique"},"content":{"rendered":"<p><strong>La solution ultime de toupie CNC ATC pour l'industrie moderne de la fabrication d'enseignes<\/strong><\/p>\n<p>L'industrie de la fabrication d'enseignes est un domaine dynamique o\u00f9 la cr\u00e9ativit\u00e9 rencontre la pr\u00e9cision et les d\u00e9lais serr\u00e9s. Pour rester comp\u00e9titifs, les ateliers ont besoin d'une technologie non seulement polyvalente et pr\u00e9cise, mais aussi incroyablement efficace. C'est l\u00e0 que la d\u00e9fonceuse CNC \u00e0 changement d'outil automatis\u00e9 (ATC) a chang\u00e9 la donne, r\u00e9volutionnant la fa\u00e7on dont les enseignes sont con\u00e7ues et produites.<\/p>\n<p><strong>Le d\u00e9fi : Complexit\u00e9 et contraintes de temps<\/strong><\/p>\n<p>La fabrication traditionnelle de panneaux implique souvent un travail manuel pour diff\u00e9rents processus : fraisage, per\u00e7age, gravure et rainurage. Pour passer d'une op\u00e9ration \u00e0 l'autre, il fallait changer manuellement de m\u00e8che, ce qui prenait du temps, \u00e9tait source d'erreurs humaines et limitait la complexit\u00e9 des conceptions qui pouvaient \u00eatre r\u00e9alis\u00e9es de mani\u00e8re rentable.<\/p>\n<p><strong>La solution : Automatisation avec une machine CNC ATC<\/strong><\/p>\n<p>Une machine CNC ATC est sp\u00e9cialement con\u00e7ue pour surmonter ces obstacles. Son changeur d'outils automatique int\u00e9gr\u00e9 permet \u00e0 la d\u00e9fonceuse de changer de m\u00e8ches \u00e0 partir d'un carrousel pr\u00e9charg\u00e9 sans intervention de l'op\u00e9rateur, sur la base du programme de conception num\u00e9rique.<\/p>\n<p>Pour un atelier de signal\u00e9tique, cela signifie qu'une seule d\u00e9fonceuse CNC \u00e9quip\u00e9e de l'ATC peut r\u00e9aliser un travail complet en toute transparence : elle peut commencer par une passe d'\u00e9bauche \u00e0 l'aide d'une fraise de grand diam\u00e8tre, passer automatiquement \u00e0 une fraise \u00e0 bille fine pour une sculpture 3D d\u00e9taill\u00e9e, puis \u00e0 une fraise en V pour une gravure pr\u00e9cise du texte, et enfin utiliser une perceuse pour les trous de montage, le tout en un cycle ininterrompu.<\/p>\n<p><strong>Principaux avantages d'une d\u00e9fonceuse \u00e0 bois ATC pour la fabrication d'enseignes :<\/strong><\/p>\n<p>1. Productivit\u00e9 et efficacit\u00e9 in\u00e9gal\u00e9es : L'avantage le plus important est la r\u00e9duction consid\u00e9rable des temps d'arr\u00eat. Il n'est pas n\u00e9cessaire de mettre la machine en pause, de localiser la m\u00e8che suivante et de la calibrer manuellement. Cela permet de fabriquer sans lumi\u00e8re, d'ex\u00e9cuter des travaux complexes pendant la nuit et d'augmenter consid\u00e9rablement la production.<\/p>\n<p>2. Capacit\u00e9 de conception complexe : Une d\u00e9fonceuse \u00e0 bois ATC donne aux concepteurs les moyens d'agir. Ils ne sont plus contraints par une limite pratique sur le nombre de types d'outils dans un seul projet. Des enseignes complexes combinant des lettres en relief, des fonds textur\u00e9s et des contours complexes deviennent non seulement possibles, mais aussi efficaces \u00e0 produire.<\/p>\n<p>3. Coh\u00e9rence et pr\u00e9cision sup\u00e9rieures : Chaque changement d'outil est effectu\u00e9 avec une pr\u00e9cision robotique. Cela \u00e9limine les l\u00e9g\u00e8res variations qui peuvent survenir lors des changements manuels, garantissant que chaque signe d'une s\u00e9rie de production est absolument identique, avec un enregistrement parfait entre les diff\u00e9rentes op\u00e9rations d'usinage.<\/p>\n<p>4. R\u00e9duction des co\u00fbts de main-d'\u0153uvre et des obstacles \u00e0 l'acquisition de comp\u00e9tences : Bien qu'un op\u00e9rateur qualifi\u00e9 reste indispensable pour la programmation et la supervision, la machine se charge des changements d'outils complexes. Cela optimise la main-d'\u0153uvre, en permettant \u00e0 un op\u00e9rateur de g\u00e9rer plusieurs machines et en r\u00e9duisant la n\u00e9cessit\u00e9 d'une intervention manuelle hautement exp\u00e9riment\u00e9e pour chaque travail.<\/p>\n<p><strong>Pourquoi acheter une d\u00e9fonceuse CNC ATC chinoise ?<\/strong><\/p>\n<p>Le paysage manufacturier mondial a chang\u00e9 et la Chine s'est impos\u00e9e comme un leader dans le domaine des machines \u00e0 commande num\u00e9rique. L'achat d'un routeur CNC ATC chinois pr\u00e9sente des avantages ind\u00e9niables pour les entreprises d'enseignes :<\/p>\n<p>Excellente proposition de valeur : Les fabricants chinois offrent un \u00e9quilibre convaincant entre des fonctionnalit\u00e9s avanc\u00e9es, une construction robuste et des prix comp\u00e9titifs, ce qui permet un retour sur investissement beaucoup plus rapide.<br \/>\nTechnologie de pointe : de nombreuses grandes marques chinoises de CNC investissent massivement dans la recherche et le d\u00e9veloppement, incorporant des broches de haute performance, des contr\u00f4leurs sophistiqu\u00e9s (souvent avec des logiciels conviviaux) et des m\u00e9canismes ATC fiables qui rivalisent avec leurs homologues plus co\u00fbteux et les surpassent souvent.<br \/>\nPersonnalisation et assistance : Les fournisseurs r\u00e9put\u00e9s proposent souvent des mod\u00e8les de diff\u00e9rentes tailles et configurations adapt\u00e9s aux besoins sp\u00e9cifiques de l'industrie, y compris l'industrie de la fabrication d'enseignes. Nombre d'entre eux proposent \u00e9galement un service apr\u00e8s-vente complet, des formations et des pi\u00e8ces de rechange facilement disponibles dans le monde entier.<\/p>\n<p><strong>Choisir la bonne d\u00e9fonceuse CNC avec ATC<\/strong><\/p>\n<p>Lorsque vous investissez dans une d\u00e9fonceuse CNC avec ATC pour votre entreprise de signalisation, tenez compte des \u00e9l\u00e9ments suivants :<\/p>\n<p>Taille de la table de travail : Veillez \u00e0 ce qu'elle puisse accueillir vos feuilles de mat\u00e9riau habituelles (par exemple, 4\u2032 x 8\u2032, 5\u2032 x 10\u2032).<br \/>\nCapacit\u00e9 d'outils : Un carrousel de 6 \u00e0 12 outils est souvent suffisant pour la plupart des travaux de signalisation, mais des capacit\u00e9s plus importantes sont disponibles pour les projets tr\u00e8s complexes.<br \/>\nPuissance de la broche : Une broche puissante (de 7,5 \u00e0 15 kW, par exemple) assure des coupes nettes dans divers mat\u00e9riaux, de l'acrylique au bois dur en passant par les panneaux composites en aluminium (ACM).<br \/>\nSyst\u00e8me de contr\u00f4le et logiciel : Un contr\u00f4leur convivial qui fonctionne de mani\u00e8re transparente avec les logiciels de conception courants (tels qu'AutoCAD et Aspire) est essentiel pour un flux de travail fluide.<\/p>\n<p><strong>Conclusion<\/strong><\/p>\n<p>Pour l'industrie moderne de la signalisation, un routeur CNC ATC n'est plus un luxe ; c'est une n\u00e9cessit\u00e9 strat\u00e9gique pour la croissance, la rentabilit\u00e9 et l'avantage concurrentiel. Elle transforme la production d'une s\u00e9rie d'\u00e9tapes manuelles en un processus rationalis\u00e9 et automatis\u00e9 qui ouvre de nouvelles possibilit\u00e9s cr\u00e9atives et commerciales. En investissant dans une machine CNC ATC de haute qualit\u00e9, et plus particuli\u00e8rement dans une toupie CNC ATC chinoise de grande valeur, les fabricants d'enseignes peuvent \u00e9lever leur art, respecter les d\u00e9lais exigeants avec facilit\u00e9 et se tailler une position dominante sur le march\u00e9.<\/p>\n<p><strong>Voici notre machine \u00e0 router industrielle \u00e0 changement d'outil automatique pour l'industrie de l'enseigne :<\/strong><\/p>\n<table>\n<tbody>\n<tr>\n<td width=\"414\">X ZONE DE TRAVAIL<\/td>\n<td width=\"929\">1300mm<\/td>\n<\/tr>\n<tr>\n<td width=\"414\">Y ZONE DE TRAVAIL<\/td>\n<td width=\"929\">2500mm<\/td>\n<\/tr>\n<tr>\n<td width=\"414\">Z ZONE DE TRAVAIL<\/td>\n<td width=\"929\">200mm<\/td>\n<\/tr>\n<tr>\n<td width=\"414\">TABLE DE LA MACHINE<\/td>\n<td width=\"929\">Table d'adsorption sous vide<\/td>\n<\/tr>\n<tr>\n<td width=\"414\">CODE DE COMMANDE<\/td>\n<td width=\"929\">Code G<\/td>\n<\/tr>\n<tr>\n<td width=\"414\">STRUCTURE DE L'AXE XYZ<\/td>\n<td width=\"929\">X\/Y Taiwan Rack rail\uff0cmake machine work more stable ; Z Screw rail<\/td>\n<\/tr>\n<tr>\n<td width=\"414\">PUISSANCE DU D\u00c9POUSSI\u00c9REUR<\/td>\n<td width=\"929\">Sacs doubles 3KW<\/td>\n<\/tr>\n<tr>\n<td width=\"414\">PUISSANCE<\/td>\n<td width=\"929\">AC380V triphas\u00e9 \/ 50Hz<\/td>\n<\/tr>\n<tr>\n<td width=\"414\">FOUET<\/td>\n<td width=\"929\">Broche ATC \u00e0 refroidissement par air 9kw, marque chinoise<\/td>\n<\/tr>\n<tr>\n<td width=\"414\">PUISSANCE TOTALE DE TRAVAIL<\/td>\n<td width=\"929\">26KW<\/td>\n<\/tr>\n<tr>\n<td width=\"414\">VITESSE DE ROTATION DE LA BROCHE<\/td>\n<td width=\"929\">18000rpm \/ min<\/td>\n<\/tr>\n<tr>\n<td width=\"414\">INVERSEUR<\/td>\n<td width=\"929\">Onduleur 11KW<\/td>\n<\/tr>\n<tr>\n<td width=\"414\">MOTEUR D'ENTRA\u00ceNEMENT<\/td>\n<td width=\"929\">Servomoteur hybride chinois<\/td>\n<\/tr>\n<tr>\n<td width=\"414\">SYST\u00c8ME D'EXPLOITATION<\/td>\n<td width=\"929\">Contr\u00f4leur NK105 G3<\/td>\n<\/tr>\n<tr>\n<td width=\"414\">PUISSANCE DE LA POMPE \u00c0 VIDE<\/td>\n<td width=\"929\">Pompe \u00e0 vide \u00e0 eau de 7,5KW<\/td>\n<\/tr>\n<tr>\n<td width=\"414\">RAIL LIN\u00c9AIRE<\/td>\n<td width=\"929\">Rail carr\u00e9 de marque ta\u00efwanaise, plus stable<\/td>\n<\/tr>\n<tr>\n<td width=\"414\">REDUCTEUR<\/td>\n<td width=\"929\">Marque Japon shimpoo<\/td>\n<\/tr>\n<tr>\n<td width=\"414\">VIS \u00c0 BILLE<\/td>\n<td width=\"929\">Marque Ta\u00efwan<\/td>\n<\/tr>\n<tr>\n<td width=\"414\">POIDS<\/td>\n<td width=\"929\">2000KGS<\/td>\n<\/tr>\n<tr>\n<td width=\"414\">AUTRES PI\u00c8CES AUXILIAIRES<\/td>\n<td width=\"929\">3+4 goupilles de remont\u00e9e\/position du cylindre,<\/p>\n<p>Syst\u00e8me de lubrification automatique<\/p>\n<p>Capteur d'outil<\/p>\n<p>Logiciel<\/p>\n<p>Bo\u00eete \u00e0 outils 1<\/p>\n<p>Mandrin \u00e0 outils 8 pi\u00e8ces<\/p>\n<p>Collectionner 8 pi\u00e8ces<\/p>\n<p>Cl\u00e9s \u00e0 molette 4<\/td>\n<\/tr>\n<\/tbody>\n<\/table>","protected":false},"excerpt":{"rendered":"<p>An ATC CNC Router Solution for the Sign Making Industry can perform precise processing on various sign materials such as acrylic and metal, and produce various exquisite signboards, meeting the requirements of the sign &#8211; making industry for diversified and high &#8211; precision processing.<\/p>\n<p>&nbsp;<\/p>","protected":false},"featured_media":4169,"template":"","meta":{"_seopress_robots_primary_cat":"","_seopress_titles_title":"","_seopress_titles_desc":"","_seopress_robots_index":"","_uag_custom_page_level_css":"","site-sidebar-layout":"default","site-content-layout":"","ast-site-content-layout":"default","site-content-style":"default","site-sidebar-style":"default","ast-global-header-display":"","ast-banner-title-visibility":"","ast-main-header-display":"","ast-hfb-above-header-display":"","ast-hfb-below-header-display":"","ast-hfb-mobile-header-display":"","site-post-title":"","ast-breadcrumbs-content":"","ast-featured-img":"","footer-sml-layout":"","ast-disable-related-posts":"","theme-transparent-header-meta":"default","adv-header-id-meta":"","stick-header-meta":"default","header-above-stick-meta":"","header-main-stick-meta":"","header-below-stick-meta":"","astra-migrate-meta-layouts":"set","ast-page-background-enabled":"default","ast-page-background-meta":{"desktop":{"background-color":"","background-image":"","background-repeat":"repeat","background-position":"center center","background-size":"auto","background-attachment":"scroll","background-type":"","background-media":"","overlay-type":"","overlay-color":"","overlay-opacity":"","overlay-gradient":""},"tablet":{"background-color":"","background-image":"","background-repeat":"repeat","background-position":"center center","background-size":"auto","background-attachment":"scroll","background-type":"","background-media":"","overlay-type":"","overlay-color":"","overlay-opacity":"","overlay-gradient":""},"mobile":{"background-color":"","background-image":"","background-repeat":"repeat","background-position":"center center","background-size":"auto","background-attachment":"scroll","background-type":"","background-media":"","overlay-type":"","overlay-color":"","overlay-opacity":"","overlay-gradient":""}},"ast-content-background-meta":{"desktop":{"background-color":"var(--ast-global-color-5)","background-image":"","background-repeat":"repeat","background-position":"center center","background-size":"auto","background-attachment":"scroll","background-type":"","background-media":"","overlay-type":"","overlay-color":"","overlay-opacity":"","overlay-gradient":""},"tablet":{"background-color":"var(--ast-global-color-5)","background-image":"","background-repeat":"repeat","background-position":"center center","background-size":"auto","background-attachment":"scroll","background-type":"","background-media":"","overlay-type":"","overlay-color":"","overlay-opacity":"","overlay-gradient":""},"mobile":{"background-color":"var(--ast-global-color-5)","background-image":"","background-repeat":"repeat","background-position":"center center","background-size":"auto","background-attachment":"scroll","background-type":"","background-media":"","overlay-type":"","overlay-color":"","overlay-opacity":"","overlay-gradient":""}}},"product_brand":[],"product_cat":[65],"product_tag":[142,143,138,146,145,144,137,103,139,140,141],"class_list":{"0":"post-4165","1":"product","2":"type-product","3":"status-publish","4":"has-post-thumbnail","6":"product_cat-atccnc","7":"product_tag-1325-atc-cnc-router","8":"product_tag-1530-atc-cnc-router","9":"product_tag-atc-cnc-machine","10":"product_tag-atc-cnc-router-for-sale","11":"product_tag-atc-cnc-router-price","12":"product_tag-atc-cnc-routing-machine","13":"product_tag-atc-wood-router","14":"product_tag-automatic-tool-changing-cnc-router","15":"product_tag-china-atc-cnc-router","16":"product_tag-cnc-router-with-atc","17":"product_tag-industrial-atc-cnc-router","18":"desktop-align-left","19":"tablet-align-left","20":"mobile-align-left","21":"ast-product-gallery-layout-horizontal-slider","22":"ast-product-gallery-with-no-image","23":"ast-product-tabs-layout-horizontal","25":"first","26":"instock","27":"shipping-taxable","28":"product-type-simple"},"uagb_featured_image_src":{"full":["https:\/\/wisecnclaser.com\/wp-content\/uploads\/2025\/09\/\u8fc8\u5409\u514b\u540e\u7f6eNK105\u6362\u5200\u673a.png",1084,1080,false],"thumbnail":["https:\/\/wisecnclaser.com\/wp-content\/uploads\/2025\/09\/\u8fc8\u5409\u514b\u540e\u7f6eNK105\u6362\u5200\u673a-150x150.png",150,150,true],"medium":["https:\/\/wisecnclaser.com\/wp-content\/uploads\/2025\/09\/\u8fc8\u5409\u514b\u540e\u7f6eNK105\u6362\u5200\u673a-300x300.png",300,300,true],"medium_large":["https:\/\/wisecnclaser.com\/wp-content\/uploads\/2025\/09\/\u8fc8\u5409\u514b\u540e\u7f6eNK105\u6362\u5200\u673a-768x765.png",768,765,true],"large":["https:\/\/wisecnclaser.com\/wp-content\/uploads\/2025\/09\/\u8fc8\u5409\u514b\u540e\u7f6eNK105\u6362\u5200\u673a-1024x1020.png",1024,1020,true],"1536x1536":["https:\/\/wisecnclaser.com\/wp-content\/uploads\/2025\/09\/\u8fc8\u5409\u514b\u540e\u7f6eNK105\u6362\u5200\u673a.png",1084,1080,false],"2048x2048":["https:\/\/wisecnclaser.com\/wp-content\/uploads\/2025\/09\/\u8fc8\u5409\u514b\u540e\u7f6eNK105\u6362\u5200\u673a.png",1084,1080,false],"trp-custom-language-flag":["https:\/\/wisecnclaser.com\/wp-content\/uploads\/2025\/09\/\u8fc8\u5409\u514b\u540e\u7f6eNK105\u6362\u5200\u673a-12x12.png",12,12,true],"woocommerce_thumbnail":["https:\/\/wisecnclaser.com\/wp-content\/uploads\/2025\/09\/\u8fc8\u5409\u514b\u540e\u7f6eNK105\u6362\u5200\u673a-300x300.png",300,300,true],"woocommerce_single":["https:\/\/wisecnclaser.com\/wp-content\/uploads\/2025\/09\/\u8fc8\u5409\u514b\u540e\u7f6eNK105\u6362\u5200\u673a-600x598.png",600,598,true],"woocommerce_gallery_thumbnail":["https:\/\/wisecnclaser.com\/wp-content\/uploads\/2025\/09\/\u8fc8\u5409\u514b\u540e\u7f6eNK105\u6362\u5200\u673a-100x100.png",100,100,true]},"uagb_author_info":{"display_name":"jinxing6611@gmail.com","author_link":"https:\/\/wisecnclaser.com\/fr\/author\/"},"uagb_comment_info":0,"uagb_excerpt":"An ATC CNC Router Solution for the Sign Making Industry can perform precise processing on various sign materials such as acrylic and metal, and produce various exquisite signboards, meeting the requirements of the sign - making industry for diversified and high - precision processing. &nbsp;","_links":{"self":[{"href":"https:\/\/wisecnclaser.com\/fr\/wp-json\/wp\/v2\/product\/4165","targetHints":{"allow":["GET"]}}],"collection":[{"href":"https:\/\/wisecnclaser.com\/fr\/wp-json\/wp\/v2\/product"}],"about":[{"href":"https:\/\/wisecnclaser.com\/fr\/wp-json\/wp\/v2\/types\/product"}],"wp:featuredmedia":[{"embeddable":true,"href":"https:\/\/wisecnclaser.com\/fr\/wp-json\/wp\/v2\/media\/4169"}],"wp:attachment":[{"href":"https:\/\/wisecnclaser.com\/fr\/wp-json\/wp\/v2\/media?parent=4165"}],"wp:term":[{"taxonomy":"product_brand","embeddable":true,"href":"https:\/\/wisecnclaser.com\/fr\/wp-json\/wp\/v2\/product_brand?post=4165"},{"taxonomy":"product_cat","embeddable":true,"href":"https:\/\/wisecnclaser.com\/fr\/wp-json\/wp\/v2\/product_cat?post=4165"},{"taxonomy":"product_tag","embeddable":true,"href":"https:\/\/wisecnclaser.com\/fr\/wp-json\/wp\/v2\/product_tag?post=4165"}],"curies":[{"name":"wp","href":"https:\/\/api.w.org\/{rel}","templated":true}]}}