{"id":4181,"date":"2025-09-18T03:06:04","date_gmt":"2025-09-18T03:06:04","guid":{"rendered":"https:\/\/wisecnclaser.com\/?post_type=product&#038;p=4181"},"modified":"2025-09-19T00:57:57","modified_gmt":"2025-09-19T00:57:57","slug":"ws1625-computer-controlled-automatic-cnc-fabric-cutting-machine-for-apparel","status":"publish","type":"product","link":"https:\/\/wisecnclaser.com\/fr\/produit\/ws1625-computer-controlled-automatic-cnc-fabric-cutting-machine-for-apparel\/","title":{"rendered":"WS1625 Machine automatique de d\u00e9coupe de tissu CNC contr\u00f4l\u00e9e par ordinateur pour l'habillement"},"content":{"rendered":"<p><strong>WS1625 CNC Rotary Knife Textile Cutter - Pr\u00e9cision, automatisation et polyvalence pour la fabrication de textiles modernes<\/strong><\/p>\n<p>Dans le monde rapide de la fabrication de v\u00eatements, l'efficacit\u00e9 et la pr\u00e9cision ne sont pas seulement des avantages, ce sont des n\u00e9cessit\u00e9s. La machine \u00e0 d\u00e9couper le tissu WS1625 est con\u00e7ue pour r\u00e9pondre \u00e0 ces exigences, offrant une solution de d\u00e9coupe compl\u00e8te et automatis\u00e9e con\u00e7ue pour rationaliser votre processus de production, de la bobine aux pi\u00e8ces finies.<\/p>\n<p>Cette machine de pointe est le partenaire id\u00e9al des usines de confection, des producteurs de textiles et des entreprises de rembourrage qui souhaitent acc\u00e9l\u00e9rer leur production, minimiser les d\u00e9chets de mat\u00e9riaux et obtenir une r\u00e9gularit\u00e9 de coupe in\u00e9gal\u00e9e.<\/p>\n<p><strong>Une polyvalence in\u00e9gal\u00e9e : Cutter rotatif et stylo traceur en un seul syst\u00e8me<\/strong><\/p>\n<p>L'une des principales caract\u00e9ristiques de la WS1625 est sa capacit\u00e9 \u00e0 servir d'outil multiple. Elle est \u00e9quip\u00e9e \u00e0 la fois d'un cutter rotatif et d'un stylo traceur, ce qui lui permet d'effectuer un large \u00e9ventail de t\u00e2ches en une seule fois.<\/p>\n<p>Le cutter rotatif : Parfait pour une coupe nette, rapide et pr\u00e9cise des rouleaux de tissu \u00e0 une ou plusieurs couches (3 \u00e0 5 couches). Il traite sans effort une vaste gamme de mat\u00e9riaux, des soies d\u00e9licates et des tricots extensibles aux denims denses et aux toiles \u00e9paisses.<br \/>\nLe stylo traceur : Cet outil ajoute une couche cruciale de fonctionnalit\u00e9 en faisant des marques pr\u00e9cises directement sur le mat\u00e9riau. Il est id\u00e9al pour marquer les points de per\u00e7age, les encoches, les fl\u00e9chettes, les points d'alignement ou m\u00eame pour imprimer de simples \u00e9tiquettes et logos. Il \u00e9limine les erreurs de marquage manuel et garantit une correspondance parfaite des composants au cours de la phase d'assemblage.<\/p>\n<p><strong>Automatisation compl\u00e8te du flux de travail : Du rouleau aux pi\u00e8ces finies<\/strong><\/p>\n<p>La WS1625 est plus qu'un simple coupeur, c'est une cellule de production int\u00e9gr\u00e9e. Sa capacit\u00e9 \u00e0 couper directement des rouleaux de tissu est consid\u00e9rablement am\u00e9lior\u00e9e par l'inclusion d'un \u00e9carteur de tissu automatique et d'un syst\u00e8me d'alignement (syst\u00e8me de d\u00e9roulement et d'alignement).<\/p>\n<p>Cet \u00e9taleur (syst\u00e8me de d\u00e9roulement et d'alignement) alimente en continu le lit de coupe, assurant un flux r\u00e9gulier et constant. Le syst\u00e8me d'alignement int\u00e9gr\u00e9 corrige automatiquement toute d\u00e9rive lat\u00e9rale (biais), garantissant que le grain du tissu est parfaitement droit tout au long du processus de coupe. Cette caract\u00e9ristique cruciale emp\u00eache la d\u00e9formation du mat\u00e9riau et garantit la pr\u00e9cision de chaque pi\u00e8ce coup\u00e9e, ce qui permet d'obtenir un produit final de meilleure qualit\u00e9 et de r\u00e9duire consid\u00e9rablement les d\u00e9chets de mat\u00e9riau.<\/p>\n<p><strong>Des performances puissantes au c\u0153ur de la machine : Contr\u00f4leur RuiDa et servos Delta<\/strong><\/p>\n<p>Les performances sup\u00e9rieures du WS1625 sont dues \u00e0 ses composants de haute qualit\u00e9 :<\/p>\n<p><strong><em>Syst\u00e8me de contr\u00f4le et logiciel RuiDa<\/em>:<\/strong> Reconnu dans l'industrie pour son interface conviviale, sa stabilit\u00e9 et ses puissantes capacit\u00e9s de traitement. Le logiciel permet d'importer facilement des dessins (dans des formats tels que DXF, AI, PLT), d'effectuer des imbrications efficaces pour maximiser l'utilisation des mat\u00e9riaux et de contr\u00f4ler avec pr\u00e9cision les outils de coupe et de marquage. Sa nature intuitive r\u00e9duit le temps de formation et augmente la productivit\u00e9 de l'op\u00e9rateur.<br \/>\n<em><strong>Taiwan Delta Servo Motors :<\/strong> <\/em>Ils conf\u00e8rent \u00e0 la machine sa pr\u00e9cision exceptionnelle, sa vitesse \u00e9lev\u00e9e et sa puissance fiable. Les servomoteurs Delta garantissent des mouvements fluides, des vibrations minimales et un positionnement exact, ce qui est essentiel pour obtenir des coupes nettes et des d\u00e9tails pr\u00e9cis, lot apr\u00e8s lot.<\/p>\n<p><strong>Pourquoi choisir la machine \u00e0 d\u00e9couper le tissu WS1625 CNC ?<\/strong><\/p>\n<p><em><strong>Augmentation de la productivit\u00e9 :<\/strong> <\/em>Automatiser l'ensemble du processus de d\u00e9coupe et de marquage, en surpassant de mani\u00e8re significative les m\u00e9thodes manuelles.<br \/>\n<em><strong>Pr\u00e9cision et qualit\u00e9 sup\u00e9rieures :<\/strong><\/em>Obtenez des coupes r\u00e9guli\u00e8res et de haute pr\u00e9cision \u00e0 chaque fois, am\u00e9liorant ainsi la qualit\u00e9 de vos v\u00eatements finis.<br \/>\n<em><strong>Des \u00e9conomies massives de mat\u00e9riaux :<\/strong><\/em> Un logiciel d'imbrication avanc\u00e9 et l'\u00e9limination des erreurs manuelles entra\u00eenent une r\u00e9duction directe des d\u00e9chets de tissu, ce qui accro\u00eet votre rentabilit\u00e9.<br \/>\n<strong><em>R\u00e9duction des co\u00fbts de main-d'\u0153uvre :<\/em><\/strong> Un seul op\u00e9rateur peut g\u00e9rer l'ensemble du processus de coupe, lib\u00e9rant ainsi la main d'\u0153uvre qualifi\u00e9e pour d'autres t\u00e2ches.<br \/>\n<em><strong>Flexibilit\u00e9 :<\/strong> <\/em>Il est possible de passer rapidement d'un mod\u00e8le de coupe \u00e0 l'autre et d'un travail \u00e0 l'autre, ce qui le rend parfait pour les grandes s\u00e9ries et les commandes personnalis\u00e9es de courte dur\u00e9e.<\/p>\n<p>Am\u00e9liorez votre ligne de production de v\u00eatements avec l'automatisation intelligente du WS1625. Contactez-nous d\u00e8s aujourd'hui pour demander un devis et d\u00e9couvrir comment cette solution peut transformer votre entreprise.<\/p>\n<p><strong>Param\u00e8tres techniques de la machine de d\u00e9coupe textile WS1625 \u00e0 table transporteuse CNC \u00e0 couteau rond :<\/strong><\/p>\n<table>\n<tbody>\n<tr>\n<td colspan=\"2\" width=\"1324\"><strong>Description et sp\u00e9cifications<\/strong><\/td>\n<\/tr>\n<tr>\n<td width=\"354\">X taille de travail<\/td>\n<td width=\"970\">1600mm<\/td>\n<\/tr>\n<tr>\n<td width=\"354\">Y taille de travail<\/td>\n<td width=\"970\">2500mm<\/td>\n<\/tr>\n<tr>\n<td width=\"354\">Z taille de travail<\/td>\n<td width=\"970\">1-5mm<\/td>\n<\/tr>\n<tr>\n<td width=\"354\">T\u00eate de coupe<\/td>\n<td width=\"970\">Outils rotatifs ronds pour la coupe des textiles + Stylo de marquage pour faire quelques marques<\/td>\n<\/tr>\n<tr>\n<td width=\"354\">Mode d'affichage<\/td>\n<td width=\"970\">\u00c9cran tactile LED en anglais<\/td>\n<\/tr>\n<tr>\n<td width=\"354\">Lit de la machine<\/td>\n<td width=\"970\">Soufflet en aluminium \u00e9pais pour une meilleure aspiration<\/td>\n<\/tr>\n<tr>\n<td width=\"354\">Table de machine<\/td>\n<td width=\"970\">table de transport<\/td>\n<\/tr>\n<tr>\n<td width=\"354\">Dispositif de d\u00e9roulement et d'alignement<\/td>\n<td width=\"970\">avec<\/td>\n<\/tr>\n<tr>\n<td width=\"354\">Pompe \u00e0 vide<\/td>\n<td width=\"970\">Pompe \u00e0 vide pneumatique 9KW<\/td>\n<\/tr>\n<tr>\n<td width=\"354\">Syst\u00e8me de conduite<\/td>\n<td width=\"970\">Servomoteur et moteur delta de Ta\u00efwan<\/td>\n<\/tr>\n<tr>\n<td width=\"354\">Syst\u00e8me de contr\u00f4le<\/td>\n<td width=\"970\">Syst\u00e8me de contr\u00f4le RD<\/td>\n<\/tr>\n<tr>\n<td width=\"354\">Syst\u00e8me de guidage<\/td>\n<td width=\"970\">Rail carr\u00e9 TBI de Ta\u00efwan<\/td>\n<\/tr>\n<tr>\n<td width=\"354\">Capteur d'outil<\/td>\n<td width=\"970\">Avec, point rouge<\/td>\n<\/tr>\n<tr>\n<td width=\"354\">Transmission<\/td>\n<td width=\"970\">Pignon \u00e0 cr\u00e9maill\u00e8re Y, courroie en acier synchrone XZ<\/td>\n<\/tr>\n<tr>\n<td width=\"354\">Vitesse de coupe<\/td>\n<td width=\"970\">30m\/min<\/td>\n<\/tr>\n<tr>\n<td width=\"354\">Vitesse de d\u00e9placement<\/td>\n<td width=\"970\">50m\/min<\/td>\n<\/tr>\n<tr>\n<td width=\"354\">Poids<\/td>\n<td width=\"970\">Environ 600 kg<\/td>\n<\/tr>\n<tr>\n<td width=\"354\">Taille de la machine<\/td>\n<td width=\"970\">3200*2250*1650mm<\/td>\n<\/tr>\n<tr>\n<td width=\"354\">Puissance<\/td>\n<td width=\"970\">380V 3 phases 50HZ<\/td>\n<\/tr>\n<tr>\n<td width=\"354\">Logiciel<\/td>\n<td width=\"970\">Logiciel Vcutworks<\/td>\n<\/tr>\n<\/tbody>\n<\/table>\n<p><strong><em><u><b><i>Mat\u00e9riau applicable : <\/i><\/b><\/u><\/em><\/strong>flanelle de mouton, textile UV, fibre de carbone, fibre de verre, banderole, tissu de drapeau, textile de canap\u00e9, textile de rideau, tissu \u00e9lastique souple, lycra, taffetas de polyester, cuir artificiel, pvc, plastique comme le plexiglas, tissus r\u00e9sistants \u00e0 la lumi\u00e8re et autres types de textiles, utilis\u00e9s dans l'industrie de l'habillement ou l'industrie du meuble.<\/p>\n<p><strong>Photos de la machine :<\/strong><\/p>\n<p><img alt=\"\" fetchpriority=\"high\" decoding=\"async\" class=\"alignnone size-full wp-image-4184\" src=\"https:\/\/wisecnclaser.com\/wp-content\/uploads\/2025\/09\/\u5706\u5200\u5e26\u7ea0\u504f\u753b\u7ebf\u7b14\u62fc\u56fe.jpg\" width=\"1200\" height=\"1200\" srcset=\"https:\/\/wisecnclaser.com\/wp-content\/uploads\/2025\/09\/\u5706\u5200\u5e26\u7ea0\u504f\u753b\u7ebf\u7b14\u62fc\u56fe.jpg 1200w, https:\/\/wisecnclaser.com\/wp-content\/uploads\/2025\/09\/\u5706\u5200\u5e26\u7ea0\u504f\u753b\u7ebf\u7b14\u62fc\u56fe-300x300.jpg 300w, https:\/\/wisecnclaser.com\/wp-content\/uploads\/2025\/09\/\u5706\u5200\u5e26\u7ea0\u504f\u753b\u7ebf\u7b14\u62fc\u56fe-1024x1024.jpg 1024w, https:\/\/wisecnclaser.com\/wp-content\/uploads\/2025\/09\/\u5706\u5200\u5e26\u7ea0\u504f\u753b\u7ebf\u7b14\u62fc\u56fe-150x150.jpg 150w, https:\/\/wisecnclaser.com\/wp-content\/uploads\/2025\/09\/\u5706\u5200\u5e26\u7ea0\u504f\u753b\u7ebf\u7b14\u62fc\u56fe-768x768.jpg 768w, https:\/\/wisecnclaser.com\/wp-content\/uploads\/2025\/09\/\u5706\u5200\u5e26\u7ea0\u504f\u753b\u7ebf\u7b14\u62fc\u56fe-12x12.jpg 12w, https:\/\/wisecnclaser.com\/wp-content\/uploads\/2025\/09\/\u5706\u5200\u5e26\u7ea0\u504f\u753b\u7ebf\u7b14\u62fc\u56fe-600x600.jpg 600w, https:\/\/wisecnclaser.com\/wp-content\/uploads\/2025\/09\/\u5706\u5200\u5e26\u7ea0\u504f\u753b\u7ebf\u7b14\u62fc\u56fe-100x100.jpg 100w\" sizes=\"(max-width: 1200px) 100vw, 1200px\" \/><\/p>","protected":false},"excerpt":{"rendered":"<p>WS1625 CNC Rotary Knife Textile Cutter-Precision, Automation, and Versatility for Modern Textile Manufacturing In the fast-paced world of apparel manufacturing, efficiency and precision are not just advantages\u2014they are necessities. The WS1625 Computer Controlled Automatic CNC Fabric Cutting Machine is engineered to meet these demands head-on, offering a comprehensive and automated cutting solution designed to streamline [&hellip;]<\/p>\n","protected":false},"featured_media":4185,"template":"","meta":{"_seopress_robots_primary_cat":"none","_seopress_titles_title":"","_seopress_titles_desc":"","_seopress_robots_index":"","_uag_custom_page_level_css":"","site-sidebar-layout":"default","site-content-layout":"","ast-site-content-layout":"default","site-content-style":"default","site-sidebar-style":"default","ast-global-header-display":"","ast-banner-title-visibility":"","ast-main-header-display":"","ast-hfb-above-header-display":"","ast-hfb-below-header-display":"","ast-hfb-mobile-header-display":"","site-post-title":"","ast-breadcrumbs-content":"","ast-featured-img":"","footer-sml-layout":"","ast-disable-related-posts":"","theme-transparent-header-meta":"default","adv-header-id-meta":"","stick-header-meta":"default","header-above-stick-meta":"","header-main-stick-meta":"","header-below-stick-meta":"","astra-migrate-meta-layouts":"set","ast-page-background-enabled":"default","ast-page-background-meta":{"desktop":{"background-color":"","background-image":"","background-repeat":"repeat","background-position":"center center","background-size":"auto","background-attachment":"scroll","background-type":"","background-media":"","overlay-type":"","overlay-color":"","overlay-opacity":"","overlay-gradient":""},"tablet":{"background-color":"","background-image":"","background-repeat":"repeat","background-position":"center center","background-size":"auto","background-attachment":"scroll","background-type":"","background-media":"","overlay-type":"","overlay-color":"","overlay-opacity":"","overlay-gradient":""},"mobile":{"background-color":"","background-image":"","background-repeat":"repeat","background-position":"center center","background-size":"auto","background-attachment":"scroll","background-type":"","background-media":"","overlay-type":"","overlay-color":"","overlay-opacity":"","overlay-gradient":""}},"ast-content-background-meta":{"desktop":{"background-color":"var(--ast-global-color-5)","background-image":"","background-repeat":"repeat","background-position":"center center","background-size":"auto","background-attachment":"scroll","background-type":"","background-media":"","overlay-type":"","overlay-color":"","overlay-opacity":"","overlay-gradient":""},"tablet":{"background-color":"var(--ast-global-color-5)","background-image":"","background-repeat":"repeat","background-position":"center center","background-size":"auto","background-attachment":"scroll","background-type":"","background-media":"","overlay-type":"","overlay-color":"","overlay-opacity":"","overlay-gradient":""},"mobile":{"background-color":"var(--ast-global-color-5)","background-image":"","background-repeat":"repeat","background-position":"center center","background-size":"auto","background-attachment":"scroll","background-type":"","background-media":"","overlay-type":"","overlay-color":"","overlay-opacity":"","overlay-gradient":""}}},"product_brand":[],"product_cat":[21],"product_tag":[156,159,167,154,158,165,162,163,164,161,160,166,157,155],"class_list":{"0":"post-4181","1":"product","2":"type-product","3":"status-publish","4":"has-post-thumbnail","6":"product_cat-oscillating","7":"product_tag-automated-textile-cutting-machine","8":"product_tag-automatic-textile-cutting-line-with-roll-loading-system","9":"product_tag-cnc-cloth-cutting-machine","10":"product_tag-cnc-fabric-cutter","11":"product_tag-cnc-fabric-cutter-with-automatic-spreader","12":"product_tag-cnc-fabric-cutting-machine","13":"product_tag-cnc-knife-cutting-machine-for-apparel","14":"product_tag-cnc-knife-fabric-cutter","15":"product_tag-cnc-knife-textile-cutter","16":"product_tag-cnc-rotary-knife-fabric-cutting-machine","17":"product_tag-cnc-round-knife-textile-cutting-machine","18":"product_tag-cnc-textile-cutting-machine","19":"product_tag-computer-controlled-cloth-cutter","20":"product_tag-digital-cutter-for-apparel","21":"desktop-align-left","22":"tablet-align-left","23":"mobile-align-left","24":"ast-product-gallery-layout-horizontal-slider","25":"ast-product-gallery-with-no-image","26":"ast-product-tabs-layout-horizontal","28":"first","29":"instock","30":"shipping-taxable","31":"product-type-simple"},"uagb_featured_image_src":{"full":["https:\/\/wisecnclaser.com\/wp-content\/uploads\/2025\/09\/QQ20250915-104132.jpg",804,800,false],"thumbnail":["https:\/\/wisecnclaser.com\/wp-content\/uploads\/2025\/09\/QQ20250915-104132-150x150.jpg",150,150,true],"medium":["https:\/\/wisecnclaser.com\/wp-content\/uploads\/2025\/09\/QQ20250915-104132-300x300.jpg",300,300,true],"medium_large":["https:\/\/wisecnclaser.com\/wp-content\/uploads\/2025\/09\/QQ20250915-104132-768x764.jpg",768,764,true],"large":["https:\/\/wisecnclaser.com\/wp-content\/uploads\/2025\/09\/QQ20250915-104132.jpg",804,800,false],"1536x1536":["https:\/\/wisecnclaser.com\/wp-content\/uploads\/2025\/09\/QQ20250915-104132.jpg",804,800,false],"2048x2048":["https:\/\/wisecnclaser.com\/wp-content\/uploads\/2025\/09\/QQ20250915-104132.jpg",804,800,false],"trp-custom-language-flag":["https:\/\/wisecnclaser.com\/wp-content\/uploads\/2025\/09\/QQ20250915-104132-12x12.jpg",12,12,true],"woocommerce_thumbnail":["https:\/\/wisecnclaser.com\/wp-content\/uploads\/2025\/09\/QQ20250915-104132-300x300.jpg",300,300,true],"woocommerce_single":["https:\/\/wisecnclaser.com\/wp-content\/uploads\/2025\/09\/QQ20250915-104132-600x597.jpg",600,597,true],"woocommerce_gallery_thumbnail":["https:\/\/wisecnclaser.com\/wp-content\/uploads\/2025\/09\/QQ20250915-104132-100x100.jpg",100,100,true]},"uagb_author_info":{"display_name":"jinxing6611@gmail.com","author_link":"https:\/\/wisecnclaser.com\/fr\/author\/"},"uagb_comment_info":0,"uagb_excerpt":"WS1625 CNC Rotary Knife Textile Cutter-Precision, Automation, and Versatility for Modern Textile Manufacturing In the fast-paced world of apparel manufacturing, efficiency and precision are not just advantages\u2014they are necessities. The WS1625 Computer Controlled Automatic CNC Fabric Cutting Machine is engineered to meet these demands head-on, offering a comprehensive and automated cutting solution designed to streamline\u2026","_links":{"self":[{"href":"https:\/\/wisecnclaser.com\/fr\/wp-json\/wp\/v2\/product\/4181","targetHints":{"allow":["GET"]}}],"collection":[{"href":"https:\/\/wisecnclaser.com\/fr\/wp-json\/wp\/v2\/product"}],"about":[{"href":"https:\/\/wisecnclaser.com\/fr\/wp-json\/wp\/v2\/types\/product"}],"wp:featuredmedia":[{"embeddable":true,"href":"https:\/\/wisecnclaser.com\/fr\/wp-json\/wp\/v2\/media\/4185"}],"wp:attachment":[{"href":"https:\/\/wisecnclaser.com\/fr\/wp-json\/wp\/v2\/media?parent=4181"}],"wp:term":[{"taxonomy":"product_brand","embeddable":true,"href":"https:\/\/wisecnclaser.com\/fr\/wp-json\/wp\/v2\/product_brand?post=4181"},{"taxonomy":"product_cat","embeddable":true,"href":"https:\/\/wisecnclaser.com\/fr\/wp-json\/wp\/v2\/product_cat?post=4181"},{"taxonomy":"product_tag","embeddable":true,"href":"https:\/\/wisecnclaser.com\/fr\/wp-json\/wp\/v2\/product_tag?post=4181"}],"curies":[{"name":"wp","href":"https:\/\/api.w.org\/{rel}","templated":true}]}}