{"id":4193,"date":"2025-09-30T06:23:32","date_gmt":"2025-09-30T06:23:32","guid":{"rendered":"https:\/\/wisecnclaser.com\/?post_type=product&#038;p=4193"},"modified":"2025-09-22T06:51:10","modified_gmt":"2025-09-22T06:51:10","slug":"ws2800-cnc-woodworking-automatic-computer-panel-beam-saw","status":"publish","type":"product","link":"https:\/\/wisecnclaser.com\/fr\/produit\/ws2800-cnc-woodworking-automatic-computer-panel-beam-saw\/","title":{"rendered":"WS2800 CNC Woodworking Automatic Computer Panel Beam Saw (scie \u00e0 panneaux automatique pour ordinateur)"},"content":{"rendered":"<p>1. WS2800 CNC Beam Panel Saw Vue d'ensemble de l'\u00e9quipement :<br \/>\nCette machine convient au sciage et au traitement des panneaux de particules, des panneaux multicouches, des panneaux de fibres de moyenne densit\u00e9, des panneaux de fibres de densit\u00e9, des panneaux de particules, des panneaux de PVC, des panneaux de pierre artificielle, des panneaux de silicate de calcium pour les panneaux muraux ext\u00e9rieurs, des cartons et des nids d'abeille en aluminium. La scie principale et l'alimentateur sont guid\u00e9s par des guides lin\u00e9aires, ce qui garantit une pr\u00e9cision sup\u00e9rieure. La pr\u00e9cision du positionnement n'est pas affect\u00e9e par l'environnement et les champs magn\u00e9tiques, ce qui le rend s\u00fbr et stable et ne n\u00e9cessite aucun entretien ou r\u00e9glage. La poussi\u00e8re de scie est collect\u00e9e avec pr\u00e9cision, atteignant un taux de collecte de la poussi\u00e8re proche de 100%, contrairement aux syst\u00e8mes traditionnels de collecte de la poussi\u00e8re de type ouvert.<\/p>\n<p>Le bras robotis\u00e9 peut atteindre une vitesse de coupe minimale de 30*45 mm. Un servomoteur contr\u00f4le la vitesse de sciage, ce qui permet d'obtenir un sciage CNC \u00e0 double servomoteur pour une stabilit\u00e9 de coupe sup\u00e9rieure. La machine est \u00e9galement \u00e9quip\u00e9e d'un syst\u00e8me de d\u00e9tection des pannes en ligne, qui arr\u00eate automatiquement la machine en cas de panne, et d'un syst\u00e8me de d\u00e9tection automatique des pannes pour un d\u00e9pannage rapide. Le contr\u00f4le visuel de l'\u00e9tat du sciage permet une surveillance visuelle constante, et le logiciel intelligent d'optimisation de la coupe permet d'\u00e9conomiser du temps, des mat\u00e9riaux et de la main-d'\u0153uvre. Ses caract\u00e9ristiques sont l'automatisation, la haute efficacit\u00e9, la haute pr\u00e9cision et l'esth\u00e9tique. Il a \u00e9t\u00e9 largement utilis\u00e9 par les fabricants de meubles \u00e0 panneaux, tant au niveau national qu'international, et se targue d'un fonctionnement tr\u00e8s performant.<\/p>\n<p>&nbsp;<\/p>\n<p>La scie \u00e0 poutre informatique automatique WS2800 pr\u00e9sente \u00e9galement les caract\u00e9ristiques suivantes :<br \/>\n\u2460. Les composants \u00e9lectriques utilisent des marques internationales et nationales renomm\u00e9es telles que Taiwan Yonghong System, INVT Servo and Inverter, Schneider Electric et Taiwan Airtek Pneumatic Solenoid Valves, ce qui garantit un fonctionnement stable.<br \/>\n\u2461. Le cadre de pr\u00e9cision est m\u00e9ticuleusement usin\u00e9 pour assurer une grande pr\u00e9cision et une grande fiabilit\u00e9. Aucune compensation de positionnement par \u00e9chelle \u00e9lectronique n'est n\u00e9cessaire, et la pr\u00e9cision n'est pas affect\u00e9e par l'environnement et les champs magn\u00e9tiques. S\u00fbr et stable, il garantit la pr\u00e9cision de la coupe sans n\u00e9cessiter d'entretien.<br \/>\n\u2462. Des c\u00e2bles robotiques flexibles de haute qualit\u00e9 sont utilis\u00e9s, ce qui prolonge consid\u00e9rablement la dur\u00e9e de vie.<br \/>\n\u2463. Le cadre subit un double traitement de vieillissement \u00e9lectromagn\u00e9tique et de recuit apr\u00e8s le soudage, ce qui garantit un cadre durable et ind\u00e9formable.<\/p>\n<p>&nbsp;<\/p>\n<p>2. Machine \u00e0 scier les panneaux pour le travail du bois \u00c9quipement Fonctionnement Processus :<br \/>\nL'op\u00e9rateur place la mati\u00e8re premi\u00e8re \u00e0 traiter sur la table de travail de la scie \u00e0 panneaux informatis\u00e9e ou utilise le dispositif de chargement automatique.<br \/>\nIntroduire les dimensions requises - Charger - Appuyer sur le bouton pour demander \u00e0 la pince de serrer le mat\u00e9riau - D\u00e9marrer l'op\u00e9ration automatique -<br \/>\nEntrer dans le fonctionnement automatique - Positionnement automatique - Alignement automatique des bords - Sciage automatique - Evacuation automatique du mat\u00e9riau - Lecture automatique du code - Application manuelle du code - Coupe automatique compl\u00e8te toutes les op\u00e9rations de coupe<\/p>\n<p>3. Configuration fonctionnelle :<br \/>\n\u2460. Servo INVT et cr\u00e9maill\u00e8re de haute pr\u00e9cision KH de Taiwan.<br \/>\n\u2461. Les rails de guidage de la scie principale utilisent des guides circulaires non fendus, r\u00e9sistants \u00e0 la poussi\u00e8re, faciles \u00e0 nettoyer et \u00e0 entretenir.<\/p>\n<p>\u2462. La table de chargement et la table de sciage sont toutes deux \u00e9quip\u00e9es de flotteurs pneumatiques, ce qui facilite le d\u00e9placement des mat\u00e9riaux et r\u00e9duit la charge de travail, tout en \u00e9vitant les rayures sur la surface de la pi\u00e8ce. \u2463. Les scies principale et auxiliaire utilisent des syst\u00e8mes ind\u00e9pendants de contr\u00f4le de l'\u00e9l\u00e9vation, d\u00e9tectant automatiquement la hauteur et la largeur de la lame de scie en fonction de l'\u00e9paisseur du mat\u00e9riau, ce qui permet de positionner automatiquement la course de coupe de la lame de scie, de r\u00e9duire les pertes de temps et d'am\u00e9liorer l'efficacit\u00e9 du travail.<br \/>\n\u2464. Le syst\u00e8me de contr\u00f4le pr\u00e9sente une interface simple et une utilisation facile, avec des instructions op\u00e9rationnelles et des guides de d\u00e9pannage. Il permet d'\u00e9diter et de g\u00e9rer les plans de coupe, les t\u00e2ches et les simulations de coupe. Il est compatible avec divers logiciels d'optimisation du sciage, de gestion des codes-barres et d'automatisation des usines.<br \/>\n\u2465. Le bloc de maintien du manipulateur flexible \u00e0 double pince est recouvert de caoutchouc pour r\u00e9sister \u00e0 la pression et \u00e0 l'usure.<br \/>\n\u2466. Le manipulateur utilise un servomoteur et un r\u00e9ducteur \u00e0 vis sans fin de haute pr\u00e9cision, ce qui lui permet d'atteindre une pr\u00e9cision de positionnement de \u00b10,1 mm.<br \/>\n\u2467. La grande et la petite t\u00eate de scie sont verticales, avec une t\u00eate de sciage mont\u00e9e dans la direction oppos\u00e9e, ce qui permet d'obtenir une coupe lisse et plate, sans \u00e9clats ni fissures.<\/p>\n<p><strong>Param\u00e8tres techniques de la scie \u00e0 panneaux WS2800 :<\/strong><\/p>\n<table>\n<tbody>\n<tr>\n<td width=\"340\">Ordinateur et PLC<\/td>\n<td width=\"813\">inclus<\/td>\n<\/tr>\n<tr>\n<td width=\"340\">Imprimante<\/td>\n<td width=\"813\">En option<\/td>\n<\/tr>\n<tr>\n<td width=\"340\">Logiciel optimis\u00e9<\/td>\n<td width=\"813\">En option<\/td>\n<\/tr>\n<tr>\n<td width=\"340\">Aligneur lat\u00e9ral<\/td>\n<td width=\"813\">En option<\/td>\n<\/tr>\n<tr>\n<td width=\"340\">Longueur\/largeur de coupe<\/td>\n<td width=\"813\">2800mm<\/td>\n<\/tr>\n<tr>\n<td width=\"340\">Hauteur de coupe maximale<\/td>\n<td width=\"813\">120 mm<\/td>\n<\/tr>\n<tr>\n<td width=\"340\">Diam\u00e8tre du disque principal<\/td>\n<td width=\"813\">\u03a6400-450mm<\/td>\n<\/tr>\n<tr>\n<td width=\"340\">Diam\u00e8tre de la broche du disque principal<\/td>\n<td width=\"813\">\u03a675mm<\/td>\n<\/tr>\n<tr>\n<td width=\"340\">Diam\u00e8tre du petit disque<\/td>\n<td width=\"813\">\u03a6200mm<\/td>\n<\/tr>\n<tr>\n<td width=\"340\">Diam\u00e8tre de la broche du disque mineur<\/td>\n<td width=\"813\">\u03a650mm<\/td>\n<\/tr>\n<tr>\n<td width=\"340\">Vitesse de rotation du disque principal\/vitesse de r\u00e9glage de l'onduleur<\/td>\n<td width=\"813\">4100r\/min<\/td>\n<\/tr>\n<tr>\n<td width=\"340\">Vitesse de rotation du disque mineur\/vitesse de r\u00e9glage de l'inverseur<\/td>\n<td width=\"813\">6100r\/min<\/td>\n<\/tr>\n<tr>\n<td width=\"340\">Vitesse d'avancement du chariot de la scie<\/td>\n<td width=\"813\">100m\/min\uff08adjusted\uff09<\/td>\n<\/tr>\n<tr>\n<td width=\"340\">vitesse de recul du chariot de la scie<\/td>\n<td width=\"813\">120m\/min\uff08adjusted\uff09<\/td>\n<\/tr>\n<tr>\n<td width=\"340\">Moteur du disque principal<\/td>\n<td width=\"813\">18,5 kW<\/td>\n<\/tr>\n<tr>\n<td width=\"340\">Moteur \u00e0 disque mineur<\/td>\n<td width=\"813\">2,2 kW<\/td>\n<\/tr>\n<tr>\n<td width=\"340\">Moteur d'entra\u00eenement du chariot de la scie<\/td>\n<td width=\"813\">2.0kw \uff08INVT servo\uff09<\/td>\n<\/tr>\n<tr>\n<td width=\"340\">Moteur d'alimentation pour la fixation de la position<\/td>\n<td width=\"813\">2.0kw \uff08INVT servo\uff09<\/td>\n<\/tr>\n<tr>\n<td width=\"340\">Pompe \u00e0 air haute pression<\/td>\n<td width=\"813\">4kw + 2,2kw<\/td>\n<\/tr>\n<tr>\n<td width=\"340\">Puissance totale<\/td>\n<td width=\"813\">31kw<\/td>\n<\/tr>\n<tr>\n<td width=\"340\">Vitesse d'alimentation automatique<\/td>\n<td width=\"813\">100\/min\uff08adjusted\uff09<\/td>\n<\/tr>\n<tr>\n<td width=\"340\">Pression demand\u00e9e<\/td>\n<td width=\"813\">5-8kg\/cm\u00b2<\/td>\n<\/tr>\n<tr>\n<td width=\"340\">Hauteur de la table de travail<\/td>\n<td width=\"813\">950 mm<\/td>\n<\/tr>\n<tr>\n<td width=\"340\">Pinces m\u00e9caniques<\/td>\n<td width=\"813\">12-15 pi\u00e8ces<\/td>\n<\/tr>\n<tr>\n<td width=\"340\">Taille totale de la machine<\/td>\n<td width=\"813\">5100*6300*1900mm<\/td>\n<\/tr>\n<\/tbody>\n<\/table>","protected":false},"excerpt":{"rendered":"<p>1. WS2800 CNC Beam Panel Saw Equipment Overview: This machine is suitable for sawing and processing particle board, multilayer board, medium-density fiberboard, density fiberboard, particleboard, PVC board, artificial stone board, calcium silicate board for exterior wall panels, cardboard, and aluminum honeycomb. Both the main saw and feeder are guided by linear guides, ensuring superior precision. [&hellip;]<\/p>\n","protected":false},"featured_media":4196,"template":"","meta":{"_seopress_robots_primary_cat":"","_seopress_titles_title":"%%post_title%%","_seopress_titles_desc":"","_seopress_robots_index":"","_uag_custom_page_level_css":"","site-sidebar-layout":"default","site-content-layout":"","ast-site-content-layout":"default","site-content-style":"default","site-sidebar-style":"default","ast-global-header-display":"","ast-banner-title-visibility":"","ast-main-header-display":"","ast-hfb-above-header-display":"","ast-hfb-below-header-display":"","ast-hfb-mobile-header-display":"","site-post-title":"","ast-breadcrumbs-content":"","ast-featured-img":"","footer-sml-layout":"","ast-disable-related-posts":"","theme-transparent-header-meta":"default","adv-header-id-meta":"","stick-header-meta":"default","header-above-stick-meta":"","header-main-stick-meta":"","header-below-stick-meta":"","astra-migrate-meta-layouts":"set","ast-page-background-enabled":"default","ast-page-background-meta":{"desktop":{"background-color":"","background-image":"","background-repeat":"repeat","background-position":"center center","background-size":"auto","background-attachment":"scroll","background-type":"","background-media":"","overlay-type":"","overlay-color":"","overlay-opacity":"","overlay-gradient":""},"tablet":{"background-color":"","background-image":"","background-repeat":"repeat","background-position":"center center","background-size":"auto","background-attachment":"scroll","background-type":"","background-media":"","overlay-type":"","overlay-color":"","overlay-opacity":"","overlay-gradient":""},"mobile":{"background-color":"","background-image":"","background-repeat":"repeat","background-position":"center center","background-size":"auto","background-attachment":"scroll","background-type":"","background-media":"","overlay-type":"","overlay-color":"","overlay-opacity":"","overlay-gradient":""}},"ast-content-background-meta":{"desktop":{"background-color":"var(--ast-global-color-5)","background-image":"","background-repeat":"repeat","background-position":"center center","background-size":"auto","background-attachment":"scroll","background-type":"","background-media":"","overlay-type":"","overlay-color":"","overlay-opacity":"","overlay-gradient":""},"tablet":{"background-color":"var(--ast-global-color-5)","background-image":"","background-repeat":"repeat","background-position":"center center","background-size":"auto","background-attachment":"scroll","background-type":"","background-media":"","overlay-type":"","overlay-color":"","overlay-opacity":"","overlay-gradient":""},"mobile":{"background-color":"var(--ast-global-color-5)","background-image":"","background-repeat":"repeat","background-position":"center center","background-size":"auto","background-attachment":"scroll","background-type":"","background-media":"","overlay-type":"","overlay-color":"","overlay-opacity":"","overlay-gradient":""}}},"product_brand":[],"product_cat":[39],"product_tag":[180,179,168,170,182,183,176,169,178,101,171,172,174,173,181,177,175],"class_list":{"0":"post-4193","1":"product","2":"type-product","3":"status-publish","4":"has-post-thumbnail","6":"product_cat-cuttingsaw","7":"product_tag-auto-beam-saw-machine","8":"product_tag-automatic-cnc-beam-saw-machine","9":"product_tag-automatic-computer-panel-saw","10":"product_tag-beam-panel-saw","11":"product_tag-beam-saw-uk","12":"product_tag-best-cnc-beam-saw","13":"product_tag-cnc-computer-beam-panel-saw","14":"product_tag-cnc-panel-saw","15":"product_tag-computer-panel-saw","16":"product_tag-electric-cutting-saw","17":"product_tag-horizontal-beam-saw","18":"product_tag-panel-beam-saw","19":"product_tag-pressure-beam-saw","20":"product_tag-vertical-panel-saw","21":"product_tag-wodworking-panel-beam-saw","22":"product_tag-wood-panel-computer-saw-machine","23":"product_tag-woodworking-computer-panel-saw","24":"desktop-align-left","25":"tablet-align-left","26":"mobile-align-left","27":"ast-product-gallery-layout-horizontal-slider","28":"ast-product-gallery-with-no-image","29":"ast-product-tabs-layout-horizontal","31":"first","32":"instock","33":"shipping-taxable","34":"product-type-simple"},"uagb_featured_image_src":{"full":["https:\/\/wisecnclaser.com\/wp-content\/uploads\/2025\/09\/KH828.png",806,802,false],"thumbnail":["https:\/\/wisecnclaser.com\/wp-content\/uploads\/2025\/09\/KH828-150x150.png",150,150,true],"medium":["https:\/\/wisecnclaser.com\/wp-content\/uploads\/2025\/09\/KH828-300x300.png",300,300,true],"medium_large":["https:\/\/wisecnclaser.com\/wp-content\/uploads\/2025\/09\/KH828-768x764.png",768,764,true],"large":["https:\/\/wisecnclaser.com\/wp-content\/uploads\/2025\/09\/KH828.png",806,802,false],"1536x1536":["https:\/\/wisecnclaser.com\/wp-content\/uploads\/2025\/09\/KH828.png",806,802,false],"2048x2048":["https:\/\/wisecnclaser.com\/wp-content\/uploads\/2025\/09\/KH828.png",806,802,false],"trp-custom-language-flag":["https:\/\/wisecnclaser.com\/wp-content\/uploads\/2025\/09\/KH828-12x12.png",12,12,true],"woocommerce_thumbnail":["https:\/\/wisecnclaser.com\/wp-content\/uploads\/2025\/09\/KH828-300x300.png",300,300,true],"woocommerce_single":["https:\/\/wisecnclaser.com\/wp-content\/uploads\/2025\/09\/KH828-600x597.png",600,597,true],"woocommerce_gallery_thumbnail":["https:\/\/wisecnclaser.com\/wp-content\/uploads\/2025\/09\/KH828-100x100.png",100,100,true]},"uagb_author_info":{"display_name":"jinxing6611@gmail.com","author_link":"https:\/\/wisecnclaser.com\/fr\/author\/"},"uagb_comment_info":0,"uagb_excerpt":"1. WS2800 CNC Beam Panel Saw Equipment Overview: This machine is suitable for sawing and processing particle board, multilayer board, medium-density fiberboard, density fiberboard, particleboard, PVC board, artificial stone board, calcium silicate board for exterior wall panels, cardboard, and aluminum honeycomb. Both the main saw and feeder are guided by linear guides, ensuring superior precision.\u2026","_links":{"self":[{"href":"https:\/\/wisecnclaser.com\/fr\/wp-json\/wp\/v2\/product\/4193","targetHints":{"allow":["GET"]}}],"collection":[{"href":"https:\/\/wisecnclaser.com\/fr\/wp-json\/wp\/v2\/product"}],"about":[{"href":"https:\/\/wisecnclaser.com\/fr\/wp-json\/wp\/v2\/types\/product"}],"wp:featuredmedia":[{"embeddable":true,"href":"https:\/\/wisecnclaser.com\/fr\/wp-json\/wp\/v2\/media\/4196"}],"wp:attachment":[{"href":"https:\/\/wisecnclaser.com\/fr\/wp-json\/wp\/v2\/media?parent=4193"}],"wp:term":[{"taxonomy":"product_brand","embeddable":true,"href":"https:\/\/wisecnclaser.com\/fr\/wp-json\/wp\/v2\/product_brand?post=4193"},{"taxonomy":"product_cat","embeddable":true,"href":"https:\/\/wisecnclaser.com\/fr\/wp-json\/wp\/v2\/product_cat?post=4193"},{"taxonomy":"product_tag","embeddable":true,"href":"https:\/\/wisecnclaser.com\/fr\/wp-json\/wp\/v2\/product_tag?post=4193"}],"curies":[{"name":"wp","href":"https:\/\/api.w.org\/{rel}","templated":true}]}}