{"id":4302,"date":"2026-01-12T05:55:40","date_gmt":"2026-01-12T05:55:40","guid":{"rendered":"https:\/\/wisecnclaser.com\/?post_type=product&#038;p=4302"},"modified":"2026-01-12T05:55:41","modified_gmt":"2026-01-12T05:55:41","slug":"ws4500-automatic-computer-cnc-panel-saw-your-best-cnc-wood-cutting-saw-for-automated-panel-processing","status":"publish","type":"product","link":"https:\/\/wisecnclaser.com\/fr\/produit\/ws4500-automatic-computer-cnc-panel-saw-your-best-cnc-wood-cutting-saw-for-automated-panel-processing\/","title":{"rendered":"WS4500 Automatic Computer CNC Panel Saw-Your Best CNC Wood Cutting Saw for Automated Panel Processing (Scie \u00e0 bois CNC automatique pour le traitement automatis\u00e9 des panneaux)"},"content":{"rendered":"<p>WS4500 Computer Panel Saw : D\u00e9couvrez la pr\u00e9cision et l'efficacit\u00e9 du sciage de panneaux<\/p>\n<p>&nbsp;<\/p>\n<p>La scie \u00e0 panneaux informatis\u00e9e de la s\u00e9rie 4500 repr\u00e9sente le summum de la technologie de coupe automatis\u00e9e pour les professionnels du bois. Con\u00e7ue pour les environnements de production \u00e0 haut volume, cette scie \u00e0 panneaux int\u00e8gre une construction robuste et un logiciel intelligent pour r\u00e9aliser des coupes parfaites et r\u00e9p\u00e9tables sur des panneaux tels que le contreplaqu\u00e9, le MDF, les panneaux de particules et les stratifi\u00e9s. Si vous exigez une pr\u00e9cision mesur\u00e9e en fractions de millim\u00e8tre et une efficacit\u00e9 qui r\u00e9duit les temps de production, la s\u00e9rie 4500 est con\u00e7ue pour vous.<\/p>\n<p>&nbsp;<\/p>\n<p>Pourquoi la s\u00e9rie 4500 est consid\u00e9r\u00e9e comme la meilleure scie \u00e0 bois CNC<\/p>\n<p>&nbsp;<\/p>\n<ol>\n<li>\u00a0Pr\u00e9cision de coupe in\u00e9gal\u00e9e et finition nette : notre syst\u00e8me de servocommande avanc\u00e9 et notre m\u00e9canisme de guidage rigide garantissent que chaque coupe est parfaitement d'\u00e9querre et exempte de copeaux. La commande automatique de la scie \u00e0 poutrelle par ordinateur \u00e9limine l'erreur humaine, garantissant des dimensions de pi\u00e8ces constantes d'un lot \u00e0 l'autre, ce qui minimise les d\u00e9chets de mat\u00e9riaux et les reprises.<\/li>\n<\/ol>\n<p>&nbsp;<\/p>\n<ol start=\"2\">\n<li>\u00a0Fonctionnement enti\u00e8rement automatis\u00e9 et \u00e0 grande vitesse : Du chargement et du positionnement automatiques \u00e0 la d\u00e9coupe et au tri optimis\u00e9s, la s\u00e9rie 4500 rationalise l'ensemble du flux de travail. Cette scie \u00e0 poutre automatique est dot\u00e9e d'un logiciel de d\u00e9coupe intelligent qui imbrique les pi\u00e8ces pour maximiser le rendement de chaque feuille, augmentant ainsi consid\u00e9rablement votre d\u00e9bit et votre rentabilit\u00e9.<\/li>\n<\/ol>\n<p>&nbsp;<\/p>\n<ol start=\"3\">\n<li>\u00a0Construction robuste et fiable de la scie \u00e0 poutre : Construite avec un ch\u00e2ssis en acier robuste et des composants de pr\u00e9cision, la scie \u00e0 poutre 4500 est con\u00e7ue pour fonctionner 24 heures sur 24 et 7 jours sur 7 dans l'industrie. Elle assure une stabilit\u00e9 et une durabilit\u00e9 \u00e0 long terme, constituant une colonne vert\u00e9brale fiable pour votre ligne de production.<\/li>\n<\/ol>\n<p>&nbsp;<\/p>\n<ol start=\"4\">\n<li>Commande informatique conviviale : L'interface intuitive de l'\u00e9cran tactile facilite la configuration et l'ex\u00e9cution de programmes de coupe complexes. Les op\u00e9rateurs peuvent facilement g\u00e9rer les commandes, visualiser les sch\u00e9mas de coupe et surveiller l'\u00e9tat de la machine, ce qui rend la scie \u00e0 panneaux accessible et puissante.<\/li>\n<\/ol>\n<p>Applications id\u00e9ales :<\/p>\n<p>Fabrication d'armoires et de meubles-lavabos : Produire efficacement des c\u00f4t\u00e9s d'armoires, des portes et des \u00e9tag\u00e8res de pr\u00e9cision.<\/p>\n<p>Meubles et encastrements sur mesure : Traiter des listes de coupe complexes pour des projets r\u00e9sidentiels et commerciaux.<\/p>\n<p>Am\u00e9nagement de bureaux et de magasins : R\u00e9aliser des coupes parfaites pour les pr\u00e9sentoirs et les syst\u00e8mes de cloisons.<\/p>\n<p>Signalisation et composants industriels : Traiter avec fiabilit\u00e9 une large gamme de mat\u00e9riaux en feuilles.<\/p>\n<p>&nbsp;<\/p>\n<p>Faits saillants techniques :<\/p>\n<p>Mod\u00e8le : Scie \u00e0 panneaux automatique par ordinateur de la s\u00e9rie 4500<\/p>\n<p>Capacit\u00e9 de coupe : Largeur et longueur de coupe tr\u00e8s performantes pour s'adapter aux panneaux standards et surdimensionn\u00e9s.<\/p>\n<p>Syst\u00e8me d'entra\u00eenement : servomoteurs de haute pr\u00e9cision et vis \u00e0 billes.<\/p>\n<p>Syst\u00e8me de contr\u00f4le : PC industriel avec logiciel de d\u00e9coupe et d'imbrication optimis\u00e9.<\/p>\n<p>Caract\u00e9ristiques de s\u00e9curit\u00e9 : Protection compl\u00e8te, arr\u00eats d'urgence et capteurs de s\u00e9curit\u00e9.<\/p>\n<p>&nbsp;<\/p>\n<p>Param\u00e8tres techniques de la scie \u00e0 bois \u00e0 commande num\u00e9rique :<\/p>\n<table>\n<tbody>\n<tr>\n<td width=\"769\">Longueur de coupe maximale<\/td>\n<td width=\"475\">4500mm<\/td>\n<\/tr>\n<tr>\n<td width=\"769\">Hauteur de coupe max.<\/td>\n<td width=\"475\">100mm<\/td>\n<\/tr>\n<tr>\n<td width=\"769\">Taille minimale de coupe<\/td>\n<td width=\"475\">100*100mm<\/td>\n<\/tr>\n<tr>\n<td width=\"769\">Puissance du moteur de la lame de scie principale<\/td>\n<td width=\"475\">16,5 kW<\/td>\n<\/tr>\n<tr>\n<td width=\"769\">Diam\u00e8tre de la lame de scie principale<\/td>\n<td width=\"475\">400mm<\/td>\n<\/tr>\n<tr>\n<td width=\"769\">Diam\u00e8tre de la broche principale<\/td>\n<td width=\"475\">75 mm<\/td>\n<\/tr>\n<tr>\n<td width=\"769\">Vitesse de la lame de scie principale<\/td>\n<td width=\"475\">4000r\/min<\/td>\n<\/tr>\n<tr>\n<td width=\"769\">Puissance du moteur de l'inciseur<\/td>\n<td width=\"475\">2,2 kW<\/td>\n<\/tr>\n<tr>\n<td width=\"769\">Diam\u00e8tre de la scie \u00e0 inciser<\/td>\n<td width=\"475\">180 mm<\/td>\n<\/tr>\n<tr>\n<td width=\"769\">Diam\u00e8tre de la broche d'incision<\/td>\n<td width=\"475\">50 mm<\/td>\n<\/tr>\n<tr>\n<td width=\"769\">Vitesse de la scie d'incision<\/td>\n<td width=\"475\">6000r\/min<\/td>\n<\/tr>\n<tr>\n<td width=\"769\">Moteur d'entra\u00eenement du syst\u00e8me de poussoir<\/td>\n<td width=\"475\">2,4 kW<\/td>\n<\/tr>\n<tr>\n<td width=\"769\">Moteur de la soufflerie \u00e0 haute pression<\/td>\n<td width=\"475\">3kw<\/td>\n<\/tr>\n<tr>\n<td width=\"769\">pression d'air de travail<\/td>\n<td width=\"475\">6-7kg\/c\u33a1<\/td>\n<\/tr>\n<tr>\n<td width=\"769\">moteur d'entra\u00eenement du chariot de la scie<\/td>\n<td width=\"475\">3,8 kW<\/td>\n<\/tr>\n<tr>\n<td width=\"769\">Puissance du moteur lat\u00e9ral<\/td>\n<td width=\"475\">90W<\/td>\n<\/tr>\n<tr>\n<td width=\"769\">pinces<\/td>\n<td width=\"475\">12<\/td>\n<\/tr>\n<tr>\n<td width=\"769\">Tension<\/td>\n<td width=\"475\">380V, 50HZ, 3 phases<\/td>\n<\/tr>\n<tr>\n<td width=\"769\">Taille de la machine<\/td>\n<td width=\"475\">6900*4600*2180mm<\/td>\n<\/tr>\n<tr>\n<td width=\"769\">poids<\/td>\n<td width=\"475\">6.2T<\/td>\n<\/tr>\n<\/tbody>\n<\/table>\n<p>&nbsp;<\/p>\n<p>Am\u00e9liorez votre production d\u00e8s aujourd'hui<\/p>\n<p>Ne faites plus de compromis sur la vitesse, la pr\u00e9cision ou le rendement des mat\u00e9riaux. La scie \u00e0 panneaux informatis\u00e9e de la s\u00e9rie 4500 est la solution compl\u00e8te pour les ateliers et les usines qui souhaitent d\u00e9velopper leurs activit\u00e9s en toute confiance.<\/p>\n<p>&nbsp;<\/p>\n<p>Demandez un devis, des sp\u00e9cifications d\u00e9taill\u00e9es ou planifiez une d\u00e9monstration virtuelle d\u00e8s aujourd'hui !<\/p>\n<div class=\"ast-oembed-container\" style=\"height: 100%;\"><iframe title=\"Scie \u00e0 ruban CNC, scie \u00e9lectrique, scie \u00e0 ruban CNC informatis\u00e9e, scie \u00e0 d\u00e9couper le bois, machine laser CNC de Jinan wise\" width=\"500\" height=\"281\" src=\"https:\/\/www.youtube.com\/embed\/F3wZ9P1rqRY?feature=oembed\" frameborder=\"0\" allow=\"accelerometer; autoplay; clipboard-write; encrypted-media; gyroscope; picture-in-picture; web-share\" referrerpolicy=\"strict-origin-when-cross-origin\" allowfullscreen><\/iframe><\/div>","protected":false},"excerpt":{"rendered":"<p>Explore the 4500 Series automatic computer beam saw. Designed as the ultimate beam saw machine for cabinets, furniture, and fixtures, it delivers unmatched precision, speed, and reliability for modern wood\u00a0shops.<\/p>","protected":false},"featured_media":4305,"template":"","meta":{"_seopress_robots_primary_cat":"","_seopress_titles_title":"","_seopress_titles_desc":"","_seopress_robots_index":"","_uag_custom_page_level_css":"","site-sidebar-layout":"default","site-content-layout":"","ast-site-content-layout":"default","site-content-style":"default","site-sidebar-style":"default","ast-global-header-display":"","ast-banner-title-visibility":"","ast-main-header-display":"","ast-hfb-above-header-display":"","ast-hfb-below-header-display":"","ast-hfb-mobile-header-display":"","site-post-title":"","ast-breadcrumbs-content":"","ast-featured-img":"","footer-sml-layout":"","ast-disable-related-posts":"","theme-transparent-header-meta":"default","adv-header-id-meta":"","stick-header-meta":"default","header-above-stick-meta":"","header-main-stick-meta":"","header-below-stick-meta":"","astra-migrate-meta-layouts":"set","ast-page-background-enabled":"default","ast-page-background-meta":{"desktop":{"background-color":"","background-image":"","background-repeat":"repeat","background-position":"center center","background-size":"auto","background-attachment":"scroll","background-type":"","background-media":"","overlay-type":"","overlay-color":"","overlay-opacity":"","overlay-gradient":""},"tablet":{"background-color":"","background-image":"","background-repeat":"repeat","background-position":"center center","background-size":"auto","background-attachment":"scroll","background-type":"","background-media":"","overlay-type":"","overlay-color":"","overlay-opacity":"","overlay-gradient":""},"mobile":{"background-color":"","background-image":"","background-repeat":"repeat","background-position":"center center","background-size":"auto","background-attachment":"scroll","background-type":"","background-media":"","overlay-type":"","overlay-color":"","overlay-opacity":"","overlay-gradient":""}},"ast-content-background-meta":{"desktop":{"background-color":"var(--ast-global-color-5)","background-image":"","background-repeat":"repeat","background-position":"center center","background-size":"auto","background-attachment":"scroll","background-type":"","background-media":"","overlay-type":"","overlay-color":"","overlay-opacity":"","overlay-gradient":""},"tablet":{"background-color":"var(--ast-global-color-5)","background-image":"","background-repeat":"repeat","background-position":"center center","background-size":"auto","background-attachment":"scroll","background-type":"","background-media":"","overlay-type":"","overlay-color":"","overlay-opacity":"","overlay-gradient":""},"mobile":{"background-color":"var(--ast-global-color-5)","background-image":"","background-repeat":"repeat","background-position":"center center","background-size":"auto","background-attachment":"scroll","background-type":"","background-media":"","overlay-type":"","overlay-color":"","overlay-opacity":"","overlay-gradient":""}}},"product_brand":[],"product_cat":[39],"product_tag":[231,230,95,229,235,232,178,236,237,234,233],"class_list":{"0":"post-4302","1":"product","2":"type-product","3":"status-publish","4":"has-post-thumbnail","6":"product_cat-cuttingsaw","7":"product_tag-automated-panel-saw","8":"product_tag-automatic-computer-beam-saw","9":"product_tag-beam-saw-machine","10":"product_tag-best-cnc-wood-cutting-saw","11":"product_tag-cabinet-production-saw","12":"product_tag-cnc-beamsaw","13":"product_tag-computer-panel-saw","14":"product_tag-high-precision-cutting","15":"product_tag-industrial-panel-saw","16":"product_tag-panel-processing","17":"product_tag-woodworking-machinery","18":"desktop-align-left","19":"tablet-align-left","20":"mobile-align-left","21":"ast-product-gallery-layout-horizontal-slider","22":"ast-product-gallery-with-no-image","23":"ast-product-tabs-layout-horizontal","25":"first","26":"instock","27":"shipping-taxable","28":"product-type-simple"},"uagb_featured_image_src":{"full":["https:\/\/wisecnclaser.com\/wp-content\/uploads\/2026\/01\/4500.png",1082,1082,false],"thumbnail":["https:\/\/wisecnclaser.com\/wp-content\/uploads\/2026\/01\/4500-150x150.png",150,150,true],"medium":["https:\/\/wisecnclaser.com\/wp-content\/uploads\/2026\/01\/4500-300x300.png",300,300,true],"medium_large":["https:\/\/wisecnclaser.com\/wp-content\/uploads\/2026\/01\/4500-768x768.png",768,768,true],"large":["https:\/\/wisecnclaser.com\/wp-content\/uploads\/2026\/01\/4500-1024x1024.png",1024,1024,true],"1536x1536":["https:\/\/wisecnclaser.com\/wp-content\/uploads\/2026\/01\/4500.png",1082,1082,false],"2048x2048":["https:\/\/wisecnclaser.com\/wp-content\/uploads\/2026\/01\/4500.png",1082,1082,false],"trp-custom-language-flag":["https:\/\/wisecnclaser.com\/wp-content\/uploads\/2026\/01\/4500-12x12.png",12,12,true],"woocommerce_thumbnail":["https:\/\/wisecnclaser.com\/wp-content\/uploads\/2026\/01\/4500-300x300.png",300,300,true],"woocommerce_single":["https:\/\/wisecnclaser.com\/wp-content\/uploads\/2026\/01\/4500-600x600.png",600,600,true],"woocommerce_gallery_thumbnail":["https:\/\/wisecnclaser.com\/wp-content\/uploads\/2026\/01\/4500-100x100.png",100,100,true]},"uagb_author_info":{"display_name":"jinxing6611@gmail.com","author_link":"https:\/\/wisecnclaser.com\/fr\/author\/"},"uagb_comment_info":0,"uagb_excerpt":"Explore the 4500 Series automatic computer beam saw. Designed as the ultimate beam saw machine for cabinets, furniture, and fixtures, it delivers unmatched precision, speed, and reliability for modern wood\u00a0shops.","_links":{"self":[{"href":"https:\/\/wisecnclaser.com\/fr\/wp-json\/wp\/v2\/product\/4302","targetHints":{"allow":["GET"]}}],"collection":[{"href":"https:\/\/wisecnclaser.com\/fr\/wp-json\/wp\/v2\/product"}],"about":[{"href":"https:\/\/wisecnclaser.com\/fr\/wp-json\/wp\/v2\/types\/product"}],"wp:featuredmedia":[{"embeddable":true,"href":"https:\/\/wisecnclaser.com\/fr\/wp-json\/wp\/v2\/media\/4305"}],"wp:attachment":[{"href":"https:\/\/wisecnclaser.com\/fr\/wp-json\/wp\/v2\/media?parent=4302"}],"wp:term":[{"taxonomy":"product_brand","embeddable":true,"href":"https:\/\/wisecnclaser.com\/fr\/wp-json\/wp\/v2\/product_brand?post=4302"},{"taxonomy":"product_cat","embeddable":true,"href":"https:\/\/wisecnclaser.com\/fr\/wp-json\/wp\/v2\/product_cat?post=4302"},{"taxonomy":"product_tag","embeddable":true,"href":"https:\/\/wisecnclaser.com\/fr\/wp-json\/wp\/v2\/product_tag?post=4302"}],"curies":[{"name":"wp","href":"https:\/\/api.w.org\/{rel}","templated":true}]}}