{"id":4422,"date":"2026-03-20T01:22:14","date_gmt":"2026-03-20T01:22:14","guid":{"rendered":"https:\/\/wisecnclaser.com\/?post_type=product&#038;p=4422"},"modified":"2026-03-20T01:35:24","modified_gmt":"2026-03-20T01:35:24","slug":"3kw-6kw-fiber-laser-cutting-machine","status":"publish","type":"product","link":"https:\/\/wisecnclaser.com\/fr\/produit\/3kw-6kw-fiber-laser-cutting-machine\/","title":{"rendered":"Machine de d\u00e9coupe laser \u00e0 fibre de haute qualit\u00e9 3KW 6KW 3015\/4020\/6025"},"content":{"rendered":"<p><strong>La pr\u00e9cision rencontre la puissance : Am\u00e9liorez votre flux de travail pour la fabrication des m\u00e9taux<\/strong><br \/>\nVous \u00eates \u00e0 la recherche d'une machine de d\u00e9coupe laser \u00e0 fibre fiable et performante pour am\u00e9liorer l'efficacit\u00e9 de votre production ? Notre derni\u00e8re machine de d\u00e9coupe laser \u00e0 fibre \u00e0 table unique est con\u00e7ue pour r\u00e9aliser des d\u00e9coupes de pr\u00e9cision sur une large gamme de mat\u00e9riaux m\u00e9talliques. Elle offre une grande flexibilit\u00e9 en termes de puissance et de taille de d\u00e9coupe afin de r\u00e9pondre aux besoins industriels les plus divers.<\/p>\n<p>Con\u00e7ue pour les petites et moyennes entreprises qui se lancent dans l'automatisation, cette machine associe une construction m\u00e9canique robuste \u00e0 des composants internationaux de premier ordre, ce qui garantit une stabilit\u00e9 \u00e0 long terme et des temps d'arr\u00eat minimes.<\/p>\n<p><em><strong>Principales sp\u00e9cifications techniques<\/strong><\/em><\/p>\n<p>Nous proposons des configurations personnalisables pour r\u00e9pondre parfaitement \u00e0 vos besoins de d\u00e9coupe :<\/p>\n<p>- Dimensions de coupe (en option) :<br \/>\n- 3000 x 1500 mm (id\u00e9al pour les t\u00f4les standard)<br \/>\n- 4000 x 2000 mm (parfait pour les grands panneaux)<br \/>\n- 6000 x 2500 mm (con\u00e7u pour les pi\u00e8ces tr\u00e8s longues)<br \/>\n- Puissance du laser (en option) :<br \/>\n- 3kW : D\u00e9coupe efficace de l'acier doux, de l'acier inoxydable et de l'aluminium jusqu'\u00e0 des \u00e9paisseurs mod\u00e9r\u00e9es.<br \/>\n- 6kW : coupe \u00e0 grande vitesse et capacit\u00e9 \u00e0 traiter facilement des plaques plus \u00e9paisses.<br \/>\n- Structure de la machine : Ch\u00e2ssis robuste en t\u00f4le soud\u00e9e. Cette structure subit un traitement de d\u00e9tente pour garantir une rigidit\u00e9 et une pr\u00e9cision durables, emp\u00eachant toute d\u00e9formation m\u00eame en cas de fonctionnement \u00e0 grande vitesse.<\/p>\n<figure id=\"attachment_4426\" aria-describedby=\"caption-attachment-4426\" style=\"width: 1200px\" class=\"wp-caption alignnone\"><img fetchpriority=\"high\" decoding=\"async\" class=\"size-full wp-image-4426\" src=\"https:\/\/wisecnclaser.com\/wp-content\/uploads\/2026\/03\/6kw-fiber-laser-cutter.jpg\" alt=\"high quality 3kw 6kw fiber laser cutting machine 3015\/4020\/602\" width=\"1200\" height=\"1200\" srcset=\"https:\/\/wisecnclaser.com\/wp-content\/uploads\/2026\/03\/6kw-fiber-laser-cutter.jpg 1200w, https:\/\/wisecnclaser.com\/wp-content\/uploads\/2026\/03\/6kw-fiber-laser-cutter-300x300.jpg 300w, https:\/\/wisecnclaser.com\/wp-content\/uploads\/2026\/03\/6kw-fiber-laser-cutter-1024x1024.jpg 1024w, https:\/\/wisecnclaser.com\/wp-content\/uploads\/2026\/03\/6kw-fiber-laser-cutter-150x150.jpg 150w, https:\/\/wisecnclaser.com\/wp-content\/uploads\/2026\/03\/6kw-fiber-laser-cutter-768x768.jpg 768w, https:\/\/wisecnclaser.com\/wp-content\/uploads\/2026\/03\/6kw-fiber-laser-cutter-12x12.jpg 12w, https:\/\/wisecnclaser.com\/wp-content\/uploads\/2026\/03\/6kw-fiber-laser-cutter-600x600.jpg 600w, https:\/\/wisecnclaser.com\/wp-content\/uploads\/2026\/03\/6kw-fiber-laser-cutter-100x100.jpg 100w\" sizes=\"(max-width: 1200px) 100vw, 1200px\" \/><figcaption id=\"caption-attachment-4426\" class=\"wp-caption-text\">Machine de d\u00e9coupe laser \u00e0 fibre de haute qualit\u00e9 3kw 6kw 3015\/4020\/602<\/figcaption><\/figure>\n<p><em><strong>Composants de base : Construits avec des marques de renomm\u00e9e mondiale<\/strong><\/em><\/p>\n<p>Nous pensons que la qualit\u00e9 d'une machine r\u00e9side dans la qualit\u00e9 de ses pi\u00e8ces. Voici la configuration premium de ce mod\u00e8le :<\/p>\n<p>- Source laser (en option) : Raycus, MaxPhotonics ou IPG. Tous sont des leaders du march\u00e9 connus pour leur taux de conversion \u00e9lectro-optique \u00e9lev\u00e9 et la qualit\u00e9 stable de leur faisceau.<br \/>\n- Syst\u00e8me de contr\u00f4le et t\u00eate de coupe : Cyplite (par Bristol). Profitez d'une interface utilisateur intuitive avec le syst\u00e8me de contr\u00f4le Cyplite standard de l'industrie, associ\u00e9 \u00e0 une t\u00eate de coupe Cyplite haute performance pour un contr\u00f4le pr\u00e9cis de la mise au point.<br \/>\n- Servomoteurs et variateurs:Inovance. Les servomoteurs \u00e0 haute r\u00e9activit\u00e9 assurent une acc\u00e9l\u00e9ration rapide et un positionnement pr\u00e9cis.<br \/>\n- Moteur et bo\u00eete de vitesses :<br \/>\n- Moteur:Moteur Cypcut.<br \/>\n- Bo\u00eete de vitesses : r\u00e9ducteur Techmag. Cette combinaison assure une transmission souple et une r\u00e9ponse dynamique \u00e9lev\u00e9e.<br \/>\n- Cr\u00e9maill\u00e8re et rail de guidage (en option) : YYH\/PEK. Les cr\u00e9maill\u00e8res et les rails rectifi\u00e9s avec pr\u00e9cision garantissent une grande pr\u00e9cision de positionnement et une durabilit\u00e9 \u00e0 long terme.<br \/>\n- Unit\u00e9 de refroidissement : refroidisseur de marque Hanli ou Tongfei. Le contr\u00f4le intelligent de la temp\u00e9rature garantit que votre source laser fonctionne \u00e0 des temp\u00e9ratures optimales 24 heures sur 24 et 7 jours sur 7, prolongeant ainsi la dur\u00e9e de vie du r\u00e9sonateur.<br \/>\n- Composants \u00e9lectriques : Honeywell. Des pi\u00e8ces \u00e9lectriques de premier ordre garantissent la s\u00e9curit\u00e9 et la stabilit\u00e9 du circuit de commande.<\/p>\n<figure id=\"attachment_4427\" aria-describedby=\"caption-attachment-4427\" style=\"width: 1200px\" class=\"wp-caption alignnone\"><img decoding=\"async\" class=\"size-full wp-image-4427\" src=\"https:\/\/wisecnclaser.com\/wp-content\/uploads\/2026\/03\/fiber-laser-cutting-machine-parts.jpg\" alt=\"high quality 3kw 6kw fiber laser cutting machine 3015\/4020\/602\" width=\"1200\" height=\"1200\" srcset=\"https:\/\/wisecnclaser.com\/wp-content\/uploads\/2026\/03\/fiber-laser-cutting-machine-parts.jpg 1200w, https:\/\/wisecnclaser.com\/wp-content\/uploads\/2026\/03\/fiber-laser-cutting-machine-parts-300x300.jpg 300w, https:\/\/wisecnclaser.com\/wp-content\/uploads\/2026\/03\/fiber-laser-cutting-machine-parts-1024x1024.jpg 1024w, https:\/\/wisecnclaser.com\/wp-content\/uploads\/2026\/03\/fiber-laser-cutting-machine-parts-150x150.jpg 150w, https:\/\/wisecnclaser.com\/wp-content\/uploads\/2026\/03\/fiber-laser-cutting-machine-parts-768x768.jpg 768w, https:\/\/wisecnclaser.com\/wp-content\/uploads\/2026\/03\/fiber-laser-cutting-machine-parts-12x12.jpg 12w, https:\/\/wisecnclaser.com\/wp-content\/uploads\/2026\/03\/fiber-laser-cutting-machine-parts-600x600.jpg 600w, https:\/\/wisecnclaser.com\/wp-content\/uploads\/2026\/03\/fiber-laser-cutting-machine-parts-100x100.jpg 100w\" sizes=\"(max-width: 1200px) 100vw, 1200px\" \/><figcaption id=\"caption-attachment-4427\" class=\"wp-caption-text\">Machine de d\u00e9coupe laser \u00e0 fibre de haute qualit\u00e9 3kw 6kw 3015\/4020\/6025<\/figcaption><\/figure>\n<p><em><strong>Param\u00e8tres techniques de la d\u00e9coupeuse laser pour m\u00e9taux 3kw 6kw :<\/strong><\/em><\/p>\n<table>\n<tbody>\n<tr>\n<td width=\"635\"><strong><b>Mod\u00e8le<\/b><\/strong><\/td>\n<td width=\"635\">WS3015\/WS4020\/WS6025<\/td>\n<\/tr>\n<tr>\n<td width=\"635\"><strong><b>Zone de travail<\/b><\/strong><\/td>\n<td width=\"635\">3000mm*1500mm\/2000*4000mm\/2500*6000mm<\/td>\n<\/tr>\n<tr>\n<td width=\"635\"><strong><b>Type de laser<\/b><\/strong><\/td>\n<td width=\"635\">G\u00e9n\u00e9rateur de laser \u00e0 fibre<\/td>\n<\/tr>\n<tr>\n<td width=\"635\"><strong><b>Laser<\/b><\/strong><strong><b>\u00a0<\/b><\/strong><strong><b>Puissance<\/b><\/strong><\/td>\n<td width=\"635\">3000W\/6000W Raycus \/ MAX<\/td>\n<\/tr>\n<tr>\n<td width=\"635\"><strong><b>Syst\u00e8me de transmission<\/b><\/strong><\/td>\n<td width=\"635\">Structure \u00e0 double entra\u00eenement du portique<\/td>\n<\/tr>\n<tr>\n<td width=\"635\"><strong><b>Syst\u00e8me de lubrification<\/b><\/strong><\/td>\n<td width=\"635\">Enti\u00e8rement automatique<\/td>\n<\/tr>\n<tr>\n<td width=\"635\"><strong><b>Vitesse maximale<\/b><\/strong><\/td>\n<td width=\"635\">140m\/min<\/td>\n<\/tr>\n<tr>\n<td width=\"635\"><strong><b>Vitesse d'acc\u00e9l\u00e9ration maximale<\/b><\/strong><\/td>\n<td width=\"635\">1.0G<\/td>\n<\/tr>\n<tr>\n<td width=\"635\"><strong><b>Machine<\/b><\/strong><strong><b>\u00a0<\/b><\/strong><strong><b>Corps<\/b><\/strong><\/td>\n<td width=\"635\">Tube soud\u00e9<\/td>\n<\/tr>\n<tr>\n<td width=\"635\">&nbsp;<\/p>\n<p><strong><b>Corps de la machine<\/b><\/strong><strong><b>\u00a0<\/b><\/strong><strong><b>Produits<\/b><\/strong><strong><b>\u00a0<\/b><\/strong><strong><b>Processus<\/b><\/strong><\/td>\n<td width=\"635\">Fraisage \u00e0 portique<\/p>\n<p>D\u00e9stresser<\/p>\n<p>D\u00e9samor\u00e7age<\/td>\n<\/tr>\n<tr>\n<td width=\"635\"><strong><b>Pr\u00e9cision de la position<\/b><\/strong><\/td>\n<td width=\"635\">\u00b10,03mm\/1000mm<\/td>\n<\/tr>\n<tr>\n<td width=\"635\"><strong><b>Pr\u00e9cision du repositionnement<\/b><\/strong><\/td>\n<td width=\"635\">\u00b10,02mm\/1000mm<\/td>\n<\/tr>\n<tr>\n<td width=\"635\"><strong><b>Format graphique pris en charge<\/b><\/strong><\/td>\n<td width=\"635\">CAD, DXF, etc.<\/td>\n<\/tr>\n<tr>\n<td width=\"635\"><strong><b>Tension<\/b><\/strong><\/td>\n<td width=\"635\">380V\u00b110% triphas\u00e9<\/td>\n<\/tr>\n<tr>\n<td width=\"635\"><strong><b>Travailler<\/b><\/strong><strong><b>\u00a0<\/b><\/strong><strong><b>Environnement<\/b><\/strong><\/td>\n<td width=\"635\">Temp:0-40\u2103 ,humidit\u00e9:\u226480%, pas de condensation<\/td>\n<\/tr>\n<tr>\n<td width=\"635\"><strong><b>Taille de la machine<\/b><\/strong><\/td>\n<td width=\"635\">4873*2645*1765mm<\/td>\n<\/tr>\n<tr>\n<td width=\"635\"><strong><b>Taille de l'emballage<\/b><\/strong><\/td>\n<td width=\"635\">5000*2290*1850mm<\/td>\n<\/tr>\n<tr>\n<td width=\"635\"><strong><b>Poids de la machine<\/b><\/strong><\/td>\n<td width=\"635\">1800kg<\/td>\n<\/tr>\n<tr>\n<td width=\"635\"><strong><b>Poids de l'emballage<\/b><\/strong><\/td>\n<td width=\"635\">1900kg<\/td>\n<\/tr>\n<\/tbody>\n<\/table>\n<p><em><strong>Configuration principale de la machine de d\u00e9coupe d'acier par laser \u00e0 fibre :<\/strong><\/em><\/p>\n<table>\n<tbody>\n<tr>\n<td colspan=\"2\" width=\"1271\"><strong><b>Configuration standard<\/b><\/strong><\/td>\n<\/tr>\n<tr>\n<td width=\"540\"><strong><b>Mod\u00e8le<\/b><\/strong><\/td>\n<td width=\"730\">WS3015\/WS4020\/WS6025<\/td>\n<\/tr>\n<tr>\n<td width=\"540\"><strong><b>Source laser<\/b><\/strong><\/td>\n<td width=\"730\">Raycus\/Max\/IPG<\/td>\n<\/tr>\n<tr>\n<td width=\"540\"><strong><b>Syst\u00e8me de contr\u00f4le<\/b><\/strong><\/td>\n<td width=\"730\">Cyplite<\/td>\n<\/tr>\n<tr>\n<td width=\"540\"><strong><b>Laser<\/b><\/strong><strong><b>\u00a0<\/b><\/strong><strong><b>t\u00eate<\/b><\/strong><\/td>\n<td width=\"730\">Cypcut<\/td>\n<\/tr>\n<tr>\n<td width=\"540\"><strong><b>Pilote de l'axe X et<\/b><\/strong><strong><b>\u00a0<\/b><\/strong><strong><b>Moteur<\/b><\/strong><\/td>\n<td width=\"730\">Servo 1,3KW<\/td>\n<\/tr>\n<tr>\n<td width=\"540\"><strong><b>Axe des Y<\/b><\/strong><strong><b>\u00a0<\/b><\/strong><strong><b>Conducteur et<\/b><\/strong><strong><b>\u00a0<\/b><\/strong><strong><b>Moteur<\/b><\/strong><\/td>\n<td width=\"730\">1,8KW*2 servo<\/td>\n<\/tr>\n<tr>\n<td width=\"540\"><strong><b>Axe Z<\/b><\/strong><strong><b>\u00a0<\/b><\/strong><strong><b>Conducteur et<\/b><\/strong><strong><b>\u00a0<\/b><\/strong><strong><b>Moteur<\/b><\/strong><\/td>\n<td width=\"730\">Servo 400W<\/td>\n<\/tr>\n<tr>\n<td width=\"540\"><strong><b>R\u00e9ducteur<\/b><\/strong><\/td>\n<td width=\"730\">Techmag<\/td>\n<\/tr>\n<tr>\n<td width=\"540\"><strong><b>Composants \u00e9lectroniques<\/b><\/strong><\/td>\n<td width=\"730\">Honeywell<\/td>\n<\/tr>\n<tr>\n<td width=\"540\"><strong><b>Guide<\/b><\/strong><strong><b>\u00a0<\/b><\/strong><strong><b>Rail<\/b><\/strong><\/td>\n<td width=\"730\">Taiwan HIWIN<\/td>\n<\/tr>\n<tr>\n<td width=\"540\"><strong><b>Broyage<\/b><\/strong><strong><b>\u00a0<\/b><\/strong><strong><b>Support<\/b><\/strong><\/td>\n<td width=\"730\">Taiwan YYC<\/td>\n<\/tr>\n<tr>\n<td width=\"540\"><strong><b>Soupape proportionnelle<\/b><\/strong><\/td>\n<td width=\"730\">Japon SMC<\/td>\n<\/tr>\n<tr>\n<td width=\"540\"><strong><b>Ordinateur<\/b><\/strong><\/td>\n<td width=\"730\">Mod\u00e8le standard<\/td>\n<\/tr>\n<tr>\n<td width=\"540\"><strong><b>Poutre<\/b><\/strong><\/td>\n<td width=\"730\">Aluminium aviation<\/td>\n<\/tr>\n<tr>\n<td width=\"540\"><strong><b>Refroidisseur d'eau<\/b><\/strong><\/td>\n<td width=\"730\">Marque Hanli ou Tongfei<\/td>\n<\/tr>\n<\/tbody>\n<\/table>\n<p><em><strong>Pourquoi choisir cette machine \u00e0 table unique ?<\/strong><\/em><\/p>\n<p>- Rentable : La conception de la table de coupe unique permet de r\u00e9duire l'investissement initial tout en maintenant une productivit\u00e9 \u00e9lev\u00e9e.<br \/>\n- Facile \u00e0 utiliser : Le syst\u00e8me Cyplite est convivial, ce qui permet aux op\u00e9rateurs d'apprendre et d'ex\u00e9cuter facilement des sch\u00e9mas de coupe complexes.<br \/>\n- Peu d'entretien : Gr\u00e2ce aux composants de qualit\u00e9 sup\u00e9rieure de YYH\/PEK, Honeywell et Inovance, le besoin de r\u00e9parations fr\u00e9quentes est consid\u00e9rablement r\u00e9duit.<br \/>\n- Polyvalence : Capable de couper de l'acier doux, de l'acier inoxydable, de l'aluminium, du laiton et des plaques rev\u00eatues.<\/p>\n<p><em><strong>Industries concern\u00e9es<\/strong><\/em><\/p>\n<p>- Fabrication de t\u00f4les<br \/>\n- Fabrication de pi\u00e8ces automobiles<br \/>\n- Cuisine et \u00e9b\u00e9nisterie<br \/>\n- Fabrication d'\u00e9quipements m\u00e9caniques<br \/>\n- Artisanat et d\u00e9coration en m\u00e9tal<\/p>\n<figure id=\"attachment_4428\" aria-describedby=\"caption-attachment-4428\" style=\"width: 1200px\" class=\"wp-caption alignnone\"><img decoding=\"async\" class=\"size-full wp-image-4428\" src=\"https:\/\/wisecnclaser.com\/wp-content\/uploads\/2026\/03\/fiber-laser-cutting-machine-sample.jpg\" alt=\"high quality 3kw 6kw fiber laser cutting machine 3015\/4020\/602\" width=\"1200\" height=\"1200\" srcset=\"https:\/\/wisecnclaser.com\/wp-content\/uploads\/2026\/03\/fiber-laser-cutting-machine-sample.jpg 1200w, https:\/\/wisecnclaser.com\/wp-content\/uploads\/2026\/03\/fiber-laser-cutting-machine-sample-300x300.jpg 300w, https:\/\/wisecnclaser.com\/wp-content\/uploads\/2026\/03\/fiber-laser-cutting-machine-sample-1024x1024.jpg 1024w, https:\/\/wisecnclaser.com\/wp-content\/uploads\/2026\/03\/fiber-laser-cutting-machine-sample-150x150.jpg 150w, https:\/\/wisecnclaser.com\/wp-content\/uploads\/2026\/03\/fiber-laser-cutting-machine-sample-768x768.jpg 768w, https:\/\/wisecnclaser.com\/wp-content\/uploads\/2026\/03\/fiber-laser-cutting-machine-sample-12x12.jpg 12w, https:\/\/wisecnclaser.com\/wp-content\/uploads\/2026\/03\/fiber-laser-cutting-machine-sample-600x600.jpg 600w, https:\/\/wisecnclaser.com\/wp-content\/uploads\/2026\/03\/fiber-laser-cutting-machine-sample-100x100.jpg 100w\" sizes=\"(max-width: 1200px) 100vw, 1200px\" \/><figcaption id=\"caption-attachment-4428\" class=\"wp-caption-text\">Machine de d\u00e9coupe laser \u00e0 fibre de haute qualit\u00e9 3kw 6kw 3015\/4020\/602<\/figcaption><\/figure>\n<p>Contactez-nous d\u00e8s aujourd'hui<\/p>\n<p>Pr\u00eat \u00e0 faire passer votre production au niveau sup\u00e9rieur ? Contactez-nous pour obtenir un devis ou un \u00e9chantillon de coupe. Nous pouvons adapter la taille et la puissance de la machine \u00e0 vos besoins.<\/p>\n<div class=\"ast-oembed-container\" style=\"height: 100%;\"><iframe title=\"500 watts 1kw 1.5kw 2kw 4kw 6kw machine de d\u00e9coupe laser \u00e0 fibre pour la d\u00e9coupe de l&#039;acier #ravail du m\u00e9tal\" width=\"500\" height=\"281\" src=\"https:\/\/www.youtube.com\/embed\/Q7vFYb4ZY-g?list=PLJBn_KpzvnkChgbqJsm1C1jhUTSqF0Pfp\" frameborder=\"0\" allow=\"accelerometer; autoplay; clipboard-write; encrypted-media; gyroscope; picture-in-picture; web-share\" referrerpolicy=\"strict-origin-when-cross-origin\" allowfullscreen><\/iframe><\/div>","protected":false},"excerpt":{"rendered":"<p>Laser cutting is the best cutting method in all kinds of cutting technology mastered by people nowadays.<\/p>\n<p>Contactless cutting, small\u00a0thermal\u00a0deformation;<\/p>\n<p>Montrer une voie \u00e0 faible \u00e9mission de carbone et respectueuse de l'environnement ;<\/p>\n<p>La coupe automatique est facile \u00e0 r\u00e9aliser, ce qui am\u00e9liore l'efficacit\u00e9 de l'usinage ;<\/p>\n<p>&nbsp;<\/p>","protected":false},"featured_media":4425,"template":"","meta":{"_seopress_robots_primary_cat":"none","_seopress_titles_title":"","_seopress_titles_desc":"","_seopress_robots_index":"","_uag_custom_page_level_css":"","site-sidebar-layout":"default","site-content-layout":"","ast-site-content-layout":"default","site-content-style":"default","site-sidebar-style":"default","ast-global-header-display":"","ast-banner-title-visibility":"","ast-main-header-display":"","ast-hfb-above-header-display":"","ast-hfb-below-header-display":"","ast-hfb-mobile-header-display":"","site-post-title":"","ast-breadcrumbs-content":"","ast-featured-img":"","footer-sml-layout":"","ast-disable-related-posts":"","theme-transparent-header-meta":"default","adv-header-id-meta":"","stick-header-meta":"default","header-above-stick-meta":"","header-main-stick-meta":"","header-below-stick-meta":"","astra-migrate-meta-layouts":"set","ast-page-background-enabled":"default","ast-page-background-meta":{"desktop":{"background-color":"","background-image":"","background-repeat":"repeat","background-position":"center center","background-size":"auto","background-attachment":"scroll","background-type":"","background-media":"","overlay-type":"","overlay-color":"","overlay-opacity":"","overlay-gradient":""},"tablet":{"background-color":"","background-image":"","background-repeat":"repeat","background-position":"center center","background-size":"auto","background-attachment":"scroll","background-type":"","background-media":"","overlay-type":"","overlay-color":"","overlay-opacity":"","overlay-gradient":""},"mobile":{"background-color":"","background-image":"","background-repeat":"repeat","background-position":"center center","background-size":"auto","background-attachment":"scroll","background-type":"","background-media":"","overlay-type":"","overlay-color":"","overlay-opacity":"","overlay-gradient":""}},"ast-content-background-meta":{"desktop":{"background-color":"var(--ast-global-color-5)","background-image":"","background-repeat":"repeat","background-position":"center center","background-size":"auto","background-attachment":"scroll","background-type":"","background-media":"","overlay-type":"","overlay-color":"","overlay-opacity":"","overlay-gradient":""},"tablet":{"background-color":"var(--ast-global-color-5)","background-image":"","background-repeat":"repeat","background-position":"center center","background-size":"auto","background-attachment":"scroll","background-type":"","background-media":"","overlay-type":"","overlay-color":"","overlay-opacity":"","overlay-gradient":""},"mobile":{"background-color":"var(--ast-global-color-5)","background-image":"","background-repeat":"repeat","background-position":"center center","background-size":"auto","background-attachment":"scroll","background-type":"","background-media":"","overlay-type":"","overlay-color":"","overlay-opacity":"","overlay-gradient":""}}},"product_brand":[],"product_cat":[57],"product_tag":[279,274,277,276,273,278,275],"class_list":{"0":"post-4422","1":"product","2":"type-product","3":"status-publish","4":"has-post-thumbnail","6":"product_cat-fiberlaser","7":"product_tag-3kw-fiber-laser-steel-cutting-machine","8":"product_tag-6kw-laser-cutter","9":"product_tag-6kw-raycus-laser-cutter","10":"product_tag-cypcut-control-system","11":"product_tag-fiber-laser-cutting-machine","12":"product_tag-fiber-laser-metal-cutting-machine","13":"product_tag-metal-laser-cutter","14":"desktop-align-left","15":"tablet-align-left","16":"mobile-align-left","17":"ast-product-gallery-layout-horizontal-slider","18":"ast-product-gallery-with-no-image","19":"ast-product-tabs-layout-horizontal","21":"first","22":"instock","23":"shipping-taxable","24":"product-type-simple"},"uagb_featured_image_src":{"full":["https:\/\/wisecnclaser.com\/wp-content\/uploads\/2026\/03\/3015-fiber-laser-cutting-machine.jpg",1080,1076,false],"thumbnail":["https:\/\/wisecnclaser.com\/wp-content\/uploads\/2026\/03\/3015-fiber-laser-cutting-machine-150x150.jpg",150,150,true],"medium":["https:\/\/wisecnclaser.com\/wp-content\/uploads\/2026\/03\/3015-fiber-laser-cutting-machine-300x300.jpg",300,300,true],"medium_large":["https:\/\/wisecnclaser.com\/wp-content\/uploads\/2026\/03\/3015-fiber-laser-cutting-machine-768x765.jpg",768,765,true],"large":["https:\/\/wisecnclaser.com\/wp-content\/uploads\/2026\/03\/3015-fiber-laser-cutting-machine-1024x1020.jpg",1024,1020,true],"1536x1536":["https:\/\/wisecnclaser.com\/wp-content\/uploads\/2026\/03\/3015-fiber-laser-cutting-machine.jpg",1080,1076,false],"2048x2048":["https:\/\/wisecnclaser.com\/wp-content\/uploads\/2026\/03\/3015-fiber-laser-cutting-machine.jpg",1080,1076,false],"trp-custom-language-flag":["https:\/\/wisecnclaser.com\/wp-content\/uploads\/2026\/03\/3015-fiber-laser-cutting-machine-12x12.jpg",12,12,true],"woocommerce_thumbnail":["https:\/\/wisecnclaser.com\/wp-content\/uploads\/2026\/03\/3015-fiber-laser-cutting-machine-300x300.jpg",300,300,true],"woocommerce_single":["https:\/\/wisecnclaser.com\/wp-content\/uploads\/2026\/03\/3015-fiber-laser-cutting-machine-600x598.jpg",600,598,true],"woocommerce_gallery_thumbnail":["https:\/\/wisecnclaser.com\/wp-content\/uploads\/2026\/03\/3015-fiber-laser-cutting-machine-100x100.jpg",100,100,true]},"uagb_author_info":{"display_name":"jinxing6611@gmail.com","author_link":"https:\/\/wisecnclaser.com\/fr\/author\/"},"uagb_comment_info":0,"uagb_excerpt":"Laser cutting is the best cutting method in all kinds of cutting technology mastered by people nowadays. Contactless cutting, small\u00a0thermal\u00a0deformation; Showing a low-carbon, environmentally friendly way; Automatically cutting is easy to achieve, improving machining efficiency; &nbsp;","_links":{"self":[{"href":"https:\/\/wisecnclaser.com\/fr\/wp-json\/wp\/v2\/product\/4422","targetHints":{"allow":["GET"]}}],"collection":[{"href":"https:\/\/wisecnclaser.com\/fr\/wp-json\/wp\/v2\/product"}],"about":[{"href":"https:\/\/wisecnclaser.com\/fr\/wp-json\/wp\/v2\/types\/product"}],"wp:featuredmedia":[{"embeddable":true,"href":"https:\/\/wisecnclaser.com\/fr\/wp-json\/wp\/v2\/media\/4425"}],"wp:attachment":[{"href":"https:\/\/wisecnclaser.com\/fr\/wp-json\/wp\/v2\/media?parent=4422"}],"wp:term":[{"taxonomy":"product_brand","embeddable":true,"href":"https:\/\/wisecnclaser.com\/fr\/wp-json\/wp\/v2\/product_brand?post=4422"},{"taxonomy":"product_cat","embeddable":true,"href":"https:\/\/wisecnclaser.com\/fr\/wp-json\/wp\/v2\/product_cat?post=4422"},{"taxonomy":"product_tag","embeddable":true,"href":"https:\/\/wisecnclaser.com\/fr\/wp-json\/wp\/v2\/product_tag?post=4422"}],"curies":[{"name":"wp","href":"https:\/\/api.w.org\/{rel}","templated":true}]}}