{"id":59,"date":"2025-05-20T07:32:07","date_gmt":"2025-05-20T07:32:07","guid":{"rendered":"https:\/\/wisecnclaser.com\/about\/"},"modified":"2025-05-23T02:59:13","modified_gmt":"2025-05-23T02:59:13","slug":"about","status":"publish","type":"page","link":"https:\/\/wisecnclaser.com\/pl\/about\/","title":{"rendered":"O"},"content":{"rendered":"<div data-elementor-type=\"wp-page\" data-elementor-id=\"59\" class=\"elementor elementor-59\" data-elementor-post-type=\"page\">\n\t\t\t\t<div class=\"elementor-element elementor-element-3de2832 e-flex e-con-boxed e-con e-parent\" data-id=\"3de2832\" data-element_type=\"container\" data-e-type=\"container\">\n\t\t\t\t\t<div class=\"e-con-inner\">\n\t\t\t\t<div class=\"elementor-element elementor-element-1a1db08 elementor-widget elementor-widget-ucaddon_square_icon_box\" data-id=\"1a1db08\" data-element_type=\"widget\" data-e-type=\"widget\" data-widget_type=\"ucaddon_square_icon_box.default\">\n\t\t\t\t<div class=\"elementor-widget-container\">\n\t\t\t\t\t\n<!-- start Icon Box -->\n\t\t<link id='font-awesome-css' href='https:\/\/wisecnclaser.com\/wp-content\/plugins\/unlimited-elements-for-elementor-premium\/assets_libraries\/font-awesome6\/fontawesome-all.min.css' type='text\/css' rel='stylesheet' >\n\t\t<link id='font-awesome-4-shim-css' href='https:\/\/wisecnclaser.com\/wp-content\/plugins\/unlimited-elements-for-elementor-premium\/assets_libraries\/font-awesome6\/fontawesome-v4-shims.min.css' type='text\/css' rel='stylesheet' >\n\n<style>\/* widget: Icon Box *\/\n\n#uc_square_icon_box_elementor_1a1db08 * { \n\tbox-sizing: border-box; \n}\n\n#uc_square_icon_box_elementor_1a1db08{\n\tfont-family: inherit;\n    transition:0.3s;\n    position:relative;\n}\n\n#uc_square_icon_box_elementor_1a1db08 .blox-boxed-small-square-icon-box-icon{\n\t\n\tposition:relative;\n    display:flex;\n    justify-content:center;\n    align-items:center;\n    transform:rotate(0deg);\n    z-index:2;\n}\n#uc_square_icon_box_elementor_1a1db08 .ue-icon {\n  display:inline-block;\n}\n#uc_square_icon_box_elementor_1a1db08 .blox-boxed-small-square-icon-box-icon > div{\n\t\n\tposition:relative;\n    display:flex;\n    justify-content:center;\n    align-items:center;\n    transform:rotate(-0deg);\n}\n#uc_square_icon_box_elementor_1a1db08 .ue-icon-inner{\n    line-height:1em;\n\t} \t\n\n\n#uc_square_icon_box_elementor_1a1db08 .ue-icon-inner svg{\n    height:1em;\n    width:1em;\n\t} \t\n\t\n.blox-boxed-small-square-icon-box-heading{\n\tfont-size:21px;\n\t}\n\n\n#uc_square_icon_box_elementor_1a1db08:hover\n{\n  position:relative;\n  z-index:1;\n}\n\n\n#uc_square_icon_box_elementor_1a1db08 .ue_box_button\n{\n  text-align:center;\n  text-decoration:none;\n  display:inline-block;\n  transition:0.3s;\n}\n\n\n#uc_square_icon_box_elementor_1a1db08 span.line\n{\n  display:block;\n  position:absolute;\n  top:0;\n  left:0;\n  width:0px;\n  transition:0.3s;\n}\n\n#uc_square_icon_box_elementor_1a1db08:hover span.line\n{\n  width:100%;\n}\n\n#uc_square_icon_box_elementor_1a1db08 .ue-title-separator span\n{\n  display:inline-block;\n  transition:0.3s;\n}\n\n\n\n\n\n<\/style>\n\n<div class=\"square_icon_box\" id=\"uc_square_icon_box_elementor_1a1db08\">\n  \n  \t\t  \n  \n         \n  \t\t        <div class=\"blox-boxed-small-square-icon-box-heading\">\n        \tJinan Wise CNC Laser Machinery Co, Ltd.\n        <\/div>\n          \n  \t\t             <div class=\"ue-title-separator\">\n               <span><\/span>\n             <\/div>\n          \n  \n          \n  \t\t        \n          \n  \t\t  \n<\/div>\n<!-- end Icon Box -->\t\t\t\t<\/div>\n\t\t\t\t<\/div>\n\t\t\t\t<div class=\"elementor-element elementor-element-7853ca7 elementor-widget elementor-widget-text-editor\" data-id=\"7853ca7\" data-element_type=\"widget\" data-e-type=\"widget\" data-widget_type=\"text-editor.default\">\n\t\t\t\t<div class=\"elementor-widget-container\">\n\t\t\t\t\t\t\t\t\t<p>Jinan Wise CNC Laser Machinery Co., Ltd. jest wyspecjalizowanym producentem maszyn do obr\u00f3bki drewna, okleiniarek, maszyn do ci\u0119cia metalu, frezarek do ci\u0119cia pianki, maszyn do ci\u0119cia p\u0142askiego, maszyn do kamienia, maszyn laserowych co2. Znajduje si\u0119 w mie\u015bcie Jinan w prowincji Shandong w Chinach. Prowadzimy badania i rozw\u00f3j nowych maszyn dla wielu dziedzin, takich jak meble panelowe, drzwi drewniane, szafki, rze\u017aba w kamieniu, ci\u0119cie metalu, modele architektoniczne, przemys\u0142 reklamowy, rzemios\u0142o i sztuka, instytucje edukacyjne, przemys\u0142 znakowania laserowego itp.\u00a0<\/p><p>Jinan Wise CNC Laser Machinery zdobywa zaufanie nowych i starych klient\u00f3w w zale\u017cno\u015bci od stabilnej jako\u015bci i najlepszych us\u0142ug posprzeda\u017cnych. Naszym celem jest s\u0142u\u017cenie naszym klientom z ca\u0142\u0105 nasz\u0105 pasj\u0105 i zawodem.\u00a0<\/p><p>Ka\u017cdy, kto ma inne wymagania, mo\u017ce znale\u017a\u0107 tutaj odpowiedni\u0105 maszyn\u0119 laserow\u0105, zapewnimy najlepsze rozwi\u0105zanie dla specjalnej bran\u017cy i aplikacji.\u00a0<\/p><p>Nie jeste\u015bmy tylko dostawc\u0105 lub producentem, jeste\u015bmy dostawc\u0105 rozwi\u0105za\u0144 CNC i maszyn laserowych, mamy nadziej\u0119, \u017ce istnieje szansa, aby pom\u00f3c Ci wsp\u00f3lnie rozwija\u0107 si\u0119 w bran\u017cy wzgl\u0119dnej.<\/p><p><strong>Zalety firmy<\/strong><strong>:<\/strong><\/p><p>1. Mamy ponad 17-letnie do\u015bwiadczenie w produkcji i utrzymujemy nowe produkty badawczo-rozwojowe na potrzeby rynku.<\/p><p>2. Wszyscy pracownicy maj\u0105 wieloletnie do\u015bwiadczenie w monta\u017cu, s\u0105 biegli w produkcji, dzi\u0119ki czemu mo\u017cemy dostarczy\u0107 maszyn\u0119 na czas.<\/p><p>3. sprzedawcy i pracownicy techniczni s\u0105 ostro\u017cni i cierpliwi, mog\u0105 odpowiedzie\u0107 na wszelkie pytania techniczne dotycz\u0105ce maszyny, dokumenty r\u00f3wnie\u017c zostan\u0105 przygotowane starannie i szczeg\u00f3\u0142owo.<\/p><p>4. zapewniamy najlepsz\u0105 obs\u0142ug\u0119 posprzeda\u017cn\u0105, ka\u017cda osoba zajmuj\u0105ca si\u0119 obs\u0142ug\u0105 posprzeda\u017cn\u0105 ma paszport, je\u015bli wyst\u0105pi jakikolwiek du\u017cy problem, mo\u017cemy go rozwi\u0105za\u0107 w ci\u0105gu 24 godzin, a nawet wys\u0142a\u0107 osob\u0119 do fabryki w celu konserwacji na czas.<\/p><p>5. Mamy wystarczaj\u0105c\u0105 ilo\u015b\u0107 cz\u0119\u015bci w magazynie, je\u015bli potrzebujesz cz\u0119\u015bci, wy\u015blemy je do Ciebie w ci\u0105gu 6 godzin.<\/p>\t\t\t\t\t\t\t\t<\/div>\n\t\t\t\t<\/div>\n\t\t\t\t\t<\/div>\n\t\t\t\t<\/div>\n\t\t\t\t<\/div>","protected":false},"excerpt":{"rendered":"<p>Jinan Wise CNC Laser Machinery Co., Ltd. Jinan Wise CNC Laser Machinery Co., Ltd.\u00a0 is specialized manufacturer of woodworking machine, edge banding machine, metal cutting machine, foam cutting milling machine, flatbed cutting machine, stone machine, co2 laser machine. Located in Jinan city, Shandong province, China. we keep R&amp;D new-tech machine for many fields such as [&hellip;]<\/p>\n","protected":false},"author":0,"featured_media":0,"parent":0,"menu_order":0,"comment_status":"closed","ping_status":"closed","template":"","meta":{"_seopress_robots_primary_cat":"","_seopress_titles_title":"","_seopress_titles_desc":"","_seopress_robots_index":"","_uag_custom_page_level_css":"","site-sidebar-layout":"no-sidebar","site-content-layout":"plain-container","ast-site-content-layout":"full-width-container","site-content-style":"default","site-sidebar-style":"default","ast-global-header-display":"","ast-banner-title-visibility":"","ast-main-header-display":"","ast-hfb-above-header-display":"","ast-hfb-below-header-display":"","ast-hfb-mobile-header-display":"","site-post-title":"disabled","ast-breadcrumbs-content":"","ast-featured-img":"disabled","footer-sml-layout":"","ast-disable-related-posts":"","theme-transparent-header-meta":"enabled","adv-header-id-meta":"","stick-header-meta":"","header-above-stick-meta":"","header-main-stick-meta":"","header-below-stick-meta":"","astra-migrate-meta-layouts":"set","ast-page-background-enabled":"default","ast-page-background-meta":{"desktop":{"background-color":"","background-image":"","background-repeat":"repeat","background-position":"center center","background-size":"auto","background-attachment":"scroll","background-type":"","background-media":"","overlay-type":"","overlay-color":"","overlay-opacity":"","overlay-gradient":""},"tablet":{"background-color":"","background-image":"","background-repeat":"repeat","background-position":"center center","background-size":"auto","background-attachment":"scroll","background-type":"","background-media":"","overlay-type":"","overlay-color":"","overlay-opacity":"","overlay-gradient":""},"mobile":{"background-color":"","background-image":"","background-repeat":"repeat","background-position":"center center","background-size":"auto","background-attachment":"scroll","background-type":"","background-media":"","overlay-type":"","overlay-color":"","overlay-opacity":"","overlay-gradient":""}},"ast-content-background-meta":{"desktop":{"background-color":"var(--ast-global-color-5)","background-image":"","background-repeat":"repeat","background-position":"center center","background-size":"auto","background-attachment":"scroll","background-type":"","background-media":"","overlay-type":"","overlay-color":"","overlay-opacity":"","overlay-gradient":""},"tablet":{"background-color":"var(--ast-global-color-5)","background-image":"","background-repeat":"repeat","background-position":"center center","background-size":"auto","background-attachment":"scroll","background-type":"","background-media":"","overlay-type":"","overlay-color":"","overlay-opacity":"","overlay-gradient":""},"mobile":{"background-color":"var(--ast-global-color-5)","background-image":"","background-repeat":"repeat","background-position":"center center","background-size":"auto","background-attachment":"scroll","background-type":"","background-media":"","overlay-type":"","overlay-color":"","overlay-opacity":"","overlay-gradient":""}},"footnotes":""},"class_list":["post-59","page","type-page","status-publish","hentry"],"uagb_featured_image_src":{"full":false,"thumbnail":false,"medium":false,"medium_large":false,"large":false,"1536x1536":false,"2048x2048":false,"trp-custom-language-flag":false,"woocommerce_thumbnail":false,"woocommerce_single":false,"woocommerce_gallery_thumbnail":false},"uagb_author_info":{"display_name":"","author_link":"https:\/\/wisecnclaser.com\/pl\/author\/"},"uagb_comment_info":0,"uagb_excerpt":"Jinan Wise CNC Laser Machinery Co., Ltd. Jinan Wise CNC Laser Machinery Co., Ltd.\u00a0 is specialized manufacturer of woodworking machine, edge banding machine, metal cutting machine, foam cutting milling machine, flatbed cutting machine, stone machine, co2 laser machine. Located in Jinan city, Shandong province, China. we keep R&amp;D new-tech machine for many fields such as&hellip;","_links":{"self":[{"href":"https:\/\/wisecnclaser.com\/pl\/wp-json\/wp\/v2\/pages\/59","targetHints":{"allow":["GET"]}}],"collection":[{"href":"https:\/\/wisecnclaser.com\/pl\/wp-json\/wp\/v2\/pages"}],"about":[{"href":"https:\/\/wisecnclaser.com\/pl\/wp-json\/wp\/v2\/types\/page"}],"replies":[{"embeddable":true,"href":"https:\/\/wisecnclaser.com\/pl\/wp-json\/wp\/v2\/comments?post=59"}],"version-history":[{"count":17,"href":"https:\/\/wisecnclaser.com\/pl\/wp-json\/wp\/v2\/pages\/59\/revisions"}],"predecessor-version":[{"id":3785,"href":"https:\/\/wisecnclaser.com\/pl\/wp-json\/wp\/v2\/pages\/59\/revisions\/3785"}],"wp:attachment":[{"href":"https:\/\/wisecnclaser.com\/pl\/wp-json\/wp\/v2\/media?parent=59"}],"curies":[{"name":"wp","href":"https:\/\/api.w.org\/{rel}","templated":true}]}}