{"id":1192,"date":"2025-05-20T07:32:07","date_gmt":"2025-05-20T07:32:07","guid":{"rendered":"https:\/\/wisecnclaser.com\/product\/golden-bag-with-chain\/"},"modified":"2026-01-15T06:41:10","modified_gmt":"2026-01-15T06:41:10","slug":"golden-bag-with-chain","status":"publish","type":"product","link":"https:\/\/wisecnclaser.com\/pl\/produkt\/golden-bag-with-chain\/","title":{"rendered":"5-osiowa maszyna do ci\u0119cia kamienia"},"content":{"rendered":"<p><strong>Cechy 5-osiowej maszyny do ci\u0119cia kamienia mostowego \uff1a<\/strong><\/p>\n<p>W pe\u0142ni automatyczna pi\u0119cioosiowa maszyna do ci\u0119cia most\u00f3w na podczerwie\u0144, konwersja wieloj\u0119zyczna, obr\u00f3bka blatu sto\u0142u mo\u017ce by\u0107 wykonywana przez jedn\u0105 maszyn\u0119, pi\u0119cioosiowe po\u0142\u0105czenie X-Y-Z-A-B, szerszy zakres zastosowa\u0144, mo\u017ce realizowa\u0107 ci\u0119cie, fazowanie, kraw\u0119dziowanie, rowkowanie, wiercenie, \u0142uk ko\u0142owy Inne przetwarzanie o specjalnym kszta\u0142cie, prosta obs\u0142uga i du\u017ca praktyczno\u015b\u0107.<\/p>\n<p><strong>Materia\u0142 do przetwarzania:<\/strong><\/p>\n<p>Granit, marmur, sztuczny kamie\u0144, p\u0142yty i inne rodzaje kamienia.<\/p>\n<p><strong>Funkcja:<\/strong><\/p>\n<p>1. G\u0142owica maszyny mo\u017ce obraca\u0107 si\u0119 pod dowolnym k\u0105tem i mo\u017ce ci\u0105\u0107 p\u0142yt\u0119 pod dowolnym k\u0105tem i kszta\u0142tem: ci\u0119cie poziome, ci\u0119cie wzd\u0142u\u017cne, ci\u0119cie \u0142ukowe, ci\u0119cie eliptyczne i ci\u0119cie okr\u0105g\u0142e. Maszyna mo\u017ce by\u0107 r\u00f3wnie\u017c u\u017cywana do kraw\u0119dziowania.<\/p>\n<p>2. Opr\u00f3cz kszta\u0142tu ci\u0119cia, mo\u017ce r\u00f3wnie\u017c ci\u0105\u0107 du\u017c\u0105 p\u0142yt\u0119 z fazowaniem 45\u00b0, otwieraniem otworu umywalki, otworu pieca i ci\u0119ciem uko\u015bnym<\/p>\n<p>3. Platform\u0119 mo\u017cna obraca\u0107 o 85\u00b0, co jest wygodne podczas za\u0142adunku i roz\u0142adunku.<\/p>\n<p>4. Brak skomplikowanych operacji, wystarczy wprowadzi\u0107 dane do systemu sterowania<\/p>\n<p>&nbsp;<\/p>\n<table width=\"662\">\n<tbody>\n<tr class=\"firstRow\">\n<td colspan=\"2\" valign=\"center\" width=\"662\"><strong>Parametry techniczne 5-osiowej maszyny do ci\u0119cia kamienia WS3020<\/strong><\/td>\n<\/tr>\n<tr>\n<td valign=\"top\" width=\"207\">Rozmiar przetwarzania<\/td>\n<td valign=\"top\" width=\"455\">3000*1600mm<\/td>\n<\/tr>\n<tr>\n<td valign=\"top\" width=\"207\">\u015arednica brzeszczotu<\/td>\n<td valign=\"top\" width=\"455\">350 mm<\/td>\n<\/tr>\n<tr>\n<td valign=\"top\" width=\"207\">Grubo\u015b\u0107 ci\u0119cia<\/td>\n<td valign=\"top\" width=\"455\">50 mm<\/td>\n<\/tr>\n<tr>\n<td valign=\"top\" width=\"207\">System kontroli<\/td>\n<td valign=\"top\" width=\"455\">W\u0142asny system kontroli bada\u0144 i rozwoju<\/td>\n<\/tr>\n<tr>\n<td valign=\"top\" width=\"207\">K\u0105t nachylenia klapy platformy<\/td>\n<td valign=\"top\" width=\"455\">0-85\u00b0<\/td>\n<\/tr>\n<tr>\n<td valign=\"top\" width=\"207\">\u015arednica pi\u0142y<\/td>\n<td valign=\"top\" width=\"455\">350 mm<\/td>\n<\/tr>\n<tr>\n<td valign=\"top\" width=\"207\">K\u0105t obrotu g\u0142owicy<\/td>\n<td valign=\"top\" width=\"455\">0-360\u00b0<\/td>\n<\/tr>\n<tr>\n<td valign=\"top\" width=\"207\">K\u0105t nachylenia nosa<\/td>\n<td valign=\"top\" width=\"455\">0\u00b0 lub 45\u00b0<\/td>\n<\/tr>\n<tr>\n<td valign=\"top\" width=\"207\">Oprogramowanie<\/td>\n<td valign=\"top\" width=\"455\">Z<\/td>\n<\/tr>\n<tr>\n<td valign=\"top\" width=\"207\">Silnik tn\u0105cy<\/td>\n<td valign=\"top\" width=\"455\">7,5 kW\/11 kW<\/td>\n<\/tr>\n<tr>\n<td valign=\"top\" width=\"207\">metoda transferu<\/td>\n<td valign=\"top\" width=\"455\">Nap\u0119d przek\u0142adniowy osi X-Y-A, nap\u0119d \u015brubowy osi Z<\/td>\n<\/tr>\n<tr>\n<td valign=\"top\" width=\"207\">Droga dojazdowa<\/td>\n<td valign=\"top\" width=\"455\">Chi\u0144ski silnik serwo 1,3 kW i nurek + 2,2 kW<\/td>\n<\/tr>\n<tr>\n<td valign=\"top\" width=\"207\">Programowo<\/td>\n<td valign=\"top\" width=\"455\">Import r\u0119czny\/graficzny<\/td>\n<\/tr>\n<tr>\n<td valign=\"top\" width=\"207\">Masa cia\u0142a<\/td>\n<td valign=\"top\" width=\"455\">3500KGS<\/td>\n<\/tr>\n<tr>\n<td valign=\"top\" width=\"207\">Wymiar<\/td>\n<td valign=\"top\" width=\"455\">6000*3000*2000<\/td>\n<\/tr>\n<\/tbody>\n<\/table>\n<div class=\"ast-oembed-container\" style=\"height: 100%;\"><iframe title=\"5-osiowa maszyna do ci\u0119cia kamienia mostowego maszyna do ci\u0119cia kszta\u0142tu kamienia #stonecuting #stonemachine\" width=\"500\" height=\"375\" src=\"https:\/\/www.youtube.com\/embed\/qGtoYgz5C2I?feature=oembed\" frameborder=\"0\" allow=\"accelerometer; autoplay; clipboard-write; encrypted-media; gyroscope; picture-in-picture; web-share\" referrerpolicy=\"strict-origin-when-cross-origin\" allowfullscreen><\/iframe><\/div>","protected":false},"excerpt":{"rendered":"<p><strong>Cechy 5-osiowej maszyny do ci\u0119cia kamienia mostowego \uff1a<\/strong><\/p>\n<p>W pe\u0142ni automatyczna pi\u0119cioosiowa maszyna do ci\u0119cia most\u00f3w na podczerwie\u0144, konwersja wieloj\u0119zyczna, obr\u00f3bka blatu sto\u0142u mo\u017ce by\u0107 wykonywana przez jedn\u0105 maszyn\u0119, pi\u0119cioosiowe po\u0142\u0105czenie X-Y-Z-A-B, szerszy zakres zastosowa\u0144, mo\u017ce realizowa\u0107 ci\u0119cie, fazowanie, kraw\u0119dziowanie, rowkowanie, wiercenie, \u0142uk ko\u0142owy Inne przetwarzanie o specjalnym kszta\u0142cie, prosta obs\u0142uga i du\u017ca praktyczno\u015b\u0107.<\/p>\n<p><strong>Materia\u0142 do przetwarzania:<\/strong><\/p>\n<p>Granit, marmur, sztuczny kamie\u0144, p\u0142yty i inne rodzaje kamienia.<\/p>\n<p><strong>Funkcja:<\/strong><\/p>\n<p>1. G\u0142owica maszyny mo\u017ce obraca\u0107 si\u0119 pod dowolnym k\u0105tem i mo\u017ce ci\u0105\u0107 p\u0142yt\u0119 pod dowolnym k\u0105tem i kszta\u0142tem: ci\u0119cie poziome, ci\u0119cie wzd\u0142u\u017cne, ci\u0119cie \u0142ukowe, ci\u0119cie eliptyczne i ci\u0119cie okr\u0105g\u0142e. Maszyna mo\u017ce by\u0107 r\u00f3wnie\u017c u\u017cywana do kraw\u0119dziowania.<\/p>\n<p>2. Opr\u00f3cz kszta\u0142tu ci\u0119cia, mo\u017ce r\u00f3wnie\u017c ci\u0105\u0107 du\u017c\u0105 p\u0142yt\u0119 z fazowaniem 45\u00b0, otwieraniem otworu umywalki, otworu pieca i ci\u0119ciem uko\u015bnym<\/p>\n<p>3. Platform\u0119 mo\u017cna obraca\u0107 o 85\u00b0, co jest wygodne podczas za\u0142adunku i roz\u0142adunku.<\/p>\n<p>4. Brak skomplikowanych operacji, wystarczy wprowadzi\u0107 dane do systemu sterowania<\/p>","protected":false},"featured_media":3424,"template":"","meta":{"_seopress_robots_primary_cat":"none","_seopress_titles_title":"","_seopress_titles_desc":"","_seopress_robots_index":"","_uag_custom_page_level_css":"","site-sidebar-layout":"default","site-content-layout":"default","ast-site-content-layout":"default","site-content-style":"default","site-sidebar-style":"default","ast-global-header-display":"","ast-banner-title-visibility":"","ast-main-header-display":"","ast-hfb-above-header-display":"","ast-hfb-below-header-display":"","ast-hfb-mobile-header-display":"","site-post-title":"","ast-breadcrumbs-content":"","ast-featured-img":"","footer-sml-layout":"","ast-disable-related-posts":"","theme-transparent-header-meta":"default","adv-header-id-meta":"","stick-header-meta":"default","header-above-stick-meta":"","header-main-stick-meta":"","header-below-stick-meta":"","astra-migrate-meta-layouts":"set","ast-page-background-enabled":"default","ast-page-background-meta":{"desktop":{"background-color":"","background-image":"","background-repeat":"repeat","background-position":"center center","background-size":"auto","background-attachment":"scroll","background-type":"","background-media":"","overlay-type":"","overlay-color":"","overlay-opacity":"","overlay-gradient":""},"tablet":{"background-color":"","background-image":"","background-repeat":"repeat","background-position":"center center","background-size":"auto","background-attachment":"scroll","background-type":"","background-media":"","overlay-type":"","overlay-color":"","overlay-opacity":"","overlay-gradient":""},"mobile":{"background-color":"","background-image":"","background-repeat":"repeat","background-position":"center center","background-size":"auto","background-attachment":"scroll","background-type":"","background-media":"","overlay-type":"","overlay-color":"","overlay-opacity":"","overlay-gradient":""}},"ast-content-background-meta":{"desktop":{"background-color":"var(--ast-global-color-5)","background-image":"","background-repeat":"repeat","background-position":"center center","background-size":"auto","background-attachment":"scroll","background-type":"","background-media":"","overlay-type":"","overlay-color":"","overlay-opacity":"","overlay-gradient":""},"tablet":{"background-color":"var(--ast-global-color-5)","background-image":"","background-repeat":"repeat","background-position":"center center","background-size":"auto","background-attachment":"scroll","background-type":"","background-media":"","overlay-type":"","overlay-color":"","overlay-opacity":"","overlay-gradient":""},"mobile":{"background-color":"var(--ast-global-color-5)","background-image":"","background-repeat":"repeat","background-position":"center center","background-size":"auto","background-attachment":"scroll","background-type":"","background-media":"","overlay-type":"","overlay-color":"","overlay-opacity":"","overlay-gradient":""}}},"product_brand":[],"product_cat":[33],"product_tag":[248,250],"class_list":{"0":"post-1192","1":"product","2":"type-product","3":"status-publish","4":"has-post-thumbnail","6":"product_cat-stone","7":"product_tag-bridge-stone-cutting-machine","8":"product_tag-stone-machine","9":"desktop-align-left","10":"tablet-align-left","11":"mobile-align-left","12":"ast-product-gallery-layout-horizontal-slider","13":"ast-product-gallery-with-no-image","14":"ast-product-tabs-layout-horizontal","16":"first","17":"instock","18":"featured","19":"shipping-taxable","20":"purchasable","21":"product-type-simple"},"uagb_featured_image_src":{"full":["https:\/\/wisecnclaser.com\/wp-content\/uploads\/2025\/05\/ab8f87c236518a9a6803ddd1b83e6a0d.jpg",800,800,false],"thumbnail":["https:\/\/wisecnclaser.com\/wp-content\/uploads\/2025\/05\/ab8f87c236518a9a6803ddd1b83e6a0d-150x150.jpg",150,150,true],"medium":["https:\/\/wisecnclaser.com\/wp-content\/uploads\/2025\/05\/ab8f87c236518a9a6803ddd1b83e6a0d-300x300.jpg",300,300,true],"medium_large":["https:\/\/wisecnclaser.com\/wp-content\/uploads\/2025\/05\/ab8f87c236518a9a6803ddd1b83e6a0d-768x768.jpg",768,768,true],"large":["https:\/\/wisecnclaser.com\/wp-content\/uploads\/2025\/05\/ab8f87c236518a9a6803ddd1b83e6a0d.jpg",800,800,false],"1536x1536":["https:\/\/wisecnclaser.com\/wp-content\/uploads\/2025\/05\/ab8f87c236518a9a6803ddd1b83e6a0d.jpg",800,800,false],"2048x2048":["https:\/\/wisecnclaser.com\/wp-content\/uploads\/2025\/05\/ab8f87c236518a9a6803ddd1b83e6a0d.jpg",800,800,false],"trp-custom-language-flag":["https:\/\/wisecnclaser.com\/wp-content\/uploads\/2025\/05\/ab8f87c236518a9a6803ddd1b83e6a0d-12x12.jpg",12,12,true],"woocommerce_thumbnail":["https:\/\/wisecnclaser.com\/wp-content\/uploads\/2025\/05\/ab8f87c236518a9a6803ddd1b83e6a0d-300x300.jpg",300,300,true],"woocommerce_single":["https:\/\/wisecnclaser.com\/wp-content\/uploads\/2025\/05\/ab8f87c236518a9a6803ddd1b83e6a0d-600x600.jpg",600,600,true],"woocommerce_gallery_thumbnail":["https:\/\/wisecnclaser.com\/wp-content\/uploads\/2025\/05\/ab8f87c236518a9a6803ddd1b83e6a0d-100x100.jpg",100,100,true]},"uagb_author_info":{"display_name":"jinxing6611@gmail.com","author_link":"https:\/\/wisecnclaser.com\/pl\/author\/"},"uagb_comment_info":0,"uagb_excerpt":"Features of 5 axis bridge stone cutting machine\uff1a Fully automatic five-axis infrared bridge cutting machine, multi-language conversion, table top processing can be done by one machine, X-Y-Z-A-B five-axis linkage, a wider range of applications, can realize cutting, chamfering, edging, grooving, drilling, circular arc Other special-shaped processing, simple operation and strong practicability. Processing material: Granite, marble,&hellip;","_links":{"self":[{"href":"https:\/\/wisecnclaser.com\/pl\/wp-json\/wp\/v2\/product\/1192","targetHints":{"allow":["GET"]}}],"collection":[{"href":"https:\/\/wisecnclaser.com\/pl\/wp-json\/wp\/v2\/product"}],"about":[{"href":"https:\/\/wisecnclaser.com\/pl\/wp-json\/wp\/v2\/types\/product"}],"wp:featuredmedia":[{"embeddable":true,"href":"https:\/\/wisecnclaser.com\/pl\/wp-json\/wp\/v2\/media\/3424"}],"wp:attachment":[{"href":"https:\/\/wisecnclaser.com\/pl\/wp-json\/wp\/v2\/media?parent=1192"}],"wp:term":[{"taxonomy":"product_brand","embeddable":true,"href":"https:\/\/wisecnclaser.com\/pl\/wp-json\/wp\/v2\/product_brand?post=1192"},{"taxonomy":"product_cat","embeddable":true,"href":"https:\/\/wisecnclaser.com\/pl\/wp-json\/wp\/v2\/product_cat?post=1192"},{"taxonomy":"product_tag","embeddable":true,"href":"https:\/\/wisecnclaser.com\/pl\/wp-json\/wp\/v2\/product_tag?post=1192"}],"curies":[{"name":"wp","href":"https:\/\/api.w.org\/{rel}","templated":true}]}}