{"id":1195,"date":"2025-05-20T07:32:07","date_gmt":"2025-05-20T07:32:07","guid":{"rendered":"https:\/\/wisecnclaser.com\/product\/dnk-purple-tshirt\/"},"modified":"2025-05-22T12:41:34","modified_gmt":"2025-05-22T12:41:34","slug":"dnk-purple-tshirt","status":"publish","type":"product","link":"https:\/\/wisecnclaser.com\/pl\/produkt\/dnk-purple-tshirt\/","title":{"rendered":"Wycinarka laserowa CO2 WS1325"},"content":{"rendered":"<p><strong>Cechy:<\/strong><\/p>\n<p>Obszar roboczy 1300 \u00d7 2500 mm mo\u017ce sprosta\u0107 wymaganiom grawerowania i ci\u0119cia na du\u017c\u0105 skal\u0119 odzie\u017cy i tkanin, sk\u00f3ry, drewna, akrylu i przemys\u0142u papierniczego.<\/p>\n<p><strong>Odpowiednie materia\u0142y:\u00a0<\/strong>drewno, bambus, jadeit, marmur, szk\u0142o organiczne, kryszta\u0142, plastik, odzie\u017c, papier, sk\u00f3ra, guma, ceramika, szk\u0142o i inne materia\u0142y niemetalowe.<\/p>\n<p><strong>Obowi\u0105zuj\u0105ce bran\u017ce:\u00a0<\/strong>reklama, sztuka i rzemios\u0142o, sk\u00f3ra, zabawki, odzie\u017c, modelarstwo, tapicerstwo budowlane, haft komputerowy i wycinanie, przemys\u0142 opakowaniowy i papierniczy<\/p>\n<p><strong>Techniczne\u00a0<\/strong><strong>Specyfikacja<\/strong><strong>:<\/strong><\/p>\n<table>\n<tbody>\n<tr class=\"firstRow\">\n<td valign=\"top\" width=\"284\">Typ lasera<\/td>\n<td valign=\"top\" width=\"284\">Uszczelnienie CO<sub>2<\/sub>\u00a0tuba laserowa<\/td>\n<\/tr>\n<tr>\n<td valign=\"top\" width=\"284\">Typ modelu<\/td>\n<td valign=\"top\" width=\"284\">WS1325<\/td>\n<\/tr>\n<tr>\n<td valign=\"top\" width=\"284\">Moc lasera<\/td>\n<td valign=\"top\" width=\"284\">80W 100W 130W 150W<\/td>\n<\/tr>\n<tr>\n<td valign=\"top\" width=\"284\">Obszar ci\u0119cia<\/td>\n<td valign=\"top\" width=\"284\">1300*2500mm 1500*3000mm opcjonalnie<\/td>\n<\/tr>\n<tr>\n<td valign=\"top\" width=\"284\">Pr\u0119dko\u015b\u0107 grawerowania<\/td>\n<td valign=\"top\" width=\"284\">0-24 000 mm\/min<\/td>\n<\/tr>\n<tr>\n<td valign=\"top\" width=\"284\">Resetowanie dok\u0142adno\u015bci<\/td>\n<td valign=\"top\" width=\"284\">\u00b10,1 mm<\/td>\n<\/tr>\n<tr>\n<td valign=\"top\" width=\"284\">Napi\u0119cie robocze<\/td>\n<td valign=\"top\" width=\"284\">AC110-220V \u00b110%, 50-60HZ<\/td>\n<\/tr>\n<tr>\n<td valign=\"top\" width=\"284\">Moc<\/td>\n<td valign=\"top\" width=\"284\">Maks. 1500 W<\/td>\n<\/tr>\n<tr>\n<td valign=\"top\" width=\"284\">Temperatura pracy<\/td>\n<td valign=\"top\" width=\"284\">0-45 stopni<\/td>\n<\/tr>\n<tr>\n<td valign=\"top\" width=\"284\">Wilgotno\u015b\u0107 robocza<\/td>\n<td valign=\"top\" width=\"284\">5-95%<\/td>\n<\/tr>\n<tr>\n<td valign=\"top\" width=\"284\">Minimalny charakter kszta\u0142towania<\/td>\n<td valign=\"top\" width=\"284\">Angielski 1*1mm<\/td>\n<\/tr>\n<tr>\n<td valign=\"top\" width=\"284\">Obs\u0142ugiwany format graficzny<\/td>\n<td valign=\"top\" width=\"284\">BMP, PLT, DST, DXF i AI<\/td>\n<\/tr>\n<tr>\n<td valign=\"top\" width=\"284\">System nap\u0119dowy<\/td>\n<td valign=\"top\" width=\"284\">Stepper<\/td>\n<\/tr>\n<tr>\n<td valign=\"top\" width=\"284\">Tryb ch\u0142odzenia<\/td>\n<td valign=\"top\" width=\"284\">System ch\u0142odzenia i ochrony przed wod\u0105<\/td>\n<\/tr>\n<tr>\n<td valign=\"top\" width=\"284\">Wyposa\u017cenie dodatkowe<\/td>\n<td valign=\"top\" width=\"284\">Wentylator wyci\u0105gowy, rura wydechowa, spr\u0119\u017carka powietrza, pompa wodna<\/td>\n<\/tr>\n<tr>\n<td valign=\"top\" width=\"284\">Oprogramowanie<\/td>\n<td valign=\"top\" width=\"284\">Ci\u0119cie laserowe 5.3<\/td>\n<\/tr>\n<tr>\n<td valign=\"top\" width=\"284\">Kompatybilne oprogramowanie<\/td>\n<td valign=\"top\" width=\"284\">Coreldraw AutoCAD Photoshop<\/td>\n<\/tr>\n<tr>\n<td valign=\"top\" width=\"284\">System sterowania<\/td>\n<td valign=\"top\" width=\"284\">DSP CONTROL<\/td>\n<\/tr>\n<tr>\n<td valign=\"top\" width=\"284\">Rozmiar ca\u0142ego urz\u0105dzenia<\/td>\n<td valign=\"top\" width=\"284\">3,000\u00d71,600 x 990 mm<\/td>\n<\/tr>\n<tr>\n<td valign=\"top\" width=\"284\">Ca\u0142kowita waga z opakowaniem<\/td>\n<td valign=\"top\" width=\"284\">600 kg<\/td>\n<\/tr>\n<\/tbody>\n<\/table>\n<p>&nbsp;<\/p>","protected":false},"excerpt":{"rendered":"<p><strong>Cechy:<\/strong><\/p>\n<p>Obszar roboczy 1300 \u00d7 2500 mm mo\u017ce sprosta\u0107 wymaganiom grawerowania i ci\u0119cia na du\u017c\u0105 skal\u0119 odzie\u017cy i tkanin, sk\u00f3ry, drewna, akrylu i przemys\u0142u papierniczego.<\/p>\n<p><strong>Odpowiednie materia\u0142y:\u00a0<\/strong>drewno, bambus, jadeit, marmur, szk\u0142o organiczne, kryszta\u0142, plastik, odzie\u017c, papier, sk\u00f3ra, guma, ceramika, szk\u0142o i inne materia\u0142y niemetalowe.<\/p>\n<p><strong>Obowi\u0105zuj\u0105ce bran\u017ce:\u00a0<\/strong>reklama, sztuka i rzemios\u0142o, sk\u00f3ra, zabawki, odzie\u017c, modelarstwo, tapicerstwo budowlane, haft komputerowy i wycinanie, przemys\u0142 opakowaniowy i papierniczy<\/p>","protected":false},"featured_media":3436,"template":"","meta":{"_seopress_robots_primary_cat":"none","_seopress_titles_title":"","_seopress_titles_desc":"","_seopress_robots_index":"","_uag_custom_page_level_css":"","site-sidebar-layout":"default","site-content-layout":"default","ast-site-content-layout":"default","site-content-style":"default","site-sidebar-style":"default","ast-global-header-display":"","ast-banner-title-visibility":"","ast-main-header-display":"","ast-hfb-above-header-display":"","ast-hfb-below-header-display":"","ast-hfb-mobile-header-display":"","site-post-title":"","ast-breadcrumbs-content":"","ast-featured-img":"","footer-sml-layout":"","ast-disable-related-posts":"","theme-transparent-header-meta":"default","adv-header-id-meta":"","stick-header-meta":"default","header-above-stick-meta":"","header-main-stick-meta":"","header-below-stick-meta":"","astra-migrate-meta-layouts":"set","ast-page-background-enabled":"default","ast-page-background-meta":{"desktop":{"background-color":"","background-image":"","background-repeat":"repeat","background-position":"center center","background-size":"auto","background-attachment":"scroll","background-type":"","background-media":"","overlay-type":"","overlay-color":"","overlay-opacity":"","overlay-gradient":""},"tablet":{"background-color":"","background-image":"","background-repeat":"repeat","background-position":"center center","background-size":"auto","background-attachment":"scroll","background-type":"","background-media":"","overlay-type":"","overlay-color":"","overlay-opacity":"","overlay-gradient":""},"mobile":{"background-color":"","background-image":"","background-repeat":"repeat","background-position":"center center","background-size":"auto","background-attachment":"scroll","background-type":"","background-media":"","overlay-type":"","overlay-color":"","overlay-opacity":"","overlay-gradient":""}},"ast-content-background-meta":{"desktop":{"background-color":"var(--ast-global-color-5)","background-image":"","background-repeat":"repeat","background-position":"center center","background-size":"auto","background-attachment":"scroll","background-type":"","background-media":"","overlay-type":"","overlay-color":"","overlay-opacity":"","overlay-gradient":""},"tablet":{"background-color":"var(--ast-global-color-5)","background-image":"","background-repeat":"repeat","background-position":"center center","background-size":"auto","background-attachment":"scroll","background-type":"","background-media":"","overlay-type":"","overlay-color":"","overlay-opacity":"","overlay-gradient":""},"mobile":{"background-color":"var(--ast-global-color-5)","background-image":"","background-repeat":"repeat","background-position":"center center","background-size":"auto","background-attachment":"scroll","background-type":"","background-media":"","overlay-type":"","overlay-color":"","overlay-opacity":"","overlay-gradient":""}}},"product_brand":[],"product_cat":[32],"product_tag":[],"class_list":{"0":"post-1195","1":"product","2":"type-product","3":"status-publish","4":"has-post-thumbnail","6":"product_cat-lasercutting","7":"desktop-align-left","8":"tablet-align-left","9":"mobile-align-left","10":"ast-product-gallery-layout-horizontal-slider","11":"ast-product-gallery-with-no-image","12":"ast-product-tabs-layout-horizontal","14":"first","15":"instock","16":"shipping-taxable","17":"purchasable","18":"product-type-simple"},"uagb_featured_image_src":{"full":["https:\/\/wisecnclaser.com\/wp-content\/uploads\/2025\/05\/2f018a8729135d343b892bd3eb6a05ba.jpg",800,800,false],"thumbnail":["https:\/\/wisecnclaser.com\/wp-content\/uploads\/2025\/05\/2f018a8729135d343b892bd3eb6a05ba-150x150.jpg",150,150,true],"medium":["https:\/\/wisecnclaser.com\/wp-content\/uploads\/2025\/05\/2f018a8729135d343b892bd3eb6a05ba-300x300.jpg",300,300,true],"medium_large":["https:\/\/wisecnclaser.com\/wp-content\/uploads\/2025\/05\/2f018a8729135d343b892bd3eb6a05ba-768x768.jpg",768,768,true],"large":["https:\/\/wisecnclaser.com\/wp-content\/uploads\/2025\/05\/2f018a8729135d343b892bd3eb6a05ba.jpg",800,800,false],"1536x1536":["https:\/\/wisecnclaser.com\/wp-content\/uploads\/2025\/05\/2f018a8729135d343b892bd3eb6a05ba.jpg",800,800,false],"2048x2048":["https:\/\/wisecnclaser.com\/wp-content\/uploads\/2025\/05\/2f018a8729135d343b892bd3eb6a05ba.jpg",800,800,false],"trp-custom-language-flag":["https:\/\/wisecnclaser.com\/wp-content\/uploads\/2025\/05\/2f018a8729135d343b892bd3eb6a05ba-12x12.jpg",12,12,true],"woocommerce_thumbnail":["https:\/\/wisecnclaser.com\/wp-content\/uploads\/2025\/05\/2f018a8729135d343b892bd3eb6a05ba-300x300.jpg",300,300,true],"woocommerce_single":["https:\/\/wisecnclaser.com\/wp-content\/uploads\/2025\/05\/2f018a8729135d343b892bd3eb6a05ba-600x600.jpg",600,600,true],"woocommerce_gallery_thumbnail":["https:\/\/wisecnclaser.com\/wp-content\/uploads\/2025\/05\/2f018a8729135d343b892bd3eb6a05ba-100x100.jpg",100,100,true]},"uagb_author_info":{"display_name":"jinxing6611@gmail.com","author_link":"https:\/\/wisecnclaser.com\/pl\/author\/"},"uagb_comment_info":0,"uagb_excerpt":"Features: The working area of 1300\u00d72500mm can meet the demands of engraving and cutting on large scale garments and cloth, leather, wood, arylic and paper industry. Applicable materials:\u00a0wood, bamboo, jade, marble, organic glass, crystal, plastic, garments, paper, leather, rubber, ceramic, glass and other nonmetal materials. Applicable industries:\u00a0advertisement, arts and crafts, leather, toys, garments, model ,&hellip;","_links":{"self":[{"href":"https:\/\/wisecnclaser.com\/pl\/wp-json\/wp\/v2\/product\/1195","targetHints":{"allow":["GET"]}}],"collection":[{"href":"https:\/\/wisecnclaser.com\/pl\/wp-json\/wp\/v2\/product"}],"about":[{"href":"https:\/\/wisecnclaser.com\/pl\/wp-json\/wp\/v2\/types\/product"}],"wp:featuredmedia":[{"embeddable":true,"href":"https:\/\/wisecnclaser.com\/pl\/wp-json\/wp\/v2\/media\/3436"}],"wp:attachment":[{"href":"https:\/\/wisecnclaser.com\/pl\/wp-json\/wp\/v2\/media?parent=1195"}],"wp:term":[{"taxonomy":"product_brand","embeddable":true,"href":"https:\/\/wisecnclaser.com\/pl\/wp-json\/wp\/v2\/product_brand?post=1195"},{"taxonomy":"product_cat","embeddable":true,"href":"https:\/\/wisecnclaser.com\/pl\/wp-json\/wp\/v2\/product_cat?post=1195"},{"taxonomy":"product_tag","embeddable":true,"href":"https:\/\/wisecnclaser.com\/pl\/wp-json\/wp\/v2\/product_tag?post=1195"}],"curies":[{"name":"wp","href":"https:\/\/api.w.org\/{rel}","templated":true}]}}