{"id":1202,"date":"2025-05-20T07:32:07","date_gmt":"2025-05-20T07:32:07","guid":{"rendered":"https:\/\/wisecnclaser.com\/product\/green-tshirt\/"},"modified":"2025-05-22T12:34:45","modified_gmt":"2025-05-22T12:34:45","slug":"green-tshirt","status":"publish","type":"product","link":"https:\/\/wisecnclaser.com\/pl\/produkt\/green-tshirt\/","title":{"rendered":"Jednog\u0142owicowy ploter CNC do kamienia"},"content":{"rendered":"<p><strong><em>Zalety naszej frezarki cnc do kamienia:<\/em><\/strong><\/p>\n<p>1. Wytrzyma\u0142a rama, waga maszyny wynosi oko\u0142o 2200 kg<\/p>\n<p>2. rama maszyny jest przetwarzana przez precyzyjne centrum frezarskie cnc, niekt\u00f3rzy inni dostawcy u\u017cywaj\u0105 strugarki z podw\u00f3jn\u0105 obudow\u0105 \uff0c istnieje r\u00f3\u017cnica precyzji mi\u0119dzy strugark\u0105 a centrum frezarskim<\/p>\n<p>3. Nasze wrzeciono to profesjonalne wrzeciono badawczo-rozwojowe do grawerowania i rze\u017abienia w kamieniu, lepiej py\u0142oszczelne i wodoodporne. Zwyk\u0142e wrzeciono nie ma funkcji py\u0142oszczelnej i wodoodpornej<\/p>\n<p>4. Pozosta\u0142e cz\u0119\u015bci wykorzystuj\u0105 te, kt\u00f3re najlepiej nadaj\u0105 si\u0119 do rze\u017abienia w kamieniu, takie jak wysoka odporno\u015b\u0107, wodoodporno\u015b\u0107 i py\u0142oszczelno\u015b\u0107.<\/p>\n<table>\n<tbody>\n<tr class=\"firstRow\">\n<td colspan=\"2\" valign=\"center\" width=\"645\"><strong>Opis i specyfikacja routera cnc do kamienia 1325:<\/strong><\/td>\n<\/tr>\n<tr>\n<td valign=\"top\" width=\"267\">X Obszar roboczy<\/td>\n<td valign=\"top\" width=\"378\">1300 mm (4FEET)<\/td>\n<\/tr>\n<tr>\n<td valign=\"top\" width=\"267\">Y Obszar roboczy<\/td>\n<td valign=\"top\" width=\"378\">2500 mm (8FEET)<\/td>\n<\/tr>\n<tr>\n<td valign=\"top\" width=\"267\">Z wysoko\u015b\u0107 podawania<\/td>\n<td valign=\"top\" width=\"378\">450 mm (wysoko\u015b\u0107 bramy Z do sto\u0142u maszyny wynosi 450 mm, rozmiar roboczy wynosi 400 mm)<\/td>\n<\/tr>\n<tr>\n<td valign=\"top\" width=\"267\">Rama maszyny<\/td>\n<td valign=\"top\" width=\"378\">Wytrzyma\u0142a rama I, mo\u017ce wytrzyma\u0107 kamie\u0144 o wadze 5000 kg<\/td>\n<\/tr>\n<tr>\n<td valign=\"top\" width=\"267\">Dok\u0142adno\u015b\u0107 pozycjonowania w ruchu<\/td>\n<td valign=\"top\" width=\"378\">\u00b10,05 mm<\/td>\n<\/tr>\n<tr>\n<td valign=\"top\" width=\"267\">Dok\u0142adno\u015b\u0107 pozycjonowania<\/td>\n<td valign=\"top\" width=\"378\">\u00b10,05 mm<\/td>\n<\/tr>\n<tr>\n<td valign=\"top\" width=\"267\">Struktura X,Y,Z<\/td>\n<td valign=\"top\" width=\"378\">Ko\u0142o z\u0119bate XY, \u015bruba kulowa Z. Wszystkie osie wykorzystuj\u0105 prowadnic\u0119 kwadratow\u0105<\/td>\n<\/tr>\n<tr>\n<td valign=\"top\" width=\"267\">St\u00f3\u0142 roboczy<\/td>\n<td valign=\"top\" width=\"378\">Tabela rowk\u00f3w teowych<\/td>\n<\/tr>\n<tr>\n<td valign=\"top\" width=\"267\">Maks. Szybko\u015b\u0107 jazdy<\/td>\n<td valign=\"top\" width=\"378\">25000 mm\/min<\/td>\n<\/tr>\n<tr>\n<td valign=\"top\" width=\"267\">Maks. Pr\u0119dko\u015b\u0107 robocza<\/td>\n<td valign=\"top\" width=\"378\">15000 mm\/min<\/td>\n<\/tr>\n<tr>\n<td valign=\"top\" width=\"267\">Wrzeciono<\/td>\n<td valign=\"top\" width=\"378\">Wrzeciono ch\u0142odzone wod\u0105 o mocy 5,5 kW<\/td>\n<\/tr>\n<tr>\n<td valign=\"top\" width=\"267\">Pr\u0119dko\u015b\u0107 wrzeciona<\/td>\n<td valign=\"top\" width=\"378\">0-24000 obr.<\/td>\n<\/tr>\n<tr>\n<td valign=\"top\" width=\"267\">Silnik nap\u0119dowy<\/td>\n<td valign=\"top\" width=\"378\">Nap\u0119d krokowy<\/td>\n<\/tr>\n<tr>\n<td valign=\"top\" width=\"267\">Polecenie<\/td>\n<td valign=\"top\" width=\"378\">G-code*.u00*.mmg*.plt<\/td>\n<\/tr>\n<tr>\n<td valign=\"top\" width=\"267\">Napi\u0119cie robocze<\/td>\n<td valign=\"top\" width=\"378\">3PH AC380V\/50Hz<\/td>\n<\/tr>\n<tr>\n<td valign=\"top\" width=\"267\">System kontroli<\/td>\n<td valign=\"top\" width=\"378\">DSP<\/td>\n<\/tr>\n<tr>\n<td valign=\"top\" width=\"267\">Szyna prowadz\u0105ca<\/td>\n<td valign=\"top\" width=\"378\">SZYNA KWADRATOWA O ROZMIARZE 25<\/td>\n<\/tr>\n<tr>\n<td valign=\"top\" width=\"267\">Szafa sterownicza<\/td>\n<td valign=\"top\" width=\"378\">Niezale\u017cny gabinet<\/td>\n<\/tr>\n<tr>\n<td valign=\"top\" width=\"267\">System smarowania<\/td>\n<td valign=\"top\" width=\"378\">podr\u0119cznik<\/td>\n<\/tr>\n<tr>\n<td valign=\"top\" width=\"267\">Falownik<\/td>\n<td valign=\"top\" width=\"378\">5,5 kW<\/td>\n<\/tr>\n<tr>\n<td valign=\"top\" width=\"267\">Waga maszyny<\/td>\n<td valign=\"top\" width=\"378\">2200 kg<\/td>\n<\/tr>\n<\/tbody>\n<\/table>\n<p>&nbsp;<\/p>","protected":false},"excerpt":{"rendered":"<p><strong><em>Zalety naszej frezarki cnc do kamienia:<\/em><\/strong><\/p>\n<p>1. Wytrzyma\u0142a rama, waga maszyny wynosi oko\u0142o 2200 kg<\/p>\n<p>2. rama maszyny jest przetwarzana przez precyzyjne centrum frezarskie cnc, niekt\u00f3rzy inni dostawcy u\u017cywaj\u0105 strugarki z podw\u00f3jn\u0105 obudow\u0105 \uff0c istnieje r\u00f3\u017cnica precyzji mi\u0119dzy strugark\u0105 a centrum frezarskim<\/p>\n<p>3. Nasze wrzeciono to profesjonalne wrzeciono badawczo-rozwojowe do grawerowania i rze\u017abienia w kamieniu, lepiej py\u0142oszczelne i wodoodporne. Zwyk\u0142e wrzeciono nie ma funkcji py\u0142oszczelnej i wodoodpornej<\/p>\n<p>4. Pozosta\u0142e cz\u0119\u015bci wykorzystuj\u0105 te, kt\u00f3re najlepiej nadaj\u0105 si\u0119 do rze\u017abienia w kamieniu, takie jak wysoka odporno\u015b\u0107, wodoodporno\u015b\u0107 i py\u0142oszczelno\u015b\u0107.<\/p>","protected":false},"featured_media":3431,"template":"","meta":{"_seopress_robots_primary_cat":"none","_seopress_titles_title":"","_seopress_titles_desc":"","_seopress_robots_index":"","_uag_custom_page_level_css":"","site-sidebar-layout":"default","site-content-layout":"default","ast-site-content-layout":"default","site-content-style":"default","site-sidebar-style":"default","ast-global-header-display":"","ast-banner-title-visibility":"","ast-main-header-display":"","ast-hfb-above-header-display":"","ast-hfb-below-header-display":"","ast-hfb-mobile-header-display":"","site-post-title":"","ast-breadcrumbs-content":"","ast-featured-img":"","footer-sml-layout":"","ast-disable-related-posts":"","theme-transparent-header-meta":"default","adv-header-id-meta":"","stick-header-meta":"default","header-above-stick-meta":"","header-main-stick-meta":"","header-below-stick-meta":"","astra-migrate-meta-layouts":"set","ast-page-background-enabled":"default","ast-page-background-meta":{"desktop":{"background-color":"","background-image":"","background-repeat":"repeat","background-position":"center center","background-size":"auto","background-attachment":"scroll","background-type":"","background-media":"","overlay-type":"","overlay-color":"","overlay-opacity":"","overlay-gradient":""},"tablet":{"background-color":"","background-image":"","background-repeat":"repeat","background-position":"center center","background-size":"auto","background-attachment":"scroll","background-type":"","background-media":"","overlay-type":"","overlay-color":"","overlay-opacity":"","overlay-gradient":""},"mobile":{"background-color":"","background-image":"","background-repeat":"repeat","background-position":"center center","background-size":"auto","background-attachment":"scroll","background-type":"","background-media":"","overlay-type":"","overlay-color":"","overlay-opacity":"","overlay-gradient":""}},"ast-content-background-meta":{"desktop":{"background-color":"var(--ast-global-color-5)","background-image":"","background-repeat":"repeat","background-position":"center center","background-size":"auto","background-attachment":"scroll","background-type":"","background-media":"","overlay-type":"","overlay-color":"","overlay-opacity":"","overlay-gradient":""},"tablet":{"background-color":"var(--ast-global-color-5)","background-image":"","background-repeat":"repeat","background-position":"center center","background-size":"auto","background-attachment":"scroll","background-type":"","background-media":"","overlay-type":"","overlay-color":"","overlay-opacity":"","overlay-gradient":""},"mobile":{"background-color":"var(--ast-global-color-5)","background-image":"","background-repeat":"repeat","background-position":"center center","background-size":"auto","background-attachment":"scroll","background-type":"","background-media":"","overlay-type":"","overlay-color":"","overlay-opacity":"","overlay-gradient":""}}},"product_brand":[],"product_cat":[33],"product_tag":[],"class_list":{"0":"post-1202","1":"product","2":"type-product","3":"status-publish","4":"has-post-thumbnail","6":"product_cat-stone","7":"desktop-align-left","8":"tablet-align-left","9":"mobile-align-left","10":"ast-product-gallery-layout-horizontal-slider","11":"ast-product-gallery-with-no-image","12":"ast-product-single-variable","13":"ast-product-tabs-layout-horizontal","15":"first","16":"instock","17":"shipping-taxable","18":"product-type-variable"},"uagb_featured_image_src":{"full":["https:\/\/wisecnclaser.com\/wp-content\/uploads\/2025\/05\/c521f643187757bf9e710406e173fbc8.jpg",800,800,false],"thumbnail":["https:\/\/wisecnclaser.com\/wp-content\/uploads\/2025\/05\/c521f643187757bf9e710406e173fbc8-150x150.jpg",150,150,true],"medium":["https:\/\/wisecnclaser.com\/wp-content\/uploads\/2025\/05\/c521f643187757bf9e710406e173fbc8-300x300.jpg",300,300,true],"medium_large":["https:\/\/wisecnclaser.com\/wp-content\/uploads\/2025\/05\/c521f643187757bf9e710406e173fbc8-768x768.jpg",768,768,true],"large":["https:\/\/wisecnclaser.com\/wp-content\/uploads\/2025\/05\/c521f643187757bf9e710406e173fbc8.jpg",800,800,false],"1536x1536":["https:\/\/wisecnclaser.com\/wp-content\/uploads\/2025\/05\/c521f643187757bf9e710406e173fbc8.jpg",800,800,false],"2048x2048":["https:\/\/wisecnclaser.com\/wp-content\/uploads\/2025\/05\/c521f643187757bf9e710406e173fbc8.jpg",800,800,false],"trp-custom-language-flag":["https:\/\/wisecnclaser.com\/wp-content\/uploads\/2025\/05\/c521f643187757bf9e710406e173fbc8-12x12.jpg",12,12,true],"woocommerce_thumbnail":["https:\/\/wisecnclaser.com\/wp-content\/uploads\/2025\/05\/c521f643187757bf9e710406e173fbc8-300x300.jpg",300,300,true],"woocommerce_single":["https:\/\/wisecnclaser.com\/wp-content\/uploads\/2025\/05\/c521f643187757bf9e710406e173fbc8-600x600.jpg",600,600,true],"woocommerce_gallery_thumbnail":["https:\/\/wisecnclaser.com\/wp-content\/uploads\/2025\/05\/c521f643187757bf9e710406e173fbc8-100x100.jpg",100,100,true]},"uagb_author_info":{"display_name":"jinxing6611@gmail.com","author_link":"https:\/\/wisecnclaser.com\/pl\/author\/"},"uagb_comment_info":0,"uagb_excerpt":"Advantages of our stone cnc router: 1. Heavy duty frame, machine weight is about 2200kgs 2.machine frame is processed by high precision cnc milling center, some other supplier use double housing planer\uff0cthere is precision difference between planer and milling center 3. Our spindle is R&amp;D professional spindle for stone engraving and carving, better dust-proof and&hellip;","_links":{"self":[{"href":"https:\/\/wisecnclaser.com\/pl\/wp-json\/wp\/v2\/product\/1202","targetHints":{"allow":["GET"]}}],"collection":[{"href":"https:\/\/wisecnclaser.com\/pl\/wp-json\/wp\/v2\/product"}],"about":[{"href":"https:\/\/wisecnclaser.com\/pl\/wp-json\/wp\/v2\/types\/product"}],"wp:featuredmedia":[{"embeddable":true,"href":"https:\/\/wisecnclaser.com\/pl\/wp-json\/wp\/v2\/media\/3431"}],"wp:attachment":[{"href":"https:\/\/wisecnclaser.com\/pl\/wp-json\/wp\/v2\/media?parent=1202"}],"wp:term":[{"taxonomy":"product_brand","embeddable":true,"href":"https:\/\/wisecnclaser.com\/pl\/wp-json\/wp\/v2\/product_brand?post=1202"},{"taxonomy":"product_cat","embeddable":true,"href":"https:\/\/wisecnclaser.com\/pl\/wp-json\/wp\/v2\/product_cat?post=1202"},{"taxonomy":"product_tag","embeddable":true,"href":"https:\/\/wisecnclaser.com\/pl\/wp-json\/wp\/v2\/product_tag?post=1202"}],"curies":[{"name":"wp","href":"https:\/\/api.w.org\/{rel}","templated":true}]}}