{"id":1204,"date":"2025-05-20T07:32:07","date_gmt":"2025-05-20T07:32:07","guid":{"rendered":"https:\/\/wisecnclaser.com\/product\/lemon-pattern-tshirt\/"},"modified":"2025-05-22T12:30:29","modified_gmt":"2025-05-22T12:30:29","slug":"lemon-pattern-tshirt","status":"publish","type":"product","link":"https:\/\/wisecnclaser.com\/pl\/produkt\/lemon-pattern-tshirt\/","title":{"rendered":"Centrum obr\u00f3bki kwarcowych blat\u00f3w kamiennych CNC"},"content":{"rendered":"<p><strong>Zastosowanie:<\/strong><\/p>\n<p>Dekoracja wewn\u0119trzna i zewn\u0119trzna, umywalka sceniczna, \u0142azienka, st\u00f3\u0142 kuchenny i umywalka, wysokiej jako\u015bci dekoracja kamienna.<\/p>\n<p><strong>Funkcje:\u00a0<\/strong>ci\u0119cie, szlifowanie kraw\u0119dzi, kopanie otwor\u00f3w, blokowanie wody po szlifowaniu, grawerowanie.<\/p>\n<p><strong>Cechy<\/strong><strong>:<\/strong><\/p>\n<p>18 narz\u0119dzi ATC, kilka r\u00f3\u017cnych narz\u0119dzi szlifierskich<\/p>\n<p>&nbsp;<\/p>\n<table width=\"662\">\n<tbody>\n<tr class=\"firstRow\">\n<td colspan=\"2\" valign=\"center\" width=\"662\"><strong>Parametry techniczne WS3012<\/strong><strong>A<\/strong><strong>\u00a0Centrum obr\u00f3bki blat\u00f3w kwarcowych cnc:<\/strong><\/td>\n<\/tr>\n<tr>\n<td valign=\"top\" width=\"207\">Model<\/td>\n<td valign=\"top\" width=\"455\">WS3012A<\/td>\n<\/tr>\n<tr>\n<td valign=\"top\" width=\"207\">X Obszar roboczy<\/td>\n<td valign=\"top\" width=\"455\">3000 mm<\/td>\n<\/tr>\n<tr>\n<td valign=\"top\" width=\"207\">Y obszar roboczy<\/td>\n<td valign=\"top\" width=\"455\">1200 mm<\/td>\n<\/tr>\n<tr>\n<td valign=\"top\" width=\"207\">Obszar roboczy Z<\/td>\n<td valign=\"top\" width=\"455\">800 mm<\/td>\n<\/tr>\n<tr>\n<td valign=\"top\" width=\"207\">Maks. Pr\u0119dko\u015b\u0107 grawerowania<\/td>\n<td valign=\"top\" width=\"455\">2-10 m\/min<\/td>\n<\/tr>\n<tr>\n<td valign=\"top\" width=\"207\">Zam\u00f3wienie grawerowania<\/td>\n<td valign=\"top\" width=\"455\">Kod G<\/td>\n<\/tr>\n<tr>\n<td valign=\"top\" width=\"207\">Powtarzalna dok\u0142adno\u015b\u0107 pozycjonowania<\/td>\n<td valign=\"top\" width=\"455\">\u00b10,05 mm<\/td>\n<\/tr>\n<tr>\n<td valign=\"top\" width=\"207\">St\u00f3\u0142 roboczy<\/td>\n<td valign=\"top\" width=\"455\">St\u00f3\u0142 aluminiowy 20 mm z przyssawk\u0105 pr\u00f3\u017cniow\u0105 (8 sztuk)<\/td>\n<\/tr>\n<tr>\n<td valign=\"top\" width=\"207\">Silnik nap\u0119dowy<\/td>\n<td valign=\"top\" width=\"455\">Silnik serwo YASKAWA 850 W dla osi X, Y,<\/p>\n<p>Silnik serwo YASKAWA 1,3 kW dla osi Z<\/td>\n<\/tr>\n<tr>\n<td valign=\"top\" width=\"207\">System sterowania<\/td>\n<td valign=\"top\" width=\"455\">NK300<\/td>\n<\/tr>\n<tr>\n<td valign=\"top\" width=\"207\">Wrzeciono<\/td>\n<td valign=\"top\" width=\"455\">Wrzeciono z mechanicznym serwomechanizmem ATC o mocy 5,5 kW<\/td>\n<\/tr>\n<tr>\n<td valign=\"top\" width=\"207\">Pr\u0119dko\u015b\u0107 obrotowa wrzeciona<\/td>\n<td valign=\"top\" width=\"455\">12000 obr.<\/td>\n<\/tr>\n<tr>\n<td valign=\"top\" width=\"207\">Maks. Grubo\u015b\u0107 procesu<\/td>\n<td valign=\"top\" width=\"455\">300 mm<\/td>\n<\/tr>\n<tr>\n<td valign=\"top\" width=\"207\">Reduktor<\/td>\n<td valign=\"top\" width=\"455\">Japonia Reduktor SHIMPO<\/td>\n<\/tr>\n<tr>\n<td valign=\"top\" width=\"207\">Zmieniarka narz\u0119dzi<\/td>\n<td valign=\"top\" width=\"455\">18 Narz\u0119dzia ATC, g\u0142\u00f3wnie narz\u0119dzia do polerowania, u\u017cywane do polerowania kraw\u0119dzi blatu z kamienia, BT40<\/td>\n<\/tr>\n<tr>\n<td valign=\"top\" width=\"207\">Maks. moc<\/td>\n<td valign=\"top\" width=\"455\">15 kW (bez wrzeciona)<\/td>\n<\/tr>\n<tr>\n<td valign=\"top\" width=\"207\">Napi\u0119cie robocze<\/td>\n<td valign=\"top\" width=\"455\">380V\/50HZ<\/td>\n<\/tr>\n<tr>\n<td valign=\"top\" width=\"207\">Waga maszyny<\/td>\n<td valign=\"top\" width=\"455\">5000 kg<\/td>\n<\/tr>\n<\/tbody>\n<\/table>\n<p>&nbsp;<\/p>","protected":false},"excerpt":{"rendered":"<p><strong>Zastosowanie:<\/strong><\/p>\n<p>Dekoracja wewn\u0119trzna i zewn\u0119trzna, umywalka sceniczna, \u0142azienka, st\u00f3\u0142 kuchenny i umywalka, wysokiej jako\u015bci dekoracja kamienna.<\/p>\n<p><strong>Funkcje:\u00a0<\/strong>ci\u0119cie, szlifowanie kraw\u0119dzi, kopanie otwor\u00f3w, blokowanie wody po szlifowaniu, grawerowanie.<\/p>\n<p><strong>Cechy<\/strong><strong>:<\/strong><\/p>\n<p>18 narz\u0119dzi ATC, kilka r\u00f3\u017cnych narz\u0119dzi szlifierskich<\/p>","protected":false},"featured_media":3427,"template":"","meta":{"_seopress_robots_primary_cat":"none","_seopress_titles_title":"","_seopress_titles_desc":"","_seopress_robots_index":"","_uag_custom_page_level_css":"","site-sidebar-layout":"default","site-content-layout":"default","ast-site-content-layout":"default","site-content-style":"default","site-sidebar-style":"default","ast-global-header-display":"","ast-banner-title-visibility":"","ast-main-header-display":"","ast-hfb-above-header-display":"","ast-hfb-below-header-display":"","ast-hfb-mobile-header-display":"","site-post-title":"","ast-breadcrumbs-content":"","ast-featured-img":"","footer-sml-layout":"","ast-disable-related-posts":"","theme-transparent-header-meta":"default","adv-header-id-meta":"","stick-header-meta":"default","header-above-stick-meta":"","header-main-stick-meta":"","header-below-stick-meta":"","astra-migrate-meta-layouts":"set","ast-page-background-enabled":"default","ast-page-background-meta":{"desktop":{"background-color":"","background-image":"","background-repeat":"repeat","background-position":"center center","background-size":"auto","background-attachment":"scroll","background-type":"","background-media":"","overlay-type":"","overlay-color":"","overlay-opacity":"","overlay-gradient":""},"tablet":{"background-color":"","background-image":"","background-repeat":"repeat","background-position":"center center","background-size":"auto","background-attachment":"scroll","background-type":"","background-media":"","overlay-type":"","overlay-color":"","overlay-opacity":"","overlay-gradient":""},"mobile":{"background-color":"","background-image":"","background-repeat":"repeat","background-position":"center center","background-size":"auto","background-attachment":"scroll","background-type":"","background-media":"","overlay-type":"","overlay-color":"","overlay-opacity":"","overlay-gradient":""}},"ast-content-background-meta":{"desktop":{"background-color":"var(--ast-global-color-5)","background-image":"","background-repeat":"repeat","background-position":"center center","background-size":"auto","background-attachment":"scroll","background-type":"","background-media":"","overlay-type":"","overlay-color":"","overlay-opacity":"","overlay-gradient":""},"tablet":{"background-color":"var(--ast-global-color-5)","background-image":"","background-repeat":"repeat","background-position":"center center","background-size":"auto","background-attachment":"scroll","background-type":"","background-media":"","overlay-type":"","overlay-color":"","overlay-opacity":"","overlay-gradient":""},"mobile":{"background-color":"var(--ast-global-color-5)","background-image":"","background-repeat":"repeat","background-position":"center center","background-size":"auto","background-attachment":"scroll","background-type":"","background-media":"","overlay-type":"","overlay-color":"","overlay-opacity":"","overlay-gradient":""}}},"product_brand":[],"product_cat":[33],"product_tag":[],"class_list":{"0":"post-1204","1":"product","2":"type-product","3":"status-publish","4":"has-post-thumbnail","6":"product_cat-stone","7":"desktop-align-left","8":"tablet-align-left","9":"mobile-align-left","10":"ast-product-gallery-layout-horizontal-slider","11":"ast-product-gallery-with-no-image","12":"ast-product-tabs-layout-horizontal","14":"first","15":"instock","16":"sale","17":"shipping-taxable","18":"purchasable","19":"product-type-simple"},"uagb_featured_image_src":{"full":["https:\/\/wisecnclaser.com\/wp-content\/uploads\/2025\/05\/610ec8c944506628358f334792e6716f.jpg",800,800,false],"thumbnail":["https:\/\/wisecnclaser.com\/wp-content\/uploads\/2025\/05\/610ec8c944506628358f334792e6716f-150x150.jpg",150,150,true],"medium":["https:\/\/wisecnclaser.com\/wp-content\/uploads\/2025\/05\/610ec8c944506628358f334792e6716f-300x300.jpg",300,300,true],"medium_large":["https:\/\/wisecnclaser.com\/wp-content\/uploads\/2025\/05\/610ec8c944506628358f334792e6716f-768x768.jpg",768,768,true],"large":["https:\/\/wisecnclaser.com\/wp-content\/uploads\/2025\/05\/610ec8c944506628358f334792e6716f.jpg",800,800,false],"1536x1536":["https:\/\/wisecnclaser.com\/wp-content\/uploads\/2025\/05\/610ec8c944506628358f334792e6716f.jpg",800,800,false],"2048x2048":["https:\/\/wisecnclaser.com\/wp-content\/uploads\/2025\/05\/610ec8c944506628358f334792e6716f.jpg",800,800,false],"trp-custom-language-flag":["https:\/\/wisecnclaser.com\/wp-content\/uploads\/2025\/05\/610ec8c944506628358f334792e6716f-12x12.jpg",12,12,true],"woocommerce_thumbnail":["https:\/\/wisecnclaser.com\/wp-content\/uploads\/2025\/05\/610ec8c944506628358f334792e6716f-300x300.jpg",300,300,true],"woocommerce_single":["https:\/\/wisecnclaser.com\/wp-content\/uploads\/2025\/05\/610ec8c944506628358f334792e6716f-600x600.jpg",600,600,true],"woocommerce_gallery_thumbnail":["https:\/\/wisecnclaser.com\/wp-content\/uploads\/2025\/05\/610ec8c944506628358f334792e6716f-100x100.jpg",100,100,true]},"uagb_author_info":{"display_name":"jinxing6611@gmail.com","author_link":"https:\/\/wisecnclaser.com\/pl\/author\/"},"uagb_comment_info":0,"uagb_excerpt":"Application: Indoor and outdoor decoration, stage basin bathroom, kitchen table and washing basin, high-grade stone decoration. Functions:\u00a0cutting, edge grinding, dig a hole, block water after grinding, engraving. Features: 18 ATC tools, several different grinding tools","_links":{"self":[{"href":"https:\/\/wisecnclaser.com\/pl\/wp-json\/wp\/v2\/product\/1204","targetHints":{"allow":["GET"]}}],"collection":[{"href":"https:\/\/wisecnclaser.com\/pl\/wp-json\/wp\/v2\/product"}],"about":[{"href":"https:\/\/wisecnclaser.com\/pl\/wp-json\/wp\/v2\/types\/product"}],"wp:featuredmedia":[{"embeddable":true,"href":"https:\/\/wisecnclaser.com\/pl\/wp-json\/wp\/v2\/media\/3427"}],"wp:attachment":[{"href":"https:\/\/wisecnclaser.com\/pl\/wp-json\/wp\/v2\/media?parent=1204"}],"wp:term":[{"taxonomy":"product_brand","embeddable":true,"href":"https:\/\/wisecnclaser.com\/pl\/wp-json\/wp\/v2\/product_brand?post=1204"},{"taxonomy":"product_cat","embeddable":true,"href":"https:\/\/wisecnclaser.com\/pl\/wp-json\/wp\/v2\/product_cat?post=1204"},{"taxonomy":"product_tag","embeddable":true,"href":"https:\/\/wisecnclaser.com\/pl\/wp-json\/wp\/v2\/product_tag?post=1204"}],"curies":[{"name":"wp","href":"https:\/\/api.w.org\/{rel}","templated":true}]}}