{"id":1205,"date":"2025-05-20T07:32:07","date_gmt":"2025-05-20T07:32:07","guid":{"rendered":"https:\/\/wisecnclaser.com\/product\/basic-blue-jeans-2\/"},"modified":"2025-05-23T02:48:51","modified_gmt":"2025-05-23T02:48:51","slug":"basic-blue-jeans-2","status":"publish","type":"product","link":"https:\/\/wisecnclaser.com\/pl\/produkt\/basic-blue-jeans-2\/","title":{"rendered":"Wycinarka laserowa WS6090C CCD"},"content":{"rendered":"<p><strong>Cechy wycinarki laserowej ccd 6090 co2:<\/strong><\/p>\n<p>Posiada 500-megapikselow\u0105 funkcj\u0119 rozpoznawania wizualnego o wysokiej precyzji i jest bardzo odpowiednia do automatycznego rozpoznawania ci\u0119cia wielkoformatowych haftowanych etykiet kapci rzemie\u015blniczych i wyr\u00f3\u017cnionych cz\u0119\u015bci pluszowych zabawek. ma r\u00f3\u017cne tryby rozpoznawania, takie jak ci\u0119cie z wyr\u00f3\u017cnion\u0105 pozycj\u0105 punktu, ci\u0119cie z wybieraniem figury projektu i ci\u0119cie z pozycj\u0105 punktu znacznika, co mo\u017ce zapewni\u0107 szybkie i precyzyjne ci\u0119cie ca\u0142ej etykiety. jest to najbardziej zaawansowana wycinarka laserowa na obecnym rynku.<\/p>\n<p><strong>Odpowiednie materia\u0142y<\/strong>drewno, bambus, jadeit, marmur, szk\u0142o organiczne, kryszta\u0142, plastik, odzie\u017c, papier, sk\u00f3ra, guma, ceramika, szk\u0142o i inne materia\u0142y niemetalowe.<\/p>\n<p><strong>Obowi\u0105zuj\u0105ce bran\u017ce:\u00a0<\/strong>reklama, sztuka i rzemios\u0142o, sk\u00f3ra, zabawki, odzie\u017c, modelarstwo, tapicerstwo budowlane, haft komputerowy i wycinanie, przemys\u0142 opakowaniowy i papierniczy<\/p>\n<p><strong>Dane techniczne wycinarki laserowej ccd 6090:<\/strong><\/p>\n<table>\n<tbody>\n<tr class=\"firstRow\">\n<td valign=\"top\" width=\"284\">Typ lasera<\/td>\n<td valign=\"top\" width=\"284\">Uszczelniona tuba lasera CO2<\/td>\n<\/tr>\n<tr>\n<td valign=\"top\" width=\"284\">Typ modelu<\/td>\n<td valign=\"top\" width=\"284\">WS6090C<\/td>\n<\/tr>\n<tr>\n<td valign=\"top\" width=\"284\">Moc lasera<\/td>\n<td valign=\"top\" width=\"284\">60W 80W 100W 130W 150W (opcjonalnie)<\/td>\n<\/tr>\n<tr>\n<td valign=\"top\" width=\"284\">Obszar ci\u0119cia<\/td>\n<td valign=\"top\" width=\"284\">60*90cm<\/td>\n<\/tr>\n<tr>\n<td valign=\"top\" width=\"284\">Pr\u0119dko\u015b\u0107 ci\u0119cia<\/td>\n<td valign=\"top\" width=\"284\">0-24 000 mm\/min<\/td>\n<\/tr>\n<tr>\n<td valign=\"top\" width=\"284\">Resetowanie dok\u0142adno\u015bci<\/td>\n<td valign=\"top\" width=\"284\">\u00b10,05 mm<\/td>\n<\/tr>\n<tr>\n<td valign=\"top\" width=\"284\">Napi\u0119cie robocze<\/td>\n<td valign=\"top\" width=\"284\">AC110-220V \u00b110%, 50-60HZ<\/td>\n<\/tr>\n<tr>\n<td valign=\"top\" width=\"284\">Moc<\/td>\n<td valign=\"top\" width=\"284\">Maks. 1000 W<\/td>\n<\/tr>\n<tr>\n<td valign=\"top\" width=\"284\">Temperatura pracy<\/td>\n<td valign=\"top\" width=\"284\">0-45 stopni<\/td>\n<\/tr>\n<tr>\n<td valign=\"top\" width=\"284\">Wilgotno\u015b\u0107 robocza<\/td>\n<td valign=\"top\" width=\"284\">5-95%<\/td>\n<\/tr>\n<tr>\n<td valign=\"top\" width=\"284\">Minimalny charakter kszta\u0142towania<\/td>\n<td valign=\"top\" width=\"284\">Angielski 1*1mm<\/td>\n<\/tr>\n<tr>\n<td valign=\"top\" width=\"284\">Obs\u0142ugiwany format graficzny<\/td>\n<td valign=\"top\" width=\"284\">BMP, PLT, DST, DXF i AI<\/td>\n<\/tr>\n<tr>\n<td valign=\"top\" width=\"284\">System nap\u0119dowy<\/td>\n<td valign=\"top\" width=\"284\">Stepper<\/td>\n<\/tr>\n<tr>\n<td valign=\"top\" width=\"284\">Tryb ch\u0142odzenia<\/td>\n<td valign=\"top\" width=\"284\">System ch\u0142odzenia i ochrony przed wod\u0105<\/td>\n<\/tr>\n<tr>\n<td valign=\"top\" width=\"284\">Wyposa\u017cenie dodatkowe<\/td>\n<td valign=\"top\" width=\"284\">Wentylator wyci\u0105gowy, rura wydechowa powietrza, spr\u0119\u017carka powietrza<\/td>\n<\/tr>\n<tr>\n<td valign=\"top\" width=\"284\">Oprogramowanie steruj\u0105ce<\/td>\n<td valign=\"top\" width=\"284\">Ci\u0119cie laserowe 5.3<\/td>\n<\/tr>\n<tr>\n<td valign=\"top\" width=\"284\">Kompatybilne oprogramowanie<\/td>\n<td valign=\"top\" width=\"284\">Coreldraw AutoCAD Photoshop<\/td>\n<\/tr>\n<tr>\n<td valign=\"top\" width=\"284\">System sterowania<\/td>\n<td valign=\"top\" width=\"284\">DSP CONTROL<\/td>\n<\/tr>\n<tr>\n<td valign=\"top\" width=\"284\">Rozmiar ca\u0142ego urz\u0105dzenia<\/td>\n<td valign=\"top\" width=\"284\">1360*1010*1070mm<\/td>\n<\/tr>\n<tr>\n<td valign=\"top\" width=\"284\">Ca\u0142kowita waga z opakowaniem<\/td>\n<td valign=\"top\" width=\"284\">200KGS<\/td>\n<\/tr>\n<\/tbody>\n<\/table>\n<p>&nbsp;<\/p>","protected":false},"excerpt":{"rendered":"<p><strong>Cechy wycinarki laserowej ccd 6090 co2:<\/strong><\/p>\n<p>Posiada 500-megapikselow\u0105 funkcj\u0119 rozpoznawania wizualnego o wysokiej precyzji i jest bardzo odpowiednia do automatycznego rozpoznawania ci\u0119cia wielkoformatowych haftowanych etykiet kapci rzemie\u015blniczych i wyr\u00f3\u017cnionych cz\u0119\u015bci pluszowych zabawek. ma r\u00f3\u017cne tryby rozpoznawania, takie jak ci\u0119cie z wyr\u00f3\u017cnion\u0105 pozycj\u0105 punktu, ci\u0119cie z wybieraniem figury projektu i ci\u0119cie z pozycj\u0105 punktu znacznika, co mo\u017ce zapewni\u0107 szybkie i precyzyjne ci\u0119cie ca\u0142ej etykiety. jest to najbardziej zaawansowana wycinarka laserowa na obecnym rynku.<\/p>\n<p><strong>Odpowiednie materia\u0142y<\/strong>drewno, bambus, jadeit, marmur, szk\u0142o organiczne, kryszta\u0142, plastik, odzie\u017c, papier, sk\u00f3ra, guma, ceramika, szk\u0142o i inne materia\u0142y niemetalowe.<\/p>\n<p><strong>Obowi\u0105zuj\u0105ce bran\u017ce:\u00a0<\/strong>reklama, sztuka i rzemios\u0142o, sk\u00f3ra, zabawki, odzie\u017c, modelarstwo, tapicerstwo budowlane, haft komputerowy i wycinanie, przemys\u0142 opakowaniowy i papierniczy<\/p>","protected":false},"featured_media":3442,"template":"","meta":{"_seopress_robots_primary_cat":"none","_seopress_titles_title":"","_seopress_titles_desc":"","_seopress_robots_index":"","_uag_custom_page_level_css":"","site-sidebar-layout":"default","site-content-layout":"default","ast-site-content-layout":"default","site-content-style":"default","site-sidebar-style":"default","ast-global-header-display":"","ast-banner-title-visibility":"","ast-main-header-display":"","ast-hfb-above-header-display":"","ast-hfb-below-header-display":"","ast-hfb-mobile-header-display":"","site-post-title":"","ast-breadcrumbs-content":"","ast-featured-img":"","footer-sml-layout":"","ast-disable-related-posts":"","theme-transparent-header-meta":"default","adv-header-id-meta":"","stick-header-meta":"default","header-above-stick-meta":"","header-main-stick-meta":"","header-below-stick-meta":"","astra-migrate-meta-layouts":"set","ast-page-background-enabled":"default","ast-page-background-meta":{"desktop":{"background-color":"","background-image":"","background-repeat":"repeat","background-position":"center center","background-size":"auto","background-attachment":"scroll","background-type":"","background-media":"","overlay-type":"","overlay-color":"","overlay-opacity":"","overlay-gradient":""},"tablet":{"background-color":"","background-image":"","background-repeat":"repeat","background-position":"center center","background-size":"auto","background-attachment":"scroll","background-type":"","background-media":"","overlay-type":"","overlay-color":"","overlay-opacity":"","overlay-gradient":""},"mobile":{"background-color":"","background-image":"","background-repeat":"repeat","background-position":"center center","background-size":"auto","background-attachment":"scroll","background-type":"","background-media":"","overlay-type":"","overlay-color":"","overlay-opacity":"","overlay-gradient":""}},"ast-content-background-meta":{"desktop":{"background-color":"var(--ast-global-color-5)","background-image":"","background-repeat":"repeat","background-position":"center center","background-size":"auto","background-attachment":"scroll","background-type":"","background-media":"","overlay-type":"","overlay-color":"","overlay-opacity":"","overlay-gradient":""},"tablet":{"background-color":"var(--ast-global-color-5)","background-image":"","background-repeat":"repeat","background-position":"center center","background-size":"auto","background-attachment":"scroll","background-type":"","background-media":"","overlay-type":"","overlay-color":"","overlay-opacity":"","overlay-gradient":""},"mobile":{"background-color":"var(--ast-global-color-5)","background-image":"","background-repeat":"repeat","background-position":"center center","background-size":"auto","background-attachment":"scroll","background-type":"","background-media":"","overlay-type":"","overlay-color":"","overlay-opacity":"","overlay-gradient":""}}},"product_brand":[],"product_cat":[32],"product_tag":[],"class_list":{"0":"post-1205","1":"product","2":"type-product","3":"status-publish","4":"has-post-thumbnail","6":"product_cat-lasercutting","7":"desktop-align-left","8":"tablet-align-left","9":"mobile-align-left","10":"ast-product-gallery-layout-horizontal-slider","11":"ast-product-gallery-with-no-image","12":"ast-product-tabs-layout-horizontal","14":"first","15":"instock","16":"sale","17":"shipping-taxable","18":"purchasable","19":"product-type-simple"},"uagb_featured_image_src":{"full":["https:\/\/wisecnclaser.com\/wp-content\/uploads\/2025\/05\/3c86a60334b0994ff931a6d04f0d0009.jpg",800,800,false],"thumbnail":["https:\/\/wisecnclaser.com\/wp-content\/uploads\/2025\/05\/3c86a60334b0994ff931a6d04f0d0009-150x150.jpg",150,150,true],"medium":["https:\/\/wisecnclaser.com\/wp-content\/uploads\/2025\/05\/3c86a60334b0994ff931a6d04f0d0009-300x300.jpg",300,300,true],"medium_large":["https:\/\/wisecnclaser.com\/wp-content\/uploads\/2025\/05\/3c86a60334b0994ff931a6d04f0d0009-768x768.jpg",768,768,true],"large":["https:\/\/wisecnclaser.com\/wp-content\/uploads\/2025\/05\/3c86a60334b0994ff931a6d04f0d0009.jpg",800,800,false],"1536x1536":["https:\/\/wisecnclaser.com\/wp-content\/uploads\/2025\/05\/3c86a60334b0994ff931a6d04f0d0009.jpg",800,800,false],"2048x2048":["https:\/\/wisecnclaser.com\/wp-content\/uploads\/2025\/05\/3c86a60334b0994ff931a6d04f0d0009.jpg",800,800,false],"trp-custom-language-flag":["https:\/\/wisecnclaser.com\/wp-content\/uploads\/2025\/05\/3c86a60334b0994ff931a6d04f0d0009-12x12.jpg",12,12,true],"woocommerce_thumbnail":["https:\/\/wisecnclaser.com\/wp-content\/uploads\/2025\/05\/3c86a60334b0994ff931a6d04f0d0009-300x300.jpg",300,300,true],"woocommerce_single":["https:\/\/wisecnclaser.com\/wp-content\/uploads\/2025\/05\/3c86a60334b0994ff931a6d04f0d0009-600x600.jpg",600,600,true],"woocommerce_gallery_thumbnail":["https:\/\/wisecnclaser.com\/wp-content\/uploads\/2025\/05\/3c86a60334b0994ff931a6d04f0d0009-100x100.jpg",100,100,true]},"uagb_author_info":{"display_name":"jinxing6611@gmail.com","author_link":"https:\/\/wisecnclaser.com\/pl\/author\/"},"uagb_comment_info":0,"uagb_excerpt":"Features of ccd 6090 co2 laser cutting machine: It has 500 megapixel high precision visual recognition function and is very suitable for auto-recognition cutting for large format embroidery lable of craft slippers and featured parts of plush toys.It has various recognition modes,such as cutting with featured point position ,cutting with figure picking of design and&hellip;","_links":{"self":[{"href":"https:\/\/wisecnclaser.com\/pl\/wp-json\/wp\/v2\/product\/1205","targetHints":{"allow":["GET"]}}],"collection":[{"href":"https:\/\/wisecnclaser.com\/pl\/wp-json\/wp\/v2\/product"}],"about":[{"href":"https:\/\/wisecnclaser.com\/pl\/wp-json\/wp\/v2\/types\/product"}],"wp:featuredmedia":[{"embeddable":true,"href":"https:\/\/wisecnclaser.com\/pl\/wp-json\/wp\/v2\/media\/3442"}],"wp:attachment":[{"href":"https:\/\/wisecnclaser.com\/pl\/wp-json\/wp\/v2\/media?parent=1205"}],"wp:term":[{"taxonomy":"product_brand","embeddable":true,"href":"https:\/\/wisecnclaser.com\/pl\/wp-json\/wp\/v2\/product_brand?post=1205"},{"taxonomy":"product_cat","embeddable":true,"href":"https:\/\/wisecnclaser.com\/pl\/wp-json\/wp\/v2\/product_cat?post=1205"},{"taxonomy":"product_tag","embeddable":true,"href":"https:\/\/wisecnclaser.com\/pl\/wp-json\/wp\/v2\/product_tag?post=1205"}],"curies":[{"name":"wp","href":"https:\/\/api.w.org\/{rel}","templated":true}]}}