{"id":1206,"date":"2025-05-20T07:32:07","date_gmt":"2025-05-20T07:32:07","guid":{"rendered":"https:\/\/wisecnclaser.com\/product\/blue-denim-shorts\/"},"modified":"2026-03-11T05:39:57","modified_gmt":"2026-03-11T05:39:57","slug":"blue-denim-shorts","status":"publish","type":"product","link":"https:\/\/wisecnclaser.com\/pl\/produkt\/blue-denim-shorts\/","title":{"rendered":"WS1020 CNC Maszyna do ci\u0119cia we\u0142ny mineralnej z drutu piankowego"},"content":{"rendered":"<p>Materia\u0142y tn\u0105ce:<\/p>\n<p>Twarde pianki, takie jak twarda pianka EVA o g\u0119sto\u015bci 140 100 80, poliuretanowa pianka PU, we\u0142na mineralna, pianka Corafoam do rur izolacyjnych, w\u0142\u00f3kno szklane itp. Mo\u017ce r\u00f3wnie\u017c ci\u0105\u0107 eps, ale jego efekt ci\u0119cia nie jest tak dobry jak ci\u0119cie gor\u0105cym drutem<\/p>\n<p>&nbsp;<\/p>\n<table>\n<tbody>\n<tr class=\"firstRow\">\n<td colspan=\"2\" valign=\"center\" width=\"662\"><strong>Opis i specyfikacja maszyny do ci\u0119cia we\u0142ny mineralnej cnc:<\/strong><\/td>\n<\/tr>\n<tr>\n<td valign=\"top\" width=\"208\">Obszar ci\u0119cia<\/td>\n<td valign=\"top\" width=\"454\">D\u0142ugo\u015b\u0107 2000 mm*szeroko\u015b\u0107 1000 mm*wysoko\u015b\u0107 1000 mm<\/td>\n<\/tr>\n<tr>\n<td valign=\"top\" width=\"208\">Powierzchnia sto\u0142u<\/td>\n<td valign=\"top\" width=\"454\">Tabela rowk\u00f3w teowych<\/td>\n<\/tr>\n<tr>\n<td valign=\"top\" width=\"208\">Dok\u0142adno\u015b\u0107 pozycjonowania w ruchu<\/td>\n<td valign=\"top\" width=\"454\">\u00b10,4 mm<\/td>\n<\/tr>\n<tr>\n<td valign=\"top\" width=\"208\">Dok\u0142adno\u015b\u0107 pozycjonowania<\/td>\n<td valign=\"top\" width=\"454\">\u00b10,5 mm<\/td>\n<\/tr>\n<tr>\n<td valign=\"top\" width=\"208\">Robocza rozdzielczo\u015b\u0107 dpi<\/td>\n<td valign=\"top\" width=\"454\">\u00b10,5 mm<\/td>\n<\/tr>\n<tr>\n<td valign=\"top\" width=\"208\">Pr\u0119dko\u015b\u0107 ci\u0119cia<\/td>\n<td valign=\"top\" width=\"454\">500-1500 mm\/min<\/td>\n<\/tr>\n<tr>\n<td valign=\"top\" width=\"208\">Struktura maszyny<\/td>\n<td valign=\"top\" width=\"454\">Gruba spawana stal<\/td>\n<\/tr>\n<tr>\n<td valign=\"top\" width=\"208\">Polecenie<\/td>\n<td valign=\"top\" width=\"454\">G-code*.u00*.mmg*.plt<\/td>\n<\/tr>\n<tr>\n<td valign=\"top\" width=\"208\">Napi\u0119cie robocze<\/td>\n<td valign=\"top\" width=\"454\">AC380V\/50HZ 3 fazy<\/td>\n<\/tr>\n<tr>\n<td valign=\"top\" width=\"208\">Waga z opakowaniem<\/td>\n<td valign=\"top\" width=\"454\">850KGS<\/td>\n<\/tr>\n<tr>\n<td valign=\"top\" width=\"208\">Rozmiar opakowania<\/td>\n<td valign=\"top\" width=\"454\">1.6*3.9*1.4M<\/td>\n<\/tr>\n<tr>\n<td valign=\"top\" width=\"208\">System kontroli<\/td>\n<td valign=\"top\" width=\"454\">Mach3 z komputerem<\/td>\n<\/tr>\n<tr>\n<td valign=\"top\" width=\"208\">Szyna prowadz\u0105ca<\/td>\n<td valign=\"top\" width=\"454\">Przewodnik po kwadratach<\/td>\n<\/tr>\n<tr>\n<td valign=\"top\" width=\"208\">Wilgotno\u015b\u0107<\/td>\n<td valign=\"top\" width=\"454\">10%-90% (bez kondensacji)<\/td>\n<\/tr>\n<tr>\n<td valign=\"top\" width=\"208\">Temperatura<\/td>\n<td valign=\"top\" width=\"454\">10-50\u2103<\/td>\n<\/tr>\n<tr>\n<td valign=\"top\" width=\"208\">Skrzynia bieg\u00f3w<\/td>\n<td valign=\"top\" width=\"454\">Ma\u0142a skrzynia bieg\u00f3w<\/td>\n<\/tr>\n<tr>\n<td valign=\"top\" width=\"208\">Transmisja<\/td>\n<td valign=\"top\" width=\"454\">Precyzyjna przek\u0142adnia z\u0119bata z z\u0119batk\u0105 \u015brubow\u0105<\/td>\n<\/tr>\n<tr>\n<td valign=\"top\" width=\"208\">Waga netto<\/td>\n<td valign=\"top\" width=\"454\">600KGS<\/td>\n<\/tr>\n<tr>\n<td valign=\"top\" width=\"208\">Kierowca<\/td>\n<td valign=\"top\" width=\"454\">Silnik krokowy i sterownik<\/td>\n<\/tr>\n<tr>\n<td valign=\"top\" width=\"208\">Komputer<\/td>\n<td valign=\"top\" width=\"454\">Komputer przemys\u0142owy<\/td>\n<\/tr>\n<tr>\n<td valign=\"top\" width=\"208\">Urz\u0105dzenie zabezpieczaj\u0105ce<\/td>\n<td valign=\"top\" width=\"454\">Wy\u0142\u0105cznik kra\u0144cowy<\/td>\n<\/tr>\n<tr>\n<td valign=\"top\" width=\"208\">Cz\u0119\u015bci zamienne<\/td>\n<td valign=\"top\" width=\"454\">5 kawa\u0142k\u00f3w drutu<\/td>\n<\/tr>\n<tr>\n<td valign=\"top\" width=\"208\">\u015arednica przewodu<\/td>\n<td valign=\"top\" width=\"454\">1-3 mm<\/td>\n<\/tr>\n<tr>\n<td valign=\"top\" width=\"208\">Moc robocza<\/td>\n<td valign=\"top\" width=\"454\">5KW<\/td>\n<\/tr>\n<tr>\n<td valign=\"top\" width=\"208\">Skrzynka kontrolna<\/td>\n<td valign=\"top\" width=\"454\">Oddzielnie<\/td>\n<\/tr>\n<tr>\n<td valign=\"top\" width=\"208\">Oprogramowanie<\/td>\n<td valign=\"top\" width=\"454\">w zestawie<\/td>\n<\/tr>\n<\/tbody>\n<\/table>\n<div class=\"ast-oembed-container\" style=\"height: 100%;\"><iframe title=\"Maszyna do ci\u0119cia we\u0142ny mineralnej CNC Szybka maszyna do ci\u0119cia drutu \u015bciernego CNC 1TP5Ci\u0119cie we\u0142ny mineralnej\" width=\"422\" height=\"750\" src=\"https:\/\/www.youtube.com\/embed\/XjdlfCTTg2M?feature=oembed\" frameborder=\"0\" allow=\"accelerometer; autoplay; clipboard-write; encrypted-media; gyroscope; picture-in-picture; web-share\" referrerpolicy=\"strict-origin-when-cross-origin\" allowfullscreen><\/iframe><\/div>","protected":false},"excerpt":{"rendered":"<p>Cutting Materials of cnc wire cutting machine:<\/p>\n<p>Twarde pianki, takie jak twarda pianka EVA o g\u0119sto\u015bci 140 100 80, poliuretanowa pianka PU, we\u0142na mineralna, pianka Corafoam do rur izolacyjnych, w\u0142\u00f3kno szklane itp. Mo\u017ce r\u00f3wnie\u017c ci\u0105\u0107 eps, ale jego efekt ci\u0119cia nie jest tak dobry jak ci\u0119cie gor\u0105cym drutem<\/p>","protected":false},"featured_media":3444,"template":"","meta":{"_seopress_robots_primary_cat":"none","_seopress_titles_title":"","_seopress_titles_desc":"","_seopress_robots_index":"","_uag_custom_page_level_css":"","site-sidebar-layout":"default","site-content-layout":"default","ast-site-content-layout":"default","site-content-style":"default","site-sidebar-style":"default","ast-global-header-display":"","ast-banner-title-visibility":"","ast-main-header-display":"","ast-hfb-above-header-display":"","ast-hfb-below-header-display":"","ast-hfb-mobile-header-display":"","site-post-title":"","ast-breadcrumbs-content":"","ast-featured-img":"","footer-sml-layout":"","ast-disable-related-posts":"","theme-transparent-header-meta":"default","adv-header-id-meta":"","stick-header-meta":"default","header-above-stick-meta":"","header-main-stick-meta":"","header-below-stick-meta":"","astra-migrate-meta-layouts":"set","ast-page-background-enabled":"default","ast-page-background-meta":{"desktop":{"background-color":"","background-image":"","background-repeat":"repeat","background-position":"center center","background-size":"auto","background-attachment":"scroll","background-type":"","background-media":"","overlay-type":"","overlay-color":"","overlay-opacity":"","overlay-gradient":""},"tablet":{"background-color":"","background-image":"","background-repeat":"repeat","background-position":"center center","background-size":"auto","background-attachment":"scroll","background-type":"","background-media":"","overlay-type":"","overlay-color":"","overlay-opacity":"","overlay-gradient":""},"mobile":{"background-color":"","background-image":"","background-repeat":"repeat","background-position":"center center","background-size":"auto","background-attachment":"scroll","background-type":"","background-media":"","overlay-type":"","overlay-color":"","overlay-opacity":"","overlay-gradient":""}},"ast-content-background-meta":{"desktop":{"background-color":"var(--ast-global-color-5)","background-image":"","background-repeat":"repeat","background-position":"center center","background-size":"auto","background-attachment":"scroll","background-type":"","background-media":"","overlay-type":"","overlay-color":"","overlay-opacity":"","overlay-gradient":""},"tablet":{"background-color":"var(--ast-global-color-5)","background-image":"","background-repeat":"repeat","background-position":"center center","background-size":"auto","background-attachment":"scroll","background-type":"","background-media":"","overlay-type":"","overlay-color":"","overlay-opacity":"","overlay-gradient":""},"mobile":{"background-color":"var(--ast-global-color-5)","background-image":"","background-repeat":"repeat","background-position":"center center","background-size":"auto","background-attachment":"scroll","background-type":"","background-media":"","overlay-type":"","overlay-color":"","overlay-opacity":"","overlay-gradient":""}}},"product_brand":[],"product_cat":[43],"product_tag":[],"class_list":{"0":"post-1206","1":"product","2":"type-product","3":"status-publish","4":"has-post-thumbnail","6":"product_cat-foam","7":"desktop-align-left","8":"tablet-align-left","9":"mobile-align-left","10":"ast-product-gallery-layout-horizontal-slider","11":"ast-product-gallery-with-no-image","12":"ast-product-tabs-layout-horizontal","14":"first","15":"instock","16":"sale","17":"shipping-taxable","18":"purchasable","19":"product-type-simple"},"uagb_featured_image_src":{"full":["https:\/\/wisecnclaser.com\/wp-content\/uploads\/2025\/05\/e5553a9a94f5b6a1764cbf5b183b0459.jpg",800,800,false],"thumbnail":["https:\/\/wisecnclaser.com\/wp-content\/uploads\/2025\/05\/e5553a9a94f5b6a1764cbf5b183b0459-150x150.jpg",150,150,true],"medium":["https:\/\/wisecnclaser.com\/wp-content\/uploads\/2025\/05\/e5553a9a94f5b6a1764cbf5b183b0459-300x300.jpg",300,300,true],"medium_large":["https:\/\/wisecnclaser.com\/wp-content\/uploads\/2025\/05\/e5553a9a94f5b6a1764cbf5b183b0459-768x768.jpg",768,768,true],"large":["https:\/\/wisecnclaser.com\/wp-content\/uploads\/2025\/05\/e5553a9a94f5b6a1764cbf5b183b0459.jpg",800,800,false],"1536x1536":["https:\/\/wisecnclaser.com\/wp-content\/uploads\/2025\/05\/e5553a9a94f5b6a1764cbf5b183b0459.jpg",800,800,false],"2048x2048":["https:\/\/wisecnclaser.com\/wp-content\/uploads\/2025\/05\/e5553a9a94f5b6a1764cbf5b183b0459.jpg",800,800,false],"trp-custom-language-flag":["https:\/\/wisecnclaser.com\/wp-content\/uploads\/2025\/05\/e5553a9a94f5b6a1764cbf5b183b0459-12x12.jpg",12,12,true],"woocommerce_thumbnail":["https:\/\/wisecnclaser.com\/wp-content\/uploads\/2025\/05\/e5553a9a94f5b6a1764cbf5b183b0459-300x300.jpg",300,300,true],"woocommerce_single":["https:\/\/wisecnclaser.com\/wp-content\/uploads\/2025\/05\/e5553a9a94f5b6a1764cbf5b183b0459-600x600.jpg",600,600,true],"woocommerce_gallery_thumbnail":["https:\/\/wisecnclaser.com\/wp-content\/uploads\/2025\/05\/e5553a9a94f5b6a1764cbf5b183b0459-100x100.jpg",100,100,true]},"uagb_author_info":{"display_name":"jinxing6611@gmail.com","author_link":"https:\/\/wisecnclaser.com\/pl\/author\/"},"uagb_comment_info":0,"uagb_excerpt":"Cutting Materials of cnc wire cutting machine: Hard thickness foam, such as hard EVA with 140 100 80 density, polyurethane PU foam, Mineral wool, Corafoam for insulation pipe, fiberglass etc. It can also cut eps, but its cutting effect is not as good as hot wire cutting","_links":{"self":[{"href":"https:\/\/wisecnclaser.com\/pl\/wp-json\/wp\/v2\/product\/1206","targetHints":{"allow":["GET"]}}],"collection":[{"href":"https:\/\/wisecnclaser.com\/pl\/wp-json\/wp\/v2\/product"}],"about":[{"href":"https:\/\/wisecnclaser.com\/pl\/wp-json\/wp\/v2\/types\/product"}],"wp:featuredmedia":[{"embeddable":true,"href":"https:\/\/wisecnclaser.com\/pl\/wp-json\/wp\/v2\/media\/3444"}],"wp:attachment":[{"href":"https:\/\/wisecnclaser.com\/pl\/wp-json\/wp\/v2\/media?parent=1206"}],"wp:term":[{"taxonomy":"product_brand","embeddable":true,"href":"https:\/\/wisecnclaser.com\/pl\/wp-json\/wp\/v2\/product_brand?post=1206"},{"taxonomy":"product_cat","embeddable":true,"href":"https:\/\/wisecnclaser.com\/pl\/wp-json\/wp\/v2\/product_cat?post=1206"},{"taxonomy":"product_tag","embeddable":true,"href":"https:\/\/wisecnclaser.com\/pl\/wp-json\/wp\/v2\/product_tag?post=1206"}],"curies":[{"name":"wp","href":"https:\/\/api.w.org\/{rel}","templated":true}]}}