{"id":1208,"date":"2025-05-20T07:32:07","date_gmt":"2025-05-20T07:32:07","guid":{"rendered":"https:\/\/wisecnclaser.com\/product\/faint-blue-jeans\/"},"modified":"2025-05-23T02:49:01","modified_gmt":"2025-05-23T02:49:01","slug":"faint-blue-jeans","status":"publish","type":"product","link":"https:\/\/wisecnclaser.com\/pl\/produkt\/faint-blue-jeans\/","title":{"rendered":"Frezarka CNC do form piankowych WS1530"},"content":{"rendered":"<p><strong>Zastosowanie frezarki cnc do form piankowych<\/strong><\/p>\n<p>EPS, polipropylenowa pianka z tworzywa sztucznego (EPP), u\u017cywana g\u0142\u00f3wnie do produkcji FOAM EPC, formy do drewna,<\/p>\n<p>Modele piankowe do r\u00f3\u017cnych odlew\u00f3w mechanicznych, takich jak statki, energia wiatrowa, obrabiarki, maszyny do formowania wtryskowego, maszyny drukarskie itp. Wzornictwo przemys\u0142owe samochod\u00f3w, jacht\u00f3w, samolot\u00f3w itp. Formy obrotowe, formy wtryskowe, obr\u00f3bka materia\u0142\u00f3w dekoracyjnych \u015bcian zewn\u0119trznych GRG\/GRC itp.<\/p>\n<p><strong>Cechy maszyny do rze\u017abienia w piance 1530 cnc:<\/strong><\/p>\n<p>1, Maszyna do rze\u017abienia w piance cnc przyjmuje wrzeciono ch\u0142odz\u0105ce wod\u0105 o du\u017cej mocy lub wrzeciono ch\u0142odz\u0105ce powietrzem oraz importowany silnik serwo i wy\u0142\u0105cznik.<\/p>\n<p>2, Inteligentna funkcja ochrony sto\u0142u maszyny: aby unikn\u0105\u0107 awarii sto\u0142u spowodowanej wadliw\u0105 obs\u0142ug\u0105 lub b\u0142\u0119dem oprogramowania.<\/p>\n<p>3, Inteligentna ochrona transgraniczna przetwarzania, aby zapobiec kolizji mechanicznej spowodowanej uk\u0142adem projektu przekraczaj\u0105cym szeroko\u015b\u0107 przetwarzania.<\/p>\n<p>4, inteligentny system sterowania, mo\u017ce automatycznie wykona\u0107 wielowarstwow\u0105 obr\u00f3bk\u0119 3D. mo\u017ce zako\u0144czy\u0107 obr\u00f3bk\u0119 3D z du\u017c\u0105 pr\u0119dko\u015bci\u0105 i p\u0142ynnie.<\/p>\n<p>5, Tajwan liniowa szyna prowadz\u0105ca, samosmaruj\u0105ce suwaki. dobrze proporcjonalna si\u0142a podczas pracy, aby zagwarantowa\u0107 precyzj\u0119 i wytrzyma\u0142o\u015b\u0107<\/p>\n<p><strong>Zastosowanie maszyny do rze\u017abienia w piance cnc:<\/strong><\/p>\n<p><strong>\u00a0<\/strong>1, Odlewnicze formy drewniane i obr\u00f3bka modeli piankowych dla du\u017cych obrabiarek, przemys\u0142u stoczniowego itp.<\/p>\n<p>2, Odlewanie modeli drewnianych do r\u00f3\u017cnych odlew\u00f3w mechanicznych, takich jak statki, energia wiatrowa, obrabiarki, maszyny do formowania wtryskowego, maszyny drukarskie itp.<\/p>\n<p>3, Wzornictwo przemys\u0142owe samochod\u00f3w, jacht\u00f3w, samolot\u00f3w itp.<\/p>\n<p>4, formy obrotowe, formy wtryskowe, obr\u00f3bka materia\u0142\u00f3w dekoracyjnych \u015bcian zewn\u0119trznych GRG \/ GRC itp.<\/p>\n<table border=\"1\">\n<tbody>\n<tr class=\"firstRow\">\n<td colspan=\"2\" valign=\"center\" width=\"662\"><strong>Opis i specyfikacja frezarki cnc do form piankowych:<\/strong><\/td>\n<\/tr>\n<tr>\n<td valign=\"top\" width=\"331\">X Obszar roboczy<\/td>\n<td valign=\"top\" width=\"331\">1500 mm<\/td>\n<\/tr>\n<tr>\n<td valign=\"top\" width=\"331\">Y Obszar roboczy<\/td>\n<td valign=\"top\" width=\"331\">3000 mm<\/td>\n<\/tr>\n<tr>\n<td valign=\"top\" width=\"331\">Z Obszar roboczy<\/td>\n<td valign=\"top\" width=\"331\">600 mm, wysoko\u015b\u0107 podawania materia\u0142u 700 mm<\/td>\n<\/tr>\n<tr>\n<td valign=\"top\" width=\"331\">St\u00f3\u0142 maszynowy<\/td>\n<td valign=\"top\" width=\"331\">Rowek T<\/td>\n<\/tr>\n<tr>\n<td valign=\"top\" width=\"331\">Struktura maszyny<\/td>\n<td valign=\"top\" width=\"331\">Gruba konstrukcja stalowa<\/td>\n<\/tr>\n<tr>\n<td valign=\"top\" width=\"331\">Struktura X,Y,Z<\/td>\n<td valign=\"top\" width=\"331\">Ko\u0142o z\u0119bate XY, \u015bruba kulowa Z Taiwan 3210<\/td>\n<\/tr>\n<tr>\n<td valign=\"top\" width=\"331\">Transmisja<\/td>\n<td valign=\"top\" width=\"331\">Precyzyjna z\u0119batka Xinyue<\/td>\n<\/tr>\n<tr>\n<td valign=\"top\" width=\"331\">Pr\u0119dko\u015b\u0107 podawania<\/td>\n<td valign=\"top\" width=\"331\">10000 mm\/min<\/td>\n<\/tr>\n<tr>\n<td valign=\"top\" width=\"331\">Wrzeciono<\/td>\n<td valign=\"top\" width=\"331\">Wrzeciono ch\u0142odzone wod\u0105 o mocy 5,5 kW<\/td>\n<\/tr>\n<tr>\n<td valign=\"top\" width=\"331\">Maksymalna pr\u0119dko\u015b\u0107 podawania<\/td>\n<td valign=\"top\" width=\"331\">O\u015b X: 12000 mm\/min<\/p>\n<p>O\u015b Y: 12000 mm\/min<\/p>\n<p>O\u015b Z: 6000 mm\/min<\/td>\n<\/tr>\n<tr>\n<td valign=\"top\" width=\"331\">Pr\u0119dko\u015b\u0107 wrzeciona<\/td>\n<td valign=\"top\" width=\"331\">100-12000 OBR.<\/td>\n<\/tr>\n<tr>\n<td valign=\"top\" width=\"331\">System nap\u0119dowy<\/td>\n<td valign=\"top\" width=\"331\">Serwo Chinse KND<\/td>\n<\/tr>\n<tr>\n<td valign=\"top\" width=\"331\">Polecenie<\/td>\n<td valign=\"top\" width=\"331\">G-code*.u00*.mmg*.plt<\/td>\n<\/tr>\n<tr>\n<td valign=\"top\" width=\"331\">Napi\u0119cie robocze<\/td>\n<td valign=\"top\" width=\"331\">AC380V\/60Hz<\/td>\n<\/tr>\n<tr>\n<td valign=\"top\" width=\"331\">System kontroli<\/td>\n<td valign=\"top\" width=\"331\">Chi\u0144ski system KND<\/td>\n<\/tr>\n<tr>\n<td valign=\"top\" width=\"331\">System sterowania dpi<\/td>\n<td valign=\"top\" width=\"331\">\u00b10.004<\/td>\n<\/tr>\n<tr>\n<td valign=\"top\" width=\"331\">Inveter<\/td>\n<td valign=\"top\" width=\"331\">Falownik Fuling<\/td>\n<\/tr>\n<tr>\n<td valign=\"top\" width=\"331\">Przek\u0142adnie redukcyjne osi Z<\/td>\n<td valign=\"top\" width=\"331\">Tak (marka shimpoo, stosunek 1:8)<\/td>\n<\/tr>\n<tr>\n<td valign=\"top\" width=\"331\">Szyna prowadz\u0105ca<\/td>\n<td valign=\"top\" width=\"331\">Tajwan 25 szyna kwadratowa<\/td>\n<\/tr>\n<tr>\n<td valign=\"top\" width=\"331\">Urz\u0105dzenie pomocnicze<\/td>\n<td valign=\"top\" width=\"331\">Odpylacz, agregat wody lodowej<\/td>\n<\/tr>\n<\/tbody>\n<\/table>\n<p>&nbsp;<\/p>","protected":false},"excerpt":{"rendered":"<p><strong>Zastosowanie frezarki cnc do form piankowych<\/strong><\/p>\n<p>EPS, polipropylenowa pianka z tworzywa sztucznego (EPP), u\u017cywana g\u0142\u00f3wnie do produkcji FOAM EPC, formy do drewna,<\/p>\n<p>Modele piankowe do r\u00f3\u017cnych odlew\u00f3w mechanicznych, takich jak statki, energia wiatrowa, obrabiarki, maszyny do formowania wtryskowego, maszyny drukarskie itp. Wzornictwo przemys\u0142owe samochod\u00f3w, jacht\u00f3w, samolot\u00f3w itp. Formy obrotowe, formy wtryskowe, obr\u00f3bka materia\u0142\u00f3w dekoracyjnych \u015bcian zewn\u0119trznych GRG\/GRC itp.<\/p>\n<p><strong>Cechy maszyny do rze\u017abienia w piance 1530 cnc:<\/strong><\/p>\n<p>1, Maszyna do rze\u017abienia w piance cnc przyjmuje wrzeciono ch\u0142odz\u0105ce wod\u0105 o du\u017cej mocy lub wrzeciono ch\u0142odz\u0105ce powietrzem oraz importowany silnik serwo i wy\u0142\u0105cznik.<\/p>\n<p>2, Inteligentna funkcja ochrony sto\u0142u maszyny: aby unikn\u0105\u0107 awarii sto\u0142u spowodowanej wadliw\u0105 obs\u0142ug\u0105 lub b\u0142\u0119dem oprogramowania.<\/p>\n<p>3, Inteligentna ochrona transgraniczna przetwarzania, aby zapobiec kolizji mechanicznej spowodowanej uk\u0142adem projektu przekraczaj\u0105cym szeroko\u015b\u0107 przetwarzania.<\/p>\n<p>4, inteligentny system sterowania, mo\u017ce automatycznie wykona\u0107 wielowarstwow\u0105 obr\u00f3bk\u0119 3D. mo\u017ce zako\u0144czy\u0107 obr\u00f3bk\u0119 3D z du\u017c\u0105 pr\u0119dko\u015bci\u0105 i p\u0142ynnie.<\/p>\n<p>5, Tajwan liniowa szyna prowadz\u0105ca, samosmaruj\u0105ce suwaki. dobrze proporcjonalna si\u0142a podczas pracy, aby zagwarantowa\u0107 precyzj\u0119 i wytrzyma\u0142o\u015b\u0107<\/p>","protected":false},"featured_media":3460,"template":"","meta":{"_seopress_robots_primary_cat":"none","_seopress_titles_title":"","_seopress_titles_desc":"","_seopress_robots_index":"","_uag_custom_page_level_css":"","site-sidebar-layout":"default","site-content-layout":"default","ast-site-content-layout":"default","site-content-style":"default","site-sidebar-style":"default","ast-global-header-display":"","ast-banner-title-visibility":"","ast-main-header-display":"","ast-hfb-above-header-display":"","ast-hfb-below-header-display":"","ast-hfb-mobile-header-display":"","site-post-title":"","ast-breadcrumbs-content":"","ast-featured-img":"","footer-sml-layout":"","ast-disable-related-posts":"","theme-transparent-header-meta":"default","adv-header-id-meta":"","stick-header-meta":"default","header-above-stick-meta":"","header-main-stick-meta":"","header-below-stick-meta":"","astra-migrate-meta-layouts":"set","ast-page-background-enabled":"default","ast-page-background-meta":{"desktop":{"background-color":"","background-image":"","background-repeat":"repeat","background-position":"center center","background-size":"auto","background-attachment":"scroll","background-type":"","background-media":"","overlay-type":"","overlay-color":"","overlay-opacity":"","overlay-gradient":""},"tablet":{"background-color":"","background-image":"","background-repeat":"repeat","background-position":"center center","background-size":"auto","background-attachment":"scroll","background-type":"","background-media":"","overlay-type":"","overlay-color":"","overlay-opacity":"","overlay-gradient":""},"mobile":{"background-color":"","background-image":"","background-repeat":"repeat","background-position":"center center","background-size":"auto","background-attachment":"scroll","background-type":"","background-media":"","overlay-type":"","overlay-color":"","overlay-opacity":"","overlay-gradient":""}},"ast-content-background-meta":{"desktop":{"background-color":"var(--ast-global-color-5)","background-image":"","background-repeat":"repeat","background-position":"center center","background-size":"auto","background-attachment":"scroll","background-type":"","background-media":"","overlay-type":"","overlay-color":"","overlay-opacity":"","overlay-gradient":""},"tablet":{"background-color":"var(--ast-global-color-5)","background-image":"","background-repeat":"repeat","background-position":"center center","background-size":"auto","background-attachment":"scroll","background-type":"","background-media":"","overlay-type":"","overlay-color":"","overlay-opacity":"","overlay-gradient":""},"mobile":{"background-color":"var(--ast-global-color-5)","background-image":"","background-repeat":"repeat","background-position":"center center","background-size":"auto","background-attachment":"scroll","background-type":"","background-media":"","overlay-type":"","overlay-color":"","overlay-opacity":"","overlay-gradient":""}}},"product_brand":[],"product_cat":[43],"product_tag":[],"class_list":{"0":"post-1208","1":"product","2":"type-product","3":"status-publish","4":"has-post-thumbnail","6":"product_cat-foam","7":"desktop-align-left","8":"tablet-align-left","9":"mobile-align-left","10":"ast-product-gallery-layout-horizontal-slider","11":"ast-product-gallery-with-no-image","12":"ast-product-tabs-layout-horizontal","14":"first","15":"instock","16":"sale","17":"shipping-taxable","18":"purchasable","19":"product-type-simple"},"uagb_featured_image_src":{"full":["https:\/\/wisecnclaser.com\/wp-content\/uploads\/2025\/05\/bcb78065198408b6068fb114b361bd27.jpg",800,800,false],"thumbnail":["https:\/\/wisecnclaser.com\/wp-content\/uploads\/2025\/05\/bcb78065198408b6068fb114b361bd27-150x150.jpg",150,150,true],"medium":["https:\/\/wisecnclaser.com\/wp-content\/uploads\/2025\/05\/bcb78065198408b6068fb114b361bd27-300x300.jpg",300,300,true],"medium_large":["https:\/\/wisecnclaser.com\/wp-content\/uploads\/2025\/05\/bcb78065198408b6068fb114b361bd27-768x768.jpg",768,768,true],"large":["https:\/\/wisecnclaser.com\/wp-content\/uploads\/2025\/05\/bcb78065198408b6068fb114b361bd27.jpg",800,800,false],"1536x1536":["https:\/\/wisecnclaser.com\/wp-content\/uploads\/2025\/05\/bcb78065198408b6068fb114b361bd27.jpg",800,800,false],"2048x2048":["https:\/\/wisecnclaser.com\/wp-content\/uploads\/2025\/05\/bcb78065198408b6068fb114b361bd27.jpg",800,800,false],"trp-custom-language-flag":["https:\/\/wisecnclaser.com\/wp-content\/uploads\/2025\/05\/bcb78065198408b6068fb114b361bd27-12x12.jpg",12,12,true],"woocommerce_thumbnail":["https:\/\/wisecnclaser.com\/wp-content\/uploads\/2025\/05\/bcb78065198408b6068fb114b361bd27-300x300.jpg",300,300,true],"woocommerce_single":["https:\/\/wisecnclaser.com\/wp-content\/uploads\/2025\/05\/bcb78065198408b6068fb114b361bd27-600x600.jpg",600,600,true],"woocommerce_gallery_thumbnail":["https:\/\/wisecnclaser.com\/wp-content\/uploads\/2025\/05\/bcb78065198408b6068fb114b361bd27-100x100.jpg",100,100,true]},"uagb_author_info":{"display_name":"jinxing6611@gmail.com","author_link":"https:\/\/wisecnclaser.com\/pl\/author\/"},"uagb_comment_info":0,"uagb_excerpt":"Application of cnc foam mold milling machine EPS, Polypropylene plastic foam material(EPP), mainly used for making FOAM EPC, wood mold, Foam models for various mechanical castings, such as ships, wind power, machine tools, injection molding machinery, printing machinery, etc. Industrial design of automobile, yacht, airplane, etc. Rotary molds, injection molds, GRG\/GRC exterior wall decorative materials&hellip;","_links":{"self":[{"href":"https:\/\/wisecnclaser.com\/pl\/wp-json\/wp\/v2\/product\/1208","targetHints":{"allow":["GET"]}}],"collection":[{"href":"https:\/\/wisecnclaser.com\/pl\/wp-json\/wp\/v2\/product"}],"about":[{"href":"https:\/\/wisecnclaser.com\/pl\/wp-json\/wp\/v2\/types\/product"}],"wp:featuredmedia":[{"embeddable":true,"href":"https:\/\/wisecnclaser.com\/pl\/wp-json\/wp\/v2\/media\/3460"}],"wp:attachment":[{"href":"https:\/\/wisecnclaser.com\/pl\/wp-json\/wp\/v2\/media?parent=1208"}],"wp:term":[{"taxonomy":"product_brand","embeddable":true,"href":"https:\/\/wisecnclaser.com\/pl\/wp-json\/wp\/v2\/product_brand?post=1208"},{"taxonomy":"product_cat","embeddable":true,"href":"https:\/\/wisecnclaser.com\/pl\/wp-json\/wp\/v2\/product_cat?post=1208"},{"taxonomy":"product_tag","embeddable":true,"href":"https:\/\/wisecnclaser.com\/pl\/wp-json\/wp\/v2\/product_tag?post=1208"}],"curies":[{"name":"wp","href":"https:\/\/api.w.org\/{rel}","templated":true}]}}