{"id":1209,"date":"2025-05-20T07:32:07","date_gmt":"2025-05-20T07:32:07","guid":{"rendered":"https:\/\/wisecnclaser.com\/product\/denim-blue-jeans\/"},"modified":"2025-05-23T02:49:05","modified_gmt":"2025-05-23T02:49:05","slug":"denim-blue-jeans","status":"publish","type":"product","link":"https:\/\/wisecnclaser.com\/pl\/produkt\/denim-blue-jeans\/","title":{"rendered":"4-osiowy ploter CNC do styropianu WS1525BT"},"content":{"rendered":"<p>1.<strong>Cechy frezarki cnc do styropianu<\/strong><\/p>\n<p>Wrzeciono mo\u017ce falowa\u0107 +\/- 90 stopni, mo\u017ce wykonywa\u0107 grawerowanie 2D na zakrzywionej powierzchni<\/p>\n<p><strong>2. zastosowanie piankowego routera cnc<\/strong><\/p>\n<p>Okr\u0105g\u0142a rura eps (grawerowanie dw\u00f3ch takich samych element\u00f3w i wklejanie ich w jedn\u0105 okr\u0105g\u0142\u0105 rur\u0119). Frezowanie zakrzywionych powierzchni Eps, grawerowanie p\u0142askich arkuszy pianki i grawerowanie drewna, perforowana p\u0142yta \/ p\u0142yta sitowa w przemy\u015ble wydobywczym<\/p>\n<p>&nbsp;<\/p>\n<table border=\"1\">\n<tbody>\n<tr class=\"firstRow\">\n<td valign=\"center\" width=\"205\"><strong>Pozycja<\/strong><\/td>\n<td valign=\"center\" width=\"331\"><strong>Dane<\/strong><\/td>\n<\/tr>\n<tr>\n<td valign=\"center\" width=\"205\">Model<\/td>\n<td valign=\"center\" width=\"331\">WS1525BT<\/td>\n<\/tr>\n<tr>\n<td valign=\"center\" width=\"205\">Rama maszyny<\/td>\n<td valign=\"center\" width=\"331\">Gruba spawana rura stalowa<\/td>\n<\/tr>\n<tr>\n<td valign=\"center\" width=\"205\">St\u00f3\u0142 maszynowy<\/td>\n<td valign=\"center\" width=\"331\">Tabela rowk\u00f3w teowych<\/td>\n<\/tr>\n<tr>\n<td valign=\"center\" width=\"205\">Rozmiar maszyny (mm)<\/td>\n<td valign=\"center\" width=\"331\">\u00a0 \u00a0 \u00a0 \u00a0 \u00a0 \u00a0 \u00a0 \u00a0 \u00a02500*1500*500\uff08L*W*H\uff09<\/td>\n<\/tr>\n<tr>\n<td valign=\"center\" width=\"205\">Rozmiar roboczy osi X \uff08\u339c\uff09<\/td>\n<td valign=\"center\" width=\"331\">\u00a0 \u00a0 \u00a0 \u00a0 \u00a0 \u00a0 \u00a0 1500 mm \uff084-osiowa szeroko\u015b\u0107 robocza wynosi<\/p>\n<p>1100 mm\uff09<\/td>\n<\/tr>\n<tr>\n<td valign=\"center\" width=\"205\">Rozmiar roboczy osi Y \uff08\u339c\uff09<\/td>\n<td valign=\"center\" width=\"331\">\u00a0 \u00a0 \u00a0 \u00a0 \u00a0 \u00a0 \u00a0 \u00a0 \u00a0 \u00a0 \u00a0 \u00a0 \u00a0 2500 mm<\/td>\n<\/tr>\n<tr>\n<td valign=\"center\" width=\"205\">Rozmiar roboczy osi Z \uff08\u339c\uff09<\/td>\n<td valign=\"center\" width=\"331\">\u00a0 \u00a0 \u00a0 \u00a0 \u00a0 \u00a0 \u00a0 \u00a0 \u00a0 \u00a0 \u00a0 \u00a0 \u00a0 400 mm<\/td>\n<\/tr>\n<tr>\n<td valign=\"center\" width=\"205\">Moc robocza<\/td>\n<td valign=\"center\" width=\"331\">\u00a0 \u00a0 \u00a0 \u00a0 \u00a0 \u00a0 \u00a0AC380V\/50HZ<\/td>\n<\/tr>\n<tr>\n<td valign=\"center\" width=\"205\">Moc wrzeciona<\/td>\n<td valign=\"center\" width=\"331\">\u00a0 \u00a0 \u00a0 \u00a0Wrzeciono ch\u0142odzone powietrzem HQD 6KW<\/td>\n<\/tr>\n<tr>\n<td valign=\"center\" width=\"205\">Pr\u0119dko\u015b\u0107 obrotowa wrzeciona<\/td>\n<td valign=\"center\" width=\"331\">\u00a0 \u00a0 \u00a0 \u00a0 \u00a0 \u00a0 0-18000 obr\/min<\/td>\n<\/tr>\n<tr>\n<td valign=\"center\" width=\"205\">Maksymalny rozmiar narz\u0119dzia<\/td>\n<td valign=\"center\" width=\"331\">\u00a0 \u00a0 \u00a0 \u00a0 \u00a0 \u00a0 \u00a0 \u00a0 \u03a620mm<\/td>\n<\/tr>\n<tr>\n<td valign=\"top\" width=\"205\">Falownik<\/td>\n<td valign=\"top\" width=\"331\">\u00a0 \u00a0 \u00a0 \u00a0 \u00a0 \u00a0 \u00a0 \u00a0 \u00a07,5 KW<\/td>\n<\/tr>\n<tr>\n<td valign=\"center\" width=\"205\">Transmisja<\/td>\n<td valign=\"center\" width=\"331\">\u00a0 \u00a0Z\u0119batka \u015brubowa XY, precyzyjna tajwa\u0144ska \u015bruba kulowa TBI na osi Z<\/td>\n<\/tr>\n<tr>\n<td valign=\"center\" width=\"205\">System sterowania<\/td>\n<td valign=\"center\" width=\"331\">\u00a0 \u00a0 \u00a0 W\u0142asny kontroler R&amp;D (z pokr\u0119t\u0142em i czujnikiem narz\u0119dzia)<\/td>\n<\/tr>\n<tr>\n<td valign=\"center\" width=\"205\">Silnik<\/td>\n<td valign=\"center\" width=\"331\">\u00a0 \u00a0 \u00a0 \u00a0 \u00a0 Serwomechanizm hybrydowy\/zamkni\u0119tej p\u0119tli<\/td>\n<\/tr>\n<tr>\n<td valign=\"center\" width=\"205\">System prowadzenia<\/td>\n<td valign=\"center\" width=\"331\">\u00a0 \u00a0 \u00a0 Szyna kwadratowa o rozmiarze 25<\/td>\n<\/tr>\n<tr>\n<td valign=\"center\" width=\"205\">Odpylacz<\/td>\n<td valign=\"center\" width=\"331\">Odpylacz z podw\u00f3jnym workiem o mocy 5,5 kW<\/td>\n<\/tr>\n<\/tbody>\n<\/table>","protected":false},"excerpt":{"rendered":"<p>1.<strong>Cechy frezarki cnc do styropianu<\/strong><\/p>\n<p>Wrzeciono mo\u017ce falowa\u0107 +\/- 90 stopni, mo\u017ce wykonywa\u0107 grawerowanie 2D na zakrzywionej powierzchni<\/p>\n<p><strong>2. zastosowanie piankowego routera cnc<\/strong><\/p>\n<p>Okr\u0105g\u0142a rura eps (grawerowanie dw\u00f3ch takich samych element\u00f3w i wklejanie ich w jedn\u0105 okr\u0105g\u0142\u0105 rur\u0119). Frezowanie zakrzywionych powierzchni Eps, grawerowanie p\u0142askich arkuszy pianki i grawerowanie drewna, perforowana p\u0142yta \/ p\u0142yta sitowa w przemy\u015ble wydobywczym<\/p>","protected":false},"featured_media":3458,"template":"","meta":{"_seopress_robots_primary_cat":"none","_seopress_titles_title":"","_seopress_titles_desc":"","_seopress_robots_index":"","_uag_custom_page_level_css":"","site-sidebar-layout":"default","site-content-layout":"default","ast-site-content-layout":"default","site-content-style":"default","site-sidebar-style":"default","ast-global-header-display":"","ast-banner-title-visibility":"","ast-main-header-display":"","ast-hfb-above-header-display":"","ast-hfb-below-header-display":"","ast-hfb-mobile-header-display":"","site-post-title":"","ast-breadcrumbs-content":"","ast-featured-img":"","footer-sml-layout":"","ast-disable-related-posts":"","theme-transparent-header-meta":"default","adv-header-id-meta":"","stick-header-meta":"default","header-above-stick-meta":"","header-main-stick-meta":"","header-below-stick-meta":"","astra-migrate-meta-layouts":"set","ast-page-background-enabled":"default","ast-page-background-meta":{"desktop":{"background-color":"","background-image":"","background-repeat":"repeat","background-position":"center center","background-size":"auto","background-attachment":"scroll","background-type":"","background-media":"","overlay-type":"","overlay-color":"","overlay-opacity":"","overlay-gradient":""},"tablet":{"background-color":"","background-image":"","background-repeat":"repeat","background-position":"center center","background-size":"auto","background-attachment":"scroll","background-type":"","background-media":"","overlay-type":"","overlay-color":"","overlay-opacity":"","overlay-gradient":""},"mobile":{"background-color":"","background-image":"","background-repeat":"repeat","background-position":"center center","background-size":"auto","background-attachment":"scroll","background-type":"","background-media":"","overlay-type":"","overlay-color":"","overlay-opacity":"","overlay-gradient":""}},"ast-content-background-meta":{"desktop":{"background-color":"var(--ast-global-color-5)","background-image":"","background-repeat":"repeat","background-position":"center center","background-size":"auto","background-attachment":"scroll","background-type":"","background-media":"","overlay-type":"","overlay-color":"","overlay-opacity":"","overlay-gradient":""},"tablet":{"background-color":"var(--ast-global-color-5)","background-image":"","background-repeat":"repeat","background-position":"center center","background-size":"auto","background-attachment":"scroll","background-type":"","background-media":"","overlay-type":"","overlay-color":"","overlay-opacity":"","overlay-gradient":""},"mobile":{"background-color":"var(--ast-global-color-5)","background-image":"","background-repeat":"repeat","background-position":"center center","background-size":"auto","background-attachment":"scroll","background-type":"","background-media":"","overlay-type":"","overlay-color":"","overlay-opacity":"","overlay-gradient":""}}},"product_brand":[],"product_cat":[43],"product_tag":[],"class_list":{"0":"post-1209","1":"product","2":"type-product","3":"status-publish","4":"has-post-thumbnail","6":"product_cat-foam","7":"desktop-align-left","8":"tablet-align-left","9":"mobile-align-left","10":"ast-product-gallery-layout-horizontal-slider","11":"ast-product-gallery-with-no-image","12":"ast-product-tabs-layout-horizontal","14":"first","15":"instock","16":"shipping-taxable","17":"purchasable","18":"product-type-simple"},"uagb_featured_image_src":{"full":["https:\/\/wisecnclaser.com\/wp-content\/uploads\/2025\/05\/5da0053c4858531c919e6c0e321444e7.png",800,800,false],"thumbnail":["https:\/\/wisecnclaser.com\/wp-content\/uploads\/2025\/05\/5da0053c4858531c919e6c0e321444e7-150x150.png",150,150,true],"medium":["https:\/\/wisecnclaser.com\/wp-content\/uploads\/2025\/05\/5da0053c4858531c919e6c0e321444e7-300x300.png",300,300,true],"medium_large":["https:\/\/wisecnclaser.com\/wp-content\/uploads\/2025\/05\/5da0053c4858531c919e6c0e321444e7-768x768.png",768,768,true],"large":["https:\/\/wisecnclaser.com\/wp-content\/uploads\/2025\/05\/5da0053c4858531c919e6c0e321444e7.png",800,800,false],"1536x1536":["https:\/\/wisecnclaser.com\/wp-content\/uploads\/2025\/05\/5da0053c4858531c919e6c0e321444e7.png",800,800,false],"2048x2048":["https:\/\/wisecnclaser.com\/wp-content\/uploads\/2025\/05\/5da0053c4858531c919e6c0e321444e7.png",800,800,false],"trp-custom-language-flag":["https:\/\/wisecnclaser.com\/wp-content\/uploads\/2025\/05\/5da0053c4858531c919e6c0e321444e7-12x12.png",12,12,true],"woocommerce_thumbnail":["https:\/\/wisecnclaser.com\/wp-content\/uploads\/2025\/05\/5da0053c4858531c919e6c0e321444e7-300x300.png",300,300,true],"woocommerce_single":["https:\/\/wisecnclaser.com\/wp-content\/uploads\/2025\/05\/5da0053c4858531c919e6c0e321444e7-600x600.png",600,600,true],"woocommerce_gallery_thumbnail":["https:\/\/wisecnclaser.com\/wp-content\/uploads\/2025\/05\/5da0053c4858531c919e6c0e321444e7-100x100.png",100,100,true]},"uagb_author_info":{"display_name":"jinxing6611@gmail.com","author_link":"https:\/\/wisecnclaser.com\/pl\/author\/"},"uagb_comment_info":0,"uagb_excerpt":"1.Feature of styrofoam cnc router Spindle can wave +\/- 90 degree, can do 2d engraving on curved surface 2.Application of foam cnc router Round eps pipe (engrave two same pieces, and paste them into one round pipe). Eps curved surface milling, flat foam sheet engraving and wood engraving milling,\u00a0perforated-plate\/sieve plate in mine industry","_links":{"self":[{"href":"https:\/\/wisecnclaser.com\/pl\/wp-json\/wp\/v2\/product\/1209","targetHints":{"allow":["GET"]}}],"collection":[{"href":"https:\/\/wisecnclaser.com\/pl\/wp-json\/wp\/v2\/product"}],"about":[{"href":"https:\/\/wisecnclaser.com\/pl\/wp-json\/wp\/v2\/types\/product"}],"wp:featuredmedia":[{"embeddable":true,"href":"https:\/\/wisecnclaser.com\/pl\/wp-json\/wp\/v2\/media\/3458"}],"wp:attachment":[{"href":"https:\/\/wisecnclaser.com\/pl\/wp-json\/wp\/v2\/media?parent=1209"}],"wp:term":[{"taxonomy":"product_brand","embeddable":true,"href":"https:\/\/wisecnclaser.com\/pl\/wp-json\/wp\/v2\/product_brand?post=1209"},{"taxonomy":"product_cat","embeddable":true,"href":"https:\/\/wisecnclaser.com\/pl\/wp-json\/wp\/v2\/product_cat?post=1209"},{"taxonomy":"product_tag","embeddable":true,"href":"https:\/\/wisecnclaser.com\/pl\/wp-json\/wp\/v2\/product_tag?post=1209"}],"curies":[{"name":"wp","href":"https:\/\/api.w.org\/{rel}","templated":true}]}}