{"id":1211,"date":"2025-05-20T07:32:07","date_gmt":"2025-05-20T07:32:07","guid":{"rendered":"https:\/\/wisecnclaser.com\/product\/dark-brown-jeans\/"},"modified":"2025-11-25T06:11:41","modified_gmt":"2025-11-25T06:11:41","slug":"hot-wire-foam-cutting-machine","status":"publish","type":"product","link":"https:\/\/wisecnclaser.com\/pl\/produkt\/hot-wire-foam-cutting-machine\/","title":{"rendered":"WS1330 Maszyna do ci\u0119cia pianki EPS gor\u0105cym drutem"},"content":{"rendered":"<p><strong>Cechy maszyny do ci\u0119cia pianki eps gor\u0105cym drutem:<\/strong><\/p>\n<p>1. Ta maszyna przyjmuje kwadratowe orbity, podw\u00f3jne rz\u0119dy i cztery kolumny blok\u00f3w kulkowych. Du\u017ca no\u015bno\u015b\u0107, p\u0142ynna praca, wysoka precyzja i d\u0142uga \u017cywotno\u015b\u0107. Importowana \u015bruba kulowa o wysokiej precyzji, dok\u0142adne ci\u0119cie.<\/p>\n<p>2. Ca\u0142a gruba kwadratowa konstrukcja rurowa i brak deformacji, konstrukcja stalowa i spawanie naukowe, og\u00f3lnie brak deformacji.<\/p>\n<p>3. Przyjmuje wysoce elastyczny, odporny na zginanie kabel. I importuj trwa\u0142e komponenty elektroniczne. Ca\u0142a konstrukcja elektroniczna maszyny spe\u0142nia europejsk\u0105 norm\u0119 CE Oddzielna skrzynka kontrolna z niezawodnym systemem ochrony bezpiecze\u0144stwa.<\/p>\n<p>4. \u0141atwy do opanowania system sterowania dsp<\/p>\n<p>5. potencja\u0142 silnika, osi\u0105gni\u0119cie sta\u0142ej pr\u0119dko\u015bci obr\u00f3bki, krzywe i liniowe synchroniczne, a krzywa jest bardziej doskona\u0142a.<\/p>\n<p>6. szybki silnik krokowy i nap\u0119dy, dzi\u0119ki czemu pozwala na sta\u0142\u0105 i stabiln\u0105 prac\u0119<\/p>\n<p><strong>Zastosowanie maszyny do ci\u0119cia pianki eps:<\/strong><\/p>\n<p>u\u017cywany do ci\u0119cia pianki EPS (polistyrenu ekspandowanego), mo\u017ce by\u0107 stosowany do kszta\u0142t\u00f3w architektonicznych, formowania koron, kolumn, makiet, kapilar, medalion\u00f3w. P\u0142yty warstwowe EPS i XPS do pokry\u0107 dachowych i konstrukcji. Opakowania i modelarze, nadz\u00f3r, UAV, RC, skrzyd\u0142a, rdzenie i p\u0142aty. Parki rozrywki. Lotnictwo i kosmonautyka, wydzia\u0142y architektury i mechaniki na uniwersytetach i uczelniach, znaki pomnikowe, znaki 3D, logo, litery, rekwizyty, prototypowanie, eksponaty muzealne, targi \u0141odzie, deski surfingowe, kajaki i deski do wios\u0142owania.<\/p>\n<p><strong>\u00a0Parametry techniczne maszyny do ci\u0119cia pianki na gor\u0105co WS1330:<\/strong><\/p>\n<table border=\"1\">\n<tbody>\n<tr class=\"firstRow\">\n<td colspan=\"2\" valign=\"center\" width=\"662\"><\/td>\n<\/tr>\n<tr>\n<td valign=\"top\" width=\"208\">Obszar ci\u0119cia<\/td>\n<td valign=\"top\" width=\"454\">D\u0142ugo\u015b\u0107 3000 mm*szeroko\u015b\u0107 1300 mm*wysoko\u015b\u0107 1300 mm<\/td>\n<\/tr>\n<tr>\n<td valign=\"top\" width=\"208\">Powierzchnia sto\u0142u<\/td>\n<td valign=\"top\" width=\"454\">St\u00f3\u0142 PVC<\/td>\n<\/tr>\n<tr>\n<td valign=\"top\" width=\"208\">Dok\u0142adno\u015b\u0107 pozycjonowania w ruchu<\/td>\n<td valign=\"top\" width=\"454\">\u00b10,03 mm<\/td>\n<\/tr>\n<tr>\n<td valign=\"top\" width=\"208\">Dok\u0142adno\u015b\u0107 pozycjonowania<\/td>\n<td valign=\"top\" width=\"454\">\u00b10,02 mm<\/td>\n<\/tr>\n<tr>\n<td valign=\"top\" width=\"208\">Robocza rozdzielczo\u015b\u0107 dpi<\/td>\n<td valign=\"top\" width=\"454\">\u00b10,04 mm<\/td>\n<\/tr>\n<tr>\n<td valign=\"top\" width=\"208\">Pr\u0119dko\u015b\u0107 obrotowa<\/td>\n<td valign=\"top\" width=\"454\">0-6000 mm\/min<\/td>\n<\/tr>\n<tr>\n<td valign=\"top\" width=\"208\">Struktura maszyny<\/td>\n<td valign=\"top\" width=\"454\">Gruba spawana stal<\/td>\n<\/tr>\n<tr>\n<td valign=\"top\" width=\"208\">Polecenie<\/td>\n<td valign=\"top\" width=\"454\">G-code*.u00*.mmg*.plt<\/td>\n<\/tr>\n<tr>\n<td valign=\"top\" width=\"208\">Napi\u0119cie robocze<\/td>\n<td valign=\"top\" width=\"454\">AC220V\/20HZ<\/td>\n<\/tr>\n<tr>\n<td valign=\"top\" width=\"208\">Waga z opakowaniem<\/td>\n<td valign=\"top\" width=\"454\">850KGS<\/td>\n<\/tr>\n<tr>\n<td valign=\"top\" width=\"208\">Rozmiar opakowania<\/td>\n<td valign=\"top\" width=\"454\">1.6*3.9*1.4M<\/td>\n<\/tr>\n<tr>\n<td valign=\"top\" width=\"208\">System kontroli<\/td>\n<td valign=\"top\" width=\"454\">Dsp offline lub Mach3<\/td>\n<\/tr>\n<tr>\n<td valign=\"top\" width=\"208\">Szyna prowadz\u0105ca<\/td>\n<td valign=\"top\" width=\"454\">Przewodnik po kwadratach<\/td>\n<\/tr>\n<tr>\n<td valign=\"top\" width=\"208\">Wilgotno\u015b\u0107<\/td>\n<td valign=\"top\" width=\"454\">10%-90% (bez kondensacji)<\/td>\n<\/tr>\n<tr>\n<td valign=\"top\" width=\"208\">Temperatura<\/td>\n<td valign=\"top\" width=\"454\">10-50\u2103<\/td>\n<\/tr>\n<tr>\n<td valign=\"top\" width=\"208\">Skrzynia bieg\u00f3w<\/td>\n<td valign=\"top\" width=\"454\">Ma\u0142a skrzynia bieg\u00f3w<\/td>\n<\/tr>\n<tr>\n<td valign=\"top\" width=\"208\">Transmisja<\/td>\n<td valign=\"top\" width=\"454\">\u015aruba kulowa<\/td>\n<\/tr>\n<tr>\n<td valign=\"top\" width=\"208\">Waga netto<\/td>\n<td valign=\"top\" width=\"454\">600KGS<\/td>\n<\/tr>\n<tr>\n<td valign=\"top\" width=\"208\">Regulator<\/td>\n<td valign=\"top\" width=\"454\">1000W<\/td>\n<\/tr>\n<tr>\n<td valign=\"top\" width=\"208\">Uwaga<\/td>\n<td valign=\"top\" width=\"454\">Ekonomiczny<\/td>\n<\/tr>\n<tr>\n<td valign=\"top\" width=\"208\">Ko\u0142o synchroniczne x,y<\/td>\n<td valign=\"top\" width=\"454\">5M,1:5<\/td>\n<\/tr>\n<tr>\n<td valign=\"top\" width=\"208\">Pasek synchroniczny<\/td>\n<td valign=\"top\" width=\"454\">5M-285<\/td>\n<\/tr>\n<tr>\n<td valign=\"top\" width=\"208\">Ko\u0142o synchroniczne Z<\/td>\n<td valign=\"top\" width=\"454\">Ko\u0142o 5M 20<\/td>\n<\/tr>\n<tr>\n<td valign=\"top\" width=\"208\">Ko\u0142o z\u0119bate<\/td>\n<td valign=\"top\" width=\"454\">YCAA670<\/td>\n<\/tr>\n<tr>\n<td valign=\"top\" width=\"208\">Wa\u0142ek z\u0119baty<\/td>\n<td valign=\"top\" width=\"454\">93<\/td>\n<\/tr>\n<tr>\n<td valign=\"top\" width=\"208\">Skrzynka kontrolna<\/td>\n<td valign=\"top\" width=\"454\">Oddzielnie<\/td>\n<\/tr>\n<tr>\n<td valign=\"top\" width=\"208\">Oprogramowanie<\/td>\n<td valign=\"top\" width=\"454\">CAXA CAD<\/td>\n<\/tr>\n<\/tbody>\n<\/table>\n<p><strong>Zalety maszyny do ci\u0119cia pianki gor\u0105cym drutem firmy jinan wise cnc laser machinery co., ltd.<\/strong><\/p>\n<p>1, System sterowania zosta\u0142 zbadany przez nasz\u0105 w\u0142asn\u0105 firm\u0119, nawet osoby bez wiedzy komputerowej lub do\u015bwiadczenia w rysowaniu CAD, po jednym lub dw\u00f3ch dniach szkolenia mog\u0105 obs\u0142ugiwa\u0107 samodzielnie.<br \/>\n2, Oprogramowanie do ci\u0119cia jest kompatybilne z rysunkami CAXA i AUTOCAD. Nie ma potrzeby rysowania i programowania. Po wprowadzeniu pliku maszyna mo\u017ce wygodnie zako\u0144czy\u0107 ci\u0119cie.<\/p>\n<p>3. system transmisji przyjmuje tajwa\u0144sk\u0105 \u015brub\u0119 kulow\u0105, podczas pracy z niskim poziomem ha\u0142asu i ma\u0142\u0105 szczelin\u0105. Znacznie lepiej ni\u017c inne firmy, kt\u00f3re u\u017cywaj\u0105 \u0142a\u0144cucha i z\u0119batki lub zwyk\u0142ej \u015bruby gwintowanej.<\/p>\n<p>4. urz\u0105dzenie przeciwpy\u0142owe i ca\u0142a maszyna przyjmuje du\u017ce urz\u0105dzenie frezuj\u0105ce cnc, bardzo ostro\u017cnie przetwarzaj szczeg\u00f3\u0142y maszyny.<\/p>\n<div class=\"ast-oembed-container\" style=\"height: 100%;\"><iframe title=\"3d maszyna do ci\u0119cia pianki gor\u0105cym drutem eps styropian pianka cnc przecinarka gor\u0105cego drutu jinan wise cnc #foamcutter\" width=\"500\" height=\"281\" src=\"https:\/\/www.youtube.com\/embed\/j0dbAMKw2Pw?feature=oembed\" frameborder=\"0\" allow=\"accelerometer; autoplay; clipboard-write; encrypted-media; gyroscope; picture-in-picture; web-share\" referrerpolicy=\"strict-origin-when-cross-origin\" allowfullscreen><\/iframe><\/div>\n<p>&nbsp;<\/p>","protected":false},"excerpt":{"rendered":"<p><strong>Cechy maszyny do ci\u0119cia pianki eps gor\u0105cym drutem:<\/strong><\/p>\n<p>1. Ta maszyna przyjmuje kwadratowe orbity, podw\u00f3jne rz\u0119dy i cztery kolumny blok\u00f3w kulkowych. Du\u017ca no\u015bno\u015b\u0107, p\u0142ynna praca, wysoka precyzja i d\u0142uga \u017cywotno\u015b\u0107. Importowana \u015bruba kulowa o wysokiej precyzji, dok\u0142adne ci\u0119cie.<\/p>\n<p>2. Ca\u0142a gruba kwadratowa konstrukcja rurowa i brak deformacji, konstrukcja stalowa i spawanie naukowe, og\u00f3lnie brak deformacji.<\/p>\n<p>3. Przyjmuje wysoce elastyczny, odporny na zginanie kabel. I importuj trwa\u0142e komponenty elektroniczne. Ca\u0142a konstrukcja elektroniczna maszyny spe\u0142nia europejsk\u0105 norm\u0119 CE Oddzielna skrzynka kontrolna z niezawodnym systemem ochrony bezpiecze\u0144stwa.<\/p>\n<p>4. \u0141atwy do opanowania system sterowania dsp<\/p>\n<p>5. potencja\u0142 silnika, osi\u0105gni\u0119cie sta\u0142ej pr\u0119dko\u015bci obr\u00f3bki, krzywe i liniowe synchroniczne, a krzywa jest bardziej doskona\u0142a.<\/p>\n<p>6. szybki silnik krokowy i nap\u0119dy, dzi\u0119ki czemu pozwala na sta\u0142\u0105 i stabiln\u0105 prac\u0119<\/p>","protected":false},"featured_media":3446,"template":"","meta":{"_seopress_robots_primary_cat":"none","_seopress_titles_title":"","_seopress_titles_desc":"","_seopress_robots_index":"","_uag_custom_page_level_css":"","site-sidebar-layout":"default","site-content-layout":"default","ast-site-content-layout":"default","site-content-style":"default","site-sidebar-style":"default","ast-global-header-display":"","ast-banner-title-visibility":"","ast-main-header-display":"","ast-hfb-above-header-display":"","ast-hfb-below-header-display":"","ast-hfb-mobile-header-display":"","site-post-title":"","ast-breadcrumbs-content":"","ast-featured-img":"","footer-sml-layout":"","ast-disable-related-posts":"","theme-transparent-header-meta":"default","adv-header-id-meta":"","stick-header-meta":"default","header-above-stick-meta":"","header-main-stick-meta":"","header-below-stick-meta":"","astra-migrate-meta-layouts":"set","ast-page-background-enabled":"default","ast-page-background-meta":{"desktop":{"background-color":"","background-image":"","background-repeat":"repeat","background-position":"center center","background-size":"auto","background-attachment":"scroll","background-type":"","background-media":"","overlay-type":"","overlay-color":"","overlay-opacity":"","overlay-gradient":""},"tablet":{"background-color":"","background-image":"","background-repeat":"repeat","background-position":"center center","background-size":"auto","background-attachment":"scroll","background-type":"","background-media":"","overlay-type":"","overlay-color":"","overlay-opacity":"","overlay-gradient":""},"mobile":{"background-color":"","background-image":"","background-repeat":"repeat","background-position":"center center","background-size":"auto","background-attachment":"scroll","background-type":"","background-media":"","overlay-type":"","overlay-color":"","overlay-opacity":"","overlay-gradient":""}},"ast-content-background-meta":{"desktop":{"background-color":"var(--ast-global-color-5)","background-image":"","background-repeat":"repeat","background-position":"center center","background-size":"auto","background-attachment":"scroll","background-type":"","background-media":"","overlay-type":"","overlay-color":"","overlay-opacity":"","overlay-gradient":""},"tablet":{"background-color":"var(--ast-global-color-5)","background-image":"","background-repeat":"repeat","background-position":"center center","background-size":"auto","background-attachment":"scroll","background-type":"","background-media":"","overlay-type":"","overlay-color":"","overlay-opacity":"","overlay-gradient":""},"mobile":{"background-color":"var(--ast-global-color-5)","background-image":"","background-repeat":"repeat","background-position":"center center","background-size":"auto","background-attachment":"scroll","background-type":"","background-media":"","overlay-type":"","overlay-color":"","overlay-opacity":"","overlay-gradient":""}}},"product_brand":[],"product_cat":[43],"product_tag":[86,108,109,110,112,107,106,88,111],"class_list":{"0":"post-1211","1":"product","2":"type-product","3":"status-publish","4":"has-post-thumbnail","6":"product_cat-foam","7":"product_tag-3d-foam-cutting-machine","8":"product_tag-4-axis-hot-wire-foam-cutting-machine","9":"product_tag-5-axis-hot-wire-foam-cutter","10":"product_tag-eps-foam-cutting-machine","11":"product_tag-foam-cnc-machine","12":"product_tag-foam-cutting-machine","13":"product_tag-hot-wire-foam-cutter","14":"product_tag-hot-wire-foam-cutting-machine","15":"product_tag-styrofoam-cutting-machine","16":"desktop-align-left","17":"tablet-align-left","18":"mobile-align-left","19":"ast-product-gallery-layout-horizontal-slider","20":"ast-product-tabs-layout-horizontal","22":"first","23":"instock","24":"featured","25":"shipping-taxable","26":"purchasable","27":"product-type-simple"},"uagb_featured_image_src":{"full":["https:\/\/wisecnclaser.com\/wp-content\/uploads\/2025\/05\/3c0c618f161a1f0348350334476b28a9.jpg",800,800,false],"thumbnail":["https:\/\/wisecnclaser.com\/wp-content\/uploads\/2025\/05\/3c0c618f161a1f0348350334476b28a9-150x150.jpg",150,150,true],"medium":["https:\/\/wisecnclaser.com\/wp-content\/uploads\/2025\/05\/3c0c618f161a1f0348350334476b28a9-300x300.jpg",300,300,true],"medium_large":["https:\/\/wisecnclaser.com\/wp-content\/uploads\/2025\/05\/3c0c618f161a1f0348350334476b28a9-768x768.jpg",768,768,true],"large":["https:\/\/wisecnclaser.com\/wp-content\/uploads\/2025\/05\/3c0c618f161a1f0348350334476b28a9.jpg",800,800,false],"1536x1536":["https:\/\/wisecnclaser.com\/wp-content\/uploads\/2025\/05\/3c0c618f161a1f0348350334476b28a9.jpg",800,800,false],"2048x2048":["https:\/\/wisecnclaser.com\/wp-content\/uploads\/2025\/05\/3c0c618f161a1f0348350334476b28a9.jpg",800,800,false],"trp-custom-language-flag":["https:\/\/wisecnclaser.com\/wp-content\/uploads\/2025\/05\/3c0c618f161a1f0348350334476b28a9-12x12.jpg",12,12,true],"woocommerce_thumbnail":["https:\/\/wisecnclaser.com\/wp-content\/uploads\/2025\/05\/3c0c618f161a1f0348350334476b28a9-300x300.jpg",300,300,true],"woocommerce_single":["https:\/\/wisecnclaser.com\/wp-content\/uploads\/2025\/05\/3c0c618f161a1f0348350334476b28a9-600x600.jpg",600,600,true],"woocommerce_gallery_thumbnail":["https:\/\/wisecnclaser.com\/wp-content\/uploads\/2025\/05\/3c0c618f161a1f0348350334476b28a9-100x100.jpg",100,100,true]},"uagb_author_info":{"display_name":"jinxing6611@gmail.com","author_link":"https:\/\/wisecnclaser.com\/pl\/author\/"},"uagb_comment_info":0,"uagb_excerpt":"Features of hot wire eps foam cutting machine: 1. This machine adopts square orbit, double rows and four columns ball blocks. Large\u00a0bearing capacity, running smoothly, high precision and long life. Imported high precision\u00a0Ball screw, cutting accurate. 2. Whole thick Square tube structure and not deformation, Steel structure and scientific\u00a0welding, not deformation overall. 3. Adopts highly&hellip;","_links":{"self":[{"href":"https:\/\/wisecnclaser.com\/pl\/wp-json\/wp\/v2\/product\/1211","targetHints":{"allow":["GET"]}}],"collection":[{"href":"https:\/\/wisecnclaser.com\/pl\/wp-json\/wp\/v2\/product"}],"about":[{"href":"https:\/\/wisecnclaser.com\/pl\/wp-json\/wp\/v2\/types\/product"}],"wp:featuredmedia":[{"embeddable":true,"href":"https:\/\/wisecnclaser.com\/pl\/wp-json\/wp\/v2\/media\/3446"}],"wp:attachment":[{"href":"https:\/\/wisecnclaser.com\/pl\/wp-json\/wp\/v2\/media?parent=1211"}],"wp:term":[{"taxonomy":"product_brand","embeddable":true,"href":"https:\/\/wisecnclaser.com\/pl\/wp-json\/wp\/v2\/product_brand?post=1211"},{"taxonomy":"product_cat","embeddable":true,"href":"https:\/\/wisecnclaser.com\/pl\/wp-json\/wp\/v2\/product_cat?post=1211"},{"taxonomy":"product_tag","embeddable":true,"href":"https:\/\/wisecnclaser.com\/pl\/wp-json\/wp\/v2\/product_tag?post=1211"}],"curies":[{"name":"wp","href":"https:\/\/api.w.org\/{rel}","templated":true}]}}