{"id":1212,"date":"2025-05-20T07:32:08","date_gmt":"2025-05-20T07:32:08","guid":{"rendered":"https:\/\/wisecnclaser.com\/product\/dnk-blue-sport-shoes-2\/"},"modified":"2026-01-07T01:51:49","modified_gmt":"2026-01-07T01:51:49","slug":"dnk-blue-sport-shoes-2","status":"publish","type":"product","link":"https:\/\/wisecnclaser.com\/pl\/produkt\/dnk-blue-sport-shoes-2\/","title":{"rendered":"WS2030 4-osiowa frezarka CNC do styropianu ATC"},"content":{"rendered":"<p><strong>CECHY FREZARKI CNC DO STYROPIANU<\/strong><\/p>\n<p>Przyj\u0119cie importowanej prowadnicy liniowej o du\u017cym przekroju, bezobs\u0142ugowe samosmarowanie przez ca\u0142e \u017cycie<\/p>\n<p>Dzi\u0119ki wrzecionu z automatyczn\u0105 wymian\u0105 narz\u0119dzi, maksymalna pr\u0119dko\u015b\u0107 wrzeciona osi\u0105ga 24000 obr.<\/p>\n<p>Ca\u0142y st\u00f3\u0142 warsztatowy EPC, po rygorystycznym wy\u017carzaniu i innych procesach obr\u00f3bki cieplnej, zapewnia stabilno\u015b\u0107 strukturaln\u0105 i sztywno\u015b\u0107 \u0142\u00f3\u017cka.<\/p>\n<p>Tajwa\u0144ski system SYNTEC, bezpieczna i niezawodna praca, wydajna pr\u0119dko\u015b\u0107 odczytu kodu oraz funkcja symulacji online, funkcja monitorowania online, aby zapewni\u0107 wydajne i bezpieczne przetwarzanie.<\/p>\n<p>&nbsp;<\/p>\n<p><strong>ZASTOSOWANIE 4-OSIOWEJ FREZARKI CNC DO STYROPIANU<\/strong><\/p>\n<p>Drewno, EPS, g\u0105bka, pianka polipropylenowa (EPP).<\/p>\n<p>Przemys\u0142 form: Graweruje wszelkiego rodzaju du\u017ce formy niemetalowe, zw\u0142aszcza samochodowe formy piankowe.<\/p>\n<p>Przemys\u0142 instrument\u00f3w muzycznych: Grawerowanie 3D du\u017cych instrument\u00f3w i kszta\u0142towanie.<\/p>\n<p>&nbsp;<\/p>\n<p>&nbsp;<\/p>\n<table border=\"1\">\n<tbody>\n<tr class=\"firstRow\">\n<td colspan=\"2\" valign=\"center\" width=\"662\"><strong>Parametr techniczny 4-osiowej frezarki CNC do styropianu ATC:<\/strong><\/td>\n<\/tr>\n<tr>\n<td valign=\"top\" width=\"201\">X Obszar roboczy<\/td>\n<td valign=\"top\" width=\"462\">2000 mm (3-osiowa szeroko\u015b\u0107 robocza), 1200 mm (4-osiowa szeroko\u015b\u0107 robocza wrzeciona falistego)<\/td>\n<\/tr>\n<tr>\n<td valign=\"top\" width=\"201\">Y Obszar roboczy<\/td>\n<td valign=\"top\" width=\"462\">3000 mm (d\u0142ugo\u015b\u0107 robocza 3 osi)<\/td>\n<\/tr>\n<tr>\n<td valign=\"top\" width=\"201\">Z Obszar roboczy<\/td>\n<td valign=\"top\" width=\"462\">1000 mm (wysoko\u015b\u0107 robocza)<\/td>\n<\/tr>\n<tr>\n<td valign=\"top\" width=\"201\">4-osiowy rozmiar obrotowy<\/td>\n<td valign=\"top\" width=\"462\">\u015arednica 600 mm * d\u0142ugo\u015b\u0107 2000 mm<\/td>\n<\/tr>\n<tr>\n<td valign=\"top\" width=\"201\">St\u00f3\u0142 maszynowy<\/td>\n<td valign=\"top\" width=\"462\">Gruby aluminiowy st\u00f3\u0142<\/td>\n<\/tr>\n<tr>\n<td valign=\"top\" width=\"201\">Dok\u0142adno\u015b\u0107 pozycjonowania<\/td>\n<td valign=\"top\" width=\"462\">\u00b10,05 mm<\/td>\n<\/tr>\n<tr>\n<td valign=\"top\" width=\"201\">Struktura X,Y,Z<\/td>\n<td valign=\"top\" width=\"462\">Ko\u0142o z\u0119bate XY, precyzyjna \u015bruba kulowa Z Tajwan. Wszystkie osie wykorzystuj\u0105 tajwa\u0144sk\u0105 prowadnic\u0119 kwadratow\u0105 o rozmiarze 30<\/td>\n<\/tr>\n<tr>\n<td valign=\"top\" width=\"201\">Cechy wrzeciona<\/td>\n<td valign=\"top\" width=\"462\">Praca w zakresie +\/-90 stopni<\/td>\n<\/tr>\n<tr>\n<td valign=\"top\" width=\"201\">Du\u017ca pr\u0119dko\u015b\u0107 podawania<\/td>\n<td valign=\"top\" width=\"462\">O\u015b X 12000 mm\/min O\u015b Y 12000 mm\/min O\u015b Z 6000 mm\/min<\/td>\n<\/tr>\n<tr>\n<td valign=\"top\" width=\"201\">Pr\u0119dko\u015b\u0107 podawania<\/td>\n<td valign=\"top\" width=\"462\">1-10000 mm\/min<\/td>\n<\/tr>\n<tr>\n<td valign=\"top\" width=\"201\">Wrzeciono<\/td>\n<td valign=\"top\" width=\"462\">Wrzeciono ATC HQD 9KW ch\u0142odzone powietrzem + funkcja obrotu, w razie potrzeby atc, zmieni si\u0119 na wrzeciono atc 9kw ch\u0142odzone powietrzem<\/td>\n<\/tr>\n<tr>\n<td valign=\"top\" width=\"201\">Pr\u0119dko\u015b\u0107 wrzeciona<\/td>\n<td valign=\"top\" width=\"462\">100-18000 obr.<\/td>\n<\/tr>\n<tr>\n<td valign=\"top\" width=\"201\">Silnik nap\u0119dowy<\/td>\n<td valign=\"top\" width=\"462\">Japo\u0144ska marka Yaskawa<\/td>\n<\/tr>\n<tr>\n<td valign=\"top\" width=\"201\">Polecenie<\/td>\n<td valign=\"top\" width=\"462\">G-code*.u00*.mmg*.plt<\/td>\n<\/tr>\n<tr>\n<td valign=\"top\" width=\"201\">Napi\u0119cie robocze<\/td>\n<td valign=\"top\" width=\"462\">3PH AC380V\/50Hz<\/td>\n<\/tr>\n<tr>\n<td valign=\"top\" width=\"201\">System kontroli<\/td>\n<td valign=\"top\" width=\"462\">Tajwan Kontroler Syntec 4 osie<\/td>\n<\/tr>\n<tr>\n<td valign=\"top\" width=\"201\">Szyna prowadz\u0105ca<\/td>\n<td valign=\"top\" width=\"462\">Szyna kwadratowa w rozmiarze Tajwan 30<\/td>\n<\/tr>\n<tr>\n<td valign=\"top\" width=\"201\">Automatyczna zmieniarka narz\u0119dzi<\/td>\n<td valign=\"top\" width=\"462\">12 narz\u0119dzi w linii<\/td>\n<\/tr>\n<tr>\n<td valign=\"top\" width=\"201\">Falownik<\/td>\n<td valign=\"top\" width=\"462\">Chi\u0144ska marka 11KW<\/td>\n<\/tr>\n<tr>\n<td valign=\"top\" width=\"201\">Ko\u0142o z\u0119bate<\/td>\n<td valign=\"top\" width=\"462\">Precyzyjna z\u0119batka,<\/td>\n<\/tr>\n<tr>\n<td valign=\"top\" width=\"201\">Rama maszyny<\/td>\n<td valign=\"top\" width=\"462\">Gruba stalowa rama<\/td>\n<\/tr>\n<tr>\n<td valign=\"top\" width=\"201\">Oprogramowanie<\/td>\n<td valign=\"top\" width=\"462\">Powermill<\/td>\n<\/tr>\n<\/tbody>\n<\/table>\n<div class=\"ast-oembed-container\" style=\"height: 100%;\"><iframe title=\"ATC 4-osiowa frezarka cnc do pianki frezarka cnc do styropianu #foamcncrouter #4axiscncrouter\" width=\"500\" height=\"281\" src=\"https:\/\/www.youtube.com\/embed\/xBzPLgT1edg?feature=oembed\" frameborder=\"0\" allow=\"accelerometer; autoplay; clipboard-write; encrypted-media; gyroscope; picture-in-picture; web-share\" referrerpolicy=\"strict-origin-when-cross-origin\" allowfullscreen><\/iframe><\/div>","protected":false},"excerpt":{"rendered":"<p><strong>CECHY FREZARKI CNC DO STYROPIANU<\/strong><\/p>\n<p>Przyj\u0119cie importowanej prowadnicy liniowej o du\u017cym przekroju, bezobs\u0142ugowe samosmarowanie przez ca\u0142e \u017cycie<\/p>\n<p>Dzi\u0119ki wrzecionu z automatyczn\u0105 wymian\u0105 narz\u0119dzi, maksymalna pr\u0119dko\u015b\u0107 wrzeciona osi\u0105ga 24000 obr.<\/p>\n<p>Ca\u0142y st\u00f3\u0142 warsztatowy EPC, po rygorystycznym wy\u017carzaniu i innych procesach obr\u00f3bki cieplnej, zapewnia stabilno\u015b\u0107 strukturaln\u0105 i sztywno\u015b\u0107 \u0142\u00f3\u017cka.<\/p>\n<p>Tajwa\u0144ski system SYNTEC, bezpieczna i niezawodna praca, wydajna pr\u0119dko\u015b\u0107 odczytu kodu oraz funkcja symulacji online, funkcja monitorowania online, aby zapewni\u0107 wydajne i bezpieczne przetwarzanie.<\/p>\n<p>&nbsp;<\/p>","protected":false},"featured_media":3464,"template":"","meta":{"_seopress_robots_primary_cat":"none","_seopress_titles_title":"","_seopress_titles_desc":"","_seopress_robots_index":"","_uag_custom_page_level_css":"","site-sidebar-layout":"default","site-content-layout":"default","ast-site-content-layout":"default","site-content-style":"default","site-sidebar-style":"default","ast-global-header-display":"","ast-banner-title-visibility":"","ast-main-header-display":"","ast-hfb-above-header-display":"","ast-hfb-below-header-display":"","ast-hfb-mobile-header-display":"","site-post-title":"","ast-breadcrumbs-content":"","ast-featured-img":"","footer-sml-layout":"","ast-disable-related-posts":"","theme-transparent-header-meta":"default","adv-header-id-meta":"","stick-header-meta":"default","header-above-stick-meta":"","header-main-stick-meta":"","header-below-stick-meta":"","astra-migrate-meta-layouts":"set","ast-page-background-enabled":"default","ast-page-background-meta":{"desktop":{"background-color":"","background-image":"","background-repeat":"repeat","background-position":"center center","background-size":"auto","background-attachment":"scroll","background-type":"","background-media":"","overlay-type":"","overlay-color":"","overlay-opacity":"","overlay-gradient":""},"tablet":{"background-color":"","background-image":"","background-repeat":"repeat","background-position":"center center","background-size":"auto","background-attachment":"scroll","background-type":"","background-media":"","overlay-type":"","overlay-color":"","overlay-opacity":"","overlay-gradient":""},"mobile":{"background-color":"","background-image":"","background-repeat":"repeat","background-position":"center center","background-size":"auto","background-attachment":"scroll","background-type":"","background-media":"","overlay-type":"","overlay-color":"","overlay-opacity":"","overlay-gradient":""}},"ast-content-background-meta":{"desktop":{"background-color":"var(--ast-global-color-5)","background-image":"","background-repeat":"repeat","background-position":"center center","background-size":"auto","background-attachment":"scroll","background-type":"","background-media":"","overlay-type":"","overlay-color":"","overlay-opacity":"","overlay-gradient":""},"tablet":{"background-color":"var(--ast-global-color-5)","background-image":"","background-repeat":"repeat","background-position":"center center","background-size":"auto","background-attachment":"scroll","background-type":"","background-media":"","overlay-type":"","overlay-color":"","overlay-opacity":"","overlay-gradient":""},"mobile":{"background-color":"var(--ast-global-color-5)","background-image":"","background-repeat":"repeat","background-position":"center center","background-size":"auto","background-attachment":"scroll","background-type":"","background-media":"","overlay-type":"","overlay-color":"","overlay-opacity":"","overlay-gradient":""}}},"product_brand":[],"product_cat":[43],"product_tag":[227,226,225,228],"class_list":{"0":"post-1212","1":"product","2":"type-product","3":"status-publish","4":"has-post-thumbnail","6":"product_cat-foam","7":"product_tag-4-axis-foam-machine","8":"product_tag-atc-foam-cnc-machine","9":"product_tag-atc-styrofoam-cnc-router","10":"product_tag-styrofoam-machine","11":"desktop-align-left","12":"tablet-align-left","13":"mobile-align-left","14":"ast-product-gallery-layout-horizontal-slider","15":"ast-product-gallery-with-no-image","16":"ast-product-tabs-layout-horizontal","18":"first","19":"instock","20":"sale","21":"featured","22":"shipping-taxable","23":"purchasable","24":"product-type-simple"},"uagb_featured_image_src":{"full":["https:\/\/wisecnclaser.com\/wp-content\/uploads\/2025\/05\/6b5e4dc8780330699468f139bc5e6a1d.jpg",800,800,false],"thumbnail":["https:\/\/wisecnclaser.com\/wp-content\/uploads\/2025\/05\/6b5e4dc8780330699468f139bc5e6a1d-150x150.jpg",150,150,true],"medium":["https:\/\/wisecnclaser.com\/wp-content\/uploads\/2025\/05\/6b5e4dc8780330699468f139bc5e6a1d-300x300.jpg",300,300,true],"medium_large":["https:\/\/wisecnclaser.com\/wp-content\/uploads\/2025\/05\/6b5e4dc8780330699468f139bc5e6a1d-768x768.jpg",768,768,true],"large":["https:\/\/wisecnclaser.com\/wp-content\/uploads\/2025\/05\/6b5e4dc8780330699468f139bc5e6a1d.jpg",800,800,false],"1536x1536":["https:\/\/wisecnclaser.com\/wp-content\/uploads\/2025\/05\/6b5e4dc8780330699468f139bc5e6a1d.jpg",800,800,false],"2048x2048":["https:\/\/wisecnclaser.com\/wp-content\/uploads\/2025\/05\/6b5e4dc8780330699468f139bc5e6a1d.jpg",800,800,false],"trp-custom-language-flag":["https:\/\/wisecnclaser.com\/wp-content\/uploads\/2025\/05\/6b5e4dc8780330699468f139bc5e6a1d-12x12.jpg",12,12,true],"woocommerce_thumbnail":["https:\/\/wisecnclaser.com\/wp-content\/uploads\/2025\/05\/6b5e4dc8780330699468f139bc5e6a1d-300x300.jpg",300,300,true],"woocommerce_single":["https:\/\/wisecnclaser.com\/wp-content\/uploads\/2025\/05\/6b5e4dc8780330699468f139bc5e6a1d-600x600.jpg",600,600,true],"woocommerce_gallery_thumbnail":["https:\/\/wisecnclaser.com\/wp-content\/uploads\/2025\/05\/6b5e4dc8780330699468f139bc5e6a1d-100x100.jpg",100,100,true]},"uagb_author_info":{"display_name":"jinxing6611@gmail.com","author_link":"https:\/\/wisecnclaser.com\/pl\/author\/"},"uagb_comment_info":0,"uagb_excerpt":"FEATURES OF STYROFOAM CNC MILLING MACHINE Adopt large cross-section imported linear guide, lifelong maintenance-free self-lubrication With automatic tools changing spindle, the maximum speed of spindle reaches 24000 RPM. The whole EPC workbench, after strict annealing and other heat treatment processes, ensures the structural stability and rigidity of the bed. Taiwan SYNTEC system, safe and reliable&hellip;","_links":{"self":[{"href":"https:\/\/wisecnclaser.com\/pl\/wp-json\/wp\/v2\/product\/1212","targetHints":{"allow":["GET"]}}],"collection":[{"href":"https:\/\/wisecnclaser.com\/pl\/wp-json\/wp\/v2\/product"}],"about":[{"href":"https:\/\/wisecnclaser.com\/pl\/wp-json\/wp\/v2\/types\/product"}],"wp:featuredmedia":[{"embeddable":true,"href":"https:\/\/wisecnclaser.com\/pl\/wp-json\/wp\/v2\/media\/3464"}],"wp:attachment":[{"href":"https:\/\/wisecnclaser.com\/pl\/wp-json\/wp\/v2\/media?parent=1212"}],"wp:term":[{"taxonomy":"product_brand","embeddable":true,"href":"https:\/\/wisecnclaser.com\/pl\/wp-json\/wp\/v2\/product_brand?post=1212"},{"taxonomy":"product_cat","embeddable":true,"href":"https:\/\/wisecnclaser.com\/pl\/wp-json\/wp\/v2\/product_cat?post=1212"},{"taxonomy":"product_tag","embeddable":true,"href":"https:\/\/wisecnclaser.com\/pl\/wp-json\/wp\/v2\/product_tag?post=1212"}],"curies":[{"name":"wp","href":"https:\/\/api.w.org\/{rel}","templated":true}]}}