{"id":1213,"date":"2025-05-20T07:32:08","date_gmt":"2025-05-20T07:32:08","guid":{"rendered":"https:\/\/wisecnclaser.com\/product\/dnk-black-sports-shoes\/"},"modified":"2026-01-08T03:00:41","modified_gmt":"2026-01-08T03:00:41","slug":"dnk-black-sports-shoes","status":"publish","type":"product","link":"https:\/\/wisecnclaser.com\/pl\/produkt\/dnk-black-sports-shoes\/","title":{"rendered":"WS2030 Frezarka CNC do form do drewna"},"content":{"rendered":"<p><strong>Zastosowanie maszyny do ci\u0119cia form drewnianych cnc<\/strong><\/p>\n<p>Drewno, EPS, tworzywo piankowe z polipropylenu (EPP).<\/p>\n<p>Przemys\u0142 form: Graweruje wszelkiego rodzaju du\u017ce niemetaliczne formy, zw\u0142aszcza samochodowe formy piankowe, drewniane formy do statk\u00f3w, lotnicze i kolejowe formy drewniane. Odlewanie modeli drewnianych do r\u00f3\u017cnych odlew\u00f3w mechanicznych, takich jak statki, energia wiatrowa, obrabiarki, maszyny do formowania wtryskowego, maszyny drukarskie itp. Wzornictwo przemys\u0142owe samochod\u00f3w, jacht\u00f3w, samolot\u00f3w itp. Formy obrotowe, formy wtryskowe, obr\u00f3bka materia\u0142\u00f3w dekoracyjnych \u015bcian zewn\u0119trznych GRG \/ GRC itp. Przemys\u0142 instrument\u00f3w muzycznych: Grawerowanie 3D du\u017cych instrument\u00f3w i kszta\u0142towanie.<\/p>\n<p><strong>Cechy maszyny do produkcji form drewnianych cnc:<\/strong><\/p>\n<p>1, ca\u0142a maszyna przyjmuje proces monta\u017cu kwadratowego, dok\u0142adno\u015b\u0107 mechaniczna jest okre\u015blana przez pierwszy monta\u017c, a monta\u017c wt\u00f3rny wchodzi w proces kontroli jako\u015bci. Ca\u0142e \u0142\u00f3\u017cko jest poddawane starzeniu, a wszystkie odlewane cz\u0119\u015bci \u017celiwne s\u0105 hartowane i wzmacniane.<\/p>\n<p>2, Ca\u0142a maszyna jest instalowana i regulowana za pomoc\u0105 miernika percentyla, aby zapewni\u0107 dok\u0142adno\u015b\u0107 pozycjonowania wt\u00f3rnego zar\u00f3wno w przetwarzaniu dodatnim, jak i ujemnym.<\/p>\n<p>3, Tajwa\u0144ska precyzyjna kwadratowa szyna prowadz\u0105ca ma wysok\u0105 dok\u0142adno\u015b\u0107, d\u0142ug\u0105 \u017cywotno\u015b\u0107, du\u017c\u0105 powierzchni\u0119 styku i du\u017c\u0105 no\u015bno\u015b\u0107. Technologia szyny pionowej mo\u017ce zapewni\u0107 lepsz\u0105 stabilno\u015b\u0107 pracy.<\/p>\n<p>4, wa\u017cne komponenty elektryczne w szafie sterowniczej s\u0105 dobrze znanymi markami, kt\u00f3re maj\u0105 du\u017c\u0105 odporno\u015b\u0107 na uderzenia, przeciwzak\u0142\u00f3ceniowe, odporne na wilgo\u0107 i stabilno\u015b\u0107, zapewniaj\u0105 stabilne przetwarzanie i dzia\u0142anie sprz\u0119tu przez d\u0142ugi czas.<\/p>\n<p>5, Ca\u0142y st\u00f3\u0142 roboczy do odlewania EPC, po \u015bcis\u0142ym wy\u017carzaniu i innym procesie obr\u00f3bki cieplnej, zapewnia stabilno\u015b\u0107 strukturaln\u0105 i sztywno\u015b\u0107 \u0142\u00f3\u017cka.<\/p>\n<p>6, tajwa\u0144ski system Syntec, bezpieczna i niezawodna praca, wysoka wydajno\u015b\u0107 odczytu kodu i funkcja symulacji online, funkcja monitorowania online, aby zapewni\u0107 wydajno\u015b\u0107 i bezpieczne przetwarzanie.<\/p>\n<table border=\"1\" width=\"662\">\n<tbody>\n<tr class=\"firstRow\">\n<td colspan=\"2\" valign=\"center\" width=\"662\"><strong>Opis i specyfikacja maszyny do ci\u0119cia pianki cnc do drewna:<\/strong><\/td>\n<\/tr>\n<tr>\n<td valign=\"top\" width=\"238\">X Obszar roboczy<\/td>\n<td valign=\"top\" width=\"424\">2000 mm<\/td>\n<\/tr>\n<tr>\n<td valign=\"top\" width=\"238\">Y Obszar roboczy<\/td>\n<td valign=\"top\" width=\"424\">3000 mm<\/td>\n<\/tr>\n<tr>\n<td valign=\"top\" width=\"238\">Z Obszar roboczy<\/td>\n<td valign=\"top\" width=\"424\">600 mm<\/td>\n<\/tr>\n<tr>\n<td valign=\"top\" width=\"238\">Rama maszyny<\/td>\n<td valign=\"top\" width=\"424\">Wytrzyma\u0142e odlewy \u017celiwne<\/td>\n<\/tr>\n<tr>\n<td valign=\"top\" width=\"238\">St\u00f3\u0142 maszynowy<\/td>\n<td valign=\"top\" width=\"424\">Wytrzyma\u0142y st\u00f3\u0142 z odlewu \u017celiwnego<\/td>\n<\/tr>\n<tr>\n<td valign=\"top\" width=\"238\">Dok\u0142adno\u015b\u0107 pozycjonowania<\/td>\n<td valign=\"top\" width=\"424\">\u00b10,05 mm<\/td>\n<\/tr>\n<tr>\n<td valign=\"top\" width=\"238\">Struktura X,Y,Z<\/td>\n<td valign=\"top\" width=\"424\">Ko\u0142o z\u0119bate XY, precyzyjna \u015bruba kulowa Z Tajwan. Wszystkie osie wykorzystuj\u0105 tajwa\u0144sk\u0105 prowadnic\u0119 kwadratow\u0105 o rozmiarze 30<\/td>\n<\/tr>\n<tr>\n<td valign=\"top\" width=\"238\">Du\u017ca pr\u0119dko\u015b\u0107 podawania<\/td>\n<td valign=\"top\" width=\"424\">O\u015b X 12000 mm\/min O\u015b Y 12000 mm\/min O\u015b Z 6000 mm\/min<\/td>\n<\/tr>\n<tr>\n<td valign=\"top\" width=\"238\">Pr\u0119dko\u015b\u0107 podawania<\/td>\n<td valign=\"top\" width=\"424\">1-10000 mm\/min<\/td>\n<\/tr>\n<tr>\n<td valign=\"top\" width=\"238\">Wrzeciono<\/td>\n<td valign=\"top\" width=\"424\">Wrzeciono ch\u0142odzone wod\u0105 o mocy 7,5 kW<\/td>\n<\/tr>\n<tr>\n<td valign=\"top\" width=\"238\">Pr\u0119dko\u015b\u0107 wrzeciona<\/td>\n<td valign=\"top\" width=\"424\">100-24000 obr.<\/td>\n<\/tr>\n<tr>\n<td valign=\"top\" width=\"238\">Silnik nap\u0119dowy<\/td>\n<td valign=\"top\" width=\"424\">Japo\u0144ski system serwo Yaskawa<\/td>\n<\/tr>\n<tr>\n<td valign=\"top\" width=\"238\">System kontroli<\/td>\n<td valign=\"top\" width=\"424\">Tajwa\u0144ski system sterowania Syntec<\/td>\n<\/tr>\n<tr>\n<td valign=\"top\" width=\"238\">Szyna prowadz\u0105ca<\/td>\n<td valign=\"top\" width=\"424\">Szyna kwadratowa w rozmiarze Tajwan 30<\/td>\n<\/tr>\n<tr>\n<td valign=\"top\" width=\"238\">Dpi<\/td>\n<td valign=\"top\" width=\"424\">+\/-0.004<\/td>\n<\/tr>\n<tr>\n<td valign=\"top\" width=\"238\">Falownik<\/td>\n<td valign=\"top\" width=\"424\">Tajwa\u0144ska marka Delta 7,5 kW<\/td>\n<\/tr>\n<tr>\n<td valign=\"top\" width=\"238\">Ko\u0142o z\u0119bate<\/td>\n<td valign=\"top\" width=\"424\">Precyzyjna z\u0119batka,<\/td>\n<\/tr>\n<tr>\n<td valign=\"top\" width=\"238\">Rama maszyny<\/td>\n<td valign=\"top\" width=\"424\">Gruba stalowa rama<\/td>\n<\/tr>\n<tr>\n<td valign=\"top\" width=\"238\">Oprogramowanie<\/td>\n<td valign=\"top\" width=\"424\">Type3\/Ucancam\/Artcam<\/td>\n<\/tr>\n<tr>\n<td valign=\"top\" width=\"238\">Polecenie<\/td>\n<td valign=\"top\" width=\"424\">G-code*.u00*.mmg*.plt<\/td>\n<\/tr>\n<tr>\n<td valign=\"top\" width=\"238\">Napi\u0119cie robocze<\/td>\n<td valign=\"top\" width=\"424\">3PH AC380V\/50Hz<\/td>\n<\/tr>\n<\/tbody>\n<\/table>\n<p>&nbsp;<\/p>\n<div class=\"ast-oembed-container\" style=\"height: 100%;\"><iframe title=\"Frezarka cnc do form drewnianych, frezarka cnc do rze\u017abienia w drewnie, frezarka cnc do drewna\" width=\"422\" height=\"750\" src=\"https:\/\/www.youtube.com\/embed\/j8cpza-D4k4?feature=oembed\" frameborder=\"0\" allow=\"accelerometer; autoplay; clipboard-write; encrypted-media; gyroscope; picture-in-picture; web-share\" referrerpolicy=\"strict-origin-when-cross-origin\" allowfullscreen><\/iframe><\/div>","protected":false},"excerpt":{"rendered":"<p><strong>Zastosowanie maszyny do ci\u0119cia form drewnianych cnc<\/strong><\/p>\n<p>Drewno, EPS, tworzywo piankowe z polipropylenu (EPP).<\/p>\n<p>Przemys\u0142 form: Graweruje wszelkiego rodzaju du\u017ce niemetaliczne formy, zw\u0142aszcza samochodowe formy piankowe, drewniane formy do statk\u00f3w, lotnicze i kolejowe formy drewniane. Odlewanie modeli drewnianych do r\u00f3\u017cnych odlew\u00f3w mechanicznych, takich jak statki, energia wiatrowa, obrabiarki, maszyny do formowania wtryskowego, maszyny drukarskie itp. Wzornictwo przemys\u0142owe samochod\u00f3w, jacht\u00f3w, samolot\u00f3w itp. Formy obrotowe, formy wtryskowe, obr\u00f3bka materia\u0142\u00f3w dekoracyjnych \u015bcian zewn\u0119trznych GRG \/ GRC itp. Przemys\u0142 instrument\u00f3w muzycznych: Grawerowanie 3D du\u017cych instrument\u00f3w i kszta\u0142towanie.<\/p>","protected":false},"featured_media":3467,"template":"","meta":{"_seopress_robots_primary_cat":"none","_seopress_titles_title":"","_seopress_titles_desc":"","_seopress_robots_index":"","_uag_custom_page_level_css":"","site-sidebar-layout":"default","site-content-layout":"default","ast-site-content-layout":"default","site-content-style":"default","site-sidebar-style":"default","ast-global-header-display":"","ast-banner-title-visibility":"","ast-main-header-display":"","ast-hfb-above-header-display":"","ast-hfb-below-header-display":"","ast-hfb-mobile-header-display":"","site-post-title":"","ast-breadcrumbs-content":"","ast-featured-img":"","footer-sml-layout":"","ast-disable-related-posts":"","theme-transparent-header-meta":"default","adv-header-id-meta":"","stick-header-meta":"default","header-above-stick-meta":"","header-main-stick-meta":"","header-below-stick-meta":"","astra-migrate-meta-layouts":"set","ast-page-background-enabled":"default","ast-page-background-meta":{"desktop":{"background-color":"","background-image":"","background-repeat":"repeat","background-position":"center center","background-size":"auto","background-attachment":"scroll","background-type":"","background-media":"","overlay-type":"","overlay-color":"","overlay-opacity":"","overlay-gradient":""},"tablet":{"background-color":"","background-image":"","background-repeat":"repeat","background-position":"center center","background-size":"auto","background-attachment":"scroll","background-type":"","background-media":"","overlay-type":"","overlay-color":"","overlay-opacity":"","overlay-gradient":""},"mobile":{"background-color":"","background-image":"","background-repeat":"repeat","background-position":"center center","background-size":"auto","background-attachment":"scroll","background-type":"","background-media":"","overlay-type":"","overlay-color":"","overlay-opacity":"","overlay-gradient":""}},"ast-content-background-meta":{"desktop":{"background-color":"var(--ast-global-color-5)","background-image":"","background-repeat":"repeat","background-position":"center center","background-size":"auto","background-attachment":"scroll","background-type":"","background-media":"","overlay-type":"","overlay-color":"","overlay-opacity":"","overlay-gradient":""},"tablet":{"background-color":"var(--ast-global-color-5)","background-image":"","background-repeat":"repeat","background-position":"center center","background-size":"auto","background-attachment":"scroll","background-type":"","background-media":"","overlay-type":"","overlay-color":"","overlay-opacity":"","overlay-gradient":""},"mobile":{"background-color":"var(--ast-global-color-5)","background-image":"","background-repeat":"repeat","background-position":"center center","background-size":"auto","background-attachment":"scroll","background-type":"","background-media":"","overlay-type":"","overlay-color":"","overlay-opacity":"","overlay-gradient":""}}},"product_brand":[],"product_cat":[43],"product_tag":[],"class_list":{"0":"post-1213","1":"product","2":"type-product","3":"status-publish","4":"has-post-thumbnail","6":"product_cat-foam","7":"desktop-align-left","8":"tablet-align-left","9":"mobile-align-left","10":"ast-product-gallery-layout-horizontal-slider","11":"ast-product-gallery-with-no-image","12":"ast-product-tabs-layout-horizontal","14":"first","15":"instock","16":"shipping-taxable","17":"purchasable","18":"product-type-simple"},"uagb_featured_image_src":{"full":["https:\/\/wisecnclaser.com\/wp-content\/uploads\/2025\/05\/a00bfa62e4bc448083076bd356d2e8a6.jpg",800,800,false],"thumbnail":["https:\/\/wisecnclaser.com\/wp-content\/uploads\/2025\/05\/a00bfa62e4bc448083076bd356d2e8a6-150x150.jpg",150,150,true],"medium":["https:\/\/wisecnclaser.com\/wp-content\/uploads\/2025\/05\/a00bfa62e4bc448083076bd356d2e8a6-300x300.jpg",300,300,true],"medium_large":["https:\/\/wisecnclaser.com\/wp-content\/uploads\/2025\/05\/a00bfa62e4bc448083076bd356d2e8a6-768x768.jpg",768,768,true],"large":["https:\/\/wisecnclaser.com\/wp-content\/uploads\/2025\/05\/a00bfa62e4bc448083076bd356d2e8a6.jpg",800,800,false],"1536x1536":["https:\/\/wisecnclaser.com\/wp-content\/uploads\/2025\/05\/a00bfa62e4bc448083076bd356d2e8a6.jpg",800,800,false],"2048x2048":["https:\/\/wisecnclaser.com\/wp-content\/uploads\/2025\/05\/a00bfa62e4bc448083076bd356d2e8a6.jpg",800,800,false],"trp-custom-language-flag":["https:\/\/wisecnclaser.com\/wp-content\/uploads\/2025\/05\/a00bfa62e4bc448083076bd356d2e8a6-12x12.jpg",12,12,true],"woocommerce_thumbnail":["https:\/\/wisecnclaser.com\/wp-content\/uploads\/2025\/05\/a00bfa62e4bc448083076bd356d2e8a6-300x300.jpg",300,300,true],"woocommerce_single":["https:\/\/wisecnclaser.com\/wp-content\/uploads\/2025\/05\/a00bfa62e4bc448083076bd356d2e8a6-600x600.jpg",600,600,true],"woocommerce_gallery_thumbnail":["https:\/\/wisecnclaser.com\/wp-content\/uploads\/2025\/05\/a00bfa62e4bc448083076bd356d2e8a6-100x100.jpg",100,100,true]},"uagb_author_info":{"display_name":"jinxing6611@gmail.com","author_link":"https:\/\/wisecnclaser.com\/pl\/author\/"},"uagb_comment_info":0,"uagb_excerpt":"Application of cnc wood mold pattern cutting machine Wood, EPS, Polypropylene plastic foam material (EPP). Molds industry: It engraves all kinds of large nonmetallic molds, especially automotive foam molds, wooden ships molds, aviation and train wood molds.\u00a0Casting wood models for various mechanical castings, such as ships, wind power, machine tools, injection molding machinery, printing machinery,&hellip;","_links":{"self":[{"href":"https:\/\/wisecnclaser.com\/pl\/wp-json\/wp\/v2\/product\/1213","targetHints":{"allow":["GET"]}}],"collection":[{"href":"https:\/\/wisecnclaser.com\/pl\/wp-json\/wp\/v2\/product"}],"about":[{"href":"https:\/\/wisecnclaser.com\/pl\/wp-json\/wp\/v2\/types\/product"}],"wp:featuredmedia":[{"embeddable":true,"href":"https:\/\/wisecnclaser.com\/pl\/wp-json\/wp\/v2\/media\/3467"}],"wp:attachment":[{"href":"https:\/\/wisecnclaser.com\/pl\/wp-json\/wp\/v2\/media?parent=1213"}],"wp:term":[{"taxonomy":"product_brand","embeddable":true,"href":"https:\/\/wisecnclaser.com\/pl\/wp-json\/wp\/v2\/product_brand?post=1213"},{"taxonomy":"product_cat","embeddable":true,"href":"https:\/\/wisecnclaser.com\/pl\/wp-json\/wp\/v2\/product_cat?post=1213"},{"taxonomy":"product_tag","embeddable":true,"href":"https:\/\/wisecnclaser.com\/pl\/wp-json\/wp\/v2\/product_tag?post=1213"}],"curies":[{"name":"wp","href":"https:\/\/api.w.org\/{rel}","templated":true}]}}